{"id":1733,"date":"2024-01-13T13:17:15","date_gmt":"2024-01-13T13:17:15","guid":{"rendered":"https:\/\/www.dzwchafingdish.com\/?post_type=product&#038;p=1733"},"modified":"2024-06-14T01:33:58","modified_gmt":"2024-06-14T01:33:58","slug":"small-ice-bucket-with-handle-wholesale","status":"publish","type":"product","link":"https:\/\/www.dzwchafingdish.com\/de\/product\/small-ice-bucket-with-handle-wholesale\/","title":{"rendered":"Gro\u00dfhandel Kleine Eisk\u00fcbel mit Griff 3,5"},"content":{"rendered":"<p>Der kleine Eisk\u00fcbel mit hirschkopff\u00f6rmigem Griff und einem hochglanzpolierten, modischen Aussehen aus Edelstahl. Dieser coole Eisk\u00fcbel wurde entwickelt, um Ihr Getr\u00e4nkeservice zu verbessern.<\/p>\n\n\n\n<div class=\"wp-block-columns is-layout-flex wp-container-core-columns-is-layout-28f84493 wp-block-columns-is-layout-flex\">\n<div class=\"wp-block-column is-layout-flow wp-block-column-is-layout-flow\">\n<h2 class=\"wp-block-heading\" style=\"font-size:18px\">Eisk\u00fcbel mit Henkel <strong>Dimension<\/strong><\/h2>\n\n\n\n<figure class=\"wp-block-table\"><table><tbody><tr><td>ARTIKEL NR.<\/td><td>GR\u00d6SSE<\/td><td>LENGTH<\/td><td>WIDE<\/td><td>H\u00d6HE<\/td><td>N.W \/SET<\/td><\/tr><tr><td>DZW-IB14<\/td><td>3.5L<\/td><td>23,5 cm<\/td><td>16,5 cm<\/td><td>18,5 cm<\/td><td>1680 g<\/td><\/tr><\/tbody><\/table><\/figure>\n\n\n\n<p>Wir unterst\u00fctzen OEM&amp;ODM, kundenspezifische Farben, Logos, Verpackungen usw., um Ihre unterschiedlichen Anforderungen zu erf\u00fcllen.<\/p>\n<\/div>\n\n\n\n<div class=\"wp-block-column is-layout-flow wp-block-column-is-layout-flow\">\n<figure class=\"wp-block-gallery has-nested-images columns-default is-cropped wp-block-gallery-1 is-layout-flex wp-block-gallery-is-layout-flex\">\n<figure class=\"wp-block-image size-large\"><img fetchpriority=\"high\" decoding=\"async\" width=\"800\" height=\"800\" data-id=\"1728\" src=\"https:\/\/www.dzwchafingdish.com\/wp-content\/uploads\/2024\/01\/Small-ice-bucket-with-handle-wholesale.webp\" alt=\"Kleiner Eisk\u00fcbel mit Griff Gro\u00dfhandel\" class=\"wp-image-1728\" srcset=\"https:\/\/www.dzwchafingdish.com\/wp-content\/uploads\/2024\/01\/Small-ice-bucket-with-handle-wholesale.webp 800w, https:\/\/www.dzwchafingdish.com\/wp-content\/uploads\/2024\/01\/Small-ice-bucket-with-handle-wholesale-300x300.webp 300w, https:\/\/www.dzwchafingdish.com\/wp-content\/uploads\/2024\/01\/Small-ice-bucket-with-handle-wholesale-150x150.webp 150w, https:\/\/www.dzwchafingdish.com\/wp-content\/uploads\/2024\/01\/Small-ice-bucket-with-handle-wholesale-768x768.webp 768w\" sizes=\"(max-width: 800px) 100vw, 800px\" \/><\/figure>\n\n\n\n<figure class=\"wp-block-image size-large\"><img decoding=\"async\" width=\"800\" height=\"800\" data-id=\"1725\" src=\"https:\/\/www.dzwchafingdish.com\/wp-content\/uploads\/2024\/01\/ice-bucket-with-handle-wholesale.webp\" alt=\"Eisk\u00fcbel mit Griff Gro\u00dfhandel\" class=\"wp-image-1725\" srcset=\"https:\/\/www.dzwchafingdish.com\/wp-content\/uploads\/2024\/01\/ice-bucket-with-handle-wholesale.webp 800w, https:\/\/www.dzwchafingdish.com\/wp-content\/uploads\/2024\/01\/ice-bucket-with-handle-wholesale-300x300.webp 300w, https:\/\/www.dzwchafingdish.com\/wp-content\/uploads\/2024\/01\/ice-bucket-with-handle-wholesale-150x150.webp 150w, https:\/\/www.dzwchafingdish.com\/wp-content\/uploads\/2024\/01\/ice-bucket-with-handle-wholesale-768x768.webp 768w\" sizes=\"(max-width: 800px) 100vw, 800px\" \/><\/figure>\n<\/figure>\n<\/div>\n<\/div>\n\n\n\n<div class=\"wp-block-columns is-layout-flex wp-container-core-columns-is-layout-28f84493 wp-block-columns-is-layout-flex\">\n<div class=\"wp-block-column is-layout-flow wp-block-column-is-layout-flow\">\n<figure class=\"wp-block-gallery has-nested-images columns-default is-cropped wp-block-gallery-2 is-layout-flex wp-block-gallery-is-layout-flex\">\n<figure class=\"wp-block-image size-large\"><img decoding=\"async\" width=\"743\" height=\"789\" data-id=\"1723\" src=\"https:\/\/www.dzwchafingdish.com\/wp-content\/uploads\/2024\/01\/ice-bucket-for-wine-wholesale.webp\" alt=\"Eisk\u00fcbel f\u00fcr Wein Gro\u00dfhandel\" class=\"wp-image-1723\" srcset=\"https:\/\/www.dzwchafingdish.com\/wp-content\/uploads\/2024\/01\/ice-bucket-for-wine-wholesale.webp 743w, https:\/\/www.dzwchafingdish.com\/wp-content\/uploads\/2024\/01\/ice-bucket-for-wine-wholesale-283x300.webp 283w\" sizes=\"(max-width: 743px) 100vw, 743px\" \/><\/figure>\n\n\n\n<figure class=\"wp-block-image size-large\"><img loading=\"lazy\" decoding=\"async\" width=\"751\" height=\"731\" data-id=\"1724\" src=\"https:\/\/www.dzwchafingdish.com\/wp-content\/uploads\/2024\/01\/ice-bucket-handle.webp\" alt=\"Eisk\u00fcbelgriff\" class=\"wp-image-1724\" srcset=\"https:\/\/www.dzwchafingdish.com\/wp-content\/uploads\/2024\/01\/ice-bucket-handle.webp 751w, https:\/\/www.dzwchafingdish.com\/wp-content\/uploads\/2024\/01\/ice-bucket-handle-300x292.webp 300w\" sizes=\"(max-width: 751px) 100vw, 751px\" \/><\/figure>\n<\/figure>\n<\/div>\n\n\n\n<div class=\"wp-block-column is-layout-flow wp-block-column-is-layout-flow\">\n<h2 class=\"wp-block-heading\" style=\"font-size:18px\"><strong>Premium-Eisk\u00fcbel mit Henkel Merkmale<\/strong><\/h2>\n\n\n\n<ul class=\"wp-block-list\">\n<li>Lebensmittelgeeigneter Edelstahl: Hergestellt aus hochwertigem, lebensmittelechtem Edelstahl, der Haltbarkeit und Sicherheit gew\u00e4hrleistet. <\/li>\n\n\n\n<li>Innen und au\u00dfen glatt: Die Oberfl\u00e4chen des Eisk\u00fcbels sind poliert und glatt. Das verbessert nicht nur die \u00c4sthetik, sondern macht auch die Reinigung zu einem Kinderspiel. <\/li>\n\n\n\n<li>Hirschkopf-Griff: Das Design des Hirschkopfgriffs verleiht dem Bankett Hochwertigkeit und Einzigartigkeit.<\/li>\n<\/ul>\n<\/div>\n<\/div>\n\n\n\n<div class=\"wp-block-columns is-layout-flex wp-container-core-columns-is-layout-28f84493 wp-block-columns-is-layout-flex\">\n<div class=\"wp-block-column is-vertically-aligned-center is-layout-flow wp-block-column-is-layout-flow\" style=\"flex-basis:50%\">\n<p style=\"font-size:18px\">Dieser einzigartige und wundersch\u00f6ne Eisk\u00fcbel mit Henkel kombiniert Komfort und Mode und eignet sich f\u00fcr Bars, Partys, Hotels und verschiedene Szenen. H\u00e4lt Getr\u00e4nke und Weine wie Champagner und Bier auf der richtigen, k\u00fchlen Temperatur.<\/p>\n<\/div>\n\n\n\n<div class=\"wp-block-column is-layout-flow wp-block-column-is-layout-flow\" style=\"flex-basis:50%\">\n<figure class=\"wp-block-image size-full\"><img loading=\"lazy\" decoding=\"async\" width=\"676\" height=\"574\" src=\"https:\/\/www.dzwchafingdish.com\/wp-content\/uploads\/2024\/01\/beverage-tub-wholesale.webp\" alt=\"Getr\u00e4nkewanne Gro\u00dfhandel\" class=\"wp-image-1715\" srcset=\"https:\/\/www.dzwchafingdish.com\/wp-content\/uploads\/2024\/01\/beverage-tub-wholesale.webp 676w, https:\/\/www.dzwchafingdish.com\/wp-content\/uploads\/2024\/01\/beverage-tub-wholesale-300x255.webp 300w\" sizes=\"(max-width: 676px) 100vw, 676px\" \/><\/figure>\n<\/div>\n<\/div>","protected":false},"excerpt":{"rendered":"<p>Der kleine Eisk\u00fcbel mit hirschkopff\u00f6rmigem Griff und einem hochglanzpolierten, modischen Aussehen aus Edelstahl. Dieser coole Eisk\u00fcbel wurde entwickelt, um Ihr Getr\u00e4nkeservice zu verbessern. Eisk\u00fcbel mit Henkel Dimension ITEM NO. GR\u00d6SSE L\u00c4NGE BREITE H\u00d6HE N.W \/SET DZW-IB14 3.5L 23.5 cm 16.5 cm 18.5 cm 1680 g Wir unterst\u00fctzen OEM&amp;ODM, kundenspezifische Farben, [...]<\/p>","protected":false},"author":1,"featured_media":1728,"parent":0,"menu_order":0,"template":"","format":"standard","meta":{"_acf_changed":false,"site-sidebar-layout":"default","site-content-layout":"","ast-site-content-layout":"default","site-content-style":"default","site-sidebar-style":"default","ast-global-header-display":"","ast-banner-title-visibility":"","ast-main-header-display":"","ast-hfb-above-header-display":"","ast-hfb-below-header-display":"","ast-hfb-mobile-header-display":"","site-post-title":"","ast-breadcrumbs-content":"","ast-featured-img":"","footer-sml-layout":"","theme-transparent-header-meta":"","adv-header-id-meta":"","stick-header-meta":"","header-above-stick-meta":"","header-main-stick-meta":"","header-below-stick-meta":"","astra-migrate-meta-layouts":"default","ast-page-background-enabled":"default","ast-page-background-meta":{"desktop":{"background-color":"var(--ast-global-color-4)","background-image":"","background-repeat":"repeat","background-position":"center center","background-size":"auto","background-attachment":"scroll","background-type":"","background-media":"","overlay-type":"","overlay-color":"","overlay-opacity":"","overlay-gradient":""},"tablet":{"background-color":"","background-image":"","background-repeat":"repeat","background-position":"center center","background-size":"auto","background-attachment":"scroll","background-type":"","background-media":"","overlay-type":"","overlay-color":"","overlay-opacity":"","overlay-gradient":""},"mobile":{"background-color":"","background-image":"","background-repeat":"repeat","background-position":"center center","background-size":"auto","background-attachment":"scroll","background-type":"","background-media":"","overlay-type":"","overlay-color":"","overlay-opacity":"","overlay-gradient":""}},"ast-content-background-meta":{"desktop":{"background-color":"var(--ast-global-color-5)","background-image":"","background-repeat":"repeat","background-position":"center center","background-size":"auto","background-attachment":"scroll","background-type":"","background-media":"","overlay-type":"","overlay-color":"","overlay-opacity":"","overlay-gradient":""},"tablet":{"background-color":"var(--ast-global-color-5)","background-image":"","background-repeat":"repeat","background-position":"center center","background-size":"auto","background-attachment":"scroll","background-type":"","background-media":"","overlay-type":"","overlay-color":"","overlay-opacity":"","overlay-gradient":""},"mobile":{"background-color":"var(--ast-global-color-5)","background-image":"","background-repeat":"repeat","background-position":"center center","background-size":"auto","background-attachment":"scroll","background-type":"","background-media":"","overlay-type":"","overlay-color":"","overlay-opacity":"","overlay-gradient":""}},"footnotes":""},"product-categories":[66],"product-tag":[],"class_list":["post-1733","product","type-product","status-publish","format-standard","has-post-thumbnail","hentry","product-categories-ice-buckets"],"acf":{"title":"Gro\u00dfhandel Kleine Eisk\u00fcbel mit Griff 3.5L","title_source":{"label":"Title","type":"text","formatted_value":"Wholesale Small Ice Bucket with Handle 3.5L"},"short_description":"Small ice bucket with deer handle, made of food-grade stainless steel. Ice buckets for champagne, wine, large quantities in stock available for wholesale and customization.","short_description_source":{"label":"Short description","type":"textarea","formatted_value":"Small ice bucket with deer handle, made of food-grade stainless steel. Ice buckets for champagne, wine, large quantities in stock available for wholesale and customization."},"parameters":"<table width=\"424\">\r\n<tbody>\r\n<tr>\r\n<td width=\"167\">Manufacturer<\/td>\r\n<td width=\"257\">DONGZHAOWEI<\/td>\r\n<\/tr>\r\n<tr>\r\n<td>Material<\/td>\r\n<td>Stainless Steel 304<\/td>\r\n<\/tr>\r\n<tr>\r\n<td>Capacity<\/td>\r\n<td>8L;16L;24L<\/td>\r\n<\/tr>\r\n<tr>\r\n<td>Color<\/td>\r\n<td>Golden \/ Silver<\/td>\r\n<\/tr>\r\n<tr>\r\n<td>Design<\/td>\r\n<td>With deer handle and smooth surface<\/td>\r\n<\/tr>\r\n<tr>\r\n<td>Shape<\/td>\r\n<td>Bowl<\/td>\r\n<\/tr>\r\n<tr>\r\n<td>custom<\/td>\r\n<td>color\/logo\/package<\/td>\r\n<\/tr>\r\n<tr>\r\n<td>MOQ<\/td>\r\n<td>20 sets<\/td>\r\n<\/tr>\r\n<\/tbody>\r\n<\/table>","parameters_source":{"label":"Parameters","type":"wysiwyg","formatted_value":"<table width=\"424\">\n<tbody>\n<tr>\n<td width=\"167\">Manufacturer<\/td>\n<td width=\"257\">DONGZHAOWEI<\/td>\n<\/tr>\n<tr>\n<td>Material<\/td>\n<td>Stainless Steel 304<\/td>\n<\/tr>\n<tr>\n<td>Capacity<\/td>\n<td>8L;16L;24L<\/td>\n<\/tr>\n<tr>\n<td>Color<\/td>\n<td>Golden \/ Silver<\/td>\n<\/tr>\n<tr>\n<td>Design<\/td>\n<td>With deer handle and smooth surface<\/td>\n<\/tr>\n<tr>\n<td>Shape<\/td>\n<td>Bowl<\/td>\n<\/tr>\n<tr>\n<td>custom<\/td>\n<td>color\/logo\/package<\/td>\n<\/tr>\n<tr>\n<td>MOQ<\/td>\n<td>20 sets<\/td>\n<\/tr>\n<\/tbody>\n<\/table>\n"},"photo_gallery":{"product_gallery":[[{"id":1728,"title":"Small ice bucket with handle wholesale","caption":"","full_image_url":"https:\/\/www.dzwchafingdish.com\/wp-content\/uploads\/2024\/01\/Small-ice-bucket-with-handle-wholesale.webp","thumbnail_image_url":"https:\/\/www.dzwchafingdish.com\/wp-content\/uploads\/2024\/01\/Small-ice-bucket-with-handle-wholesale-150x150.webp","large_srcset":"https:\/\/www.dzwchafingdish.com\/wp-content\/uploads\/2024\/01\/Small-ice-bucket-with-handle-wholesale.webp 800w, https:\/\/www.dzwchafingdish.com\/wp-content\/uploads\/2024\/01\/Small-ice-bucket-with-handle-wholesale-300x300.webp 300w, https:\/\/www.dzwchafingdish.com\/wp-content\/uploads\/2024\/01\/Small-ice-bucket-with-handle-wholesale-150x150.webp 150w, https:\/\/www.dzwchafingdish.com\/wp-content\/uploads\/2024\/01\/Small-ice-bucket-with-handle-wholesale-768x768.webp 768w","medium_srcset":"https:\/\/www.dzwchafingdish.com\/wp-content\/uploads\/2024\/01\/Small-ice-bucket-with-handle-wholesale-300x300.webp 300w, https:\/\/www.dzwchafingdish.com\/wp-content\/uploads\/2024\/01\/Small-ice-bucket-with-handle-wholesale-150x150.webp 150w, https:\/\/www.dzwchafingdish.com\/wp-content\/uploads\/2024\/01\/Small-ice-bucket-with-handle-wholesale-768x768.webp 768w, https:\/\/www.dzwchafingdish.com\/wp-content\/uploads\/2024\/01\/Small-ice-bucket-with-handle-wholesale.webp 800w","media_details":{"width":800,"height":800,"sizes":{"medium":{"file":"Small-ice-bucket-with-handle-wholesale-300x300.webp","width":300,"height":300,"mime-type":"image\/webp","filesize":10174,"source_url":"https:\/\/www.dzwchafingdish.com\/wp-content\/uploads\/2024\/01\/Small-ice-bucket-with-handle-wholesale-300x300.webp"},"thumbnail":{"file":"Small-ice-bucket-with-handle-wholesale-150x150.webp","width":150,"height":150,"mime-type":"image\/webp","filesize":3738,"source_url":"https:\/\/www.dzwchafingdish.com\/wp-content\/uploads\/2024\/01\/Small-ice-bucket-with-handle-wholesale-150x150.webp"},"medium_large":{"file":"Small-ice-bucket-with-handle-wholesale-768x768.webp","width":768,"height":768,"mime-type":"image\/webp","filesize":37378,"source_url":"https:\/\/www.dzwchafingdish.com\/wp-content\/uploads\/2024\/01\/Small-ice-bucket-with-handle-wholesale-768x768.webp"}}},"alt_text":"Small ice bucket with handle wholesale","url":"","target":""},{"id":1722,"title":"golde champagne bow wholesale","caption":"","full_image_url":"https:\/\/www.dzwchafingdish.com\/wp-content\/uploads\/2024\/01\/golde-champagne-bow-wholesale.webp","thumbnail_image_url":"https:\/\/www.dzwchafingdish.com\/wp-content\/uploads\/2024\/01\/golde-champagne-bow-wholesale-150x150.webp","large_srcset":"https:\/\/www.dzwchafingdish.com\/wp-content\/uploads\/2024\/01\/golde-champagne-bow-wholesale.webp 800w, https:\/\/www.dzwchafingdish.com\/wp-content\/uploads\/2024\/01\/golde-champagne-bow-wholesale-300x300.webp 300w, https:\/\/www.dzwchafingdish.com\/wp-content\/uploads\/2024\/01\/golde-champagne-bow-wholesale-150x150.webp 150w, https:\/\/www.dzwchafingdish.com\/wp-content\/uploads\/2024\/01\/golde-champagne-bow-wholesale-768x768.webp 768w","medium_srcset":"https:\/\/www.dzwchafingdish.com\/wp-content\/uploads\/2024\/01\/golde-champagne-bow-wholesale-300x300.webp 300w, https:\/\/www.dzwchafingdish.com\/wp-content\/uploads\/2024\/01\/golde-champagne-bow-wholesale-150x150.webp 150w, https:\/\/www.dzwchafingdish.com\/wp-content\/uploads\/2024\/01\/golde-champagne-bow-wholesale-768x768.webp 768w, https:\/\/www.dzwchafingdish.com\/wp-content\/uploads\/2024\/01\/golde-champagne-bow-wholesale.webp 800w","media_details":{"width":800,"height":800,"sizes":{"medium":{"file":"golde-champagne-bow-wholesale-300x300.webp","width":300,"height":300,"mime-type":"image\/webp","filesize":9170,"source_url":"https:\/\/www.dzwchafingdish.com\/wp-content\/uploads\/2024\/01\/golde-champagne-bow-wholesale-300x300.webp"},"thumbnail":{"file":"golde-champagne-bow-wholesale-150x150.webp","width":150,"height":150,"mime-type":"image\/webp","filesize":3392,"source_url":"https:\/\/www.dzwchafingdish.com\/wp-content\/uploads\/2024\/01\/golde-champagne-bow-wholesale-150x150.webp"},"medium_large":{"file":"golde-champagne-bow-wholesale-768x768.webp","width":768,"height":768,"mime-type":"image\/webp","filesize":35212,"source_url":"https:\/\/www.dzwchafingdish.com\/wp-content\/uploads\/2024\/01\/golde-champagne-bow-wholesale-768x768.webp"}}},"alt_text":"golde champagne bow wholesale","url":"","target":""},{"id":1725,"title":"ice bucket with handle wholesale","caption":"","full_image_url":"https:\/\/www.dzwchafingdish.com\/wp-content\/uploads\/2024\/01\/ice-bucket-with-handle-wholesale.webp","thumbnail_image_url":"https:\/\/www.dzwchafingdish.com\/wp-content\/uploads\/2024\/01\/ice-bucket-with-handle-wholesale-150x150.webp","large_srcset":"https:\/\/www.dzwchafingdish.com\/wp-content\/uploads\/2024\/01\/ice-bucket-with-handle-wholesale.webp 800w, https:\/\/www.dzwchafingdish.com\/wp-content\/uploads\/2024\/01\/ice-bucket-with-handle-wholesale-300x300.webp 300w, https:\/\/www.dzwchafingdish.com\/wp-content\/uploads\/2024\/01\/ice-bucket-with-handle-wholesale-150x150.webp 150w, https:\/\/www.dzwchafingdish.com\/wp-content\/uploads\/2024\/01\/ice-bucket-with-handle-wholesale-768x768.webp 768w","medium_srcset":"https:\/\/www.dzwchafingdish.com\/wp-content\/uploads\/2024\/01\/ice-bucket-with-handle-wholesale-300x300.webp 300w, https:\/\/www.dzwchafingdish.com\/wp-content\/uploads\/2024\/01\/ice-bucket-with-handle-wholesale-150x150.webp 150w, https:\/\/www.dzwchafingdish.com\/wp-content\/uploads\/2024\/01\/ice-bucket-with-handle-wholesale-768x768.webp 768w, https:\/\/www.dzwchafingdish.com\/wp-content\/uploads\/2024\/01\/ice-bucket-with-handle-wholesale.webp 800w","media_details":{"width":800,"height":800,"sizes":{"medium":{"file":"ice-bucket-with-handle-wholesale-300x300.webp","width":300,"height":300,"mime-type":"image\/webp","filesize":8528,"source_url":"https:\/\/www.dzwchafingdish.com\/wp-content\/uploads\/2024\/01\/ice-bucket-with-handle-wholesale-300x300.webp"},"thumbnail":{"file":"ice-bucket-with-handle-wholesale-150x150.webp","width":150,"height":150,"mime-type":"image\/webp","filesize":3072,"source_url":"https:\/\/www.dzwchafingdish.com\/wp-content\/uploads\/2024\/01\/ice-bucket-with-handle-wholesale-150x150.webp"},"medium_large":{"file":"ice-bucket-with-handle-wholesale-768x768.webp","width":768,"height":768,"mime-type":"image\/webp","filesize":33006,"source_url":"https:\/\/www.dzwchafingdish.com\/wp-content\/uploads\/2024\/01\/ice-bucket-with-handle-wholesale-768x768.webp"}}},"alt_text":"ice bucket with handle wholesale","url":"","target":""},{"id":1726,"title":"sliver champagne bowl wholesale","caption":"","full_image_url":"https:\/\/www.dzwchafingdish.com\/wp-content\/uploads\/2024\/01\/sliver-champagne-bowl-wholesale.webp","thumbnail_image_url":"https:\/\/www.dzwchafingdish.com\/wp-content\/uploads\/2024\/01\/sliver-champagne-bowl-wholesale-150x150.webp","large_srcset":"https:\/\/www.dzwchafingdish.com\/wp-content\/uploads\/2024\/01\/sliver-champagne-bowl-wholesale.webp 800w, https:\/\/www.dzwchafingdish.com\/wp-content\/uploads\/2024\/01\/sliver-champagne-bowl-wholesale-300x300.webp 300w, https:\/\/www.dzwchafingdish.com\/wp-content\/uploads\/2024\/01\/sliver-champagne-bowl-wholesale-150x150.webp 150w, https:\/\/www.dzwchafingdish.com\/wp-content\/uploads\/2024\/01\/sliver-champagne-bowl-wholesale-768x768.webp 768w","medium_srcset":"https:\/\/www.dzwchafingdish.com\/wp-content\/uploads\/2024\/01\/sliver-champagne-bowl-wholesale-300x300.webp 300w, https:\/\/www.dzwchafingdish.com\/wp-content\/uploads\/2024\/01\/sliver-champagne-bowl-wholesale-150x150.webp 150w, https:\/\/www.dzwchafingdish.com\/wp-content\/uploads\/2024\/01\/sliver-champagne-bowl-wholesale-768x768.webp 768w, https:\/\/www.dzwchafingdish.com\/wp-content\/uploads\/2024\/01\/sliver-champagne-bowl-wholesale.webp 800w","media_details":{"width":800,"height":800,"sizes":{"medium":{"file":"sliver-champagne-bowl-wholesale-300x300.webp","width":300,"height":300,"mime-type":"image\/webp","filesize":7202,"source_url":"https:\/\/www.dzwchafingdish.com\/wp-content\/uploads\/2024\/01\/sliver-champagne-bowl-wholesale-300x300.webp"},"thumbnail":{"file":"sliver-champagne-bowl-wholesale-150x150.webp","width":150,"height":150,"mime-type":"image\/webp","filesize":2542,"source_url":"https:\/\/www.dzwchafingdish.com\/wp-content\/uploads\/2024\/01\/sliver-champagne-bowl-wholesale-150x150.webp"},"medium_large":{"file":"sliver-champagne-bowl-wholesale-768x768.webp","width":768,"height":768,"mime-type":"image\/webp","filesize":27882,"source_url":"https:\/\/www.dzwchafingdish.com\/wp-content\/uploads\/2024\/01\/sliver-champagne-bowl-wholesale-768x768.webp"}}},"alt_text":"sliver champagne bowl wholesale","url":"","target":""},{"id":1723,"title":"ice bucket for wine wholesale","caption":"","full_image_url":"https:\/\/www.dzwchafingdish.com\/wp-content\/uploads\/2024\/01\/ice-bucket-for-wine-wholesale.webp","thumbnail_image_url":"https:\/\/www.dzwchafingdish.com\/wp-content\/uploads\/2024\/01\/ice-bucket-for-wine-wholesale-150x150.webp","large_srcset":"https:\/\/www.dzwchafingdish.com\/wp-content\/uploads\/2024\/01\/ice-bucket-for-wine-wholesale.webp 743w, https:\/\/www.dzwchafingdish.com\/wp-content\/uploads\/2024\/01\/ice-bucket-for-wine-wholesale-283x300.webp 283w","medium_srcset":"https:\/\/www.dzwchafingdish.com\/wp-content\/uploads\/2024\/01\/ice-bucket-for-wine-wholesale-283x300.webp 283w, https:\/\/www.dzwchafingdish.com\/wp-content\/uploads\/2024\/01\/ice-bucket-for-wine-wholesale.webp 743w","media_details":{"width":743,"height":789,"sizes":{"medium":{"file":"ice-bucket-for-wine-wholesale-283x300.webp","width":283,"height":300,"mime-type":"image\/webp","filesize":18540,"source_url":"https:\/\/www.dzwchafingdish.com\/wp-content\/uploads\/2024\/01\/ice-bucket-for-wine-wholesale-283x300.webp"},"thumbnail":{"file":"ice-bucket-for-wine-wholesale-150x150.webp","width":150,"height":150,"mime-type":"image\/webp","filesize":6814,"source_url":"https:\/\/www.dzwchafingdish.com\/wp-content\/uploads\/2024\/01\/ice-bucket-for-wine-wholesale-150x150.webp"}}},"alt_text":"ice bucket for wine wholesale","url":"","target":""},{"id":1715,"title":"beverage tub wholesale","caption":"","full_image_url":"https:\/\/www.dzwchafingdish.com\/wp-content\/uploads\/2024\/01\/beverage-tub-wholesale.webp","thumbnail_image_url":"https:\/\/www.dzwchafingdish.com\/wp-content\/uploads\/2024\/01\/beverage-tub-wholesale-150x150.webp","large_srcset":"https:\/\/www.dzwchafingdish.com\/wp-content\/uploads\/2024\/01\/beverage-tub-wholesale.webp 676w, https:\/\/www.dzwchafingdish.com\/wp-content\/uploads\/2024\/01\/beverage-tub-wholesale-300x255.webp 300w","medium_srcset":"https:\/\/www.dzwchafingdish.com\/wp-content\/uploads\/2024\/01\/beverage-tub-wholesale-300x255.webp 300w, https:\/\/www.dzwchafingdish.com\/wp-content\/uploads\/2024\/01\/beverage-tub-wholesale.webp 676w","media_details":{"width":676,"height":574,"sizes":{"medium":{"file":"beverage-tub-wholesale-300x255.webp","width":300,"height":255,"mime-type":"image\/webp","filesize":19114,"source_url":"https:\/\/www.dzwchafingdish.com\/wp-content\/uploads\/2024\/01\/beverage-tub-wholesale-300x255.webp"},"thumbnail":{"file":"beverage-tub-wholesale-150x150.webp","width":150,"height":150,"mime-type":"image\/webp","filesize":7634,"source_url":"https:\/\/www.dzwchafingdish.com\/wp-content\/uploads\/2024\/01\/beverage-tub-wholesale-150x150.webp"}}},"alt_text":"beverage tub wholesale","url":"","target":""}]]}},"_links":{"self":[{"href":"https:\/\/www.dzwchafingdish.com\/de\/wp-json\/wp\/v2\/product\/1733","targetHints":{"allow":["GET"]}}],"collection":[{"href":"https:\/\/www.dzwchafingdish.com\/de\/wp-json\/wp\/v2\/product"}],"about":[{"href":"https:\/\/www.dzwchafingdish.com\/de\/wp-json\/wp\/v2\/types\/product"}],"author":[{"embeddable":true,"href":"https:\/\/www.dzwchafingdish.com\/de\/wp-json\/wp\/v2\/users\/1"}],"version-history":[{"count":0,"href":"https:\/\/www.dzwchafingdish.com\/de\/wp-json\/wp\/v2\/product\/1733\/revisions"}],"wp:featuredmedia":[{"embeddable":true,"href":"https:\/\/www.dzwchafingdish.com\/de\/wp-json\/wp\/v2\/media\/1728"}],"wp:attachment":[{"href":"https:\/\/www.dzwchafingdish.com\/de\/wp-json\/wp\/v2\/media?parent=1733"}],"wp:term":[{"taxonomy":"product-categories","embeddable":true,"href":"https:\/\/www.dzwchafingdish.com\/de\/wp-json\/wp\/v2\/product-categories?post=1733"},{"taxonomy":"product-tag","embeddable":true,"href":"https:\/\/www.dzwchafingdish.com\/de\/wp-json\/wp\/v2\/product-tag?post=1733"}],"curies":[{"name":"wp","href":"https:\/\/api.w.org\/{rel}","templated":true}]}}