{"id":2102,"date":"2024-01-20T07:49:42","date_gmt":"2024-01-20T07:49:42","guid":{"rendered":"https:\/\/www.dzwchafingdish.com\/?post_type=product&#038;p=2102"},"modified":"2024-06-15T05:14:13","modified_gmt":"2024-06-15T05:14:13","slug":"round-chafing-dish-with-glass-lid","status":"publish","type":"product","link":"https:\/\/www.dzwchafingdish.com\/de\/product\/round-chafing-dish-with-glass-lid\/","title":{"rendered":"Bulk Runde Chafing Dish mit Glasdeckel 1-8L"},"content":{"rendered":"<p style=\"font-size:18px\">Die runde Chafing Dish mit Glasdeckel ist aus rostfreiem Stahl gefertigt, leicht und langlebig. Das runde polierte Design macht es einfach, jede Ecke zu reinigen und r\u00fchren Lebensmittel f\u00fcr den Einsatz. Sch\u00f6ne und praktische Wahl f\u00fcr jedes Bankett, Restaurant, Hotel und zu Hause verwenden.<\/p>\n\n\n\n<div class=\"wp-block-columns is-layout-flex wp-container-core-columns-is-layout-28f84493 wp-block-columns-is-layout-flex\">\n<div class=\"wp-block-column is-layout-flow wp-block-column-is-layout-flow\">\n<h2 class=\"wp-block-heading\" style=\"font-size:18px\"><strong>Chafing Dish mit Glasdeckel Dimension<\/strong><\/h2>\n\n\n\n<figure class=\"wp-block-table\"><table><tbody><tr><td>ARTIKEL NR.<\/td><td>LENGTH<\/td><td>WIDE<\/td><td>H\u00d6HE<\/td><\/tr><tr><td>&nbsp;DZW-A1010&nbsp;&nbsp;<\/td><td>28 cm<\/td><td>22 cm<\/td><td>24 cm<\/td><\/tr><tr><td>&nbsp;DZW-A1025<\/td><td>32,5 cm<\/td><td>26 cm<\/td><td>26 cm<\/td><\/tr><tr><td>&nbsp;DZW-A1035<\/td><td>35 cm<\/td><td>28 cm<\/td><td>28 cm<\/td><\/tr><tr><td>&nbsp;DZW-A1040<\/td><td>38 cm<\/td><td>30 cm<\/td><td>28 cm<\/td><\/tr><tr><td>&nbsp;DZW-A1045<\/td><td>39 cm<\/td><td>32 cm<\/td><td>29 cm<\/td><\/tr><tr><td>&nbsp;DZW-A1050<\/td><td>42 cm<\/td><td>34 cm<\/td><td>30 cm<\/td><\/tr><tr><td>&nbsp;DZW-A1060<\/td><td>44 cm<\/td><td>36 cm<\/td><td>31 cm<\/td><\/tr><tr><td>&nbsp;DZW-A1080<\/td><td>46 cm<\/td><td>38 cm<\/td><td>32 cm<\/td><\/tr><\/tbody><\/table><\/figure>\n<\/div>\n\n\n\n<div class=\"wp-block-column is-layout-flow wp-block-column-is-layout-flow\">\n<figure class=\"wp-block-image aligncenter size-full is-resized\"><img fetchpriority=\"high\" decoding=\"async\" width=\"684\" height=\"684\" src=\"https:\/\/www.dzwchafingdish.com\/wp-content\/uploads\/2024\/01\/Round-chafing-dish-size-edited.webp\" alt=\"Gr\u00f6\u00dfe des runden Chafing Dishes\" class=\"wp-image-2131\" style=\"width:424px;height:auto\" srcset=\"https:\/\/www.dzwchafingdish.com\/wp-content\/uploads\/2024\/01\/Round-chafing-dish-size-edited.webp 684w, https:\/\/www.dzwchafingdish.com\/wp-content\/uploads\/2024\/01\/Round-chafing-dish-size-edited-300x300.webp 300w, https:\/\/www.dzwchafingdish.com\/wp-content\/uploads\/2024\/01\/Round-chafing-dish-size-edited-150x150.webp 150w\" sizes=\"(max-width: 684px) 100vw, 684px\" \/><\/figure>\n<\/div>\n<\/div>\n\n\n\n<div class=\"wp-block-columns is-layout-flex wp-container-core-columns-is-layout-28f84493 wp-block-columns-is-layout-flex\">\n<div class=\"wp-block-column is-layout-flow wp-block-column-is-layout-flow\">\n<figure class=\"wp-block-image size-full\"><img decoding=\"async\" width=\"3376\" height=\"3376\" src=\"https:\/\/www.dzwchafingdish.com\/wp-content\/uploads\/2024\/01\/Round-chafing-dish-supplier-edited.webp\" alt=\"Lieferant f\u00fcr runde Chafing Dishes\" class=\"wp-image-2132\" srcset=\"https:\/\/www.dzwchafingdish.com\/wp-content\/uploads\/2024\/01\/Round-chafing-dish-supplier-edited.webp 3376w, https:\/\/www.dzwchafingdish.com\/wp-content\/uploads\/2024\/01\/Round-chafing-dish-supplier-edited-300x300.webp 300w, https:\/\/www.dzwchafingdish.com\/wp-content\/uploads\/2024\/01\/Round-chafing-dish-supplier-edited-150x150.webp 150w, https:\/\/www.dzwchafingdish.com\/wp-content\/uploads\/2024\/01\/Round-chafing-dish-supplier-edited-768x768.webp 768w\" sizes=\"(max-width: 3376px) 100vw, 3376px\" \/><\/figure>\n<\/div>\n\n\n\n<div class=\"wp-block-column is-layout-flow wp-block-column-is-layout-flow\">\n<h2 class=\"wp-block-heading\" style=\"font-size:18px\"><strong>Eigenschaften<\/strong> von <strong>Chafing Dish mit Glasdeckel<\/strong><\/h2>\n\n\n\n<p style=\"font-size:18px\">Schlanke Eleganz aus Edelstahl:<br>Unsere runde Chafing Dish ist aus rostfreiem Stahl gefertigt, der nicht nur eine lange Lebensdauer garantiert, sondern auch leicht und praktisch ist.<\/p>\n\n\n\n<p style=\"font-size:18px\">Abnehmbarer Klarglasdeckel:<br>Lassen Sie Ihre G\u00e4ste ihre Mahlzeiten unter einer klaren Glasabdeckung genie\u00dfen.<\/p>\n\n\n\n<p style=\"font-size:18px\">Stabiler St\u00e4nder<br>Das Gestell kann den Abstand zwischen dem Brennstoff und dem Tisch vergr\u00f6\u00dfern, so dass der Topf gleichm\u00e4\u00dfig erhitzt wird.<\/p>\n\n\n\n<p style=\"font-size:18px\">Ma\u00dfgeschneiderte L\u00f6sungen f\u00fcr Chafing Dishes f\u00fcr Gro\u00dfhandelsbestellungen:<br>Mit unserem Gro\u00dfhandelssortiment ist die Bewirtung von Gro\u00dfveranstaltungen ein Kinderspiel. Unter der Pr\u00e4misse einer strengen Qualit\u00e4tskontrolle k\u00f6nnen wir Chafing Dishes individuell gestalten und kosteng\u00fcnstige L\u00f6sungen anbieten. Unser runder Chafing Dish ist speziell auf die Bed\u00fcrfnisse der Catering-Branche zugeschnitten.<\/p>\n<\/div>\n<\/div>","protected":false},"excerpt":{"rendered":"<p>Round chafing dish with glass lid is made of stainless steel, lightweight and durable. The circular polished design makes it easy to clean every corner and stir food for use. Beautiful and practical choice for every banquet, restaurant, hotel and home use. Chafing Dish with Glass Lid Dimension ITEM NO. LENGTH WIDE HIGHT &nbsp;DZW-A1010&nbsp;&nbsp; 28 [&hellip;]<\/p>","protected":false},"author":1,"featured_media":2127,"parent":0,"menu_order":0,"template":"","format":"standard","meta":{"_acf_changed":false,"site-sidebar-layout":"default","site-content-layout":"","ast-site-content-layout":"default","site-content-style":"default","site-sidebar-style":"default","ast-global-header-display":"","ast-banner-title-visibility":"","ast-main-header-display":"","ast-hfb-above-header-display":"","ast-hfb-below-header-display":"","ast-hfb-mobile-header-display":"","site-post-title":"","ast-breadcrumbs-content":"","ast-featured-img":"","footer-sml-layout":"","theme-transparent-header-meta":"","adv-header-id-meta":"","stick-header-meta":"","header-above-stick-meta":"","header-main-stick-meta":"","header-below-stick-meta":"","astra-migrate-meta-layouts":"default","ast-page-background-enabled":"default","ast-page-background-meta":{"desktop":{"background-color":"var(--ast-global-color-4)","background-image":"","background-repeat":"repeat","background-position":"center center","background-size":"auto","background-attachment":"scroll","background-type":"","background-media":"","overlay-type":"","overlay-color":"","overlay-opacity":"","overlay-gradient":""},"tablet":{"background-color":"","background-image":"","background-repeat":"repeat","background-position":"center center","background-size":"auto","background-attachment":"scroll","background-type":"","background-media":"","overlay-type":"","overlay-color":"","overlay-opacity":"","overlay-gradient":""},"mobile":{"background-color":"","background-image":"","background-repeat":"repeat","background-position":"center center","background-size":"auto","background-attachment":"scroll","background-type":"","background-media":"","overlay-type":"","overlay-color":"","overlay-opacity":"","overlay-gradient":""}},"ast-content-background-meta":{"desktop":{"background-color":"var(--ast-global-color-5)","background-image":"","background-repeat":"repeat","background-position":"center center","background-size":"auto","background-attachment":"scroll","background-type":"","background-media":"","overlay-type":"","overlay-color":"","overlay-opacity":"","overlay-gradient":""},"tablet":{"background-color":"var(--ast-global-color-5)","background-image":"","background-repeat":"repeat","background-position":"center center","background-size":"auto","background-attachment":"scroll","background-type":"","background-media":"","overlay-type":"","overlay-color":"","overlay-opacity":"","overlay-gradient":""},"mobile":{"background-color":"var(--ast-global-color-5)","background-image":"","background-repeat":"repeat","background-position":"center center","background-size":"auto","background-attachment":"scroll","background-type":"","background-media":"","overlay-type":"","overlay-color":"","overlay-opacity":"","overlay-gradient":""}},"footnotes":""},"product-categories":[63],"product-tag":[95,90,91],"class_list":["post-2102","product","type-product","status-publish","format-standard","has-post-thumbnail","hentry","product-categories-chafing-dish","product-tag-chafing-dish-with-glass-lid","product-tag-fuel-chafing-dish","product-tag-round-chafing-dish"],"acf":{"title":"Runder Chafing Dish mit Glasdeckel 1-8L","title_source":{"label":"Title","type":"text","formatted_value":"Round Chafing Dish with Glass Lid 1-8L"},"short_description":"Our round chafing dish  with glass lid is beautiful and simple to use, keeping food at the perfect serving temperature. Perfect for catering, parties, holidays or special occasions! Order high quality chafing dish in bulk now and enjoy factory prices.","short_description_source":{"label":"Short description","type":"textarea","formatted_value":"Our round chafing dish  with glass lid is beautiful and simple to use, keeping food at the perfect serving temperature. Perfect for catering, parties, holidays or special occasions! Order high quality chafing dish in bulk now and enjoy factory prices."},"parameters":"<table border=\"0\" width=\"423\" cellspacing=\"0\" cellpadding=\"0\">\r\n<tbody>\r\n<tr>\r\n<td width=\"166\" height=\"23\">Manufacturer<\/td>\r\n<td width=\"257\">DONGZHAOWEI<\/td>\r\n<\/tr>\r\n<tr>\r\n<td height=\"23\">Material<\/td>\r\n<td>Stainless Steel 201 and Glass<\/td>\r\n<\/tr>\r\n<tr>\r\n<td height=\"23\">Capacity<\/td>\r\n<td>1-8.0 L<\/td>\r\n<\/tr>\r\n<tr>\r\n<td height=\"24\">Color<\/td>\r\n<td>Golden \/ Silver<\/td>\r\n<\/tr>\r\n<tr>\r\n<td height=\"24\">Design<\/td>\r\n<td>Round Shape<\/td>\r\n<\/tr>\r\n<tr>\r\n<td height=\"24\">Lid Type<\/td>\r\n<td>Glass Lid<\/td>\r\n<\/tr>\r\n<tr>\r\n<td height=\"24\">Heat<\/td>\r\n<td>Fuel<\/td>\r\n<\/tr>\r\n<tr>\r\n<td height=\"24\">Custom<\/td>\r\n<td>Color\/Logo\/Package<\/td>\r\n<\/tr>\r\n<tr>\r\n<td height=\"23\">MOQ<\/td>\r\n<td>200 sets<\/td>\r\n<\/tr>\r\n<\/tbody>\r\n<\/table>","parameters_source":{"label":"Parameters","type":"wysiwyg","formatted_value":"<table border=\"0\" width=\"423\" cellspacing=\"0\" cellpadding=\"0\">\n<tbody>\n<tr>\n<td width=\"166\" height=\"23\">Manufacturer<\/td>\n<td width=\"257\">DONGZHAOWEI<\/td>\n<\/tr>\n<tr>\n<td height=\"23\">Material<\/td>\n<td>Stainless Steel 201 and Glass<\/td>\n<\/tr>\n<tr>\n<td height=\"23\">Capacity<\/td>\n<td>1-8.0 L<\/td>\n<\/tr>\n<tr>\n<td height=\"24\">Color<\/td>\n<td>Golden \/ Silver<\/td>\n<\/tr>\n<tr>\n<td height=\"24\">Design<\/td>\n<td>Round Shape<\/td>\n<\/tr>\n<tr>\n<td height=\"24\">Lid Type<\/td>\n<td>Glass Lid<\/td>\n<\/tr>\n<tr>\n<td height=\"24\">Heat<\/td>\n<td>Fuel<\/td>\n<\/tr>\n<tr>\n<td height=\"24\">Custom<\/td>\n<td>Color\/Logo\/Package<\/td>\n<\/tr>\n<tr>\n<td height=\"23\">MOQ<\/td>\n<td>200 sets<\/td>\n<\/tr>\n<\/tbody>\n<\/table>\n"},"photo_gallery":{"product_gallery":[[{"id":2127,"title":"round chafing dish wholesale","caption":"round chafing dish wholesale","full_image_url":"https:\/\/www.dzwchafingdish.com\/wp-content\/uploads\/2024\/01\/round-chafing-dish-wholesalse.webp","thumbnail_image_url":"https:\/\/www.dzwchafingdish.com\/wp-content\/uploads\/2024\/01\/round-chafing-dish-wholesalse-150x150.webp","large_srcset":"https:\/\/www.dzwchafingdish.com\/wp-content\/uploads\/2024\/01\/round-chafing-dish-wholesalse.webp 800w, https:\/\/www.dzwchafingdish.com\/wp-content\/uploads\/2024\/01\/round-chafing-dish-wholesalse-300x300.webp 300w, https:\/\/www.dzwchafingdish.com\/wp-content\/uploads\/2024\/01\/round-chafing-dish-wholesalse-150x150.webp 150w, https:\/\/www.dzwchafingdish.com\/wp-content\/uploads\/2024\/01\/round-chafing-dish-wholesalse-768x768.webp 768w","medium_srcset":"https:\/\/www.dzwchafingdish.com\/wp-content\/uploads\/2024\/01\/round-chafing-dish-wholesalse-300x300.webp 300w, https:\/\/www.dzwchafingdish.com\/wp-content\/uploads\/2024\/01\/round-chafing-dish-wholesalse-150x150.webp 150w, https:\/\/www.dzwchafingdish.com\/wp-content\/uploads\/2024\/01\/round-chafing-dish-wholesalse-768x768.webp 768w, https:\/\/www.dzwchafingdish.com\/wp-content\/uploads\/2024\/01\/round-chafing-dish-wholesalse.webp 800w","media_details":{"width":800,"height":800,"sizes":{"medium":{"file":"round-chafing-dish-wholesalse-300x300.webp","width":300,"height":300,"mime-type":"image\/webp","filesize":7652,"source_url":"https:\/\/www.dzwchafingdish.com\/wp-content\/uploads\/2024\/01\/round-chafing-dish-wholesalse-300x300.webp"},"thumbnail":{"file":"round-chafing-dish-wholesalse-150x150.webp","width":150,"height":150,"mime-type":"image\/webp","filesize":2880,"source_url":"https:\/\/www.dzwchafingdish.com\/wp-content\/uploads\/2024\/01\/round-chafing-dish-wholesalse-150x150.webp"},"medium_large":{"file":"round-chafing-dish-wholesalse-768x768.webp","width":768,"height":768,"mime-type":"image\/webp","filesize":26494,"source_url":"https:\/\/www.dzwchafingdish.com\/wp-content\/uploads\/2024\/01\/round-chafing-dish-wholesalse-768x768.webp"}}},"alt_text":"round chafing dish wholesale","url":"","target":""},{"id":2125,"title":"Round chafing dish sliver wholsale","caption":"Round chafing dish sliver wholesale","full_image_url":"https:\/\/www.dzwchafingdish.com\/wp-content\/uploads\/2024\/01\/Round-chafing-dish-sliver-wholsale.webp","thumbnail_image_url":"https:\/\/www.dzwchafingdish.com\/wp-content\/uploads\/2024\/01\/Round-chafing-dish-sliver-wholsale-150x150.webp","large_srcset":"https:\/\/www.dzwchafingdish.com\/wp-content\/uploads\/2024\/01\/Round-chafing-dish-sliver-wholsale.webp 800w, https:\/\/www.dzwchafingdish.com\/wp-content\/uploads\/2024\/01\/Round-chafing-dish-sliver-wholsale-300x300.webp 300w, https:\/\/www.dzwchafingdish.com\/wp-content\/uploads\/2024\/01\/Round-chafing-dish-sliver-wholsale-150x150.webp 150w, https:\/\/www.dzwchafingdish.com\/wp-content\/uploads\/2024\/01\/Round-chafing-dish-sliver-wholsale-768x768.webp 768w","medium_srcset":"https:\/\/www.dzwchafingdish.com\/wp-content\/uploads\/2024\/01\/Round-chafing-dish-sliver-wholsale-300x300.webp 300w, https:\/\/www.dzwchafingdish.com\/wp-content\/uploads\/2024\/01\/Round-chafing-dish-sliver-wholsale-150x150.webp 150w, https:\/\/www.dzwchafingdish.com\/wp-content\/uploads\/2024\/01\/Round-chafing-dish-sliver-wholsale-768x768.webp 768w, https:\/\/www.dzwchafingdish.com\/wp-content\/uploads\/2024\/01\/Round-chafing-dish-sliver-wholsale.webp 800w","media_details":{"width":800,"height":800,"sizes":{"medium":{"file":"Round-chafing-dish-sliver-wholsale-300x300.webp","width":300,"height":300,"mime-type":"image\/webp","filesize":6314,"source_url":"https:\/\/www.dzwchafingdish.com\/wp-content\/uploads\/2024\/01\/Round-chafing-dish-sliver-wholsale-300x300.webp"},"thumbnail":{"file":"Round-chafing-dish-sliver-wholsale-150x150.webp","width":150,"height":150,"mime-type":"image\/webp","filesize":2324,"source_url":"https:\/\/www.dzwchafingdish.com\/wp-content\/uploads\/2024\/01\/Round-chafing-dish-sliver-wholsale-150x150.webp"},"medium_large":{"file":"Round-chafing-dish-sliver-wholsale-768x768.webp","width":768,"height":768,"mime-type":"image\/webp","filesize":22550,"source_url":"https:\/\/www.dzwchafingdish.com\/wp-content\/uploads\/2024\/01\/Round-chafing-dish-sliver-wholsale-768x768.webp"}}},"alt_text":"Round chafing dish sliver wholesale","url":"","target":""},{"id":2121,"title":"chafing dish with glass lid wholesale","caption":"chafing dish with glass lid wholesale","full_image_url":"https:\/\/www.dzwchafingdish.com\/wp-content\/uploads\/2024\/01\/chafing-dish-with-glass-lid-wholesale.webp","thumbnail_image_url":"https:\/\/www.dzwchafingdish.com\/wp-content\/uploads\/2024\/01\/chafing-dish-with-glass-lid-wholesale-150x150.webp","large_srcset":"https:\/\/www.dzwchafingdish.com\/wp-content\/uploads\/2024\/01\/chafing-dish-with-glass-lid-wholesale.webp 800w, https:\/\/www.dzwchafingdish.com\/wp-content\/uploads\/2024\/01\/chafing-dish-with-glass-lid-wholesale-300x300.webp 300w, https:\/\/www.dzwchafingdish.com\/wp-content\/uploads\/2024\/01\/chafing-dish-with-glass-lid-wholesale-150x150.webp 150w, https:\/\/www.dzwchafingdish.com\/wp-content\/uploads\/2024\/01\/chafing-dish-with-glass-lid-wholesale-768x768.webp 768w","medium_srcset":"https:\/\/www.dzwchafingdish.com\/wp-content\/uploads\/2024\/01\/chafing-dish-with-glass-lid-wholesale-300x300.webp 300w, https:\/\/www.dzwchafingdish.com\/wp-content\/uploads\/2024\/01\/chafing-dish-with-glass-lid-wholesale-150x150.webp 150w, https:\/\/www.dzwchafingdish.com\/wp-content\/uploads\/2024\/01\/chafing-dish-with-glass-lid-wholesale-768x768.webp 768w, https:\/\/www.dzwchafingdish.com\/wp-content\/uploads\/2024\/01\/chafing-dish-with-glass-lid-wholesale.webp 800w","media_details":{"width":800,"height":800,"sizes":{"medium":{"file":"chafing-dish-with-glass-lid-wholesale-300x300.webp","width":300,"height":300,"mime-type":"image\/webp","filesize":5912,"source_url":"https:\/\/www.dzwchafingdish.com\/wp-content\/uploads\/2024\/01\/chafing-dish-with-glass-lid-wholesale-300x300.webp"},"thumbnail":{"file":"chafing-dish-with-glass-lid-wholesale-150x150.webp","width":150,"height":150,"mime-type":"image\/webp","filesize":2396,"source_url":"https:\/\/www.dzwchafingdish.com\/wp-content\/uploads\/2024\/01\/chafing-dish-with-glass-lid-wholesale-150x150.webp"},"medium_large":{"file":"chafing-dish-with-glass-lid-wholesale-768x768.webp","width":768,"height":768,"mime-type":"image\/webp","filesize":19318,"source_url":"https:\/\/www.dzwchafingdish.com\/wp-content\/uploads\/2024\/01\/chafing-dish-with-glass-lid-wholesale-768x768.webp"}}},"alt_text":"chafing dish with glass lid wholesale","url":"","target":""},{"id":2120,"title":"chafing dish supplier","caption":"chafing dish supplier","full_image_url":"https:\/\/www.dzwchafingdish.com\/wp-content\/uploads\/2024\/01\/chafing-dish-supplier.webp","thumbnail_image_url":"https:\/\/www.dzwchafingdish.com\/wp-content\/uploads\/2024\/01\/chafing-dish-supplier-150x150.webp","large_srcset":"https:\/\/www.dzwchafingdish.com\/wp-content\/uploads\/2024\/01\/chafing-dish-supplier.webp 1440w, https:\/\/www.dzwchafingdish.com\/wp-content\/uploads\/2024\/01\/chafing-dish-supplier-300x300.webp 300w, https:\/\/www.dzwchafingdish.com\/wp-content\/uploads\/2024\/01\/chafing-dish-supplier-150x150.webp 150w, https:\/\/www.dzwchafingdish.com\/wp-content\/uploads\/2024\/01\/chafing-dish-supplier-768x768.webp 768w","medium_srcset":"https:\/\/www.dzwchafingdish.com\/wp-content\/uploads\/2024\/01\/chafing-dish-supplier-300x300.webp 300w, https:\/\/www.dzwchafingdish.com\/wp-content\/uploads\/2024\/01\/chafing-dish-supplier-150x150.webp 150w, https:\/\/www.dzwchafingdish.com\/wp-content\/uploads\/2024\/01\/chafing-dish-supplier-768x768.webp 768w, https:\/\/www.dzwchafingdish.com\/wp-content\/uploads\/2024\/01\/chafing-dish-supplier.webp 1440w","media_details":{"width":1440,"height":1440,"sizes":{"medium":{"file":"chafing-dish-supplier-300x300.webp","width":300,"height":300,"mime-type":"image\/webp","filesize":36286,"source_url":"https:\/\/www.dzwchafingdish.com\/wp-content\/uploads\/2024\/01\/chafing-dish-supplier-300x300.webp"},"thumbnail":{"file":"chafing-dish-supplier-150x150.webp","width":150,"height":150,"mime-type":"image\/webp","filesize":11128,"source_url":"https:\/\/www.dzwchafingdish.com\/wp-content\/uploads\/2024\/01\/chafing-dish-supplier-150x150.webp"},"medium_large":{"file":"chafing-dish-supplier-768x768.webp","width":768,"height":768,"mime-type":"image\/webp","filesize":166684,"source_url":"https:\/\/www.dzwchafingdish.com\/wp-content\/uploads\/2024\/01\/chafing-dish-supplier-768x768.webp"}}},"alt_text":"chafing dish supplier","url":"","target":""},{"id":2119,"title":"chafing dish in bulk","caption":"chafing dish in bulk","full_image_url":"https:\/\/www.dzwchafingdish.com\/wp-content\/uploads\/2024\/01\/chafing-dish-in-bulk.webp","thumbnail_image_url":"https:\/\/www.dzwchafingdish.com\/wp-content\/uploads\/2024\/01\/chafing-dish-in-bulk-150x150.webp","large_srcset":"https:\/\/www.dzwchafingdish.com\/wp-content\/uploads\/2024\/01\/chafing-dish-in-bulk.webp 1280w, https:\/\/www.dzwchafingdish.com\/wp-content\/uploads\/2024\/01\/chafing-dish-in-bulk-300x300.webp 300w, https:\/\/www.dzwchafingdish.com\/wp-content\/uploads\/2024\/01\/chafing-dish-in-bulk-150x150.webp 150w, https:\/\/www.dzwchafingdish.com\/wp-content\/uploads\/2024\/01\/chafing-dish-in-bulk-768x768.webp 768w","medium_srcset":"https:\/\/www.dzwchafingdish.com\/wp-content\/uploads\/2024\/01\/chafing-dish-in-bulk-300x300.webp 300w, https:\/\/www.dzwchafingdish.com\/wp-content\/uploads\/2024\/01\/chafing-dish-in-bulk-150x150.webp 150w, https:\/\/www.dzwchafingdish.com\/wp-content\/uploads\/2024\/01\/chafing-dish-in-bulk-768x768.webp 768w, https:\/\/www.dzwchafingdish.com\/wp-content\/uploads\/2024\/01\/chafing-dish-in-bulk.webp 1280w","media_details":{"width":1280,"height":1280,"sizes":{"medium":{"file":"chafing-dish-in-bulk-300x300.webp","width":300,"height":300,"mime-type":"image\/webp","filesize":34580,"source_url":"https:\/\/www.dzwchafingdish.com\/wp-content\/uploads\/2024\/01\/chafing-dish-in-bulk-300x300.webp"},"thumbnail":{"file":"chafing-dish-in-bulk-150x150.webp","width":150,"height":150,"mime-type":"image\/webp","filesize":10408,"source_url":"https:\/\/www.dzwchafingdish.com\/wp-content\/uploads\/2024\/01\/chafing-dish-in-bulk-150x150.webp"},"medium_large":{"file":"chafing-dish-in-bulk-768x768.webp","width":768,"height":768,"mime-type":"image\/webp","filesize":158028,"source_url":"https:\/\/www.dzwchafingdish.com\/wp-content\/uploads\/2024\/01\/chafing-dish-in-bulk-768x768.webp"}}},"alt_text":"chafing dish in bulk","url":"","target":""},{"id":2122,"title":"chafing dish with stand","caption":"chafing dish with stand","full_image_url":"https:\/\/www.dzwchafingdish.com\/wp-content\/uploads\/2024\/01\/chafing-dish-with-stand.webp","thumbnail_image_url":"https:\/\/www.dzwchafingdish.com\/wp-content\/uploads\/2024\/01\/chafing-dish-with-stand-150x150.webp","large_srcset":"https:\/\/www.dzwchafingdish.com\/wp-content\/uploads\/2024\/01\/chafing-dish-with-stand.webp 872w, https:\/\/www.dzwchafingdish.com\/wp-content\/uploads\/2024\/01\/chafing-dish-with-stand-300x300.webp 300w, https:\/\/www.dzwchafingdish.com\/wp-content\/uploads\/2024\/01\/chafing-dish-with-stand-150x150.webp 150w, https:\/\/www.dzwchafingdish.com\/wp-content\/uploads\/2024\/01\/chafing-dish-with-stand-768x768.webp 768w","medium_srcset":"https:\/\/www.dzwchafingdish.com\/wp-content\/uploads\/2024\/01\/chafing-dish-with-stand-300x300.webp 300w, https:\/\/www.dzwchafingdish.com\/wp-content\/uploads\/2024\/01\/chafing-dish-with-stand-150x150.webp 150w, https:\/\/www.dzwchafingdish.com\/wp-content\/uploads\/2024\/01\/chafing-dish-with-stand-768x768.webp 768w, https:\/\/www.dzwchafingdish.com\/wp-content\/uploads\/2024\/01\/chafing-dish-with-stand.webp 872w","media_details":{"width":872,"height":872,"sizes":{"medium":{"file":"chafing-dish-with-stand-300x300.webp","width":300,"height":300,"mime-type":"image\/webp","filesize":18138,"source_url":"https:\/\/www.dzwchafingdish.com\/wp-content\/uploads\/2024\/01\/chafing-dish-with-stand-300x300.webp"},"thumbnail":{"file":"chafing-dish-with-stand-150x150.webp","width":150,"height":150,"mime-type":"image\/webp","filesize":5888,"source_url":"https:\/\/www.dzwchafingdish.com\/wp-content\/uploads\/2024\/01\/chafing-dish-with-stand-150x150.webp"},"medium_large":{"file":"chafing-dish-with-stand-768x768.webp","width":768,"height":768,"mime-type":"image\/webp","filesize":69656,"source_url":"https:\/\/www.dzwchafingdish.com\/wp-content\/uploads\/2024\/01\/chafing-dish-with-stand-768x768.webp"}}},"alt_text":"chafing dish with stand","url":"","target":""}]]}},"_links":{"self":[{"href":"https:\/\/www.dzwchafingdish.com\/de\/wp-json\/wp\/v2\/product\/2102","targetHints":{"allow":["GET"]}}],"collection":[{"href":"https:\/\/www.dzwchafingdish.com\/de\/wp-json\/wp\/v2\/product"}],"about":[{"href":"https:\/\/www.dzwchafingdish.com\/de\/wp-json\/wp\/v2\/types\/product"}],"author":[{"embeddable":true,"href":"https:\/\/www.dzwchafingdish.com\/de\/wp-json\/wp\/v2\/users\/1"}],"version-history":[{"count":0,"href":"https:\/\/www.dzwchafingdish.com\/de\/wp-json\/wp\/v2\/product\/2102\/revisions"}],"wp:featuredmedia":[{"embeddable":true,"href":"https:\/\/www.dzwchafingdish.com\/de\/wp-json\/wp\/v2\/media\/2127"}],"wp:attachment":[{"href":"https:\/\/www.dzwchafingdish.com\/de\/wp-json\/wp\/v2\/media?parent=2102"}],"wp:term":[{"taxonomy":"product-categories","embeddable":true,"href":"https:\/\/www.dzwchafingdish.com\/de\/wp-json\/wp\/v2\/product-categories?post=2102"},{"taxonomy":"product-tag","embeddable":true,"href":"https:\/\/www.dzwchafingdish.com\/de\/wp-json\/wp\/v2\/product-tag?post=2102"}],"curies":[{"name":"wp","href":"https:\/\/api.w.org\/{rel}","templated":true}]}}