{"id":2502,"date":"2024-01-30T08:18:33","date_gmt":"2024-01-30T08:18:33","guid":{"rendered":"https:\/\/www.dzwchafingdish.com\/?post_type=product&#038;p=2502"},"modified":"2024-06-12T08:12:56","modified_gmt":"2024-06-12T08:12:56","slug":"soup-warmer-black","status":"publish","type":"product","link":"https:\/\/www.dzwchafingdish.com\/de\/product\/soup-warmer-black\/","title":{"rendered":"Gro\u00dfhandel Suppenw\u00e4rmer Schwarz 10-13L Edelstahl"},"content":{"rendered":"<div class=\"wp-block-columns is-layout-flex wp-container-core-columns-is-layout-28f84493 wp-block-columns-is-layout-flex\">\n<div class=\"wp-block-column is-vertically-aligned-top is-layout-flow wp-block-column-is-layout-flow\">\n<h2 class=\"wp-block-heading\" style=\"font-size:18px\"><strong>Suppenw\u00e4rmer Dimension<\/strong><\/h2>\n\n\n\n<figure class=\"wp-block-table\"><table><tbody><tr><td>ARTIKEL NR.<\/td><td>GR\u00d6SSE<\/td><td>N.W \/SET<\/td><\/tr><tr><td>DZW-S010<\/td><td>10 L<\/td><td>3100 g<\/td><\/tr><tr><td>DZW-S013<\/td><td>13 L<\/td><td>5200 g<\/td><\/tr><\/tbody><\/table><\/figure>\n<\/div>\n\n\n\n<div class=\"wp-block-column is-layout-flow wp-block-column-is-layout-flow\">\n<figure class=\"wp-block-image aligncenter size-full is-resized\"><img fetchpriority=\"high\" decoding=\"async\" width=\"800\" height=\"800\" src=\"https:\/\/www.dzwchafingdish.com\/wp-content\/uploads\/2024\/01\/Soup-Warmer-wholesale.webp\" alt=\"Suppenw\u00e4rmer Gro\u00dfhandel\" class=\"wp-image-2360\" style=\"width:378px;height:auto\" srcset=\"https:\/\/www.dzwchafingdish.com\/wp-content\/uploads\/2024\/01\/Soup-Warmer-wholesale.webp 800w, https:\/\/www.dzwchafingdish.com\/wp-content\/uploads\/2024\/01\/Soup-Warmer-wholesale-300x300.webp 300w, https:\/\/www.dzwchafingdish.com\/wp-content\/uploads\/2024\/01\/Soup-Warmer-wholesale-150x150.webp 150w, https:\/\/www.dzwchafingdish.com\/wp-content\/uploads\/2024\/01\/Soup-Warmer-wholesale-768x768.webp 768w\" sizes=\"(max-width: 800px) 100vw, 800px\" \/><\/figure>\n<\/div>\n<\/div>\n\n\n\n<div class=\"wp-block-columns is-layout-flex wp-container-core-columns-is-layout-28f84493 wp-block-columns-is-layout-flex\">\n<div class=\"wp-block-column is-layout-flow wp-block-column-is-layout-flow\">\n<div class=\"wp-block-columns is-layout-flex wp-container-core-columns-is-layout-28f84493 wp-block-columns-is-layout-flex\">\n<div class=\"wp-block-column is-layout-flow wp-block-column-is-layout-flow\">\n<figure class=\"wp-block-image size-full\"><img decoding=\"async\" width=\"800\" height=\"800\" src=\"https:\/\/www.dzwchafingdish.com\/wp-content\/uploads\/2024\/01\/Soup-Warmer-bulk.webp\" alt=\"Suppenw\u00e4rmer lose\" class=\"wp-image-2356\" srcset=\"https:\/\/www.dzwchafingdish.com\/wp-content\/uploads\/2024\/01\/Soup-Warmer-bulk.webp 800w, https:\/\/www.dzwchafingdish.com\/wp-content\/uploads\/2024\/01\/Soup-Warmer-bulk-300x300.webp 300w, https:\/\/www.dzwchafingdish.com\/wp-content\/uploads\/2024\/01\/Soup-Warmer-bulk-150x150.webp 150w, https:\/\/www.dzwchafingdish.com\/wp-content\/uploads\/2024\/01\/Soup-Warmer-bulk-768x768.webp 768w\" sizes=\"(max-width: 800px) 100vw, 800px\" \/><\/figure>\n<\/div>\n\n\n\n<div class=\"wp-block-column is-layout-flow wp-block-column-is-layout-flow\">\n<figure class=\"wp-block-image size-full\"><img decoding=\"async\" width=\"800\" height=\"800\" src=\"https:\/\/www.dzwchafingdish.com\/wp-content\/uploads\/2024\/01\/Soup-Warmer-commercial-wholesale.webp\" alt=\"Suppenw\u00e4rmer kommerziell Gro\u00dfhandel\" class=\"wp-image-2357\" srcset=\"https:\/\/www.dzwchafingdish.com\/wp-content\/uploads\/2024\/01\/Soup-Warmer-commercial-wholesale.webp 800w, https:\/\/www.dzwchafingdish.com\/wp-content\/uploads\/2024\/01\/Soup-Warmer-commercial-wholesale-300x300.webp 300w, https:\/\/www.dzwchafingdish.com\/wp-content\/uploads\/2024\/01\/Soup-Warmer-commercial-wholesale-150x150.webp 150w, https:\/\/www.dzwchafingdish.com\/wp-content\/uploads\/2024\/01\/Soup-Warmer-commercial-wholesale-768x768.webp 768w\" sizes=\"(max-width: 800px) 100vw, 800px\" \/><\/figure>\n<\/div>\n<\/div>\n<\/div>\n\n\n\n<div class=\"wp-block-column is-layout-flow wp-block-column-is-layout-flow\">\n<h2 class=\"wp-block-heading\" style=\"font-size:18px\"><strong>Premium-Suppenw\u00e4rmer Merkmale:<\/strong><\/h2>\n\n\n\n<p>Edelstahl-Innenbeh\u00e4lter: sorgt f\u00fcr eine sichere und hygienische Aufbewahrung von Lebensmitteln. Hochwertiges Material, korrosionsbest\u00e4ndig, h\u00e4lt Ihre Suppe frisch.<\/p>\n\n\n\n<p>Temperaturregler: Regler zum einfachen Einstellen der Temperatur. Diese Funktion erm\u00f6glicht eine pr\u00e4zise Steuerung der W\u00e4rmestufen und stellt sicher, dass Ihre Suppe die perfekte Temperatur f\u00fcr optimalen Geschmack und Genuss hat.<\/p>\n\n\n\n<p>Gro\u00dfes Fassungsverm\u00f6gen in verschiedenen Gr\u00f6\u00dfen: Erh\u00e4ltlich in 10 L und 13 L gro\u00dfe Kapazit\u00e4t. Geeignet f\u00fcr den Einsatz in verschiedenen Szenarien, ob es Schule Corporate Business-Aktivit\u00e4ten oder Party-Hotels und andere Catering-Services ist.<\/p>\n<\/div>\n<\/div>","protected":false},"excerpt":{"rendered":"<p>Suppenw\u00e4rmer Abmessungen ITEM NO. GR\u00d6SSE N.W \/SET DZW-S010 10 L 3100 g DZW-S013 13 L 5200 g Premium-Suppenw\u00e4rmer Merkmale: Edelstahl-Innenbeh\u00e4lter: sorgt f\u00fcr eine sichere und hygienische Aufbewahrung von Lebensmitteln. Hochwertiges Material, korrosionsbest\u00e4ndig, h\u00e4lt Ihre Suppe frisch. Temperaturregler: Mit dem Regler k\u00f6nnen Sie die Temperatur leicht einstellen. Diese Funktion erm\u00f6glicht eine pr\u00e4zise Steuerung der Hitze [...]<\/p>","protected":false},"author":1,"featured_media":2360,"parent":0,"menu_order":0,"template":"","format":"standard","meta":{"_acf_changed":false,"site-sidebar-layout":"default","site-content-layout":"","ast-site-content-layout":"default","site-content-style":"default","site-sidebar-style":"default","ast-global-header-display":"","ast-banner-title-visibility":"","ast-main-header-display":"","ast-hfb-above-header-display":"","ast-hfb-below-header-display":"","ast-hfb-mobile-header-display":"","site-post-title":"","ast-breadcrumbs-content":"","ast-featured-img":"","footer-sml-layout":"","theme-transparent-header-meta":"","adv-header-id-meta":"","stick-header-meta":"","header-above-stick-meta":"","header-main-stick-meta":"","header-below-stick-meta":"","astra-migrate-meta-layouts":"default","ast-page-background-enabled":"default","ast-page-background-meta":{"desktop":{"background-color":"var(--ast-global-color-4)","background-image":"","background-repeat":"repeat","background-position":"center center","background-size":"auto","background-attachment":"scroll","background-type":"","background-media":"","overlay-type":"","overlay-color":"","overlay-opacity":"","overlay-gradient":""},"tablet":{"background-color":"","background-image":"","background-repeat":"repeat","background-position":"center center","background-size":"auto","background-attachment":"scroll","background-type":"","background-media":"","overlay-type":"","overlay-color":"","overlay-opacity":"","overlay-gradient":""},"mobile":{"background-color":"","background-image":"","background-repeat":"repeat","background-position":"center center","background-size":"auto","background-attachment":"scroll","background-type":"","background-media":"","overlay-type":"","overlay-color":"","overlay-opacity":"","overlay-gradient":""}},"ast-content-background-meta":{"desktop":{"background-color":"var(--ast-global-color-5)","background-image":"","background-repeat":"repeat","background-position":"center center","background-size":"auto","background-attachment":"scroll","background-type":"","background-media":"","overlay-type":"","overlay-color":"","overlay-opacity":"","overlay-gradient":""},"tablet":{"background-color":"var(--ast-global-color-5)","background-image":"","background-repeat":"repeat","background-position":"center center","background-size":"auto","background-attachment":"scroll","background-type":"","background-media":"","overlay-type":"","overlay-color":"","overlay-opacity":"","overlay-gradient":""},"mobile":{"background-color":"var(--ast-global-color-5)","background-image":"","background-repeat":"repeat","background-position":"center center","background-size":"auto","background-attachment":"scroll","background-type":"","background-media":"","overlay-type":"","overlay-color":"","overlay-opacity":"","overlay-gradient":""}},"footnotes":""},"product-categories":[64],"product-tag":[],"class_list":["post-2502","product","type-product","status-publish","format-standard","has-post-thumbnail","hentry","product-categories-drink-dispenser"],"acf":{"title":"Gro\u00dfhandel Suppenw\u00e4rmer Schwarz 10-13L Edelstahl","title_source":{"label":"Title","type":"text","formatted_value":"Wholesale Soup Warmer Black 10-13L Stainless Steel"},"short_description":"Wholesale electric soup warmer,  choose this safer and more controllable heating solution. Suitable for a variety of settings including catered events, buffets and restaurants.","short_description_source":{"label":"Short description","type":"textarea","formatted_value":"Wholesale electric soup warmer,  choose this safer and more controllable heating solution. Suitable for a variety of settings including catered events, buffets and restaurants."},"parameters":"<table border=\"0\" width=\"423\" cellspacing=\"0\" cellpadding=\"0\">\r\n<tbody>\r\n<tr>\r\n<td width=\"166\" height=\"23\">Manufacturer<\/td>\r\n<td width=\"257\">DONGZHAOWEI<\/td>\r\n<\/tr>\r\n<tr>\r\n<td height=\"23\">Material<\/td>\r\n<td>Stainless Steel 201 and Plastic<\/td>\r\n<\/tr>\r\n<tr>\r\n<td height=\"23\">Capacity<\/td>\r\n<td>10 L; 13 L<\/td>\r\n<\/tr>\r\n<tr>\r\n<td height=\"24\">Color<\/td>\r\n<td>Black<\/td>\r\n<\/tr>\r\n<tr>\r\n<td height=\"24\">Design<\/td>\r\n<td>Temperature Control<\/td>\r\n<\/tr>\r\n<tr>\r\n<td height=\"24\">Shape<\/td>\r\n<td>Barrel Shape<\/td>\r\n<\/tr>\r\n<tr>\r\n<td height=\"24\">Custom<\/td>\r\n<td>Color\/Logo\/Package<\/td>\r\n<\/tr>\r\n<tr>\r\n<td height=\"23\">MOQ<\/td>\r\n<td>20 Sets<\/td>\r\n<\/tr>\r\n<\/tbody>\r\n<\/table>","parameters_source":{"label":"Parameters","type":"wysiwyg","formatted_value":"<table border=\"0\" width=\"423\" cellspacing=\"0\" cellpadding=\"0\">\n<tbody>\n<tr>\n<td width=\"166\" height=\"23\">Manufacturer<\/td>\n<td width=\"257\">DONGZHAOWEI<\/td>\n<\/tr>\n<tr>\n<td height=\"23\">Material<\/td>\n<td>Stainless Steel 201 and Plastic<\/td>\n<\/tr>\n<tr>\n<td height=\"23\">Capacity<\/td>\n<td>10 L; 13 L<\/td>\n<\/tr>\n<tr>\n<td height=\"24\">Color<\/td>\n<td>Black<\/td>\n<\/tr>\n<tr>\n<td height=\"24\">Design<\/td>\n<td>Temperature Control<\/td>\n<\/tr>\n<tr>\n<td height=\"24\">Shape<\/td>\n<td>Barrel Shape<\/td>\n<\/tr>\n<tr>\n<td height=\"24\">Custom<\/td>\n<td>Color\/Logo\/Package<\/td>\n<\/tr>\n<tr>\n<td height=\"23\">MOQ<\/td>\n<td>20 Sets<\/td>\n<\/tr>\n<\/tbody>\n<\/table>\n"},"photo_gallery":{"product_gallery":[[{"id":2360,"title":"Soup Warmer wholesale","caption":"Soup Warmer wholesale","full_image_url":"https:\/\/www.dzwchafingdish.com\/wp-content\/uploads\/2024\/01\/Soup-Warmer-wholesale.webp","thumbnail_image_url":"https:\/\/www.dzwchafingdish.com\/wp-content\/uploads\/2024\/01\/Soup-Warmer-wholesale-150x150.webp","large_srcset":"https:\/\/www.dzwchafingdish.com\/wp-content\/uploads\/2024\/01\/Soup-Warmer-wholesale.webp 800w, https:\/\/www.dzwchafingdish.com\/wp-content\/uploads\/2024\/01\/Soup-Warmer-wholesale-300x300.webp 300w, https:\/\/www.dzwchafingdish.com\/wp-content\/uploads\/2024\/01\/Soup-Warmer-wholesale-150x150.webp 150w, https:\/\/www.dzwchafingdish.com\/wp-content\/uploads\/2024\/01\/Soup-Warmer-wholesale-768x768.webp 768w","medium_srcset":"https:\/\/www.dzwchafingdish.com\/wp-content\/uploads\/2024\/01\/Soup-Warmer-wholesale-300x300.webp 300w, https:\/\/www.dzwchafingdish.com\/wp-content\/uploads\/2024\/01\/Soup-Warmer-wholesale-150x150.webp 150w, https:\/\/www.dzwchafingdish.com\/wp-content\/uploads\/2024\/01\/Soup-Warmer-wholesale-768x768.webp 768w, https:\/\/www.dzwchafingdish.com\/wp-content\/uploads\/2024\/01\/Soup-Warmer-wholesale.webp 800w","media_details":{"width":800,"height":800,"sizes":{"medium":{"file":"Soup-Warmer-wholesale-300x300.webp","width":300,"height":300,"mime-type":"image\/webp","filesize":6784,"source_url":"https:\/\/www.dzwchafingdish.com\/wp-content\/uploads\/2024\/01\/Soup-Warmer-wholesale-300x300.webp"},"thumbnail":{"file":"Soup-Warmer-wholesale-150x150.webp","width":150,"height":150,"mime-type":"image\/webp","filesize":2552,"source_url":"https:\/\/www.dzwchafingdish.com\/wp-content\/uploads\/2024\/01\/Soup-Warmer-wholesale-150x150.webp"},"medium_large":{"file":"Soup-Warmer-wholesale-768x768.webp","width":768,"height":768,"mime-type":"image\/webp","filesize":37008,"source_url":"https:\/\/www.dzwchafingdish.com\/wp-content\/uploads\/2024\/01\/Soup-Warmer-wholesale-768x768.webp"}}},"alt_text":"Soup Warmer wholesale","url":"","target":""},{"id":2359,"title":"Soup Warmer supplier","caption":"Soup Warmer supplier","full_image_url":"https:\/\/www.dzwchafingdish.com\/wp-content\/uploads\/2024\/01\/Soup-Warmer-supplier.webp","thumbnail_image_url":"https:\/\/www.dzwchafingdish.com\/wp-content\/uploads\/2024\/01\/Soup-Warmer-supplier-150x150.webp","large_srcset":"https:\/\/www.dzwchafingdish.com\/wp-content\/uploads\/2024\/01\/Soup-Warmer-supplier.webp 800w, https:\/\/www.dzwchafingdish.com\/wp-content\/uploads\/2024\/01\/Soup-Warmer-supplier-300x300.webp 300w, https:\/\/www.dzwchafingdish.com\/wp-content\/uploads\/2024\/01\/Soup-Warmer-supplier-150x150.webp 150w, https:\/\/www.dzwchafingdish.com\/wp-content\/uploads\/2024\/01\/Soup-Warmer-supplier-768x768.webp 768w","medium_srcset":"https:\/\/www.dzwchafingdish.com\/wp-content\/uploads\/2024\/01\/Soup-Warmer-supplier-300x300.webp 300w, https:\/\/www.dzwchafingdish.com\/wp-content\/uploads\/2024\/01\/Soup-Warmer-supplier-150x150.webp 150w, https:\/\/www.dzwchafingdish.com\/wp-content\/uploads\/2024\/01\/Soup-Warmer-supplier-768x768.webp 768w, https:\/\/www.dzwchafingdish.com\/wp-content\/uploads\/2024\/01\/Soup-Warmer-supplier.webp 800w","media_details":{"width":800,"height":800,"sizes":{"medium":{"file":"Soup-Warmer-supplier-300x300.webp","width":300,"height":300,"mime-type":"image\/webp","filesize":4706,"source_url":"https:\/\/www.dzwchafingdish.com\/wp-content\/uploads\/2024\/01\/Soup-Warmer-supplier-300x300.webp"},"thumbnail":{"file":"Soup-Warmer-supplier-150x150.webp","width":150,"height":150,"mime-type":"image\/webp","filesize":1870,"source_url":"https:\/\/www.dzwchafingdish.com\/wp-content\/uploads\/2024\/01\/Soup-Warmer-supplier-150x150.webp"},"medium_large":{"file":"Soup-Warmer-supplier-768x768.webp","width":768,"height":768,"mime-type":"image\/webp","filesize":21718,"source_url":"https:\/\/www.dzwchafingdish.com\/wp-content\/uploads\/2024\/01\/Soup-Warmer-supplier-768x768.webp"}}},"alt_text":"Soup Warmer supplier","url":"","target":""},{"id":2362,"title":"wholesale Soup Warmer","caption":"wholesale Soup Warmer","full_image_url":"https:\/\/www.dzwchafingdish.com\/wp-content\/uploads\/2024\/01\/wholesale-Soup-Warmer.webp","thumbnail_image_url":"https:\/\/www.dzwchafingdish.com\/wp-content\/uploads\/2024\/01\/wholesale-Soup-Warmer-150x150.webp","large_srcset":"https:\/\/www.dzwchafingdish.com\/wp-content\/uploads\/2024\/01\/wholesale-Soup-Warmer.webp 800w, https:\/\/www.dzwchafingdish.com\/wp-content\/uploads\/2024\/01\/wholesale-Soup-Warmer-300x300.webp 300w, https:\/\/www.dzwchafingdish.com\/wp-content\/uploads\/2024\/01\/wholesale-Soup-Warmer-150x150.webp 150w, https:\/\/www.dzwchafingdish.com\/wp-content\/uploads\/2024\/01\/wholesale-Soup-Warmer-768x768.webp 768w","medium_srcset":"https:\/\/www.dzwchafingdish.com\/wp-content\/uploads\/2024\/01\/wholesale-Soup-Warmer-300x300.webp 300w, https:\/\/www.dzwchafingdish.com\/wp-content\/uploads\/2024\/01\/wholesale-Soup-Warmer-150x150.webp 150w, https:\/\/www.dzwchafingdish.com\/wp-content\/uploads\/2024\/01\/wholesale-Soup-Warmer-768x768.webp 768w, https:\/\/www.dzwchafingdish.com\/wp-content\/uploads\/2024\/01\/wholesale-Soup-Warmer.webp 800w","media_details":{"width":800,"height":800,"sizes":{"medium":{"file":"wholesale-Soup-Warmer-300x300.webp","width":300,"height":300,"mime-type":"image\/webp","filesize":5340,"source_url":"https:\/\/www.dzwchafingdish.com\/wp-content\/uploads\/2024\/01\/wholesale-Soup-Warmer-300x300.webp"},"thumbnail":{"file":"wholesale-Soup-Warmer-150x150.webp","width":150,"height":150,"mime-type":"image\/webp","filesize":2288,"source_url":"https:\/\/www.dzwchafingdish.com\/wp-content\/uploads\/2024\/01\/wholesale-Soup-Warmer-150x150.webp"},"medium_large":{"file":"wholesale-Soup-Warmer-768x768.webp","width":768,"height":768,"mime-type":"image\/webp","filesize":22274,"source_url":"https:\/\/www.dzwchafingdish.com\/wp-content\/uploads\/2024\/01\/wholesale-Soup-Warmer-768x768.webp"}}},"alt_text":"wholesale Soup Warmer","url":"","target":""},{"id":2356,"title":"Soup Warmer bulk","caption":"Soup Warmer bulk","full_image_url":"https:\/\/www.dzwchafingdish.com\/wp-content\/uploads\/2024\/01\/Soup-Warmer-bulk.webp","thumbnail_image_url":"https:\/\/www.dzwchafingdish.com\/wp-content\/uploads\/2024\/01\/Soup-Warmer-bulk-150x150.webp","large_srcset":"https:\/\/www.dzwchafingdish.com\/wp-content\/uploads\/2024\/01\/Soup-Warmer-bulk.webp 800w, https:\/\/www.dzwchafingdish.com\/wp-content\/uploads\/2024\/01\/Soup-Warmer-bulk-300x300.webp 300w, https:\/\/www.dzwchafingdish.com\/wp-content\/uploads\/2024\/01\/Soup-Warmer-bulk-150x150.webp 150w, https:\/\/www.dzwchafingdish.com\/wp-content\/uploads\/2024\/01\/Soup-Warmer-bulk-768x768.webp 768w","medium_srcset":"https:\/\/www.dzwchafingdish.com\/wp-content\/uploads\/2024\/01\/Soup-Warmer-bulk-300x300.webp 300w, https:\/\/www.dzwchafingdish.com\/wp-content\/uploads\/2024\/01\/Soup-Warmer-bulk-150x150.webp 150w, https:\/\/www.dzwchafingdish.com\/wp-content\/uploads\/2024\/01\/Soup-Warmer-bulk-768x768.webp 768w, https:\/\/www.dzwchafingdish.com\/wp-content\/uploads\/2024\/01\/Soup-Warmer-bulk.webp 800w","media_details":{"width":800,"height":800,"sizes":{"medium":{"file":"Soup-Warmer-bulk-300x300.webp","width":300,"height":300,"mime-type":"image\/webp","filesize":4836,"source_url":"https:\/\/www.dzwchafingdish.com\/wp-content\/uploads\/2024\/01\/Soup-Warmer-bulk-300x300.webp"},"thumbnail":{"file":"Soup-Warmer-bulk-150x150.webp","width":150,"height":150,"mime-type":"image\/webp","filesize":1980,"source_url":"https:\/\/www.dzwchafingdish.com\/wp-content\/uploads\/2024\/01\/Soup-Warmer-bulk-150x150.webp"},"medium_large":{"file":"Soup-Warmer-bulk-768x768.webp","width":768,"height":768,"mime-type":"image\/webp","filesize":19384,"source_url":"https:\/\/www.dzwchafingdish.com\/wp-content\/uploads\/2024\/01\/Soup-Warmer-bulk-768x768.webp"}}},"alt_text":"Soup Warmer bulk","url":"","target":""},{"id":2357,"title":"Soup Warmer commercial wholesale","caption":"Soup Warmer commercial wholesale","full_image_url":"https:\/\/www.dzwchafingdish.com\/wp-content\/uploads\/2024\/01\/Soup-Warmer-commercial-wholesale.webp","thumbnail_image_url":"https:\/\/www.dzwchafingdish.com\/wp-content\/uploads\/2024\/01\/Soup-Warmer-commercial-wholesale-150x150.webp","large_srcset":"https:\/\/www.dzwchafingdish.com\/wp-content\/uploads\/2024\/01\/Soup-Warmer-commercial-wholesale.webp 800w, https:\/\/www.dzwchafingdish.com\/wp-content\/uploads\/2024\/01\/Soup-Warmer-commercial-wholesale-300x300.webp 300w, https:\/\/www.dzwchafingdish.com\/wp-content\/uploads\/2024\/01\/Soup-Warmer-commercial-wholesale-150x150.webp 150w, https:\/\/www.dzwchafingdish.com\/wp-content\/uploads\/2024\/01\/Soup-Warmer-commercial-wholesale-768x768.webp 768w","medium_srcset":"https:\/\/www.dzwchafingdish.com\/wp-content\/uploads\/2024\/01\/Soup-Warmer-commercial-wholesale-300x300.webp 300w, https:\/\/www.dzwchafingdish.com\/wp-content\/uploads\/2024\/01\/Soup-Warmer-commercial-wholesale-150x150.webp 150w, https:\/\/www.dzwchafingdish.com\/wp-content\/uploads\/2024\/01\/Soup-Warmer-commercial-wholesale-768x768.webp 768w, https:\/\/www.dzwchafingdish.com\/wp-content\/uploads\/2024\/01\/Soup-Warmer-commercial-wholesale.webp 800w","media_details":{"width":800,"height":800,"sizes":{"medium":{"file":"Soup-Warmer-commercial-wholesale-300x300.webp","width":300,"height":300,"mime-type":"image\/webp","filesize":11684,"source_url":"https:\/\/www.dzwchafingdish.com\/wp-content\/uploads\/2024\/01\/Soup-Warmer-commercial-wholesale-300x300.webp"},"thumbnail":{"file":"Soup-Warmer-commercial-wholesale-150x150.webp","width":150,"height":150,"mime-type":"image\/webp","filesize":3174,"source_url":"https:\/\/www.dzwchafingdish.com\/wp-content\/uploads\/2024\/01\/Soup-Warmer-commercial-wholesale-150x150.webp"},"medium_large":{"file":"Soup-Warmer-commercial-wholesale-768x768.webp","width":768,"height":768,"mime-type":"image\/webp","filesize":51604,"source_url":"https:\/\/www.dzwchafingdish.com\/wp-content\/uploads\/2024\/01\/Soup-Warmer-commercial-wholesale-768x768.webp"}}},"alt_text":"Soup Warmer commercial wholesale","url":"","target":""},{"id":2358,"title":"Soup Warmer electric bulk","caption":"Soup Warmer electric bulk","full_image_url":"https:\/\/www.dzwchafingdish.com\/wp-content\/uploads\/2024\/01\/Soup-Warmer-electric-bulk.webp","thumbnail_image_url":"https:\/\/www.dzwchafingdish.com\/wp-content\/uploads\/2024\/01\/Soup-Warmer-electric-bulk-150x150.webp","large_srcset":"https:\/\/www.dzwchafingdish.com\/wp-content\/uploads\/2024\/01\/Soup-Warmer-electric-bulk.webp 800w, https:\/\/www.dzwchafingdish.com\/wp-content\/uploads\/2024\/01\/Soup-Warmer-electric-bulk-300x300.webp 300w, https:\/\/www.dzwchafingdish.com\/wp-content\/uploads\/2024\/01\/Soup-Warmer-electric-bulk-150x150.webp 150w, https:\/\/www.dzwchafingdish.com\/wp-content\/uploads\/2024\/01\/Soup-Warmer-electric-bulk-768x768.webp 768w","medium_srcset":"https:\/\/www.dzwchafingdish.com\/wp-content\/uploads\/2024\/01\/Soup-Warmer-electric-bulk-300x300.webp 300w, https:\/\/www.dzwchafingdish.com\/wp-content\/uploads\/2024\/01\/Soup-Warmer-electric-bulk-150x150.webp 150w, https:\/\/www.dzwchafingdish.com\/wp-content\/uploads\/2024\/01\/Soup-Warmer-electric-bulk-768x768.webp 768w, https:\/\/www.dzwchafingdish.com\/wp-content\/uploads\/2024\/01\/Soup-Warmer-electric-bulk.webp 800w","media_details":{"width":800,"height":800,"sizes":{"medium":{"file":"Soup-Warmer-electric-bulk-300x300.webp","width":300,"height":300,"mime-type":"image\/webp","filesize":7980,"source_url":"https:\/\/www.dzwchafingdish.com\/wp-content\/uploads\/2024\/01\/Soup-Warmer-electric-bulk-300x300.webp"},"thumbnail":{"file":"Soup-Warmer-electric-bulk-150x150.webp","width":150,"height":150,"mime-type":"image\/webp","filesize":3162,"source_url":"https:\/\/www.dzwchafingdish.com\/wp-content\/uploads\/2024\/01\/Soup-Warmer-electric-bulk-150x150.webp"},"medium_large":{"file":"Soup-Warmer-electric-bulk-768x768.webp","width":768,"height":768,"mime-type":"image\/webp","filesize":29694,"source_url":"https:\/\/www.dzwchafingdish.com\/wp-content\/uploads\/2024\/01\/Soup-Warmer-electric-bulk-768x768.webp"}}},"alt_text":"Soup Warmer electric bulk","url":"","target":""}]]}},"_links":{"self":[{"href":"https:\/\/www.dzwchafingdish.com\/de\/wp-json\/wp\/v2\/product\/2502","targetHints":{"allow":["GET"]}}],"collection":[{"href":"https:\/\/www.dzwchafingdish.com\/de\/wp-json\/wp\/v2\/product"}],"about":[{"href":"https:\/\/www.dzwchafingdish.com\/de\/wp-json\/wp\/v2\/types\/product"}],"author":[{"embeddable":true,"href":"https:\/\/www.dzwchafingdish.com\/de\/wp-json\/wp\/v2\/users\/1"}],"version-history":[{"count":0,"href":"https:\/\/www.dzwchafingdish.com\/de\/wp-json\/wp\/v2\/product\/2502\/revisions"}],"wp:featuredmedia":[{"embeddable":true,"href":"https:\/\/www.dzwchafingdish.com\/de\/wp-json\/wp\/v2\/media\/2360"}],"wp:attachment":[{"href":"https:\/\/www.dzwchafingdish.com\/de\/wp-json\/wp\/v2\/media?parent=2502"}],"wp:term":[{"taxonomy":"product-categories","embeddable":true,"href":"https:\/\/www.dzwchafingdish.com\/de\/wp-json\/wp\/v2\/product-categories?post=2502"},{"taxonomy":"product-tag","embeddable":true,"href":"https:\/\/www.dzwchafingdish.com\/de\/wp-json\/wp\/v2\/product-tag?post=2502"}],"curies":[{"name":"wp","href":"https:\/\/api.w.org\/{rel}","templated":true}]}}