{"id":2515,"date":"2024-01-31T02:22:00","date_gmt":"2024-01-31T02:22:00","guid":{"rendered":"https:\/\/www.dzwchafingdish.com\/?post_type=product&#038;p=2515"},"modified":"2024-06-15T05:05:01","modified_gmt":"2024-06-15T05:05:01","slug":"stainless-steel-chafing-dish-with-hanging-lid","status":"publish","type":"product","link":"https:\/\/www.dzwchafingdish.com\/de\/product\/stainless-steel-chafing-dish-with-hanging-lid\/","title":{"rendered":"Chafing Dish aus Edelstahl mit H\u00e4ngedeckel"},"content":{"rendered":"<div class=\"wp-block-columns is-layout-flex wp-container-core-columns-is-layout-28f84493 wp-block-columns-is-layout-flex\">\n<div class=\"wp-block-column is-vertically-aligned-center is-layout-flow wp-block-column-is-layout-flow\">\n<h2 class=\"wp-block-heading\" style=\"font-size:18px\"><strong>Edelstahl Chafing Dish Dimension:<\/strong><\/h2>\n\n\n\n<figure class=\"wp-block-table\"><table><tbody><tr><td>ARTIKEL NR.<\/td><td>GR\u00d6SSE<\/td><td>LENGTH<\/td><td>WIDE<\/td><td>H\u00d6HE<\/td><td>N.W \/SET<\/td><\/tr><tr><td>DZW-A3035<\/td><td>3.5 L<\/td><td>32,5 cm<\/td><td>23,5 cm<\/td><td>28 cm<\/td><td>2000 g<\/td><\/tr><tr><td>DZW-A3040<\/td><td>4.0 L<\/td><td>34,5 cm<\/td><td>23,5 cm<\/td><td>30 cm<\/td><td>2000 g<\/td><\/tr><tr><td>DZW-A3060<\/td><td>6.0 L<\/td><td>34,5 cm<\/td><td>23 cm<\/td><td>30 cm<\/td><td>2500 g<\/td><\/tr><tr><td>DZW-A3080<\/td><td>8.0 L<\/td><td>38,5 cm<\/td><td>25,5 cm<\/td><td>36 cm<\/td><td>3500 g<\/td><\/tr><\/tbody><\/table><\/figure>\n<\/div>\n\n\n\n<div class=\"wp-block-column is-layout-flow wp-block-column-is-layout-flow\" style=\"flex-basis:40%\">\n<figure class=\"wp-block-image aligncenter size-full is-resized\"><img fetchpriority=\"high\" decoding=\"async\" width=\"800\" height=\"800\" src=\"https:\/\/www.dzwchafingdish.com\/wp-content\/uploads\/2024\/01\/Stainless-Steel-chafing-dish-wholesale-2.webp\" alt=\"Edelstahl Chafing Dish Gro\u00dfhandel\" class=\"wp-image-2519\" style=\"width:383px;height:auto\" srcset=\"https:\/\/www.dzwchafingdish.com\/wp-content\/uploads\/2024\/01\/Stainless-Steel-chafing-dish-wholesale-2.webp 800w, https:\/\/www.dzwchafingdish.com\/wp-content\/uploads\/2024\/01\/Stainless-Steel-chafing-dish-wholesale-2-300x300.webp 300w, https:\/\/www.dzwchafingdish.com\/wp-content\/uploads\/2024\/01\/Stainless-Steel-chafing-dish-wholesale-2-150x150.webp 150w, https:\/\/www.dzwchafingdish.com\/wp-content\/uploads\/2024\/01\/Stainless-Steel-chafing-dish-wholesale-2-768x768.webp 768w\" sizes=\"(max-width: 800px) 100vw, 800px\" \/><\/figure>\n<\/div>\n<\/div>\n\n\n\n<div class=\"wp-block-columns is-layout-flex wp-container-core-columns-is-layout-28f84493 wp-block-columns-is-layout-flex\">\n<div class=\"wp-block-column is-layout-flow wp-block-column-is-layout-flow\">\n<figure class=\"wp-block-image aligncenter size-full is-resized\"><img decoding=\"async\" width=\"800\" height=\"800\" src=\"https:\/\/www.dzwchafingdish.com\/wp-content\/uploads\/2024\/01\/round-chafing-dish-wholesale-2.webp\" alt=\"runder Chafing Dish Gro\u00dfhandel\" class=\"wp-image-2518\" style=\"width:512px;height:auto\" srcset=\"https:\/\/www.dzwchafingdish.com\/wp-content\/uploads\/2024\/01\/round-chafing-dish-wholesale-2.webp 800w, https:\/\/www.dzwchafingdish.com\/wp-content\/uploads\/2024\/01\/round-chafing-dish-wholesale-2-300x300.webp 300w, https:\/\/www.dzwchafingdish.com\/wp-content\/uploads\/2024\/01\/round-chafing-dish-wholesale-2-150x150.webp 150w, https:\/\/www.dzwchafingdish.com\/wp-content\/uploads\/2024\/01\/round-chafing-dish-wholesale-2-768x768.webp 768w\" sizes=\"(max-width: 800px) 100vw, 800px\" \/><\/figure>\n<\/div>\n\n\n\n<div class=\"wp-block-column is-layout-flow wp-block-column-is-layout-flow\" style=\"font-size:18px\">\n<h2 class=\"wp-block-heading\" style=\"font-size:18px\">Chafing Dish aus Edelstahl Merkmale:<\/h2>\n\n\n\n<p>Hergestellt aus hochwertigem Edelstahl: sorgt f\u00fcr lange Haltbarkeit und ist leicht zu reinigen und zu pflegen. Auch nach l\u00e4ngerem Gebrauch ist ein gl\u00e4nzendes Aussehen garantiert.<\/p>\n\n\n\n<p>H\u00e4ngende Deckel aus Edelstahl: Erm\u00f6glicht einen einfachen Zugang zu den Lebensmitteln und verhindert gleichzeitig, dass der Deckel mit unhygienischen Oberfl\u00e4chen in Ber\u00fchrung kommt.<\/p>\n\n\n\n<p>Mehrere Kapazit\u00e4tsoptionen: Erh\u00e4ltlich in verschiedenen Kapazit\u00e4ten f\u00fcr unterschiedliche Bed\u00fcrfnisse, von Familienfeiern bis hin zu Gesch\u00e4ftsveranstaltungen.<\/p>\n\n\n\n<p>Tragbarer Brennstoffst\u00e4nder: Bequemes und effizientes Erhitzen und Aufw\u00e4rmen von Speisen.<\/p>\n<\/div>\n<\/div>","protected":false},"excerpt":{"rendered":"<p>Chafing Dish aus Edelstahl Dimension: ARTIKEL NR. GR\u00d6SSE L\u00c4NGE BREITE H\u00d6HE N.W \/SET DZW-A3035 3.5 L 32.5 cm 23.5 cm 28 cm 2000 g DZW-A3040 4.0 L 34.5 cm 23.5 cm 30 cm 2000 g DZW-A3060 6.0 L 34.5 cm 23 cm 30 cm 2500 g DZW-A3080 8.0 L 38.5 cm 25.5 cm 36 cm [...]<\/p>","protected":false},"author":1,"featured_media":2519,"parent":0,"menu_order":0,"template":"","format":"standard","meta":{"_acf_changed":false,"site-sidebar-layout":"default","site-content-layout":"","ast-site-content-layout":"default","site-content-style":"default","site-sidebar-style":"default","ast-global-header-display":"","ast-banner-title-visibility":"","ast-main-header-display":"","ast-hfb-above-header-display":"","ast-hfb-below-header-display":"","ast-hfb-mobile-header-display":"","site-post-title":"","ast-breadcrumbs-content":"","ast-featured-img":"","footer-sml-layout":"","theme-transparent-header-meta":"","adv-header-id-meta":"","stick-header-meta":"","header-above-stick-meta":"","header-main-stick-meta":"","header-below-stick-meta":"","astra-migrate-meta-layouts":"default","ast-page-background-enabled":"default","ast-page-background-meta":{"desktop":{"background-color":"var(--ast-global-color-4)","background-image":"","background-repeat":"repeat","background-position":"center center","background-size":"auto","background-attachment":"scroll","background-type":"","background-media":"","overlay-type":"","overlay-color":"","overlay-opacity":"","overlay-gradient":""},"tablet":{"background-color":"","background-image":"","background-repeat":"repeat","background-position":"center center","background-size":"auto","background-attachment":"scroll","background-type":"","background-media":"","overlay-type":"","overlay-color":"","overlay-opacity":"","overlay-gradient":""},"mobile":{"background-color":"","background-image":"","background-repeat":"repeat","background-position":"center center","background-size":"auto","background-attachment":"scroll","background-type":"","background-media":"","overlay-type":"","overlay-color":"","overlay-opacity":"","overlay-gradient":""}},"ast-content-background-meta":{"desktop":{"background-color":"var(--ast-global-color-5)","background-image":"","background-repeat":"repeat","background-position":"center center","background-size":"auto","background-attachment":"scroll","background-type":"","background-media":"","overlay-type":"","overlay-color":"","overlay-opacity":"","overlay-gradient":""},"tablet":{"background-color":"var(--ast-global-color-5)","background-image":"","background-repeat":"repeat","background-position":"center center","background-size":"auto","background-attachment":"scroll","background-type":"","background-media":"","overlay-type":"","overlay-color":"","overlay-opacity":"","overlay-gradient":""},"mobile":{"background-color":"var(--ast-global-color-5)","background-image":"","background-repeat":"repeat","background-position":"center center","background-size":"auto","background-attachment":"scroll","background-type":"","background-media":"","overlay-type":"","overlay-color":"","overlay-opacity":"","overlay-gradient":""}},"footnotes":""},"product-categories":[63],"product-tag":[97,90,91],"class_list":["post-2515","product","type-product","status-publish","format-standard","has-post-thumbnail","hentry","product-categories-chafing-dish","product-tag-chafing-dish-with-hanging-lid","product-tag-fuel-chafing-dish","product-tag-round-chafing-dish"],"acf":{"title":"Chafing Dish aus Edelstahl mit H\u00e4ngedeckel","title_source":{"label":"Title","type":"text","formatted_value":"Stainless Steel Chafing Dish with Hanging Lid"},"short_description":"Wholesale stainless steel chafing dish with hanging lid is designed for convenience and quality, making it an excellent choice for an efficient buffet solution. It is available in various capacities and can be customized to suit a variety of settings such as hotels, parties, buffet catering services.","short_description_source":{"label":"Short description","type":"textarea","formatted_value":"Wholesale stainless steel chafing dish with hanging lid is designed for convenience and quality, making it an excellent choice for an efficient buffet solution. It is available in various capacities and can be customized to suit a variety of settings such as hotels, parties, buffet catering services."},"parameters":"<table border=\"0\" width=\"423\" cellspacing=\"0\" cellpadding=\"0\">\r\n<tbody>\r\n<tr>\r\n<td width=\"166\" height=\"23\">Manufacturer<\/td>\r\n<td width=\"257\">DONGZHAOWEI<\/td>\r\n<\/tr>\r\n<tr>\r\n<td height=\"23\">Material<\/td>\r\n<td>Stainless Steel 201<\/td>\r\n<\/tr>\r\n<tr>\r\n<td height=\"23\">Capacity<\/td>\r\n<td>3.5 L\uff1b4.0 L\uff1b6.0 L\uff1b8.0 L<\/td>\r\n<\/tr>\r\n<tr>\r\n<td height=\"23\">Color<\/td>\r\n<td>Silver<\/td>\r\n<\/tr>\r\n<tr>\r\n<td height=\"23\">Design<\/td>\r\n<td>Round Shape<\/td>\r\n<\/tr>\r\n<tr>\r\n<td height=\"23\">Lid Type<\/td>\r\n<td>Hanging Lid<\/td>\r\n<\/tr>\r\n<tr>\r\n<td height=\"23\">Heat<\/td>\r\n<td>Fuel<\/td>\r\n<\/tr>\r\n<tr>\r\n<td height=\"23\">Custom<\/td>\r\n<td>Color\/Logo\/Package<\/td>\r\n<\/tr>\r\n<tr>\r\n<td height=\"23\">MOQ<\/td>\r\n<td>200 Sets<\/td>\r\n<\/tr>\r\n<\/tbody>\r\n<\/table>","parameters_source":{"label":"Parameters","type":"wysiwyg","formatted_value":"<table border=\"0\" width=\"423\" cellspacing=\"0\" cellpadding=\"0\">\n<tbody>\n<tr>\n<td width=\"166\" height=\"23\">Manufacturer<\/td>\n<td width=\"257\">DONGZHAOWEI<\/td>\n<\/tr>\n<tr>\n<td height=\"23\">Material<\/td>\n<td>Stainless Steel 201<\/td>\n<\/tr>\n<tr>\n<td height=\"23\">Capacity<\/td>\n<td>3.5 L\uff1b4.0 L\uff1b6.0 L\uff1b8.0 L<\/td>\n<\/tr>\n<tr>\n<td height=\"23\">Color<\/td>\n<td>Silver<\/td>\n<\/tr>\n<tr>\n<td height=\"23\">Design<\/td>\n<td>Round Shape<\/td>\n<\/tr>\n<tr>\n<td height=\"23\">Lid Type<\/td>\n<td>Hanging Lid<\/td>\n<\/tr>\n<tr>\n<td height=\"23\">Heat<\/td>\n<td>Fuel<\/td>\n<\/tr>\n<tr>\n<td height=\"23\">Custom<\/td>\n<td>Color\/Logo\/Package<\/td>\n<\/tr>\n<tr>\n<td height=\"23\">MOQ<\/td>\n<td>200 Sets<\/td>\n<\/tr>\n<\/tbody>\n<\/table>\n"},"photo_gallery":{"product_gallery":[[{"id":2519,"title":"Stainless Steel chafing dish wholesale","caption":"Stainless Steel chafing dish wholesale","full_image_url":"https:\/\/www.dzwchafingdish.com\/wp-content\/uploads\/2024\/01\/Stainless-Steel-chafing-dish-wholesale-2.webp","thumbnail_image_url":"https:\/\/www.dzwchafingdish.com\/wp-content\/uploads\/2024\/01\/Stainless-Steel-chafing-dish-wholesale-2-150x150.webp","large_srcset":"https:\/\/www.dzwchafingdish.com\/wp-content\/uploads\/2024\/01\/Stainless-Steel-chafing-dish-wholesale-2.webp 800w, https:\/\/www.dzwchafingdish.com\/wp-content\/uploads\/2024\/01\/Stainless-Steel-chafing-dish-wholesale-2-300x300.webp 300w, https:\/\/www.dzwchafingdish.com\/wp-content\/uploads\/2024\/01\/Stainless-Steel-chafing-dish-wholesale-2-150x150.webp 150w, https:\/\/www.dzwchafingdish.com\/wp-content\/uploads\/2024\/01\/Stainless-Steel-chafing-dish-wholesale-2-768x768.webp 768w","medium_srcset":"https:\/\/www.dzwchafingdish.com\/wp-content\/uploads\/2024\/01\/Stainless-Steel-chafing-dish-wholesale-2-300x300.webp 300w, https:\/\/www.dzwchafingdish.com\/wp-content\/uploads\/2024\/01\/Stainless-Steel-chafing-dish-wholesale-2-150x150.webp 150w, https:\/\/www.dzwchafingdish.com\/wp-content\/uploads\/2024\/01\/Stainless-Steel-chafing-dish-wholesale-2-768x768.webp 768w, https:\/\/www.dzwchafingdish.com\/wp-content\/uploads\/2024\/01\/Stainless-Steel-chafing-dish-wholesale-2.webp 800w","media_details":{"width":800,"height":800,"sizes":{"medium":{"file":"Stainless-Steel-chafing-dish-wholesale-2-300x300.webp","width":300,"height":300,"mime-type":"image\/webp","filesize":5228,"source_url":"https:\/\/www.dzwchafingdish.com\/wp-content\/uploads\/2024\/01\/Stainless-Steel-chafing-dish-wholesale-2-300x300.webp"},"thumbnail":{"file":"Stainless-Steel-chafing-dish-wholesale-2-150x150.webp","width":150,"height":150,"mime-type":"image\/webp","filesize":1982,"source_url":"https:\/\/www.dzwchafingdish.com\/wp-content\/uploads\/2024\/01\/Stainless-Steel-chafing-dish-wholesale-2-150x150.webp"},"medium_large":{"file":"Stainless-Steel-chafing-dish-wholesale-2-768x768.webp","width":768,"height":768,"mime-type":"image\/webp","filesize":18254,"source_url":"https:\/\/www.dzwchafingdish.com\/wp-content\/uploads\/2024\/01\/Stainless-Steel-chafing-dish-wholesale-2-768x768.webp"}}},"alt_text":"Stainless Steel chafing dish wholesale","url":"","target":""},{"id":2520,"title":"wholesale chafing dish with hanging lid","caption":"wholesale chafing dish with hanging lid","full_image_url":"https:\/\/www.dzwchafingdish.com\/wp-content\/uploads\/2024\/01\/wholesale-chafing-dish-with-hanging-lid.webp","thumbnail_image_url":"https:\/\/www.dzwchafingdish.com\/wp-content\/uploads\/2024\/01\/wholesale-chafing-dish-with-hanging-lid-150x150.webp","large_srcset":"https:\/\/www.dzwchafingdish.com\/wp-content\/uploads\/2024\/01\/wholesale-chafing-dish-with-hanging-lid.webp 800w, https:\/\/www.dzwchafingdish.com\/wp-content\/uploads\/2024\/01\/wholesale-chafing-dish-with-hanging-lid-300x300.webp 300w, https:\/\/www.dzwchafingdish.com\/wp-content\/uploads\/2024\/01\/wholesale-chafing-dish-with-hanging-lid-150x150.webp 150w, https:\/\/www.dzwchafingdish.com\/wp-content\/uploads\/2024\/01\/wholesale-chafing-dish-with-hanging-lid-768x768.webp 768w","medium_srcset":"https:\/\/www.dzwchafingdish.com\/wp-content\/uploads\/2024\/01\/wholesale-chafing-dish-with-hanging-lid-300x300.webp 300w, https:\/\/www.dzwchafingdish.com\/wp-content\/uploads\/2024\/01\/wholesale-chafing-dish-with-hanging-lid-150x150.webp 150w, https:\/\/www.dzwchafingdish.com\/wp-content\/uploads\/2024\/01\/wholesale-chafing-dish-with-hanging-lid-768x768.webp 768w, https:\/\/www.dzwchafingdish.com\/wp-content\/uploads\/2024\/01\/wholesale-chafing-dish-with-hanging-lid.webp 800w","media_details":{"width":800,"height":800,"sizes":{"medium":{"file":"wholesale-chafing-dish-with-hanging-lid-300x300.webp","width":300,"height":300,"mime-type":"image\/webp","filesize":12596,"source_url":"https:\/\/www.dzwchafingdish.com\/wp-content\/uploads\/2024\/01\/wholesale-chafing-dish-with-hanging-lid-300x300.webp"},"thumbnail":{"file":"wholesale-chafing-dish-with-hanging-lid-150x150.webp","width":150,"height":150,"mime-type":"image\/webp","filesize":4790,"source_url":"https:\/\/www.dzwchafingdish.com\/wp-content\/uploads\/2024\/01\/wholesale-chafing-dish-with-hanging-lid-150x150.webp"},"medium_large":{"file":"wholesale-chafing-dish-with-hanging-lid-768x768.webp","width":768,"height":768,"mime-type":"image\/webp","filesize":41932,"source_url":"https:\/\/www.dzwchafingdish.com\/wp-content\/uploads\/2024\/01\/wholesale-chafing-dish-with-hanging-lid-768x768.webp"}}},"alt_text":"wholesale chafing dish with hanging lid","url":"","target":""},{"id":2518,"title":"round chafing dish wholesale","caption":"round chafing dish wholesale","full_image_url":"https:\/\/www.dzwchafingdish.com\/wp-content\/uploads\/2024\/01\/round-chafing-dish-wholesale-2.webp","thumbnail_image_url":"https:\/\/www.dzwchafingdish.com\/wp-content\/uploads\/2024\/01\/round-chafing-dish-wholesale-2-150x150.webp","large_srcset":"https:\/\/www.dzwchafingdish.com\/wp-content\/uploads\/2024\/01\/round-chafing-dish-wholesale-2.webp 800w, https:\/\/www.dzwchafingdish.com\/wp-content\/uploads\/2024\/01\/round-chafing-dish-wholesale-2-300x300.webp 300w, https:\/\/www.dzwchafingdish.com\/wp-content\/uploads\/2024\/01\/round-chafing-dish-wholesale-2-150x150.webp 150w, https:\/\/www.dzwchafingdish.com\/wp-content\/uploads\/2024\/01\/round-chafing-dish-wholesale-2-768x768.webp 768w","medium_srcset":"https:\/\/www.dzwchafingdish.com\/wp-content\/uploads\/2024\/01\/round-chafing-dish-wholesale-2-300x300.webp 300w, https:\/\/www.dzwchafingdish.com\/wp-content\/uploads\/2024\/01\/round-chafing-dish-wholesale-2-150x150.webp 150w, https:\/\/www.dzwchafingdish.com\/wp-content\/uploads\/2024\/01\/round-chafing-dish-wholesale-2-768x768.webp 768w, https:\/\/www.dzwchafingdish.com\/wp-content\/uploads\/2024\/01\/round-chafing-dish-wholesale-2.webp 800w","media_details":{"width":800,"height":800,"sizes":{"medium":{"file":"round-chafing-dish-wholesale-2-300x300.webp","width":300,"height":300,"mime-type":"image\/webp","filesize":11656,"source_url":"https:\/\/www.dzwchafingdish.com\/wp-content\/uploads\/2024\/01\/round-chafing-dish-wholesale-2-300x300.webp"},"thumbnail":{"file":"round-chafing-dish-wholesale-2-150x150.webp","width":150,"height":150,"mime-type":"image\/webp","filesize":4440,"source_url":"https:\/\/www.dzwchafingdish.com\/wp-content\/uploads\/2024\/01\/round-chafing-dish-wholesale-2-150x150.webp"},"medium_large":{"file":"round-chafing-dish-wholesale-2-768x768.webp","width":768,"height":768,"mime-type":"image\/webp","filesize":37966,"source_url":"https:\/\/www.dzwchafingdish.com\/wp-content\/uploads\/2024\/01\/round-chafing-dish-wholesale-2-768x768.webp"}}},"alt_text":"round chafing dish wholesale","url":"","target":""},{"id":2516,"title":"chafing dish with hanging lid bulk","caption":"chafing dish with hanging lid bulk","full_image_url":"https:\/\/www.dzwchafingdish.com\/wp-content\/uploads\/2024\/01\/chafing-dish-with-hanging-lid-bulk.webp","thumbnail_image_url":"https:\/\/www.dzwchafingdish.com\/wp-content\/uploads\/2024\/01\/chafing-dish-with-hanging-lid-bulk-150x150.webp","large_srcset":"https:\/\/www.dzwchafingdish.com\/wp-content\/uploads\/2024\/01\/chafing-dish-with-hanging-lid-bulk.webp 800w, https:\/\/www.dzwchafingdish.com\/wp-content\/uploads\/2024\/01\/chafing-dish-with-hanging-lid-bulk-300x300.webp 300w, https:\/\/www.dzwchafingdish.com\/wp-content\/uploads\/2024\/01\/chafing-dish-with-hanging-lid-bulk-150x150.webp 150w, https:\/\/www.dzwchafingdish.com\/wp-content\/uploads\/2024\/01\/chafing-dish-with-hanging-lid-bulk-768x768.webp 768w","medium_srcset":"https:\/\/www.dzwchafingdish.com\/wp-content\/uploads\/2024\/01\/chafing-dish-with-hanging-lid-bulk-300x300.webp 300w, https:\/\/www.dzwchafingdish.com\/wp-content\/uploads\/2024\/01\/chafing-dish-with-hanging-lid-bulk-150x150.webp 150w, https:\/\/www.dzwchafingdish.com\/wp-content\/uploads\/2024\/01\/chafing-dish-with-hanging-lid-bulk-768x768.webp 768w, https:\/\/www.dzwchafingdish.com\/wp-content\/uploads\/2024\/01\/chafing-dish-with-hanging-lid-bulk.webp 800w","media_details":{"width":800,"height":800,"sizes":{"medium":{"file":"chafing-dish-with-hanging-lid-bulk-300x300.webp","width":300,"height":300,"mime-type":"image\/webp","filesize":4080,"source_url":"https:\/\/www.dzwchafingdish.com\/wp-content\/uploads\/2024\/01\/chafing-dish-with-hanging-lid-bulk-300x300.webp"},"thumbnail":{"file":"chafing-dish-with-hanging-lid-bulk-150x150.webp","width":150,"height":150,"mime-type":"image\/webp","filesize":1676,"source_url":"https:\/\/www.dzwchafingdish.com\/wp-content\/uploads\/2024\/01\/chafing-dish-with-hanging-lid-bulk-150x150.webp"},"medium_large":{"file":"chafing-dish-with-hanging-lid-bulk-768x768.webp","width":768,"height":768,"mime-type":"image\/webp","filesize":12554,"source_url":"https:\/\/www.dzwchafingdish.com\/wp-content\/uploads\/2024\/01\/chafing-dish-with-hanging-lid-bulk-768x768.webp"}}},"alt_text":"chafing dish with hanging lid bulk","url":"","target":""},{"id":2517,"title":"chafing dish with lid","caption":"chafing dish with lid","full_image_url":"https:\/\/www.dzwchafingdish.com\/wp-content\/uploads\/2024\/01\/chafing-dish-with-lid.webp","thumbnail_image_url":"https:\/\/www.dzwchafingdish.com\/wp-content\/uploads\/2024\/01\/chafing-dish-with-lid-150x150.webp","large_srcset":"https:\/\/www.dzwchafingdish.com\/wp-content\/uploads\/2024\/01\/chafing-dish-with-lid.webp 800w, https:\/\/www.dzwchafingdish.com\/wp-content\/uploads\/2024\/01\/chafing-dish-with-lid-300x300.webp 300w, https:\/\/www.dzwchafingdish.com\/wp-content\/uploads\/2024\/01\/chafing-dish-with-lid-150x150.webp 150w, https:\/\/www.dzwchafingdish.com\/wp-content\/uploads\/2024\/01\/chafing-dish-with-lid-768x768.webp 768w","medium_srcset":"https:\/\/www.dzwchafingdish.com\/wp-content\/uploads\/2024\/01\/chafing-dish-with-lid-300x300.webp 300w, https:\/\/www.dzwchafingdish.com\/wp-content\/uploads\/2024\/01\/chafing-dish-with-lid-150x150.webp 150w, https:\/\/www.dzwchafingdish.com\/wp-content\/uploads\/2024\/01\/chafing-dish-with-lid-768x768.webp 768w, https:\/\/www.dzwchafingdish.com\/wp-content\/uploads\/2024\/01\/chafing-dish-with-lid.webp 800w","media_details":{"width":800,"height":800,"sizes":{"medium":{"file":"chafing-dish-with-lid-300x300.webp","width":300,"height":300,"mime-type":"image\/webp","filesize":3146,"source_url":"https:\/\/www.dzwchafingdish.com\/wp-content\/uploads\/2024\/01\/chafing-dish-with-lid-300x300.webp"},"thumbnail":{"file":"chafing-dish-with-lid-150x150.webp","width":150,"height":150,"mime-type":"image\/webp","filesize":1300,"source_url":"https:\/\/www.dzwchafingdish.com\/wp-content\/uploads\/2024\/01\/chafing-dish-with-lid-150x150.webp"},"medium_large":{"file":"chafing-dish-with-lid-768x768.webp","width":768,"height":768,"mime-type":"image\/webp","filesize":10584,"source_url":"https:\/\/www.dzwchafingdish.com\/wp-content\/uploads\/2024\/01\/chafing-dish-with-lid-768x768.webp"}}},"alt_text":"chafing dish with lid","url":"","target":""}]]}},"_links":{"self":[{"href":"https:\/\/www.dzwchafingdish.com\/de\/wp-json\/wp\/v2\/product\/2515","targetHints":{"allow":["GET"]}}],"collection":[{"href":"https:\/\/www.dzwchafingdish.com\/de\/wp-json\/wp\/v2\/product"}],"about":[{"href":"https:\/\/www.dzwchafingdish.com\/de\/wp-json\/wp\/v2\/types\/product"}],"author":[{"embeddable":true,"href":"https:\/\/www.dzwchafingdish.com\/de\/wp-json\/wp\/v2\/users\/1"}],"version-history":[{"count":0,"href":"https:\/\/www.dzwchafingdish.com\/de\/wp-json\/wp\/v2\/product\/2515\/revisions"}],"wp:featuredmedia":[{"embeddable":true,"href":"https:\/\/www.dzwchafingdish.com\/de\/wp-json\/wp\/v2\/media\/2519"}],"wp:attachment":[{"href":"https:\/\/www.dzwchafingdish.com\/de\/wp-json\/wp\/v2\/media?parent=2515"}],"wp:term":[{"taxonomy":"product-categories","embeddable":true,"href":"https:\/\/www.dzwchafingdish.com\/de\/wp-json\/wp\/v2\/product-categories?post=2515"},{"taxonomy":"product-tag","embeddable":true,"href":"https:\/\/www.dzwchafingdish.com\/de\/wp-json\/wp\/v2\/product-tag?post=2515"}],"curies":[{"name":"wp","href":"https:\/\/api.w.org\/{rel}","templated":true}]}}