{"id":2563,"date":"2024-02-02T08:41:48","date_gmt":"2024-02-02T08:41:48","guid":{"rendered":"https:\/\/www.dzwchafingdish.com\/?post_type=product&#038;p=2563"},"modified":"2024-06-15T03:43:35","modified_gmt":"2024-06-15T03:43:35","slug":"chafing-dish-coppery-with-hanging-lid","status":"publish","type":"product","link":"https:\/\/www.dzwchafingdish.com\/de\/product\/chafing-dish-coppery-with-hanging-lid\/","title":{"rendered":"Chafing Dish Coppery 9L mit h\u00e4ngendem Deckel Gro\u00dfhandel"},"content":{"rendered":"<div class=\"wp-block-columns is-layout-flex wp-container-core-columns-is-layout-28f84493 wp-block-columns-is-layout-flex\">\n<div class=\"wp-block-column is-layout-flow wp-block-column-is-layout-flow\">\n<h2 class=\"wp-block-heading\" style=\"font-size:18px\"><strong>Chafing Dish Coppery Dimension<\/strong><\/h2>\n\n\n\n<figure class=\"wp-block-table\"><table><tbody><tr><td>ARTIKEL NR.<\/td><td>GR\u00d6SSE<\/td><td>LENGTH<\/td><td>WIDE<\/td><td>H\u00d6HE<\/td><td>N.W \/SET<\/td><\/tr><tr><td>DZW-S081<\/td><td>9 L<\/td><td>48,5 cm<\/td><td>41,5 cm<\/td><td>73 cm<\/td><td>5400 g<\/td><\/tr><\/tbody><\/table><\/figure>\n<\/div>\n\n\n\n<div class=\"wp-block-column is-layout-flow wp-block-column-is-layout-flow\" style=\"flex-basis:40%\">\n<figure class=\"wp-block-image aligncenter size-full is-resized\"><img fetchpriority=\"high\" decoding=\"async\" width=\"800\" height=\"800\" src=\"https:\/\/www.dzwchafingdish.com\/wp-content\/uploads\/2024\/02\/copper-chafing-dish-wholesale.webp\" alt=\"Kupfer Chafing Dish Gro\u00dfhandel\" class=\"wp-image-2567\" style=\"width:322px;height:auto\" srcset=\"https:\/\/www.dzwchafingdish.com\/wp-content\/uploads\/2024\/02\/copper-chafing-dish-wholesale.webp 800w, https:\/\/www.dzwchafingdish.com\/wp-content\/uploads\/2024\/02\/copper-chafing-dish-wholesale-300x300.webp 300w, https:\/\/www.dzwchafingdish.com\/wp-content\/uploads\/2024\/02\/copper-chafing-dish-wholesale-150x150.webp 150w, https:\/\/www.dzwchafingdish.com\/wp-content\/uploads\/2024\/02\/copper-chafing-dish-wholesale-768x768.webp 768w\" sizes=\"(max-width: 800px) 100vw, 800px\" \/><\/figure>\n<\/div>\n<\/div>\n\n\n\n<div class=\"wp-block-columns is-layout-flex wp-container-core-columns-is-layout-28f84493 wp-block-columns-is-layout-flex\">\n<div class=\"wp-block-column is-layout-flow wp-block-column-is-layout-flow\">\n<figure class=\"wp-block-image aligncenter size-full is-resized\"><img decoding=\"async\" width=\"795\" height=\"795\" src=\"https:\/\/www.dzwchafingdish.com\/wp-content\/uploads\/2024\/02\/chafing-dish-copper-in-bulk.webp\" alt=\"Chafing Dish Kupfer in loser Sch\u00fcttung\" class=\"wp-image-2565\" style=\"width:508px;height:auto\" srcset=\"https:\/\/www.dzwchafingdish.com\/wp-content\/uploads\/2024\/02\/chafing-dish-copper-in-bulk.webp 795w, https:\/\/www.dzwchafingdish.com\/wp-content\/uploads\/2024\/02\/chafing-dish-copper-in-bulk-300x300.webp 300w, https:\/\/www.dzwchafingdish.com\/wp-content\/uploads\/2024\/02\/chafing-dish-copper-in-bulk-150x150.webp 150w, https:\/\/www.dzwchafingdish.com\/wp-content\/uploads\/2024\/02\/chafing-dish-copper-in-bulk-768x768.webp 768w\" sizes=\"(max-width: 795px) 100vw, 795px\" \/><\/figure>\n<\/div>\n\n\n\n<div class=\"wp-block-column is-vertically-aligned-center is-layout-flow wp-block-column-is-layout-flow\" style=\"font-size:18px\">\n<h2 class=\"wp-block-heading\" style=\"font-size:18px\"><strong>Premium Chafing Dish Coppery Merkmale:<\/strong><\/h2>\n\n\n\n<p>Material aus rostfreiem Stahl: Ausgestattet mit einem robusten Edelstahlgeh\u00e4use, das f\u00fcr langfristige Zuverl\u00e4ssigkeit und Haltbarkeit sorgt.<\/p>\n\n\n\n<p>Kupferfarbenes Aussehen: Es hat einen charmanten antiken Stil, der dem Essbereich einen Hauch von Eleganz verleiht.<\/p>\n\n\n\n<p>Hochglanzpolierte Innenauskleidung: verbessert nicht nur das Aussehen und die Textur, sondern ist auch leicht zu reinigen und zu pflegen.<\/p>\n\n\n\n<p>Deckel zum Aufh\u00e4ngen: H\u00e4lt die Speisen warm und macht es f\u00fcr die G\u00e4ste bequemer, sich selbst zu bedienen.<\/p>\n<\/div>\n<\/div>","protected":false},"excerpt":{"rendered":"<p>Chafing Dish Coppery Dimension ITEM NO. GR\u00d6SSE L\u00c4NGE BREITE H\u00d6HE N.W \/SET DZW-S081 9 L 48,5 cm 41,5 cm 73 cm 5400 g Premium Chafing Dish Coppery Merkmale: Material aus rostfreiem Stahl: Ausgestattet mit einem robusten Edelstahl-Chassis, das f\u00fcr langfristige Zuverl\u00e4ssigkeit und Haltbarkeit sorgt. Kupferfarbenes Aussehen: Es hat einen charmanten antiken Stil, der einen Hauch von [...]<\/p>","protected":false},"author":1,"featured_media":2567,"parent":0,"menu_order":0,"template":"","format":"standard","meta":{"_acf_changed":false,"site-sidebar-layout":"default","site-content-layout":"","ast-site-content-layout":"default","site-content-style":"default","site-sidebar-style":"default","ast-global-header-display":"","ast-banner-title-visibility":"","ast-main-header-display":"","ast-hfb-above-header-display":"","ast-hfb-below-header-display":"","ast-hfb-mobile-header-display":"","site-post-title":"","ast-breadcrumbs-content":"","ast-featured-img":"","footer-sml-layout":"","theme-transparent-header-meta":"","adv-header-id-meta":"","stick-header-meta":"","header-above-stick-meta":"","header-main-stick-meta":"","header-below-stick-meta":"","astra-migrate-meta-layouts":"default","ast-page-background-enabled":"default","ast-page-background-meta":{"desktop":{"background-color":"var(--ast-global-color-4)","background-image":"","background-repeat":"repeat","background-position":"center center","background-size":"auto","background-attachment":"scroll","background-type":"","background-media":"","overlay-type":"","overlay-color":"","overlay-opacity":"","overlay-gradient":""},"tablet":{"background-color":"","background-image":"","background-repeat":"repeat","background-position":"center center","background-size":"auto","background-attachment":"scroll","background-type":"","background-media":"","overlay-type":"","overlay-color":"","overlay-opacity":"","overlay-gradient":""},"mobile":{"background-color":"","background-image":"","background-repeat":"repeat","background-position":"center center","background-size":"auto","background-attachment":"scroll","background-type":"","background-media":"","overlay-type":"","overlay-color":"","overlay-opacity":"","overlay-gradient":""}},"ast-content-background-meta":{"desktop":{"background-color":"var(--ast-global-color-5)","background-image":"","background-repeat":"repeat","background-position":"center center","background-size":"auto","background-attachment":"scroll","background-type":"","background-media":"","overlay-type":"","overlay-color":"","overlay-opacity":"","overlay-gradient":""},"tablet":{"background-color":"var(--ast-global-color-5)","background-image":"","background-repeat":"repeat","background-position":"center center","background-size":"auto","background-attachment":"scroll","background-type":"","background-media":"","overlay-type":"","overlay-color":"","overlay-opacity":"","overlay-gradient":""},"mobile":{"background-color":"var(--ast-global-color-5)","background-image":"","background-repeat":"repeat","background-position":"center center","background-size":"auto","background-attachment":"scroll","background-type":"","background-media":"","overlay-type":"","overlay-color":"","overlay-opacity":"","overlay-gradient":""}},"footnotes":""},"product-categories":[63],"product-tag":[97,90,91],"class_list":["post-2563","product","type-product","status-publish","format-standard","has-post-thumbnail","hentry","product-categories-chafing-dish","product-tag-chafing-dish-with-hanging-lid","product-tag-fuel-chafing-dish","product-tag-round-chafing-dish"],"acf":{"title":"Chafing Dish Coppery 9L mit h\u00e4ngendem Deckel Gro\u00dfhandel","title_source":{"label":"Title","type":"text","formatted_value":"Chafing Dish Coppery 9L with Hanging Lid Wholesale"},"short_description":"Chafing Dish Coppery wholesale exclusive to your brand high-grade antique chafer. This chafing dish coppery with fuel holder is a must-have catering equipment for food heating, whether in hotel, restaurants, wedding venues or banquet events.","short_description_source":{"label":"Short description","type":"textarea","formatted_value":"Chafing Dish Coppery wholesale exclusive to your brand high-grade antique chafer. This chafing dish coppery with fuel holder is a must-have catering equipment for food heating, whether in hotel, restaurants, wedding venues or banquet events."},"parameters":"<table border=\"0\" width=\"423\" cellspacing=\"0\" cellpadding=\"0\">\r\n<tbody>\r\n<tr>\r\n<td width=\"166\" height=\"23\">Manufacturer<\/td>\r\n<td width=\"257\">DONGZHAOWEI<\/td>\r\n<\/tr>\r\n<tr>\r\n<td height=\"23\">Material<\/td>\r\n<td>Stainless Steel 201<\/td>\r\n<\/tr>\r\n<tr>\r\n<td height=\"23\">Capacity<\/td>\r\n<td>9.0 L<\/td>\r\n<\/tr>\r\n<tr>\r\n<td height=\"23\">Color<\/td>\r\n<td>Coppery<\/td>\r\n<\/tr>\r\n<tr>\r\n<td height=\"23\">Design<\/td>\r\n<td>Round Shape<\/td>\r\n<\/tr>\r\n<tr>\r\n<td height=\"23\">Lid Type<\/td>\r\n<td>Hanging Lid<\/td>\r\n<\/tr>\r\n<tr>\r\n<td height=\"23\">Heat<\/td>\r\n<td>Fuel<\/td>\r\n<\/tr>\r\n<tr>\r\n<td height=\"23\">Custom<\/td>\r\n<td>Color\/Logo\/Package<\/td>\r\n<\/tr>\r\n<tr>\r\n<td height=\"23\">MOQ<\/td>\r\n<td>200 Sets<\/td>\r\n<\/tr>\r\n<\/tbody>\r\n<\/table>","parameters_source":{"label":"Parameters","type":"wysiwyg","formatted_value":"<table border=\"0\" width=\"423\" cellspacing=\"0\" cellpadding=\"0\">\n<tbody>\n<tr>\n<td width=\"166\" height=\"23\">Manufacturer<\/td>\n<td width=\"257\">DONGZHAOWEI<\/td>\n<\/tr>\n<tr>\n<td height=\"23\">Material<\/td>\n<td>Stainless Steel 201<\/td>\n<\/tr>\n<tr>\n<td height=\"23\">Capacity<\/td>\n<td>9.0 L<\/td>\n<\/tr>\n<tr>\n<td height=\"23\">Color<\/td>\n<td>Coppery<\/td>\n<\/tr>\n<tr>\n<td height=\"23\">Design<\/td>\n<td>Round Shape<\/td>\n<\/tr>\n<tr>\n<td height=\"23\">Lid Type<\/td>\n<td>Hanging Lid<\/td>\n<\/tr>\n<tr>\n<td height=\"23\">Heat<\/td>\n<td>Fuel<\/td>\n<\/tr>\n<tr>\n<td height=\"23\">Custom<\/td>\n<td>Color\/Logo\/Package<\/td>\n<\/tr>\n<tr>\n<td height=\"23\">MOQ<\/td>\n<td>200 Sets<\/td>\n<\/tr>\n<\/tbody>\n<\/table>\n"},"photo_gallery":{"product_gallery":[[{"id":2567,"title":"copper chafing dish wholesale","caption":"copper chafing dish wholesale","full_image_url":"https:\/\/www.dzwchafingdish.com\/wp-content\/uploads\/2024\/02\/copper-chafing-dish-wholesale.webp","thumbnail_image_url":"https:\/\/www.dzwchafingdish.com\/wp-content\/uploads\/2024\/02\/copper-chafing-dish-wholesale-150x150.webp","large_srcset":"https:\/\/www.dzwchafingdish.com\/wp-content\/uploads\/2024\/02\/copper-chafing-dish-wholesale.webp 800w, https:\/\/www.dzwchafingdish.com\/wp-content\/uploads\/2024\/02\/copper-chafing-dish-wholesale-300x300.webp 300w, https:\/\/www.dzwchafingdish.com\/wp-content\/uploads\/2024\/02\/copper-chafing-dish-wholesale-150x150.webp 150w, https:\/\/www.dzwchafingdish.com\/wp-content\/uploads\/2024\/02\/copper-chafing-dish-wholesale-768x768.webp 768w","medium_srcset":"https:\/\/www.dzwchafingdish.com\/wp-content\/uploads\/2024\/02\/copper-chafing-dish-wholesale-300x300.webp 300w, https:\/\/www.dzwchafingdish.com\/wp-content\/uploads\/2024\/02\/copper-chafing-dish-wholesale-150x150.webp 150w, https:\/\/www.dzwchafingdish.com\/wp-content\/uploads\/2024\/02\/copper-chafing-dish-wholesale-768x768.webp 768w, https:\/\/www.dzwchafingdish.com\/wp-content\/uploads\/2024\/02\/copper-chafing-dish-wholesale.webp 800w","media_details":{"width":800,"height":800,"sizes":{"medium":{"file":"copper-chafing-dish-wholesale-300x300.webp","width":300,"height":300,"mime-type":"image\/webp","filesize":9016,"source_url":"https:\/\/www.dzwchafingdish.com\/wp-content\/uploads\/2024\/02\/copper-chafing-dish-wholesale-300x300.webp"},"thumbnail":{"file":"copper-chafing-dish-wholesale-150x150.webp","width":150,"height":150,"mime-type":"image\/webp","filesize":3472,"source_url":"https:\/\/www.dzwchafingdish.com\/wp-content\/uploads\/2024\/02\/copper-chafing-dish-wholesale-150x150.webp"},"medium_large":{"file":"copper-chafing-dish-wholesale-768x768.webp","width":768,"height":768,"mime-type":"image\/webp","filesize":30036,"source_url":"https:\/\/www.dzwchafingdish.com\/wp-content\/uploads\/2024\/02\/copper-chafing-dish-wholesale-768x768.webp"}}},"alt_text":"copper chafing dish wholesale","url":"","target":""},{"id":2566,"title":"copper chafing dish bulk","caption":"copper chafing dish bulk","full_image_url":"https:\/\/www.dzwchafingdish.com\/wp-content\/uploads\/2024\/02\/copper-chafing-dish-bulk.webp","thumbnail_image_url":"https:\/\/www.dzwchafingdish.com\/wp-content\/uploads\/2024\/02\/copper-chafing-dish-bulk-150x150.webp","large_srcset":"https:\/\/www.dzwchafingdish.com\/wp-content\/uploads\/2024\/02\/copper-chafing-dish-bulk.webp 800w, https:\/\/www.dzwchafingdish.com\/wp-content\/uploads\/2024\/02\/copper-chafing-dish-bulk-300x300.webp 300w, https:\/\/www.dzwchafingdish.com\/wp-content\/uploads\/2024\/02\/copper-chafing-dish-bulk-150x150.webp 150w, https:\/\/www.dzwchafingdish.com\/wp-content\/uploads\/2024\/02\/copper-chafing-dish-bulk-768x768.webp 768w","medium_srcset":"https:\/\/www.dzwchafingdish.com\/wp-content\/uploads\/2024\/02\/copper-chafing-dish-bulk-300x300.webp 300w, https:\/\/www.dzwchafingdish.com\/wp-content\/uploads\/2024\/02\/copper-chafing-dish-bulk-150x150.webp 150w, https:\/\/www.dzwchafingdish.com\/wp-content\/uploads\/2024\/02\/copper-chafing-dish-bulk-768x768.webp 768w, https:\/\/www.dzwchafingdish.com\/wp-content\/uploads\/2024\/02\/copper-chafing-dish-bulk.webp 800w","media_details":{"width":800,"height":800,"sizes":{"medium":{"file":"copper-chafing-dish-bulk-300x300.webp","width":300,"height":300,"mime-type":"image\/webp","filesize":7998,"source_url":"https:\/\/www.dzwchafingdish.com\/wp-content\/uploads\/2024\/02\/copper-chafing-dish-bulk-300x300.webp"},"thumbnail":{"file":"copper-chafing-dish-bulk-150x150.webp","width":150,"height":150,"mime-type":"image\/webp","filesize":3100,"source_url":"https:\/\/www.dzwchafingdish.com\/wp-content\/uploads\/2024\/02\/copper-chafing-dish-bulk-150x150.webp"},"medium_large":{"file":"copper-chafing-dish-bulk-768x768.webp","width":768,"height":768,"mime-type":"image\/webp","filesize":28436,"source_url":"https:\/\/www.dzwchafingdish.com\/wp-content\/uploads\/2024\/02\/copper-chafing-dish-bulk-768x768.webp"}}},"alt_text":"copper chafing dish bulk","url":"","target":""},{"id":2569,"title":"wholesale chafing dish copper","caption":"wholesale chafing dish copper","full_image_url":"https:\/\/www.dzwchafingdish.com\/wp-content\/uploads\/2024\/02\/wholesale-chafing-dish-copper.webp","thumbnail_image_url":"https:\/\/www.dzwchafingdish.com\/wp-content\/uploads\/2024\/02\/wholesale-chafing-dish-copper-150x150.webp","large_srcset":"https:\/\/www.dzwchafingdish.com\/wp-content\/uploads\/2024\/02\/wholesale-chafing-dish-copper.webp 800w, https:\/\/www.dzwchafingdish.com\/wp-content\/uploads\/2024\/02\/wholesale-chafing-dish-copper-300x300.webp 300w, https:\/\/www.dzwchafingdish.com\/wp-content\/uploads\/2024\/02\/wholesale-chafing-dish-copper-150x150.webp 150w, https:\/\/www.dzwchafingdish.com\/wp-content\/uploads\/2024\/02\/wholesale-chafing-dish-copper-768x768.webp 768w","medium_srcset":"https:\/\/www.dzwchafingdish.com\/wp-content\/uploads\/2024\/02\/wholesale-chafing-dish-copper-300x300.webp 300w, https:\/\/www.dzwchafingdish.com\/wp-content\/uploads\/2024\/02\/wholesale-chafing-dish-copper-150x150.webp 150w, https:\/\/www.dzwchafingdish.com\/wp-content\/uploads\/2024\/02\/wholesale-chafing-dish-copper-768x768.webp 768w, https:\/\/www.dzwchafingdish.com\/wp-content\/uploads\/2024\/02\/wholesale-chafing-dish-copper.webp 800w","media_details":{"width":800,"height":800,"sizes":{"medium":{"file":"wholesale-chafing-dish-copper-300x300.webp","width":300,"height":300,"mime-type":"image\/webp","filesize":7910,"source_url":"https:\/\/www.dzwchafingdish.com\/wp-content\/uploads\/2024\/02\/wholesale-chafing-dish-copper-300x300.webp"},"thumbnail":{"file":"wholesale-chafing-dish-copper-150x150.webp","width":150,"height":150,"mime-type":"image\/webp","filesize":2952,"source_url":"https:\/\/www.dzwchafingdish.com\/wp-content\/uploads\/2024\/02\/wholesale-chafing-dish-copper-150x150.webp"},"medium_large":{"file":"wholesale-chafing-dish-copper-768x768.webp","width":768,"height":768,"mime-type":"image\/webp","filesize":28052,"source_url":"https:\/\/www.dzwchafingdish.com\/wp-content\/uploads\/2024\/02\/wholesale-chafing-dish-copper-768x768.webp"}}},"alt_text":"wholesale chafing dish copper","url":"","target":""},{"id":2568,"title":"copper chafing dish with hanging lid","caption":"copper chafing dish with hanging lid","full_image_url":"https:\/\/www.dzwchafingdish.com\/wp-content\/uploads\/2024\/02\/copper-chafing-dish-with-hanging-lid.webp","thumbnail_image_url":"https:\/\/www.dzwchafingdish.com\/wp-content\/uploads\/2024\/02\/copper-chafing-dish-with-hanging-lid-150x150.webp","large_srcset":"https:\/\/www.dzwchafingdish.com\/wp-content\/uploads\/2024\/02\/copper-chafing-dish-with-hanging-lid.webp 800w, https:\/\/www.dzwchafingdish.com\/wp-content\/uploads\/2024\/02\/copper-chafing-dish-with-hanging-lid-300x300.webp 300w, https:\/\/www.dzwchafingdish.com\/wp-content\/uploads\/2024\/02\/copper-chafing-dish-with-hanging-lid-150x150.webp 150w, https:\/\/www.dzwchafingdish.com\/wp-content\/uploads\/2024\/02\/copper-chafing-dish-with-hanging-lid-768x768.webp 768w","medium_srcset":"https:\/\/www.dzwchafingdish.com\/wp-content\/uploads\/2024\/02\/copper-chafing-dish-with-hanging-lid-300x300.webp 300w, https:\/\/www.dzwchafingdish.com\/wp-content\/uploads\/2024\/02\/copper-chafing-dish-with-hanging-lid-150x150.webp 150w, https:\/\/www.dzwchafingdish.com\/wp-content\/uploads\/2024\/02\/copper-chafing-dish-with-hanging-lid-768x768.webp 768w, https:\/\/www.dzwchafingdish.com\/wp-content\/uploads\/2024\/02\/copper-chafing-dish-with-hanging-lid.webp 800w","media_details":{"width":800,"height":800,"sizes":{"medium":{"file":"copper-chafing-dish-with-hanging-lid-300x300.webp","width":300,"height":300,"mime-type":"image\/webp","filesize":5210,"source_url":"https:\/\/www.dzwchafingdish.com\/wp-content\/uploads\/2024\/02\/copper-chafing-dish-with-hanging-lid-300x300.webp"},"thumbnail":{"file":"copper-chafing-dish-with-hanging-lid-150x150.webp","width":150,"height":150,"mime-type":"image\/webp","filesize":2012,"source_url":"https:\/\/www.dzwchafingdish.com\/wp-content\/uploads\/2024\/02\/copper-chafing-dish-with-hanging-lid-150x150.webp"},"medium_large":{"file":"copper-chafing-dish-with-hanging-lid-768x768.webp","width":768,"height":768,"mime-type":"image\/webp","filesize":17646,"source_url":"https:\/\/www.dzwchafingdish.com\/wp-content\/uploads\/2024\/02\/copper-chafing-dish-with-hanging-lid-768x768.webp"}}},"alt_text":"copper chafing dish with hanging lid","url":"","target":""},{"id":2565,"title":"chafing dish copper in bulk","caption":"chafing dish copper in bulk","full_image_url":"https:\/\/www.dzwchafingdish.com\/wp-content\/uploads\/2024\/02\/chafing-dish-copper-in-bulk.webp","thumbnail_image_url":"https:\/\/www.dzwchafingdish.com\/wp-content\/uploads\/2024\/02\/chafing-dish-copper-in-bulk-150x150.webp","large_srcset":"https:\/\/www.dzwchafingdish.com\/wp-content\/uploads\/2024\/02\/chafing-dish-copper-in-bulk.webp 795w, https:\/\/www.dzwchafingdish.com\/wp-content\/uploads\/2024\/02\/chafing-dish-copper-in-bulk-300x300.webp 300w, https:\/\/www.dzwchafingdish.com\/wp-content\/uploads\/2024\/02\/chafing-dish-copper-in-bulk-150x150.webp 150w, https:\/\/www.dzwchafingdish.com\/wp-content\/uploads\/2024\/02\/chafing-dish-copper-in-bulk-768x768.webp 768w","medium_srcset":"https:\/\/www.dzwchafingdish.com\/wp-content\/uploads\/2024\/02\/chafing-dish-copper-in-bulk-300x300.webp 300w, https:\/\/www.dzwchafingdish.com\/wp-content\/uploads\/2024\/02\/chafing-dish-copper-in-bulk-150x150.webp 150w, https:\/\/www.dzwchafingdish.com\/wp-content\/uploads\/2024\/02\/chafing-dish-copper-in-bulk-768x768.webp 768w, https:\/\/www.dzwchafingdish.com\/wp-content\/uploads\/2024\/02\/chafing-dish-copper-in-bulk.webp 795w","media_details":{"width":795,"height":795,"sizes":{"medium":{"file":"chafing-dish-copper-in-bulk-300x300.webp","width":300,"height":300,"mime-type":"image\/webp","filesize":25054,"source_url":"https:\/\/www.dzwchafingdish.com\/wp-content\/uploads\/2024\/02\/chafing-dish-copper-in-bulk-300x300.webp"},"thumbnail":{"file":"chafing-dish-copper-in-bulk-150x150.webp","width":150,"height":150,"mime-type":"image\/webp","filesize":7776,"source_url":"https:\/\/www.dzwchafingdish.com\/wp-content\/uploads\/2024\/02\/chafing-dish-copper-in-bulk-150x150.webp"},"medium_large":{"file":"chafing-dish-copper-in-bulk-768x768.webp","width":768,"height":768,"mime-type":"image\/webp","filesize":119290,"source_url":"https:\/\/www.dzwchafingdish.com\/wp-content\/uploads\/2024\/02\/chafing-dish-copper-in-bulk-768x768.webp"}}},"alt_text":"chafing dish copper in bulk","url":"","target":""},{"id":2564,"title":"chafing dish copper custom","caption":"chafing dish copper custom","full_image_url":"https:\/\/www.dzwchafingdish.com\/wp-content\/uploads\/2024\/02\/chafing-dish-copper-custom.webp","thumbnail_image_url":"https:\/\/www.dzwchafingdish.com\/wp-content\/uploads\/2024\/02\/chafing-dish-copper-custom-150x150.webp","large_srcset":"https:\/\/www.dzwchafingdish.com\/wp-content\/uploads\/2024\/02\/chafing-dish-copper-custom.webp 800w, https:\/\/www.dzwchafingdish.com\/wp-content\/uploads\/2024\/02\/chafing-dish-copper-custom-300x300.webp 300w, https:\/\/www.dzwchafingdish.com\/wp-content\/uploads\/2024\/02\/chafing-dish-copper-custom-150x150.webp 150w, https:\/\/www.dzwchafingdish.com\/wp-content\/uploads\/2024\/02\/chafing-dish-copper-custom-768x768.webp 768w","medium_srcset":"https:\/\/www.dzwchafingdish.com\/wp-content\/uploads\/2024\/02\/chafing-dish-copper-custom-300x300.webp 300w, https:\/\/www.dzwchafingdish.com\/wp-content\/uploads\/2024\/02\/chafing-dish-copper-custom-150x150.webp 150w, https:\/\/www.dzwchafingdish.com\/wp-content\/uploads\/2024\/02\/chafing-dish-copper-custom-768x768.webp 768w, https:\/\/www.dzwchafingdish.com\/wp-content\/uploads\/2024\/02\/chafing-dish-copper-custom.webp 800w","media_details":{"width":800,"height":800,"sizes":{"medium":{"file":"chafing-dish-copper-custom-300x300.webp","width":300,"height":300,"mime-type":"image\/webp","filesize":9768,"source_url":"https:\/\/www.dzwchafingdish.com\/wp-content\/uploads\/2024\/02\/chafing-dish-copper-custom-300x300.webp"},"thumbnail":{"file":"chafing-dish-copper-custom-150x150.webp","width":150,"height":150,"mime-type":"image\/webp","filesize":3616,"source_url":"https:\/\/www.dzwchafingdish.com\/wp-content\/uploads\/2024\/02\/chafing-dish-copper-custom-150x150.webp"},"medium_large":{"file":"chafing-dish-copper-custom-768x768.webp","width":768,"height":768,"mime-type":"image\/webp","filesize":32464,"source_url":"https:\/\/www.dzwchafingdish.com\/wp-content\/uploads\/2024\/02\/chafing-dish-copper-custom-768x768.webp"}}},"alt_text":"chafing dish copper custom","url":"","target":""}]]}},"_links":{"self":[{"href":"https:\/\/www.dzwchafingdish.com\/de\/wp-json\/wp\/v2\/product\/2563","targetHints":{"allow":["GET"]}}],"collection":[{"href":"https:\/\/www.dzwchafingdish.com\/de\/wp-json\/wp\/v2\/product"}],"about":[{"href":"https:\/\/www.dzwchafingdish.com\/de\/wp-json\/wp\/v2\/types\/product"}],"author":[{"embeddable":true,"href":"https:\/\/www.dzwchafingdish.com\/de\/wp-json\/wp\/v2\/users\/1"}],"version-history":[{"count":0,"href":"https:\/\/www.dzwchafingdish.com\/de\/wp-json\/wp\/v2\/product\/2563\/revisions"}],"wp:featuredmedia":[{"embeddable":true,"href":"https:\/\/www.dzwchafingdish.com\/de\/wp-json\/wp\/v2\/media\/2567"}],"wp:attachment":[{"href":"https:\/\/www.dzwchafingdish.com\/de\/wp-json\/wp\/v2\/media?parent=2563"}],"wp:term":[{"taxonomy":"product-categories","embeddable":true,"href":"https:\/\/www.dzwchafingdish.com\/de\/wp-json\/wp\/v2\/product-categories?post=2563"},{"taxonomy":"product-tag","embeddable":true,"href":"https:\/\/www.dzwchafingdish.com\/de\/wp-json\/wp\/v2\/product-tag?post=2563"}],"curies":[{"name":"wp","href":"https:\/\/api.w.org\/{rel}","templated":true}]}}