{"id":2572,"date":"2024-02-02T09:31:21","date_gmt":"2024-02-02T09:31:21","guid":{"rendered":"https:\/\/www.dzwchafingdish.com\/?post_type=product&#038;p=2572"},"modified":"2024-06-12T08:12:22","modified_gmt":"2024-06-12T08:12:22","slug":"hot-drink-dispenser","status":"publish","type":"product","link":"https:\/\/www.dzwchafingdish.com\/de\/product\/hot-drink-dispenser\/","title":{"rendered":"Individueller Hei\u00dfgetr\u00e4nkespender aus Edelstahl 8-12L"},"content":{"rendered":"<div class=\"wp-block-columns is-layout-flex wp-container-core-columns-is-layout-28f84493 wp-block-columns-is-layout-flex\">\n<div class=\"wp-block-column is-layout-flow wp-block-column-is-layout-flow\">\n<h2 class=\"wp-block-heading\" style=\"font-size:18px\"><strong>Hei\u00dfgetr\u00e4nke-Spender Dimension<\/strong><\/h2>\n\n\n\n<figure class=\"wp-block-table\"><table><tbody><tr><td>ARTIKEL NR.<\/td><td>GR\u00d6SSE<\/td><td>LENGTH<\/td><td>WIDE<\/td><td>H\u00d6HE<\/td><td>N.W \/SET<\/td><\/tr><tr><td>DZW-M080<\/td><td>8 L<\/td><td>24,3 cm<\/td><td>24,3 cm<\/td><td>27,5 cm<\/td><td>1860 g<\/td><\/tr><tr><td>DZW-M010<\/td><td>10 L<\/td><td>24,3 cm<\/td><td>24,3 cm<\/td><td>32,5 cm<\/td><td>1950 g<\/td><\/tr><tr><td>DZW-M010<\/td><td>12 L<\/td><td>24,3 cm<\/td><td>24,3 cm<\/td><td>38 cm<\/td><td>2250 g<\/td><\/tr><\/tbody><\/table><\/figure>\n<\/div>\n\n\n\n<div class=\"wp-block-column is-layout-flow wp-block-column-is-layout-flow\">\n<figure class=\"wp-block-image aligncenter size-full is-resized\"><img fetchpriority=\"high\" decoding=\"async\" width=\"800\" height=\"796\" src=\"https:\/\/www.dzwchafingdish.com\/wp-content\/uploads\/2024\/02\/wholesale-insulated-drink-dispenser.webp\" alt=\"Gro\u00dfhandel isolierte Getr\u00e4nkespender\" class=\"wp-image-2579\" style=\"width:426px;height:auto\" srcset=\"https:\/\/www.dzwchafingdish.com\/wp-content\/uploads\/2024\/02\/wholesale-insulated-drink-dispenser.webp 800w, https:\/\/www.dzwchafingdish.com\/wp-content\/uploads\/2024\/02\/wholesale-insulated-drink-dispenser-300x300.webp 300w, https:\/\/www.dzwchafingdish.com\/wp-content\/uploads\/2024\/02\/wholesale-insulated-drink-dispenser-150x150.webp 150w, https:\/\/www.dzwchafingdish.com\/wp-content\/uploads\/2024\/02\/wholesale-insulated-drink-dispenser-768x764.webp 768w\" sizes=\"(max-width: 800px) 100vw, 800px\" \/><\/figure>\n<\/div>\n<\/div>\n\n\n\n<div class=\"wp-block-columns is-layout-flex wp-container-core-columns-is-layout-28f84493 wp-block-columns-is-layout-flex\">\n<div class=\"wp-block-column is-layout-flow wp-block-column-is-layout-flow\">\n<div class=\"wp-block-columns is-layout-flex wp-container-core-columns-is-layout-28f84493 wp-block-columns-is-layout-flex\">\n<div class=\"wp-block-column is-layout-flow wp-block-column-is-layout-flow\">\n<figure class=\"wp-block-image size-full\"><img decoding=\"async\" width=\"800\" height=\"1084\" src=\"https:\/\/www.dzwchafingdish.com\/wp-content\/uploads\/2024\/02\/insulated-drink-dispenser-supplier.webp\" alt=\"Lieferant f\u00fcr isolierte Getr\u00e4nkespender\" class=\"wp-image-2576\" srcset=\"https:\/\/www.dzwchafingdish.com\/wp-content\/uploads\/2024\/02\/insulated-drink-dispenser-supplier.webp 800w, https:\/\/www.dzwchafingdish.com\/wp-content\/uploads\/2024\/02\/insulated-drink-dispenser-supplier-221x300.webp 221w, https:\/\/www.dzwchafingdish.com\/wp-content\/uploads\/2024\/02\/insulated-drink-dispenser-supplier-768x1041.webp 768w\" sizes=\"(max-width: 800px) 100vw, 800px\" \/><\/figure>\n<\/div>\n\n\n\n<div class=\"wp-block-column is-layout-flow wp-block-column-is-layout-flow\">\n<figure class=\"wp-block-image size-full\"><img decoding=\"async\" width=\"800\" height=\"1044\" src=\"https:\/\/www.dzwchafingdish.com\/wp-content\/uploads\/2024\/02\/insulated-drink-dispenser-wholesale.webp\" alt=\"isolierte Getr\u00e4nkespender im Gro\u00dfhandel\" class=\"wp-image-2577\" srcset=\"https:\/\/www.dzwchafingdish.com\/wp-content\/uploads\/2024\/02\/insulated-drink-dispenser-wholesale.webp 800w, https:\/\/www.dzwchafingdish.com\/wp-content\/uploads\/2024\/02\/insulated-drink-dispenser-wholesale-230x300.webp 230w, https:\/\/www.dzwchafingdish.com\/wp-content\/uploads\/2024\/02\/insulated-drink-dispenser-wholesale-768x1002.webp 768w\" sizes=\"(max-width: 800px) 100vw, 800px\" \/><\/figure>\n<\/div>\n<\/div>\n<\/div>\n\n\n\n<div class=\"wp-block-column is-layout-flow wp-block-column-is-layout-flow\" style=\"font-size:18px\">\n<h2 class=\"wp-block-heading\" style=\"font-size:18px\"><strong>Premium-Hei\u00dfgetr\u00e4nke-Spender Merkmale:<\/strong><\/h2>\n\n\n\n<p>Ausgezeichnete Isolierleistung: Mehrschichtiger Aufbau: Die innere Auskleidung besteht aus Edelstahl 304, sicher und leicht zu reinigen. Die w\u00e4rmeisolierende Schaumstoffschicht reduziert effektiv den W\u00e4rmeverlust, w\u00e4hrend der \u00e4u\u00dfere Edelstahl f\u00fcr Haltbarkeit und Attraktivit\u00e4t sorgt.<\/p>\n\n\n\n<p>Tragbarer Griff: Mit dem stabilen Griff l\u00e4sst sich das Ger\u00e4t leicht tragen und auskippen, was zus\u00e4tzlichen Komfort bietet.<\/p>\n\n\n\n<p>Klappbares Stativ: Bietet eine solide St\u00fctzstruktur und l\u00e4sst sich zur Aufbewahrung leicht zusammenklappen, so dass es einfach zu transportieren und platzsparend ist.<\/p>\n<\/div>\n<\/div>","protected":false},"excerpt":{"rendered":"<p>Hot Drink Dispenser Dimension ITEM NO. SIZE LENGTH WIDE HIGHT N.W \/SET DZW-M080 8 L 24.3 cm 24.3 cm 27.5 cm 1860 g DZW-M010 10 L 24.3 cm 24.3 cm 32.5 cm 1950 g DZW-M010 12 L 24.3 cm 24.3 cm 38 cm 2250 g Premium Hot Drink Dispenser Features: Excellent insulation performance: Multi-layer structure [&hellip;]<\/p>","protected":false},"author":1,"featured_media":2575,"parent":0,"menu_order":0,"template":"","format":"standard","meta":{"_acf_changed":false,"site-sidebar-layout":"default","site-content-layout":"","ast-site-content-layout":"default","site-content-style":"default","site-sidebar-style":"default","ast-global-header-display":"","ast-banner-title-visibility":"","ast-main-header-display":"","ast-hfb-above-header-display":"","ast-hfb-below-header-display":"","ast-hfb-mobile-header-display":"","site-post-title":"","ast-breadcrumbs-content":"","ast-featured-img":"","footer-sml-layout":"","theme-transparent-header-meta":"","adv-header-id-meta":"","stick-header-meta":"","header-above-stick-meta":"","header-main-stick-meta":"","header-below-stick-meta":"","astra-migrate-meta-layouts":"default","ast-page-background-enabled":"default","ast-page-background-meta":{"desktop":{"background-color":"var(--ast-global-color-4)","background-image":"","background-repeat":"repeat","background-position":"center center","background-size":"auto","background-attachment":"scroll","background-type":"","background-media":"","overlay-type":"","overlay-color":"","overlay-opacity":"","overlay-gradient":""},"tablet":{"background-color":"","background-image":"","background-repeat":"repeat","background-position":"center center","background-size":"auto","background-attachment":"scroll","background-type":"","background-media":"","overlay-type":"","overlay-color":"","overlay-opacity":"","overlay-gradient":""},"mobile":{"background-color":"","background-image":"","background-repeat":"repeat","background-position":"center center","background-size":"auto","background-attachment":"scroll","background-type":"","background-media":"","overlay-type":"","overlay-color":"","overlay-opacity":"","overlay-gradient":""}},"ast-content-background-meta":{"desktop":{"background-color":"var(--ast-global-color-5)","background-image":"","background-repeat":"repeat","background-position":"center center","background-size":"auto","background-attachment":"scroll","background-type":"","background-media":"","overlay-type":"","overlay-color":"","overlay-opacity":"","overlay-gradient":""},"tablet":{"background-color":"var(--ast-global-color-5)","background-image":"","background-repeat":"repeat","background-position":"center center","background-size":"auto","background-attachment":"scroll","background-type":"","background-media":"","overlay-type":"","overlay-color":"","overlay-opacity":"","overlay-gradient":""},"mobile":{"background-color":"var(--ast-global-color-5)","background-image":"","background-repeat":"repeat","background-position":"center center","background-size":"auto","background-attachment":"scroll","background-type":"","background-media":"","overlay-type":"","overlay-color":"","overlay-opacity":"","overlay-gradient":""}},"footnotes":""},"product-categories":[64],"product-tag":[],"class_list":["post-2572","product","type-product","status-publish","format-standard","has-post-thumbnail","hentry","product-categories-drink-dispenser"],"acf":{"title":"Individueller Hei\u00dfgetr\u00e4nkespender aus Edelstahl 8-12L","title_source":{"label":"Title","type":"text","formatted_value":"Custom Hot Drink Dispenser Stainless Steel 8-12L"},"short_description":"This hot drink dispenser ensures that hot beverages maintain the ideal temperature for a long time, with a variety of capacities to choose from to meet your different catering service needs.","short_description_source":{"label":"Short description","type":"textarea","formatted_value":"This hot drink dispenser ensures that hot beverages maintain the ideal temperature for a long time, with a variety of capacities to choose from to meet your different catering service needs."},"parameters":"<table border=\"0\" width=\"423\" cellspacing=\"0\" cellpadding=\"0\">\r\n<tbody>\r\n<tr>\r\n<td width=\"166\" height=\"23\">Manufacturer<\/td>\r\n<td width=\"257\">DONGZHAOWEI<\/td>\r\n<\/tr>\r\n<tr>\r\n<td height=\"23\">Material<\/td>\r\n<td>Stainless Steel 304 and Plastic<\/td>\r\n<\/tr>\r\n<tr>\r\n<td height=\"23\">Capacity<\/td>\r\n<td>8 L; 10 L; 12 L<\/td>\r\n<\/tr>\r\n<tr>\r\n<td height=\"24\">Color<\/td>\r\n<td>Black \/ Red \/ Brown<\/td>\r\n<\/tr>\r\n<tr>\r\n<td height=\"24\">Design<\/td>\r\n<td>With stand , Handle and Spigot<\/td>\r\n<\/tr>\r\n<tr>\r\n<td height=\"24\">Shape<\/td>\r\n<td>Barrel Shape<\/td>\r\n<\/tr>\r\n<tr>\r\n<td height=\"24\">Custom<\/td>\r\n<td>Color\/Logo\/Package<\/td>\r\n<\/tr>\r\n<tr>\r\n<td height=\"23\">MOQ<\/td>\r\n<td>20 Sets<\/td>\r\n<\/tr>\r\n<\/tbody>\r\n<\/table>","parameters_source":{"label":"Parameters","type":"wysiwyg","formatted_value":"<table border=\"0\" width=\"423\" cellspacing=\"0\" cellpadding=\"0\">\n<tbody>\n<tr>\n<td width=\"166\" height=\"23\">Manufacturer<\/td>\n<td width=\"257\">DONGZHAOWEI<\/td>\n<\/tr>\n<tr>\n<td height=\"23\">Material<\/td>\n<td>Stainless Steel 304 and Plastic<\/td>\n<\/tr>\n<tr>\n<td height=\"23\">Capacity<\/td>\n<td>8 L; 10 L; 12 L<\/td>\n<\/tr>\n<tr>\n<td height=\"24\">Color<\/td>\n<td>Black \/ Red \/ Brown<\/td>\n<\/tr>\n<tr>\n<td height=\"24\">Design<\/td>\n<td>With stand , Handle and Spigot<\/td>\n<\/tr>\n<tr>\n<td height=\"24\">Shape<\/td>\n<td>Barrel Shape<\/td>\n<\/tr>\n<tr>\n<td height=\"24\">Custom<\/td>\n<td>Color\/Logo\/Package<\/td>\n<\/tr>\n<tr>\n<td height=\"23\">MOQ<\/td>\n<td>20 Sets<\/td>\n<\/tr>\n<\/tbody>\n<\/table>\n"},"photo_gallery":{"product_gallery":[[{"id":2575,"title":"hot drink dispenser wholesale","caption":"hot drink dispenser wholesale","full_image_url":"https:\/\/www.dzwchafingdish.com\/wp-content\/uploads\/2024\/02\/hot-drink-dispenser-wholesale.webp","thumbnail_image_url":"https:\/\/www.dzwchafingdish.com\/wp-content\/uploads\/2024\/02\/hot-drink-dispenser-wholesale-150x150.webp","large_srcset":"https:\/\/www.dzwchafingdish.com\/wp-content\/uploads\/2024\/02\/hot-drink-dispenser-wholesale.webp 800w, https:\/\/www.dzwchafingdish.com\/wp-content\/uploads\/2024\/02\/hot-drink-dispenser-wholesale-300x300.webp 300w, https:\/\/www.dzwchafingdish.com\/wp-content\/uploads\/2024\/02\/hot-drink-dispenser-wholesale-150x150.webp 150w, https:\/\/www.dzwchafingdish.com\/wp-content\/uploads\/2024\/02\/hot-drink-dispenser-wholesale-768x768.webp 768w","medium_srcset":"https:\/\/www.dzwchafingdish.com\/wp-content\/uploads\/2024\/02\/hot-drink-dispenser-wholesale-300x300.webp 300w, https:\/\/www.dzwchafingdish.com\/wp-content\/uploads\/2024\/02\/hot-drink-dispenser-wholesale-150x150.webp 150w, https:\/\/www.dzwchafingdish.com\/wp-content\/uploads\/2024\/02\/hot-drink-dispenser-wholesale-768x768.webp 768w, https:\/\/www.dzwchafingdish.com\/wp-content\/uploads\/2024\/02\/hot-drink-dispenser-wholesale.webp 800w","media_details":{"width":800,"height":800,"sizes":{"medium":{"file":"hot-drink-dispenser-wholesale-300x300.webp","width":300,"height":300,"mime-type":"image\/webp","filesize":7950,"source_url":"https:\/\/www.dzwchafingdish.com\/wp-content\/uploads\/2024\/02\/hot-drink-dispenser-wholesale-300x300.webp"},"thumbnail":{"file":"hot-drink-dispenser-wholesale-150x150.webp","width":150,"height":150,"mime-type":"image\/webp","filesize":3428,"source_url":"https:\/\/www.dzwchafingdish.com\/wp-content\/uploads\/2024\/02\/hot-drink-dispenser-wholesale-150x150.webp"},"medium_large":{"file":"hot-drink-dispenser-wholesale-768x768.webp","width":768,"height":768,"mime-type":"image\/webp","filesize":23846,"source_url":"https:\/\/www.dzwchafingdish.com\/wp-content\/uploads\/2024\/02\/hot-drink-dispenser-wholesale-768x768.webp"}}},"alt_text":"hot drink dispenser wholesale","url":"","target":""},{"id":2578,"title":"wholesale hot drink dispenser","caption":"wholesale hot drink dispenser","full_image_url":"https:\/\/www.dzwchafingdish.com\/wp-content\/uploads\/2024\/02\/wholesale-hot-drink-dispenser.webp","thumbnail_image_url":"https:\/\/www.dzwchafingdish.com\/wp-content\/uploads\/2024\/02\/wholesale-hot-drink-dispenser-150x150.webp","large_srcset":"https:\/\/www.dzwchafingdish.com\/wp-content\/uploads\/2024\/02\/wholesale-hot-drink-dispenser.webp 800w, https:\/\/www.dzwchafingdish.com\/wp-content\/uploads\/2024\/02\/wholesale-hot-drink-dispenser-300x300.webp 300w, https:\/\/www.dzwchafingdish.com\/wp-content\/uploads\/2024\/02\/wholesale-hot-drink-dispenser-150x150.webp 150w, https:\/\/www.dzwchafingdish.com\/wp-content\/uploads\/2024\/02\/wholesale-hot-drink-dispenser-768x768.webp 768w","medium_srcset":"https:\/\/www.dzwchafingdish.com\/wp-content\/uploads\/2024\/02\/wholesale-hot-drink-dispenser-300x300.webp 300w, https:\/\/www.dzwchafingdish.com\/wp-content\/uploads\/2024\/02\/wholesale-hot-drink-dispenser-150x150.webp 150w, https:\/\/www.dzwchafingdish.com\/wp-content\/uploads\/2024\/02\/wholesale-hot-drink-dispenser-768x768.webp 768w, https:\/\/www.dzwchafingdish.com\/wp-content\/uploads\/2024\/02\/wholesale-hot-drink-dispenser.webp 800w","media_details":{"width":800,"height":800,"sizes":{"medium":{"file":"wholesale-hot-drink-dispenser-300x300.webp","width":300,"height":300,"mime-type":"image\/webp","filesize":5450,"source_url":"https:\/\/www.dzwchafingdish.com\/wp-content\/uploads\/2024\/02\/wholesale-hot-drink-dispenser-300x300.webp"},"thumbnail":{"file":"wholesale-hot-drink-dispenser-150x150.webp","width":150,"height":150,"mime-type":"image\/webp","filesize":2386,"source_url":"https:\/\/www.dzwchafingdish.com\/wp-content\/uploads\/2024\/02\/wholesale-hot-drink-dispenser-150x150.webp"},"medium_large":{"file":"wholesale-hot-drink-dispenser-768x768.webp","width":768,"height":768,"mime-type":"image\/webp","filesize":17456,"source_url":"https:\/\/www.dzwchafingdish.com\/wp-content\/uploads\/2024\/02\/wholesale-hot-drink-dispenser-768x768.webp"}}},"alt_text":"wholesale hot drink dispenser","url":"","target":""},{"id":2573,"title":"304 hot drink dispenser","caption":"304 hot drink dispenser","full_image_url":"https:\/\/www.dzwchafingdish.com\/wp-content\/uploads\/2024\/02\/304-hot-drink-dispenser.webp","thumbnail_image_url":"https:\/\/www.dzwchafingdish.com\/wp-content\/uploads\/2024\/02\/304-hot-drink-dispenser-150x150.webp","large_srcset":"https:\/\/www.dzwchafingdish.com\/wp-content\/uploads\/2024\/02\/304-hot-drink-dispenser.webp 800w, https:\/\/www.dzwchafingdish.com\/wp-content\/uploads\/2024\/02\/304-hot-drink-dispenser-300x300.webp 300w, https:\/\/www.dzwchafingdish.com\/wp-content\/uploads\/2024\/02\/304-hot-drink-dispenser-150x150.webp 150w, https:\/\/www.dzwchafingdish.com\/wp-content\/uploads\/2024\/02\/304-hot-drink-dispenser-768x768.webp 768w","medium_srcset":"https:\/\/www.dzwchafingdish.com\/wp-content\/uploads\/2024\/02\/304-hot-drink-dispenser-300x300.webp 300w, https:\/\/www.dzwchafingdish.com\/wp-content\/uploads\/2024\/02\/304-hot-drink-dispenser-150x150.webp 150w, https:\/\/www.dzwchafingdish.com\/wp-content\/uploads\/2024\/02\/304-hot-drink-dispenser-768x768.webp 768w, https:\/\/www.dzwchafingdish.com\/wp-content\/uploads\/2024\/02\/304-hot-drink-dispenser.webp 800w","media_details":{"width":800,"height":800,"sizes":{"medium":{"file":"304-hot-drink-dispenser-300x300.webp","width":300,"height":300,"mime-type":"image\/webp","filesize":11642,"source_url":"https:\/\/www.dzwchafingdish.com\/wp-content\/uploads\/2024\/02\/304-hot-drink-dispenser-300x300.webp"},"thumbnail":{"file":"304-hot-drink-dispenser-150x150.webp","width":150,"height":150,"mime-type":"image\/webp","filesize":4288,"source_url":"https:\/\/www.dzwchafingdish.com\/wp-content\/uploads\/2024\/02\/304-hot-drink-dispenser-150x150.webp"},"medium_large":{"file":"304-hot-drink-dispenser-768x768.webp","width":768,"height":768,"mime-type":"image\/webp","filesize":36770,"source_url":"https:\/\/www.dzwchafingdish.com\/wp-content\/uploads\/2024\/02\/304-hot-drink-dispenser-768x768.webp"}}},"alt_text":"304 hot drink dispenser","url":"","target":""},{"id":2574,"title":"hot drink dispenser bulk","caption":"hot drink dispenser bulk","full_image_url":"https:\/\/www.dzwchafingdish.com\/wp-content\/uploads\/2024\/02\/hot-drink-dispenser-bulk.webp","thumbnail_image_url":"https:\/\/www.dzwchafingdish.com\/wp-content\/uploads\/2024\/02\/hot-drink-dispenser-bulk-150x150.webp","large_srcset":"https:\/\/www.dzwchafingdish.com\/wp-content\/uploads\/2024\/02\/hot-drink-dispenser-bulk.webp 800w, https:\/\/www.dzwchafingdish.com\/wp-content\/uploads\/2024\/02\/hot-drink-dispenser-bulk-300x300.webp 300w, https:\/\/www.dzwchafingdish.com\/wp-content\/uploads\/2024\/02\/hot-drink-dispenser-bulk-150x150.webp 150w, https:\/\/www.dzwchafingdish.com\/wp-content\/uploads\/2024\/02\/hot-drink-dispenser-bulk-768x768.webp 768w","medium_srcset":"https:\/\/www.dzwchafingdish.com\/wp-content\/uploads\/2024\/02\/hot-drink-dispenser-bulk-300x300.webp 300w, https:\/\/www.dzwchafingdish.com\/wp-content\/uploads\/2024\/02\/hot-drink-dispenser-bulk-150x150.webp 150w, https:\/\/www.dzwchafingdish.com\/wp-content\/uploads\/2024\/02\/hot-drink-dispenser-bulk-768x768.webp 768w, https:\/\/www.dzwchafingdish.com\/wp-content\/uploads\/2024\/02\/hot-drink-dispenser-bulk.webp 800w","media_details":{"width":800,"height":800,"sizes":{"medium":{"file":"hot-drink-dispenser-bulk-300x300.webp","width":300,"height":300,"mime-type":"image\/webp","filesize":3626,"source_url":"https:\/\/www.dzwchafingdish.com\/wp-content\/uploads\/2024\/02\/hot-drink-dispenser-bulk-300x300.webp"},"thumbnail":{"file":"hot-drink-dispenser-bulk-150x150.webp","width":150,"height":150,"mime-type":"image\/webp","filesize":1556,"source_url":"https:\/\/www.dzwchafingdish.com\/wp-content\/uploads\/2024\/02\/hot-drink-dispenser-bulk-150x150.webp"},"medium_large":{"file":"hot-drink-dispenser-bulk-768x768.webp","width":768,"height":768,"mime-type":"image\/webp","filesize":11128,"source_url":"https:\/\/www.dzwchafingdish.com\/wp-content\/uploads\/2024\/02\/hot-drink-dispenser-bulk-768x768.webp"}}},"alt_text":"hot drink dispenser bulk","url":"","target":""}]]}},"_links":{"self":[{"href":"https:\/\/www.dzwchafingdish.com\/de\/wp-json\/wp\/v2\/product\/2572","targetHints":{"allow":["GET"]}}],"collection":[{"href":"https:\/\/www.dzwchafingdish.com\/de\/wp-json\/wp\/v2\/product"}],"about":[{"href":"https:\/\/www.dzwchafingdish.com\/de\/wp-json\/wp\/v2\/types\/product"}],"author":[{"embeddable":true,"href":"https:\/\/www.dzwchafingdish.com\/de\/wp-json\/wp\/v2\/users\/1"}],"version-history":[{"count":0,"href":"https:\/\/www.dzwchafingdish.com\/de\/wp-json\/wp\/v2\/product\/2572\/revisions"}],"wp:featuredmedia":[{"embeddable":true,"href":"https:\/\/www.dzwchafingdish.com\/de\/wp-json\/wp\/v2\/media\/2575"}],"wp:attachment":[{"href":"https:\/\/www.dzwchafingdish.com\/de\/wp-json\/wp\/v2\/media?parent=2572"}],"wp:term":[{"taxonomy":"product-categories","embeddable":true,"href":"https:\/\/www.dzwchafingdish.com\/de\/wp-json\/wp\/v2\/product-categories?post=2572"},{"taxonomy":"product-tag","embeddable":true,"href":"https:\/\/www.dzwchafingdish.com\/de\/wp-json\/wp\/v2\/product-tag?post=2572"}],"curies":[{"name":"wp","href":"https:\/\/api.w.org\/{rel}","templated":true}]}}