{"id":2659,"date":"2024-02-06T13:45:38","date_gmt":"2024-02-06T13:45:38","guid":{"rendered":"https:\/\/www.dzwchafingdish.com\/?post_type=product&#038;p=2659"},"modified":"2024-06-12T07:50:20","modified_gmt":"2024-06-12T07:50:20","slug":"square-cake-stand","status":"publish","type":"product","link":"https:\/\/www.dzwchafingdish.com\/de\/product\/square-cake-stand\/","title":{"rendered":"Individueller quadratischer Tortenst\u00e4nder mit verschiedenen H\u00f6hen"},"content":{"rendered":"<div class=\"wp-block-columns is-layout-flex wp-container-core-columns-is-layout-28f84493 wp-block-columns-is-layout-flex\">\n<div class=\"wp-block-column is-layout-flow wp-block-column-is-layout-flow\">\n<h2 class=\"wp-block-heading\" style=\"font-size:18px\"><strong>Quadratischer Tortenst\u00e4nder Dimension<\/strong><\/h2>\n\n\n\n<figure class=\"wp-block-table\"><table><tbody><tr><td>ARTIKEL NR.<\/td><td>LENGTH<\/td><td>WIDE<\/td><td>H\u00d6HE<\/td><td>N.W \/SET<\/td><\/tr><tr><td rowspan=\"5\">DZW-SR15<\/td><td>19cm<\/td><td>19cm<\/td><td>10cm<\/td><td>14,4 kg<\/td><\/tr><tr><td>21cm<\/td><td>21cm<\/td><td>15cm<\/td><td>14,4 kg<\/td><\/tr><tr><td>23cm<\/td><td>23cm<\/td><td>20cm<\/td><td>14,4 kg<\/td><\/tr><tr><td>25cm<\/td><td>25cm<\/td><td>25cm<\/td><td>14,4 kg<\/td><\/tr><tr><td>27cm<\/td><td>27cm<\/td><td>30cm<\/td><td>14,4 kg<\/td><\/tr><\/tbody><\/table><\/figure>\n<\/div>\n\n\n\n<div class=\"wp-block-column is-layout-flow wp-block-column-is-layout-flow\">\n<figure class=\"wp-block-image aligncenter size-full is-resized\"><img fetchpriority=\"high\" decoding=\"async\" width=\"800\" height=\"800\" src=\"https:\/\/www.dzwchafingdish.com\/wp-content\/uploads\/2024\/02\/square-cake-stand-wholesake.webp\" alt=\"Quadratischer Kuchenst\u00e4nder Gro\u00dfhandel\" class=\"wp-image-2660\" style=\"width:368px;height:auto\" srcset=\"https:\/\/www.dzwchafingdish.com\/wp-content\/uploads\/2024\/02\/square-cake-stand-wholesake.webp 800w, https:\/\/www.dzwchafingdish.com\/wp-content\/uploads\/2024\/02\/square-cake-stand-wholesake-300x300.webp 300w, https:\/\/www.dzwchafingdish.com\/wp-content\/uploads\/2024\/02\/square-cake-stand-wholesake-150x150.webp 150w, https:\/\/www.dzwchafingdish.com\/wp-content\/uploads\/2024\/02\/square-cake-stand-wholesake-768x768.webp 768w\" sizes=\"(max-width: 800px) 100vw, 800px\" \/><\/figure>\n<\/div>\n<\/div>\n\n\n\n<div class=\"wp-block-columns is-layout-flex wp-container-core-columns-is-layout-28f84493 wp-block-columns-is-layout-flex\">\n<div class=\"wp-block-column is-layout-flow wp-block-column-is-layout-flow\">\n<figure class=\"wp-block-image aligncenter size-full is-resized\"><img decoding=\"async\" width=\"750\" height=\"750\" src=\"https:\/\/www.dzwchafingdish.com\/wp-content\/uploads\/2024\/02\/cake-Stand-bulk.webp\" alt=\"Kuchen St\u00e4nder lose\" class=\"wp-image-2662\" style=\"width:430px;height:auto\" srcset=\"https:\/\/www.dzwchafingdish.com\/wp-content\/uploads\/2024\/02\/cake-Stand-bulk.webp 750w, https:\/\/www.dzwchafingdish.com\/wp-content\/uploads\/2024\/02\/cake-Stand-bulk-300x300.webp 300w, https:\/\/www.dzwchafingdish.com\/wp-content\/uploads\/2024\/02\/cake-Stand-bulk-150x150.webp 150w\" sizes=\"(max-width: 750px) 100vw, 750px\" \/><\/figure>\n<\/div>\n\n\n\n<div class=\"wp-block-column is-vertically-aligned-center is-layout-flow wp-block-column-is-layout-flow\" style=\"font-size:18px\">\n<h2 class=\"wp-block-heading\" style=\"font-size:18px\"><strong>Premium Square Cake Stand Features:<\/strong><\/h2>\n\n\n\n<p>Goldfarbener Edelstahlst\u00e4nder mit wei\u00dfer Keramikplatte: Ein stabiler und luxuri\u00f6ser St\u00e4nder f\u00fcr Desserts, perfekt f\u00fcr eine Vielzahl von Veranstaltungen, von Hochzeiten bis hin zu gehobenen Partys.<\/p>\n\n\n\n<p>Vielseitigkeit in f\u00fcnf Gr\u00f6\u00dfen: Mit den quadratischen Tortenst\u00e4ndern k\u00f6nnen Sie die perfekte Gr\u00f6\u00dfe f\u00fcr Ihre Tortengr\u00f6\u00dfe und Pr\u00e4sentationsanforderungen w\u00e4hlen.<\/p>\n<\/div>\n<\/div>","protected":false},"excerpt":{"rendered":"<p>Square Cake Stand Dimension ITEM&nbsp;NO. LENGTH WIDE HIGHT N.W&nbsp;\/SET DZW-SR15 19cm 19cm 10cm 14.4kg 21cm 21cm 15cm 14.4kg 23cm 23cm 20cm 14.4kg 25cm 25cm 25cm 14.4kg 27cm 27cm 30cm 14.4kg Premium Square Cake Stand Features: Gold stainless steel stand with white ceramic plate: Creates a stable and luxurious dessert display, perfect for a variety of [&hellip;]<\/p>","protected":false},"author":1,"featured_media":2660,"parent":0,"menu_order":0,"template":"","format":"standard","meta":{"_acf_changed":false,"site-sidebar-layout":"default","site-content-layout":"","ast-site-content-layout":"default","site-content-style":"default","site-sidebar-style":"default","ast-global-header-display":"","ast-banner-title-visibility":"","ast-main-header-display":"","ast-hfb-above-header-display":"","ast-hfb-below-header-display":"","ast-hfb-mobile-header-display":"","site-post-title":"","ast-breadcrumbs-content":"","ast-featured-img":"","footer-sml-layout":"","theme-transparent-header-meta":"","adv-header-id-meta":"","stick-header-meta":"","header-above-stick-meta":"","header-main-stick-meta":"","header-below-stick-meta":"","astra-migrate-meta-layouts":"default","ast-page-background-enabled":"default","ast-page-background-meta":{"desktop":{"background-color":"var(--ast-global-color-4)","background-image":"","background-repeat":"repeat","background-position":"center center","background-size":"auto","background-attachment":"scroll","background-type":"","background-media":"","overlay-type":"","overlay-color":"","overlay-opacity":"","overlay-gradient":""},"tablet":{"background-color":"","background-image":"","background-repeat":"repeat","background-position":"center center","background-size":"auto","background-attachment":"scroll","background-type":"","background-media":"","overlay-type":"","overlay-color":"","overlay-opacity":"","overlay-gradient":""},"mobile":{"background-color":"","background-image":"","background-repeat":"repeat","background-position":"center center","background-size":"auto","background-attachment":"scroll","background-type":"","background-media":"","overlay-type":"","overlay-color":"","overlay-opacity":"","overlay-gradient":""}},"ast-content-background-meta":{"desktop":{"background-color":"var(--ast-global-color-5)","background-image":"","background-repeat":"repeat","background-position":"center center","background-size":"auto","background-attachment":"scroll","background-type":"","background-media":"","overlay-type":"","overlay-color":"","overlay-opacity":"","overlay-gradient":""},"tablet":{"background-color":"var(--ast-global-color-5)","background-image":"","background-repeat":"repeat","background-position":"center center","background-size":"auto","background-attachment":"scroll","background-type":"","background-media":"","overlay-type":"","overlay-color":"","overlay-opacity":"","overlay-gradient":""},"mobile":{"background-color":"var(--ast-global-color-5)","background-image":"","background-repeat":"repeat","background-position":"center center","background-size":"auto","background-attachment":"scroll","background-type":"","background-media":"","overlay-type":"","overlay-color":"","overlay-opacity":"","overlay-gradient":""}},"footnotes":""},"product-categories":[65],"product-tag":[],"class_list":["post-2659","product","type-product","status-publish","format-standard","has-post-thumbnail","hentry","product-categories-dessert-stand"],"acf":{"title":"Individueller quadratischer Tortenst\u00e4nder mit verschiedenen H\u00f6hen","title_source":{"label":"Title","type":"text","formatted_value":"Custom Square Cake Stand with Different Heights "},"short_description":"Wholesale square cake stand, luxurious and fashionable dessert display option. Available in 5 sizes, suitable for cupcake and dessert displays, as well as catering services such as weddings, hotels, parties, etc.","short_description_source":{"label":"Short description","type":"textarea","formatted_value":"Wholesale square cake stand, luxurious and fashionable dessert display option. Available in 5 sizes, suitable for cupcake and dessert displays, as well as catering services such as weddings, hotels, parties, etc."},"parameters":"<table width=\"259\">\r\n<tbody>\r\n<tr>\r\n<td width=\"79\">Manufacturer<\/td>\r\n<td width=\"180\">DONGZHAOWEI<\/td>\r\n<\/tr>\r\n<tr>\r\n<td width=\"79\">Material<\/td>\r\n<td width=\"180\">Stainless\u00a0Steel\u00a0201\u00a0and\u00a0Ceramic<\/td>\r\n<\/tr>\r\n<tr>\r\n<td width=\"79\">Size<\/td>\r\n<td width=\"180\">19 cm;21 cm;23 cm;25 cm;27 cm<\/td>\r\n<\/tr>\r\n<tr>\r\n<td width=\"79\">Color<\/td>\r\n<td width=\"180\">Golden\u00a0\/\u00a0Black<\/td>\r\n<\/tr>\r\n<tr>\r\n<td width=\"79\">Shape<\/td>\r\n<td width=\"180\">Square Shape<\/td>\r\n<\/tr>\r\n<tr>\r\n<td width=\"79\">Custom<\/td>\r\n<td width=\"180\">Color\/Logo\/Package<\/td>\r\n<\/tr>\r\n<tr>\r\n<td width=\"79\">MOQ<\/td>\r\n<td width=\"180\">1 Set<\/td>\r\n<\/tr>\r\n<\/tbody>\r\n<\/table>","parameters_source":{"label":"Parameters","type":"wysiwyg","formatted_value":"<table width=\"259\">\n<tbody>\n<tr>\n<td width=\"79\">Manufacturer<\/td>\n<td width=\"180\">DONGZHAOWEI<\/td>\n<\/tr>\n<tr>\n<td width=\"79\">Material<\/td>\n<td width=\"180\">Stainless\u00a0Steel\u00a0201\u00a0and\u00a0Ceramic<\/td>\n<\/tr>\n<tr>\n<td width=\"79\">Size<\/td>\n<td width=\"180\">19 cm;21 cm;23 cm;25 cm;27 cm<\/td>\n<\/tr>\n<tr>\n<td width=\"79\">Color<\/td>\n<td width=\"180\">Golden\u00a0\/\u00a0Black<\/td>\n<\/tr>\n<tr>\n<td width=\"79\">Shape<\/td>\n<td width=\"180\">Square Shape<\/td>\n<\/tr>\n<tr>\n<td width=\"79\">Custom<\/td>\n<td width=\"180\">Color\/Logo\/Package<\/td>\n<\/tr>\n<tr>\n<td width=\"79\">MOQ<\/td>\n<td width=\"180\">1 Set<\/td>\n<\/tr>\n<\/tbody>\n<\/table>\n"},"photo_gallery":{"product_gallery":[[{"id":2660,"title":"square cake stand wholesake","caption":"square cake stand wholesale","full_image_url":"https:\/\/www.dzwchafingdish.com\/wp-content\/uploads\/2024\/02\/square-cake-stand-wholesake.webp","thumbnail_image_url":"https:\/\/www.dzwchafingdish.com\/wp-content\/uploads\/2024\/02\/square-cake-stand-wholesake-150x150.webp","large_srcset":"https:\/\/www.dzwchafingdish.com\/wp-content\/uploads\/2024\/02\/square-cake-stand-wholesake.webp 800w, https:\/\/www.dzwchafingdish.com\/wp-content\/uploads\/2024\/02\/square-cake-stand-wholesake-300x300.webp 300w, https:\/\/www.dzwchafingdish.com\/wp-content\/uploads\/2024\/02\/square-cake-stand-wholesake-150x150.webp 150w, https:\/\/www.dzwchafingdish.com\/wp-content\/uploads\/2024\/02\/square-cake-stand-wholesake-768x768.webp 768w","medium_srcset":"https:\/\/www.dzwchafingdish.com\/wp-content\/uploads\/2024\/02\/square-cake-stand-wholesake-300x300.webp 300w, https:\/\/www.dzwchafingdish.com\/wp-content\/uploads\/2024\/02\/square-cake-stand-wholesake-150x150.webp 150w, https:\/\/www.dzwchafingdish.com\/wp-content\/uploads\/2024\/02\/square-cake-stand-wholesake-768x768.webp 768w, https:\/\/www.dzwchafingdish.com\/wp-content\/uploads\/2024\/02\/square-cake-stand-wholesake.webp 800w","media_details":{"width":800,"height":800,"sizes":{"medium":{"file":"square-cake-stand-wholesake-300x300.webp","width":300,"height":300,"mime-type":"image\/webp","filesize":7364,"source_url":"https:\/\/www.dzwchafingdish.com\/wp-content\/uploads\/2024\/02\/square-cake-stand-wholesake-300x300.webp"},"thumbnail":{"file":"square-cake-stand-wholesake-150x150.webp","width":150,"height":150,"mime-type":"image\/webp","filesize":3090,"source_url":"https:\/\/www.dzwchafingdish.com\/wp-content\/uploads\/2024\/02\/square-cake-stand-wholesake-150x150.webp"},"medium_large":{"file":"square-cake-stand-wholesake-768x768.webp","width":768,"height":768,"mime-type":"image\/webp","filesize":22826,"source_url":"https:\/\/www.dzwchafingdish.com\/wp-content\/uploads\/2024\/02\/square-cake-stand-wholesake-768x768.webp"}}},"alt_text":"square cake stand wholesale","url":"","target":""},{"id":2662,"title":"cake Stand bulk","caption":"cake Stand bulk","full_image_url":"https:\/\/www.dzwchafingdish.com\/wp-content\/uploads\/2024\/02\/cake-Stand-bulk.webp","thumbnail_image_url":"https:\/\/www.dzwchafingdish.com\/wp-content\/uploads\/2024\/02\/cake-Stand-bulk-150x150.webp","large_srcset":"https:\/\/www.dzwchafingdish.com\/wp-content\/uploads\/2024\/02\/cake-Stand-bulk.webp 750w, https:\/\/www.dzwchafingdish.com\/wp-content\/uploads\/2024\/02\/cake-Stand-bulk-300x300.webp 300w, https:\/\/www.dzwchafingdish.com\/wp-content\/uploads\/2024\/02\/cake-Stand-bulk-150x150.webp 150w","medium_srcset":"https:\/\/www.dzwchafingdish.com\/wp-content\/uploads\/2024\/02\/cake-Stand-bulk-300x300.webp 300w, https:\/\/www.dzwchafingdish.com\/wp-content\/uploads\/2024\/02\/cake-Stand-bulk-150x150.webp 150w, https:\/\/www.dzwchafingdish.com\/wp-content\/uploads\/2024\/02\/cake-Stand-bulk.webp 750w","media_details":{"width":750,"height":750,"sizes":{"medium":{"file":"cake-Stand-bulk-300x300.webp","width":300,"height":300,"mime-type":"image\/webp","filesize":22198,"source_url":"https:\/\/www.dzwchafingdish.com\/wp-content\/uploads\/2024\/02\/cake-Stand-bulk-300x300.webp"},"thumbnail":{"file":"cake-Stand-bulk-150x150.webp","width":150,"height":150,"mime-type":"image\/webp","filesize":6694,"source_url":"https:\/\/www.dzwchafingdish.com\/wp-content\/uploads\/2024\/02\/cake-Stand-bulk-150x150.webp"}}},"alt_text":"cake Stand bulk","url":"","target":""},{"id":2661,"title":"wholesalesq uare cake stand","caption":"wholesale square cake stand","full_image_url":"https:\/\/www.dzwchafingdish.com\/wp-content\/uploads\/2024\/02\/wholesalesq-uare-cake-stand.webp","thumbnail_image_url":"https:\/\/www.dzwchafingdish.com\/wp-content\/uploads\/2024\/02\/wholesalesq-uare-cake-stand-150x150.webp","large_srcset":"https:\/\/www.dzwchafingdish.com\/wp-content\/uploads\/2024\/02\/wholesalesq-uare-cake-stand.webp 800w, https:\/\/www.dzwchafingdish.com\/wp-content\/uploads\/2024\/02\/wholesalesq-uare-cake-stand-300x300.webp 300w, https:\/\/www.dzwchafingdish.com\/wp-content\/uploads\/2024\/02\/wholesalesq-uare-cake-stand-150x150.webp 150w, https:\/\/www.dzwchafingdish.com\/wp-content\/uploads\/2024\/02\/wholesalesq-uare-cake-stand-768x768.webp 768w","medium_srcset":"https:\/\/www.dzwchafingdish.com\/wp-content\/uploads\/2024\/02\/wholesalesq-uare-cake-stand-300x300.webp 300w, https:\/\/www.dzwchafingdish.com\/wp-content\/uploads\/2024\/02\/wholesalesq-uare-cake-stand-150x150.webp 150w, https:\/\/www.dzwchafingdish.com\/wp-content\/uploads\/2024\/02\/wholesalesq-uare-cake-stand-768x768.webp 768w, https:\/\/www.dzwchafingdish.com\/wp-content\/uploads\/2024\/02\/wholesalesq-uare-cake-stand.webp 800w","media_details":{"width":800,"height":800,"sizes":{"medium":{"file":"wholesalesq-uare-cake-stand-300x300.webp","width":300,"height":300,"mime-type":"image\/webp","filesize":4082,"source_url":"https:\/\/www.dzwchafingdish.com\/wp-content\/uploads\/2024\/02\/wholesalesq-uare-cake-stand-300x300.webp"},"thumbnail":{"file":"wholesalesq-uare-cake-stand-150x150.webp","width":150,"height":150,"mime-type":"image\/webp","filesize":1890,"source_url":"https:\/\/www.dzwchafingdish.com\/wp-content\/uploads\/2024\/02\/wholesalesq-uare-cake-stand-150x150.webp"},"medium_large":{"file":"wholesalesq-uare-cake-stand-768x768.webp","width":768,"height":768,"mime-type":"image\/webp","filesize":11736,"source_url":"https:\/\/www.dzwchafingdish.com\/wp-content\/uploads\/2024\/02\/wholesalesq-uare-cake-stand-768x768.webp"}}},"alt_text":"wholesale square cake stand","url":"","target":""},{"id":2665,"title":"bulk square cake stand","caption":"bulk square cake stand","full_image_url":"https:\/\/www.dzwchafingdish.com\/wp-content\/uploads\/2024\/02\/bulk-square-cake-stand.webp","thumbnail_image_url":"https:\/\/www.dzwchafingdish.com\/wp-content\/uploads\/2024\/02\/bulk-square-cake-stand-150x150.webp","large_srcset":"https:\/\/www.dzwchafingdish.com\/wp-content\/uploads\/2024\/02\/bulk-square-cake-stand.webp 800w, https:\/\/www.dzwchafingdish.com\/wp-content\/uploads\/2024\/02\/bulk-square-cake-stand-300x300.webp 300w, https:\/\/www.dzwchafingdish.com\/wp-content\/uploads\/2024\/02\/bulk-square-cake-stand-150x150.webp 150w, https:\/\/www.dzwchafingdish.com\/wp-content\/uploads\/2024\/02\/bulk-square-cake-stand-768x768.webp 768w","medium_srcset":"https:\/\/www.dzwchafingdish.com\/wp-content\/uploads\/2024\/02\/bulk-square-cake-stand-300x300.webp 300w, https:\/\/www.dzwchafingdish.com\/wp-content\/uploads\/2024\/02\/bulk-square-cake-stand-150x150.webp 150w, https:\/\/www.dzwchafingdish.com\/wp-content\/uploads\/2024\/02\/bulk-square-cake-stand-768x768.webp 768w, https:\/\/www.dzwchafingdish.com\/wp-content\/uploads\/2024\/02\/bulk-square-cake-stand.webp 800w","media_details":{"width":800,"height":800,"sizes":{"medium":{"file":"bulk-square-cake-stand-300x300.webp","width":300,"height":300,"mime-type":"image\/webp","filesize":4004,"source_url":"https:\/\/www.dzwchafingdish.com\/wp-content\/uploads\/2024\/02\/bulk-square-cake-stand-300x300.webp"},"thumbnail":{"file":"bulk-square-cake-stand-150x150.webp","width":150,"height":150,"mime-type":"image\/webp","filesize":1710,"source_url":"https:\/\/www.dzwchafingdish.com\/wp-content\/uploads\/2024\/02\/bulk-square-cake-stand-150x150.webp"},"medium_large":{"file":"bulk-square-cake-stand-768x768.webp","width":768,"height":768,"mime-type":"image\/webp","filesize":11984,"source_url":"https:\/\/www.dzwchafingdish.com\/wp-content\/uploads\/2024\/02\/bulk-square-cake-stand-768x768.webp"}}},"alt_text":"bulk square cake stand","url":"","target":""},{"id":2663,"title":"cake stand wholesale","caption":"cake stand wholesale","full_image_url":"https:\/\/www.dzwchafingdish.com\/wp-content\/uploads\/2024\/02\/cake-stand-wholesale.webp","thumbnail_image_url":"https:\/\/www.dzwchafingdish.com\/wp-content\/uploads\/2024\/02\/cake-stand-wholesale-150x150.webp","large_srcset":"https:\/\/www.dzwchafingdish.com\/wp-content\/uploads\/2024\/02\/cake-stand-wholesale.webp 800w, https:\/\/www.dzwchafingdish.com\/wp-content\/uploads\/2024\/02\/cake-stand-wholesale-300x300.webp 300w, https:\/\/www.dzwchafingdish.com\/wp-content\/uploads\/2024\/02\/cake-stand-wholesale-150x150.webp 150w, https:\/\/www.dzwchafingdish.com\/wp-content\/uploads\/2024\/02\/cake-stand-wholesale-768x768.webp 768w","medium_srcset":"https:\/\/www.dzwchafingdish.com\/wp-content\/uploads\/2024\/02\/cake-stand-wholesale-300x300.webp 300w, https:\/\/www.dzwchafingdish.com\/wp-content\/uploads\/2024\/02\/cake-stand-wholesale-150x150.webp 150w, https:\/\/www.dzwchafingdish.com\/wp-content\/uploads\/2024\/02\/cake-stand-wholesale-768x768.webp 768w, https:\/\/www.dzwchafingdish.com\/wp-content\/uploads\/2024\/02\/cake-stand-wholesale.webp 800w","media_details":{"width":800,"height":800,"sizes":{"medium":{"file":"cake-stand-wholesale-300x300.webp","width":300,"height":300,"mime-type":"image\/webp","filesize":19640,"source_url":"https:\/\/www.dzwchafingdish.com\/wp-content\/uploads\/2024\/02\/cake-stand-wholesale-300x300.webp"},"thumbnail":{"file":"cake-stand-wholesale-150x150.webp","width":150,"height":150,"mime-type":"image\/webp","filesize":6458,"source_url":"https:\/\/www.dzwchafingdish.com\/wp-content\/uploads\/2024\/02\/cake-stand-wholesale-150x150.webp"},"medium_large":{"file":"cake-stand-wholesale-768x768.webp","width":768,"height":768,"mime-type":"image\/webp","filesize":88610,"source_url":"https:\/\/www.dzwchafingdish.com\/wp-content\/uploads\/2024\/02\/cake-stand-wholesale-768x768.webp"}}},"alt_text":"cake stand wholesale","url":"","target":""},{"id":2664,"title":"bulk cake stand","caption":"bulk cake stand","full_image_url":"https:\/\/www.dzwchafingdish.com\/wp-content\/uploads\/2024\/02\/bulk-cake-stand.webp","thumbnail_image_url":"https:\/\/www.dzwchafingdish.com\/wp-content\/uploads\/2024\/02\/bulk-cake-stand-150x150.webp","large_srcset":"https:\/\/www.dzwchafingdish.com\/wp-content\/uploads\/2024\/02\/bulk-cake-stand.webp 791w, https:\/\/www.dzwchafingdish.com\/wp-content\/uploads\/2024\/02\/bulk-cake-stand-300x300.webp 300w, https:\/\/www.dzwchafingdish.com\/wp-content\/uploads\/2024\/02\/bulk-cake-stand-150x150.webp 150w, https:\/\/www.dzwchafingdish.com\/wp-content\/uploads\/2024\/02\/bulk-cake-stand-768x768.webp 768w","medium_srcset":"https:\/\/www.dzwchafingdish.com\/wp-content\/uploads\/2024\/02\/bulk-cake-stand-300x300.webp 300w, https:\/\/www.dzwchafingdish.com\/wp-content\/uploads\/2024\/02\/bulk-cake-stand-150x150.webp 150w, https:\/\/www.dzwchafingdish.com\/wp-content\/uploads\/2024\/02\/bulk-cake-stand-768x768.webp 768w, https:\/\/www.dzwchafingdish.com\/wp-content\/uploads\/2024\/02\/bulk-cake-stand.webp 791w","media_details":{"width":791,"height":791,"sizes":{"medium":{"file":"bulk-cake-stand-300x300.webp","width":300,"height":300,"mime-type":"image\/webp","filesize":9378,"source_url":"https:\/\/www.dzwchafingdish.com\/wp-content\/uploads\/2024\/02\/bulk-cake-stand-300x300.webp"},"thumbnail":{"file":"bulk-cake-stand-150x150.webp","width":150,"height":150,"mime-type":"image\/webp","filesize":3514,"source_url":"https:\/\/www.dzwchafingdish.com\/wp-content\/uploads\/2024\/02\/bulk-cake-stand-150x150.webp"},"medium_large":{"file":"bulk-cake-stand-768x768.webp","width":768,"height":768,"mime-type":"image\/webp","filesize":31210,"source_url":"https:\/\/www.dzwchafingdish.com\/wp-content\/uploads\/2024\/02\/bulk-cake-stand-768x768.webp"}}},"alt_text":"bulk cake stand","url":"","target":""}]]}},"_links":{"self":[{"href":"https:\/\/www.dzwchafingdish.com\/de\/wp-json\/wp\/v2\/product\/2659","targetHints":{"allow":["GET"]}}],"collection":[{"href":"https:\/\/www.dzwchafingdish.com\/de\/wp-json\/wp\/v2\/product"}],"about":[{"href":"https:\/\/www.dzwchafingdish.com\/de\/wp-json\/wp\/v2\/types\/product"}],"author":[{"embeddable":true,"href":"https:\/\/www.dzwchafingdish.com\/de\/wp-json\/wp\/v2\/users\/1"}],"version-history":[{"count":0,"href":"https:\/\/www.dzwchafingdish.com\/de\/wp-json\/wp\/v2\/product\/2659\/revisions"}],"wp:featuredmedia":[{"embeddable":true,"href":"https:\/\/www.dzwchafingdish.com\/de\/wp-json\/wp\/v2\/media\/2660"}],"wp:attachment":[{"href":"https:\/\/www.dzwchafingdish.com\/de\/wp-json\/wp\/v2\/media?parent=2659"}],"wp:term":[{"taxonomy":"product-categories","embeddable":true,"href":"https:\/\/www.dzwchafingdish.com\/de\/wp-json\/wp\/v2\/product-categories?post=2659"},{"taxonomy":"product-tag","embeddable":true,"href":"https:\/\/www.dzwchafingdish.com\/de\/wp-json\/wp\/v2\/product-tag?post=2659"}],"curies":[{"name":"wp","href":"https:\/\/api.w.org\/{rel}","templated":true}]}}