{"id":2973,"date":"2024-03-11T00:48:31","date_gmt":"2024-03-11T00:48:31","guid":{"rendered":"https:\/\/www.dzwchafingdish.com\/?post_type=product&#038;p=2973"},"modified":"2024-06-13T04:00:57","modified_gmt":"2024-06-13T04:00:57","slug":"mini-tongs-for-appetizers","status":"publish","type":"product","link":"https:\/\/www.dzwchafingdish.com\/de\/product\/mini-tongs-for-appetizers\/","title":{"rendered":"Individuell gestaltete Mini-Zangen f\u00fcr Vorspeisen"},"content":{"rendered":"<div class=\"wp-block-columns is-layout-flex wp-container-core-columns-is-layout-28f84493 wp-block-columns-is-layout-flex\">\n<div class=\"wp-block-column is-layout-flow wp-block-column-is-layout-flow\">\n<figure class=\"wp-block-image size-full\"><img fetchpriority=\"high\" decoding=\"async\" width=\"800\" height=\"690\" src=\"https:\/\/www.dzwchafingdish.com\/wp-content\/uploads\/2024\/03\/Mini-Tongs-supplier.jpg\" alt=\"Anbieter von Minizangen\" class=\"wp-image-2995\" srcset=\"https:\/\/www.dzwchafingdish.com\/wp-content\/uploads\/2024\/03\/Mini-Tongs-supplier.jpg 800w, https:\/\/www.dzwchafingdish.com\/wp-content\/uploads\/2024\/03\/Mini-Tongs-supplier-300x259.jpg 300w, https:\/\/www.dzwchafingdish.com\/wp-content\/uploads\/2024\/03\/Mini-Tongs-supplier-768x662.jpg 768w\" sizes=\"(max-width: 800px) 100vw, 800px\" \/><\/figure>\n<\/div>\n\n\n\n<div class=\"wp-block-column is-layout-flow wp-block-column-is-layout-flow\">\n<h2 class=\"wp-block-heading has-text-align-left\" style=\"font-size:18px\"><strong>Mini-Zange f\u00fcr Vorspeisen Dimension<\/strong><\/h2>\n\n\n\n<figure class=\"wp-block-table\"><table><tbody><tr><td class=\"has-text-align-center\" data-align=\"center\">ARTIKEL NR.<\/td><td class=\"has-text-align-center\" data-align=\"center\">LENGTH<\/td><td class=\"has-text-align-center\" data-align=\"center\">BREITE<\/td><td class=\"has-text-align-center\" data-align=\"center\">GEWICHT<\/td><\/tr><tr><td class=\"has-text-align-center\" data-align=\"center\">DZW-IT04<br>DZW-IT05<\/td><td class=\"has-text-align-center\" data-align=\"center\">9cm<\/td><td class=\"has-text-align-center\" data-align=\"center\">1,7 cm<\/td><td class=\"has-text-align-center\" data-align=\"center\">10g\/PC<\/td><\/tr><\/tbody><\/table><\/figure>\n\n\n\n<h2 class=\"wp-block-heading\" style=\"font-size:18px\"><strong>Eigenschaften der Mini-Zange f\u00fcr Vorspeisen<\/strong><\/h2>\n\n\n\n<p>Die Mini-Zange kann zum Aufnehmen von Vorspeisen, Eisw\u00fcrfeln, Zuckerw\u00fcrfeln und einer Reihe anderer Dinge verwendet werden. Sie kann in Restaurants, Bars, auf Hochzeiten und in anderen Bereichen verwendet werden.<\/p>\n\n\n\n<p>Es hat eine einzigartige gepr\u00e4gte Textur Design, das ist sch\u00f6n und einfacher zu halten.aus rostfreiem Stahl, kann f\u00fcr eine lange Zeit verwendet werden<\/p>\n\n\n\n<p><\/p>\n<\/div>\n<\/div>","protected":false},"excerpt":{"rendered":"<p>Mini-Zange f\u00fcr Vorspeisen Abmessungen ITEM NO. L\u00c4NGE BREITE GEWICHT DZW-IT04DZW-IT05 9cm 1.7cm 10g\/PC Eigenschaften der Mini-Zange f\u00fcr Vorspeisen Die Mini-Zange kann zum Aufnehmen von Vorspeisen, Eisw\u00fcrfeln, Zuckerw\u00fcrfeln und einer Reihe von anderen Dingen verwendet werden. Sie kann in Restaurants, Bars, bei Hochzeiten und anderen Gelegenheiten verwendet werden. Sie hat eine einzigartige [...]<\/p>","protected":false},"author":1,"featured_media":2977,"parent":0,"menu_order":0,"template":"","format":"standard","meta":{"_acf_changed":false,"site-sidebar-layout":"default","site-content-layout":"","ast-site-content-layout":"default","site-content-style":"default","site-sidebar-style":"default","ast-global-header-display":"","ast-banner-title-visibility":"","ast-main-header-display":"","ast-hfb-above-header-display":"","ast-hfb-below-header-display":"","ast-hfb-mobile-header-display":"","site-post-title":"","ast-breadcrumbs-content":"","ast-featured-img":"","footer-sml-layout":"","theme-transparent-header-meta":"","adv-header-id-meta":"","stick-header-meta":"","header-above-stick-meta":"","header-main-stick-meta":"","header-below-stick-meta":"","astra-migrate-meta-layouts":"default","ast-page-background-enabled":"default","ast-page-background-meta":{"desktop":{"background-color":"var(--ast-global-color-4)","background-image":"","background-repeat":"repeat","background-position":"center center","background-size":"auto","background-attachment":"scroll","background-type":"","background-media":"","overlay-type":"","overlay-color":"","overlay-opacity":"","overlay-gradient":""},"tablet":{"background-color":"","background-image":"","background-repeat":"repeat","background-position":"center center","background-size":"auto","background-attachment":"scroll","background-type":"","background-media":"","overlay-type":"","overlay-color":"","overlay-opacity":"","overlay-gradient":""},"mobile":{"background-color":"","background-image":"","background-repeat":"repeat","background-position":"center center","background-size":"auto","background-attachment":"scroll","background-type":"","background-media":"","overlay-type":"","overlay-color":"","overlay-opacity":"","overlay-gradient":""}},"ast-content-background-meta":{"desktop":{"background-color":"var(--ast-global-color-5)","background-image":"","background-repeat":"repeat","background-position":"center center","background-size":"auto","background-attachment":"scroll","background-type":"","background-media":"","overlay-type":"","overlay-color":"","overlay-opacity":"","overlay-gradient":""},"tablet":{"background-color":"var(--ast-global-color-5)","background-image":"","background-repeat":"repeat","background-position":"center center","background-size":"auto","background-attachment":"scroll","background-type":"","background-media":"","overlay-type":"","overlay-color":"","overlay-opacity":"","overlay-gradient":""},"mobile":{"background-color":"var(--ast-global-color-5)","background-image":"","background-repeat":"repeat","background-position":"center center","background-size":"auto","background-attachment":"scroll","background-type":"","background-media":"","overlay-type":"","overlay-color":"","overlay-opacity":"","overlay-gradient":""}},"footnotes":""},"product-categories":[68],"product-tag":[],"class_list":["post-2973","product","type-product","status-publish","format-standard","has-post-thumbnail","hentry","product-categories-cutlery-sets-and-tongs"],"acf":{"title":"Individuell gestaltete Mini-Zangen f\u00fcr Vorspeisen","title_source":{"label":"Title","type":"text","formatted_value":"Custom Fancy Mini Tongs for Appetizers "},"short_description":"Custom mini tongs for appetizers with embossed pattern unique design, beautiful and stylish for weddings, buffet catering events. As a manufacturer of buffet equipment and supplies, we offer a factory-priced one-stop-shopping solution to you!","short_description_source":{"label":"Short description","type":"textarea","formatted_value":"Custom mini tongs for appetizers with embossed pattern unique design, beautiful and stylish for weddings, buffet catering events. As a manufacturer of buffet equipment and supplies, we offer a factory-priced one-stop-shopping solution to you!"},"parameters":"<table border=\"0\" width=\"476\" cellspacing=\"0\" cellpadding=\"0\">\r\n<tbody>\r\n<tr>\r\n<td width=\"187\" height=\"29\">Manufacturer<\/td>\r\n<td width=\"289\">DONGZHAOWEI<\/td>\r\n<\/tr>\r\n<tr>\r\n<td height=\"29\">Material<\/td>\r\n<td>Stainless Steel 201<\/td>\r\n<\/tr>\r\n<tr>\r\n<td height=\"29\">size<\/td>\r\n<td>9cm<\/td>\r\n<\/tr>\r\n<tr>\r\n<td height=\"29\">Color<\/td>\r\n<td>Golden\/Sliver<\/td>\r\n<\/tr>\r\n<tr>\r\n<td height=\"29\">Custom<\/td>\r\n<td>Color\/Logo\/Package<\/td>\r\n<\/tr>\r\n<\/tbody>\r\n<\/table>","parameters_source":{"label":"Parameters","type":"wysiwyg","formatted_value":"<table border=\"0\" width=\"476\" cellspacing=\"0\" cellpadding=\"0\">\n<tbody>\n<tr>\n<td width=\"187\" height=\"29\">Manufacturer<\/td>\n<td width=\"289\">DONGZHAOWEI<\/td>\n<\/tr>\n<tr>\n<td height=\"29\">Material<\/td>\n<td>Stainless Steel 201<\/td>\n<\/tr>\n<tr>\n<td height=\"29\">size<\/td>\n<td>9cm<\/td>\n<\/tr>\n<tr>\n<td height=\"29\">Color<\/td>\n<td>Golden\/Sliver<\/td>\n<\/tr>\n<tr>\n<td height=\"29\">Custom<\/td>\n<td>Color\/Logo\/Package<\/td>\n<\/tr>\n<\/tbody>\n<\/table>\n"},"photo_gallery":{"product_gallery":[[{"id":2977,"title":"wholesale Mini Tongs for Appetizers-1","caption":"wholesale Mini Tongs for Appetizers","full_image_url":"https:\/\/www.dzwchafingdish.com\/wp-content\/uploads\/2024\/03\/wholesale-Mini-Tongs-for-Appetizers-1.webp","thumbnail_image_url":"https:\/\/www.dzwchafingdish.com\/wp-content\/uploads\/2024\/03\/wholesale-Mini-Tongs-for-Appetizers-1-150x150.webp","large_srcset":"https:\/\/www.dzwchafingdish.com\/wp-content\/uploads\/2024\/03\/wholesale-Mini-Tongs-for-Appetizers-1.webp 800w, https:\/\/www.dzwchafingdish.com\/wp-content\/uploads\/2024\/03\/wholesale-Mini-Tongs-for-Appetizers-1-300x300.webp 300w, https:\/\/www.dzwchafingdish.com\/wp-content\/uploads\/2024\/03\/wholesale-Mini-Tongs-for-Appetizers-1-150x150.webp 150w, https:\/\/www.dzwchafingdish.com\/wp-content\/uploads\/2024\/03\/wholesale-Mini-Tongs-for-Appetizers-1-768x768.webp 768w","medium_srcset":"https:\/\/www.dzwchafingdish.com\/wp-content\/uploads\/2024\/03\/wholesale-Mini-Tongs-for-Appetizers-1-300x300.webp 300w, https:\/\/www.dzwchafingdish.com\/wp-content\/uploads\/2024\/03\/wholesale-Mini-Tongs-for-Appetizers-1-150x150.webp 150w, https:\/\/www.dzwchafingdish.com\/wp-content\/uploads\/2024\/03\/wholesale-Mini-Tongs-for-Appetizers-1-768x768.webp 768w, https:\/\/www.dzwchafingdish.com\/wp-content\/uploads\/2024\/03\/wholesale-Mini-Tongs-for-Appetizers-1.webp 800w","media_details":{"width":800,"height":800,"sizes":{"medium":{"file":"wholesale-Mini-Tongs-for-Appetizers-1-300x300.webp","width":300,"height":300,"mime-type":"image\/webp","filesize":11000,"source_url":"https:\/\/www.dzwchafingdish.com\/wp-content\/uploads\/2024\/03\/wholesale-Mini-Tongs-for-Appetizers-1-300x300.webp"},"thumbnail":{"file":"wholesale-Mini-Tongs-for-Appetizers-1-150x150.webp","width":150,"height":150,"mime-type":"image\/webp","filesize":4168,"source_url":"https:\/\/www.dzwchafingdish.com\/wp-content\/uploads\/2024\/03\/wholesale-Mini-Tongs-for-Appetizers-1-150x150.webp"},"medium_large":{"file":"wholesale-Mini-Tongs-for-Appetizers-1-768x768.webp","width":768,"height":768,"mime-type":"image\/webp","filesize":35622,"source_url":"https:\/\/www.dzwchafingdish.com\/wp-content\/uploads\/2024\/03\/wholesale-Mini-Tongs-for-Appetizers-1-768x768.webp"}}},"alt_text":"wholesale Mini Tongs for Appetizers","url":"","target":""},{"id":2984,"title":"wholesale-Mini-Tongs-for Appetizers-2","caption":"Mini Tongs for Appetizers wholesale","full_image_url":"https:\/\/www.dzwchafingdish.com\/wp-content\/uploads\/2024\/03\/wholesale-Mini-Tongs-for-Appetizers-2.webp","thumbnail_image_url":"https:\/\/www.dzwchafingdish.com\/wp-content\/uploads\/2024\/03\/wholesale-Mini-Tongs-for-Appetizers-2-150x150.webp","large_srcset":"https:\/\/www.dzwchafingdish.com\/wp-content\/uploads\/2024\/03\/wholesale-Mini-Tongs-for-Appetizers-2.webp 750w, https:\/\/www.dzwchafingdish.com\/wp-content\/uploads\/2024\/03\/wholesale-Mini-Tongs-for-Appetizers-2-295x300.webp 295w","medium_srcset":"https:\/\/www.dzwchafingdish.com\/wp-content\/uploads\/2024\/03\/wholesale-Mini-Tongs-for-Appetizers-2-295x300.webp 295w, https:\/\/www.dzwchafingdish.com\/wp-content\/uploads\/2024\/03\/wholesale-Mini-Tongs-for-Appetizers-2.webp 750w","media_details":{"width":750,"height":763,"sizes":{"medium":{"file":"wholesale-Mini-Tongs-for-Appetizers-2-295x300.webp","width":295,"height":300,"mime-type":"image\/webp","filesize":10524,"source_url":"https:\/\/www.dzwchafingdish.com\/wp-content\/uploads\/2024\/03\/wholesale-Mini-Tongs-for-Appetizers-2-295x300.webp"},"thumbnail":{"file":"wholesale-Mini-Tongs-for-Appetizers-2-150x150.webp","width":150,"height":150,"mime-type":"image\/webp","filesize":4014,"source_url":"https:\/\/www.dzwchafingdish.com\/wp-content\/uploads\/2024\/03\/wholesale-Mini-Tongs-for-Appetizers-2-150x150.webp"}}},"alt_text":"Mini Tongs for Appetizers wholesale","url":"","target":""},{"id":2993,"title":"bulk Mini Tongs","caption":"bulk Mini Tongs","full_image_url":"https:\/\/www.dzwchafingdish.com\/wp-content\/uploads\/2024\/03\/bulk-Mini-Tongs.webp","thumbnail_image_url":"https:\/\/www.dzwchafingdish.com\/wp-content\/uploads\/2024\/03\/bulk-Mini-Tongs-150x150.webp","large_srcset":"https:\/\/www.dzwchafingdish.com\/wp-content\/uploads\/2024\/03\/bulk-Mini-Tongs.webp 750w, https:\/\/www.dzwchafingdish.com\/wp-content\/uploads\/2024\/03\/bulk-Mini-Tongs-300x246.webp 300w","medium_srcset":"https:\/\/www.dzwchafingdish.com\/wp-content\/uploads\/2024\/03\/bulk-Mini-Tongs-300x246.webp 300w, https:\/\/www.dzwchafingdish.com\/wp-content\/uploads\/2024\/03\/bulk-Mini-Tongs.webp 750w","media_details":{"width":750,"height":615,"sizes":{"medium":{"file":"bulk-Mini-Tongs-300x246.webp","width":300,"height":246,"mime-type":"image\/webp","filesize":11004,"source_url":"https:\/\/www.dzwchafingdish.com\/wp-content\/uploads\/2024\/03\/bulk-Mini-Tongs-300x246.webp"},"thumbnail":{"file":"bulk-Mini-Tongs-150x150.webp","width":150,"height":150,"mime-type":"image\/webp","filesize":4514,"source_url":"https:\/\/www.dzwchafingdish.com\/wp-content\/uploads\/2024\/03\/bulk-Mini-Tongs-150x150.webp"}}},"alt_text":"bulk Mini Tongs","url":"","target":""},{"id":2995,"title":"Mini Tongs supplier","caption":"Mini Tongs supplier","full_image_url":"https:\/\/www.dzwchafingdish.com\/wp-content\/uploads\/2024\/03\/Mini-Tongs-supplier.jpg","thumbnail_image_url":"https:\/\/www.dzwchafingdish.com\/wp-content\/uploads\/2024\/03\/Mini-Tongs-supplier-150x150.jpg","large_srcset":"https:\/\/www.dzwchafingdish.com\/wp-content\/uploads\/2024\/03\/Mini-Tongs-supplier.jpg 800w, https:\/\/www.dzwchafingdish.com\/wp-content\/uploads\/2024\/03\/Mini-Tongs-supplier-300x259.jpg 300w, https:\/\/www.dzwchafingdish.com\/wp-content\/uploads\/2024\/03\/Mini-Tongs-supplier-768x662.jpg 768w","medium_srcset":"https:\/\/www.dzwchafingdish.com\/wp-content\/uploads\/2024\/03\/Mini-Tongs-supplier-300x259.jpg 300w, https:\/\/www.dzwchafingdish.com\/wp-content\/uploads\/2024\/03\/Mini-Tongs-supplier-768x662.jpg 768w, https:\/\/www.dzwchafingdish.com\/wp-content\/uploads\/2024\/03\/Mini-Tongs-supplier.jpg 800w","media_details":{"width":800,"height":690,"sizes":{"medium":{"file":"Mini-Tongs-supplier-300x259.jpg","width":300,"height":259,"mime-type":"image\/jpeg","filesize":6187,"source_url":"https:\/\/www.dzwchafingdish.com\/wp-content\/uploads\/2024\/03\/Mini-Tongs-supplier-300x259.jpg"},"thumbnail":{"file":"Mini-Tongs-supplier-150x150.jpg","width":150,"height":150,"mime-type":"image\/jpeg","filesize":2977,"source_url":"https:\/\/www.dzwchafingdish.com\/wp-content\/uploads\/2024\/03\/Mini-Tongs-supplier-150x150.jpg"},"medium_large":{"file":"Mini-Tongs-supplier-768x662.jpg","width":768,"height":662,"mime-type":"image\/jpeg","filesize":24204,"source_url":"https:\/\/www.dzwchafingdish.com\/wp-content\/uploads\/2024\/03\/Mini-Tongs-supplier-768x662.jpg"}}},"alt_text":"Mini Tongs supplier","url":"","target":""},{"id":2994,"title":"Mini Tongs bulk","caption":"Mini-Tongs-bulk","full_image_url":"https:\/\/www.dzwchafingdish.com\/wp-content\/uploads\/2024\/03\/Mini-Tongs-bulk.jpg","thumbnail_image_url":"https:\/\/www.dzwchafingdish.com\/wp-content\/uploads\/2024\/03\/Mini-Tongs-bulk-150x150.jpg","large_srcset":"https:\/\/www.dzwchafingdish.com\/wp-content\/uploads\/2024\/03\/Mini-Tongs-bulk.jpg 800w, https:\/\/www.dzwchafingdish.com\/wp-content\/uploads\/2024\/03\/Mini-Tongs-bulk-300x230.jpg 300w, https:\/\/www.dzwchafingdish.com\/wp-content\/uploads\/2024\/03\/Mini-Tongs-bulk-768x588.jpg 768w","medium_srcset":"https:\/\/www.dzwchafingdish.com\/wp-content\/uploads\/2024\/03\/Mini-Tongs-bulk-300x230.jpg 300w, https:\/\/www.dzwchafingdish.com\/wp-content\/uploads\/2024\/03\/Mini-Tongs-bulk-768x588.jpg 768w, https:\/\/www.dzwchafingdish.com\/wp-content\/uploads\/2024\/03\/Mini-Tongs-bulk.jpg 800w","media_details":{"width":800,"height":612,"sizes":{"medium":{"file":"Mini-Tongs-bulk-300x230.jpg","width":300,"height":230,"mime-type":"image\/jpeg","filesize":5525,"source_url":"https:\/\/www.dzwchafingdish.com\/wp-content\/uploads\/2024\/03\/Mini-Tongs-bulk-300x230.jpg"},"thumbnail":{"file":"Mini-Tongs-bulk-150x150.jpg","width":150,"height":150,"mime-type":"image\/jpeg","filesize":3005,"source_url":"https:\/\/www.dzwchafingdish.com\/wp-content\/uploads\/2024\/03\/Mini-Tongs-bulk-150x150.jpg"},"medium_large":{"file":"Mini-Tongs-bulk-768x588.jpg","width":768,"height":588,"mime-type":"image\/jpeg","filesize":21525,"source_url":"https:\/\/www.dzwchafingdish.com\/wp-content\/uploads\/2024\/03\/Mini-Tongs-bulk-768x588.jpg"}}},"alt_text":"Mini-Tongs-bulk","url":"","target":""}]]}},"_links":{"self":[{"href":"https:\/\/www.dzwchafingdish.com\/de\/wp-json\/wp\/v2\/product\/2973","targetHints":{"allow":["GET"]}}],"collection":[{"href":"https:\/\/www.dzwchafingdish.com\/de\/wp-json\/wp\/v2\/product"}],"about":[{"href":"https:\/\/www.dzwchafingdish.com\/de\/wp-json\/wp\/v2\/types\/product"}],"author":[{"embeddable":true,"href":"https:\/\/www.dzwchafingdish.com\/de\/wp-json\/wp\/v2\/users\/1"}],"version-history":[{"count":0,"href":"https:\/\/www.dzwchafingdish.com\/de\/wp-json\/wp\/v2\/product\/2973\/revisions"}],"wp:featuredmedia":[{"embeddable":true,"href":"https:\/\/www.dzwchafingdish.com\/de\/wp-json\/wp\/v2\/media\/2977"}],"wp:attachment":[{"href":"https:\/\/www.dzwchafingdish.com\/de\/wp-json\/wp\/v2\/media?parent=2973"}],"wp:term":[{"taxonomy":"product-categories","embeddable":true,"href":"https:\/\/www.dzwchafingdish.com\/de\/wp-json\/wp\/v2\/product-categories?post=2973"},{"taxonomy":"product-tag","embeddable":true,"href":"https:\/\/www.dzwchafingdish.com\/de\/wp-json\/wp\/v2\/product-tag?post=2973"}],"curies":[{"name":"wp","href":"https:\/\/api.w.org\/{rel}","templated":true}]}}