{"id":3192,"date":"2024-03-13T07:29:58","date_gmt":"2024-03-13T07:29:58","guid":{"rendered":"https:\/\/www.dzwchafingdish.com\/?post_type=product&#038;p=3192"},"modified":"2024-06-13T03:27:51","modified_gmt":"2024-06-13T03:27:51","slug":"buffet-tongs-sets","status":"publish","type":"product","link":"https:\/\/www.dzwchafingdish.com\/de\/product\/buffet-tongs-sets\/","title":{"rendered":"Gro\u00dfhandel Buffet Zange Sets mit Platte Golden und Silber"},"content":{"rendered":"<div class=\"wp-block-columns is-layout-flex wp-container-core-columns-is-layout-28f84493 wp-block-columns-is-layout-flex\">\n<div class=\"wp-block-column is-layout-flow wp-block-column-is-layout-flow\">\n<figure class=\"wp-block-image size-full\"><img fetchpriority=\"high\" decoding=\"async\" width=\"850\" height=\"791\" src=\"https:\/\/www.dzwchafingdish.com\/wp-content\/uploads\/2024\/03\/Bulk-Buffet-Tong.webp\" alt=\"Bulk-Buffet-Zange\" class=\"wp-image-3197\" srcset=\"https:\/\/www.dzwchafingdish.com\/wp-content\/uploads\/2024\/03\/Bulk-Buffet-Tong.webp 850w, https:\/\/www.dzwchafingdish.com\/wp-content\/uploads\/2024\/03\/Bulk-Buffet-Tong-300x279.webp 300w, https:\/\/www.dzwchafingdish.com\/wp-content\/uploads\/2024\/03\/Bulk-Buffet-Tong-768x715.webp 768w\" sizes=\"(max-width: 850px) 100vw, 850px\" \/><\/figure>\n<\/div>\n\n\n\n<div class=\"wp-block-column is-layout-flow wp-block-column-is-layout-flow\">\n<h2 class=\"wp-block-heading\" style=\"font-size:18px\"><strong>Buffetzangen-Sets Dimension<\/strong><\/h2>\n\n\n\n<figure class=\"wp-block-table\"><table><tbody><tr><td>ARTIKEL NR.<\/td><td>DZW-HP01<\/td><\/tr><tr><td>PLATTENGR\u00d6SSE<\/td><td>25cm\u00d711cm<\/td><\/tr><tr><td>ZUNGENGR\u00d6SSE<\/td><td>24\u00d75cm<\/td><\/tr><tr><td>GEWICHT<\/td><td>360g\/PC<\/td><\/tr><tr><td>FARBE<\/td><td>Golden\/Silber<\/td><\/tr><tr><td>MOQ<\/td><td>10S\u00e4tze<\/td><\/tr><\/tbody><\/table><\/figure>\n\n\n\n<h2 class=\"wp-block-heading\" style=\"font-size:18px\"><strong>Buffetzangen-Sets Merkmale<\/strong><\/h2>\n\n\n\n<p>Leichtes Design f\u00fcr einfachen Transport, langlebiges und umweltfreundliches Material aus Edelstahl, sorgf\u00e4ltig verpackt, um die Unversehrtheit des Produkts w\u00e4hrend des Transports zu gew\u00e4hrleisten. Bei Gro\u00dfbestellungen bieten wir Fabrikpreise an.<\/p>\n<\/div>\n<\/div>\n\n\n\n<p><\/p>","protected":false},"excerpt":{"rendered":"<p>Buffetzangen-Sets Abmessungen ITEM NO. DZW-HP01 PLATTENGR\u00d6SSE 25cm\u00d711cm ZUNGENGR\u00d6SSE 24\u00d75cm GEWICHT 360g\/PC FARBE Golden\/Silber MINDESTLAGE 10sets Buffetzangen-Sets Eigenschaften Leichtes Design f\u00fcr einfachen Transport, haltbares und umweltfreundliches Edelstahlmaterial, sorgf\u00e4ltig verpackt, um die Produktintegrit\u00e4t w\u00e4hrend des Transports zu gew\u00e4hrleisten. F\u00fcr Gro\u00dfauftr\u00e4ge bieten wir Fabrikpreise.<\/p>","protected":false},"author":1,"featured_media":3257,"parent":0,"menu_order":0,"template":"","format":"standard","meta":{"_acf_changed":false,"site-sidebar-layout":"default","site-content-layout":"","ast-site-content-layout":"default","site-content-style":"default","site-sidebar-style":"default","ast-global-header-display":"","ast-banner-title-visibility":"","ast-main-header-display":"","ast-hfb-above-header-display":"","ast-hfb-below-header-display":"","ast-hfb-mobile-header-display":"","site-post-title":"","ast-breadcrumbs-content":"","ast-featured-img":"","footer-sml-layout":"","theme-transparent-header-meta":"","adv-header-id-meta":"","stick-header-meta":"","header-above-stick-meta":"","header-main-stick-meta":"","header-below-stick-meta":"","astra-migrate-meta-layouts":"default","ast-page-background-enabled":"default","ast-page-background-meta":{"desktop":{"background-color":"var(--ast-global-color-4)","background-image":"","background-repeat":"repeat","background-position":"center center","background-size":"auto","background-attachment":"scroll","background-type":"","background-media":"","overlay-type":"","overlay-color":"","overlay-opacity":"","overlay-gradient":""},"tablet":{"background-color":"","background-image":"","background-repeat":"repeat","background-position":"center center","background-size":"auto","background-attachment":"scroll","background-type":"","background-media":"","overlay-type":"","overlay-color":"","overlay-opacity":"","overlay-gradient":""},"mobile":{"background-color":"","background-image":"","background-repeat":"repeat","background-position":"center center","background-size":"auto","background-attachment":"scroll","background-type":"","background-media":"","overlay-type":"","overlay-color":"","overlay-opacity":"","overlay-gradient":""}},"ast-content-background-meta":{"desktop":{"background-color":"var(--ast-global-color-5)","background-image":"","background-repeat":"repeat","background-position":"center center","background-size":"auto","background-attachment":"scroll","background-type":"","background-media":"","overlay-type":"","overlay-color":"","overlay-opacity":"","overlay-gradient":""},"tablet":{"background-color":"var(--ast-global-color-5)","background-image":"","background-repeat":"repeat","background-position":"center center","background-size":"auto","background-attachment":"scroll","background-type":"","background-media":"","overlay-type":"","overlay-color":"","overlay-opacity":"","overlay-gradient":""},"mobile":{"background-color":"var(--ast-global-color-5)","background-image":"","background-repeat":"repeat","background-position":"center center","background-size":"auto","background-attachment":"scroll","background-type":"","background-media":"","overlay-type":"","overlay-color":"","overlay-opacity":"","overlay-gradient":""}},"footnotes":""},"product-categories":[68],"product-tag":[],"class_list":["post-3192","product","type-product","status-publish","format-standard","has-post-thumbnail","hentry","product-categories-cutlery-sets-and-tongs"],"acf":{"title":"Gro\u00dfhandel Buffet Zange Sets mit Platte Golden und Silber","title_source":{"label":"Title","type":"text","formatted_value":"Wholesale Buffet Tongs Sets with Plate Golden and Silver"},"short_description":"Wholesale buffet tongs sets with trays in gold and silver design, gorgeous and durable for weddings, buffets and other catering events. As the best buffet equipment supplier in China, we provide buffet equipment and supplies solution for you!","short_description_source":{"label":"Short description","type":"textarea","formatted_value":"Wholesale buffet tongs sets with trays in gold and silver design, gorgeous and durable for weddings, buffets and other catering events. As the best buffet equipment supplier in China, we provide buffet equipment and supplies solution for you!"},"parameters":"<table border=\"0\" width=\"577\" cellspacing=\"0\" cellpadding=\"0\">\r\n<tbody>\r\n<tr>\r\n<td width=\"192\" height=\"29\">Manufacturer<\/td>\r\n<td width=\"385\">DONGZHAOWEI<\/td>\r\n<\/tr>\r\n<tr>\r\n<td height=\"29\">Material<\/td>\r\n<td>Stainless Steel 201<\/td>\r\n<\/tr>\r\n<tr>\r\n<td height=\"29\">Color<\/td>\r\n<td>Golden\/Silver<\/td>\r\n<\/tr>\r\n<tr>\r\n<td height=\"29\">Custom<\/td>\r\n<td>Color\/Logo\/Package<\/td>\r\n<\/tr>\r\n<\/tbody>\r\n<\/table>","parameters_source":{"label":"Parameters","type":"wysiwyg","formatted_value":"<table border=\"0\" width=\"577\" cellspacing=\"0\" cellpadding=\"0\">\n<tbody>\n<tr>\n<td width=\"192\" height=\"29\">Manufacturer<\/td>\n<td width=\"385\">DONGZHAOWEI<\/td>\n<\/tr>\n<tr>\n<td height=\"29\">Material<\/td>\n<td>Stainless Steel 201<\/td>\n<\/tr>\n<tr>\n<td height=\"29\">Color<\/td>\n<td>Golden\/Silver<\/td>\n<\/tr>\n<tr>\n<td height=\"29\">Custom<\/td>\n<td>Color\/Logo\/Package<\/td>\n<\/tr>\n<\/tbody>\n<\/table>\n"},"photo_gallery":{"product_gallery":[[{"id":3195,"title":"buffet tongs sets","caption":"","full_image_url":"https:\/\/www.dzwchafingdish.com\/wp-content\/uploads\/2024\/03\/buffet-tongs-sets.webp","thumbnail_image_url":"https:\/\/www.dzwchafingdish.com\/wp-content\/uploads\/2024\/03\/buffet-tongs-sets-150x150.webp","large_srcset":"https:\/\/www.dzwchafingdish.com\/wp-content\/uploads\/2024\/03\/buffet-tongs-sets.webp 851w, https:\/\/www.dzwchafingdish.com\/wp-content\/uploads\/2024\/03\/buffet-tongs-sets-300x263.webp 300w, https:\/\/www.dzwchafingdish.com\/wp-content\/uploads\/2024\/03\/buffet-tongs-sets-768x673.webp 768w","medium_srcset":"https:\/\/www.dzwchafingdish.com\/wp-content\/uploads\/2024\/03\/buffet-tongs-sets-300x263.webp 300w, https:\/\/www.dzwchafingdish.com\/wp-content\/uploads\/2024\/03\/buffet-tongs-sets-768x673.webp 768w, https:\/\/www.dzwchafingdish.com\/wp-content\/uploads\/2024\/03\/buffet-tongs-sets.webp 851w","media_details":{"width":851,"height":746,"sizes":{"medium":{"file":"buffet-tongs-sets-300x263.webp","width":300,"height":263,"mime-type":"image\/webp","filesize":8698,"source_url":"https:\/\/www.dzwchafingdish.com\/wp-content\/uploads\/2024\/03\/buffet-tongs-sets-300x263.webp"},"thumbnail":{"file":"buffet-tongs-sets-150x150.webp","width":150,"height":150,"mime-type":"image\/webp","filesize":3896,"source_url":"https:\/\/www.dzwchafingdish.com\/wp-content\/uploads\/2024\/03\/buffet-tongs-sets-150x150.webp"},"medium_large":{"file":"buffet-tongs-sets-768x673.webp","width":768,"height":673,"mime-type":"image\/webp","filesize":25416,"source_url":"https:\/\/www.dzwchafingdish.com\/wp-content\/uploads\/2024\/03\/buffet-tongs-sets-768x673.webp"}}},"alt_text":"","url":"","target":""},{"id":3197,"title":"Bulk Buffet Tongs","caption":"Bulk Buffet Tongs","full_image_url":"https:\/\/www.dzwchafingdish.com\/wp-content\/uploads\/2024\/03\/Bulk-Buffet-Tong.webp","thumbnail_image_url":"https:\/\/www.dzwchafingdish.com\/wp-content\/uploads\/2024\/03\/Bulk-Buffet-Tong-150x150.webp","large_srcset":"https:\/\/www.dzwchafingdish.com\/wp-content\/uploads\/2024\/03\/Bulk-Buffet-Tong.webp 850w, https:\/\/www.dzwchafingdish.com\/wp-content\/uploads\/2024\/03\/Bulk-Buffet-Tong-300x279.webp 300w, https:\/\/www.dzwchafingdish.com\/wp-content\/uploads\/2024\/03\/Bulk-Buffet-Tong-768x715.webp 768w","medium_srcset":"https:\/\/www.dzwchafingdish.com\/wp-content\/uploads\/2024\/03\/Bulk-Buffet-Tong-300x279.webp 300w, https:\/\/www.dzwchafingdish.com\/wp-content\/uploads\/2024\/03\/Bulk-Buffet-Tong-768x715.webp 768w, https:\/\/www.dzwchafingdish.com\/wp-content\/uploads\/2024\/03\/Bulk-Buffet-Tong.webp 850w","media_details":{"width":850,"height":791,"sizes":{"medium":{"file":"Bulk-Buffet-Tong-300x279.webp","width":300,"height":279,"mime-type":"image\/webp","filesize":7388,"source_url":"https:\/\/www.dzwchafingdish.com\/wp-content\/uploads\/2024\/03\/Bulk-Buffet-Tong-300x279.webp"},"thumbnail":{"file":"Bulk-Buffet-Tong-150x150.webp","width":150,"height":150,"mime-type":"image\/webp","filesize":3126,"source_url":"https:\/\/www.dzwchafingdish.com\/wp-content\/uploads\/2024\/03\/Bulk-Buffet-Tong-150x150.webp"},"medium_large":{"file":"Bulk-Buffet-Tong-768x715.webp","width":768,"height":715,"mime-type":"image\/webp","filesize":23294,"source_url":"https:\/\/www.dzwchafingdish.com\/wp-content\/uploads\/2024\/03\/Bulk-Buffet-Tong-768x715.webp"}}},"alt_text":"Bulk Buffet Tongs","url":"","target":""},{"id":3194,"title":"Buffet Tongs Set","caption":"Buffet Tongs Set","full_image_url":"https:\/\/www.dzwchafingdish.com\/wp-content\/uploads\/2024\/03\/Buffet-Tongs-Set.webp","thumbnail_image_url":"https:\/\/www.dzwchafingdish.com\/wp-content\/uploads\/2024\/03\/Buffet-Tongs-Set-150x150.webp","large_srcset":"https:\/\/www.dzwchafingdish.com\/wp-content\/uploads\/2024\/03\/Buffet-Tongs-Set.webp 800w, https:\/\/www.dzwchafingdish.com\/wp-content\/uploads\/2024\/03\/Buffet-Tongs-Set-300x300.webp 300w, https:\/\/www.dzwchafingdish.com\/wp-content\/uploads\/2024\/03\/Buffet-Tongs-Set-150x150.webp 150w, https:\/\/www.dzwchafingdish.com\/wp-content\/uploads\/2024\/03\/Buffet-Tongs-Set-768x768.webp 768w","medium_srcset":"https:\/\/www.dzwchafingdish.com\/wp-content\/uploads\/2024\/03\/Buffet-Tongs-Set-300x300.webp 300w, https:\/\/www.dzwchafingdish.com\/wp-content\/uploads\/2024\/03\/Buffet-Tongs-Set-150x150.webp 150w, https:\/\/www.dzwchafingdish.com\/wp-content\/uploads\/2024\/03\/Buffet-Tongs-Set-768x768.webp 768w, https:\/\/www.dzwchafingdish.com\/wp-content\/uploads\/2024\/03\/Buffet-Tongs-Set.webp 800w","media_details":{"width":800,"height":800,"sizes":{"medium":{"file":"Buffet-Tongs-Set-300x300.webp","width":300,"height":300,"mime-type":"image\/webp","filesize":13464,"source_url":"https:\/\/www.dzwchafingdish.com\/wp-content\/uploads\/2024\/03\/Buffet-Tongs-Set-300x300.webp"},"thumbnail":{"file":"Buffet-Tongs-Set-150x150.webp","width":150,"height":150,"mime-type":"image\/webp","filesize":4132,"source_url":"https:\/\/www.dzwchafingdish.com\/wp-content\/uploads\/2024\/03\/Buffet-Tongs-Set-150x150.webp"},"medium_large":{"file":"Buffet-Tongs-Set-768x768.webp","width":768,"height":768,"mime-type":"image\/webp","filesize":58806,"source_url":"https:\/\/www.dzwchafingdish.com\/wp-content\/uploads\/2024\/03\/Buffet-Tongs-Set-768x768.webp"}}},"alt_text":"Buffet Tongs Set","url":"","target":""},{"id":3193,"title":"Buffet Tongs bulk","caption":"Buffet Tongs bulk","full_image_url":"https:\/\/www.dzwchafingdish.com\/wp-content\/uploads\/2024\/03\/Buffet-Tongs-bulk.webp","thumbnail_image_url":"https:\/\/www.dzwchafingdish.com\/wp-content\/uploads\/2024\/03\/Buffet-Tongs-bulk-150x150.webp","large_srcset":"https:\/\/www.dzwchafingdish.com\/wp-content\/uploads\/2024\/03\/Buffet-Tongs-bulk.webp 837w, https:\/\/www.dzwchafingdish.com\/wp-content\/uploads\/2024\/03\/Buffet-Tongs-bulk-300x242.webp 300w, https:\/\/www.dzwchafingdish.com\/wp-content\/uploads\/2024\/03\/Buffet-Tongs-bulk-768x618.webp 768w","medium_srcset":"https:\/\/www.dzwchafingdish.com\/wp-content\/uploads\/2024\/03\/Buffet-Tongs-bulk-300x242.webp 300w, https:\/\/www.dzwchafingdish.com\/wp-content\/uploads\/2024\/03\/Buffet-Tongs-bulk-768x618.webp 768w, https:\/\/www.dzwchafingdish.com\/wp-content\/uploads\/2024\/03\/Buffet-Tongs-bulk.webp 837w","media_details":{"width":837,"height":674,"sizes":{"medium":{"file":"Buffet-Tongs-bulk-300x242.webp","width":300,"height":242,"mime-type":"image\/webp","filesize":12100,"source_url":"https:\/\/www.dzwchafingdish.com\/wp-content\/uploads\/2024\/03\/Buffet-Tongs-bulk-300x242.webp"},"thumbnail":{"file":"Buffet-Tongs-bulk-150x150.webp","width":150,"height":150,"mime-type":"image\/webp","filesize":5578,"source_url":"https:\/\/www.dzwchafingdish.com\/wp-content\/uploads\/2024\/03\/Buffet-Tongs-bulk-150x150.webp"},"medium_large":{"file":"Buffet-Tongs-bulk-768x618.webp","width":768,"height":618,"mime-type":"image\/webp","filesize":38070,"source_url":"https:\/\/www.dzwchafingdish.com\/wp-content\/uploads\/2024\/03\/Buffet-Tongs-bulk-768x618.webp"}}},"alt_text":"Buffet Tongs bulk","url":"","target":""},{"id":3196,"title":"Buffet Tongs","caption":"Buffet Tongs","full_image_url":"https:\/\/www.dzwchafingdish.com\/wp-content\/uploads\/2024\/03\/Buffet-Tongs.webp","thumbnail_image_url":"https:\/\/www.dzwchafingdish.com\/wp-content\/uploads\/2024\/03\/Buffet-Tongs-150x150.webp","large_srcset":"https:\/\/www.dzwchafingdish.com\/wp-content\/uploads\/2024\/03\/Buffet-Tongs.webp 800w, https:\/\/www.dzwchafingdish.com\/wp-content\/uploads\/2024\/03\/Buffet-Tongs-300x300.webp 300w, https:\/\/www.dzwchafingdish.com\/wp-content\/uploads\/2024\/03\/Buffet-Tongs-150x150.webp 150w, https:\/\/www.dzwchafingdish.com\/wp-content\/uploads\/2024\/03\/Buffet-Tongs-768x768.webp 768w","medium_srcset":"https:\/\/www.dzwchafingdish.com\/wp-content\/uploads\/2024\/03\/Buffet-Tongs-300x300.webp 300w, https:\/\/www.dzwchafingdish.com\/wp-content\/uploads\/2024\/03\/Buffet-Tongs-150x150.webp 150w, https:\/\/www.dzwchafingdish.com\/wp-content\/uploads\/2024\/03\/Buffet-Tongs-768x768.webp 768w, https:\/\/www.dzwchafingdish.com\/wp-content\/uploads\/2024\/03\/Buffet-Tongs.webp 800w","media_details":{"width":800,"height":800,"sizes":{"medium":{"file":"Buffet-Tongs-300x300.webp","width":300,"height":300,"mime-type":"image\/webp","filesize":3852,"source_url":"https:\/\/www.dzwchafingdish.com\/wp-content\/uploads\/2024\/03\/Buffet-Tongs-300x300.webp"},"thumbnail":{"file":"Buffet-Tongs-150x150.webp","width":150,"height":150,"mime-type":"image\/webp","filesize":1402,"source_url":"https:\/\/www.dzwchafingdish.com\/wp-content\/uploads\/2024\/03\/Buffet-Tongs-150x150.webp"},"medium_large":{"file":"Buffet-Tongs-768x768.webp","width":768,"height":768,"mime-type":"image\/webp","filesize":14220,"source_url":"https:\/\/www.dzwchafingdish.com\/wp-content\/uploads\/2024\/03\/Buffet-Tongs-768x768.webp"}}},"alt_text":"Buffet Tongs","url":"","target":""},{"id":3198,"title":"bulk silver plate","caption":"bulk silver plate","full_image_url":"https:\/\/www.dzwchafingdish.com\/wp-content\/uploads\/2024\/03\/silver-plate.webp","thumbnail_image_url":"https:\/\/www.dzwchafingdish.com\/wp-content\/uploads\/2024\/03\/silver-plate-150x150.webp","large_srcset":"https:\/\/www.dzwchafingdish.com\/wp-content\/uploads\/2024\/03\/silver-plate.webp 800w, https:\/\/www.dzwchafingdish.com\/wp-content\/uploads\/2024\/03\/silver-plate-300x300.webp 300w, https:\/\/www.dzwchafingdish.com\/wp-content\/uploads\/2024\/03\/silver-plate-150x150.webp 150w, https:\/\/www.dzwchafingdish.com\/wp-content\/uploads\/2024\/03\/silver-plate-768x768.webp 768w","medium_srcset":"https:\/\/www.dzwchafingdish.com\/wp-content\/uploads\/2024\/03\/silver-plate-300x300.webp 300w, https:\/\/www.dzwchafingdish.com\/wp-content\/uploads\/2024\/03\/silver-plate-150x150.webp 150w, https:\/\/www.dzwchafingdish.com\/wp-content\/uploads\/2024\/03\/silver-plate-768x768.webp 768w, https:\/\/www.dzwchafingdish.com\/wp-content\/uploads\/2024\/03\/silver-plate.webp 800w","media_details":{"width":800,"height":800,"sizes":{"medium":{"file":"silver-plate-300x300.webp","width":300,"height":300,"mime-type":"image\/webp","filesize":7528,"source_url":"https:\/\/www.dzwchafingdish.com\/wp-content\/uploads\/2024\/03\/silver-plate-300x300.webp"},"thumbnail":{"file":"silver-plate-150x150.webp","width":150,"height":150,"mime-type":"image\/webp","filesize":2280,"source_url":"https:\/\/www.dzwchafingdish.com\/wp-content\/uploads\/2024\/03\/silver-plate-150x150.webp"},"medium_large":{"file":"silver-plate-768x768.webp","width":768,"height":768,"mime-type":"image\/webp","filesize":29332,"source_url":"https:\/\/www.dzwchafingdish.com\/wp-content\/uploads\/2024\/03\/silver-plate-768x768.webp"}}},"alt_text":"bulk silver plate","url":"","target":""}]]}},"_links":{"self":[{"href":"https:\/\/www.dzwchafingdish.com\/de\/wp-json\/wp\/v2\/product\/3192","targetHints":{"allow":["GET"]}}],"collection":[{"href":"https:\/\/www.dzwchafingdish.com\/de\/wp-json\/wp\/v2\/product"}],"about":[{"href":"https:\/\/www.dzwchafingdish.com\/de\/wp-json\/wp\/v2\/types\/product"}],"author":[{"embeddable":true,"href":"https:\/\/www.dzwchafingdish.com\/de\/wp-json\/wp\/v2\/users\/1"}],"version-history":[{"count":0,"href":"https:\/\/www.dzwchafingdish.com\/de\/wp-json\/wp\/v2\/product\/3192\/revisions"}],"wp:featuredmedia":[{"embeddable":true,"href":"https:\/\/www.dzwchafingdish.com\/de\/wp-json\/wp\/v2\/media\/3257"}],"wp:attachment":[{"href":"https:\/\/www.dzwchafingdish.com\/de\/wp-json\/wp\/v2\/media?parent=3192"}],"wp:term":[{"taxonomy":"product-categories","embeddable":true,"href":"https:\/\/www.dzwchafingdish.com\/de\/wp-json\/wp\/v2\/product-categories?post=3192"},{"taxonomy":"product-tag","embeddable":true,"href":"https:\/\/www.dzwchafingdish.com\/de\/wp-json\/wp\/v2\/product-tag?post=3192"}],"curies":[{"name":"wp","href":"https:\/\/api.w.org\/{rel}","templated":true}]}}