{"id":3520,"date":"2024-03-23T13:05:05","date_gmt":"2024-03-23T13:05:05","guid":{"rendered":"https:\/\/www.dzwchafingdish.com\/?post_type=product&#038;p=3520"},"modified":"2024-06-15T03:52:17","modified_gmt":"2024-06-15T03:52:17","slug":"custom-buffet-chafer-food-8l-with-fancy-carved-lace","status":"publish","type":"product","link":"https:\/\/www.dzwchafingdish.com\/de\/product\/custom-buffet-chafer-food-8l-with-fancy-carved-lace\/","title":{"rendered":"Custom Buffet Chafer Essen 4L mit Fancy geschnitzt Spitze"},"content":{"rendered":"<div class=\"wp-block-columns are-vertically-aligned-center is-layout-flex wp-container-core-columns-is-layout-28f84493 wp-block-columns-is-layout-flex\">\n<div class=\"wp-block-column is-vertically-aligned-center is-layout-flow wp-block-column-is-layout-flow\">\n<h2 class=\"wp-block-heading\"><strong>Buffet Chafer Dimension<\/strong><\/h2>\n\n\n\n<figure class=\"wp-block-table\"><table><tbody><tr><td>ARTIKEL NR.<\/td><td>GR\u00d6SSE<\/td><td>LENGTH<\/td><td>WIDE<\/td><td>H\u00d6HE<\/td><td>N.W \/SET<\/td><\/tr><tr><td>DZW-HC035<\/td><td>3.5L<\/td><td>38 cm<\/td><td>28 cm<\/td><td>52 cm<\/td><td>2750 g<\/td><\/tr><tr><td>DZW-HC040<\/td><td>4.0L<\/td><td>42 cm<\/td><td>30 cm<\/td><td>52 cm<\/td><td>3150 g<\/td><\/tr><tr><td>DZW-GC035<\/td><td>3.5L<\/td><td>38 cm<\/td><td>28 cm<\/td><td>52 cm<\/td><td>2750 g<\/td><\/tr><tr><td>DZW-GC040<\/td><td>4.0L<\/td><td>42 cm<\/td><td>30 cm<\/td><td>52 cm<\/td><td>3150 g<\/td><\/tr><\/tbody><\/table><\/figure>\n<\/div>\n\n\n\n<div class=\"wp-block-column is-vertically-aligned-center is-layout-flow wp-block-column-is-layout-flow\">\n<figure class=\"wp-block-image aligncenter size-full is-resized\"><img fetchpriority=\"high\" decoding=\"async\" width=\"800\" height=\"803\" src=\"https:\/\/www.dzwchafingdish.com\/wp-content\/uploads\/2024\/03\/wholesale-buffet-chafer-6.jpg\" alt=\"Gro\u00dfhandel-Buffet-K\u00e4fer\" class=\"wp-image-3524\" style=\"width:447px;height:auto\" srcset=\"https:\/\/www.dzwchafingdish.com\/wp-content\/uploads\/2024\/03\/wholesale-buffet-chafer-6.jpg 800w, https:\/\/www.dzwchafingdish.com\/wp-content\/uploads\/2024\/03\/wholesale-buffet-chafer-6-300x300.jpg 300w, https:\/\/www.dzwchafingdish.com\/wp-content\/uploads\/2024\/03\/wholesale-buffet-chafer-6-150x150.jpg 150w, https:\/\/www.dzwchafingdish.com\/wp-content\/uploads\/2024\/03\/wholesale-buffet-chafer-6-768x771.jpg 768w\" sizes=\"(max-width: 800px) 100vw, 800px\" \/><\/figure>\n<\/div>\n<\/div>\n\n\n\n<div class=\"wp-block-columns is-layout-flex wp-container-core-columns-is-layout-28f84493 wp-block-columns-is-layout-flex\">\n<div class=\"wp-block-column is-layout-flow wp-block-column-is-layout-flow\">\n<figure class=\"wp-block-image size-full\"><img decoding=\"async\" width=\"800\" height=\"800\" src=\"https:\/\/www.dzwchafingdish.com\/wp-content\/uploads\/2024\/03\/wholesale-buffet-chafer-1.jpg\" alt=\"Gro\u00dfhandel-Buffet-K\u00e4fer\" class=\"wp-image-3522\" srcset=\"https:\/\/www.dzwchafingdish.com\/wp-content\/uploads\/2024\/03\/wholesale-buffet-chafer-1.jpg 800w, https:\/\/www.dzwchafingdish.com\/wp-content\/uploads\/2024\/03\/wholesale-buffet-chafer-1-300x300.jpg 300w, https:\/\/www.dzwchafingdish.com\/wp-content\/uploads\/2024\/03\/wholesale-buffet-chafer-1-150x150.jpg 150w, https:\/\/www.dzwchafingdish.com\/wp-content\/uploads\/2024\/03\/wholesale-buffet-chafer-1-768x768.jpg 768w\" sizes=\"(max-width: 800px) 100vw, 800px\" \/><\/figure>\n<\/div>\n\n\n\n<div class=\"wp-block-column is-layout-flow wp-block-column-is-layout-flow\">\n<h2 class=\"wp-block-heading\"><strong>Premium Buffet Chafer Merkmale:<\/strong><\/h2>\n\n\n\n<ul class=\"wp-block-list\">\n<li>Hochwertiges Material: Dieses Buffet Chafer ist aus lebensmittelechtem 201 Edelstahl gefertigt, um Produktsicherheit und Hygiene, Korrosionsbest\u00e4ndigkeit und Haltbarkeit zu gew\u00e4hrleisten.<\/li>\n\n\n\n<li>Exquisites Design: Dieses Buffet Chafer hat ein exquisites Aussehen und exquisite Handwerkskunst, die Qualit\u00e4t hervorhebt. Der Glanz des Edelstahls erg\u00e4nzt das exquisite Design der Kanten und verleiht dem Essen eine elegante Atmosph\u00e4re.<\/li>\n\n\n\n<li>Intelligentes Design des Abdeckungsst\u00e4nders: Ausgestattet mit einem Abdeckungsst\u00e4nder, kann die Abdeckung leicht platziert werden, um den Kontakt mit dem Schreibtisch zu vermeiden und die Hygiene zu erhalten. Dieses Design macht die Reinigung und Wartung bequemer und erh\u00f6ht gleichzeitig die Praktikabilit\u00e4t und den Komfort des Produkts.<\/li>\n\n\n\n<li>Multifunktionale Anwendung: Dieser Buffet Chafer ist nicht nur f\u00fcr Buffets, Bankette und andere Anl\u00e4sse geeignet, sondern auch f\u00fcr Familienfeiern oder gesch\u00e4ftliche Aktivit\u00e4ten.<\/li>\n<\/ul>\n<\/div>\n<\/div>","protected":false},"excerpt":{"rendered":"<p>Buffet Chafer Dimension ITEM NO. GR\u00d6SSE L\u00c4NGE BREITE H\u00d6HE N.W \/SET DZW-HC035 3.5L 38 cm 28 cm 52 cm 2750 g DZW-HC040 4.0L 42 cm 30 cm 52 cm 3150 g DZW-GC035 3.5L 38 cm 28 cm 52 cm 2750 g DZW-GC040 4.0L 42 cm 30 cm 52 cm 3150 g Premium Buffet Chafer Merkmale:<\/p>","protected":false},"author":3,"featured_media":3522,"parent":0,"menu_order":0,"template":"","format":"standard","meta":{"_acf_changed":false,"site-sidebar-layout":"default","site-content-layout":"","ast-site-content-layout":"default","site-content-style":"default","site-sidebar-style":"default","ast-global-header-display":"","ast-banner-title-visibility":"","ast-main-header-display":"","ast-hfb-above-header-display":"","ast-hfb-below-header-display":"","ast-hfb-mobile-header-display":"","site-post-title":"","ast-breadcrumbs-content":"","ast-featured-img":"","footer-sml-layout":"","theme-transparent-header-meta":"","adv-header-id-meta":"","stick-header-meta":"","header-above-stick-meta":"","header-main-stick-meta":"","header-below-stick-meta":"","astra-migrate-meta-layouts":"default","ast-page-background-enabled":"default","ast-page-background-meta":{"desktop":{"background-color":"var(--ast-global-color-4)","background-image":"","background-repeat":"repeat","background-position":"center center","background-size":"auto","background-attachment":"scroll","background-type":"","background-media":"","overlay-type":"","overlay-color":"","overlay-opacity":"","overlay-gradient":""},"tablet":{"background-color":"","background-image":"","background-repeat":"repeat","background-position":"center center","background-size":"auto","background-attachment":"scroll","background-type":"","background-media":"","overlay-type":"","overlay-color":"","overlay-opacity":"","overlay-gradient":""},"mobile":{"background-color":"","background-image":"","background-repeat":"repeat","background-position":"center center","background-size":"auto","background-attachment":"scroll","background-type":"","background-media":"","overlay-type":"","overlay-color":"","overlay-opacity":"","overlay-gradient":""}},"ast-content-background-meta":{"desktop":{"background-color":"var(--ast-global-color-5)","background-image":"","background-repeat":"repeat","background-position":"center center","background-size":"auto","background-attachment":"scroll","background-type":"","background-media":"","overlay-type":"","overlay-color":"","overlay-opacity":"","overlay-gradient":""},"tablet":{"background-color":"var(--ast-global-color-5)","background-image":"","background-repeat":"repeat","background-position":"center center","background-size":"auto","background-attachment":"scroll","background-type":"","background-media":"","overlay-type":"","overlay-color":"","overlay-opacity":"","overlay-gradient":""},"mobile":{"background-color":"var(--ast-global-color-5)","background-image":"","background-repeat":"repeat","background-position":"center center","background-size":"auto","background-attachment":"scroll","background-type":"","background-media":"","overlay-type":"","overlay-color":"","overlay-opacity":"","overlay-gradient":""}},"footnotes":""},"product-categories":[63],"product-tag":[97,90,91],"class_list":["post-3520","product","type-product","status-publish","format-standard","has-post-thumbnail","hentry","product-categories-chafing-dish","product-tag-chafing-dish-with-hanging-lid","product-tag-fuel-chafing-dish","product-tag-round-chafing-dish"],"acf":{"title":"Benutzerdefinierte Buffet Chafer Lebensmittelqualit\u00e4t Edelstahl 4L mit Deckelhalterung","title_source":{"label":"Title","type":"text","formatted_value":"Custom Buffet Chafer Food Grade Stainless Steel 4L with Lid Holder"},"short_description":"The Buffet Chafer with hanging lid, and exquisite gold carving, luxurious and gorgeous. As a stainless steel chafing dish manufacturer, we support OEM and ODM for the catering business of restaurants, hotels and weddings","short_description_source":{"label":"Short description","type":"textarea","formatted_value":"The Buffet Chafer with hanging lid, and exquisite gold carving, luxurious and gorgeous. As a stainless steel chafing dish manufacturer, we support OEM and ODM for the catering business of restaurants, hotels and weddings"},"parameters":"<table border=\"0\" width=\"275\" cellspacing=\"0\" cellpadding=\"0\">\r\n<tbody>\r\n<tr>\r\n<td width=\"108\" height=\"17\">Manufacturer<\/td>\r\n<td width=\"167\">DONGZHAOWEI<\/td>\r\n<\/tr>\r\n<tr>\r\n<td height=\"17\">Material<\/td>\r\n<td>Stainless Steel 201<\/td>\r\n<\/tr>\r\n<tr>\r\n<td height=\"17\">Capacity<\/td>\r\n<td>3.5L; 4.0L<\/td>\r\n<\/tr>\r\n<tr>\r\n<td height=\"17\">Color<\/td>\r\n<td>Golden \/ Silver<\/td>\r\n<\/tr>\r\n<tr>\r\n<td height=\"17\">Design<\/td>\r\n<td>Round shape<\/td>\r\n<\/tr>\r\n<tr>\r\n<td height=\"17\">Tray<\/td>\r\n<td>No divided \/ Divided tray<\/td>\r\n<\/tr>\r\n<tr>\r\n<td height=\"17\">Lid type<\/td>\r\n<td>Hanging Glass lid<\/td>\r\n<\/tr>\r\n<tr>\r\n<td height=\"17\">Heat<\/td>\r\n<td>Fuel<\/td>\r\n<\/tr>\r\n<tr>\r\n<td height=\"17\">Custom<\/td>\r\n<td>Color\/Logo\/Package<\/td>\r\n<\/tr>\r\n<\/tbody>\r\n<\/table>","parameters_source":{"label":"Parameters","type":"wysiwyg","formatted_value":"<table border=\"0\" width=\"275\" cellspacing=\"0\" cellpadding=\"0\">\n<tbody>\n<tr>\n<td width=\"108\" height=\"17\">Manufacturer<\/td>\n<td width=\"167\">DONGZHAOWEI<\/td>\n<\/tr>\n<tr>\n<td height=\"17\">Material<\/td>\n<td>Stainless Steel 201<\/td>\n<\/tr>\n<tr>\n<td height=\"17\">Capacity<\/td>\n<td>3.5L; 4.0L<\/td>\n<\/tr>\n<tr>\n<td height=\"17\">Color<\/td>\n<td>Golden \/ Silver<\/td>\n<\/tr>\n<tr>\n<td height=\"17\">Design<\/td>\n<td>Round shape<\/td>\n<\/tr>\n<tr>\n<td height=\"17\">Tray<\/td>\n<td>No divided \/ Divided tray<\/td>\n<\/tr>\n<tr>\n<td height=\"17\">Lid type<\/td>\n<td>Hanging Glass lid<\/td>\n<\/tr>\n<tr>\n<td height=\"17\">Heat<\/td>\n<td>Fuel<\/td>\n<\/tr>\n<tr>\n<td height=\"17\">Custom<\/td>\n<td>Color\/Logo\/Package<\/td>\n<\/tr>\n<\/tbody>\n<\/table>\n"},"photo_gallery":{"product_gallery":[[{"id":3522,"title":"wholesale-buffet-chafer-1","caption":"wholesale-buffet-chafer","full_image_url":"https:\/\/www.dzwchafingdish.com\/wp-content\/uploads\/2024\/03\/wholesale-buffet-chafer-1.jpg","thumbnail_image_url":"https:\/\/www.dzwchafingdish.com\/wp-content\/uploads\/2024\/03\/wholesale-buffet-chafer-1-150x150.jpg","large_srcset":"https:\/\/www.dzwchafingdish.com\/wp-content\/uploads\/2024\/03\/wholesale-buffet-chafer-1.jpg 800w, https:\/\/www.dzwchafingdish.com\/wp-content\/uploads\/2024\/03\/wholesale-buffet-chafer-1-300x300.jpg 300w, https:\/\/www.dzwchafingdish.com\/wp-content\/uploads\/2024\/03\/wholesale-buffet-chafer-1-150x150.jpg 150w, https:\/\/www.dzwchafingdish.com\/wp-content\/uploads\/2024\/03\/wholesale-buffet-chafer-1-768x768.jpg 768w","medium_srcset":"https:\/\/www.dzwchafingdish.com\/wp-content\/uploads\/2024\/03\/wholesale-buffet-chafer-1-300x300.jpg 300w, https:\/\/www.dzwchafingdish.com\/wp-content\/uploads\/2024\/03\/wholesale-buffet-chafer-1-150x150.jpg 150w, https:\/\/www.dzwchafingdish.com\/wp-content\/uploads\/2024\/03\/wholesale-buffet-chafer-1-768x768.jpg 768w, https:\/\/www.dzwchafingdish.com\/wp-content\/uploads\/2024\/03\/wholesale-buffet-chafer-1.jpg 800w","media_details":{"width":800,"height":800,"sizes":{"medium":{"file":"wholesale-buffet-chafer-1-300x300.jpg","width":300,"height":300,"mime-type":"image\/jpeg","filesize":14378,"source_url":"https:\/\/www.dzwchafingdish.com\/wp-content\/uploads\/2024\/03\/wholesale-buffet-chafer-1-300x300.jpg"},"thumbnail":{"file":"wholesale-buffet-chafer-1-150x150.jpg","width":150,"height":150,"mime-type":"image\/jpeg","filesize":5078,"source_url":"https:\/\/www.dzwchafingdish.com\/wp-content\/uploads\/2024\/03\/wholesale-buffet-chafer-1-150x150.jpg"},"medium_large":{"file":"wholesale-buffet-chafer-1-768x768.jpg","width":768,"height":768,"mime-type":"image\/jpeg","filesize":65104,"source_url":"https:\/\/www.dzwchafingdish.com\/wp-content\/uploads\/2024\/03\/wholesale-buffet-chafer-1-768x768.jpg"}}},"alt_text":"wholesale-buffet-chafer","url":"","target":""},{"id":3523,"title":"wholesale-buffet-chafer-2","caption":"wholesale-buffet-chafer","full_image_url":"https:\/\/www.dzwchafingdish.com\/wp-content\/uploads\/2024\/03\/wholesale-buffet-chafer-2.jpg","thumbnail_image_url":"https:\/\/www.dzwchafingdish.com\/wp-content\/uploads\/2024\/03\/wholesale-buffet-chafer-2-150x150.jpg","large_srcset":"https:\/\/www.dzwchafingdish.com\/wp-content\/uploads\/2024\/03\/wholesale-buffet-chafer-2.jpg 800w, https:\/\/www.dzwchafingdish.com\/wp-content\/uploads\/2024\/03\/wholesale-buffet-chafer-2-300x300.jpg 300w, https:\/\/www.dzwchafingdish.com\/wp-content\/uploads\/2024\/03\/wholesale-buffet-chafer-2-150x150.jpg 150w, https:\/\/www.dzwchafingdish.com\/wp-content\/uploads\/2024\/03\/wholesale-buffet-chafer-2-768x768.jpg 768w","medium_srcset":"https:\/\/www.dzwchafingdish.com\/wp-content\/uploads\/2024\/03\/wholesale-buffet-chafer-2-300x300.jpg 300w, https:\/\/www.dzwchafingdish.com\/wp-content\/uploads\/2024\/03\/wholesale-buffet-chafer-2-150x150.jpg 150w, https:\/\/www.dzwchafingdish.com\/wp-content\/uploads\/2024\/03\/wholesale-buffet-chafer-2-768x768.jpg 768w, https:\/\/www.dzwchafingdish.com\/wp-content\/uploads\/2024\/03\/wholesale-buffet-chafer-2.jpg 800w","media_details":{"width":800,"height":800,"sizes":{"medium":{"file":"wholesale-buffet-chafer-2-300x300.jpg","width":300,"height":300,"mime-type":"image\/jpeg","filesize":13085,"source_url":"https:\/\/www.dzwchafingdish.com\/wp-content\/uploads\/2024\/03\/wholesale-buffet-chafer-2-300x300.jpg"},"thumbnail":{"file":"wholesale-buffet-chafer-2-150x150.jpg","width":150,"height":150,"mime-type":"image\/jpeg","filesize":4652,"source_url":"https:\/\/www.dzwchafingdish.com\/wp-content\/uploads\/2024\/03\/wholesale-buffet-chafer-2-150x150.jpg"},"medium_large":{"file":"wholesale-buffet-chafer-2-768x768.jpg","width":768,"height":768,"mime-type":"image\/jpeg","filesize":58743,"source_url":"https:\/\/www.dzwchafingdish.com\/wp-content\/uploads\/2024\/03\/wholesale-buffet-chafer-2-768x768.jpg"}}},"alt_text":"wholesale-buffet-chafer","url":"","target":""},{"id":3527,"title":"wholesale-buffet-chafer-3","caption":"wholesale-buffet-chafer","full_image_url":"https:\/\/www.dzwchafingdish.com\/wp-content\/uploads\/2024\/03\/wholesale-buffet-chafer-3.jpg","thumbnail_image_url":"https:\/\/www.dzwchafingdish.com\/wp-content\/uploads\/2024\/03\/wholesale-buffet-chafer-3-150x150.jpg","large_srcset":"https:\/\/www.dzwchafingdish.com\/wp-content\/uploads\/2024\/03\/wholesale-buffet-chafer-3.jpg 800w, https:\/\/www.dzwchafingdish.com\/wp-content\/uploads\/2024\/03\/wholesale-buffet-chafer-3-300x300.jpg 300w, https:\/\/www.dzwchafingdish.com\/wp-content\/uploads\/2024\/03\/wholesale-buffet-chafer-3-150x150.jpg 150w, https:\/\/www.dzwchafingdish.com\/wp-content\/uploads\/2024\/03\/wholesale-buffet-chafer-3-768x768.jpg 768w","medium_srcset":"https:\/\/www.dzwchafingdish.com\/wp-content\/uploads\/2024\/03\/wholesale-buffet-chafer-3-300x300.jpg 300w, https:\/\/www.dzwchafingdish.com\/wp-content\/uploads\/2024\/03\/wholesale-buffet-chafer-3-150x150.jpg 150w, https:\/\/www.dzwchafingdish.com\/wp-content\/uploads\/2024\/03\/wholesale-buffet-chafer-3-768x768.jpg 768w, https:\/\/www.dzwchafingdish.com\/wp-content\/uploads\/2024\/03\/wholesale-buffet-chafer-3.jpg 800w","media_details":{"width":800,"height":800,"sizes":{"medium":{"file":"wholesale-buffet-chafer-3-300x300.jpg","width":300,"height":300,"mime-type":"image\/jpeg","filesize":12584,"source_url":"https:\/\/www.dzwchafingdish.com\/wp-content\/uploads\/2024\/03\/wholesale-buffet-chafer-3-300x300.jpg"},"thumbnail":{"file":"wholesale-buffet-chafer-3-150x150.jpg","width":150,"height":150,"mime-type":"image\/jpeg","filesize":4490,"source_url":"https:\/\/www.dzwchafingdish.com\/wp-content\/uploads\/2024\/03\/wholesale-buffet-chafer-3-150x150.jpg"},"medium_large":{"file":"wholesale-buffet-chafer-3-768x768.jpg","width":768,"height":768,"mime-type":"image\/jpeg","filesize":55093,"source_url":"https:\/\/www.dzwchafingdish.com\/wp-content\/uploads\/2024\/03\/wholesale-buffet-chafer-3-768x768.jpg"}}},"alt_text":"wholesale-buffet-chafer","url":"","target":""},{"id":3526,"title":"wholesale-buffet-chafer-4","caption":"wholesale-buffet-chafer","full_image_url":"https:\/\/www.dzwchafingdish.com\/wp-content\/uploads\/2024\/03\/wholesale-buffet-chafer-4.jpg","thumbnail_image_url":"https:\/\/www.dzwchafingdish.com\/wp-content\/uploads\/2024\/03\/wholesale-buffet-chafer-4-150x150.jpg","large_srcset":"https:\/\/www.dzwchafingdish.com\/wp-content\/uploads\/2024\/03\/wholesale-buffet-chafer-4.jpg 800w, https:\/\/www.dzwchafingdish.com\/wp-content\/uploads\/2024\/03\/wholesale-buffet-chafer-4-300x300.jpg 300w, https:\/\/www.dzwchafingdish.com\/wp-content\/uploads\/2024\/03\/wholesale-buffet-chafer-4-150x150.jpg 150w, https:\/\/www.dzwchafingdish.com\/wp-content\/uploads\/2024\/03\/wholesale-buffet-chafer-4-768x768.jpg 768w","medium_srcset":"https:\/\/www.dzwchafingdish.com\/wp-content\/uploads\/2024\/03\/wholesale-buffet-chafer-4-300x300.jpg 300w, https:\/\/www.dzwchafingdish.com\/wp-content\/uploads\/2024\/03\/wholesale-buffet-chafer-4-150x150.jpg 150w, https:\/\/www.dzwchafingdish.com\/wp-content\/uploads\/2024\/03\/wholesale-buffet-chafer-4-768x768.jpg 768w, https:\/\/www.dzwchafingdish.com\/wp-content\/uploads\/2024\/03\/wholesale-buffet-chafer-4.jpg 800w","media_details":{"width":800,"height":800,"sizes":{"medium":{"file":"wholesale-buffet-chafer-4-300x300.jpg","width":300,"height":300,"mime-type":"image\/jpeg","filesize":11151,"source_url":"https:\/\/www.dzwchafingdish.com\/wp-content\/uploads\/2024\/03\/wholesale-buffet-chafer-4-300x300.jpg"},"thumbnail":{"file":"wholesale-buffet-chafer-4-150x150.jpg","width":150,"height":150,"mime-type":"image\/jpeg","filesize":4028,"source_url":"https:\/\/www.dzwchafingdish.com\/wp-content\/uploads\/2024\/03\/wholesale-buffet-chafer-4-150x150.jpg"},"medium_large":{"file":"wholesale-buffet-chafer-4-768x768.jpg","width":768,"height":768,"mime-type":"image\/jpeg","filesize":51579,"source_url":"https:\/\/www.dzwchafingdish.com\/wp-content\/uploads\/2024\/03\/wholesale-buffet-chafer-4-768x768.jpg"}}},"alt_text":"wholesale-buffet-chafer","url":"","target":""},{"id":3525,"title":"wholesale-buffet-chafer-5","caption":"wholesale-buffet-chafer","full_image_url":"https:\/\/www.dzwchafingdish.com\/wp-content\/uploads\/2024\/03\/wholesale-buffet-chafer-5.jpg","thumbnail_image_url":"https:\/\/www.dzwchafingdish.com\/wp-content\/uploads\/2024\/03\/wholesale-buffet-chafer-5-150x150.jpg","large_srcset":"https:\/\/www.dzwchafingdish.com\/wp-content\/uploads\/2024\/03\/wholesale-buffet-chafer-5.jpg 800w, https:\/\/www.dzwchafingdish.com\/wp-content\/uploads\/2024\/03\/wholesale-buffet-chafer-5-300x300.jpg 300w, https:\/\/www.dzwchafingdish.com\/wp-content\/uploads\/2024\/03\/wholesale-buffet-chafer-5-150x150.jpg 150w, https:\/\/www.dzwchafingdish.com\/wp-content\/uploads\/2024\/03\/wholesale-buffet-chafer-5-768x768.jpg 768w","medium_srcset":"https:\/\/www.dzwchafingdish.com\/wp-content\/uploads\/2024\/03\/wholesale-buffet-chafer-5-300x300.jpg 300w, https:\/\/www.dzwchafingdish.com\/wp-content\/uploads\/2024\/03\/wholesale-buffet-chafer-5-150x150.jpg 150w, https:\/\/www.dzwchafingdish.com\/wp-content\/uploads\/2024\/03\/wholesale-buffet-chafer-5-768x768.jpg 768w, https:\/\/www.dzwchafingdish.com\/wp-content\/uploads\/2024\/03\/wholesale-buffet-chafer-5.jpg 800w","media_details":{"width":800,"height":800,"sizes":{"medium":{"file":"wholesale-buffet-chafer-5-300x300.jpg","width":300,"height":300,"mime-type":"image\/jpeg","filesize":17519,"source_url":"https:\/\/www.dzwchafingdish.com\/wp-content\/uploads\/2024\/03\/wholesale-buffet-chafer-5-300x300.jpg"},"thumbnail":{"file":"wholesale-buffet-chafer-5-150x150.jpg","width":150,"height":150,"mime-type":"image\/jpeg","filesize":6123,"source_url":"https:\/\/www.dzwchafingdish.com\/wp-content\/uploads\/2024\/03\/wholesale-buffet-chafer-5-150x150.jpg"},"medium_large":{"file":"wholesale-buffet-chafer-5-768x768.jpg","width":768,"height":768,"mime-type":"image\/jpeg","filesize":78425,"source_url":"https:\/\/www.dzwchafingdish.com\/wp-content\/uploads\/2024\/03\/wholesale-buffet-chafer-5-768x768.jpg"}}},"alt_text":"wholesale-buffet-chafer","url":"","target":""}]]}},"_links":{"self":[{"href":"https:\/\/www.dzwchafingdish.com\/de\/wp-json\/wp\/v2\/product\/3520","targetHints":{"allow":["GET"]}}],"collection":[{"href":"https:\/\/www.dzwchafingdish.com\/de\/wp-json\/wp\/v2\/product"}],"about":[{"href":"https:\/\/www.dzwchafingdish.com\/de\/wp-json\/wp\/v2\/types\/product"}],"author":[{"embeddable":true,"href":"https:\/\/www.dzwchafingdish.com\/de\/wp-json\/wp\/v2\/users\/3"}],"version-history":[{"count":0,"href":"https:\/\/www.dzwchafingdish.com\/de\/wp-json\/wp\/v2\/product\/3520\/revisions"}],"wp:featuredmedia":[{"embeddable":true,"href":"https:\/\/www.dzwchafingdish.com\/de\/wp-json\/wp\/v2\/media\/3522"}],"wp:attachment":[{"href":"https:\/\/www.dzwchafingdish.com\/de\/wp-json\/wp\/v2\/media?parent=3520"}],"wp:term":[{"taxonomy":"product-categories","embeddable":true,"href":"https:\/\/www.dzwchafingdish.com\/de\/wp-json\/wp\/v2\/product-categories?post=3520"},{"taxonomy":"product-tag","embeddable":true,"href":"https:\/\/www.dzwchafingdish.com\/de\/wp-json\/wp\/v2\/product-tag?post=3520"}],"curies":[{"name":"wp","href":"https:\/\/api.w.org\/{rel}","templated":true}]}}