{"id":3587,"date":"2024-05-16T04:02:45","date_gmt":"2024-05-16T04:02:45","guid":{"rendered":"https:\/\/www.dzwchafingdish.com\/?post_type=product&#038;p=3587"},"modified":"2024-06-15T05:03:43","modified_gmt":"2024-06-15T05:03:43","slug":"catering-chafing-dish","status":"publish","type":"product","link":"https:\/\/www.dzwchafingdish.com\/de\/product\/catering-chafing-dish\/","title":{"rendered":"Edelstahl Catering Chafing Dish Oval mit Glasdeckel und Griff"},"content":{"rendered":"<div class=\"wp-block-columns is-layout-flex wp-container-core-columns-is-layout-28f84493 wp-block-columns-is-layout-flex\">\n<div class=\"wp-block-column is-vertically-aligned-center is-layout-flow wp-block-column-is-layout-flow\">\n<h2 class=\"wp-block-heading\">Catering Chafing Dish <strong>Dimension<\/strong><\/h2>\n\n\n\n<figure class=\"wp-block-table\"><table><tbody><tr><td>ARTIKEL NR.<\/td><td>GR\u00d6SSE<\/td><td>LENGTH<\/td><td>WIDE<\/td><td>H\u00d6HE<\/td><td>N.W \/SET<\/td><\/tr><tr><td>DZW-CR018<\/td><td>3.5L<\/td><td>28 cm<\/td><td>28 cm<\/td><td>62 cm<\/td><td>2450 g<\/td><\/tr><tr><td>DZW-CR118<\/td><td>4.0L<\/td><td>30 cm<\/td><td>30 cm<\/td><td>64 cm<\/td><td>2750 g<\/td><\/tr><tr><td>DZW-CR020<\/td><td>6.0L<\/td><td>36 cm<\/td><td>36 cm<\/td><td>68 cm<\/td><td>3500 g<\/td><\/tr><tr><td>DZW-CR120<\/td><td>8.0L<\/td><td>38 cm<\/td><td>38 cm<\/td><td>70 cm<\/td><td>3700 g<\/td><\/tr><\/tbody><\/table><\/figure>\n<\/div>\n\n\n\n<div class=\"wp-block-column is-layout-flow wp-block-column-is-layout-flow\">\n<figure class=\"wp-block-image size-full is-resized\"><img fetchpriority=\"high\" decoding=\"async\" width=\"800\" height=\"800\" src=\"https:\/\/www.dzwchafingdish.com\/wp-content\/uploads\/2024\/03\/wholesale-catering-chafing-dish-1.webp\" alt=\"gro\u00dfhandel-gastronomie-geschirr\" class=\"wp-image-3588\" style=\"width:494px;height:auto\" srcset=\"https:\/\/www.dzwchafingdish.com\/wp-content\/uploads\/2024\/03\/wholesale-catering-chafing-dish-1.webp 800w, https:\/\/www.dzwchafingdish.com\/wp-content\/uploads\/2024\/03\/wholesale-catering-chafing-dish-1-300x300.webp 300w, https:\/\/www.dzwchafingdish.com\/wp-content\/uploads\/2024\/03\/wholesale-catering-chafing-dish-1-150x150.webp 150w, https:\/\/www.dzwchafingdish.com\/wp-content\/uploads\/2024\/03\/wholesale-catering-chafing-dish-1-768x768.webp 768w\" sizes=\"(max-width: 800px) 100vw, 800px\" \/><\/figure>\n<\/div>\n<\/div>\n\n\n\n<div class=\"wp-block-columns is-layout-flex wp-container-core-columns-is-layout-28f84493 wp-block-columns-is-layout-flex\">\n<div class=\"wp-block-column is-layout-flow wp-block-column-is-layout-flow\">\n<figure class=\"wp-block-image size-full\"><img decoding=\"async\" width=\"800\" height=\"800\" src=\"https:\/\/www.dzwchafingdish.com\/wp-content\/uploads\/2024\/03\/wholesale-catering-chafing-dish-2.webp\" alt=\"gro\u00dfhandel-gastronomie-geschirr\" class=\"wp-image-3589\" srcset=\"https:\/\/www.dzwchafingdish.com\/wp-content\/uploads\/2024\/03\/wholesale-catering-chafing-dish-2.webp 800w, https:\/\/www.dzwchafingdish.com\/wp-content\/uploads\/2024\/03\/wholesale-catering-chafing-dish-2-300x300.webp 300w, https:\/\/www.dzwchafingdish.com\/wp-content\/uploads\/2024\/03\/wholesale-catering-chafing-dish-2-150x150.webp 150w, https:\/\/www.dzwchafingdish.com\/wp-content\/uploads\/2024\/03\/wholesale-catering-chafing-dish-2-768x768.webp 768w\" sizes=\"(max-width: 800px) 100vw, 800px\" \/><\/figure>\n<\/div>\n\n\n\n<div class=\"wp-block-column is-layout-flow wp-block-column-is-layout-flow\">\n<h2 class=\"wp-block-heading\"><strong>Premium Catering Chafing Dish Merkmale:<\/strong><\/h2>\n\n\n\n<ul class=\"wp-block-list\">\n<li>Neu auf dem Markt: Unsere Chafing Dishes aus Edelstahl mit neuem Design, die den Anspr\u00fcchen unserer Kunden an Qualit\u00e4t und Innovation gerecht werden, sind der neueste Favorit im Hotel- und Gastst\u00e4ttengewerbe und beweisen unser Gesp\u00fcr f\u00fcr Markttrends.<\/li>\n\n\n\n<li>Exquisiter Glasdeckel und -griff: Diese Chafing Dish ist mit einem Glasdeckel und einem Griff ausgestattet, der das Essen nicht nur sichtbar, sondern auch leicht erreichbar macht, was das Esserlebnis verbessert.<\/li>\n\n\n\n<li>Hochwertige Materialien: Hergestellt aus hochwertigem 201 Edelstahl, um Haltbarkeit und langfristige Nutzung zu gew\u00e4hrleisten, um Kunden mit zuverl\u00e4ssiger Leistung und dauerhaften Wert zu bieten, ist eine vertrauensw\u00fcrdige Wahl f\u00fcr das Hotel- und Gastst\u00e4ttengewerbe.<\/li>\n\n\n\n<li>Vielseitig einsetzbar: Geeignet f\u00fcr eine Vielzahl von Anl\u00e4ssen, einschlie\u00dflich Hotel-Bankette, Cafeterias, Hochzeiten und Veranstaltungen, um Kunden mit einer Vielzahl von Service-Optionen, ist ein ideales Instrument zur Verbesserung der Ebene der Hotel-Catering-Service.<\/li>\n<\/ul>\n<\/div>\n<\/div>","protected":false},"excerpt":{"rendered":"<p>Catering Chafing Dish Dimension ITEM NO. SIZE LENGTH WIDE HIGHT N.W \/SET DZW-CR018 3.5L 28 cm 28 cm 62 cm 2450 g DZW-CR118 4.0L 30 cm 30 cm 64 cm 2750 g DZW-CR020 6.0L 36 cm 36 cm 68 cm 3500 g DZW-CR120 8.0L 38 cm 38 cm 70 cm 3700 g Premium Catering Chafing [&hellip;]<\/p>","protected":false},"author":3,"featured_media":3594,"parent":0,"menu_order":0,"template":"","format":"standard","meta":{"_acf_changed":false,"site-sidebar-layout":"default","site-content-layout":"","ast-site-content-layout":"default","site-content-style":"default","site-sidebar-style":"default","ast-global-header-display":"","ast-banner-title-visibility":"","ast-main-header-display":"","ast-hfb-above-header-display":"","ast-hfb-below-header-display":"","ast-hfb-mobile-header-display":"","site-post-title":"","ast-breadcrumbs-content":"","ast-featured-img":"","footer-sml-layout":"","theme-transparent-header-meta":"","adv-header-id-meta":"","stick-header-meta":"","header-above-stick-meta":"","header-main-stick-meta":"","header-below-stick-meta":"","astra-migrate-meta-layouts":"default","ast-page-background-enabled":"default","ast-page-background-meta":{"desktop":{"background-color":"var(--ast-global-color-4)","background-image":"","background-repeat":"repeat","background-position":"center center","background-size":"auto","background-attachment":"scroll","background-type":"","background-media":"","overlay-type":"","overlay-color":"","overlay-opacity":"","overlay-gradient":""},"tablet":{"background-color":"","background-image":"","background-repeat":"repeat","background-position":"center center","background-size":"auto","background-attachment":"scroll","background-type":"","background-media":"","overlay-type":"","overlay-color":"","overlay-opacity":"","overlay-gradient":""},"mobile":{"background-color":"","background-image":"","background-repeat":"repeat","background-position":"center center","background-size":"auto","background-attachment":"scroll","background-type":"","background-media":"","overlay-type":"","overlay-color":"","overlay-opacity":"","overlay-gradient":""}},"ast-content-background-meta":{"desktop":{"background-color":"var(--ast-global-color-5)","background-image":"","background-repeat":"repeat","background-position":"center center","background-size":"auto","background-attachment":"scroll","background-type":"","background-media":"","overlay-type":"","overlay-color":"","overlay-opacity":"","overlay-gradient":""},"tablet":{"background-color":"var(--ast-global-color-5)","background-image":"","background-repeat":"repeat","background-position":"center center","background-size":"auto","background-attachment":"scroll","background-type":"","background-media":"","overlay-type":"","overlay-color":"","overlay-opacity":"","overlay-gradient":""},"mobile":{"background-color":"var(--ast-global-color-5)","background-image":"","background-repeat":"repeat","background-position":"center center","background-size":"auto","background-attachment":"scroll","background-type":"","background-media":"","overlay-type":"","overlay-color":"","overlay-opacity":"","overlay-gradient":""}},"footnotes":""},"product-categories":[63],"product-tag":[90,91],"class_list":["post-3587","product","type-product","status-publish","format-standard","has-post-thumbnail","hentry","product-categories-chafing-dish","product-tag-fuel-chafing-dish","product-tag-round-chafing-dish"],"acf":{"title":"Neue Ankunft Hotel Edelstahl Catering Chafing Dish mit Glasdeckel und Griff","title_source":{"label":"Title","type":"text","formatted_value":"New Arrival Hotel Stainless Steel Catering Chafing Dish With Glass Lid And Handle"},"short_description":"We wholesale and custom stainless steel catering chafing dish, oval with delicate glass lid and handle, meets the customer's demand for quality and convenience. Factory direct, providing customized solutions at wholesale prices, please contact us for free quote.","short_description_source":{"label":"Short description","type":"textarea","formatted_value":"We wholesale and custom stainless steel catering chafing dish, oval with delicate glass lid and handle, meets the customer's demand for quality and convenience. Factory direct, providing customized solutions at wholesale prices, please contact us for free quote."},"parameters":"<table border=\"0\" width=\"275\" cellspacing=\"0\" cellpadding=\"0\">\r\n<tbody>\r\n<tr>\r\n<td width=\"108\" height=\"17\">Manufacturer<\/td>\r\n<td width=\"167\">DONGZHAOWEI<\/td>\r\n<\/tr>\r\n<tr>\r\n<td height=\"17\">Material<\/td>\r\n<td>Stainless Steel 201<\/td>\r\n<\/tr>\r\n<tr>\r\n<td height=\"17\">Capacity<\/td>\r\n<td>3.5L; 4.0L; 6.0L; 8.0L<\/td>\r\n<\/tr>\r\n<tr>\r\n<td height=\"17\">Color<\/td>\r\n<td>Golden \/ Silver<\/td>\r\n<\/tr>\r\n<tr>\r\n<td height=\"17\">Design<\/td>\r\n<td>Round shape<\/td>\r\n<\/tr>\r\n<tr>\r\n<td height=\"17\">Tray<\/td>\r\n<td>No divided \/ Divided tray<\/td>\r\n<\/tr>\r\n<tr>\r\n<td height=\"17\">Lid type<\/td>\r\n<td>Glass lid<\/td>\r\n<\/tr>\r\n<tr>\r\n<td height=\"17\">Heat<\/td>\r\n<td>Fuel<\/td>\r\n<\/tr>\r\n<tr>\r\n<td height=\"17\">Custom<\/td>\r\n<td>Color\/Logo\/Package<\/td>\r\n<\/tr>\r\n<\/tbody>\r\n<\/table>","parameters_source":{"label":"Parameters","type":"wysiwyg","formatted_value":"<table border=\"0\" width=\"275\" cellspacing=\"0\" cellpadding=\"0\">\n<tbody>\n<tr>\n<td width=\"108\" height=\"17\">Manufacturer<\/td>\n<td width=\"167\">DONGZHAOWEI<\/td>\n<\/tr>\n<tr>\n<td height=\"17\">Material<\/td>\n<td>Stainless Steel 201<\/td>\n<\/tr>\n<tr>\n<td height=\"17\">Capacity<\/td>\n<td>3.5L; 4.0L; 6.0L; 8.0L<\/td>\n<\/tr>\n<tr>\n<td height=\"17\">Color<\/td>\n<td>Golden \/ Silver<\/td>\n<\/tr>\n<tr>\n<td height=\"17\">Design<\/td>\n<td>Round shape<\/td>\n<\/tr>\n<tr>\n<td height=\"17\">Tray<\/td>\n<td>No divided \/ Divided tray<\/td>\n<\/tr>\n<tr>\n<td height=\"17\">Lid type<\/td>\n<td>Glass lid<\/td>\n<\/tr>\n<tr>\n<td height=\"17\">Heat<\/td>\n<td>Fuel<\/td>\n<\/tr>\n<tr>\n<td height=\"17\">Custom<\/td>\n<td>Color\/Logo\/Package<\/td>\n<\/tr>\n<\/tbody>\n<\/table>\n"},"photo_gallery":{"product_gallery":[[{"id":3588,"title":"wholesale-catering-chafing-dish-1","caption":"wholesale-catering-chafing-dish","full_image_url":"https:\/\/www.dzwchafingdish.com\/wp-content\/uploads\/2024\/03\/wholesale-catering-chafing-dish-1.webp","thumbnail_image_url":"https:\/\/www.dzwchafingdish.com\/wp-content\/uploads\/2024\/03\/wholesale-catering-chafing-dish-1-150x150.webp","large_srcset":"https:\/\/www.dzwchafingdish.com\/wp-content\/uploads\/2024\/03\/wholesale-catering-chafing-dish-1.webp 800w, https:\/\/www.dzwchafingdish.com\/wp-content\/uploads\/2024\/03\/wholesale-catering-chafing-dish-1-300x300.webp 300w, https:\/\/www.dzwchafingdish.com\/wp-content\/uploads\/2024\/03\/wholesale-catering-chafing-dish-1-150x150.webp 150w, https:\/\/www.dzwchafingdish.com\/wp-content\/uploads\/2024\/03\/wholesale-catering-chafing-dish-1-768x768.webp 768w","medium_srcset":"https:\/\/www.dzwchafingdish.com\/wp-content\/uploads\/2024\/03\/wholesale-catering-chafing-dish-1-300x300.webp 300w, https:\/\/www.dzwchafingdish.com\/wp-content\/uploads\/2024\/03\/wholesale-catering-chafing-dish-1-150x150.webp 150w, https:\/\/www.dzwchafingdish.com\/wp-content\/uploads\/2024\/03\/wholesale-catering-chafing-dish-1-768x768.webp 768w, https:\/\/www.dzwchafingdish.com\/wp-content\/uploads\/2024\/03\/wholesale-catering-chafing-dish-1.webp 800w","media_details":{"width":800,"height":800,"sizes":{"medium":{"file":"wholesale-catering-chafing-dish-1-300x300.webp","width":300,"height":300,"mime-type":"image\/webp","filesize":6790,"source_url":"https:\/\/www.dzwchafingdish.com\/wp-content\/uploads\/2024\/03\/wholesale-catering-chafing-dish-1-300x300.webp"},"thumbnail":{"file":"wholesale-catering-chafing-dish-1-150x150.webp","width":150,"height":150,"mime-type":"image\/webp","filesize":2586,"source_url":"https:\/\/www.dzwchafingdish.com\/wp-content\/uploads\/2024\/03\/wholesale-catering-chafing-dish-1-150x150.webp"},"medium_large":{"file":"wholesale-catering-chafing-dish-1-768x768.webp","width":768,"height":768,"mime-type":"image\/webp","filesize":22664,"source_url":"https:\/\/www.dzwchafingdish.com\/wp-content\/uploads\/2024\/03\/wholesale-catering-chafing-dish-1-768x768.webp"}}},"alt_text":"wholesale-catering-chafing-dish","url":"","target":""},{"id":3591,"title":"wholesale-catering-chafing-dish-4","caption":"wholesale-catering-chafing-dish","full_image_url":"https:\/\/www.dzwchafingdish.com\/wp-content\/uploads\/2024\/03\/wholesale-catering-chafing-dish-4.webp","thumbnail_image_url":"https:\/\/www.dzwchafingdish.com\/wp-content\/uploads\/2024\/03\/wholesale-catering-chafing-dish-4-150x150.webp","large_srcset":"https:\/\/www.dzwchafingdish.com\/wp-content\/uploads\/2024\/03\/wholesale-catering-chafing-dish-4.webp 800w, https:\/\/www.dzwchafingdish.com\/wp-content\/uploads\/2024\/03\/wholesale-catering-chafing-dish-4-300x300.webp 300w, https:\/\/www.dzwchafingdish.com\/wp-content\/uploads\/2024\/03\/wholesale-catering-chafing-dish-4-150x150.webp 150w, https:\/\/www.dzwchafingdish.com\/wp-content\/uploads\/2024\/03\/wholesale-catering-chafing-dish-4-768x768.webp 768w","medium_srcset":"https:\/\/www.dzwchafingdish.com\/wp-content\/uploads\/2024\/03\/wholesale-catering-chafing-dish-4-300x300.webp 300w, https:\/\/www.dzwchafingdish.com\/wp-content\/uploads\/2024\/03\/wholesale-catering-chafing-dish-4-150x150.webp 150w, https:\/\/www.dzwchafingdish.com\/wp-content\/uploads\/2024\/03\/wholesale-catering-chafing-dish-4-768x768.webp 768w, https:\/\/www.dzwchafingdish.com\/wp-content\/uploads\/2024\/03\/wholesale-catering-chafing-dish-4.webp 800w","media_details":{"width":800,"height":800,"sizes":{"medium":{"file":"wholesale-catering-chafing-dish-4-300x300.webp","width":300,"height":300,"mime-type":"image\/webp","filesize":6060,"source_url":"https:\/\/www.dzwchafingdish.com\/wp-content\/uploads\/2024\/03\/wholesale-catering-chafing-dish-4-300x300.webp"},"thumbnail":{"file":"wholesale-catering-chafing-dish-4-150x150.webp","width":150,"height":150,"mime-type":"image\/webp","filesize":2292,"source_url":"https:\/\/www.dzwchafingdish.com\/wp-content\/uploads\/2024\/03\/wholesale-catering-chafing-dish-4-150x150.webp"},"medium_large":{"file":"wholesale-catering-chafing-dish-4-768x768.webp","width":768,"height":768,"mime-type":"image\/webp","filesize":21776,"source_url":"https:\/\/www.dzwchafingdish.com\/wp-content\/uploads\/2024\/03\/wholesale-catering-chafing-dish-4-768x768.webp"}}},"alt_text":"wholesale-catering-chafing-dish","url":"","target":""},{"id":3592,"title":"wholesale-catering-chafing-dish-5","caption":"wholesale-catering-chafing-dish","full_image_url":"https:\/\/www.dzwchafingdish.com\/wp-content\/uploads\/2024\/03\/wholesale-catering-chafing-dish-5.webp","thumbnail_image_url":"https:\/\/www.dzwchafingdish.com\/wp-content\/uploads\/2024\/03\/wholesale-catering-chafing-dish-5-150x150.webp","large_srcset":"https:\/\/www.dzwchafingdish.com\/wp-content\/uploads\/2024\/03\/wholesale-catering-chafing-dish-5.webp 800w, https:\/\/www.dzwchafingdish.com\/wp-content\/uploads\/2024\/03\/wholesale-catering-chafing-dish-5-300x300.webp 300w, https:\/\/www.dzwchafingdish.com\/wp-content\/uploads\/2024\/03\/wholesale-catering-chafing-dish-5-150x150.webp 150w, https:\/\/www.dzwchafingdish.com\/wp-content\/uploads\/2024\/03\/wholesale-catering-chafing-dish-5-768x768.webp 768w","medium_srcset":"https:\/\/www.dzwchafingdish.com\/wp-content\/uploads\/2024\/03\/wholesale-catering-chafing-dish-5-300x300.webp 300w, https:\/\/www.dzwchafingdish.com\/wp-content\/uploads\/2024\/03\/wholesale-catering-chafing-dish-5-150x150.webp 150w, https:\/\/www.dzwchafingdish.com\/wp-content\/uploads\/2024\/03\/wholesale-catering-chafing-dish-5-768x768.webp 768w, https:\/\/www.dzwchafingdish.com\/wp-content\/uploads\/2024\/03\/wholesale-catering-chafing-dish-5.webp 800w","media_details":{"width":800,"height":800,"sizes":{"medium":{"file":"wholesale-catering-chafing-dish-5-300x300.webp","width":300,"height":300,"mime-type":"image\/webp","filesize":5044,"source_url":"https:\/\/www.dzwchafingdish.com\/wp-content\/uploads\/2024\/03\/wholesale-catering-chafing-dish-5-300x300.webp"},"thumbnail":{"file":"wholesale-catering-chafing-dish-5-150x150.webp","width":150,"height":150,"mime-type":"image\/webp","filesize":2074,"source_url":"https:\/\/www.dzwchafingdish.com\/wp-content\/uploads\/2024\/03\/wholesale-catering-chafing-dish-5-150x150.webp"},"medium_large":{"file":"wholesale-catering-chafing-dish-5-768x768.webp","width":768,"height":768,"mime-type":"image\/webp","filesize":17118,"source_url":"https:\/\/www.dzwchafingdish.com\/wp-content\/uploads\/2024\/03\/wholesale-catering-chafing-dish-5-768x768.webp"}}},"alt_text":"wholesale-catering-chafing-dish","url":"","target":""},{"id":3593,"title":"wholesale-catering-chafing-dish-6","caption":"wholesale-catering-chafing-dish","full_image_url":"https:\/\/www.dzwchafingdish.com\/wp-content\/uploads\/2024\/03\/wholesale-catering-chafing-dish-6.webp","thumbnail_image_url":"https:\/\/www.dzwchafingdish.com\/wp-content\/uploads\/2024\/03\/wholesale-catering-chafing-dish-6-150x150.webp","large_srcset":"https:\/\/www.dzwchafingdish.com\/wp-content\/uploads\/2024\/03\/wholesale-catering-chafing-dish-6.webp 800w, https:\/\/www.dzwchafingdish.com\/wp-content\/uploads\/2024\/03\/wholesale-catering-chafing-dish-6-300x300.webp 300w, https:\/\/www.dzwchafingdish.com\/wp-content\/uploads\/2024\/03\/wholesale-catering-chafing-dish-6-150x150.webp 150w, https:\/\/www.dzwchafingdish.com\/wp-content\/uploads\/2024\/03\/wholesale-catering-chafing-dish-6-768x768.webp 768w","medium_srcset":"https:\/\/www.dzwchafingdish.com\/wp-content\/uploads\/2024\/03\/wholesale-catering-chafing-dish-6-300x300.webp 300w, https:\/\/www.dzwchafingdish.com\/wp-content\/uploads\/2024\/03\/wholesale-catering-chafing-dish-6-150x150.webp 150w, https:\/\/www.dzwchafingdish.com\/wp-content\/uploads\/2024\/03\/wholesale-catering-chafing-dish-6-768x768.webp 768w, https:\/\/www.dzwchafingdish.com\/wp-content\/uploads\/2024\/03\/wholesale-catering-chafing-dish-6.webp 800w","media_details":{"width":800,"height":800,"sizes":{"medium":{"file":"wholesale-catering-chafing-dish-6-300x300.webp","width":300,"height":300,"mime-type":"image\/webp","filesize":5576,"source_url":"https:\/\/www.dzwchafingdish.com\/wp-content\/uploads\/2024\/03\/wholesale-catering-chafing-dish-6-300x300.webp"},"thumbnail":{"file":"wholesale-catering-chafing-dish-6-150x150.webp","width":150,"height":150,"mime-type":"image\/webp","filesize":2212,"source_url":"https:\/\/www.dzwchafingdish.com\/wp-content\/uploads\/2024\/03\/wholesale-catering-chafing-dish-6-150x150.webp"},"medium_large":{"file":"wholesale-catering-chafing-dish-6-768x768.webp","width":768,"height":768,"mime-type":"image\/webp","filesize":19926,"source_url":"https:\/\/www.dzwchafingdish.com\/wp-content\/uploads\/2024\/03\/wholesale-catering-chafing-dish-6-768x768.webp"}}},"alt_text":"wholesale-catering-chafing-dish","url":"","target":""},{"id":3590,"title":"wholesale-catering-chafing-dish-3","caption":"wholesale-catering-chafing-dish","full_image_url":"https:\/\/www.dzwchafingdish.com\/wp-content\/uploads\/2024\/03\/wholesale-catering-chafing-dish-3.webp","thumbnail_image_url":"https:\/\/www.dzwchafingdish.com\/wp-content\/uploads\/2024\/03\/wholesale-catering-chafing-dish-3-150x150.webp","large_srcset":"https:\/\/www.dzwchafingdish.com\/wp-content\/uploads\/2024\/03\/wholesale-catering-chafing-dish-3.webp 800w, https:\/\/www.dzwchafingdish.com\/wp-content\/uploads\/2024\/03\/wholesale-catering-chafing-dish-3-300x300.webp 300w, https:\/\/www.dzwchafingdish.com\/wp-content\/uploads\/2024\/03\/wholesale-catering-chafing-dish-3-150x150.webp 150w, https:\/\/www.dzwchafingdish.com\/wp-content\/uploads\/2024\/03\/wholesale-catering-chafing-dish-3-768x768.webp 768w","medium_srcset":"https:\/\/www.dzwchafingdish.com\/wp-content\/uploads\/2024\/03\/wholesale-catering-chafing-dish-3-300x300.webp 300w, https:\/\/www.dzwchafingdish.com\/wp-content\/uploads\/2024\/03\/wholesale-catering-chafing-dish-3-150x150.webp 150w, https:\/\/www.dzwchafingdish.com\/wp-content\/uploads\/2024\/03\/wholesale-catering-chafing-dish-3-768x768.webp 768w, https:\/\/www.dzwchafingdish.com\/wp-content\/uploads\/2024\/03\/wholesale-catering-chafing-dish-3.webp 800w","media_details":{"width":800,"height":800,"sizes":{"medium":{"file":"wholesale-catering-chafing-dish-3-300x300.webp","width":300,"height":300,"mime-type":"image\/webp","filesize":11226,"source_url":"https:\/\/www.dzwchafingdish.com\/wp-content\/uploads\/2024\/03\/wholesale-catering-chafing-dish-3-300x300.webp"},"thumbnail":{"file":"wholesale-catering-chafing-dish-3-150x150.webp","width":150,"height":150,"mime-type":"image\/webp","filesize":4306,"source_url":"https:\/\/www.dzwchafingdish.com\/wp-content\/uploads\/2024\/03\/wholesale-catering-chafing-dish-3-150x150.webp"},"medium_large":{"file":"wholesale-catering-chafing-dish-3-768x768.webp","width":768,"height":768,"mime-type":"image\/webp","filesize":39282,"source_url":"https:\/\/www.dzwchafingdish.com\/wp-content\/uploads\/2024\/03\/wholesale-catering-chafing-dish-3-768x768.webp"}}},"alt_text":"wholesale-catering-chafing-dish","url":"","target":""},{"id":3589,"title":"wholesale-catering-chafing-dish-2","caption":"wholesale-catering-chafing-dish","full_image_url":"https:\/\/www.dzwchafingdish.com\/wp-content\/uploads\/2024\/03\/wholesale-catering-chafing-dish-2.webp","thumbnail_image_url":"https:\/\/www.dzwchafingdish.com\/wp-content\/uploads\/2024\/03\/wholesale-catering-chafing-dish-2-150x150.webp","large_srcset":"https:\/\/www.dzwchafingdish.com\/wp-content\/uploads\/2024\/03\/wholesale-catering-chafing-dish-2.webp 800w, https:\/\/www.dzwchafingdish.com\/wp-content\/uploads\/2024\/03\/wholesale-catering-chafing-dish-2-300x300.webp 300w, https:\/\/www.dzwchafingdish.com\/wp-content\/uploads\/2024\/03\/wholesale-catering-chafing-dish-2-150x150.webp 150w, https:\/\/www.dzwchafingdish.com\/wp-content\/uploads\/2024\/03\/wholesale-catering-chafing-dish-2-768x768.webp 768w","medium_srcset":"https:\/\/www.dzwchafingdish.com\/wp-content\/uploads\/2024\/03\/wholesale-catering-chafing-dish-2-300x300.webp 300w, https:\/\/www.dzwchafingdish.com\/wp-content\/uploads\/2024\/03\/wholesale-catering-chafing-dish-2-150x150.webp 150w, https:\/\/www.dzwchafingdish.com\/wp-content\/uploads\/2024\/03\/wholesale-catering-chafing-dish-2-768x768.webp 768w, https:\/\/www.dzwchafingdish.com\/wp-content\/uploads\/2024\/03\/wholesale-catering-chafing-dish-2.webp 800w","media_details":{"width":800,"height":800,"sizes":{"medium":{"file":"wholesale-catering-chafing-dish-2-300x300.webp","width":300,"height":300,"mime-type":"image\/webp","filesize":7144,"source_url":"https:\/\/www.dzwchafingdish.com\/wp-content\/uploads\/2024\/03\/wholesale-catering-chafing-dish-2-300x300.webp"},"thumbnail":{"file":"wholesale-catering-chafing-dish-2-150x150.webp","width":150,"height":150,"mime-type":"image\/webp","filesize":2774,"source_url":"https:\/\/www.dzwchafingdish.com\/wp-content\/uploads\/2024\/03\/wholesale-catering-chafing-dish-2-150x150.webp"},"medium_large":{"file":"wholesale-catering-chafing-dish-2-768x768.webp","width":768,"height":768,"mime-type":"image\/webp","filesize":23208,"source_url":"https:\/\/www.dzwchafingdish.com\/wp-content\/uploads\/2024\/03\/wholesale-catering-chafing-dish-2-768x768.webp"}}},"alt_text":"wholesale-catering-chafing-dish","url":"","target":""}]]}},"_links":{"self":[{"href":"https:\/\/www.dzwchafingdish.com\/de\/wp-json\/wp\/v2\/product\/3587","targetHints":{"allow":["GET"]}}],"collection":[{"href":"https:\/\/www.dzwchafingdish.com\/de\/wp-json\/wp\/v2\/product"}],"about":[{"href":"https:\/\/www.dzwchafingdish.com\/de\/wp-json\/wp\/v2\/types\/product"}],"author":[{"embeddable":true,"href":"https:\/\/www.dzwchafingdish.com\/de\/wp-json\/wp\/v2\/users\/3"}],"version-history":[{"count":0,"href":"https:\/\/www.dzwchafingdish.com\/de\/wp-json\/wp\/v2\/product\/3587\/revisions"}],"wp:featuredmedia":[{"embeddable":true,"href":"https:\/\/www.dzwchafingdish.com\/de\/wp-json\/wp\/v2\/media\/3594"}],"wp:attachment":[{"href":"https:\/\/www.dzwchafingdish.com\/de\/wp-json\/wp\/v2\/media?parent=3587"}],"wp:term":[{"taxonomy":"product-categories","embeddable":true,"href":"https:\/\/www.dzwchafingdish.com\/de\/wp-json\/wp\/v2\/product-categories?post=3587"},{"taxonomy":"product-tag","embeddable":true,"href":"https:\/\/www.dzwchafingdish.com\/de\/wp-json\/wp\/v2\/product-tag?post=3587"}],"curies":[{"name":"wp","href":"https:\/\/api.w.org\/{rel}","templated":true}]}}