{"id":3729,"date":"2024-04-23T07:11:36","date_gmt":"2024-04-23T07:11:36","guid":{"rendered":"https:\/\/www.dzwchafingdish.com\/?post_type=product&#038;p=3729"},"modified":"2024-06-12T07:22:30","modified_gmt":"2024-06-12T07:22:30","slug":"cereal-dispenser","status":"publish","type":"product","link":"https:\/\/www.dzwchafingdish.com\/de\/product\/cereal-dispenser\/","title":{"rendered":"Gro\u00dfhandel Getreidespender kommerzielle Hotel servieren 4L\/8L"},"content":{"rendered":"<div class=\"wp-block-columns is-layout-flex wp-container-core-columns-is-layout-28f84493 wp-block-columns-is-layout-flex\">\n<div class=\"wp-block-column is-vertically-aligned-center is-layout-flow wp-block-column-is-layout-flow\">\n<h2 class=\"wp-block-heading\"> M\u00fcslispender Dimension<\/h2>\n\n\n\n<figure class=\"wp-block-table\"><table><tbody><tr><td>ARTIKEL NR.<\/td><td>Menge<\/td><td>GR\u00d6SSE<\/td><td>LENGTH<\/td><td>WIDE<\/td><td>H\u00d6HE<\/td><td>N.W \/SET<\/td><\/tr><tr><td>DZW-CM040<\/td><td>einzelner Kopf<\/td><td>4L<\/td><td>32,5 cm<\/td><td>20cm<\/td><td>37cm<\/td><td>1600g<\/td><\/tr><tr><td>DZW-CM080<\/td><td>einzelner Kopf<\/td><td>8L<\/td><td>36cm<\/td><td>33cm<\/td><td>34cm<\/td><td>3000g<\/td><\/tr><\/tbody><\/table><\/figure>\n<\/div>\n\n\n\n<div class=\"wp-block-column is-layout-flow wp-block-column-is-layout-flow\">\n<figure class=\"wp-block-image aligncenter size-full is-resized\"><img fetchpriority=\"high\" decoding=\"async\" width=\"800\" height=\"800\" src=\"https:\/\/www.dzwchafingdish.com\/wp-content\/uploads\/2024\/03\/cereal-dispenser-1.webp\" alt=\"M\u00fcslispender\" class=\"wp-image-3731\" style=\"width:390px;height:auto\" srcset=\"https:\/\/www.dzwchafingdish.com\/wp-content\/uploads\/2024\/03\/cereal-dispenser-1.webp 800w, https:\/\/www.dzwchafingdish.com\/wp-content\/uploads\/2024\/03\/cereal-dispenser-1-300x300.webp 300w, https:\/\/www.dzwchafingdish.com\/wp-content\/uploads\/2024\/03\/cereal-dispenser-1-150x150.webp 150w, https:\/\/www.dzwchafingdish.com\/wp-content\/uploads\/2024\/03\/cereal-dispenser-1-768x768.webp 768w\" sizes=\"(max-width: 800px) 100vw, 800px\" \/><\/figure>\n<\/div>\n<\/div>\n\n\n\n<div class=\"wp-block-columns is-layout-flex wp-container-core-columns-is-layout-28f84493 wp-block-columns-is-layout-flex\">\n<div class=\"wp-block-column is-layout-flow wp-block-column-is-layout-flow\">\n<figure class=\"wp-block-image aligncenter size-full is-resized\"><img decoding=\"async\" width=\"688\" height=\"918\" src=\"https:\/\/www.dzwchafingdish.com\/wp-content\/uploads\/2024\/03\/cereal-dispenser-1-1.webp\" alt=\"M\u00fcslispender \" class=\"wp-image-3737\" style=\"width:372px;height:auto\" srcset=\"https:\/\/www.dzwchafingdish.com\/wp-content\/uploads\/2024\/03\/cereal-dispenser-1-1.webp 688w, https:\/\/www.dzwchafingdish.com\/wp-content\/uploads\/2024\/03\/cereal-dispenser-1-1-225x300.webp 225w\" sizes=\"(max-width: 688px) 100vw, 688px\" \/><\/figure>\n<\/div>\n\n\n\n<div class=\"wp-block-column is-vertically-aligned-center is-layout-flow wp-block-column-is-layout-flow\">\n<h2 class=\"wp-block-heading\">M\u00fcsli-Spender Merkmale:<\/h2>\n\n\n\n<ul class=\"wp-block-list\">\n<li>Sockel aus hochwertigem Edelstahl: Sorgt f\u00fcr Langlebigkeit und Stabilit\u00e4t.<\/li>\n\n\n\n<li>Transparente Kunststoffkanister: Erm\u00f6glicht eine einfache Sichtbarkeit des Getreidestands.<\/li>\n\n\n\n<li>Silikon-R\u00e4der: Sanfter und leiser Betrieb f\u00fcr m\u00fcheloses Dosieren.<\/li>\n\n\n\n<li>Elegantes Design mit gro\u00dfem Fassungsverm\u00f6gen: Bringt Eleganz in Ihre K\u00fcche und bietet gleichzeitig reichlich Stauraum.<\/li>\n<\/ul>\n<\/div>\n<\/div>","protected":false},"excerpt":{"rendered":"<p>M\u00fcsli-Spender Abmessungen ITEM NO. Menge GR\u00d6SSE L\u00c4NGE BREITE H\u00d6HE N.W \/SET DZW-CM040 Einzelkopf 4L 32.5cm 20cm 37cm 1600g DZW-CM080 Einzelkopf 8L 36cm 33cm 34cm 3000g M\u00fcsli-Spender Eigenschaften:<\/p>","protected":false},"author":1,"featured_media":3731,"parent":0,"menu_order":0,"template":"","format":"standard","meta":{"_acf_changed":false,"site-sidebar-layout":"default","site-content-layout":"","ast-site-content-layout":"default","site-content-style":"default","site-sidebar-style":"default","ast-global-header-display":"","ast-banner-title-visibility":"","ast-main-header-display":"","ast-hfb-above-header-display":"","ast-hfb-below-header-display":"","ast-hfb-mobile-header-display":"","site-post-title":"","ast-breadcrumbs-content":"","ast-featured-img":"","footer-sml-layout":"","theme-transparent-header-meta":"","adv-header-id-meta":"","stick-header-meta":"","header-above-stick-meta":"","header-main-stick-meta":"","header-below-stick-meta":"","astra-migrate-meta-layouts":"default","ast-page-background-enabled":"default","ast-page-background-meta":{"desktop":{"background-color":"var(--ast-global-color-4)","background-image":"","background-repeat":"repeat","background-position":"center center","background-size":"auto","background-attachment":"scroll","background-type":"","background-media":"","overlay-type":"","overlay-color":"","overlay-opacity":"","overlay-gradient":""},"tablet":{"background-color":"","background-image":"","background-repeat":"repeat","background-position":"center center","background-size":"auto","background-attachment":"scroll","background-type":"","background-media":"","overlay-type":"","overlay-color":"","overlay-opacity":"","overlay-gradient":""},"mobile":{"background-color":"","background-image":"","background-repeat":"repeat","background-position":"center center","background-size":"auto","background-attachment":"scroll","background-type":"","background-media":"","overlay-type":"","overlay-color":"","overlay-opacity":"","overlay-gradient":""}},"ast-content-background-meta":{"desktop":{"background-color":"var(--ast-global-color-5)","background-image":"","background-repeat":"repeat","background-position":"center center","background-size":"auto","background-attachment":"scroll","background-type":"","background-media":"","overlay-type":"","overlay-color":"","overlay-opacity":"","overlay-gradient":""},"tablet":{"background-color":"var(--ast-global-color-5)","background-image":"","background-repeat":"repeat","background-position":"center center","background-size":"auto","background-attachment":"scroll","background-type":"","background-media":"","overlay-type":"","overlay-color":"","overlay-opacity":"","overlay-gradient":""},"mobile":{"background-color":"var(--ast-global-color-5)","background-image":"","background-repeat":"repeat","background-position":"center center","background-size":"auto","background-attachment":"scroll","background-type":"","background-media":"","overlay-type":"","overlay-color":"","overlay-opacity":"","overlay-gradient":""}},"footnotes":""},"product-categories":[64],"product-tag":[],"class_list":["post-3729","product","type-product","status-publish","format-standard","has-post-thumbnail","hentry","product-categories-drink-dispenser"],"acf":{"title":"Gro\u00dfhandel Getreidespender kommerzielle Hotel servieren 4L\/8L","title_source":{"label":"Title","type":"text","formatted_value":"Wholesale Cereal Dispenser Commercial Hotel Serving 4L\/8L"},"short_description":"Customized stainless steel cereal dispenser with sleek design and durable construction provides efficient storage solution for breakfast essentials.\r\n","short_description_source":{"label":"Short description","type":"textarea","formatted_value":"Customized stainless steel cereal dispenser with sleek design and durable construction provides efficient storage solution for breakfast essentials.\r\n"},"parameters":"<table border=\"0\" width=\"423\" cellspacing=\"0\" cellpadding=\"0\">\r\n<tbody>\r\n<tr>\r\n<td width=\"166\" height=\"23\">Manufacturer<\/td>\r\n<td width=\"257\">DONGZHAOWEI<\/td>\r\n<\/tr>\r\n<tr>\r\n<td height=\"23\">Material<\/td>\r\n<td>Stainless Steel 201 and Plastic<\/td>\r\n<\/tr>\r\n<tr>\r\n<td height=\"23\">Capacity<\/td>\r\n<td>4L;8L<\/td>\r\n<\/tr>\r\n<tr>\r\n<td height=\"24\">Color<\/td>\r\n<td>Silver<\/td>\r\n<\/tr>\r\n<tr>\r\n<td height=\"24\">Design<\/td>\r\n<td>With stand, Silicone wheel<\/td>\r\n<\/tr>\r\n<tr>\r\n<td height=\"24\">Shape<\/td>\r\n<td>Barrel Shape<\/td>\r\n<\/tr>\r\n<tr>\r\n<td height=\"24\">Custom<\/td>\r\n<td>Color\/Logo\/Package<\/td>\r\n<\/tr>\r\n<tr>\r\n<td height=\"23\">MOQ<\/td>\r\n<td>20sets<\/td>\r\n<\/tr>\r\n<\/tbody>\r\n<\/table>","parameters_source":{"label":"Parameters","type":"wysiwyg","formatted_value":"<table border=\"0\" width=\"423\" cellspacing=\"0\" cellpadding=\"0\">\n<tbody>\n<tr>\n<td width=\"166\" height=\"23\">Manufacturer<\/td>\n<td width=\"257\">DONGZHAOWEI<\/td>\n<\/tr>\n<tr>\n<td height=\"23\">Material<\/td>\n<td>Stainless Steel 201 and Plastic<\/td>\n<\/tr>\n<tr>\n<td height=\"23\">Capacity<\/td>\n<td>4L;8L<\/td>\n<\/tr>\n<tr>\n<td height=\"24\">Color<\/td>\n<td>Silver<\/td>\n<\/tr>\n<tr>\n<td height=\"24\">Design<\/td>\n<td>With stand, Silicone wheel<\/td>\n<\/tr>\n<tr>\n<td height=\"24\">Shape<\/td>\n<td>Barrel Shape<\/td>\n<\/tr>\n<tr>\n<td height=\"24\">Custom<\/td>\n<td>Color\/Logo\/Package<\/td>\n<\/tr>\n<tr>\n<td height=\"23\">MOQ<\/td>\n<td>20sets<\/td>\n<\/tr>\n<\/tbody>\n<\/table>\n"},"photo_gallery":{"product_gallery":[[{"id":3731,"title":"cereal dispenser (1)","caption":"cereal dispenser","full_image_url":"https:\/\/www.dzwchafingdish.com\/wp-content\/uploads\/2024\/03\/cereal-dispenser-1.webp","thumbnail_image_url":"https:\/\/www.dzwchafingdish.com\/wp-content\/uploads\/2024\/03\/cereal-dispenser-1-150x150.webp","large_srcset":"https:\/\/www.dzwchafingdish.com\/wp-content\/uploads\/2024\/03\/cereal-dispenser-1.webp 800w, https:\/\/www.dzwchafingdish.com\/wp-content\/uploads\/2024\/03\/cereal-dispenser-1-300x300.webp 300w, https:\/\/www.dzwchafingdish.com\/wp-content\/uploads\/2024\/03\/cereal-dispenser-1-150x150.webp 150w, https:\/\/www.dzwchafingdish.com\/wp-content\/uploads\/2024\/03\/cereal-dispenser-1-768x768.webp 768w","medium_srcset":"https:\/\/www.dzwchafingdish.com\/wp-content\/uploads\/2024\/03\/cereal-dispenser-1-300x300.webp 300w, https:\/\/www.dzwchafingdish.com\/wp-content\/uploads\/2024\/03\/cereal-dispenser-1-150x150.webp 150w, https:\/\/www.dzwchafingdish.com\/wp-content\/uploads\/2024\/03\/cereal-dispenser-1-768x768.webp 768w, https:\/\/www.dzwchafingdish.com\/wp-content\/uploads\/2024\/03\/cereal-dispenser-1.webp 800w","media_details":{"width":800,"height":800,"sizes":{"medium":{"file":"cereal-dispenser-1-300x300.webp","width":300,"height":300,"mime-type":"image\/webp","filesize":4508,"source_url":"https:\/\/www.dzwchafingdish.com\/wp-content\/uploads\/2024\/03\/cereal-dispenser-1-300x300.webp"},"thumbnail":{"file":"cereal-dispenser-1-150x150.webp","width":150,"height":150,"mime-type":"image\/webp","filesize":1738,"source_url":"https:\/\/www.dzwchafingdish.com\/wp-content\/uploads\/2024\/03\/cereal-dispenser-1-150x150.webp"},"medium_large":{"file":"cereal-dispenser-1-768x768.webp","width":768,"height":768,"mime-type":"image\/webp","filesize":15394,"source_url":"https:\/\/www.dzwchafingdish.com\/wp-content\/uploads\/2024\/03\/cereal-dispenser-1-768x768.webp"}}},"alt_text":"cereal dispenser","url":"","target":""},{"id":3735,"title":"cereal dispenser (5)","caption":"","full_image_url":"https:\/\/www.dzwchafingdish.com\/wp-content\/uploads\/2024\/03\/cereal-dispenser-5.webp","thumbnail_image_url":"https:\/\/www.dzwchafingdish.com\/wp-content\/uploads\/2024\/03\/cereal-dispenser-5-150x150.webp","large_srcset":"https:\/\/www.dzwchafingdish.com\/wp-content\/uploads\/2024\/03\/cereal-dispenser-5.webp 800w, https:\/\/www.dzwchafingdish.com\/wp-content\/uploads\/2024\/03\/cereal-dispenser-5-300x300.webp 300w, https:\/\/www.dzwchafingdish.com\/wp-content\/uploads\/2024\/03\/cereal-dispenser-5-150x150.webp 150w, https:\/\/www.dzwchafingdish.com\/wp-content\/uploads\/2024\/03\/cereal-dispenser-5-768x768.webp 768w","medium_srcset":"https:\/\/www.dzwchafingdish.com\/wp-content\/uploads\/2024\/03\/cereal-dispenser-5-300x300.webp 300w, https:\/\/www.dzwchafingdish.com\/wp-content\/uploads\/2024\/03\/cereal-dispenser-5-150x150.webp 150w, https:\/\/www.dzwchafingdish.com\/wp-content\/uploads\/2024\/03\/cereal-dispenser-5-768x768.webp 768w, https:\/\/www.dzwchafingdish.com\/wp-content\/uploads\/2024\/03\/cereal-dispenser-5.webp 800w","media_details":{"width":800,"height":800,"sizes":{"medium":{"file":"cereal-dispenser-5-300x300.webp","width":300,"height":300,"mime-type":"image\/webp","filesize":5962,"source_url":"https:\/\/www.dzwchafingdish.com\/wp-content\/uploads\/2024\/03\/cereal-dispenser-5-300x300.webp"},"thumbnail":{"file":"cereal-dispenser-5-150x150.webp","width":150,"height":150,"mime-type":"image\/webp","filesize":2160,"source_url":"https:\/\/www.dzwchafingdish.com\/wp-content\/uploads\/2024\/03\/cereal-dispenser-5-150x150.webp"},"medium_large":{"file":"cereal-dispenser-5-768x768.webp","width":768,"height":768,"mime-type":"image\/webp","filesize":21052,"source_url":"https:\/\/www.dzwchafingdish.com\/wp-content\/uploads\/2024\/03\/cereal-dispenser-5-768x768.webp"}}},"alt_text":"","url":"","target":""},{"id":3736,"title":"cereal dispenser (6)","caption":"","full_image_url":"https:\/\/www.dzwchafingdish.com\/wp-content\/uploads\/2024\/03\/cereal-dispenser-6.webp","thumbnail_image_url":"https:\/\/www.dzwchafingdish.com\/wp-content\/uploads\/2024\/03\/cereal-dispenser-6-150x150.webp","large_srcset":"https:\/\/www.dzwchafingdish.com\/wp-content\/uploads\/2024\/03\/cereal-dispenser-6.webp 800w, https:\/\/www.dzwchafingdish.com\/wp-content\/uploads\/2024\/03\/cereal-dispenser-6-300x300.webp 300w, https:\/\/www.dzwchafingdish.com\/wp-content\/uploads\/2024\/03\/cereal-dispenser-6-150x150.webp 150w, https:\/\/www.dzwchafingdish.com\/wp-content\/uploads\/2024\/03\/cereal-dispenser-6-768x768.webp 768w","medium_srcset":"https:\/\/www.dzwchafingdish.com\/wp-content\/uploads\/2024\/03\/cereal-dispenser-6-300x300.webp 300w, https:\/\/www.dzwchafingdish.com\/wp-content\/uploads\/2024\/03\/cereal-dispenser-6-150x150.webp 150w, https:\/\/www.dzwchafingdish.com\/wp-content\/uploads\/2024\/03\/cereal-dispenser-6-768x768.webp 768w, https:\/\/www.dzwchafingdish.com\/wp-content\/uploads\/2024\/03\/cereal-dispenser-6.webp 800w","media_details":{"width":800,"height":800,"sizes":{"medium":{"file":"cereal-dispenser-6-300x300.webp","width":300,"height":300,"mime-type":"image\/webp","filesize":6568,"source_url":"https:\/\/www.dzwchafingdish.com\/wp-content\/uploads\/2024\/03\/cereal-dispenser-6-300x300.webp"},"thumbnail":{"file":"cereal-dispenser-6-150x150.webp","width":150,"height":150,"mime-type":"image\/webp","filesize":2296,"source_url":"https:\/\/www.dzwchafingdish.com\/wp-content\/uploads\/2024\/03\/cereal-dispenser-6-150x150.webp"},"medium_large":{"file":"cereal-dispenser-6-768x768.webp","width":768,"height":768,"mime-type":"image\/webp","filesize":23432,"source_url":"https:\/\/www.dzwchafingdish.com\/wp-content\/uploads\/2024\/03\/cereal-dispenser-6-768x768.webp"}}},"alt_text":"","url":"","target":""},{"id":3732,"title":"cereal dispenser (2)","caption":"","full_image_url":"https:\/\/www.dzwchafingdish.com\/wp-content\/uploads\/2024\/03\/cereal-dispenser-2.webp","thumbnail_image_url":"https:\/\/www.dzwchafingdish.com\/wp-content\/uploads\/2024\/03\/cereal-dispenser-2-150x150.webp","large_srcset":"https:\/\/www.dzwchafingdish.com\/wp-content\/uploads\/2024\/03\/cereal-dispenser-2.webp 800w, https:\/\/www.dzwchafingdish.com\/wp-content\/uploads\/2024\/03\/cereal-dispenser-2-300x300.webp 300w, https:\/\/www.dzwchafingdish.com\/wp-content\/uploads\/2024\/03\/cereal-dispenser-2-150x150.webp 150w, https:\/\/www.dzwchafingdish.com\/wp-content\/uploads\/2024\/03\/cereal-dispenser-2-768x768.webp 768w","medium_srcset":"https:\/\/www.dzwchafingdish.com\/wp-content\/uploads\/2024\/03\/cereal-dispenser-2-300x300.webp 300w, https:\/\/www.dzwchafingdish.com\/wp-content\/uploads\/2024\/03\/cereal-dispenser-2-150x150.webp 150w, https:\/\/www.dzwchafingdish.com\/wp-content\/uploads\/2024\/03\/cereal-dispenser-2-768x768.webp 768w, https:\/\/www.dzwchafingdish.com\/wp-content\/uploads\/2024\/03\/cereal-dispenser-2.webp 800w","media_details":{"width":800,"height":800,"sizes":{"medium":{"file":"cereal-dispenser-2-300x300.webp","width":300,"height":300,"mime-type":"image\/webp","filesize":3522,"source_url":"https:\/\/www.dzwchafingdish.com\/wp-content\/uploads\/2024\/03\/cereal-dispenser-2-300x300.webp"},"thumbnail":{"file":"cereal-dispenser-2-150x150.webp","width":150,"height":150,"mime-type":"image\/webp","filesize":1292,"source_url":"https:\/\/www.dzwchafingdish.com\/wp-content\/uploads\/2024\/03\/cereal-dispenser-2-150x150.webp"},"medium_large":{"file":"cereal-dispenser-2-768x768.webp","width":768,"height":768,"mime-type":"image\/webp","filesize":12200,"source_url":"https:\/\/www.dzwchafingdish.com\/wp-content\/uploads\/2024\/03\/cereal-dispenser-2-768x768.webp"}}},"alt_text":"","url":"","target":""},{"id":3733,"title":"cereal dispenser (3)","caption":"","full_image_url":"https:\/\/www.dzwchafingdish.com\/wp-content\/uploads\/2024\/03\/cereal-dispenser-3.webp","thumbnail_image_url":"https:\/\/www.dzwchafingdish.com\/wp-content\/uploads\/2024\/03\/cereal-dispenser-3-150x150.webp","large_srcset":"https:\/\/www.dzwchafingdish.com\/wp-content\/uploads\/2024\/03\/cereal-dispenser-3.webp 800w, https:\/\/www.dzwchafingdish.com\/wp-content\/uploads\/2024\/03\/cereal-dispenser-3-300x300.webp 300w, https:\/\/www.dzwchafingdish.com\/wp-content\/uploads\/2024\/03\/cereal-dispenser-3-150x150.webp 150w, https:\/\/www.dzwchafingdish.com\/wp-content\/uploads\/2024\/03\/cereal-dispenser-3-768x768.webp 768w","medium_srcset":"https:\/\/www.dzwchafingdish.com\/wp-content\/uploads\/2024\/03\/cereal-dispenser-3-300x300.webp 300w, https:\/\/www.dzwchafingdish.com\/wp-content\/uploads\/2024\/03\/cereal-dispenser-3-150x150.webp 150w, https:\/\/www.dzwchafingdish.com\/wp-content\/uploads\/2024\/03\/cereal-dispenser-3-768x768.webp 768w, https:\/\/www.dzwchafingdish.com\/wp-content\/uploads\/2024\/03\/cereal-dispenser-3.webp 800w","media_details":{"width":800,"height":800,"sizes":{"medium":{"file":"cereal-dispenser-3-300x300.webp","width":300,"height":300,"mime-type":"image\/webp","filesize":8694,"source_url":"https:\/\/www.dzwchafingdish.com\/wp-content\/uploads\/2024\/03\/cereal-dispenser-3-300x300.webp"},"thumbnail":{"file":"cereal-dispenser-3-150x150.webp","width":150,"height":150,"mime-type":"image\/webp","filesize":3200,"source_url":"https:\/\/www.dzwchafingdish.com\/wp-content\/uploads\/2024\/03\/cereal-dispenser-3-150x150.webp"},"medium_large":{"file":"cereal-dispenser-3-768x768.webp","width":768,"height":768,"mime-type":"image\/webp","filesize":33264,"source_url":"https:\/\/www.dzwchafingdish.com\/wp-content\/uploads\/2024\/03\/cereal-dispenser-3-768x768.webp"}}},"alt_text":"","url":"","target":""},{"id":3738,"title":"cereal dispenser (2)","caption":"cereal dispenser","full_image_url":"https:\/\/www.dzwchafingdish.com\/wp-content\/uploads\/2024\/03\/cereal-dispenser-2-1.webp","thumbnail_image_url":"https:\/\/www.dzwchafingdish.com\/wp-content\/uploads\/2024\/03\/cereal-dispenser-2-1-150x150.webp","large_srcset":"https:\/\/www.dzwchafingdish.com\/wp-content\/uploads\/2024\/03\/cereal-dispenser-2-1.webp 771w, https:\/\/www.dzwchafingdish.com\/wp-content\/uploads\/2024\/03\/cereal-dispenser-2-1-225x300.webp 225w, https:\/\/www.dzwchafingdish.com\/wp-content\/uploads\/2024\/03\/cereal-dispenser-2-1-768x1025.webp 768w","medium_srcset":"https:\/\/www.dzwchafingdish.com\/wp-content\/uploads\/2024\/03\/cereal-dispenser-2-1-225x300.webp 225w, https:\/\/www.dzwchafingdish.com\/wp-content\/uploads\/2024\/03\/cereal-dispenser-2-1-768x1025.webp 768w, https:\/\/www.dzwchafingdish.com\/wp-content\/uploads\/2024\/03\/cereal-dispenser-2-1.webp 771w","media_details":{"width":771,"height":1029,"sizes":{"medium":{"file":"cereal-dispenser-2-1-225x300.webp","width":225,"height":300,"mime-type":"image\/webp","filesize":13000,"source_url":"https:\/\/www.dzwchafingdish.com\/wp-content\/uploads\/2024\/03\/cereal-dispenser-2-1-225x300.webp"},"thumbnail":{"file":"cereal-dispenser-2-1-150x150.webp","width":150,"height":150,"mime-type":"image\/webp","filesize":5520,"source_url":"https:\/\/www.dzwchafingdish.com\/wp-content\/uploads\/2024\/03\/cereal-dispenser-2-1-150x150.webp"},"medium_large":{"file":"cereal-dispenser-2-1-768x1025.webp","width":768,"height":1025,"mime-type":"image\/webp","filesize":98992,"source_url":"https:\/\/www.dzwchafingdish.com\/wp-content\/uploads\/2024\/03\/cereal-dispenser-2-1-768x1025.webp"}}},"alt_text":"cereal dispenser","url":"","target":""}]]}},"_links":{"self":[{"href":"https:\/\/www.dzwchafingdish.com\/de\/wp-json\/wp\/v2\/product\/3729","targetHints":{"allow":["GET"]}}],"collection":[{"href":"https:\/\/www.dzwchafingdish.com\/de\/wp-json\/wp\/v2\/product"}],"about":[{"href":"https:\/\/www.dzwchafingdish.com\/de\/wp-json\/wp\/v2\/types\/product"}],"author":[{"embeddable":true,"href":"https:\/\/www.dzwchafingdish.com\/de\/wp-json\/wp\/v2\/users\/1"}],"version-history":[{"count":0,"href":"https:\/\/www.dzwchafingdish.com\/de\/wp-json\/wp\/v2\/product\/3729\/revisions"}],"wp:featuredmedia":[{"embeddable":true,"href":"https:\/\/www.dzwchafingdish.com\/de\/wp-json\/wp\/v2\/media\/3731"}],"wp:attachment":[{"href":"https:\/\/www.dzwchafingdish.com\/de\/wp-json\/wp\/v2\/media?parent=3729"}],"wp:term":[{"taxonomy":"product-categories","embeddable":true,"href":"https:\/\/www.dzwchafingdish.com\/de\/wp-json\/wp\/v2\/product-categories?post=3729"},{"taxonomy":"product-tag","embeddable":true,"href":"https:\/\/www.dzwchafingdish.com\/de\/wp-json\/wp\/v2\/product-tag?post=3729"}],"curies":[{"name":"wp","href":"https:\/\/api.w.org\/{rel}","templated":true}]}}