{"id":3780,"date":"2024-04-23T07:24:40","date_gmt":"2024-04-23T07:24:40","guid":{"rendered":"https:\/\/www.dzwchafingdish.com\/?post_type=product&#038;p=3780"},"modified":"2024-06-15T03:56:48","modified_gmt":"2024-06-15T03:56:48","slug":"buffet-food-warmer","status":"publish","type":"product","link":"https:\/\/www.dzwchafingdish.com\/de\/product\/buffet-food-warmer\/","title":{"rendered":"Kundenspezifischer Luxus-Buffet-Speisew\u00e4rmer 9L mit Roll-Top"},"content":{"rendered":"<div class=\"wp-block-columns is-layout-flex wp-container-core-columns-is-layout-28f84493 wp-block-columns-is-layout-flex\">\n<div class=\"wp-block-column is-vertically-aligned-center is-layout-flow wp-block-column-is-layout-flow\">\n<h2 class=\"wp-block-heading\"><strong>Buffet Speisenw\u00e4rmer Dimension<\/strong><\/h2>\n\n\n\n<figure class=\"wp-block-table\"><table><tbody><tr><td>ARTIKEL NR.<\/td><td>GR\u00d6SSE<\/td><td>LENGTH<\/td><td>WIDE<\/td><td>H\u00d6HE<\/td><td>N.W \/SET<\/td><\/tr><tr><td>DZW-KS723<\/td><td>9.0L<\/td><td>64 cm<\/td><td>46 cm<\/td><td>45 cm<\/td><td>7900 g<\/td><\/tr><tr><td>DZW-KH723<\/td><td>9.0L<\/td><td>64 cm<\/td><td>46 cm<\/td><td>45 cm<\/td><td>7900 g<\/td><\/tr><tr><td>DZW-KG723<\/td><td>9.0L<\/td><td>64 cm<\/td><td>46 cm<\/td><td>45 cm<\/td><td>7900 g<\/td><\/tr><\/tbody><\/table><\/figure>\n<\/div>\n\n\n\n<div class=\"wp-block-column is-layout-flow wp-block-column-is-layout-flow\">\n<figure class=\"wp-block-image aligncenter size-full is-resized\"><img fetchpriority=\"high\" decoding=\"async\" width=\"800\" height=\"800\" src=\"https:\/\/www.dzwchafingdish.com\/wp-content\/uploads\/2024\/03\/custom-chafing-pans-wholesale-6.webp\" alt=\"custom-chafing-pans-holesale\" class=\"wp-image-3785\" style=\"width:419px;height:auto\" srcset=\"https:\/\/www.dzwchafingdish.com\/wp-content\/uploads\/2024\/03\/custom-chafing-pans-wholesale-6.webp 800w, https:\/\/www.dzwchafingdish.com\/wp-content\/uploads\/2024\/03\/custom-chafing-pans-wholesale-6-300x300.webp 300w, https:\/\/www.dzwchafingdish.com\/wp-content\/uploads\/2024\/03\/custom-chafing-pans-wholesale-6-150x150.webp 150w, https:\/\/www.dzwchafingdish.com\/wp-content\/uploads\/2024\/03\/custom-chafing-pans-wholesale-6-768x768.webp 768w\" sizes=\"(max-width: 800px) 100vw, 800px\" \/><\/figure>\n<\/div>\n<\/div>\n\n\n\n<div class=\"wp-block-columns is-layout-flex wp-container-core-columns-is-layout-28f84493 wp-block-columns-is-layout-flex\">\n<div class=\"wp-block-column is-layout-flow wp-block-column-is-layout-flow\">\n<figure class=\"wp-block-image size-full\"><img decoding=\"async\" width=\"800\" height=\"800\" src=\"https:\/\/www.dzwchafingdish.com\/wp-content\/uploads\/2024\/03\/custom-chafing-pans-wholesale-7.webp\" alt=\"custom-chafing-pans-holesale\" class=\"wp-image-3786\" srcset=\"https:\/\/www.dzwchafingdish.com\/wp-content\/uploads\/2024\/03\/custom-chafing-pans-wholesale-7.webp 800w, https:\/\/www.dzwchafingdish.com\/wp-content\/uploads\/2024\/03\/custom-chafing-pans-wholesale-7-300x300.webp 300w, https:\/\/www.dzwchafingdish.com\/wp-content\/uploads\/2024\/03\/custom-chafing-pans-wholesale-7-150x150.webp 150w, https:\/\/www.dzwchafingdish.com\/wp-content\/uploads\/2024\/03\/custom-chafing-pans-wholesale-7-768x768.webp 768w\" sizes=\"(max-width: 800px) 100vw, 800px\" \/><\/figure>\n<\/div>\n\n\n\n<div class=\"wp-block-column is-layout-flow wp-block-column-is-layout-flow\">\n<h2 class=\"wp-block-heading\"><strong><strong>Buffet Speisenw\u00e4rmer<\/strong>\u00a0Merkmale:<\/strong><\/h2>\n\n\n\n<ul class=\"wp-block-list\">\n<li>Individuelles Design: Wir bieten ma\u00dfgeschneiderte Dienstleistungen, die auf die Bed\u00fcrfnisse unserer Kunden zugeschnitten sind, um verschiedenen Anl\u00e4ssen und individuellen Bed\u00fcrfnissen gerecht zu werden und um sicherzustellen, dass das Thema und der Stil Ihrer Veranstaltung perfekt passen.<\/li>\n\n\n\n<li>Luxuri\u00f6ses Aussehen: Diese Art von Chafing Pans ist wundersch\u00f6n gestaltet, um das Gef\u00fchl von High-End-Luxus zu reflektieren, was dem Bankett oder der Veranstaltung eine einzigartige Atmosph\u00e4re verleiht.<\/li>\n\n\n\n<li>Rollende Abdeckung: Ausgestattet mit einem Rolldeckel, einfach zu bedienen, bequem und schnell, so dass das F\u00fcttern und Holen sind bequemer und reibungslos.<\/li>\n\n\n\n<li>Hochwertige Isolierung: Hergestellt aus hochwertigem 201 Edelstahl Material, hervorragende Isolierung Leistung, nachhaltige Aufrechterhaltung der Lebensmitteltemperatur und Geschmack, um frische und leckere Speisen zu gew\u00e4hrleisten.<\/li>\n<\/ul>\n<\/div>\n<\/div>","protected":false},"excerpt":{"rendered":"<p>Buffet Speisenw\u00e4rmer Abmessungen ITEM NO. GR\u00d6SSE L\u00c4NGE BREITE H\u00d6HE N.W \/SET DZW-KS723 9.0L 64 cm 46 cm 45 cm 7900 g DZW-KH723 9.0L 64 cm 46 cm 45 cm 7900 g DZW-KG723 9.0L 64 cm 46 cm 45 cm 7900 g Buffet Speisenw\u00e4rmer Merkmale:<\/p>","protected":false},"author":3,"featured_media":3783,"parent":0,"menu_order":0,"template":"","format":"standard","meta":{"_acf_changed":false,"site-sidebar-layout":"default","site-content-layout":"","ast-site-content-layout":"default","site-content-style":"default","site-sidebar-style":"default","ast-global-header-display":"","ast-banner-title-visibility":"","ast-main-header-display":"","ast-hfb-above-header-display":"","ast-hfb-below-header-display":"","ast-hfb-mobile-header-display":"","site-post-title":"","ast-breadcrumbs-content":"","ast-featured-img":"","footer-sml-layout":"","theme-transparent-header-meta":"","adv-header-id-meta":"","stick-header-meta":"","header-above-stick-meta":"","header-main-stick-meta":"","header-below-stick-meta":"","astra-migrate-meta-layouts":"default","ast-page-background-enabled":"default","ast-page-background-meta":{"desktop":{"background-color":"var(--ast-global-color-4)","background-image":"","background-repeat":"repeat","background-position":"center center","background-size":"auto","background-attachment":"scroll","background-type":"","background-media":"","overlay-type":"","overlay-color":"","overlay-opacity":"","overlay-gradient":""},"tablet":{"background-color":"","background-image":"","background-repeat":"repeat","background-position":"center center","background-size":"auto","background-attachment":"scroll","background-type":"","background-media":"","overlay-type":"","overlay-color":"","overlay-opacity":"","overlay-gradient":""},"mobile":{"background-color":"","background-image":"","background-repeat":"repeat","background-position":"center center","background-size":"auto","background-attachment":"scroll","background-type":"","background-media":"","overlay-type":"","overlay-color":"","overlay-opacity":"","overlay-gradient":""}},"ast-content-background-meta":{"desktop":{"background-color":"var(--ast-global-color-5)","background-image":"","background-repeat":"repeat","background-position":"center center","background-size":"auto","background-attachment":"scroll","background-type":"","background-media":"","overlay-type":"","overlay-color":"","overlay-opacity":"","overlay-gradient":""},"tablet":{"background-color":"var(--ast-global-color-5)","background-image":"","background-repeat":"repeat","background-position":"center center","background-size":"auto","background-attachment":"scroll","background-type":"","background-media":"","overlay-type":"","overlay-color":"","overlay-opacity":"","overlay-gradient":""},"mobile":{"background-color":"var(--ast-global-color-5)","background-image":"","background-repeat":"repeat","background-position":"center center","background-size":"auto","background-attachment":"scroll","background-type":"","background-media":"","overlay-type":"","overlay-color":"","overlay-opacity":"","overlay-gradient":""}},"footnotes":""},"product-categories":[63],"product-tag":[95,89,90,93,94],"class_list":["post-3780","product","type-product","status-publish","format-standard","has-post-thumbnail","hentry","product-categories-chafing-dish","product-tag-chafing-dish-with-glass-lid","product-tag-electric-chafing-dish","product-tag-fuel-chafing-dish","product-tag-rectangular-chafing-dish","product-tag-roll-top-chafing-dish"],"acf":{"title":"Kundenspezifischer Luxus-Buffet-Speisew\u00e4rmer 9L mit Roll-Top","title_source":{"label":"Title","type":"text","formatted_value":"Custom Luxury Buffet Food Warmer 9L with Roll Top"},"short_description":"Custom buffet food warmer, roll top lid design, with glass window, modern luxury and durable. Factory direct, bulk order high quality stainless steel chafing dish at factory prices now.","short_description_source":{"label":"Short description","type":"textarea","formatted_value":"Custom buffet food warmer, roll top lid design, with glass window, modern luxury and durable. Factory direct, bulk order high quality stainless steel chafing dish at factory prices now."},"parameters":"<table border=\"0\" width=\"275\" cellspacing=\"0\" cellpadding=\"0\">\r\n<tbody>\r\n<tr>\r\n<td width=\"108\" height=\"17\">Manufacturer<\/td>\r\n<td width=\"167\">DONGZHAOWEI<\/td>\r\n<\/tr>\r\n<tr>\r\n<td height=\"17\">Material<\/td>\r\n<td>Stainless Steel 201 + Glass<\/td>\r\n<\/tr>\r\n<tr>\r\n<td height=\"17\">Capacity<\/td>\r\n<td>9.0L<\/td>\r\n<\/tr>\r\n<tr>\r\n<td height=\"17\">Color<\/td>\r\n<td>Golden\/ Half Golden\/ Silver<\/td>\r\n<\/tr>\r\n<tr>\r\n<td height=\"17\">Design<\/td>\r\n<td>Rectangular<\/td>\r\n<\/tr>\r\n<tr>\r\n<td height=\"17\">Tray<\/td>\r\n<td>No divided \/ Divided tray<\/td>\r\n<\/tr>\r\n<tr>\r\n<td height=\"17\">Lid type<\/td>\r\n<td>Roll top glass lid<\/td>\r\n<\/tr>\r\n<tr>\r\n<td height=\"17\">Heat<\/td>\r\n<td>Fuel and Electric<\/td>\r\n<\/tr>\r\n<tr>\r\n<td height=\"17\">Custom<\/td>\r\n<td>Color\/Logo\/Package<\/td>\r\n<\/tr>\r\n<\/tbody>\r\n<\/table>","parameters_source":{"label":"Parameters","type":"wysiwyg","formatted_value":"<table border=\"0\" width=\"275\" cellspacing=\"0\" cellpadding=\"0\">\n<tbody>\n<tr>\n<td width=\"108\" height=\"17\">Manufacturer<\/td>\n<td width=\"167\">DONGZHAOWEI<\/td>\n<\/tr>\n<tr>\n<td height=\"17\">Material<\/td>\n<td>Stainless Steel 201 + Glass<\/td>\n<\/tr>\n<tr>\n<td height=\"17\">Capacity<\/td>\n<td>9.0L<\/td>\n<\/tr>\n<tr>\n<td height=\"17\">Color<\/td>\n<td>Golden\/ Half Golden\/ Silver<\/td>\n<\/tr>\n<tr>\n<td height=\"17\">Design<\/td>\n<td>Rectangular<\/td>\n<\/tr>\n<tr>\n<td height=\"17\">Tray<\/td>\n<td>No divided \/ Divided tray<\/td>\n<\/tr>\n<tr>\n<td height=\"17\">Lid type<\/td>\n<td>Roll top glass lid<\/td>\n<\/tr>\n<tr>\n<td height=\"17\">Heat<\/td>\n<td>Fuel and Electric<\/td>\n<\/tr>\n<tr>\n<td height=\"17\">Custom<\/td>\n<td>Color\/Logo\/Package<\/td>\n<\/tr>\n<\/tbody>\n<\/table>\n"},"photo_gallery":{"product_gallery":[[{"id":3786,"title":"custom-chafing-pans-wholesale-7","caption":"custom-chafing-pans-wholesale","full_image_url":"https:\/\/www.dzwchafingdish.com\/wp-content\/uploads\/2024\/03\/custom-chafing-pans-wholesale-7.webp","thumbnail_image_url":"https:\/\/www.dzwchafingdish.com\/wp-content\/uploads\/2024\/03\/custom-chafing-pans-wholesale-7-150x150.webp","large_srcset":"https:\/\/www.dzwchafingdish.com\/wp-content\/uploads\/2024\/03\/custom-chafing-pans-wholesale-7.webp 800w, https:\/\/www.dzwchafingdish.com\/wp-content\/uploads\/2024\/03\/custom-chafing-pans-wholesale-7-300x300.webp 300w, https:\/\/www.dzwchafingdish.com\/wp-content\/uploads\/2024\/03\/custom-chafing-pans-wholesale-7-150x150.webp 150w, https:\/\/www.dzwchafingdish.com\/wp-content\/uploads\/2024\/03\/custom-chafing-pans-wholesale-7-768x768.webp 768w","medium_srcset":"https:\/\/www.dzwchafingdish.com\/wp-content\/uploads\/2024\/03\/custom-chafing-pans-wholesale-7-300x300.webp 300w, https:\/\/www.dzwchafingdish.com\/wp-content\/uploads\/2024\/03\/custom-chafing-pans-wholesale-7-150x150.webp 150w, https:\/\/www.dzwchafingdish.com\/wp-content\/uploads\/2024\/03\/custom-chafing-pans-wholesale-7-768x768.webp 768w, https:\/\/www.dzwchafingdish.com\/wp-content\/uploads\/2024\/03\/custom-chafing-pans-wholesale-7.webp 800w","media_details":{"width":800,"height":800,"sizes":{"medium":{"file":"custom-chafing-pans-wholesale-7-300x300.webp","width":300,"height":300,"mime-type":"image\/webp","filesize":10620,"source_url":"https:\/\/www.dzwchafingdish.com\/wp-content\/uploads\/2024\/03\/custom-chafing-pans-wholesale-7-300x300.webp"},"thumbnail":{"file":"custom-chafing-pans-wholesale-7-150x150.webp","width":150,"height":150,"mime-type":"image\/webp","filesize":4108,"source_url":"https:\/\/www.dzwchafingdish.com\/wp-content\/uploads\/2024\/03\/custom-chafing-pans-wholesale-7-150x150.webp"},"medium_large":{"file":"custom-chafing-pans-wholesale-7-768x768.webp","width":768,"height":768,"mime-type":"image\/webp","filesize":38468,"source_url":"https:\/\/www.dzwchafingdish.com\/wp-content\/uploads\/2024\/03\/custom-chafing-pans-wholesale-7-768x768.webp"}}},"alt_text":"custom-chafing-pans-wholesale","url":"","target":""},{"id":3781,"title":"custom-chafing-pans-wholesale-1","caption":"custom-chafing-pans-wholesale","full_image_url":"https:\/\/www.dzwchafingdish.com\/wp-content\/uploads\/2024\/03\/custom-chafing-pans-wholesale-1.webp","thumbnail_image_url":"https:\/\/www.dzwchafingdish.com\/wp-content\/uploads\/2024\/03\/custom-chafing-pans-wholesale-1-150x150.webp","large_srcset":"https:\/\/www.dzwchafingdish.com\/wp-content\/uploads\/2024\/03\/custom-chafing-pans-wholesale-1.webp 800w, https:\/\/www.dzwchafingdish.com\/wp-content\/uploads\/2024\/03\/custom-chafing-pans-wholesale-1-300x300.webp 300w, https:\/\/www.dzwchafingdish.com\/wp-content\/uploads\/2024\/03\/custom-chafing-pans-wholesale-1-150x150.webp 150w, https:\/\/www.dzwchafingdish.com\/wp-content\/uploads\/2024\/03\/custom-chafing-pans-wholesale-1-768x768.webp 768w","medium_srcset":"https:\/\/www.dzwchafingdish.com\/wp-content\/uploads\/2024\/03\/custom-chafing-pans-wholesale-1-300x300.webp 300w, https:\/\/www.dzwchafingdish.com\/wp-content\/uploads\/2024\/03\/custom-chafing-pans-wholesale-1-150x150.webp 150w, https:\/\/www.dzwchafingdish.com\/wp-content\/uploads\/2024\/03\/custom-chafing-pans-wholesale-1-768x768.webp 768w, https:\/\/www.dzwchafingdish.com\/wp-content\/uploads\/2024\/03\/custom-chafing-pans-wholesale-1.webp 800w","media_details":{"width":800,"height":800,"sizes":{"medium":{"file":"custom-chafing-pans-wholesale-1-300x300.webp","width":300,"height":300,"mime-type":"image\/webp","filesize":11528,"source_url":"https:\/\/www.dzwchafingdish.com\/wp-content\/uploads\/2024\/03\/custom-chafing-pans-wholesale-1-300x300.webp"},"thumbnail":{"file":"custom-chafing-pans-wholesale-1-150x150.webp","width":150,"height":150,"mime-type":"image\/webp","filesize":4366,"source_url":"https:\/\/www.dzwchafingdish.com\/wp-content\/uploads\/2024\/03\/custom-chafing-pans-wholesale-1-150x150.webp"},"medium_large":{"file":"custom-chafing-pans-wholesale-1-768x768.webp","width":768,"height":768,"mime-type":"image\/webp","filesize":40548,"source_url":"https:\/\/www.dzwchafingdish.com\/wp-content\/uploads\/2024\/03\/custom-chafing-pans-wholesale-1-768x768.webp"}}},"alt_text":"custom-chafing-pans-wholesale","url":"","target":""},{"id":3784,"title":"custom-chafing-pans-wholesale-5","caption":"custom-chafing-pans-wholesale","full_image_url":"https:\/\/www.dzwchafingdish.com\/wp-content\/uploads\/2024\/03\/custom-chafing-pans-wholesale-5.webp","thumbnail_image_url":"https:\/\/www.dzwchafingdish.com\/wp-content\/uploads\/2024\/03\/custom-chafing-pans-wholesale-5-150x150.webp","large_srcset":"https:\/\/www.dzwchafingdish.com\/wp-content\/uploads\/2024\/03\/custom-chafing-pans-wholesale-5.webp 800w, https:\/\/www.dzwchafingdish.com\/wp-content\/uploads\/2024\/03\/custom-chafing-pans-wholesale-5-300x300.webp 300w, https:\/\/www.dzwchafingdish.com\/wp-content\/uploads\/2024\/03\/custom-chafing-pans-wholesale-5-150x150.webp 150w, https:\/\/www.dzwchafingdish.com\/wp-content\/uploads\/2024\/03\/custom-chafing-pans-wholesale-5-768x768.webp 768w","medium_srcset":"https:\/\/www.dzwchafingdish.com\/wp-content\/uploads\/2024\/03\/custom-chafing-pans-wholesale-5-300x300.webp 300w, https:\/\/www.dzwchafingdish.com\/wp-content\/uploads\/2024\/03\/custom-chafing-pans-wholesale-5-150x150.webp 150w, https:\/\/www.dzwchafingdish.com\/wp-content\/uploads\/2024\/03\/custom-chafing-pans-wholesale-5-768x768.webp 768w, https:\/\/www.dzwchafingdish.com\/wp-content\/uploads\/2024\/03\/custom-chafing-pans-wholesale-5.webp 800w","media_details":{"width":800,"height":800,"sizes":{"medium":{"file":"custom-chafing-pans-wholesale-5-300x300.webp","width":300,"height":300,"mime-type":"image\/webp","filesize":8672,"source_url":"https:\/\/www.dzwchafingdish.com\/wp-content\/uploads\/2024\/03\/custom-chafing-pans-wholesale-5-300x300.webp"},"thumbnail":{"file":"custom-chafing-pans-wholesale-5-150x150.webp","width":150,"height":150,"mime-type":"image\/webp","filesize":3432,"source_url":"https:\/\/www.dzwchafingdish.com\/wp-content\/uploads\/2024\/03\/custom-chafing-pans-wholesale-5-150x150.webp"},"medium_large":{"file":"custom-chafing-pans-wholesale-5-768x768.webp","width":768,"height":768,"mime-type":"image\/webp","filesize":28900,"source_url":"https:\/\/www.dzwchafingdish.com\/wp-content\/uploads\/2024\/03\/custom-chafing-pans-wholesale-5-768x768.webp"}}},"alt_text":"custom-chafing-pans-wholesale","url":"","target":""},{"id":3783,"title":"custom-chafing-pans-wholesale-4","caption":"custom-chafing-pans-wholesale","full_image_url":"https:\/\/www.dzwchafingdish.com\/wp-content\/uploads\/2024\/03\/custom-chafing-pans-wholesale-4.webp","thumbnail_image_url":"https:\/\/www.dzwchafingdish.com\/wp-content\/uploads\/2024\/03\/custom-chafing-pans-wholesale-4-150x150.webp","large_srcset":"https:\/\/www.dzwchafingdish.com\/wp-content\/uploads\/2024\/03\/custom-chafing-pans-wholesale-4.webp 800w, https:\/\/www.dzwchafingdish.com\/wp-content\/uploads\/2024\/03\/custom-chafing-pans-wholesale-4-300x300.webp 300w, https:\/\/www.dzwchafingdish.com\/wp-content\/uploads\/2024\/03\/custom-chafing-pans-wholesale-4-150x150.webp 150w, https:\/\/www.dzwchafingdish.com\/wp-content\/uploads\/2024\/03\/custom-chafing-pans-wholesale-4-768x768.webp 768w","medium_srcset":"https:\/\/www.dzwchafingdish.com\/wp-content\/uploads\/2024\/03\/custom-chafing-pans-wholesale-4-300x300.webp 300w, https:\/\/www.dzwchafingdish.com\/wp-content\/uploads\/2024\/03\/custom-chafing-pans-wholesale-4-150x150.webp 150w, https:\/\/www.dzwchafingdish.com\/wp-content\/uploads\/2024\/03\/custom-chafing-pans-wholesale-4-768x768.webp 768w, https:\/\/www.dzwchafingdish.com\/wp-content\/uploads\/2024\/03\/custom-chafing-pans-wholesale-4.webp 800w","media_details":{"width":800,"height":800,"sizes":{"medium":{"file":"custom-chafing-pans-wholesale-4-300x300.webp","width":300,"height":300,"mime-type":"image\/webp","filesize":9480,"source_url":"https:\/\/www.dzwchafingdish.com\/wp-content\/uploads\/2024\/03\/custom-chafing-pans-wholesale-4-300x300.webp"},"thumbnail":{"file":"custom-chafing-pans-wholesale-4-150x150.webp","width":150,"height":150,"mime-type":"image\/webp","filesize":3722,"source_url":"https:\/\/www.dzwchafingdish.com\/wp-content\/uploads\/2024\/03\/custom-chafing-pans-wholesale-4-150x150.webp"},"medium_large":{"file":"custom-chafing-pans-wholesale-4-768x768.webp","width":768,"height":768,"mime-type":"image\/webp","filesize":30974,"source_url":"https:\/\/www.dzwchafingdish.com\/wp-content\/uploads\/2024\/03\/custom-chafing-pans-wholesale-4-768x768.webp"}}},"alt_text":"custom-chafing-pans-wholesale","url":"","target":""},{"id":3785,"title":"custom-chafing-pans-wholesale-6","caption":"custom-chafing-pans-wholesale","full_image_url":"https:\/\/www.dzwchafingdish.com\/wp-content\/uploads\/2024\/03\/custom-chafing-pans-wholesale-6.webp","thumbnail_image_url":"https:\/\/www.dzwchafingdish.com\/wp-content\/uploads\/2024\/03\/custom-chafing-pans-wholesale-6-150x150.webp","large_srcset":"https:\/\/www.dzwchafingdish.com\/wp-content\/uploads\/2024\/03\/custom-chafing-pans-wholesale-6.webp 800w, https:\/\/www.dzwchafingdish.com\/wp-content\/uploads\/2024\/03\/custom-chafing-pans-wholesale-6-300x300.webp 300w, https:\/\/www.dzwchafingdish.com\/wp-content\/uploads\/2024\/03\/custom-chafing-pans-wholesale-6-150x150.webp 150w, https:\/\/www.dzwchafingdish.com\/wp-content\/uploads\/2024\/03\/custom-chafing-pans-wholesale-6-768x768.webp 768w","medium_srcset":"https:\/\/www.dzwchafingdish.com\/wp-content\/uploads\/2024\/03\/custom-chafing-pans-wholesale-6-300x300.webp 300w, https:\/\/www.dzwchafingdish.com\/wp-content\/uploads\/2024\/03\/custom-chafing-pans-wholesale-6-150x150.webp 150w, https:\/\/www.dzwchafingdish.com\/wp-content\/uploads\/2024\/03\/custom-chafing-pans-wholesale-6-768x768.webp 768w, https:\/\/www.dzwchafingdish.com\/wp-content\/uploads\/2024\/03\/custom-chafing-pans-wholesale-6.webp 800w","media_details":{"width":800,"height":800,"sizes":{"medium":{"file":"custom-chafing-pans-wholesale-6-300x300.webp","width":300,"height":300,"mime-type":"image\/webp","filesize":9782,"source_url":"https:\/\/www.dzwchafingdish.com\/wp-content\/uploads\/2024\/03\/custom-chafing-pans-wholesale-6-300x300.webp"},"thumbnail":{"file":"custom-chafing-pans-wholesale-6-150x150.webp","width":150,"height":150,"mime-type":"image\/webp","filesize":3770,"source_url":"https:\/\/www.dzwchafingdish.com\/wp-content\/uploads\/2024\/03\/custom-chafing-pans-wholesale-6-150x150.webp"},"medium_large":{"file":"custom-chafing-pans-wholesale-6-768x768.webp","width":768,"height":768,"mime-type":"image\/webp","filesize":33692,"source_url":"https:\/\/www.dzwchafingdish.com\/wp-content\/uploads\/2024\/03\/custom-chafing-pans-wholesale-6-768x768.webp"}}},"alt_text":"custom-chafing-pans-wholesale","url":"","target":""},{"id":3782,"title":"custom-chafing-pans-wholesale-2","caption":"custom-chafing-pans-wholesale","full_image_url":"https:\/\/www.dzwchafingdish.com\/wp-content\/uploads\/2024\/03\/custom-chafing-pans-wholesale-2.webp","thumbnail_image_url":"https:\/\/www.dzwchafingdish.com\/wp-content\/uploads\/2024\/03\/custom-chafing-pans-wholesale-2-150x150.webp","large_srcset":"https:\/\/www.dzwchafingdish.com\/wp-content\/uploads\/2024\/03\/custom-chafing-pans-wholesale-2.webp 800w, https:\/\/www.dzwchafingdish.com\/wp-content\/uploads\/2024\/03\/custom-chafing-pans-wholesale-2-300x300.webp 300w, https:\/\/www.dzwchafingdish.com\/wp-content\/uploads\/2024\/03\/custom-chafing-pans-wholesale-2-150x150.webp 150w, https:\/\/www.dzwchafingdish.com\/wp-content\/uploads\/2024\/03\/custom-chafing-pans-wholesale-2-768x768.webp 768w","medium_srcset":"https:\/\/www.dzwchafingdish.com\/wp-content\/uploads\/2024\/03\/custom-chafing-pans-wholesale-2-300x300.webp 300w, https:\/\/www.dzwchafingdish.com\/wp-content\/uploads\/2024\/03\/custom-chafing-pans-wholesale-2-150x150.webp 150w, https:\/\/www.dzwchafingdish.com\/wp-content\/uploads\/2024\/03\/custom-chafing-pans-wholesale-2-768x768.webp 768w, https:\/\/www.dzwchafingdish.com\/wp-content\/uploads\/2024\/03\/custom-chafing-pans-wholesale-2.webp 800w","media_details":{"width":800,"height":800,"sizes":{"medium":{"file":"custom-chafing-pans-wholesale-2-300x300.webp","width":300,"height":300,"mime-type":"image\/webp","filesize":11458,"source_url":"https:\/\/www.dzwchafingdish.com\/wp-content\/uploads\/2024\/03\/custom-chafing-pans-wholesale-2-300x300.webp"},"thumbnail":{"file":"custom-chafing-pans-wholesale-2-150x150.webp","width":150,"height":150,"mime-type":"image\/webp","filesize":4334,"source_url":"https:\/\/www.dzwchafingdish.com\/wp-content\/uploads\/2024\/03\/custom-chafing-pans-wholesale-2-150x150.webp"},"medium_large":{"file":"custom-chafing-pans-wholesale-2-768x768.webp","width":768,"height":768,"mime-type":"image\/webp","filesize":38912,"source_url":"https:\/\/www.dzwchafingdish.com\/wp-content\/uploads\/2024\/03\/custom-chafing-pans-wholesale-2-768x768.webp"}}},"alt_text":"custom-chafing-pans-wholesale","url":"","target":""}]]}},"_links":{"self":[{"href":"https:\/\/www.dzwchafingdish.com\/de\/wp-json\/wp\/v2\/product\/3780","targetHints":{"allow":["GET"]}}],"collection":[{"href":"https:\/\/www.dzwchafingdish.com\/de\/wp-json\/wp\/v2\/product"}],"about":[{"href":"https:\/\/www.dzwchafingdish.com\/de\/wp-json\/wp\/v2\/types\/product"}],"author":[{"embeddable":true,"href":"https:\/\/www.dzwchafingdish.com\/de\/wp-json\/wp\/v2\/users\/3"}],"version-history":[{"count":0,"href":"https:\/\/www.dzwchafingdish.com\/de\/wp-json\/wp\/v2\/product\/3780\/revisions"}],"wp:featuredmedia":[{"embeddable":true,"href":"https:\/\/www.dzwchafingdish.com\/de\/wp-json\/wp\/v2\/media\/3783"}],"wp:attachment":[{"href":"https:\/\/www.dzwchafingdish.com\/de\/wp-json\/wp\/v2\/media?parent=3780"}],"wp:term":[{"taxonomy":"product-categories","embeddable":true,"href":"https:\/\/www.dzwchafingdish.com\/de\/wp-json\/wp\/v2\/product-categories?post=3780"},{"taxonomy":"product-tag","embeddable":true,"href":"https:\/\/www.dzwchafingdish.com\/de\/wp-json\/wp\/v2\/product-tag?post=3780"}],"curies":[{"name":"wp","href":"https:\/\/api.w.org\/{rel}","templated":true}]}}