{"id":3979,"date":"2024-04-11T12:57:20","date_gmt":"2024-04-11T12:57:20","guid":{"rendered":"https:\/\/www.dzwchafingdish.com\/?post_type=product&#038;p=3979"},"modified":"2024-06-15T04:51:17","modified_gmt":"2024-06-15T04:51:17","slug":"glass-chafing-dish","status":"publish","type":"product","link":"https:\/\/www.dzwchafingdish.com\/de\/product\/glass-chafing-dish\/","title":{"rendered":"Factory Direct Kleine Glas Chafing Dish Luxus mit Edelstahl-Deckel"},"content":{"rendered":"<div class=\"wp-block-columns is-layout-flex wp-container-core-columns-is-layout-28f84493 wp-block-columns-is-layout-flex\">\n<div class=\"wp-block-column is-layout-flow wp-block-column-is-layout-flow\">\n<h2 class=\"wp-block-heading\"><strong>Dimension der <strong>Chafing Dish aus Glas<\/strong><\/strong><\/h2>\n\n\n\n<figure class=\"wp-block-table\"><table><tbody><tr><td>ARTIKEL NR.<\/td><td>GR\u00d6SSE<\/td><td>LENGTH<\/td><td>WIDE<\/td><td>H\u00d6HE<\/td><td>N.W \/SET<\/td><\/tr><tr><td>DZW-SA01<\/td><td>2.0L<\/td><td>33 cm<\/td><td>23,5 cm<\/td><td>17 cm<\/td><td>1900 g<\/td><\/tr><tr><td>DZW-SA02<\/td><td>2.0L<\/td><td>33 cm<\/td><td>23,5 cm<\/td><td>17 cm<\/td><td>1900 g<\/td><\/tr><\/tbody><\/table><\/figure>\n<\/div>\n\n\n\n<div class=\"wp-block-column is-layout-flow wp-block-column-is-layout-flow\">\n<figure class=\"wp-block-image size-full\"><img fetchpriority=\"high\" decoding=\"async\" width=\"800\" height=\"800\" src=\"https:\/\/www.dzwchafingdish.com\/wp-content\/uploads\/2024\/04\/wholesale-chafing-buffet-set-6.webp\" alt=\"Gro\u00dfhandels-K\u00e4sebuffet-Set-6\" class=\"wp-image-3985\" srcset=\"https:\/\/www.dzwchafingdish.com\/wp-content\/uploads\/2024\/04\/wholesale-chafing-buffet-set-6.webp 800w, https:\/\/www.dzwchafingdish.com\/wp-content\/uploads\/2024\/04\/wholesale-chafing-buffet-set-6-300x300.webp 300w, https:\/\/www.dzwchafingdish.com\/wp-content\/uploads\/2024\/04\/wholesale-chafing-buffet-set-6-150x150.webp 150w, https:\/\/www.dzwchafingdish.com\/wp-content\/uploads\/2024\/04\/wholesale-chafing-buffet-set-6-768x768.webp 768w\" sizes=\"(max-width: 800px) 100vw, 800px\" \/><\/figure>\n<\/div>\n<\/div>\n\n\n\n<div class=\"wp-block-columns is-layout-flex wp-container-core-columns-is-layout-28f84493 wp-block-columns-is-layout-flex\">\n<div class=\"wp-block-column is-layout-flow wp-block-column-is-layout-flow\">\n<figure class=\"wp-block-image size-full\"><img decoding=\"async\" width=\"3024\" height=\"3024\" src=\"https:\/\/www.dzwchafingdish.com\/wp-content\/uploads\/2024\/04\/wholesale-chafing-buffet-set-1.webp\" alt=\"Gro\u00dfhandels-K\u00e4sebuffet-Set-1\" class=\"wp-image-3980\" srcset=\"https:\/\/www.dzwchafingdish.com\/wp-content\/uploads\/2024\/04\/wholesale-chafing-buffet-set-1.webp 3024w, https:\/\/www.dzwchafingdish.com\/wp-content\/uploads\/2024\/04\/wholesale-chafing-buffet-set-1-300x300.webp 300w, https:\/\/www.dzwchafingdish.com\/wp-content\/uploads\/2024\/04\/wholesale-chafing-buffet-set-1-150x150.webp 150w, https:\/\/www.dzwchafingdish.com\/wp-content\/uploads\/2024\/04\/wholesale-chafing-buffet-set-1-768x768.webp 768w\" sizes=\"(max-width: 3024px) 100vw, 3024px\" \/><\/figure>\n<\/div>\n\n\n\n<div class=\"wp-block-column is-layout-flow wp-block-column-is-layout-flow\">\n<h2 class=\"wp-block-heading\"><strong>Eigenschaften von Glass Chafing Dish :<\/strong><\/h2>\n\n\n\n<ul class=\"wp-block-list\">\n<li>Hochwertiges Material: Das Chafing Buffet Set verwendet lebensmittelechten 304 Edelstahl und Glas, um die Isolierung von Lebensmitteln und Haltbarkeit zu gew\u00e4hrleisten.<\/li>\n\n\n\n<li>Exquisites Aussehen: Mit seinem modischen Design und seinem luxuri\u00f6sen Aussehen verleiht dieses Chafing-Puffer-Set der Cafeteria ein hochwertiges Gef\u00fchl.<\/li>\n\n\n\n<li>Flexibler Einsatz: Dieses Chafing-Puffer-Set eignet sich f\u00fcr verschiedene Anl\u00e4sse und Gerichte und bietet eine Vielzahl von Speiseoptionen.<\/li>\n\n\n\n<li>Bequem zu reinigen: Leicht zu reinigen und einfach zu pflegen.<\/li>\n<\/ul>\n<\/div>\n<\/div>","protected":false},"excerpt":{"rendered":"<p>Abmessungen von Glas Chafing Dish ITEM NO. GR\u00d6SSE L\u00c4NGE BREITE H\u00d6HE N.W \/SET DZW-SA01 2.0L 33 cm 23.5 cm 17 cm 1900 g DZW-SA02 2.0L 33 cm 23.5 cm 17 cm 1900 g Eigenschaften von Glass Chafing Dish :<\/p>","protected":false},"author":3,"featured_media":3985,"parent":0,"menu_order":0,"template":"","format":"standard","meta":{"_acf_changed":false,"site-sidebar-layout":"default","site-content-layout":"","ast-site-content-layout":"default","site-content-style":"default","site-sidebar-style":"default","ast-global-header-display":"","ast-banner-title-visibility":"","ast-main-header-display":"","ast-hfb-above-header-display":"","ast-hfb-below-header-display":"","ast-hfb-mobile-header-display":"","site-post-title":"","ast-breadcrumbs-content":"","ast-featured-img":"","footer-sml-layout":"","theme-transparent-header-meta":"","adv-header-id-meta":"","stick-header-meta":"","header-above-stick-meta":"","header-main-stick-meta":"","header-below-stick-meta":"","astra-migrate-meta-layouts":"default","ast-page-background-enabled":"default","ast-page-background-meta":{"desktop":{"background-color":"var(--ast-global-color-4)","background-image":"","background-repeat":"repeat","background-position":"center center","background-size":"auto","background-attachment":"scroll","background-type":"","background-media":"","overlay-type":"","overlay-color":"","overlay-opacity":"","overlay-gradient":""},"tablet":{"background-color":"","background-image":"","background-repeat":"repeat","background-position":"center center","background-size":"auto","background-attachment":"scroll","background-type":"","background-media":"","overlay-type":"","overlay-color":"","overlay-opacity":"","overlay-gradient":""},"mobile":{"background-color":"","background-image":"","background-repeat":"repeat","background-position":"center center","background-size":"auto","background-attachment":"scroll","background-type":"","background-media":"","overlay-type":"","overlay-color":"","overlay-opacity":"","overlay-gradient":""}},"ast-content-background-meta":{"desktop":{"background-color":"var(--ast-global-color-5)","background-image":"","background-repeat":"repeat","background-position":"center center","background-size":"auto","background-attachment":"scroll","background-type":"","background-media":"","overlay-type":"","overlay-color":"","overlay-opacity":"","overlay-gradient":""},"tablet":{"background-color":"var(--ast-global-color-5)","background-image":"","background-repeat":"repeat","background-position":"center center","background-size":"auto","background-attachment":"scroll","background-type":"","background-media":"","overlay-type":"","overlay-color":"","overlay-opacity":"","overlay-gradient":""},"mobile":{"background-color":"var(--ast-global-color-5)","background-image":"","background-repeat":"repeat","background-position":"center center","background-size":"auto","background-attachment":"scroll","background-type":"","background-media":"","overlay-type":"","overlay-color":"","overlay-opacity":"","overlay-gradient":""}},"footnotes":""},"product-categories":[63],"product-tag":[90,98,93],"class_list":["post-3979","product","type-product","status-publish","format-standard","has-post-thumbnail","hentry","product-categories-chafing-dish","product-tag-fuel-chafing-dish","product-tag-glass-chafing-dish","product-tag-rectangular-chafing-dish"],"acf":{"title":"Factory Direct Kleine Glas Chafing Dish Luxus mit Edelstahl-Deckel","title_source":{"label":"Title","type":"text","formatted_value":"Factory Direct Small Glass Chafing Dish Luxury with Stainless Steel Lid"},"short_description":"Custom and bulk glass chafing dish are welcome. With its luxurious appearance, unique lace design and gold or silver options, this glass chafing dish is the ideal for cafeterias to enhance service levels and attract customers.","short_description_source":{"label":"Short description","type":"textarea","formatted_value":"Custom and bulk glass chafing dish are welcome. With its luxurious appearance, unique lace design and gold or silver options, this glass chafing dish is the ideal for cafeterias to enhance service levels and attract customers."},"parameters":"<table border=\"0\" width=\"275\" cellspacing=\"0\" cellpadding=\"0\">\r\n<tbody>\r\n<tr>\r\n<td width=\"108\" height=\"17\">Manufacturer<\/td>\r\n<td width=\"167\">DONGZHAOWEI<\/td>\r\n<\/tr>\r\n<tr>\r\n<td height=\"17\">Material<\/td>\r\n<td>Stainless Steel 201 + Glass<\/td>\r\n<\/tr>\r\n<tr>\r\n<td height=\"17\">Capacity<\/td>\r\n<td>2.0L<\/td>\r\n<\/tr>\r\n<tr>\r\n<td height=\"17\">Color<\/td>\r\n<td>Golden \/ Silver<\/td>\r\n<\/tr>\r\n<tr>\r\n<td height=\"17\">Design<\/td>\r\n<td>Rectangle Shape<\/td>\r\n<\/tr>\r\n<tr>\r\n<td height=\"17\">Tray<\/td>\r\n<td>No dividend<\/td>\r\n<\/tr>\r\n<tr>\r\n<td height=\"17\">Lid type<\/td>\r\n<td>Stainless Steel Hanging Lid<\/td>\r\n<\/tr>\r\n<tr>\r\n<td height=\"17\">Heat<\/td>\r\n<td>Fuel<\/td>\r\n<\/tr>\r\n<tr>\r\n<td height=\"17\">Custom<\/td>\r\n<td>Color\/Logo\/Package<\/td>\r\n<\/tr>\r\n<\/tbody>\r\n<\/table>","parameters_source":{"label":"Parameters","type":"wysiwyg","formatted_value":"<table border=\"0\" width=\"275\" cellspacing=\"0\" cellpadding=\"0\">\n<tbody>\n<tr>\n<td width=\"108\" height=\"17\">Manufacturer<\/td>\n<td width=\"167\">DONGZHAOWEI<\/td>\n<\/tr>\n<tr>\n<td height=\"17\">Material<\/td>\n<td>Stainless Steel 201 + Glass<\/td>\n<\/tr>\n<tr>\n<td height=\"17\">Capacity<\/td>\n<td>2.0L<\/td>\n<\/tr>\n<tr>\n<td height=\"17\">Color<\/td>\n<td>Golden \/ Silver<\/td>\n<\/tr>\n<tr>\n<td height=\"17\">Design<\/td>\n<td>Rectangle Shape<\/td>\n<\/tr>\n<tr>\n<td height=\"17\">Tray<\/td>\n<td>No dividend<\/td>\n<\/tr>\n<tr>\n<td height=\"17\">Lid type<\/td>\n<td>Stainless Steel Hanging Lid<\/td>\n<\/tr>\n<tr>\n<td height=\"17\">Heat<\/td>\n<td>Fuel<\/td>\n<\/tr>\n<tr>\n<td height=\"17\">Custom<\/td>\n<td>Color\/Logo\/Package<\/td>\n<\/tr>\n<\/tbody>\n<\/table>\n"},"photo_gallery":{"product_gallery":[[{"id":3984,"title":"wholesale-chafing-buffet-set-5","caption":"wholesale-chafing-buffet-set-5","full_image_url":"https:\/\/www.dzwchafingdish.com\/wp-content\/uploads\/2024\/04\/wholesale-chafing-buffet-set-5.webp","thumbnail_image_url":"https:\/\/www.dzwchafingdish.com\/wp-content\/uploads\/2024\/04\/wholesale-chafing-buffet-set-5-150x150.webp","large_srcset":"https:\/\/www.dzwchafingdish.com\/wp-content\/uploads\/2024\/04\/wholesale-chafing-buffet-set-5.webp 800w, https:\/\/www.dzwchafingdish.com\/wp-content\/uploads\/2024\/04\/wholesale-chafing-buffet-set-5-300x300.webp 300w, https:\/\/www.dzwchafingdish.com\/wp-content\/uploads\/2024\/04\/wholesale-chafing-buffet-set-5-150x150.webp 150w, https:\/\/www.dzwchafingdish.com\/wp-content\/uploads\/2024\/04\/wholesale-chafing-buffet-set-5-768x768.webp 768w","medium_srcset":"https:\/\/www.dzwchafingdish.com\/wp-content\/uploads\/2024\/04\/wholesale-chafing-buffet-set-5-300x300.webp 300w, https:\/\/www.dzwchafingdish.com\/wp-content\/uploads\/2024\/04\/wholesale-chafing-buffet-set-5-150x150.webp 150w, https:\/\/www.dzwchafingdish.com\/wp-content\/uploads\/2024\/04\/wholesale-chafing-buffet-set-5-768x768.webp 768w, https:\/\/www.dzwchafingdish.com\/wp-content\/uploads\/2024\/04\/wholesale-chafing-buffet-set-5.webp 800w","media_details":{"width":800,"height":800,"sizes":{"medium":{"file":"wholesale-chafing-buffet-set-5-300x300.webp","width":300,"height":300,"mime-type":"image\/webp","filesize":9534,"source_url":"https:\/\/www.dzwchafingdish.com\/wp-content\/uploads\/2024\/04\/wholesale-chafing-buffet-set-5-300x300.webp"},"thumbnail":{"file":"wholesale-chafing-buffet-set-5-150x150.webp","width":150,"height":150,"mime-type":"image\/webp","filesize":3260,"source_url":"https:\/\/www.dzwchafingdish.com\/wp-content\/uploads\/2024\/04\/wholesale-chafing-buffet-set-5-150x150.webp"},"medium_large":{"file":"wholesale-chafing-buffet-set-5-768x768.webp","width":768,"height":768,"mime-type":"image\/webp","filesize":38730,"source_url":"https:\/\/www.dzwchafingdish.com\/wp-content\/uploads\/2024\/04\/wholesale-chafing-buffet-set-5-768x768.webp"}}},"alt_text":"wholesale-chafing-buffet-set-5","url":"","target":""},{"id":3981,"title":"wholesale-chafing-buffet-set-2","caption":"wholesale-chafing-buffet-set-2","full_image_url":"https:\/\/www.dzwchafingdish.com\/wp-content\/uploads\/2024\/04\/wholesale-chafing-buffet-set-2.webp","thumbnail_image_url":"https:\/\/www.dzwchafingdish.com\/wp-content\/uploads\/2024\/04\/wholesale-chafing-buffet-set-2-150x150.webp","large_srcset":"https:\/\/www.dzwchafingdish.com\/wp-content\/uploads\/2024\/04\/wholesale-chafing-buffet-set-2.webp 800w, https:\/\/www.dzwchafingdish.com\/wp-content\/uploads\/2024\/04\/wholesale-chafing-buffet-set-2-300x300.webp 300w, https:\/\/www.dzwchafingdish.com\/wp-content\/uploads\/2024\/04\/wholesale-chafing-buffet-set-2-150x150.webp 150w, https:\/\/www.dzwchafingdish.com\/wp-content\/uploads\/2024\/04\/wholesale-chafing-buffet-set-2-768x768.webp 768w","medium_srcset":"https:\/\/www.dzwchafingdish.com\/wp-content\/uploads\/2024\/04\/wholesale-chafing-buffet-set-2-300x300.webp 300w, https:\/\/www.dzwchafingdish.com\/wp-content\/uploads\/2024\/04\/wholesale-chafing-buffet-set-2-150x150.webp 150w, https:\/\/www.dzwchafingdish.com\/wp-content\/uploads\/2024\/04\/wholesale-chafing-buffet-set-2-768x768.webp 768w, https:\/\/www.dzwchafingdish.com\/wp-content\/uploads\/2024\/04\/wholesale-chafing-buffet-set-2.webp 800w","media_details":{"width":800,"height":800,"sizes":{"medium":{"file":"wholesale-chafing-buffet-set-2-300x300.webp","width":300,"height":300,"mime-type":"image\/webp","filesize":6884,"source_url":"https:\/\/www.dzwchafingdish.com\/wp-content\/uploads\/2024\/04\/wholesale-chafing-buffet-set-2-300x300.webp"},"thumbnail":{"file":"wholesale-chafing-buffet-set-2-150x150.webp","width":150,"height":150,"mime-type":"image\/webp","filesize":2352,"source_url":"https:\/\/www.dzwchafingdish.com\/wp-content\/uploads\/2024\/04\/wholesale-chafing-buffet-set-2-150x150.webp"},"medium_large":{"file":"wholesale-chafing-buffet-set-2-768x768.webp","width":768,"height":768,"mime-type":"image\/webp","filesize":29160,"source_url":"https:\/\/www.dzwchafingdish.com\/wp-content\/uploads\/2024\/04\/wholesale-chafing-buffet-set-2-768x768.webp"}}},"alt_text":"wholesale-chafing-buffet-set-2","url":"","target":""},{"id":3985,"title":"wholesale-chafing-buffet-set-6","caption":"wholesale-chafing-buffet-set-6","full_image_url":"https:\/\/www.dzwchafingdish.com\/wp-content\/uploads\/2024\/04\/wholesale-chafing-buffet-set-6.webp","thumbnail_image_url":"https:\/\/www.dzwchafingdish.com\/wp-content\/uploads\/2024\/04\/wholesale-chafing-buffet-set-6-150x150.webp","large_srcset":"https:\/\/www.dzwchafingdish.com\/wp-content\/uploads\/2024\/04\/wholesale-chafing-buffet-set-6.webp 800w, https:\/\/www.dzwchafingdish.com\/wp-content\/uploads\/2024\/04\/wholesale-chafing-buffet-set-6-300x300.webp 300w, https:\/\/www.dzwchafingdish.com\/wp-content\/uploads\/2024\/04\/wholesale-chafing-buffet-set-6-150x150.webp 150w, https:\/\/www.dzwchafingdish.com\/wp-content\/uploads\/2024\/04\/wholesale-chafing-buffet-set-6-768x768.webp 768w","medium_srcset":"https:\/\/www.dzwchafingdish.com\/wp-content\/uploads\/2024\/04\/wholesale-chafing-buffet-set-6-300x300.webp 300w, https:\/\/www.dzwchafingdish.com\/wp-content\/uploads\/2024\/04\/wholesale-chafing-buffet-set-6-150x150.webp 150w, https:\/\/www.dzwchafingdish.com\/wp-content\/uploads\/2024\/04\/wholesale-chafing-buffet-set-6-768x768.webp 768w, https:\/\/www.dzwchafingdish.com\/wp-content\/uploads\/2024\/04\/wholesale-chafing-buffet-set-6.webp 800w","media_details":{"width":800,"height":800,"sizes":{"medium":{"file":"wholesale-chafing-buffet-set-6-300x300.webp","width":300,"height":300,"mime-type":"image\/webp","filesize":12120,"source_url":"https:\/\/www.dzwchafingdish.com\/wp-content\/uploads\/2024\/04\/wholesale-chafing-buffet-set-6-300x300.webp"},"thumbnail":{"file":"wholesale-chafing-buffet-set-6-150x150.webp","width":150,"height":150,"mime-type":"image\/webp","filesize":3756,"source_url":"https:\/\/www.dzwchafingdish.com\/wp-content\/uploads\/2024\/04\/wholesale-chafing-buffet-set-6-150x150.webp"},"medium_large":{"file":"wholesale-chafing-buffet-set-6-768x768.webp","width":768,"height":768,"mime-type":"image\/webp","filesize":55656,"source_url":"https:\/\/www.dzwchafingdish.com\/wp-content\/uploads\/2024\/04\/wholesale-chafing-buffet-set-6-768x768.webp"}}},"alt_text":"wholesale-chafing-buffet-set-6","url":"","target":""},{"id":3983,"title":"wholesale-chafing-buffet-set-4","caption":"wholesale-chafing-buffet-set-4","full_image_url":"https:\/\/www.dzwchafingdish.com\/wp-content\/uploads\/2024\/04\/wholesale-chafing-buffet-set-4.webp","thumbnail_image_url":"https:\/\/www.dzwchafingdish.com\/wp-content\/uploads\/2024\/04\/wholesale-chafing-buffet-set-4-150x150.webp","large_srcset":"https:\/\/www.dzwchafingdish.com\/wp-content\/uploads\/2024\/04\/wholesale-chafing-buffet-set-4.webp 3024w, https:\/\/www.dzwchafingdish.com\/wp-content\/uploads\/2024\/04\/wholesale-chafing-buffet-set-4-300x300.webp 300w, https:\/\/www.dzwchafingdish.com\/wp-content\/uploads\/2024\/04\/wholesale-chafing-buffet-set-4-150x150.webp 150w, https:\/\/www.dzwchafingdish.com\/wp-content\/uploads\/2024\/04\/wholesale-chafing-buffet-set-4-768x768.webp 768w","medium_srcset":"https:\/\/www.dzwchafingdish.com\/wp-content\/uploads\/2024\/04\/wholesale-chafing-buffet-set-4-300x300.webp 300w, https:\/\/www.dzwchafingdish.com\/wp-content\/uploads\/2024\/04\/wholesale-chafing-buffet-set-4-150x150.webp 150w, https:\/\/www.dzwchafingdish.com\/wp-content\/uploads\/2024\/04\/wholesale-chafing-buffet-set-4-768x768.webp 768w","media_details":{"width":3024,"height":3024,"sizes":{"medium":{"file":"wholesale-chafing-buffet-set-4-300x300.webp","width":300,"height":300,"mime-type":"image\/webp","filesize":24168,"source_url":"https:\/\/www.dzwchafingdish.com\/wp-content\/uploads\/2024\/04\/wholesale-chafing-buffet-set-4-300x300.webp"},"thumbnail":{"file":"wholesale-chafing-buffet-set-4-150x150.webp","width":150,"height":150,"mime-type":"image\/webp","filesize":8340,"source_url":"https:\/\/www.dzwchafingdish.com\/wp-content\/uploads\/2024\/04\/wholesale-chafing-buffet-set-4-150x150.webp"},"medium_large":{"file":"wholesale-chafing-buffet-set-4-768x768.webp","width":768,"height":768,"mime-type":"image\/webp","filesize":105360,"source_url":"https:\/\/www.dzwchafingdish.com\/wp-content\/uploads\/2024\/04\/wholesale-chafing-buffet-set-4-768x768.webp"}}},"alt_text":"wholesale-chafing-buffet-set-4","url":"","target":""},{"id":3982,"title":"wholesale-chafing-buffet-set-3","caption":"wholesale-chafing-buffet-set-3","full_image_url":"https:\/\/www.dzwchafingdish.com\/wp-content\/uploads\/2024\/04\/wholesale-chafing-buffet-set-3.webp","thumbnail_image_url":"https:\/\/www.dzwchafingdish.com\/wp-content\/uploads\/2024\/04\/wholesale-chafing-buffet-set-3-150x150.webp","large_srcset":"https:\/\/www.dzwchafingdish.com\/wp-content\/uploads\/2024\/04\/wholesale-chafing-buffet-set-3.webp 800w, https:\/\/www.dzwchafingdish.com\/wp-content\/uploads\/2024\/04\/wholesale-chafing-buffet-set-3-300x300.webp 300w, https:\/\/www.dzwchafingdish.com\/wp-content\/uploads\/2024\/04\/wholesale-chafing-buffet-set-3-150x150.webp 150w, https:\/\/www.dzwchafingdish.com\/wp-content\/uploads\/2024\/04\/wholesale-chafing-buffet-set-3-768x768.webp 768w","medium_srcset":"https:\/\/www.dzwchafingdish.com\/wp-content\/uploads\/2024\/04\/wholesale-chafing-buffet-set-3-300x300.webp 300w, https:\/\/www.dzwchafingdish.com\/wp-content\/uploads\/2024\/04\/wholesale-chafing-buffet-set-3-150x150.webp 150w, https:\/\/www.dzwchafingdish.com\/wp-content\/uploads\/2024\/04\/wholesale-chafing-buffet-set-3-768x768.webp 768w, https:\/\/www.dzwchafingdish.com\/wp-content\/uploads\/2024\/04\/wholesale-chafing-buffet-set-3.webp 800w","media_details":{"width":800,"height":800,"sizes":{"medium":{"file":"wholesale-chafing-buffet-set-3-300x300.webp","width":300,"height":300,"mime-type":"image\/webp","filesize":9160,"source_url":"https:\/\/www.dzwchafingdish.com\/wp-content\/uploads\/2024\/04\/wholesale-chafing-buffet-set-3-300x300.webp"},"thumbnail":{"file":"wholesale-chafing-buffet-set-3-150x150.webp","width":150,"height":150,"mime-type":"image\/webp","filesize":2778,"source_url":"https:\/\/www.dzwchafingdish.com\/wp-content\/uploads\/2024\/04\/wholesale-chafing-buffet-set-3-150x150.webp"},"medium_large":{"file":"wholesale-chafing-buffet-set-3-768x768.webp","width":768,"height":768,"mime-type":"image\/webp","filesize":43406,"source_url":"https:\/\/www.dzwchafingdish.com\/wp-content\/uploads\/2024\/04\/wholesale-chafing-buffet-set-3-768x768.webp"}}},"alt_text":"wholesale-chafing-buffet-set-3","url":"","target":""},{"id":3980,"title":"wholesale-chafing-buffet-set-1","caption":"wholesale-chafing-buffet-set-1","full_image_url":"https:\/\/www.dzwchafingdish.com\/wp-content\/uploads\/2024\/04\/wholesale-chafing-buffet-set-1.webp","thumbnail_image_url":"https:\/\/www.dzwchafingdish.com\/wp-content\/uploads\/2024\/04\/wholesale-chafing-buffet-set-1-150x150.webp","large_srcset":"https:\/\/www.dzwchafingdish.com\/wp-content\/uploads\/2024\/04\/wholesale-chafing-buffet-set-1.webp 3024w, https:\/\/www.dzwchafingdish.com\/wp-content\/uploads\/2024\/04\/wholesale-chafing-buffet-set-1-300x300.webp 300w, https:\/\/www.dzwchafingdish.com\/wp-content\/uploads\/2024\/04\/wholesale-chafing-buffet-set-1-150x150.webp 150w, https:\/\/www.dzwchafingdish.com\/wp-content\/uploads\/2024\/04\/wholesale-chafing-buffet-set-1-768x768.webp 768w","medium_srcset":"https:\/\/www.dzwchafingdish.com\/wp-content\/uploads\/2024\/04\/wholesale-chafing-buffet-set-1-300x300.webp 300w, https:\/\/www.dzwchafingdish.com\/wp-content\/uploads\/2024\/04\/wholesale-chafing-buffet-set-1-150x150.webp 150w, https:\/\/www.dzwchafingdish.com\/wp-content\/uploads\/2024\/04\/wholesale-chafing-buffet-set-1-768x768.webp 768w","media_details":{"width":3024,"height":3024,"sizes":{"medium":{"file":"wholesale-chafing-buffet-set-1-300x300.webp","width":300,"height":300,"mime-type":"image\/webp","filesize":23802,"source_url":"https:\/\/www.dzwchafingdish.com\/wp-content\/uploads\/2024\/04\/wholesale-chafing-buffet-set-1-300x300.webp"},"thumbnail":{"file":"wholesale-chafing-buffet-set-1-150x150.webp","width":150,"height":150,"mime-type":"image\/webp","filesize":8172,"source_url":"https:\/\/www.dzwchafingdish.com\/wp-content\/uploads\/2024\/04\/wholesale-chafing-buffet-set-1-150x150.webp"},"medium_large":{"file":"wholesale-chafing-buffet-set-1-768x768.webp","width":768,"height":768,"mime-type":"image\/webp","filesize":103386,"source_url":"https:\/\/www.dzwchafingdish.com\/wp-content\/uploads\/2024\/04\/wholesale-chafing-buffet-set-1-768x768.webp"}}},"alt_text":"wholesale-chafing-buffet-set-1","url":"","target":""}]]}},"_links":{"self":[{"href":"https:\/\/www.dzwchafingdish.com\/de\/wp-json\/wp\/v2\/product\/3979","targetHints":{"allow":["GET"]}}],"collection":[{"href":"https:\/\/www.dzwchafingdish.com\/de\/wp-json\/wp\/v2\/product"}],"about":[{"href":"https:\/\/www.dzwchafingdish.com\/de\/wp-json\/wp\/v2\/types\/product"}],"author":[{"embeddable":true,"href":"https:\/\/www.dzwchafingdish.com\/de\/wp-json\/wp\/v2\/users\/3"}],"version-history":[{"count":0,"href":"https:\/\/www.dzwchafingdish.com\/de\/wp-json\/wp\/v2\/product\/3979\/revisions"}],"wp:featuredmedia":[{"embeddable":true,"href":"https:\/\/www.dzwchafingdish.com\/de\/wp-json\/wp\/v2\/media\/3985"}],"wp:attachment":[{"href":"https:\/\/www.dzwchafingdish.com\/de\/wp-json\/wp\/v2\/media?parent=3979"}],"wp:term":[{"taxonomy":"product-categories","embeddable":true,"href":"https:\/\/www.dzwchafingdish.com\/de\/wp-json\/wp\/v2\/product-categories?post=3979"},{"taxonomy":"product-tag","embeddable":true,"href":"https:\/\/www.dzwchafingdish.com\/de\/wp-json\/wp\/v2\/product-tag?post=3979"}],"curies":[{"name":"wp","href":"https:\/\/api.w.org\/{rel}","templated":true}]}}