{"id":4036,"date":"2024-04-09T10:18:18","date_gmt":"2024-04-09T10:18:18","guid":{"rendered":"https:\/\/www.dzwchafingdish.com\/?post_type=product&#038;p=4036"},"modified":"2024-06-15T05:14:38","modified_gmt":"2024-06-15T05:14:38","slug":"commercial-chafing-dish","status":"publish","type":"product","link":"https:\/\/www.dzwchafingdish.com\/de\/product\/commercial-chafing-dish\/","title":{"rendered":"Factory Direct Commercial Chafing Dish Set 5.5L Oval mit St\u00e4nder"},"content":{"rendered":"<div class=\"wp-block-columns is-layout-flex wp-container-core-columns-is-layout-28f84493 wp-block-columns-is-layout-flex\">\n<div class=\"wp-block-column is-layout-flow wp-block-column-is-layout-flow\">\n<h2 class=\"wp-block-heading\"><strong>Abmessungen des kommerziellen Chafing Dish Sets\u00a0<\/strong><\/h2>\n\n\n\n<figure class=\"wp-block-table\"><table><tbody><tr><td>ARTIKEL NR.<\/td><td>GR\u00d6SSE<\/td><td>LENGTH<\/td><td>WIDE<\/td><td>H\u00d6HE<\/td><td>N.W \/SET<\/td><\/tr><tr><td>DZW-DO05<\/td><td>5.5L<\/td><td>58 cm<\/td><td>34 cm<\/td><td>33 cm<\/td><td>3350 g<\/td><\/tr><\/tbody><\/table><\/figure>\n<\/div>\n\n\n\n<div class=\"wp-block-column is-layout-flow wp-block-column-is-layout-flow\">\n<figure class=\"wp-block-image size-full is-resized\"><img fetchpriority=\"high\" decoding=\"async\" width=\"800\" height=\"800\" src=\"https:\/\/www.dzwchafingdish.com\/wp-content\/uploads\/2024\/04\/commercial-chafing-dish-set-wholesale-1.webp\" alt=\"kommerzielles Geschirrset-Gro\u00dfhandel\" class=\"wp-image-4037\" style=\"width:416px;height:auto\" srcset=\"https:\/\/www.dzwchafingdish.com\/wp-content\/uploads\/2024\/04\/commercial-chafing-dish-set-wholesale-1.webp 800w, https:\/\/www.dzwchafingdish.com\/wp-content\/uploads\/2024\/04\/commercial-chafing-dish-set-wholesale-1-300x300.webp 300w, https:\/\/www.dzwchafingdish.com\/wp-content\/uploads\/2024\/04\/commercial-chafing-dish-set-wholesale-1-150x150.webp 150w, https:\/\/www.dzwchafingdish.com\/wp-content\/uploads\/2024\/04\/commercial-chafing-dish-set-wholesale-1-768x768.webp 768w\" sizes=\"(max-width: 800px) 100vw, 800px\" \/><\/figure>\n<\/div>\n<\/div>\n\n\n\n<div class=\"wp-block-columns is-layout-flex wp-container-core-columns-is-layout-28f84493 wp-block-columns-is-layout-flex\">\n<div class=\"wp-block-column is-layout-flow wp-block-column-is-layout-flow\">\n<figure class=\"wp-block-image size-full\"><img decoding=\"async\" width=\"1000\" height=\"1000\" src=\"https:\/\/www.dzwchafingdish.com\/wp-content\/uploads\/2024\/04\/commercial-chafing-dish-set-wholesale-2.webp\" alt=\"kommerzielles Geschirrset-Gro\u00dfhandel\" class=\"wp-image-4038\" srcset=\"https:\/\/www.dzwchafingdish.com\/wp-content\/uploads\/2024\/04\/commercial-chafing-dish-set-wholesale-2.webp 1000w, https:\/\/www.dzwchafingdish.com\/wp-content\/uploads\/2024\/04\/commercial-chafing-dish-set-wholesale-2-300x300.webp 300w, https:\/\/www.dzwchafingdish.com\/wp-content\/uploads\/2024\/04\/commercial-chafing-dish-set-wholesale-2-150x150.webp 150w, https:\/\/www.dzwchafingdish.com\/wp-content\/uploads\/2024\/04\/commercial-chafing-dish-set-wholesale-2-768x768.webp 768w\" sizes=\"(max-width: 1000px) 100vw, 1000px\" \/><\/figure>\n<\/div>\n\n\n\n<div class=\"wp-block-column is-layout-flow wp-block-column-is-layout-flow\">\n<h2 class=\"wp-block-heading\"><strong><strong>Eigenschaften<\/strong><\/strong> von<strong> Kommerzielles Chafing Dish Set:<\/strong><\/h2>\n\n\n\n<ul class=\"wp-block-list\">\n<li>Direktverkauf ab Werk: keine Zwischenh\u00e4ndler, Kauf direkt ab Werk, g\u00fcnstige Preise, garantierte Qualit\u00e4t, Kostenersparnis.<\/li>\n\n\n\n<li>Gro\u00dfes Fassungsverm\u00f6gen: Das Fassungsverm\u00f6gen von 5,5 Litern reicht aus, um eine gro\u00dfe Menge an Lebensmitteln aufzunehmen, und eignet sich f\u00fcr Bankette oder Veranstaltungen unterschiedlicher Gr\u00f6\u00dfe, um verschiedene Bed\u00fcrfnisse zu erf\u00fcllen.<\/li>\n\n\n\n<li>Effiziente W\u00e4rmed\u00e4mmung: Die fortschrittliche W\u00e4rmed\u00e4mmung sorgt daf\u00fcr, dass die Speisen warm und frisch bleiben, damit das Essen w\u00e4hrend des Banketts immer k\u00f6stlich schmeckt.<\/li>\n\n\n\n<li>Stabiler St\u00e4nder: Dieses kommerzielle Chafing Dish Set ist mit einem robusten und langlebigen St\u00e4nder ausgestattet, der stabil und zuverl\u00e4ssig ist, die Stabilit\u00e4t und Sicherheit des Geschirrs gew\u00e4hrleistet und Ihnen ein sicheres Esserlebnis bietet.<\/li>\n<\/ul>\n<\/div>\n<\/div>","protected":false},"excerpt":{"rendered":"<p>Abmessungen der kommerziellen Chafing Dish Set ITEM NO. GR\u00d6SSE L\u00c4NGE BREITE H\u00d6HE N.W \/SET DZW-DO05 5.5L 58 cm 34 cm 33 cm 3350 g Eigenschaften von Commercial Chafing Dish Set:<\/p>","protected":false},"author":3,"featured_media":4037,"parent":0,"menu_order":0,"template":"","format":"standard","meta":{"_acf_changed":false,"site-sidebar-layout":"default","site-content-layout":"","ast-site-content-layout":"default","site-content-style":"default","site-sidebar-style":"default","ast-global-header-display":"","ast-banner-title-visibility":"","ast-main-header-display":"","ast-hfb-above-header-display":"","ast-hfb-below-header-display":"","ast-hfb-mobile-header-display":"","site-post-title":"","ast-breadcrumbs-content":"","ast-featured-img":"","footer-sml-layout":"","theme-transparent-header-meta":"","adv-header-id-meta":"","stick-header-meta":"","header-above-stick-meta":"","header-main-stick-meta":"","header-below-stick-meta":"","astra-migrate-meta-layouts":"default","ast-page-background-enabled":"default","ast-page-background-meta":{"desktop":{"background-color":"var(--ast-global-color-4)","background-image":"","background-repeat":"repeat","background-position":"center center","background-size":"auto","background-attachment":"scroll","background-type":"","background-media":"","overlay-type":"","overlay-color":"","overlay-opacity":"","overlay-gradient":""},"tablet":{"background-color":"","background-image":"","background-repeat":"repeat","background-position":"center center","background-size":"auto","background-attachment":"scroll","background-type":"","background-media":"","overlay-type":"","overlay-color":"","overlay-opacity":"","overlay-gradient":""},"mobile":{"background-color":"","background-image":"","background-repeat":"repeat","background-position":"center center","background-size":"auto","background-attachment":"scroll","background-type":"","background-media":"","overlay-type":"","overlay-color":"","overlay-opacity":"","overlay-gradient":""}},"ast-content-background-meta":{"desktop":{"background-color":"var(--ast-global-color-5)","background-image":"","background-repeat":"repeat","background-position":"center center","background-size":"auto","background-attachment":"scroll","background-type":"","background-media":"","overlay-type":"","overlay-color":"","overlay-opacity":"","overlay-gradient":""},"tablet":{"background-color":"var(--ast-global-color-5)","background-image":"","background-repeat":"repeat","background-position":"center center","background-size":"auto","background-attachment":"scroll","background-type":"","background-media":"","overlay-type":"","overlay-color":"","overlay-opacity":"","overlay-gradient":""},"mobile":{"background-color":"var(--ast-global-color-5)","background-image":"","background-repeat":"repeat","background-position":"center center","background-size":"auto","background-attachment":"scroll","background-type":"","background-media":"","overlay-type":"","overlay-color":"","overlay-opacity":"","overlay-gradient":""}},"footnotes":""},"product-categories":[63],"product-tag":[90,92],"class_list":["post-4036","product","type-product","status-publish","format-standard","has-post-thumbnail","hentry","product-categories-chafing-dish","product-tag-fuel-chafing-dish","product-tag-oval-chafing-dish"],"acf":{"title":"Factory Direct Commercial Chafing Dish Set 5.5L Oval mit St\u00e4nder","title_source":{"label":"Title","type":"text","formatted_value":"Factory Direct Commercial Chafing Dish Set 5.5L Oval with Stand"},"short_description":"Bulk buy and customized chafing dishes are highly welcome. This factory direct commercial chafing dish set is not only affordable, but also has a stable stand, oval shape and modern gold and silver design, making it an ideal choice for your banquet or event.","short_description_source":{"label":"Short description","type":"textarea","formatted_value":"Bulk buy and customized chafing dishes are highly welcome. This factory direct commercial chafing dish set is not only affordable, but also has a stable stand, oval shape and modern gold and silver design, making it an ideal choice for your banquet or event."},"parameters":"<table border=\"0\" width=\"275\" cellspacing=\"0\" cellpadding=\"0\">\r\n<tbody>\r\n<tr>\r\n<td width=\"108\" height=\"17\">Manufacturer<\/td>\r\n<td width=\"167\">DONGZHAOWEI<\/td>\r\n<\/tr>\r\n<tr>\r\n<td height=\"17\">Material<\/td>\r\n<td>Stainless Steel 201<\/td>\r\n<\/tr>\r\n<tr>\r\n<td height=\"17\">Capacity<\/td>\r\n<td>5.5L<\/td>\r\n<\/tr>\r\n<tr>\r\n<td height=\"17\">Color<\/td>\r\n<td>Half Golden<\/td>\r\n<\/tr>\r\n<tr>\r\n<td height=\"17\">Design<\/td>\r\n<td>Oval Shape<\/td>\r\n<\/tr>\r\n<tr>\r\n<td height=\"17\">Tray<\/td>\r\n<td>No divided \/ Divided tray<\/td>\r\n<\/tr>\r\n<tr>\r\n<td height=\"17\">Lid type<\/td>\r\n<td>hanging Lid<\/td>\r\n<\/tr>\r\n<tr>\r\n<td height=\"17\">Heat<\/td>\r\n<td>Fuel<\/td>\r\n<\/tr>\r\n<tr>\r\n<td height=\"17\">Custom<\/td>\r\n<td>Color\/Logo\/Package<\/td>\r\n<\/tr>\r\n<\/tbody>\r\n<\/table>","parameters_source":{"label":"Parameters","type":"wysiwyg","formatted_value":"<table border=\"0\" width=\"275\" cellspacing=\"0\" cellpadding=\"0\">\n<tbody>\n<tr>\n<td width=\"108\" height=\"17\">Manufacturer<\/td>\n<td width=\"167\">DONGZHAOWEI<\/td>\n<\/tr>\n<tr>\n<td height=\"17\">Material<\/td>\n<td>Stainless Steel 201<\/td>\n<\/tr>\n<tr>\n<td height=\"17\">Capacity<\/td>\n<td>5.5L<\/td>\n<\/tr>\n<tr>\n<td height=\"17\">Color<\/td>\n<td>Half Golden<\/td>\n<\/tr>\n<tr>\n<td height=\"17\">Design<\/td>\n<td>Oval Shape<\/td>\n<\/tr>\n<tr>\n<td height=\"17\">Tray<\/td>\n<td>No divided \/ Divided tray<\/td>\n<\/tr>\n<tr>\n<td height=\"17\">Lid type<\/td>\n<td>hanging Lid<\/td>\n<\/tr>\n<tr>\n<td height=\"17\">Heat<\/td>\n<td>Fuel<\/td>\n<\/tr>\n<tr>\n<td height=\"17\">Custom<\/td>\n<td>Color\/Logo\/Package<\/td>\n<\/tr>\n<\/tbody>\n<\/table>\n"},"photo_gallery":{"product_gallery":[[{"id":4037,"title":"commercial-chafing-dish-set-wholesale-1","caption":"commercial-chafing-dish-set-wholesale","full_image_url":"https:\/\/www.dzwchafingdish.com\/wp-content\/uploads\/2024\/04\/commercial-chafing-dish-set-wholesale-1.webp","thumbnail_image_url":"https:\/\/www.dzwchafingdish.com\/wp-content\/uploads\/2024\/04\/commercial-chafing-dish-set-wholesale-1-150x150.webp","large_srcset":"https:\/\/www.dzwchafingdish.com\/wp-content\/uploads\/2024\/04\/commercial-chafing-dish-set-wholesale-1.webp 800w, https:\/\/www.dzwchafingdish.com\/wp-content\/uploads\/2024\/04\/commercial-chafing-dish-set-wholesale-1-300x300.webp 300w, https:\/\/www.dzwchafingdish.com\/wp-content\/uploads\/2024\/04\/commercial-chafing-dish-set-wholesale-1-150x150.webp 150w, https:\/\/www.dzwchafingdish.com\/wp-content\/uploads\/2024\/04\/commercial-chafing-dish-set-wholesale-1-768x768.webp 768w","medium_srcset":"https:\/\/www.dzwchafingdish.com\/wp-content\/uploads\/2024\/04\/commercial-chafing-dish-set-wholesale-1-300x300.webp 300w, https:\/\/www.dzwchafingdish.com\/wp-content\/uploads\/2024\/04\/commercial-chafing-dish-set-wholesale-1-150x150.webp 150w, https:\/\/www.dzwchafingdish.com\/wp-content\/uploads\/2024\/04\/commercial-chafing-dish-set-wholesale-1-768x768.webp 768w, https:\/\/www.dzwchafingdish.com\/wp-content\/uploads\/2024\/04\/commercial-chafing-dish-set-wholesale-1.webp 800w","media_details":{"width":800,"height":800,"sizes":{"medium":{"file":"commercial-chafing-dish-set-wholesale-1-300x300.webp","width":300,"height":300,"mime-type":"image\/webp","filesize":8538,"source_url":"https:\/\/www.dzwchafingdish.com\/wp-content\/uploads\/2024\/04\/commercial-chafing-dish-set-wholesale-1-300x300.webp"},"thumbnail":{"file":"commercial-chafing-dish-set-wholesale-1-150x150.webp","width":150,"height":150,"mime-type":"image\/webp","filesize":3248,"source_url":"https:\/\/www.dzwchafingdish.com\/wp-content\/uploads\/2024\/04\/commercial-chafing-dish-set-wholesale-1-150x150.webp"},"medium_large":{"file":"commercial-chafing-dish-set-wholesale-1-768x768.webp","width":768,"height":768,"mime-type":"image\/webp","filesize":27956,"source_url":"https:\/\/www.dzwchafingdish.com\/wp-content\/uploads\/2024\/04\/commercial-chafing-dish-set-wholesale-1-768x768.webp"}}},"alt_text":"commercial-chafing-dish-set-wholesale","url":"","target":""},{"id":4038,"title":"commercial-chafing-dish-set-wholesale-2","caption":"commercial-chafing-dish-set-wholesale","full_image_url":"https:\/\/www.dzwchafingdish.com\/wp-content\/uploads\/2024\/04\/commercial-chafing-dish-set-wholesale-2.webp","thumbnail_image_url":"https:\/\/www.dzwchafingdish.com\/wp-content\/uploads\/2024\/04\/commercial-chafing-dish-set-wholesale-2-150x150.webp","large_srcset":"https:\/\/www.dzwchafingdish.com\/wp-content\/uploads\/2024\/04\/commercial-chafing-dish-set-wholesale-2.webp 1000w, https:\/\/www.dzwchafingdish.com\/wp-content\/uploads\/2024\/04\/commercial-chafing-dish-set-wholesale-2-300x300.webp 300w, https:\/\/www.dzwchafingdish.com\/wp-content\/uploads\/2024\/04\/commercial-chafing-dish-set-wholesale-2-150x150.webp 150w, https:\/\/www.dzwchafingdish.com\/wp-content\/uploads\/2024\/04\/commercial-chafing-dish-set-wholesale-2-768x768.webp 768w","medium_srcset":"https:\/\/www.dzwchafingdish.com\/wp-content\/uploads\/2024\/04\/commercial-chafing-dish-set-wholesale-2-300x300.webp 300w, https:\/\/www.dzwchafingdish.com\/wp-content\/uploads\/2024\/04\/commercial-chafing-dish-set-wholesale-2-150x150.webp 150w, https:\/\/www.dzwchafingdish.com\/wp-content\/uploads\/2024\/04\/commercial-chafing-dish-set-wholesale-2-768x768.webp 768w, https:\/\/www.dzwchafingdish.com\/wp-content\/uploads\/2024\/04\/commercial-chafing-dish-set-wholesale-2.webp 1000w","media_details":{"width":1000,"height":1000,"sizes":{"medium":{"file":"commercial-chafing-dish-set-wholesale-2-300x300.webp","width":300,"height":300,"mime-type":"image\/webp","filesize":5100,"source_url":"https:\/\/www.dzwchafingdish.com\/wp-content\/uploads\/2024\/04\/commercial-chafing-dish-set-wholesale-2-300x300.webp"},"thumbnail":{"file":"commercial-chafing-dish-set-wholesale-2-150x150.webp","width":150,"height":150,"mime-type":"image\/webp","filesize":1928,"source_url":"https:\/\/www.dzwchafingdish.com\/wp-content\/uploads\/2024\/04\/commercial-chafing-dish-set-wholesale-2-150x150.webp"},"medium_large":{"file":"commercial-chafing-dish-set-wholesale-2-768x768.webp","width":768,"height":768,"mime-type":"image\/webp","filesize":18232,"source_url":"https:\/\/www.dzwchafingdish.com\/wp-content\/uploads\/2024\/04\/commercial-chafing-dish-set-wholesale-2-768x768.webp"}}},"alt_text":"commercial-chafing-dish-set-wholesale","url":"","target":""}]]}},"_links":{"self":[{"href":"https:\/\/www.dzwchafingdish.com\/de\/wp-json\/wp\/v2\/product\/4036","targetHints":{"allow":["GET"]}}],"collection":[{"href":"https:\/\/www.dzwchafingdish.com\/de\/wp-json\/wp\/v2\/product"}],"about":[{"href":"https:\/\/www.dzwchafingdish.com\/de\/wp-json\/wp\/v2\/types\/product"}],"author":[{"embeddable":true,"href":"https:\/\/www.dzwchafingdish.com\/de\/wp-json\/wp\/v2\/users\/3"}],"version-history":[{"count":0,"href":"https:\/\/www.dzwchafingdish.com\/de\/wp-json\/wp\/v2\/product\/4036\/revisions"}],"wp:featuredmedia":[{"embeddable":true,"href":"https:\/\/www.dzwchafingdish.com\/de\/wp-json\/wp\/v2\/media\/4037"}],"wp:attachment":[{"href":"https:\/\/www.dzwchafingdish.com\/de\/wp-json\/wp\/v2\/media?parent=4036"}],"wp:term":[{"taxonomy":"product-categories","embeddable":true,"href":"https:\/\/www.dzwchafingdish.com\/de\/wp-json\/wp\/v2\/product-categories?post=4036"},{"taxonomy":"product-tag","embeddable":true,"href":"https:\/\/www.dzwchafingdish.com\/de\/wp-json\/wp\/v2\/product-tag?post=4036"}],"curies":[{"name":"wp","href":"https:\/\/api.w.org\/{rel}","templated":true}]}}