{"id":4041,"date":"2024-04-09T10:13:29","date_gmt":"2024-04-09T10:13:29","guid":{"rendered":"https:\/\/www.dzwchafingdish.com\/?post_type=product&#038;p=4041"},"modified":"2024-06-15T05:09:07","modified_gmt":"2024-06-15T05:09:07","slug":"large-chafing-dish","status":"publish","type":"product","link":"https:\/\/www.dzwchafingdish.com\/de\/product\/large-chafing-dish\/","title":{"rendered":"Gro\u00dfhandel gro\u00dfe Chafing Dish 20L mit h\u00e4ngenden Deckel"},"content":{"rendered":"<div class=\"wp-block-columns is-layout-flex wp-container-core-columns-is-layout-28f84493 wp-block-columns-is-layout-flex\">\n<div class=\"wp-block-column is-layout-flow wp-block-column-is-layout-flow\">\n<h2 class=\"wp-block-heading\"><strong>Gro\u00dfe Chafing Dish Dimension<\/strong><\/h2>\n\n\n\n<figure class=\"wp-block-table\"><table><tbody><tr><td>ARTIKEL NR.<\/td><td>GR\u00d6SSE<\/td><td>LENGTH<\/td><td>WIDE<\/td><td>H\u00d6HE<\/td><td>N.W \/SET<\/td><\/tr><tr><td>DZW-GV200<\/td><td>20L<\/td><td>64 cm<\/td><td>56 cm<\/td><td>75 cm<\/td><td>9600 g<\/td><\/tr><tr><td>DZW-SV200<\/td><td>20L<\/td><td>64 cm<\/td><td>56 cm<\/td><td>75 cm<\/td><td>9600 g<\/td><\/tr><\/tbody><\/table><\/figure>\n<\/div>\n\n\n\n<div class=\"wp-block-column is-layout-flow wp-block-column-is-layout-flow\">\n<div class=\"wp-block-columns is-layout-flex wp-container-core-columns-is-layout-28f84493 wp-block-columns-is-layout-flex\">\n<div class=\"wp-block-column is-layout-flow wp-block-column-is-layout-flow\">\n<figure class=\"wp-block-image size-full\"><img fetchpriority=\"high\" decoding=\"async\" width=\"800\" height=\"800\" src=\"https:\/\/www.dzwchafingdish.com\/wp-content\/uploads\/2024\/04\/wholesale-buffet-food-pan-3.webp\" alt=\"gro\u00dfe-chafing-dish-gro\u00dfhandel-buffet-food-pfanne\" class=\"wp-image-4044\" srcset=\"https:\/\/www.dzwchafingdish.com\/wp-content\/uploads\/2024\/04\/wholesale-buffet-food-pan-3.webp 800w, https:\/\/www.dzwchafingdish.com\/wp-content\/uploads\/2024\/04\/wholesale-buffet-food-pan-3-300x300.webp 300w, https:\/\/www.dzwchafingdish.com\/wp-content\/uploads\/2024\/04\/wholesale-buffet-food-pan-3-150x150.webp 150w, https:\/\/www.dzwchafingdish.com\/wp-content\/uploads\/2024\/04\/wholesale-buffet-food-pan-3-768x768.webp 768w\" sizes=\"(max-width: 800px) 100vw, 800px\" \/><\/figure>\n<\/div>\n\n\n\n<div class=\"wp-block-column is-layout-flow wp-block-column-is-layout-flow\">\n<figure class=\"wp-block-image size-full\"><img decoding=\"async\" width=\"800\" height=\"800\" src=\"https:\/\/www.dzwchafingdish.com\/wp-content\/uploads\/2024\/04\/wholesale-buffet-food-pan-5.webp\" alt=\"gro\u00dfe-chafing-dish-gro\u00dfhandel-buffet-food-pfanne\" class=\"wp-image-4046\" srcset=\"https:\/\/www.dzwchafingdish.com\/wp-content\/uploads\/2024\/04\/wholesale-buffet-food-pan-5.webp 800w, https:\/\/www.dzwchafingdish.com\/wp-content\/uploads\/2024\/04\/wholesale-buffet-food-pan-5-300x300.webp 300w, https:\/\/www.dzwchafingdish.com\/wp-content\/uploads\/2024\/04\/wholesale-buffet-food-pan-5-150x150.webp 150w, https:\/\/www.dzwchafingdish.com\/wp-content\/uploads\/2024\/04\/wholesale-buffet-food-pan-5-768x768.webp 768w\" sizes=\"(max-width: 800px) 100vw, 800px\" \/><\/figure>\n<\/div>\n<\/div>\n<\/div>\n<\/div>\n\n\n\n<div class=\"wp-block-columns is-layout-flex wp-container-core-columns-is-layout-28f84493 wp-block-columns-is-layout-flex\">\n<div class=\"wp-block-column is-layout-flow wp-block-column-is-layout-flow\">\n<figure class=\"wp-block-image size-full\"><img decoding=\"async\" width=\"800\" height=\"800\" src=\"https:\/\/www.dzwchafingdish.com\/wp-content\/uploads\/2024\/04\/wholesale-buffet-food-pan-4.webp\" alt=\"gro\u00dfe-chafing-dish-gro\u00dfhandel-buffet-food-pfanne\" class=\"wp-image-4045\" srcset=\"https:\/\/www.dzwchafingdish.com\/wp-content\/uploads\/2024\/04\/wholesale-buffet-food-pan-4.webp 800w, https:\/\/www.dzwchafingdish.com\/wp-content\/uploads\/2024\/04\/wholesale-buffet-food-pan-4-300x300.webp 300w, https:\/\/www.dzwchafingdish.com\/wp-content\/uploads\/2024\/04\/wholesale-buffet-food-pan-4-150x150.webp 150w, https:\/\/www.dzwchafingdish.com\/wp-content\/uploads\/2024\/04\/wholesale-buffet-food-pan-4-768x768.webp 768w\" sizes=\"(max-width: 800px) 100vw, 800px\" \/><\/figure>\n<\/div>\n\n\n\n<div class=\"wp-block-column is-layout-flow wp-block-column-is-layout-flow\">\n<h2 class=\"wp-block-heading\"><strong>Gro\u00dfer Chafing Dish Merkmale:<\/strong><\/h2>\n\n\n\n<ul class=\"wp-block-list\">\n<li>Exquisites und luxuri\u00f6ses Design: Diese gro\u00dfe Chafing Dish nimmt ein exquisites Design, eine luxuri\u00f6se Atmosph\u00e4re und ein elegantes Aussehen an und verleiht Ihrem Esstisch einen Hauch von Adel.<\/li>\n\n\n\n<li>Extra gro\u00dfes Fassungsverm\u00f6gen: 20L gro\u00dfe Kapazit\u00e4t Design, kann eine gro\u00dfe Menge von Lebensmitteln, geeignet f\u00fcr verschiedene Anl\u00e4sse, wie Bankette, Hochzeiten oder kommerzielle Veranstaltungen.<\/li>\n\n\n\n<li>Hochwertige Materialien: Hergestellt aus hochwertigem 201 Edelstahl und Glas, hat diese gro\u00dfe Chafing Dish eine gute Korrosionsbest\u00e4ndigkeit und Oxidationsbest\u00e4ndigkeit, so dass es nicht verformen oder rosten nach langem Gebrauch.<\/li>\n\n\n\n<li>Deckel zum Aufh\u00e4ngen: Das einzigartige Design des H\u00e4ngedeckels erleichtert den Zugang zu den Lebensmitteln und h\u00e4lt sie effektiv warm.<\/li>\n<\/ul>\n<\/div>\n<\/div>","protected":false},"excerpt":{"rendered":"<p>Gro\u00dfe Chafing Dish Dimension ITEM NO. GR\u00d6SSE L\u00c4NGE BREITE H\u00d6HE N.W \/SET DZW-GV200 20L 64 cm 56 cm 75 cm 9600 g DZW-SV200 20L 64 cm 56 cm 75 cm 9600 g Gro\u00dfer Chafing Dish Merkmale:<\/p>","protected":false},"author":3,"featured_media":4042,"parent":0,"menu_order":0,"template":"","format":"standard","meta":{"_acf_changed":false,"site-sidebar-layout":"default","site-content-layout":"","ast-site-content-layout":"default","site-content-style":"default","site-sidebar-style":"default","ast-global-header-display":"","ast-banner-title-visibility":"","ast-main-header-display":"","ast-hfb-above-header-display":"","ast-hfb-below-header-display":"","ast-hfb-mobile-header-display":"","site-post-title":"","ast-breadcrumbs-content":"","ast-featured-img":"","footer-sml-layout":"","theme-transparent-header-meta":"","adv-header-id-meta":"","stick-header-meta":"","header-above-stick-meta":"","header-main-stick-meta":"","header-below-stick-meta":"","astra-migrate-meta-layouts":"default","ast-page-background-enabled":"default","ast-page-background-meta":{"desktop":{"background-color":"var(--ast-global-color-4)","background-image":"","background-repeat":"repeat","background-position":"center center","background-size":"auto","background-attachment":"scroll","background-type":"","background-media":"","overlay-type":"","overlay-color":"","overlay-opacity":"","overlay-gradient":""},"tablet":{"background-color":"","background-image":"","background-repeat":"repeat","background-position":"center center","background-size":"auto","background-attachment":"scroll","background-type":"","background-media":"","overlay-type":"","overlay-color":"","overlay-opacity":"","overlay-gradient":""},"mobile":{"background-color":"","background-image":"","background-repeat":"repeat","background-position":"center center","background-size":"auto","background-attachment":"scroll","background-type":"","background-media":"","overlay-type":"","overlay-color":"","overlay-opacity":"","overlay-gradient":""}},"ast-content-background-meta":{"desktop":{"background-color":"var(--ast-global-color-5)","background-image":"","background-repeat":"repeat","background-position":"center center","background-size":"auto","background-attachment":"scroll","background-type":"","background-media":"","overlay-type":"","overlay-color":"","overlay-opacity":"","overlay-gradient":""},"tablet":{"background-color":"var(--ast-global-color-5)","background-image":"","background-repeat":"repeat","background-position":"center center","background-size":"auto","background-attachment":"scroll","background-type":"","background-media":"","overlay-type":"","overlay-color":"","overlay-opacity":"","overlay-gradient":""},"mobile":{"background-color":"var(--ast-global-color-5)","background-image":"","background-repeat":"repeat","background-position":"center center","background-size":"auto","background-attachment":"scroll","background-type":"","background-media":"","overlay-type":"","overlay-color":"","overlay-opacity":"","overlay-gradient":""}},"footnotes":""},"product-categories":[63],"product-tag":[95,97,90,91],"class_list":["post-4041","product","type-product","status-publish","format-standard","has-post-thumbnail","hentry","product-categories-chafing-dish","product-tag-chafing-dish-with-glass-lid","product-tag-chafing-dish-with-hanging-lid","product-tag-fuel-chafing-dish","product-tag-round-chafing-dish"],"acf":{"title":"Gro\u00dfhandel gro\u00dfe Chafing Dish 20L mit h\u00e4ngenden Deckel","title_source":{"label":"Title","type":"text","formatted_value":"Wholesale Large Chafing Dish 20L with Hanging Lid"},"short_description":"Welcome to customize and bulk buy all kinds of chafing dishes. This large chafing dish is ideal for your food service business. Its exquisite and luxurious design, 20L capacity, high-quality materials and convenient hanging lid design will provide your guests with an excellent dining experience.","short_description_source":{"label":"Short description","type":"textarea","formatted_value":"Welcome to customize and bulk buy all kinds of chafing dishes. This large chafing dish is ideal for your food service business. Its exquisite and luxurious design, 20L capacity, high-quality materials and convenient hanging lid design will provide your guests with an excellent dining experience."},"parameters":"<table border=\"0\" width=\"275\" cellspacing=\"0\" cellpadding=\"0\">\r\n<tbody>\r\n<tr>\r\n<td width=\"108\" height=\"17\">Manufacturer<\/td>\r\n<td width=\"167\">DONGZHAOWEI<\/td>\r\n<\/tr>\r\n<tr>\r\n<td height=\"17\">Material<\/td>\r\n<td>Stainless Steel 201 + Glass<\/td>\r\n<\/tr>\r\n<tr>\r\n<td height=\"17\">Capacity<\/td>\r\n<td>20L<\/td>\r\n<\/tr>\r\n<tr>\r\n<td height=\"17\">Color<\/td>\r\n<td>Golden\/ Silver<\/td>\r\n<\/tr>\r\n<tr>\r\n<td height=\"17\">Design<\/td>\r\n<td>Round Shape<\/td>\r\n<\/tr>\r\n<tr>\r\n<td height=\"17\">Tray<\/td>\r\n<td>No divided \/ Divided tray<\/td>\r\n<\/tr>\r\n<tr>\r\n<td height=\"17\">Lid type<\/td>\r\n<td>Hanging Lid<\/td>\r\n<\/tr>\r\n<tr>\r\n<td height=\"17\">Heat<\/td>\r\n<td>Fuel<\/td>\r\n<\/tr>\r\n<tr>\r\n<td height=\"17\">Custom<\/td>\r\n<td>Color\/Logo\/Package<\/td>\r\n<\/tr>\r\n<\/tbody>\r\n<\/table>","parameters_source":{"label":"Parameters","type":"wysiwyg","formatted_value":"<table border=\"0\" width=\"275\" cellspacing=\"0\" cellpadding=\"0\">\n<tbody>\n<tr>\n<td width=\"108\" height=\"17\">Manufacturer<\/td>\n<td width=\"167\">DONGZHAOWEI<\/td>\n<\/tr>\n<tr>\n<td height=\"17\">Material<\/td>\n<td>Stainless Steel 201 + Glass<\/td>\n<\/tr>\n<tr>\n<td height=\"17\">Capacity<\/td>\n<td>20L<\/td>\n<\/tr>\n<tr>\n<td height=\"17\">Color<\/td>\n<td>Golden\/ Silver<\/td>\n<\/tr>\n<tr>\n<td height=\"17\">Design<\/td>\n<td>Round Shape<\/td>\n<\/tr>\n<tr>\n<td height=\"17\">Tray<\/td>\n<td>No divided \/ Divided tray<\/td>\n<\/tr>\n<tr>\n<td height=\"17\">Lid type<\/td>\n<td>Hanging Lid<\/td>\n<\/tr>\n<tr>\n<td height=\"17\">Heat<\/td>\n<td>Fuel<\/td>\n<\/tr>\n<tr>\n<td height=\"17\">Custom<\/td>\n<td>Color\/Logo\/Package<\/td>\n<\/tr>\n<\/tbody>\n<\/table>\n"},"photo_gallery":{"product_gallery":[[{"id":4042,"title":"wholesale-buffet-food-pan-1","caption":"large-chafing-dish-wholesale-buffet-food-pan","full_image_url":"https:\/\/www.dzwchafingdish.com\/wp-content\/uploads\/2024\/04\/wholesale-buffet-food-pan-1.webp","thumbnail_image_url":"https:\/\/www.dzwchafingdish.com\/wp-content\/uploads\/2024\/04\/wholesale-buffet-food-pan-1-150x150.webp","large_srcset":"https:\/\/www.dzwchafingdish.com\/wp-content\/uploads\/2024\/04\/wholesale-buffet-food-pan-1.webp 800w, https:\/\/www.dzwchafingdish.com\/wp-content\/uploads\/2024\/04\/wholesale-buffet-food-pan-1-300x300.webp 300w, https:\/\/www.dzwchafingdish.com\/wp-content\/uploads\/2024\/04\/wholesale-buffet-food-pan-1-150x150.webp 150w, https:\/\/www.dzwchafingdish.com\/wp-content\/uploads\/2024\/04\/wholesale-buffet-food-pan-1-768x768.webp 768w","medium_srcset":"https:\/\/www.dzwchafingdish.com\/wp-content\/uploads\/2024\/04\/wholesale-buffet-food-pan-1-300x300.webp 300w, https:\/\/www.dzwchafingdish.com\/wp-content\/uploads\/2024\/04\/wholesale-buffet-food-pan-1-150x150.webp 150w, https:\/\/www.dzwchafingdish.com\/wp-content\/uploads\/2024\/04\/wholesale-buffet-food-pan-1-768x768.webp 768w, https:\/\/www.dzwchafingdish.com\/wp-content\/uploads\/2024\/04\/wholesale-buffet-food-pan-1.webp 800w","media_details":{"width":800,"height":800,"sizes":{"medium":{"file":"wholesale-buffet-food-pan-1-300x300.webp","width":300,"height":300,"mime-type":"image\/webp","filesize":12242,"source_url":"https:\/\/www.dzwchafingdish.com\/wp-content\/uploads\/2024\/04\/wholesale-buffet-food-pan-1-300x300.webp"},"thumbnail":{"file":"wholesale-buffet-food-pan-1-150x150.webp","width":150,"height":150,"mime-type":"image\/webp","filesize":4658,"source_url":"https:\/\/www.dzwchafingdish.com\/wp-content\/uploads\/2024\/04\/wholesale-buffet-food-pan-1-150x150.webp"},"medium_large":{"file":"wholesale-buffet-food-pan-1-768x768.webp","width":768,"height":768,"mime-type":"image\/webp","filesize":42972,"source_url":"https:\/\/www.dzwchafingdish.com\/wp-content\/uploads\/2024\/04\/wholesale-buffet-food-pan-1-768x768.webp"}}},"alt_text":"large-chafing-dish-wholesale-buffet-food-pan","url":"","target":""},{"id":4047,"title":"wholesale-buffet-food-pan-6","caption":"large-chafing-dish-wholesale-buffet-food-pan","full_image_url":"https:\/\/www.dzwchafingdish.com\/wp-content\/uploads\/2024\/04\/wholesale-buffet-food-pan-6.webp","thumbnail_image_url":"https:\/\/www.dzwchafingdish.com\/wp-content\/uploads\/2024\/04\/wholesale-buffet-food-pan-6-150x150.webp","large_srcset":"https:\/\/www.dzwchafingdish.com\/wp-content\/uploads\/2024\/04\/wholesale-buffet-food-pan-6.webp 800w, https:\/\/www.dzwchafingdish.com\/wp-content\/uploads\/2024\/04\/wholesale-buffet-food-pan-6-300x300.webp 300w, https:\/\/www.dzwchafingdish.com\/wp-content\/uploads\/2024\/04\/wholesale-buffet-food-pan-6-150x150.webp 150w, https:\/\/www.dzwchafingdish.com\/wp-content\/uploads\/2024\/04\/wholesale-buffet-food-pan-6-768x768.webp 768w","medium_srcset":"https:\/\/www.dzwchafingdish.com\/wp-content\/uploads\/2024\/04\/wholesale-buffet-food-pan-6-300x300.webp 300w, https:\/\/www.dzwchafingdish.com\/wp-content\/uploads\/2024\/04\/wholesale-buffet-food-pan-6-150x150.webp 150w, https:\/\/www.dzwchafingdish.com\/wp-content\/uploads\/2024\/04\/wholesale-buffet-food-pan-6-768x768.webp 768w, https:\/\/www.dzwchafingdish.com\/wp-content\/uploads\/2024\/04\/wholesale-buffet-food-pan-6.webp 800w","media_details":{"width":800,"height":800,"sizes":{"medium":{"file":"wholesale-buffet-food-pan-6-300x300.webp","width":300,"height":300,"mime-type":"image\/webp","filesize":10146,"source_url":"https:\/\/www.dzwchafingdish.com\/wp-content\/uploads\/2024\/04\/wholesale-buffet-food-pan-6-300x300.webp"},"thumbnail":{"file":"wholesale-buffet-food-pan-6-150x150.webp","width":150,"height":150,"mime-type":"image\/webp","filesize":3886,"source_url":"https:\/\/www.dzwchafingdish.com\/wp-content\/uploads\/2024\/04\/wholesale-buffet-food-pan-6-150x150.webp"},"medium_large":{"file":"wholesale-buffet-food-pan-6-768x768.webp","width":768,"height":768,"mime-type":"image\/webp","filesize":35600,"source_url":"https:\/\/www.dzwchafingdish.com\/wp-content\/uploads\/2024\/04\/wholesale-buffet-food-pan-6-768x768.webp"}}},"alt_text":"large-chafing-dish-wholesale-buffet-food-pan","url":"","target":""},{"id":4044,"title":"wholesale-buffet-food-pan-3","caption":"","full_image_url":"https:\/\/www.dzwchafingdish.com\/wp-content\/uploads\/2024\/04\/wholesale-buffet-food-pan-3.webp","thumbnail_image_url":"https:\/\/www.dzwchafingdish.com\/wp-content\/uploads\/2024\/04\/wholesale-buffet-food-pan-3-150x150.webp","large_srcset":"https:\/\/www.dzwchafingdish.com\/wp-content\/uploads\/2024\/04\/wholesale-buffet-food-pan-3.webp 800w, https:\/\/www.dzwchafingdish.com\/wp-content\/uploads\/2024\/04\/wholesale-buffet-food-pan-3-300x300.webp 300w, https:\/\/www.dzwchafingdish.com\/wp-content\/uploads\/2024\/04\/wholesale-buffet-food-pan-3-150x150.webp 150w, https:\/\/www.dzwchafingdish.com\/wp-content\/uploads\/2024\/04\/wholesale-buffet-food-pan-3-768x768.webp 768w","medium_srcset":"https:\/\/www.dzwchafingdish.com\/wp-content\/uploads\/2024\/04\/wholesale-buffet-food-pan-3-300x300.webp 300w, https:\/\/www.dzwchafingdish.com\/wp-content\/uploads\/2024\/04\/wholesale-buffet-food-pan-3-150x150.webp 150w, https:\/\/www.dzwchafingdish.com\/wp-content\/uploads\/2024\/04\/wholesale-buffet-food-pan-3-768x768.webp 768w, https:\/\/www.dzwchafingdish.com\/wp-content\/uploads\/2024\/04\/wholesale-buffet-food-pan-3.webp 800w","media_details":{"width":800,"height":800,"sizes":{"medium":{"file":"wholesale-buffet-food-pan-3-300x300.webp","width":300,"height":300,"mime-type":"image\/webp","filesize":10342,"source_url":"https:\/\/www.dzwchafingdish.com\/wp-content\/uploads\/2024\/04\/wholesale-buffet-food-pan-3-300x300.webp"},"thumbnail":{"file":"wholesale-buffet-food-pan-3-150x150.webp","width":150,"height":150,"mime-type":"image\/webp","filesize":3934,"source_url":"https:\/\/www.dzwchafingdish.com\/wp-content\/uploads\/2024\/04\/wholesale-buffet-food-pan-3-150x150.webp"},"medium_large":{"file":"wholesale-buffet-food-pan-3-768x768.webp","width":768,"height":768,"mime-type":"image\/webp","filesize":36856,"source_url":"https:\/\/www.dzwchafingdish.com\/wp-content\/uploads\/2024\/04\/wholesale-buffet-food-pan-3-768x768.webp"}}},"alt_text":"large-chafing-dish-wholesale-buffet-food-pan","url":"","target":""},{"id":4046,"title":"wholesale-buffet-food-pan-5","caption":"large-chafing-dish-wholesale-buffet-food-pan","full_image_url":"https:\/\/www.dzwchafingdish.com\/wp-content\/uploads\/2024\/04\/wholesale-buffet-food-pan-5.webp","thumbnail_image_url":"https:\/\/www.dzwchafingdish.com\/wp-content\/uploads\/2024\/04\/wholesale-buffet-food-pan-5-150x150.webp","large_srcset":"https:\/\/www.dzwchafingdish.com\/wp-content\/uploads\/2024\/04\/wholesale-buffet-food-pan-5.webp 800w, https:\/\/www.dzwchafingdish.com\/wp-content\/uploads\/2024\/04\/wholesale-buffet-food-pan-5-300x300.webp 300w, https:\/\/www.dzwchafingdish.com\/wp-content\/uploads\/2024\/04\/wholesale-buffet-food-pan-5-150x150.webp 150w, https:\/\/www.dzwchafingdish.com\/wp-content\/uploads\/2024\/04\/wholesale-buffet-food-pan-5-768x768.webp 768w","medium_srcset":"https:\/\/www.dzwchafingdish.com\/wp-content\/uploads\/2024\/04\/wholesale-buffet-food-pan-5-300x300.webp 300w, https:\/\/www.dzwchafingdish.com\/wp-content\/uploads\/2024\/04\/wholesale-buffet-food-pan-5-150x150.webp 150w, https:\/\/www.dzwchafingdish.com\/wp-content\/uploads\/2024\/04\/wholesale-buffet-food-pan-5-768x768.webp 768w, https:\/\/www.dzwchafingdish.com\/wp-content\/uploads\/2024\/04\/wholesale-buffet-food-pan-5.webp 800w","media_details":{"width":800,"height":800,"sizes":{"medium":{"file":"wholesale-buffet-food-pan-5-300x300.webp","width":300,"height":300,"mime-type":"image\/webp","filesize":8308,"source_url":"https:\/\/www.dzwchafingdish.com\/wp-content\/uploads\/2024\/04\/wholesale-buffet-food-pan-5-300x300.webp"},"thumbnail":{"file":"wholesale-buffet-food-pan-5-150x150.webp","width":150,"height":150,"mime-type":"image\/webp","filesize":3114,"source_url":"https:\/\/www.dzwchafingdish.com\/wp-content\/uploads\/2024\/04\/wholesale-buffet-food-pan-5-150x150.webp"},"medium_large":{"file":"wholesale-buffet-food-pan-5-768x768.webp","width":768,"height":768,"mime-type":"image\/webp","filesize":29990,"source_url":"https:\/\/www.dzwchafingdish.com\/wp-content\/uploads\/2024\/04\/wholesale-buffet-food-pan-5-768x768.webp"}}},"alt_text":"large-chafing-dish-wholesale-buffet-food-pan","url":"","target":""},{"id":4043,"title":"wholesale-buffet-food-pan-2","caption":"large-chafing-dish-wholesale-buffet-food-pan","full_image_url":"https:\/\/www.dzwchafingdish.com\/wp-content\/uploads\/2024\/04\/wholesale-buffet-food-pan-2.webp","thumbnail_image_url":"https:\/\/www.dzwchafingdish.com\/wp-content\/uploads\/2024\/04\/wholesale-buffet-food-pan-2-150x150.webp","large_srcset":"https:\/\/www.dzwchafingdish.com\/wp-content\/uploads\/2024\/04\/wholesale-buffet-food-pan-2.webp 800w, https:\/\/www.dzwchafingdish.com\/wp-content\/uploads\/2024\/04\/wholesale-buffet-food-pan-2-300x300.webp 300w, https:\/\/www.dzwchafingdish.com\/wp-content\/uploads\/2024\/04\/wholesale-buffet-food-pan-2-150x150.webp 150w, https:\/\/www.dzwchafingdish.com\/wp-content\/uploads\/2024\/04\/wholesale-buffet-food-pan-2-768x768.webp 768w","medium_srcset":"https:\/\/www.dzwchafingdish.com\/wp-content\/uploads\/2024\/04\/wholesale-buffet-food-pan-2-300x300.webp 300w, https:\/\/www.dzwchafingdish.com\/wp-content\/uploads\/2024\/04\/wholesale-buffet-food-pan-2-150x150.webp 150w, https:\/\/www.dzwchafingdish.com\/wp-content\/uploads\/2024\/04\/wholesale-buffet-food-pan-2-768x768.webp 768w, https:\/\/www.dzwchafingdish.com\/wp-content\/uploads\/2024\/04\/wholesale-buffet-food-pan-2.webp 800w","media_details":{"width":800,"height":800,"sizes":{"medium":{"file":"wholesale-buffet-food-pan-2-300x300.webp","width":300,"height":300,"mime-type":"image\/webp","filesize":9174,"source_url":"https:\/\/www.dzwchafingdish.com\/wp-content\/uploads\/2024\/04\/wholesale-buffet-food-pan-2-300x300.webp"},"thumbnail":{"file":"wholesale-buffet-food-pan-2-150x150.webp","width":150,"height":150,"mime-type":"image\/webp","filesize":3382,"source_url":"https:\/\/www.dzwchafingdish.com\/wp-content\/uploads\/2024\/04\/wholesale-buffet-food-pan-2-150x150.webp"},"medium_large":{"file":"wholesale-buffet-food-pan-2-768x768.webp","width":768,"height":768,"mime-type":"image\/webp","filesize":32146,"source_url":"https:\/\/www.dzwchafingdish.com\/wp-content\/uploads\/2024\/04\/wholesale-buffet-food-pan-2-768x768.webp"}}},"alt_text":"large-chafing-dish-wholesale-buffet-food-pan","url":"","target":""},{"id":4045,"title":"wholesale-buffet-food-pan-4","caption":"large-chafing-dish-wholesale-buffet-food-pan","full_image_url":"https:\/\/www.dzwchafingdish.com\/wp-content\/uploads\/2024\/04\/wholesale-buffet-food-pan-4.webp","thumbnail_image_url":"https:\/\/www.dzwchafingdish.com\/wp-content\/uploads\/2024\/04\/wholesale-buffet-food-pan-4-150x150.webp","large_srcset":"https:\/\/www.dzwchafingdish.com\/wp-content\/uploads\/2024\/04\/wholesale-buffet-food-pan-4.webp 800w, https:\/\/www.dzwchafingdish.com\/wp-content\/uploads\/2024\/04\/wholesale-buffet-food-pan-4-300x300.webp 300w, https:\/\/www.dzwchafingdish.com\/wp-content\/uploads\/2024\/04\/wholesale-buffet-food-pan-4-150x150.webp 150w, https:\/\/www.dzwchafingdish.com\/wp-content\/uploads\/2024\/04\/wholesale-buffet-food-pan-4-768x768.webp 768w","medium_srcset":"https:\/\/www.dzwchafingdish.com\/wp-content\/uploads\/2024\/04\/wholesale-buffet-food-pan-4-300x300.webp 300w, https:\/\/www.dzwchafingdish.com\/wp-content\/uploads\/2024\/04\/wholesale-buffet-food-pan-4-150x150.webp 150w, https:\/\/www.dzwchafingdish.com\/wp-content\/uploads\/2024\/04\/wholesale-buffet-food-pan-4-768x768.webp 768w, https:\/\/www.dzwchafingdish.com\/wp-content\/uploads\/2024\/04\/wholesale-buffet-food-pan-4.webp 800w","media_details":{"width":800,"height":800,"sizes":{"medium":{"file":"wholesale-buffet-food-pan-4-300x300.webp","width":300,"height":300,"mime-type":"image\/webp","filesize":7068,"source_url":"https:\/\/www.dzwchafingdish.com\/wp-content\/uploads\/2024\/04\/wholesale-buffet-food-pan-4-300x300.webp"},"thumbnail":{"file":"wholesale-buffet-food-pan-4-150x150.webp","width":150,"height":150,"mime-type":"image\/webp","filesize":2640,"source_url":"https:\/\/www.dzwchafingdish.com\/wp-content\/uploads\/2024\/04\/wholesale-buffet-food-pan-4-150x150.webp"},"medium_large":{"file":"wholesale-buffet-food-pan-4-768x768.webp","width":768,"height":768,"mime-type":"image\/webp","filesize":25578,"source_url":"https:\/\/www.dzwchafingdish.com\/wp-content\/uploads\/2024\/04\/wholesale-buffet-food-pan-4-768x768.webp"}}},"alt_text":"large-chafing-dish-wholesale-buffet-food-pan","url":"","target":""}]]}},"_links":{"self":[{"href":"https:\/\/www.dzwchafingdish.com\/de\/wp-json\/wp\/v2\/product\/4041","targetHints":{"allow":["GET"]}}],"collection":[{"href":"https:\/\/www.dzwchafingdish.com\/de\/wp-json\/wp\/v2\/product"}],"about":[{"href":"https:\/\/www.dzwchafingdish.com\/de\/wp-json\/wp\/v2\/types\/product"}],"author":[{"embeddable":true,"href":"https:\/\/www.dzwchafingdish.com\/de\/wp-json\/wp\/v2\/users\/3"}],"version-history":[{"count":0,"href":"https:\/\/www.dzwchafingdish.com\/de\/wp-json\/wp\/v2\/product\/4041\/revisions"}],"wp:featuredmedia":[{"embeddable":true,"href":"https:\/\/www.dzwchafingdish.com\/de\/wp-json\/wp\/v2\/media\/4042"}],"wp:attachment":[{"href":"https:\/\/www.dzwchafingdish.com\/de\/wp-json\/wp\/v2\/media?parent=4041"}],"wp:term":[{"taxonomy":"product-categories","embeddable":true,"href":"https:\/\/www.dzwchafingdish.com\/de\/wp-json\/wp\/v2\/product-categories?post=4041"},{"taxonomy":"product-tag","embeddable":true,"href":"https:\/\/www.dzwchafingdish.com\/de\/wp-json\/wp\/v2\/product-tag?post=4041"}],"curies":[{"name":"wp","href":"https:\/\/api.w.org\/{rel}","templated":true}]}}