{"id":4853,"date":"2024-12-22T07:34:54","date_gmt":"2024-12-22T07:34:54","guid":{"rendered":"https:\/\/www.dzwchafingdish.com\/?post_type=product&#038;p=4853"},"modified":"2024-12-22T07:34:56","modified_gmt":"2024-12-22T07:34:56","slug":"custom-modern-drink-dispenser","status":"publish","type":"product","link":"https:\/\/www.dzwchafingdish.com\/de\/product\/custom-modern-drink-dispenser\/","title":{"rendered":"Custom Modern Drink Dispenser Schwarz Wei\u00df Marmor Textur Mode Design"},"content":{"rendered":"<div class=\"wp-block-columns is-layout-flex wp-container-core-columns-is-layout-28f84493 wp-block-columns-is-layout-flex\">\n<div class=\"wp-block-column is-layout-flow wp-block-column-is-layout-flow\">\n<h2 class=\"wp-block-heading\">Moderner Getr\u00e4nkespender Dimension:<\/h2>\n\n\n\n<figure class=\"wp-block-table\"><table class=\"has-fixed-layout\"><tbody><tr><td>ARTIKEL NR.<\/td><td>GR\u00d6SSE<\/td><td>LENGTH<\/td><td>WIDE<\/td><td>H\u00d6HE<\/td><td>N.W \/SET<\/td><\/tr><tr><td>DZW-JM080<\/td><td>8L<\/td><td>26 cm<\/td><td>35 cm<\/td><td>58 cm<\/td><td>2300 g<\/td><\/tr><tr><td>DZW-JB160<\/td><td>16L<\/td><td>52 cm<\/td><td>35 cm<\/td><td>58 cm<\/td><td>4800 g<\/td><\/tr><tr><td>DZW-JB240<\/td><td>24L<\/td><td>78 cm<\/td><td>35 cm<\/td><td>58 cm<\/td><td>7100 g<\/td><\/tr><\/tbody><\/table><\/figure>\n<\/div>\n\n\n\n<div class=\"wp-block-column is-layout-flow wp-block-column-is-layout-flow\">\n<div class=\"wp-block-columns is-layout-flex wp-container-core-columns-is-layout-28f84493 wp-block-columns-is-layout-flex\">\n<div class=\"wp-block-column is-layout-flow wp-block-column-is-layout-flow\">\n<figure class=\"wp-block-image size-full\"><img fetchpriority=\"high\" decoding=\"async\" width=\"800\" height=\"800\" src=\"https:\/\/www.dzwchafingdish.com\/wp-content\/uploads\/2024\/12\/modern-drink-dispenser-wholesale-5.webp\" alt=\"moderne Getr\u00e4nkespender im Gro\u00dfhandel\" class=\"wp-image-4858\" srcset=\"https:\/\/www.dzwchafingdish.com\/wp-content\/uploads\/2024\/12\/modern-drink-dispenser-wholesale-5.webp 800w, https:\/\/www.dzwchafingdish.com\/wp-content\/uploads\/2024\/12\/modern-drink-dispenser-wholesale-5-300x300.webp 300w, https:\/\/www.dzwchafingdish.com\/wp-content\/uploads\/2024\/12\/modern-drink-dispenser-wholesale-5-150x150.webp 150w, https:\/\/www.dzwchafingdish.com\/wp-content\/uploads\/2024\/12\/modern-drink-dispenser-wholesale-5-768x768.webp 768w, https:\/\/www.dzwchafingdish.com\/wp-content\/uploads\/2024\/12\/modern-drink-dispenser-wholesale-5-12x12.webp 12w\" sizes=\"(max-width: 800px) 100vw, 800px\" \/><\/figure>\n<\/div>\n\n\n\n<div class=\"wp-block-column is-layout-flow wp-block-column-is-layout-flow\">\n<figure class=\"wp-block-image size-full\"><img decoding=\"async\" width=\"800\" height=\"800\" src=\"https:\/\/www.dzwchafingdish.com\/wp-content\/uploads\/2024\/12\/modern-drink-dispenser-wholesale-2.webp\" alt=\"moderne Getr\u00e4nkespender im Gro\u00dfhandel\" class=\"wp-image-4855\" srcset=\"https:\/\/www.dzwchafingdish.com\/wp-content\/uploads\/2024\/12\/modern-drink-dispenser-wholesale-2.webp 800w, https:\/\/www.dzwchafingdish.com\/wp-content\/uploads\/2024\/12\/modern-drink-dispenser-wholesale-2-300x300.webp 300w, https:\/\/www.dzwchafingdish.com\/wp-content\/uploads\/2024\/12\/modern-drink-dispenser-wholesale-2-150x150.webp 150w, https:\/\/www.dzwchafingdish.com\/wp-content\/uploads\/2024\/12\/modern-drink-dispenser-wholesale-2-768x768.webp 768w, https:\/\/www.dzwchafingdish.com\/wp-content\/uploads\/2024\/12\/modern-drink-dispenser-wholesale-2-12x12.webp 12w\" sizes=\"(max-width: 800px) 100vw, 800px\" \/><\/figure>\n<\/div>\n<\/div>\n<\/div>\n<\/div>\n\n\n\n<div class=\"wp-block-columns is-layout-flex wp-container-core-columns-is-layout-28f84493 wp-block-columns-is-layout-flex\">\n<div class=\"wp-block-column is-layout-flow wp-block-column-is-layout-flow\">\n<figure class=\"wp-block-image aligncenter size-full is-resized\"><img decoding=\"async\" width=\"800\" height=\"800\" src=\"https:\/\/www.dzwchafingdish.com\/wp-content\/uploads\/2024\/12\/modern-drink-dispenser-wholesale-3-1.webp\" alt=\"\" class=\"wp-image-4861\" style=\"width:420px;height:auto\" srcset=\"https:\/\/www.dzwchafingdish.com\/wp-content\/uploads\/2024\/12\/modern-drink-dispenser-wholesale-3-1.webp 800w, https:\/\/www.dzwchafingdish.com\/wp-content\/uploads\/2024\/12\/modern-drink-dispenser-wholesale-3-1-300x300.webp 300w, https:\/\/www.dzwchafingdish.com\/wp-content\/uploads\/2024\/12\/modern-drink-dispenser-wholesale-3-1-150x150.webp 150w, https:\/\/www.dzwchafingdish.com\/wp-content\/uploads\/2024\/12\/modern-drink-dispenser-wholesale-3-1-768x768.webp 768w, https:\/\/www.dzwchafingdish.com\/wp-content\/uploads\/2024\/12\/modern-drink-dispenser-wholesale-3-1-12x12.webp 12w\" sizes=\"(max-width: 800px) 100vw, 800px\" \/><\/figure>\n<\/div>\n\n\n\n<div class=\"wp-block-column is-layout-flow wp-block-column-is-layout-flow\">\n<h2 class=\"wp-block-heading\">Moderne Getr\u00e4nkespender Merkmale\uff1a<\/h2>\n\n\n\n<p><strong>Modernes und innovatives Design: <\/strong>schwarz und wei\u00df Marmor Textur Design, mit Wasser-Transfer-Technologie, das Muster ist exquisit und langlebig, sehr geeignet f\u00fcr verschiedene Party-Anl\u00e4sse.<\/p>\n\n\n\n<p><strong>Hochwertige Materialien aus Edelstahl und Kunststoff: <\/strong>Struktur aus verdicktem rostfreiem Stahl, verschlei\u00dffest und leicht zu reinigen. Der Fassk\u00f6rper ist aus transparentem verdicktem pp-Material hergestellt, das sch\u00f6n ist und eine gewisse Hitzebest\u00e4ndigkeit hat<\/p>\n\n\n\n<p><strong>Konstruktion des Sockels mit Leckage\u00f6ffnung: <\/strong>Bequemes Abstellen der Tassen, kein Wasseransammeln, der Tisch bleibt sauber und die Benutzererfahrung wird verbessert<\/p>\n\n\n\n<p><strong>Mit Wasserhahn und Eiskern: <\/strong>Der Wasserhahn ist leicht zu bedienen, und der innere Kern aus rostfreiem Stahl hat eine gute W\u00e4rmehaltung, die das Getr\u00e4nk kalt oder hei\u00df halten kann.<\/p>\n\n\n\n<p><strong>Anpassungsm\u00f6glichkeiten: <\/strong>Farbe und Fassungsverm\u00f6gen k\u00f6nnen an die pers\u00f6nlichen Bed\u00fcrfnisse angepasst werden.<\/p>\n<\/div>\n<\/div>\n\n\n\n<p><\/p>","protected":false},"excerpt":{"rendered":"<p>Moderner Getr\u00e4nkespender Dimension: ITEM NO. GR\u00d6SSE L\u00c4NGE BREITE H\u00d6HE N.B. \/SET DZW-JM080 8L 26 cm 35 cm 58 cm 2300 g DZW-JB160 16L 52 cm 35 cm 58 cm 4800 g DZW-JB240 24L 78 cm 35 cm 58 cm 7100 g Moderne Getr\u00e4nkespender Merkmale\uff1a Modernes und innovatives Design: schwarze und wei\u00dfe Marmorstruktur [...]<\/p>","protected":false},"author":2,"featured_media":4857,"parent":0,"menu_order":0,"template":"","format":"standard","meta":{"_acf_changed":false,"site-sidebar-layout":"default","site-content-layout":"","ast-site-content-layout":"","site-content-style":"default","site-sidebar-style":"default","ast-global-header-display":"","ast-banner-title-visibility":"","ast-main-header-display":"","ast-hfb-above-header-display":"","ast-hfb-below-header-display":"","ast-hfb-mobile-header-display":"","site-post-title":"","ast-breadcrumbs-content":"","ast-featured-img":"","footer-sml-layout":"","theme-transparent-header-meta":"","adv-header-id-meta":"","stick-header-meta":"","header-above-stick-meta":"","header-main-stick-meta":"","header-below-stick-meta":"","astra-migrate-meta-layouts":"default","ast-page-background-enabled":"default","ast-page-background-meta":{"desktop":{"background-color":"var(--ast-global-color-4)","background-image":"","background-repeat":"repeat","background-position":"center center","background-size":"auto","background-attachment":"scroll","background-type":"","background-media":"","overlay-type":"","overlay-color":"","overlay-opacity":"","overlay-gradient":""},"tablet":{"background-color":"","background-image":"","background-repeat":"repeat","background-position":"center center","background-size":"auto","background-attachment":"scroll","background-type":"","background-media":"","overlay-type":"","overlay-color":"","overlay-opacity":"","overlay-gradient":""},"mobile":{"background-color":"","background-image":"","background-repeat":"repeat","background-position":"center center","background-size":"auto","background-attachment":"scroll","background-type":"","background-media":"","overlay-type":"","overlay-color":"","overlay-opacity":"","overlay-gradient":""}},"ast-content-background-meta":{"desktop":{"background-color":"var(--ast-global-color-5)","background-image":"","background-repeat":"repeat","background-position":"center center","background-size":"auto","background-attachment":"scroll","background-type":"","background-media":"","overlay-type":"","overlay-color":"","overlay-opacity":"","overlay-gradient":""},"tablet":{"background-color":"var(--ast-global-color-5)","background-image":"","background-repeat":"repeat","background-position":"center center","background-size":"auto","background-attachment":"scroll","background-type":"","background-media":"","overlay-type":"","overlay-color":"","overlay-opacity":"","overlay-gradient":""},"mobile":{"background-color":"var(--ast-global-color-5)","background-image":"","background-repeat":"repeat","background-position":"center center","background-size":"auto","background-attachment":"scroll","background-type":"","background-media":"","overlay-type":"","overlay-color":"","overlay-opacity":"","overlay-gradient":""}},"footnotes":""},"product-categories":[64],"product-tag":[],"class_list":["post-4853","product","type-product","status-publish","format-standard","has-post-thumbnail","hentry","product-categories-drink-dispenser"],"acf":{"title":"Custom Modern Drink Dispenser Schwarz Wei\u00df Marmor Textur Mode Design","title_source":{"label":"Title","type":"text","formatted_value":"Custom Modern Drink Dispenser Black White Marble Texture Fashion Design"},"short_description":"Innovative design, modern drink dispenser with marble pattern, stylish and elegant, suitable for wedding parties and other events. Support customized logo, packaging color, etc. For more factory price custom wholesale beverage dispenser solutions, please contact us for details!","short_description_source":{"label":"Short description","type":"textarea","formatted_value":"Innovative design, modern drink dispenser with marble pattern, stylish and elegant, suitable for wedding parties and other events. Support customized logo, packaging color, etc. For more factory price custom wholesale beverage dispenser solutions, please contact us for details!"},"parameters":"<table border=\"0\" width=\"423\" cellspacing=\"0\" cellpadding=\"0\">\r\n<tbody>\r\n<tr>\r\n<td width=\"166\" height=\"23\">Manufacturer<\/td>\r\n<td width=\"257\">DONGZHAOWEI<\/td>\r\n<\/tr>\r\n<tr>\r\n<td height=\"23\">Material<\/td>\r\n<td>Stainless Steel 201 and Plastic<\/td>\r\n<\/tr>\r\n<tr>\r\n<td height=\"23\">Capacity<\/td>\r\n<td>8L\/ 16L\/ 24L<\/td>\r\n<\/tr>\r\n<tr>\r\n<td height=\"24\">ColorBlack<\/td>\r\n<td>Black \/ White<\/td>\r\n<\/tr>\r\n<tr>\r\n<td height=\"24\">Design<\/td>\r\n<td>With stand, spigot and ice core<\/td>\r\n<\/tr>\r\n<tr>\r\n<td height=\"24\">Shape<\/td>\r\n<td>Barrel Shape<\/td>\r\n<\/tr>\r\n<tr>\r\n<td height=\"24\">Custom<\/td>\r\n<td>Color\/Logo\/Package<\/td>\r\n<\/tr>\r\n<\/tbody>\r\n<\/table>","parameters_source":{"label":"Parameters","type":"wysiwyg","formatted_value":"<table border=\"0\" width=\"423\" cellspacing=\"0\" cellpadding=\"0\">\n<tbody>\n<tr>\n<td width=\"166\" height=\"23\">Manufacturer<\/td>\n<td width=\"257\">DONGZHAOWEI<\/td>\n<\/tr>\n<tr>\n<td height=\"23\">Material<\/td>\n<td>Stainless Steel 201 and Plastic<\/td>\n<\/tr>\n<tr>\n<td height=\"23\">Capacity<\/td>\n<td>8L\/ 16L\/ 24L<\/td>\n<\/tr>\n<tr>\n<td height=\"24\">ColorBlack<\/td>\n<td>Black \/ White<\/td>\n<\/tr>\n<tr>\n<td height=\"24\">Design<\/td>\n<td>With stand, spigot and ice core<\/td>\n<\/tr>\n<tr>\n<td height=\"24\">Shape<\/td>\n<td>Barrel Shape<\/td>\n<\/tr>\n<tr>\n<td height=\"24\">Custom<\/td>\n<td>Color\/Logo\/Package<\/td>\n<\/tr>\n<\/tbody>\n<\/table>\n"},"photo_gallery":{"product_gallery":[[{"id":4857,"title":"modern drink dispenser wholesale (4)","caption":"modern drink dispenser wholesale","full_image_url":"https:\/\/www.dzwchafingdish.com\/wp-content\/uploads\/2024\/12\/modern-drink-dispenser-wholesale-4.webp","thumbnail_image_url":"https:\/\/www.dzwchafingdish.com\/wp-content\/uploads\/2024\/12\/modern-drink-dispenser-wholesale-4-150x150.webp","large_srcset":"https:\/\/www.dzwchafingdish.com\/wp-content\/uploads\/2024\/12\/modern-drink-dispenser-wholesale-4.webp 800w, https:\/\/www.dzwchafingdish.com\/wp-content\/uploads\/2024\/12\/modern-drink-dispenser-wholesale-4-300x300.webp 300w, https:\/\/www.dzwchafingdish.com\/wp-content\/uploads\/2024\/12\/modern-drink-dispenser-wholesale-4-150x150.webp 150w, https:\/\/www.dzwchafingdish.com\/wp-content\/uploads\/2024\/12\/modern-drink-dispenser-wholesale-4-768x768.webp 768w, https:\/\/www.dzwchafingdish.com\/wp-content\/uploads\/2024\/12\/modern-drink-dispenser-wholesale-4-12x12.webp 12w","medium_srcset":"https:\/\/www.dzwchafingdish.com\/wp-content\/uploads\/2024\/12\/modern-drink-dispenser-wholesale-4-300x300.webp 300w, https:\/\/www.dzwchafingdish.com\/wp-content\/uploads\/2024\/12\/modern-drink-dispenser-wholesale-4-150x150.webp 150w, https:\/\/www.dzwchafingdish.com\/wp-content\/uploads\/2024\/12\/modern-drink-dispenser-wholesale-4-768x768.webp 768w, https:\/\/www.dzwchafingdish.com\/wp-content\/uploads\/2024\/12\/modern-drink-dispenser-wholesale-4-12x12.webp 12w, https:\/\/www.dzwchafingdish.com\/wp-content\/uploads\/2024\/12\/modern-drink-dispenser-wholesale-4.webp 800w","media_details":{"width":800,"height":800,"sizes":{"medium":{"file":"modern-drink-dispenser-wholesale-4-300x300.webp","width":300,"height":300,"mime-type":"image\/webp","filesize":7064,"source_url":"https:\/\/www.dzwchafingdish.com\/wp-content\/uploads\/2024\/12\/modern-drink-dispenser-wholesale-4-300x300.webp"},"thumbnail":{"file":"modern-drink-dispenser-wholesale-4-150x150.webp","width":150,"height":150,"mime-type":"image\/webp","filesize":2538,"source_url":"https:\/\/www.dzwchafingdish.com\/wp-content\/uploads\/2024\/12\/modern-drink-dispenser-wholesale-4-150x150.webp"},"medium_large":{"file":"modern-drink-dispenser-wholesale-4-768x768.webp","width":768,"height":768,"mime-type":"image\/webp","filesize":24650,"source_url":"https:\/\/www.dzwchafingdish.com\/wp-content\/uploads\/2024\/12\/modern-drink-dispenser-wholesale-4-768x768.webp"},"trp-custom-language-flag":{"file":"modern-drink-dispenser-wholesale-4-12x12.webp","width":12,"height":12,"mime-type":"image\/webp","filesize":106,"source_url":"https:\/\/www.dzwchafingdish.com\/wp-content\/uploads\/2024\/12\/modern-drink-dispenser-wholesale-4-12x12.webp"}}},"alt_text":"modern drink dispenser wholesale","url":"","target":""},{"id":4859,"title":"modern drink dispenser wholesale (6)","caption":"modern drink dispenser wholesale","full_image_url":"https:\/\/www.dzwchafingdish.com\/wp-content\/uploads\/2024\/12\/modern-drink-dispenser-wholesale-6.webp","thumbnail_image_url":"https:\/\/www.dzwchafingdish.com\/wp-content\/uploads\/2024\/12\/modern-drink-dispenser-wholesale-6-150x150.webp","large_srcset":"https:\/\/www.dzwchafingdish.com\/wp-content\/uploads\/2024\/12\/modern-drink-dispenser-wholesale-6.webp 800w, https:\/\/www.dzwchafingdish.com\/wp-content\/uploads\/2024\/12\/modern-drink-dispenser-wholesale-6-300x300.webp 300w, https:\/\/www.dzwchafingdish.com\/wp-content\/uploads\/2024\/12\/modern-drink-dispenser-wholesale-6-150x150.webp 150w, https:\/\/www.dzwchafingdish.com\/wp-content\/uploads\/2024\/12\/modern-drink-dispenser-wholesale-6-768x768.webp 768w, https:\/\/www.dzwchafingdish.com\/wp-content\/uploads\/2024\/12\/modern-drink-dispenser-wholesale-6-12x12.webp 12w","medium_srcset":"https:\/\/www.dzwchafingdish.com\/wp-content\/uploads\/2024\/12\/modern-drink-dispenser-wholesale-6-300x300.webp 300w, https:\/\/www.dzwchafingdish.com\/wp-content\/uploads\/2024\/12\/modern-drink-dispenser-wholesale-6-150x150.webp 150w, https:\/\/www.dzwchafingdish.com\/wp-content\/uploads\/2024\/12\/modern-drink-dispenser-wholesale-6-768x768.webp 768w, https:\/\/www.dzwchafingdish.com\/wp-content\/uploads\/2024\/12\/modern-drink-dispenser-wholesale-6-12x12.webp 12w, https:\/\/www.dzwchafingdish.com\/wp-content\/uploads\/2024\/12\/modern-drink-dispenser-wholesale-6.webp 800w","media_details":{"width":800,"height":800,"sizes":{"medium":{"file":"modern-drink-dispenser-wholesale-6-300x300.webp","width":300,"height":300,"mime-type":"image\/webp","filesize":4590,"source_url":"https:\/\/www.dzwchafingdish.com\/wp-content\/uploads\/2024\/12\/modern-drink-dispenser-wholesale-6-300x300.webp"},"thumbnail":{"file":"modern-drink-dispenser-wholesale-6-150x150.webp","width":150,"height":150,"mime-type":"image\/webp","filesize":1592,"source_url":"https:\/\/www.dzwchafingdish.com\/wp-content\/uploads\/2024\/12\/modern-drink-dispenser-wholesale-6-150x150.webp"},"medium_large":{"file":"modern-drink-dispenser-wholesale-6-768x768.webp","width":768,"height":768,"mime-type":"image\/webp","filesize":17034,"source_url":"https:\/\/www.dzwchafingdish.com\/wp-content\/uploads\/2024\/12\/modern-drink-dispenser-wholesale-6-768x768.webp"},"trp-custom-language-flag":{"file":"modern-drink-dispenser-wholesale-6-12x12.webp","width":12,"height":12,"mime-type":"image\/webp","filesize":82,"source_url":"https:\/\/www.dzwchafingdish.com\/wp-content\/uploads\/2024\/12\/modern-drink-dispenser-wholesale-6-12x12.webp"}}},"alt_text":"modern drink dispenser wholesale","url":"","target":""},{"id":4856,"title":"modern drink dispenser wholesale (3)","caption":"modern drink dispenser wholesale","full_image_url":"https:\/\/www.dzwchafingdish.com\/wp-content\/uploads\/2024\/12\/modern-drink-dispenser-wholesale-3.webp","thumbnail_image_url":"https:\/\/www.dzwchafingdish.com\/wp-content\/uploads\/2024\/12\/modern-drink-dispenser-wholesale-3-150x150.webp","large_srcset":"https:\/\/www.dzwchafingdish.com\/wp-content\/uploads\/2024\/12\/modern-drink-dispenser-wholesale-3.webp 800w, https:\/\/www.dzwchafingdish.com\/wp-content\/uploads\/2024\/12\/modern-drink-dispenser-wholesale-3-300x300.webp 300w, https:\/\/www.dzwchafingdish.com\/wp-content\/uploads\/2024\/12\/modern-drink-dispenser-wholesale-3-150x150.webp 150w, https:\/\/www.dzwchafingdish.com\/wp-content\/uploads\/2024\/12\/modern-drink-dispenser-wholesale-3-768x768.webp 768w, https:\/\/www.dzwchafingdish.com\/wp-content\/uploads\/2024\/12\/modern-drink-dispenser-wholesale-3-12x12.webp 12w","medium_srcset":"https:\/\/www.dzwchafingdish.com\/wp-content\/uploads\/2024\/12\/modern-drink-dispenser-wholesale-3-300x300.webp 300w, https:\/\/www.dzwchafingdish.com\/wp-content\/uploads\/2024\/12\/modern-drink-dispenser-wholesale-3-150x150.webp 150w, https:\/\/www.dzwchafingdish.com\/wp-content\/uploads\/2024\/12\/modern-drink-dispenser-wholesale-3-768x768.webp 768w, https:\/\/www.dzwchafingdish.com\/wp-content\/uploads\/2024\/12\/modern-drink-dispenser-wholesale-3-12x12.webp 12w, https:\/\/www.dzwchafingdish.com\/wp-content\/uploads\/2024\/12\/modern-drink-dispenser-wholesale-3.webp 800w","media_details":{"width":800,"height":800,"sizes":{"medium":{"file":"modern-drink-dispenser-wholesale-3-300x300.webp","width":300,"height":300,"mime-type":"image\/webp","filesize":6968,"source_url":"https:\/\/www.dzwchafingdish.com\/wp-content\/uploads\/2024\/12\/modern-drink-dispenser-wholesale-3-300x300.webp"},"thumbnail":{"file":"modern-drink-dispenser-wholesale-3-150x150.webp","width":150,"height":150,"mime-type":"image\/webp","filesize":2462,"source_url":"https:\/\/www.dzwchafingdish.com\/wp-content\/uploads\/2024\/12\/modern-drink-dispenser-wholesale-3-150x150.webp"},"medium_large":{"file":"modern-drink-dispenser-wholesale-3-768x768.webp","width":768,"height":768,"mime-type":"image\/webp","filesize":25160,"source_url":"https:\/\/www.dzwchafingdish.com\/wp-content\/uploads\/2024\/12\/modern-drink-dispenser-wholesale-3-768x768.webp"},"trp-custom-language-flag":{"file":"modern-drink-dispenser-wholesale-3-12x12.webp","width":12,"height":12,"mime-type":"image\/webp","filesize":126,"source_url":"https:\/\/www.dzwchafingdish.com\/wp-content\/uploads\/2024\/12\/modern-drink-dispenser-wholesale-3-12x12.webp"}}},"alt_text":"modern drink dispenser wholesale","url":"","target":""}]]}},"_links":{"self":[{"href":"https:\/\/www.dzwchafingdish.com\/de\/wp-json\/wp\/v2\/product\/4853","targetHints":{"allow":["GET"]}}],"collection":[{"href":"https:\/\/www.dzwchafingdish.com\/de\/wp-json\/wp\/v2\/product"}],"about":[{"href":"https:\/\/www.dzwchafingdish.com\/de\/wp-json\/wp\/v2\/types\/product"}],"author":[{"embeddable":true,"href":"https:\/\/www.dzwchafingdish.com\/de\/wp-json\/wp\/v2\/users\/2"}],"version-history":[{"count":0,"href":"https:\/\/www.dzwchafingdish.com\/de\/wp-json\/wp\/v2\/product\/4853\/revisions"}],"wp:featuredmedia":[{"embeddable":true,"href":"https:\/\/www.dzwchafingdish.com\/de\/wp-json\/wp\/v2\/media\/4857"}],"wp:attachment":[{"href":"https:\/\/www.dzwchafingdish.com\/de\/wp-json\/wp\/v2\/media?parent=4853"}],"wp:term":[{"taxonomy":"product-categories","embeddable":true,"href":"https:\/\/www.dzwchafingdish.com\/de\/wp-json\/wp\/v2\/product-categories?post=4853"},{"taxonomy":"product-tag","embeddable":true,"href":"https:\/\/www.dzwchafingdish.com\/de\/wp-json\/wp\/v2\/product-tag?post=4853"}],"curies":[{"name":"wp","href":"https:\/\/api.w.org\/{rel}","templated":true}]}}