{"id":4894,"date":"2024-12-22T08:40:19","date_gmt":"2024-12-22T08:40:19","guid":{"rendered":"https:\/\/www.dzwchafingdish.com\/?post_type=product&#038;p=4894"},"modified":"2024-12-22T08:40:20","modified_gmt":"2024-12-22T08:40:20","slug":"wholesale-buffet-serving-set","status":"publish","type":"product","link":"https:\/\/www.dzwchafingdish.com\/de\/product\/wholesale-buffet-serving-set\/","title":{"rendered":"Fabrik Gro\u00dfhandel Buffet servieren Set Gold Edelstahl mit Deckel"},"content":{"rendered":"<div class=\"wp-block-columns is-layout-flex wp-container-core-columns-is-layout-28f84493 wp-block-columns-is-layout-flex\">\n<div class=\"wp-block-column is-layout-flow wp-block-column-is-layout-flow\">\n<h2 class=\"wp-block-heading\">Buffet Servier-Set Dimension:<\/h2>\n\n\n\n<figure class=\"wp-block-table\"><table class=\"has-fixed-layout\"><tbody><tr><td>ARTIKEL NR.<\/td><td>GR\u00d6SSE<\/td><td>LENGTH<\/td><td>WIDE<\/td><td>H\u00d6HE<\/td><td>N.W \/SET<\/td><\/tr><tr><td>DZW-SS\/SE045<\/td><td>4.5L<\/td><td>39 cm<\/td><td>31 cm<\/td><td>58 cm<\/td><td>2600 g<\/td><\/tr><tr><td>DZW-SS\/SG060<\/td><td>6.0L<\/td><td>44 cm<\/td><td>36 cm<\/td><td>60 cm<\/td><td>3300 g<\/td><\/tr><tr><td>DZW-S\/G080<\/td><td>8.0L<\/td><td>41 cm<\/td><td>38 cm<\/td><td>70 cm<\/td><td>4700 g<\/td><\/tr><tr><td>DZW-G090<\/td><td>9.0L<\/td><td>48,5 cm<\/td><td>41,5 cm<\/td><td>73 cm<\/td><td>4700 g<\/td><\/tr><\/tbody><\/table><\/figure>\n<\/div>\n\n\n\n<div class=\"wp-block-column is-layout-flow wp-block-column-is-layout-flow\">\n<div class=\"wp-block-columns is-layout-flex wp-container-core-columns-is-layout-28f84493 wp-block-columns-is-layout-flex\">\n<div class=\"wp-block-column is-layout-flow wp-block-column-is-layout-flow\">\n<figure class=\"wp-block-image aligncenter size-full is-resized\"><img fetchpriority=\"high\" decoding=\"async\" width=\"2976\" height=\"2976\" src=\"https:\/\/www.dzwchafingdish.com\/wp-content\/uploads\/2024\/12\/wholesale-buffet-serving-set-4.webp\" alt=\"Gro\u00dfhandel Buffet serviert Set\" class=\"wp-image-4900\" style=\"width:418px;height:auto\" srcset=\"https:\/\/www.dzwchafingdish.com\/wp-content\/uploads\/2024\/12\/wholesale-buffet-serving-set-4.webp 2976w, https:\/\/www.dzwchafingdish.com\/wp-content\/uploads\/2024\/12\/wholesale-buffet-serving-set-4-300x300.webp 300w, https:\/\/www.dzwchafingdish.com\/wp-content\/uploads\/2024\/12\/wholesale-buffet-serving-set-4-150x150.webp 150w, https:\/\/www.dzwchafingdish.com\/wp-content\/uploads\/2024\/12\/wholesale-buffet-serving-set-4-768x768.webp 768w, https:\/\/www.dzwchafingdish.com\/wp-content\/uploads\/2024\/12\/wholesale-buffet-serving-set-4-12x12.webp 12w\" sizes=\"(max-width: 2976px) 100vw, 2976px\" \/><\/figure>\n<\/div>\n<\/div>\n<\/div>\n<\/div>\n\n\n\n<div class=\"wp-block-columns is-layout-flex wp-container-core-columns-is-layout-28f84493 wp-block-columns-is-layout-flex\">\n<div class=\"wp-block-column is-layout-flow wp-block-column-is-layout-flow\">\n<figure class=\"wp-block-image size-full is-resized\"><img decoding=\"async\" width=\"3024\" height=\"3024\" src=\"https:\/\/www.dzwchafingdish.com\/wp-content\/uploads\/2024\/12\/wholesale-buffet-serving-set-2.webp\" alt=\"Gro\u00dfhandel Buffet serviert Set\" class=\"wp-image-4898\" style=\"width:500px;height:auto\" srcset=\"https:\/\/www.dzwchafingdish.com\/wp-content\/uploads\/2024\/12\/wholesale-buffet-serving-set-2.webp 3024w, https:\/\/www.dzwchafingdish.com\/wp-content\/uploads\/2024\/12\/wholesale-buffet-serving-set-2-300x300.webp 300w, https:\/\/www.dzwchafingdish.com\/wp-content\/uploads\/2024\/12\/wholesale-buffet-serving-set-2-150x150.webp 150w, https:\/\/www.dzwchafingdish.com\/wp-content\/uploads\/2024\/12\/wholesale-buffet-serving-set-2-768x768.webp 768w, https:\/\/www.dzwchafingdish.com\/wp-content\/uploads\/2024\/12\/wholesale-buffet-serving-set-2-12x12.webp 12w\" sizes=\"(max-width: 3024px) 100vw, 3024px\" \/><\/figure>\n<\/div>\n\n\n\n<div class=\"wp-block-column is-layout-flow wp-block-column-is-layout-flow\">\n<h2 class=\"wp-block-heading\">Buffet Servier-Set Merkmale:<\/h2>\n\n\n\n<p><strong>Goldgl\u00e4nzendes Design: <\/strong>klassisches und stilvolles goldenes Aussehen, polierte, gl\u00e4nzende Oberfl\u00e4che, die modernen Luxus zeigt, geeignet f\u00fcr jede Stil-Themen-Szene<\/p>\n\n\n\n<p><strong>Hochwertiger rostfreier Stahl: <\/strong>Hergestellt aus verdicktem Edelstahl, glatt und leicht zu reinigen, hitzebest\u00e4ndig und verschlei\u00dffest, sicher und ungiftig<\/p>\n\n\n\n<p><strong>H\u00e4ngendes Cover-Design: <\/strong>Haken h\u00e4ngende Abdeckung, bequem f\u00fcr Benutzer zu verwenden, halten die Abdeckung sauber und hygienisch<\/p>\n\n\n\n<p><strong>Alkoholtr\u00e4ger: <\/strong>stabiles Regal, mit Alkoholhalter, sch\u00f6n und praktisch<\/p>\n\n\n\n<p><strong>Mehrere Kapazit\u00e4tsoptionen: <\/strong>von klein bis gro\u00df, mit einem Fassungsverm\u00f6gen von 4,5 bis 9 Litern, auch kundenspezifische Gr\u00f6\u00dfen sind erh\u00e4ltlich.<\/p>\n<\/div>\n<\/div>\n\n\n\n<p><\/p>","protected":false},"excerpt":{"rendered":"<p>Buffet Serving Set Dimension: ITEM NO. SIZE LENGTH WIDE HIGHT N.W \/SET DZW-SS\/SE045 4.5L 39 cm 31 cm 58 cm 2600 g DZW-SS\/SG060 6.0L 44 cm 36 cm 60 cm 3300 g DZW-S\/G080 8.0L 41 cm 38 cm 70 cm 4700 g DZW-G090 9.0L 48.5 cm 41.5 cm 73 cm 4700 g Buffet Serving Set [&hellip;]<\/p>","protected":false},"author":2,"featured_media":4897,"parent":0,"menu_order":0,"template":"","format":"standard","meta":{"_acf_changed":false,"site-sidebar-layout":"default","site-content-layout":"","ast-site-content-layout":"","site-content-style":"default","site-sidebar-style":"default","ast-global-header-display":"","ast-banner-title-visibility":"","ast-main-header-display":"","ast-hfb-above-header-display":"","ast-hfb-below-header-display":"","ast-hfb-mobile-header-display":"","site-post-title":"","ast-breadcrumbs-content":"","ast-featured-img":"","footer-sml-layout":"","theme-transparent-header-meta":"","adv-header-id-meta":"","stick-header-meta":"","header-above-stick-meta":"","header-main-stick-meta":"","header-below-stick-meta":"","astra-migrate-meta-layouts":"default","ast-page-background-enabled":"default","ast-page-background-meta":{"desktop":{"background-color":"var(--ast-global-color-4)","background-image":"","background-repeat":"repeat","background-position":"center center","background-size":"auto","background-attachment":"scroll","background-type":"","background-media":"","overlay-type":"","overlay-color":"","overlay-opacity":"","overlay-gradient":""},"tablet":{"background-color":"","background-image":"","background-repeat":"repeat","background-position":"center center","background-size":"auto","background-attachment":"scroll","background-type":"","background-media":"","overlay-type":"","overlay-color":"","overlay-opacity":"","overlay-gradient":""},"mobile":{"background-color":"","background-image":"","background-repeat":"repeat","background-position":"center center","background-size":"auto","background-attachment":"scroll","background-type":"","background-media":"","overlay-type":"","overlay-color":"","overlay-opacity":"","overlay-gradient":""}},"ast-content-background-meta":{"desktop":{"background-color":"var(--ast-global-color-5)","background-image":"","background-repeat":"repeat","background-position":"center center","background-size":"auto","background-attachment":"scroll","background-type":"","background-media":"","overlay-type":"","overlay-color":"","overlay-opacity":"","overlay-gradient":""},"tablet":{"background-color":"var(--ast-global-color-5)","background-image":"","background-repeat":"repeat","background-position":"center center","background-size":"auto","background-attachment":"scroll","background-type":"","background-media":"","overlay-type":"","overlay-color":"","overlay-opacity":"","overlay-gradient":""},"mobile":{"background-color":"var(--ast-global-color-5)","background-image":"","background-repeat":"repeat","background-position":"center center","background-size":"auto","background-attachment":"scroll","background-type":"","background-media":"","overlay-type":"","overlay-color":"","overlay-opacity":"","overlay-gradient":""}},"footnotes":""},"product-categories":[63],"product-tag":[97,90,91],"class_list":["post-4894","product","type-product","status-publish","format-standard","has-post-thumbnail","hentry","product-categories-chafing-dish","product-tag-chafing-dish-with-hanging-lid","product-tag-fuel-chafing-dish","product-tag-round-chafing-dish"],"acf":{"title":"Fabrik Gro\u00dfhandel Buffet servieren Set Gold Edelstahl mit Deckel","title_source":{"label":"Title","type":"text","formatted_value":"Factory Wholesale Buffet Serving Set Gold Stainless Steel with Lid"},"short_description":"Welcome to wholesale custom buffet serving set, heat preservation gold chafing dish with hanging lid, stainless steel high quality modern design, suitable for restaurant hotel and other catering services. Factory direct sales, provide customized service, welcome to inquire!","short_description_source":{"label":"Short description","type":"textarea","formatted_value":"Welcome to wholesale custom buffet serving set, heat preservation gold chafing dish with hanging lid, stainless steel high quality modern design, suitable for restaurant hotel and other catering services. Factory direct sales, provide customized service, welcome to inquire!"},"parameters":"<table border=\"0\" width=\"275\" cellspacing=\"0\" cellpadding=\"0\">\r\n<tbody>\r\n<tr>\r\n<td width=\"108\" height=\"17\">Manufacturer<\/td>\r\n<td width=\"167\">DONGZHAOWEI<\/td>\r\n<\/tr>\r\n<tr>\r\n<td height=\"17\">Material<\/td>\r\n<td>Stainless Steel 201<\/td>\r\n<\/tr>\r\n<tr>\r\n<td height=\"17\">Capacity<\/td>\r\n<td>4.5L; 6.0L; 8.0L; 9.0L<\/td>\r\n<\/tr>\r\n<tr>\r\n<td height=\"17\">Color<\/td>\r\n<td>Golden \/ Silver<\/td>\r\n<\/tr>\r\n<tr>\r\n<td height=\"17\">Design<\/td>\r\n<td>Round Shape<\/td>\r\n<\/tr>\r\n<tr>\r\n<td height=\"17\">Tray<\/td>\r\n<td>No divided \/ Divided tray<\/td>\r\n<\/tr>\r\n<tr>\r\n<td height=\"17\">Lid type<\/td>\r\n<td>Hanging Lid<\/td>\r\n<\/tr>\r\n<tr>\r\n<td height=\"17\">Heat<\/td>\r\n<td>Fuel<\/td>\r\n<\/tr>\r\n<tr>\r\n<td height=\"17\">Custom<\/td>\r\n<td>Color\/Logo\/Package<\/td>\r\n<\/tr>\r\n<\/tbody>\r\n<\/table>","parameters_source":{"label":"Parameters","type":"wysiwyg","formatted_value":"<table border=\"0\" width=\"275\" cellspacing=\"0\" cellpadding=\"0\">\n<tbody>\n<tr>\n<td width=\"108\" height=\"17\">Manufacturer<\/td>\n<td width=\"167\">DONGZHAOWEI<\/td>\n<\/tr>\n<tr>\n<td height=\"17\">Material<\/td>\n<td>Stainless Steel 201<\/td>\n<\/tr>\n<tr>\n<td height=\"17\">Capacity<\/td>\n<td>4.5L; 6.0L; 8.0L; 9.0L<\/td>\n<\/tr>\n<tr>\n<td height=\"17\">Color<\/td>\n<td>Golden \/ Silver<\/td>\n<\/tr>\n<tr>\n<td height=\"17\">Design<\/td>\n<td>Round Shape<\/td>\n<\/tr>\n<tr>\n<td height=\"17\">Tray<\/td>\n<td>No divided \/ Divided tray<\/td>\n<\/tr>\n<tr>\n<td height=\"17\">Lid type<\/td>\n<td>Hanging Lid<\/td>\n<\/tr>\n<tr>\n<td height=\"17\">Heat<\/td>\n<td>Fuel<\/td>\n<\/tr>\n<tr>\n<td height=\"17\">Custom<\/td>\n<td>Color\/Logo\/Package<\/td>\n<\/tr>\n<\/tbody>\n<\/table>\n"},"photo_gallery":{"product_gallery":[[{"id":4901,"title":"wholesale buffet serving set (5)","caption":"wholesale buffet serving set","full_image_url":"https:\/\/www.dzwchafingdish.com\/wp-content\/uploads\/2024\/12\/wholesale-buffet-serving-set-5.webp","thumbnail_image_url":"https:\/\/www.dzwchafingdish.com\/wp-content\/uploads\/2024\/12\/wholesale-buffet-serving-set-5-150x150.webp","large_srcset":"https:\/\/www.dzwchafingdish.com\/wp-content\/uploads\/2024\/12\/wholesale-buffet-serving-set-5.webp 2220w, https:\/\/www.dzwchafingdish.com\/wp-content\/uploads\/2024\/12\/wholesale-buffet-serving-set-5-300x300.webp 300w, https:\/\/www.dzwchafingdish.com\/wp-content\/uploads\/2024\/12\/wholesale-buffet-serving-set-5-150x150.webp 150w, https:\/\/www.dzwchafingdish.com\/wp-content\/uploads\/2024\/12\/wholesale-buffet-serving-set-5-768x768.webp 768w, https:\/\/www.dzwchafingdish.com\/wp-content\/uploads\/2024\/12\/wholesale-buffet-serving-set-5-12x12.webp 12w","medium_srcset":"https:\/\/www.dzwchafingdish.com\/wp-content\/uploads\/2024\/12\/wholesale-buffet-serving-set-5-300x300.webp 300w, https:\/\/www.dzwchafingdish.com\/wp-content\/uploads\/2024\/12\/wholesale-buffet-serving-set-5-150x150.webp 150w, https:\/\/www.dzwchafingdish.com\/wp-content\/uploads\/2024\/12\/wholesale-buffet-serving-set-5-768x768.webp 768w, https:\/\/www.dzwchafingdish.com\/wp-content\/uploads\/2024\/12\/wholesale-buffet-serving-set-5-12x12.webp 12w","media_details":{"width":2220,"height":2220,"sizes":{"medium":{"file":"wholesale-buffet-serving-set-5-300x300.webp","width":300,"height":300,"mime-type":"image\/webp","filesize":25108,"source_url":"https:\/\/www.dzwchafingdish.com\/wp-content\/uploads\/2024\/12\/wholesale-buffet-serving-set-5-300x300.webp"},"thumbnail":{"file":"wholesale-buffet-serving-set-5-150x150.webp","width":150,"height":150,"mime-type":"image\/webp","filesize":7834,"source_url":"https:\/\/www.dzwchafingdish.com\/wp-content\/uploads\/2024\/12\/wholesale-buffet-serving-set-5-150x150.webp"},"medium_large":{"file":"wholesale-buffet-serving-set-5-768x768.webp","width":768,"height":768,"mime-type":"image\/webp","filesize":114538,"source_url":"https:\/\/www.dzwchafingdish.com\/wp-content\/uploads\/2024\/12\/wholesale-buffet-serving-set-5-768x768.webp"},"trp-custom-language-flag":{"file":"wholesale-buffet-serving-set-5-12x12.webp","width":12,"height":12,"mime-type":"image\/webp","filesize":152,"source_url":"https:\/\/www.dzwchafingdish.com\/wp-content\/uploads\/2024\/12\/wholesale-buffet-serving-set-5-12x12.webp"}}},"alt_text":"wholesale buffet serving set","url":"","target":""},{"id":4900,"title":"wholesale buffet serving set (4)","caption":"wholesale buffet serving set","full_image_url":"https:\/\/www.dzwchafingdish.com\/wp-content\/uploads\/2024\/12\/wholesale-buffet-serving-set-4.webp","thumbnail_image_url":"https:\/\/www.dzwchafingdish.com\/wp-content\/uploads\/2024\/12\/wholesale-buffet-serving-set-4-150x150.webp","large_srcset":"https:\/\/www.dzwchafingdish.com\/wp-content\/uploads\/2024\/12\/wholesale-buffet-serving-set-4.webp 2976w, https:\/\/www.dzwchafingdish.com\/wp-content\/uploads\/2024\/12\/wholesale-buffet-serving-set-4-300x300.webp 300w, https:\/\/www.dzwchafingdish.com\/wp-content\/uploads\/2024\/12\/wholesale-buffet-serving-set-4-150x150.webp 150w, https:\/\/www.dzwchafingdish.com\/wp-content\/uploads\/2024\/12\/wholesale-buffet-serving-set-4-768x768.webp 768w, https:\/\/www.dzwchafingdish.com\/wp-content\/uploads\/2024\/12\/wholesale-buffet-serving-set-4-12x12.webp 12w","medium_srcset":"https:\/\/www.dzwchafingdish.com\/wp-content\/uploads\/2024\/12\/wholesale-buffet-serving-set-4-300x300.webp 300w, https:\/\/www.dzwchafingdish.com\/wp-content\/uploads\/2024\/12\/wholesale-buffet-serving-set-4-150x150.webp 150w, https:\/\/www.dzwchafingdish.com\/wp-content\/uploads\/2024\/12\/wholesale-buffet-serving-set-4-768x768.webp 768w, https:\/\/www.dzwchafingdish.com\/wp-content\/uploads\/2024\/12\/wholesale-buffet-serving-set-4-12x12.webp 12w","media_details":{"width":2976,"height":2976,"sizes":{"medium":{"file":"wholesale-buffet-serving-set-4-300x300.webp","width":300,"height":300,"mime-type":"image\/webp","filesize":19366,"source_url":"https:\/\/www.dzwchafingdish.com\/wp-content\/uploads\/2024\/12\/wholesale-buffet-serving-set-4-300x300.webp"},"thumbnail":{"file":"wholesale-buffet-serving-set-4-150x150.webp","width":150,"height":150,"mime-type":"image\/webp","filesize":6072,"source_url":"https:\/\/www.dzwchafingdish.com\/wp-content\/uploads\/2024\/12\/wholesale-buffet-serving-set-4-150x150.webp"},"medium_large":{"file":"wholesale-buffet-serving-set-4-768x768.webp","width":768,"height":768,"mime-type":"image\/webp","filesize":88216,"source_url":"https:\/\/www.dzwchafingdish.com\/wp-content\/uploads\/2024\/12\/wholesale-buffet-serving-set-4-768x768.webp"},"trp-custom-language-flag":{"file":"wholesale-buffet-serving-set-4-12x12.webp","width":12,"height":12,"mime-type":"image\/webp","filesize":144,"source_url":"https:\/\/www.dzwchafingdish.com\/wp-content\/uploads\/2024\/12\/wholesale-buffet-serving-set-4-12x12.webp"}}},"alt_text":"wholesale buffet serving set","url":"","target":""},{"id":4898,"title":"wholesale buffet serving set (2)","caption":"wholesale buffet serving set","full_image_url":"https:\/\/www.dzwchafingdish.com\/wp-content\/uploads\/2024\/12\/wholesale-buffet-serving-set-2.webp","thumbnail_image_url":"https:\/\/www.dzwchafingdish.com\/wp-content\/uploads\/2024\/12\/wholesale-buffet-serving-set-2-150x150.webp","large_srcset":"https:\/\/www.dzwchafingdish.com\/wp-content\/uploads\/2024\/12\/wholesale-buffet-serving-set-2.webp 3024w, https:\/\/www.dzwchafingdish.com\/wp-content\/uploads\/2024\/12\/wholesale-buffet-serving-set-2-300x300.webp 300w, https:\/\/www.dzwchafingdish.com\/wp-content\/uploads\/2024\/12\/wholesale-buffet-serving-set-2-150x150.webp 150w, https:\/\/www.dzwchafingdish.com\/wp-content\/uploads\/2024\/12\/wholesale-buffet-serving-set-2-768x768.webp 768w, https:\/\/www.dzwchafingdish.com\/wp-content\/uploads\/2024\/12\/wholesale-buffet-serving-set-2-12x12.webp 12w","medium_srcset":"https:\/\/www.dzwchafingdish.com\/wp-content\/uploads\/2024\/12\/wholesale-buffet-serving-set-2-300x300.webp 300w, https:\/\/www.dzwchafingdish.com\/wp-content\/uploads\/2024\/12\/wholesale-buffet-serving-set-2-150x150.webp 150w, https:\/\/www.dzwchafingdish.com\/wp-content\/uploads\/2024\/12\/wholesale-buffet-serving-set-2-768x768.webp 768w, https:\/\/www.dzwchafingdish.com\/wp-content\/uploads\/2024\/12\/wholesale-buffet-serving-set-2-12x12.webp 12w","media_details":{"width":3024,"height":3024,"sizes":{"medium":{"file":"wholesale-buffet-serving-set-2-300x300.webp","width":300,"height":300,"mime-type":"image\/webp","filesize":28682,"source_url":"https:\/\/www.dzwchafingdish.com\/wp-content\/uploads\/2024\/12\/wholesale-buffet-serving-set-2-300x300.webp"},"thumbnail":{"file":"wholesale-buffet-serving-set-2-150x150.webp","width":150,"height":150,"mime-type":"image\/webp","filesize":8852,"source_url":"https:\/\/www.dzwchafingdish.com\/wp-content\/uploads\/2024\/12\/wholesale-buffet-serving-set-2-150x150.webp"},"medium_large":{"file":"wholesale-buffet-serving-set-2-768x768.webp","width":768,"height":768,"mime-type":"image\/webp","filesize":127796,"source_url":"https:\/\/www.dzwchafingdish.com\/wp-content\/uploads\/2024\/12\/wholesale-buffet-serving-set-2-768x768.webp"},"trp-custom-language-flag":{"file":"wholesale-buffet-serving-set-2-12x12.webp","width":12,"height":12,"mime-type":"image\/webp","filesize":150,"source_url":"https:\/\/www.dzwchafingdish.com\/wp-content\/uploads\/2024\/12\/wholesale-buffet-serving-set-2-12x12.webp"}}},"alt_text":"wholesale buffet serving set","url":"","target":""},{"id":4899,"title":"wholesale buffet serving set (3)","caption":"wholesale buffet serving set","full_image_url":"https:\/\/www.dzwchafingdish.com\/wp-content\/uploads\/2024\/12\/wholesale-buffet-serving-set-3.webp","thumbnail_image_url":"https:\/\/www.dzwchafingdish.com\/wp-content\/uploads\/2024\/12\/wholesale-buffet-serving-set-3-150x150.webp","large_srcset":"https:\/\/www.dzwchafingdish.com\/wp-content\/uploads\/2024\/12\/wholesale-buffet-serving-set-3.webp 3024w, https:\/\/www.dzwchafingdish.com\/wp-content\/uploads\/2024\/12\/wholesale-buffet-serving-set-3-300x300.webp 300w, https:\/\/www.dzwchafingdish.com\/wp-content\/uploads\/2024\/12\/wholesale-buffet-serving-set-3-150x150.webp 150w, https:\/\/www.dzwchafingdish.com\/wp-content\/uploads\/2024\/12\/wholesale-buffet-serving-set-3-768x768.webp 768w, https:\/\/www.dzwchafingdish.com\/wp-content\/uploads\/2024\/12\/wholesale-buffet-serving-set-3-12x12.webp 12w","medium_srcset":"https:\/\/www.dzwchafingdish.com\/wp-content\/uploads\/2024\/12\/wholesale-buffet-serving-set-3-300x300.webp 300w, https:\/\/www.dzwchafingdish.com\/wp-content\/uploads\/2024\/12\/wholesale-buffet-serving-set-3-150x150.webp 150w, https:\/\/www.dzwchafingdish.com\/wp-content\/uploads\/2024\/12\/wholesale-buffet-serving-set-3-768x768.webp 768w, https:\/\/www.dzwchafingdish.com\/wp-content\/uploads\/2024\/12\/wholesale-buffet-serving-set-3-12x12.webp 12w","media_details":{"width":3024,"height":3024,"sizes":{"medium":{"file":"wholesale-buffet-serving-set-3-300x300.webp","width":300,"height":300,"mime-type":"image\/webp","filesize":28052,"source_url":"https:\/\/www.dzwchafingdish.com\/wp-content\/uploads\/2024\/12\/wholesale-buffet-serving-set-3-300x300.webp"},"thumbnail":{"file":"wholesale-buffet-serving-set-3-150x150.webp","width":150,"height":150,"mime-type":"image\/webp","filesize":8904,"source_url":"https:\/\/www.dzwchafingdish.com\/wp-content\/uploads\/2024\/12\/wholesale-buffet-serving-set-3-150x150.webp"},"medium_large":{"file":"wholesale-buffet-serving-set-3-768x768.webp","width":768,"height":768,"mime-type":"image\/webp","filesize":124700,"source_url":"https:\/\/www.dzwchafingdish.com\/wp-content\/uploads\/2024\/12\/wholesale-buffet-serving-set-3-768x768.webp"},"trp-custom-language-flag":{"file":"wholesale-buffet-serving-set-3-12x12.webp","width":12,"height":12,"mime-type":"image\/webp","filesize":158,"source_url":"https:\/\/www.dzwchafingdish.com\/wp-content\/uploads\/2024\/12\/wholesale-buffet-serving-set-3-12x12.webp"}}},"alt_text":"wholesale buffet serving set","url":"","target":""}]]}},"_links":{"self":[{"href":"https:\/\/www.dzwchafingdish.com\/de\/wp-json\/wp\/v2\/product\/4894","targetHints":{"allow":["GET"]}}],"collection":[{"href":"https:\/\/www.dzwchafingdish.com\/de\/wp-json\/wp\/v2\/product"}],"about":[{"href":"https:\/\/www.dzwchafingdish.com\/de\/wp-json\/wp\/v2\/types\/product"}],"author":[{"embeddable":true,"href":"https:\/\/www.dzwchafingdish.com\/de\/wp-json\/wp\/v2\/users\/2"}],"version-history":[{"count":0,"href":"https:\/\/www.dzwchafingdish.com\/de\/wp-json\/wp\/v2\/product\/4894\/revisions"}],"wp:featuredmedia":[{"embeddable":true,"href":"https:\/\/www.dzwchafingdish.com\/de\/wp-json\/wp\/v2\/media\/4897"}],"wp:attachment":[{"href":"https:\/\/www.dzwchafingdish.com\/de\/wp-json\/wp\/v2\/media?parent=4894"}],"wp:term":[{"taxonomy":"product-categories","embeddable":true,"href":"https:\/\/www.dzwchafingdish.com\/de\/wp-json\/wp\/v2\/product-categories?post=4894"},{"taxonomy":"product-tag","embeddable":true,"href":"https:\/\/www.dzwchafingdish.com\/de\/wp-json\/wp\/v2\/product-tag?post=4894"}],"curies":[{"name":"wp","href":"https:\/\/api.w.org\/{rel}","templated":true}]}}