{"id":4904,"date":"2024-12-22T09:14:20","date_gmt":"2024-12-22T09:14:20","guid":{"rendered":"https:\/\/www.dzwchafingdish.com\/?post_type=product&#038;p=4904"},"modified":"2025-12-29T08:55:08","modified_gmt":"2025-12-29T08:55:08","slug":"food-chafing-dish-wholesale","status":"publish","type":"product","link":"https:\/\/www.dzwchafingdish.com\/de\/product\/food-chafing-dish-wholesale\/","title":{"rendered":"Neue Lebensmittel Chafing Dish Gro\u00dfhandel Gold Blume Korb Runde Form"},"content":{"rendered":"<div class=\"wp-block-columns is-layout-flex wp-container-core-columns-is-layout-28f84493 wp-block-columns-is-layout-flex\">\n<div class=\"wp-block-column is-vertically-aligned-top is-layout-flow wp-block-column-is-layout-flow\">\n<h2 class=\"wp-block-heading\" style=\"font-size:18px\"><strong>Lebensmittel Chafing Dish Dimension<\/strong><\/h2>\n\n\n\n<figure class=\"wp-block-table\"><table class=\"has-fixed-layout\"><tbody><tr><td>ARTIKEL NR.<\/td><td>GR\u00d6SSE<\/td><td>LENGTH<\/td><td>WIDE<\/td><td>H\u00d6HE<\/td><td>N.W \/SET<\/td><\/tr><tr><td>DZW-FB80<\/td><td>8L<\/td><td>51 cm<\/td><td>48,8 cm<\/td><td>70 cm<\/td><td>5500 g<\/td><\/tr><tr><td>DZW-FB81<\/td><td>8L<\/td><td>51 cm<\/td><td>48,8 cm<\/td><td>70 cm<\/td><td>5500 g<\/td><\/tr><\/tbody><\/table><\/figure>\n<\/div>\n\n\n\n<div class=\"wp-block-column is-layout-flow wp-block-column-is-layout-flow\">\n<figure class=\"wp-block-image aligncenter size-full is-resized\"><img fetchpriority=\"high\" decoding=\"async\" width=\"800\" height=\"800\" src=\"https:\/\/www.dzwchafingdish.com\/wp-content\/uploads\/2024\/12\/food-chafing-dish-wholesale-3.webp\" alt=\"Lebensmittel Chafing Dish Gro\u00dfhandel \" class=\"wp-image-4907\" style=\"object-fit:cover;width:440px;height:auto\" srcset=\"https:\/\/www.dzwchafingdish.com\/wp-content\/uploads\/2024\/12\/food-chafing-dish-wholesale-3.webp 800w, https:\/\/www.dzwchafingdish.com\/wp-content\/uploads\/2024\/12\/food-chafing-dish-wholesale-3-300x300.webp 300w, https:\/\/www.dzwchafingdish.com\/wp-content\/uploads\/2024\/12\/food-chafing-dish-wholesale-3-150x150.webp 150w, https:\/\/www.dzwchafingdish.com\/wp-content\/uploads\/2024\/12\/food-chafing-dish-wholesale-3-768x768.webp 768w, https:\/\/www.dzwchafingdish.com\/wp-content\/uploads\/2024\/12\/food-chafing-dish-wholesale-3-12x12.webp 12w\" sizes=\"(max-width: 800px) 100vw, 800px\" \/><\/figure>\n<\/div>\n<\/div>\n\n\n\n<div class=\"wp-block-columns is-layout-flex wp-container-core-columns-is-layout-28f84493 wp-block-columns-is-layout-flex\" style=\"font-size:18px\">\n<div class=\"wp-block-column is-layout-flow wp-container-core-column-is-layout-8a368f38 wp-block-column-is-layout-flow\" style=\"border-style:none;border-width:0px\">\n<div class=\"wp-block-columns is-layout-flex wp-container-core-columns-is-layout-28f84493 wp-block-columns-is-layout-flex\">\n<div class=\"wp-block-column is-layout-flow wp-block-column-is-layout-flow\">\n<figure class=\"wp-block-image aligncenter size-full is-resized\"><img decoding=\"async\" width=\"800\" height=\"800\" src=\"https:\/\/www.dzwchafingdish.com\/wp-content\/uploads\/2024\/12\/food-chafing-dish-wholesale-2.webp\" alt=\"Lebensmittel Chafing Dish Gro\u00dfhandel\" class=\"wp-image-4906\" style=\"object-fit:cover;width:443px;height:auto\" srcset=\"https:\/\/www.dzwchafingdish.com\/wp-content\/uploads\/2024\/12\/food-chafing-dish-wholesale-2.webp 800w, https:\/\/www.dzwchafingdish.com\/wp-content\/uploads\/2024\/12\/food-chafing-dish-wholesale-2-300x300.webp 300w, https:\/\/www.dzwchafingdish.com\/wp-content\/uploads\/2024\/12\/food-chafing-dish-wholesale-2-150x150.webp 150w, https:\/\/www.dzwchafingdish.com\/wp-content\/uploads\/2024\/12\/food-chafing-dish-wholesale-2-768x768.webp 768w, https:\/\/www.dzwchafingdish.com\/wp-content\/uploads\/2024\/12\/food-chafing-dish-wholesale-2-12x12.webp 12w\" sizes=\"(max-width: 800px) 100vw, 800px\" \/><\/figure>\n<\/div>\n<\/div>\n<\/div>\n\n\n\n<div class=\"wp-block-column is-vertically-aligned-center is-layout-flow wp-container-core-column-is-layout-ba6f69a4 wp-block-column-is-layout-flow\" style=\"border-style:none;border-width:0px;padding-top:0;padding-right:0;padding-bottom:0;padding-left:0;font-size:18px;flex-basis:45%\">\n<h2 class=\"wp-block-heading\" style=\"font-size:18px\"><strong><strong>Chafing Dish f\u00fcr Lebensmittel<\/strong> Merkmal:<\/strong><\/h2>\n\n\n\n<p><strong>Innovatives Design:<\/strong> Der St\u00e4nder hat die Form eines Blumenkorbs und ein geschnitztes Loch, erlesene Handwerkskunst, elegant und luxuri\u00f6s.<\/p>\n\n\n\n<p><strong>Deckel mit Kugelaufh\u00e4ngung:<\/strong> Aufh\u00e4ngender Deckel aus Edelstahl, runde Kugelform, neuartig und niedlich, kann die Attraktivit\u00e4t f\u00fcr den Benutzer erh\u00f6hen<\/p>\n\n\n\n<p><strong>Goldgl\u00e4nzende Oberfl\u00e4che: <\/strong>Die goldene poliert gl\u00e4nzendes Aussehen Struktur, glatte Note, unterstreicht Luxus und moderne Atmosph\u00e4re, geeignet f\u00fcr jedes Thema Catering-Aktivit\u00e4ten<\/p>\n\n\n\n<p><strong>Hochwertiges Material aus rostfreiem Stahl: <\/strong>Aus haltbarem Edelstahl, verschlei\u00dffest, leicht zu reinigen, nicht leicht zu korrodieren<\/p>\n<\/div>\n<\/div>","protected":false},"excerpt":{"rendered":"<p>Food Chafing Dish Dimension ITEM NO. SIZE LENGTH WIDE HIGHT N.W \/SET DZW-FB80 8L 51 cm 48.8 cm 70 cm 5500 g DZW-FB81 8L 51 cm 48.8 cm 70 cm 5500 g Food Chafing Dish Feature: \u200bInnovative design: The stand is a flower basket shape and hole carving design, exquisite craftsmanship, elegant and luxurious. Ball [&hellip;]<\/p>","protected":false},"author":1,"featured_media":4905,"parent":0,"menu_order":0,"template":"","format":"standard","meta":{"_acf_changed":false,"site-sidebar-layout":"default","site-content-layout":"","ast-site-content-layout":"","site-content-style":"default","site-sidebar-style":"default","ast-global-header-display":"","ast-banner-title-visibility":"","ast-main-header-display":"","ast-hfb-above-header-display":"","ast-hfb-below-header-display":"","ast-hfb-mobile-header-display":"","site-post-title":"","ast-breadcrumbs-content":"","ast-featured-img":"","footer-sml-layout":"","theme-transparent-header-meta":"","adv-header-id-meta":"","stick-header-meta":"","header-above-stick-meta":"","header-main-stick-meta":"","header-below-stick-meta":"","astra-migrate-meta-layouts":"default","ast-page-background-enabled":"default","ast-page-background-meta":{"desktop":{"background-color":"var(--ast-global-color-4)","background-image":"","background-repeat":"repeat","background-position":"center center","background-size":"auto","background-attachment":"scroll","background-type":"","background-media":"","overlay-type":"","overlay-color":"","overlay-opacity":"","overlay-gradient":""},"tablet":{"background-color":"","background-image":"","background-repeat":"repeat","background-position":"center center","background-size":"auto","background-attachment":"scroll","background-type":"","background-media":"","overlay-type":"","overlay-color":"","overlay-opacity":"","overlay-gradient":""},"mobile":{"background-color":"","background-image":"","background-repeat":"repeat","background-position":"center center","background-size":"auto","background-attachment":"scroll","background-type":"","background-media":"","overlay-type":"","overlay-color":"","overlay-opacity":"","overlay-gradient":""}},"ast-content-background-meta":{"desktop":{"background-color":"var(--ast-global-color-5)","background-image":"","background-repeat":"repeat","background-position":"center center","background-size":"auto","background-attachment":"scroll","background-type":"","background-media":"","overlay-type":"","overlay-color":"","overlay-opacity":"","overlay-gradient":""},"tablet":{"background-color":"var(--ast-global-color-5)","background-image":"","background-repeat":"repeat","background-position":"center center","background-size":"auto","background-attachment":"scroll","background-type":"","background-media":"","overlay-type":"","overlay-color":"","overlay-opacity":"","overlay-gradient":""},"mobile":{"background-color":"var(--ast-global-color-5)","background-image":"","background-repeat":"repeat","background-position":"center center","background-size":"auto","background-attachment":"scroll","background-type":"","background-media":"","overlay-type":"","overlay-color":"","overlay-opacity":"","overlay-gradient":""}},"footnotes":""},"product-categories":[63],"product-tag":[97,90,91],"class_list":["post-4904","product","type-product","status-publish","format-standard","has-post-thumbnail","hentry","product-categories-chafing-dish","product-tag-chafing-dish-with-hanging-lid","product-tag-fuel-chafing-dish","product-tag-round-chafing-dish"],"acf":{"title":"Neue Lebensmittel Chafing Dish Gro\u00dfhandel Gold Blume Korb Runde Form","title_source":{"label":"Title","type":"text","formatted_value":"New Food Chafing Dish Wholesale Gold Flower Basket Round Shape"},"short_description":"Factory latest product wholesale custom, gold stainless steel food chafing dish, unique design with hanging lid, exquisite and elegant, suitable for wedding parties and other catering activities. Chafing dish manufacturer supply, provide customized service, welcome to contact for free inquiry!","short_description_source":{"label":"Short description","type":"textarea","formatted_value":"Factory latest product wholesale custom, gold stainless steel food chafing dish, unique design with hanging lid, exquisite and elegant, suitable for wedding parties and other catering activities. Chafing dish manufacturer supply, provide customized service, welcome to contact for free inquiry!"},"parameters":"<table border=\"0\" width=\"275\" cellspacing=\"0\" cellpadding=\"0\">\r\n<tbody>\r\n<tr>\r\n<td width=\"108\" height=\"17\">Manufacturer<\/td>\r\n<td width=\"167\">DONGZHAOWEI<\/td>\r\n<\/tr>\r\n<tr>\r\n<td height=\"17\">Material<\/td>\r\n<td>Stainless Steel 201<\/td>\r\n<\/tr>\r\n<tr>\r\n<td height=\"17\">Capacity<\/td>\r\n<td>2L; 3L<\/td>\r\n<\/tr>\r\n<tr>\r\n<td height=\"17\">Color<\/td>\r\n<td>Golden \/ Silver<\/td>\r\n<\/tr>\r\n<tr>\r\n<td height=\"17\">Design<\/td>\r\n<td>Round Shape<\/td>\r\n<\/tr>\r\n<tr>\r\n<td height=\"17\">Tray<\/td>\r\n<td>No divided \/ Divided tray<\/td>\r\n<\/tr>\r\n<tr>\r\n<td height=\"17\">Lid type<\/td>\r\n<td>Hanging Lid<\/td>\r\n<\/tr>\r\n<tr>\r\n<td height=\"17\">Heat<\/td>\r\n<td>Fuel<\/td>\r\n<\/tr>\r\n<tr>\r\n<td height=\"17\">Custom<\/td>\r\n<td>Color\/Logo\/Package<\/td>\r\n<\/tr>\r\n<\/tbody>\r\n<\/table>","parameters_source":{"label":"Parameters","type":"wysiwyg","formatted_value":"<table border=\"0\" width=\"275\" cellspacing=\"0\" cellpadding=\"0\">\n<tbody>\n<tr>\n<td width=\"108\" height=\"17\">Manufacturer<\/td>\n<td width=\"167\">DONGZHAOWEI<\/td>\n<\/tr>\n<tr>\n<td height=\"17\">Material<\/td>\n<td>Stainless Steel 201<\/td>\n<\/tr>\n<tr>\n<td height=\"17\">Capacity<\/td>\n<td>2L; 3L<\/td>\n<\/tr>\n<tr>\n<td height=\"17\">Color<\/td>\n<td>Golden \/ Silver<\/td>\n<\/tr>\n<tr>\n<td height=\"17\">Design<\/td>\n<td>Round Shape<\/td>\n<\/tr>\n<tr>\n<td height=\"17\">Tray<\/td>\n<td>No divided \/ Divided tray<\/td>\n<\/tr>\n<tr>\n<td height=\"17\">Lid type<\/td>\n<td>Hanging Lid<\/td>\n<\/tr>\n<tr>\n<td height=\"17\">Heat<\/td>\n<td>Fuel<\/td>\n<\/tr>\n<tr>\n<td height=\"17\">Custom<\/td>\n<td>Color\/Logo\/Package<\/td>\n<\/tr>\n<\/tbody>\n<\/table>\n"},"photo_gallery":{"product_gallery":[[{"id":4906,"title":"food chafing dish wholesale (2)","caption":"food chafing dish wholesale Golden flower basket round ball shape","full_image_url":"https:\/\/www.dzwchafingdish.com\/wp-content\/uploads\/2024\/12\/food-chafing-dish-wholesale-2.webp","thumbnail_image_url":"https:\/\/www.dzwchafingdish.com\/wp-content\/uploads\/2024\/12\/food-chafing-dish-wholesale-2-150x150.webp","large_srcset":"https:\/\/www.dzwchafingdish.com\/wp-content\/uploads\/2024\/12\/food-chafing-dish-wholesale-2.webp 800w, https:\/\/www.dzwchafingdish.com\/wp-content\/uploads\/2024\/12\/food-chafing-dish-wholesale-2-300x300.webp 300w, https:\/\/www.dzwchafingdish.com\/wp-content\/uploads\/2024\/12\/food-chafing-dish-wholesale-2-150x150.webp 150w, https:\/\/www.dzwchafingdish.com\/wp-content\/uploads\/2024\/12\/food-chafing-dish-wholesale-2-768x768.webp 768w, https:\/\/www.dzwchafingdish.com\/wp-content\/uploads\/2024\/12\/food-chafing-dish-wholesale-2-12x12.webp 12w","medium_srcset":"https:\/\/www.dzwchafingdish.com\/wp-content\/uploads\/2024\/12\/food-chafing-dish-wholesale-2-300x300.webp 300w, https:\/\/www.dzwchafingdish.com\/wp-content\/uploads\/2024\/12\/food-chafing-dish-wholesale-2-150x150.webp 150w, https:\/\/www.dzwchafingdish.com\/wp-content\/uploads\/2024\/12\/food-chafing-dish-wholesale-2-768x768.webp 768w, https:\/\/www.dzwchafingdish.com\/wp-content\/uploads\/2024\/12\/food-chafing-dish-wholesale-2-12x12.webp 12w, https:\/\/www.dzwchafingdish.com\/wp-content\/uploads\/2024\/12\/food-chafing-dish-wholesale-2.webp 800w","media_details":{"width":800,"height":800,"sizes":{"medium":{"file":"food-chafing-dish-wholesale-2-300x300.webp","width":300,"height":300,"mime-type":"image\/webp","filesize":10094,"source_url":"https:\/\/www.dzwchafingdish.com\/wp-content\/uploads\/2024\/12\/food-chafing-dish-wholesale-2-300x300.webp"},"thumbnail":{"file":"food-chafing-dish-wholesale-2-150x150.webp","width":150,"height":150,"mime-type":"image\/webp","filesize":3268,"source_url":"https:\/\/www.dzwchafingdish.com\/wp-content\/uploads\/2024\/12\/food-chafing-dish-wholesale-2-150x150.webp"},"medium_large":{"file":"food-chafing-dish-wholesale-2-768x768.webp","width":768,"height":768,"mime-type":"image\/webp","filesize":47478,"source_url":"https:\/\/www.dzwchafingdish.com\/wp-content\/uploads\/2024\/12\/food-chafing-dish-wholesale-2-768x768.webp"},"trp-custom-language-flag":{"file":"food-chafing-dish-wholesale-2-12x12.webp","width":12,"height":12,"mime-type":"image\/webp","filesize":132,"source_url":"https:\/\/www.dzwchafingdish.com\/wp-content\/uploads\/2024\/12\/food-chafing-dish-wholesale-2-12x12.webp"}}},"alt_text":"food chafing dish wholesale","url":"","target":""},{"id":4907,"title":"food chafing dish wholesale (3)","caption":"food chafing dish wholesale Golden flower basket round ball shape","full_image_url":"https:\/\/www.dzwchafingdish.com\/wp-content\/uploads\/2024\/12\/food-chafing-dish-wholesale-3.webp","thumbnail_image_url":"https:\/\/www.dzwchafingdish.com\/wp-content\/uploads\/2024\/12\/food-chafing-dish-wholesale-3-150x150.webp","large_srcset":"https:\/\/www.dzwchafingdish.com\/wp-content\/uploads\/2024\/12\/food-chafing-dish-wholesale-3.webp 800w, https:\/\/www.dzwchafingdish.com\/wp-content\/uploads\/2024\/12\/food-chafing-dish-wholesale-3-300x300.webp 300w, https:\/\/www.dzwchafingdish.com\/wp-content\/uploads\/2024\/12\/food-chafing-dish-wholesale-3-150x150.webp 150w, https:\/\/www.dzwchafingdish.com\/wp-content\/uploads\/2024\/12\/food-chafing-dish-wholesale-3-768x768.webp 768w, https:\/\/www.dzwchafingdish.com\/wp-content\/uploads\/2024\/12\/food-chafing-dish-wholesale-3-12x12.webp 12w","medium_srcset":"https:\/\/www.dzwchafingdish.com\/wp-content\/uploads\/2024\/12\/food-chafing-dish-wholesale-3-300x300.webp 300w, https:\/\/www.dzwchafingdish.com\/wp-content\/uploads\/2024\/12\/food-chafing-dish-wholesale-3-150x150.webp 150w, https:\/\/www.dzwchafingdish.com\/wp-content\/uploads\/2024\/12\/food-chafing-dish-wholesale-3-768x768.webp 768w, https:\/\/www.dzwchafingdish.com\/wp-content\/uploads\/2024\/12\/food-chafing-dish-wholesale-3-12x12.webp 12w, https:\/\/www.dzwchafingdish.com\/wp-content\/uploads\/2024\/12\/food-chafing-dish-wholesale-3.webp 800w","media_details":{"width":800,"height":800,"sizes":{"medium":{"file":"food-chafing-dish-wholesale-3-300x300.webp","width":300,"height":300,"mime-type":"image\/webp","filesize":11050,"source_url":"https:\/\/www.dzwchafingdish.com\/wp-content\/uploads\/2024\/12\/food-chafing-dish-wholesale-3-300x300.webp"},"thumbnail":{"file":"food-chafing-dish-wholesale-3-150x150.webp","width":150,"height":150,"mime-type":"image\/webp","filesize":3398,"source_url":"https:\/\/www.dzwchafingdish.com\/wp-content\/uploads\/2024\/12\/food-chafing-dish-wholesale-3-150x150.webp"},"medium_large":{"file":"food-chafing-dish-wholesale-3-768x768.webp","width":768,"height":768,"mime-type":"image\/webp","filesize":52776,"source_url":"https:\/\/www.dzwchafingdish.com\/wp-content\/uploads\/2024\/12\/food-chafing-dish-wholesale-3-768x768.webp"},"trp-custom-language-flag":{"file":"food-chafing-dish-wholesale-3-12x12.webp","width":12,"height":12,"mime-type":"image\/webp","filesize":134,"source_url":"https:\/\/www.dzwchafingdish.com\/wp-content\/uploads\/2024\/12\/food-chafing-dish-wholesale-3-12x12.webp"}}},"alt_text":"food chafing dish wholesale","url":"","target":""}]]}},"_links":{"self":[{"href":"https:\/\/www.dzwchafingdish.com\/de\/wp-json\/wp\/v2\/product\/4904","targetHints":{"allow":["GET"]}}],"collection":[{"href":"https:\/\/www.dzwchafingdish.com\/de\/wp-json\/wp\/v2\/product"}],"about":[{"href":"https:\/\/www.dzwchafingdish.com\/de\/wp-json\/wp\/v2\/types\/product"}],"author":[{"embeddable":true,"href":"https:\/\/www.dzwchafingdish.com\/de\/wp-json\/wp\/v2\/users\/1"}],"version-history":[{"count":0,"href":"https:\/\/www.dzwchafingdish.com\/de\/wp-json\/wp\/v2\/product\/4904\/revisions"}],"wp:featuredmedia":[{"embeddable":true,"href":"https:\/\/www.dzwchafingdish.com\/de\/wp-json\/wp\/v2\/media\/4905"}],"wp:attachment":[{"href":"https:\/\/www.dzwchafingdish.com\/de\/wp-json\/wp\/v2\/media?parent=4904"}],"wp:term":[{"taxonomy":"product-categories","embeddable":true,"href":"https:\/\/www.dzwchafingdish.com\/de\/wp-json\/wp\/v2\/product-categories?post=4904"},{"taxonomy":"product-tag","embeddable":true,"href":"https:\/\/www.dzwchafingdish.com\/de\/wp-json\/wp\/v2\/product-tag?post=4904"}],"curies":[{"name":"wp","href":"https:\/\/api.w.org\/{rel}","templated":true}]}}