{"id":5006,"date":"2025-02-17T09:42:30","date_gmt":"2025-02-17T09:42:30","guid":{"rendered":"https:\/\/www.dzwchafingdish.com\/?post_type=product&#038;p=5006"},"modified":"2025-05-16T03:12:46","modified_gmt":"2025-05-16T03:12:46","slug":"wholesale-black-chafing-dish","status":"publish","type":"product","link":"https:\/\/www.dzwchafingdish.com\/de\/product\/wholesale-black-chafing-dish\/","title":{"rendered":"Gro\u00dfhandel schwarz Chafing Dish Buffet Set Edelstahl rund"},"content":{"rendered":"<div class=\"wp-block-columns is-layout-flex wp-container-core-columns-is-layout-28f84493 wp-block-columns-is-layout-flex\">\n<div class=\"wp-block-column is-layout-flow wp-block-column-is-layout-flow\">\n<h2 class=\"wp-block-heading\">Schwarz Chafing Dish Dimension:<\/h2>\n\n\n\n<figure class=\"wp-block-table\"><table class=\"has-fixed-layout\"><tbody><tr><td>ARTIKEL NR.<\/td><td>GR\u00d6SSE<\/td><td>LENGTH<\/td><td>WIDE<\/td><td>H\u00d6HE<\/td><td>N.W \/SET<\/td><\/tr><tr><td>DZW-HB045<\/td><td>4.5L<\/td><td>37,7 cm<\/td><td>33,8 cm<\/td><td>60 cm<\/td><td>3800 g<\/td><\/tr><tr><td>DZW-HB060<\/td><td>6.0L<\/td><td>39,5 cm<\/td><td>38 cm<\/td><td>65 cm<\/td><td>4200 g<\/td><\/tr><tr><td>DZW-HB080<\/td><td>8.0L<\/td><td>43,5 cm<\/td><td>41 cm<\/td><td>48 cm<\/td><td>4500 g<\/td><\/tr><\/tbody><\/table><\/figure>\n<\/div>\n\n\n\n<div class=\"wp-block-column is-layout-flow wp-block-column-is-layout-flow\">\n<div class=\"wp-block-columns is-layout-flex wp-container-core-columns-is-layout-28f84493 wp-block-columns-is-layout-flex\">\n<div class=\"wp-block-column is-layout-flow wp-block-column-is-layout-flow\">\n<figure class=\"wp-block-image size-full\"><img fetchpriority=\"high\" decoding=\"async\" width=\"800\" height=\"800\" src=\"https:\/\/www.dzwchafingdish.com\/wp-content\/uploads\/2025\/02\/wholesale-gold-chafing-dish-set-1.webp\" alt=\"\" class=\"wp-image-4997\" srcset=\"https:\/\/www.dzwchafingdish.com\/wp-content\/uploads\/2025\/02\/wholesale-gold-chafing-dish-set-1.webp 800w, https:\/\/www.dzwchafingdish.com\/wp-content\/uploads\/2025\/02\/wholesale-gold-chafing-dish-set-1-300x300.webp 300w, https:\/\/www.dzwchafingdish.com\/wp-content\/uploads\/2025\/02\/wholesale-gold-chafing-dish-set-1-150x150.webp 150w, https:\/\/www.dzwchafingdish.com\/wp-content\/uploads\/2025\/02\/wholesale-gold-chafing-dish-set-1-768x768.webp 768w, https:\/\/www.dzwchafingdish.com\/wp-content\/uploads\/2025\/02\/wholesale-gold-chafing-dish-set-1-12x12.webp 12w\" sizes=\"(max-width: 800px) 100vw, 800px\" \/><\/figure>\n<\/div>\n\n\n\n<div class=\"wp-block-column is-layout-flow wp-block-column-is-layout-flow\">\n<figure class=\"wp-block-image size-full\"><img decoding=\"async\" width=\"800\" height=\"800\" src=\"https:\/\/www.dzwchafingdish.com\/wp-content\/uploads\/2025\/02\/wholesale-black-chafing-dish-3.webp\" alt=\"Gro\u00dfhandel schwarz chafing dish buffet set\" class=\"wp-image-4996\" srcset=\"https:\/\/www.dzwchafingdish.com\/wp-content\/uploads\/2025\/02\/wholesale-black-chafing-dish-3.webp 800w, https:\/\/www.dzwchafingdish.com\/wp-content\/uploads\/2025\/02\/wholesale-black-chafing-dish-3-300x300.webp 300w, https:\/\/www.dzwchafingdish.com\/wp-content\/uploads\/2025\/02\/wholesale-black-chafing-dish-3-150x150.webp 150w, https:\/\/www.dzwchafingdish.com\/wp-content\/uploads\/2025\/02\/wholesale-black-chafing-dish-3-768x768.webp 768w, https:\/\/www.dzwchafingdish.com\/wp-content\/uploads\/2025\/02\/wholesale-black-chafing-dish-3-12x12.webp 12w\" sizes=\"(max-width: 800px) 100vw, 800px\" \/><\/figure>\n<\/div>\n<\/div>\n<\/div>\n<\/div>\n\n\n\n<div class=\"wp-block-columns is-layout-flex wp-container-core-columns-is-layout-28f84493 wp-block-columns-is-layout-flex\">\n<div class=\"wp-block-column is-layout-flow wp-block-column-is-layout-flow\">\n<figure class=\"wp-block-image aligncenter size-full is-resized\"><img decoding=\"async\" width=\"800\" height=\"800\" src=\"https:\/\/www.dzwchafingdish.com\/wp-content\/uploads\/2025\/02\/wholesale-black-chafing-dish-2.webp\" alt=\"\" class=\"wp-image-5010\" style=\"width:488px;height:auto\" srcset=\"https:\/\/www.dzwchafingdish.com\/wp-content\/uploads\/2025\/02\/wholesale-black-chafing-dish-2.webp 800w, https:\/\/www.dzwchafingdish.com\/wp-content\/uploads\/2025\/02\/wholesale-black-chafing-dish-2-300x300.webp 300w, https:\/\/www.dzwchafingdish.com\/wp-content\/uploads\/2025\/02\/wholesale-black-chafing-dish-2-150x150.webp 150w, https:\/\/www.dzwchafingdish.com\/wp-content\/uploads\/2025\/02\/wholesale-black-chafing-dish-2-768x768.webp 768w, https:\/\/www.dzwchafingdish.com\/wp-content\/uploads\/2025\/02\/wholesale-black-chafing-dish-2-12x12.webp 12w\" sizes=\"(max-width: 800px) 100vw, 800px\" \/><\/figure>\n<\/div>\n\n\n\n<div class=\"wp-block-column is-layout-flow wp-block-column-is-layout-flow\">\n<h2 class=\"wp-block-heading\">Schwarzer Chafing Dish Merkmale:<\/h2>\n\n\n\n<p><strong>Schwarze und wei\u00dfe Textur, moderne und luxuri\u00f6se Ausf\u00fchrung:<\/strong> Die polierte, gl\u00e4nzende Oberfl\u00e4che, das schwarze Aussehen und die goldene Textur eignen sich f\u00fcr verschiedene Bankette, Hotels, Restaurants und andere Anl\u00e4sse.<\/p>\n\n\n\n<p><strong>Hochwertiger rostfreier Stahl: <\/strong>Die schwarze Chafing Dish ist aus hochwertigem Edelstahl gefertigt, der gleichm\u00e4\u00dfig erhitzt werden kann, verschlei\u00dffest, leicht zu reinigen und f\u00fcr den langfristigen Gebrauch geeignet ist.<\/p>\n\n\n\n<p><strong>Design mit h\u00e4ngendem Deckel: <\/strong>Das innovative Design des H\u00e4ngedeckels erm\u00f6glicht die bequeme Entnahme von Lebensmitteln bei gleichzeitiger effektiver Aufrechterhaltung der Temperatur der Speisen.<\/p>\n\n\n\n<p><strong>Boden und Deckel mit Gravur: <\/strong>einzigartige Gravur-Design f\u00fcgt eine<strong> <\/strong>dem Produkt einen k\u00fcnstlerischen Sinn und steigert seine Attraktivit\u00e4t.<\/p>\n<\/div>\n<\/div>","protected":false},"excerpt":{"rendered":"<p>Black Chafing Dish Dimension: ITEM NO. SIZE LENGTH WIDE HIGHT N.W \/SET DZW-HB045 4.5L 37.7 cm 33.8 cm 60 cm 3800 g DZW-HB060 6.0L 39.5cm 38 cm 65 cm 4200 g DZW-HB080 8.0L 43.5 cm 41 cm 48 cm 4500 g Black Chafing Dish Features: Black and white texture, modern and luxurious finish: It adopts [&hellip;]<\/p>","protected":false},"author":2,"featured_media":5052,"parent":0,"menu_order":0,"template":"","format":"standard","meta":{"_acf_changed":false,"site-sidebar-layout":"default","site-content-layout":"","ast-site-content-layout":"","site-content-style":"default","site-sidebar-style":"default","ast-global-header-display":"","ast-banner-title-visibility":"","ast-main-header-display":"","ast-hfb-above-header-display":"","ast-hfb-below-header-display":"","ast-hfb-mobile-header-display":"","site-post-title":"","ast-breadcrumbs-content":"","ast-featured-img":"","footer-sml-layout":"","theme-transparent-header-meta":"","adv-header-id-meta":"","stick-header-meta":"","header-above-stick-meta":"","header-main-stick-meta":"","header-below-stick-meta":"","astra-migrate-meta-layouts":"default","ast-page-background-enabled":"default","ast-page-background-meta":{"desktop":{"background-color":"var(--ast-global-color-4)","background-image":"","background-repeat":"repeat","background-position":"center center","background-size":"auto","background-attachment":"scroll","background-type":"","background-media":"","overlay-type":"","overlay-color":"","overlay-opacity":"","overlay-gradient":""},"tablet":{"background-color":"","background-image":"","background-repeat":"repeat","background-position":"center center","background-size":"auto","background-attachment":"scroll","background-type":"","background-media":"","overlay-type":"","overlay-color":"","overlay-opacity":"","overlay-gradient":""},"mobile":{"background-color":"","background-image":"","background-repeat":"repeat","background-position":"center center","background-size":"auto","background-attachment":"scroll","background-type":"","background-media":"","overlay-type":"","overlay-color":"","overlay-opacity":"","overlay-gradient":""}},"ast-content-background-meta":{"desktop":{"background-color":"var(--ast-global-color-5)","background-image":"","background-repeat":"repeat","background-position":"center center","background-size":"auto","background-attachment":"scroll","background-type":"","background-media":"","overlay-type":"","overlay-color":"","overlay-opacity":"","overlay-gradient":""},"tablet":{"background-color":"var(--ast-global-color-5)","background-image":"","background-repeat":"repeat","background-position":"center center","background-size":"auto","background-attachment":"scroll","background-type":"","background-media":"","overlay-type":"","overlay-color":"","overlay-opacity":"","overlay-gradient":""},"mobile":{"background-color":"var(--ast-global-color-5)","background-image":"","background-repeat":"repeat","background-position":"center center","background-size":"auto","background-attachment":"scroll","background-type":"","background-media":"","overlay-type":"","overlay-color":"","overlay-opacity":"","overlay-gradient":""}},"footnotes":""},"product-categories":[63],"product-tag":[97,90,91],"class_list":["post-5006","product","type-product","status-publish","format-standard","has-post-thumbnail","hentry","product-categories-chafing-dish","product-tag-chafing-dish-with-hanging-lid","product-tag-fuel-chafing-dish","product-tag-round-chafing-dish"],"acf":{"title":"Gro\u00dfhandel schwarz Chafing Dish Buffet Set Edelstahl rund","title_source":{"label":"Title","type":"text","formatted_value":"Wholesale Black Chafing Dish Buffet Set Stainless Steel Round"},"short_description":"Our wholesale black chafing dish set, with a bright texture design, is modern and fashionable. It is the latest stainless steel buffet set. Directly supplied by the manufacturer, with customized services and factory prices, welcome to inquire today!\r\n","short_description_source":{"label":"Short description","type":"textarea","formatted_value":"Our wholesale black chafing dish set, with a bright texture design, is modern and fashionable. It is the latest stainless steel buffet set. Directly supplied by the manufacturer, with customized services and factory prices, welcome to inquire today!\r\n"},"parameters":"<table border=\"0\" width=\"275\" cellspacing=\"0\" cellpadding=\"0\">\r\n<tbody>\r\n<tr>\r\n<td width=\"108\" height=\"17\">Manufacturer<\/td>\r\n<td width=\"167\">DONGZHAOWEI<\/td>\r\n<\/tr>\r\n<tr>\r\n<td height=\"17\">Material<\/td>\r\n<td>Stainless Steel 201<\/td>\r\n<\/tr>\r\n<tr>\r\n<td height=\"17\">Capacity<\/td>\r\n<td>4 L, 6 L, 8 L<\/td>\r\n<\/tr>\r\n<tr>\r\n<td height=\"17\">Color<\/td>\r\n<td>Gold \/ Black \/ White Marble \/ Wood<\/td>\r\n<\/tr>\r\n<tr>\r\n<td height=\"17\">Design<\/td>\r\n<td>Round<\/td>\r\n<\/tr>\r\n<tr>\r\n<td height=\"17\">Tray<\/td>\r\n<td>No Divided<\/td>\r\n<\/tr>\r\n<tr>\r\n<td height=\"17\">Lid type<\/td>\r\n<td>Hanging Lid<\/td>\r\n<\/tr>\r\n<tr>\r\n<td height=\"17\">Heat<\/td>\r\n<td>Fuel<\/td>\r\n<\/tr>\r\n<tr>\r\n<td height=\"17\">Custom<\/td>\r\n<td>Color\/Logo\/Package<\/td>\r\n<\/tr>\r\n<\/tbody>\r\n<\/table>\r\n&nbsp;","parameters_source":{"label":"Parameters","type":"wysiwyg","formatted_value":"<table border=\"0\" width=\"275\" cellspacing=\"0\" cellpadding=\"0\">\n<tbody>\n<tr>\n<td width=\"108\" height=\"17\">Manufacturer<\/td>\n<td width=\"167\">DONGZHAOWEI<\/td>\n<\/tr>\n<tr>\n<td height=\"17\">Material<\/td>\n<td>Stainless Steel 201<\/td>\n<\/tr>\n<tr>\n<td height=\"17\">Capacity<\/td>\n<td>4 L, 6 L, 8 L<\/td>\n<\/tr>\n<tr>\n<td height=\"17\">Color<\/td>\n<td>Gold \/ Black \/ White Marble \/ Wood<\/td>\n<\/tr>\n<tr>\n<td height=\"17\">Design<\/td>\n<td>Round<\/td>\n<\/tr>\n<tr>\n<td height=\"17\">Tray<\/td>\n<td>No Divided<\/td>\n<\/tr>\n<tr>\n<td height=\"17\">Lid type<\/td>\n<td>Hanging Lid<\/td>\n<\/tr>\n<tr>\n<td height=\"17\">Heat<\/td>\n<td>Fuel<\/td>\n<\/tr>\n<tr>\n<td height=\"17\">Custom<\/td>\n<td>Color\/Logo\/Package<\/td>\n<\/tr>\n<\/tbody>\n<\/table>\n<p>&nbsp;<\/p>\n"},"photo_gallery":{"product_gallery":[[{"id":4996,"title":"wholesale black chafing dish (3)","caption":"wholesale black chafing dish buffet set","full_image_url":"https:\/\/www.dzwchafingdish.com\/wp-content\/uploads\/2025\/02\/wholesale-black-chafing-dish-3.webp","thumbnail_image_url":"https:\/\/www.dzwchafingdish.com\/wp-content\/uploads\/2025\/02\/wholesale-black-chafing-dish-3-150x150.webp","large_srcset":"https:\/\/www.dzwchafingdish.com\/wp-content\/uploads\/2025\/02\/wholesale-black-chafing-dish-3.webp 800w, https:\/\/www.dzwchafingdish.com\/wp-content\/uploads\/2025\/02\/wholesale-black-chafing-dish-3-300x300.webp 300w, https:\/\/www.dzwchafingdish.com\/wp-content\/uploads\/2025\/02\/wholesale-black-chafing-dish-3-150x150.webp 150w, https:\/\/www.dzwchafingdish.com\/wp-content\/uploads\/2025\/02\/wholesale-black-chafing-dish-3-768x768.webp 768w, https:\/\/www.dzwchafingdish.com\/wp-content\/uploads\/2025\/02\/wholesale-black-chafing-dish-3-12x12.webp 12w","medium_srcset":"https:\/\/www.dzwchafingdish.com\/wp-content\/uploads\/2025\/02\/wholesale-black-chafing-dish-3-300x300.webp 300w, https:\/\/www.dzwchafingdish.com\/wp-content\/uploads\/2025\/02\/wholesale-black-chafing-dish-3-150x150.webp 150w, https:\/\/www.dzwchafingdish.com\/wp-content\/uploads\/2025\/02\/wholesale-black-chafing-dish-3-768x768.webp 768w, https:\/\/www.dzwchafingdish.com\/wp-content\/uploads\/2025\/02\/wholesale-black-chafing-dish-3-12x12.webp 12w, https:\/\/www.dzwchafingdish.com\/wp-content\/uploads\/2025\/02\/wholesale-black-chafing-dish-3.webp 800w","media_details":{"width":800,"height":800,"sizes":{"medium":{"file":"wholesale-black-chafing-dish-3-300x300.webp","width":300,"height":300,"mime-type":"image\/webp","filesize":11340,"source_url":"https:\/\/www.dzwchafingdish.com\/wp-content\/uploads\/2025\/02\/wholesale-black-chafing-dish-3-300x300.webp"},"thumbnail":{"file":"wholesale-black-chafing-dish-3-150x150.webp","width":150,"height":150,"mime-type":"image\/webp","filesize":3564,"source_url":"https:\/\/www.dzwchafingdish.com\/wp-content\/uploads\/2025\/02\/wholesale-black-chafing-dish-3-150x150.webp"},"medium_large":{"file":"wholesale-black-chafing-dish-3-768x768.webp","width":768,"height":768,"mime-type":"image\/webp","filesize":51920,"source_url":"https:\/\/www.dzwchafingdish.com\/wp-content\/uploads\/2025\/02\/wholesale-black-chafing-dish-3-768x768.webp"},"trp-custom-language-flag":{"file":"wholesale-black-chafing-dish-3-12x12.webp","width":12,"height":12,"mime-type":"image\/webp","filesize":144,"source_url":"https:\/\/www.dzwchafingdish.com\/wp-content\/uploads\/2025\/02\/wholesale-black-chafing-dish-3-12x12.webp"}}},"alt_text":"wholesale black chafing dish buffet set","url":"","target":""},{"id":4995,"title":"wholesale black chafing dish (1)","caption":"wholesale black chafing dish buffet set","full_image_url":"https:\/\/www.dzwchafingdish.com\/wp-content\/uploads\/2025\/02\/wholesale-black-chafing-dish-1.webp","thumbnail_image_url":"https:\/\/www.dzwchafingdish.com\/wp-content\/uploads\/2025\/02\/wholesale-black-chafing-dish-1-150x150.webp","large_srcset":"https:\/\/www.dzwchafingdish.com\/wp-content\/uploads\/2025\/02\/wholesale-black-chafing-dish-1.webp 800w, https:\/\/www.dzwchafingdish.com\/wp-content\/uploads\/2025\/02\/wholesale-black-chafing-dish-1-300x300.webp 300w, https:\/\/www.dzwchafingdish.com\/wp-content\/uploads\/2025\/02\/wholesale-black-chafing-dish-1-150x150.webp 150w, https:\/\/www.dzwchafingdish.com\/wp-content\/uploads\/2025\/02\/wholesale-black-chafing-dish-1-768x768.webp 768w, https:\/\/www.dzwchafingdish.com\/wp-content\/uploads\/2025\/02\/wholesale-black-chafing-dish-1-12x12.webp 12w","medium_srcset":"https:\/\/www.dzwchafingdish.com\/wp-content\/uploads\/2025\/02\/wholesale-black-chafing-dish-1-300x300.webp 300w, https:\/\/www.dzwchafingdish.com\/wp-content\/uploads\/2025\/02\/wholesale-black-chafing-dish-1-150x150.webp 150w, https:\/\/www.dzwchafingdish.com\/wp-content\/uploads\/2025\/02\/wholesale-black-chafing-dish-1-768x768.webp 768w, https:\/\/www.dzwchafingdish.com\/wp-content\/uploads\/2025\/02\/wholesale-black-chafing-dish-1-12x12.webp 12w, https:\/\/www.dzwchafingdish.com\/wp-content\/uploads\/2025\/02\/wholesale-black-chafing-dish-1.webp 800w","media_details":{"width":800,"height":800,"sizes":{"medium":{"file":"wholesale-black-chafing-dish-1-300x300.webp","width":300,"height":300,"mime-type":"image\/webp","filesize":10878,"source_url":"https:\/\/www.dzwchafingdish.com\/wp-content\/uploads\/2025\/02\/wholesale-black-chafing-dish-1-300x300.webp"},"thumbnail":{"file":"wholesale-black-chafing-dish-1-150x150.webp","width":150,"height":150,"mime-type":"image\/webp","filesize":3492,"source_url":"https:\/\/www.dzwchafingdish.com\/wp-content\/uploads\/2025\/02\/wholesale-black-chafing-dish-1-150x150.webp"},"medium_large":{"file":"wholesale-black-chafing-dish-1-768x768.webp","width":768,"height":768,"mime-type":"image\/webp","filesize":47762,"source_url":"https:\/\/www.dzwchafingdish.com\/wp-content\/uploads\/2025\/02\/wholesale-black-chafing-dish-1-768x768.webp"},"trp-custom-language-flag":{"file":"wholesale-black-chafing-dish-1-12x12.webp","width":12,"height":12,"mime-type":"image\/webp","filesize":138,"source_url":"https:\/\/www.dzwchafingdish.com\/wp-content\/uploads\/2025\/02\/wholesale-black-chafing-dish-1-12x12.webp"}}},"alt_text":"wholesale black chafing dish buffet set","url":"","target":""}]]}},"_links":{"self":[{"href":"https:\/\/www.dzwchafingdish.com\/de\/wp-json\/wp\/v2\/product\/5006","targetHints":{"allow":["GET"]}}],"collection":[{"href":"https:\/\/www.dzwchafingdish.com\/de\/wp-json\/wp\/v2\/product"}],"about":[{"href":"https:\/\/www.dzwchafingdish.com\/de\/wp-json\/wp\/v2\/types\/product"}],"author":[{"embeddable":true,"href":"https:\/\/www.dzwchafingdish.com\/de\/wp-json\/wp\/v2\/users\/2"}],"version-history":[{"count":0,"href":"https:\/\/www.dzwchafingdish.com\/de\/wp-json\/wp\/v2\/product\/5006\/revisions"}],"wp:featuredmedia":[{"embeddable":true,"href":"https:\/\/www.dzwchafingdish.com\/de\/wp-json\/wp\/v2\/media\/5052"}],"wp:attachment":[{"href":"https:\/\/www.dzwchafingdish.com\/de\/wp-json\/wp\/v2\/media?parent=5006"}],"wp:term":[{"taxonomy":"product-categories","embeddable":true,"href":"https:\/\/www.dzwchafingdish.com\/de\/wp-json\/wp\/v2\/product-categories?post=5006"},{"taxonomy":"product-tag","embeddable":true,"href":"https:\/\/www.dzwchafingdish.com\/de\/wp-json\/wp\/v2\/product-tag?post=5006"}],"curies":[{"name":"wp","href":"https:\/\/api.w.org\/{rel}","templated":true}]}}