{"id":5020,"date":"2025-02-17T10:26:58","date_gmt":"2025-02-17T10:26:58","guid":{"rendered":"https:\/\/www.dzwchafingdish.com\/?post_type=product&#038;p=5020"},"modified":"2025-07-17T02:59:09","modified_gmt":"2025-07-17T02:59:09","slug":"wholesale-roll-top-chafing-dish","status":"publish","type":"product","link":"https:\/\/www.dzwchafingdish.com\/de\/product\/wholesale-roll-top-chafing-dish\/","title":{"rendered":"Gro\u00dfhandel Roll Top Chafing Dish, Marmor Buffet Set Bulk"},"content":{"rendered":"<div class=\"wp-block-columns is-layout-flex wp-container-core-columns-is-layout-28f84493 wp-block-columns-is-layout-flex\">\n<div class=\"wp-block-column is-layout-flow wp-block-column-is-layout-flow\">\n<h2 class=\"wp-block-heading\">Roll Top Chafing Dish Dimension:<\/h2>\n\n\n\n<figure class=\"wp-block-table\"><table class=\"has-fixed-layout\"><tbody><tr><td>ARTIKEL NR.<\/td><td>GR\u00d6SSE<\/td><td>LENGTH<\/td><td>WIDE<\/td><td>H\u00d6HE<\/td><td>N.W \/SET<\/td><\/tr><tr><td>DZW-KM723<\/td><td>9L<\/td><td>64 cm<\/td><td>46 cm<\/td><td>45 cm<\/td><td>7900 g<\/td><\/tr><tr><td>DZW-KS723<\/td><td>9L<\/td><td>64 cm<\/td><td>46 cm<\/td><td>45 cm<\/td><td>7900 g<\/td><\/tr><tr><td>DZW-KG723<\/td><td>9L<\/td><td>64 cm<\/td><td>46 cm<\/td><td>45 cm<\/td><td>7900 g<\/td><\/tr><\/tbody><\/table><\/figure>\n<\/div>\n\n\n\n<div class=\"wp-block-column is-layout-flow wp-block-column-is-layout-flow\">\n<div class=\"wp-block-columns is-layout-flex wp-container-core-columns-is-layout-28f84493 wp-block-columns-is-layout-flex\">\n<div class=\"wp-block-column is-layout-flow wp-block-column-is-layout-flow\">\n<figure class=\"wp-block-image aligncenter size-full is-resized\"><img fetchpriority=\"high\" decoding=\"async\" width=\"800\" height=\"800\" src=\"https:\/\/www.dzwchafingdish.com\/wp-content\/uploads\/2025\/02\/wholesale-Roll-top-chafing-dish-marble-1.webp\" alt=\"\" class=\"wp-image-5021\" style=\"width:375px;height:auto\" srcset=\"https:\/\/www.dzwchafingdish.com\/wp-content\/uploads\/2025\/02\/wholesale-Roll-top-chafing-dish-marble-1.webp 800w, https:\/\/www.dzwchafingdish.com\/wp-content\/uploads\/2025\/02\/wholesale-Roll-top-chafing-dish-marble-1-300x300.webp 300w, https:\/\/www.dzwchafingdish.com\/wp-content\/uploads\/2025\/02\/wholesale-Roll-top-chafing-dish-marble-1-150x150.webp 150w, https:\/\/www.dzwchafingdish.com\/wp-content\/uploads\/2025\/02\/wholesale-Roll-top-chafing-dish-marble-1-768x768.webp 768w, https:\/\/www.dzwchafingdish.com\/wp-content\/uploads\/2025\/02\/wholesale-Roll-top-chafing-dish-marble-1-12x12.webp 12w\" sizes=\"(max-width: 800px) 100vw, 800px\" \/><\/figure>\n<\/div>\n<\/div>\n<\/div>\n<\/div>\n\n\n\n<div class=\"wp-block-columns is-layout-flex wp-container-core-columns-is-layout-28f84493 wp-block-columns-is-layout-flex\">\n<div class=\"wp-block-column is-layout-flow wp-block-column-is-layout-flow\">\n<figure class=\"wp-block-image size-full is-resized\"><img decoding=\"async\" width=\"800\" height=\"800\" src=\"https:\/\/www.dzwchafingdish.com\/wp-content\/uploads\/2025\/02\/wholesale-Roll-top-chafing-dish-marble-2.webp\" alt=\"\" class=\"wp-image-5022\" style=\"width:422px;height:auto\" srcset=\"https:\/\/www.dzwchafingdish.com\/wp-content\/uploads\/2025\/02\/wholesale-Roll-top-chafing-dish-marble-2.webp 800w, https:\/\/www.dzwchafingdish.com\/wp-content\/uploads\/2025\/02\/wholesale-Roll-top-chafing-dish-marble-2-300x300.webp 300w, https:\/\/www.dzwchafingdish.com\/wp-content\/uploads\/2025\/02\/wholesale-Roll-top-chafing-dish-marble-2-150x150.webp 150w, https:\/\/www.dzwchafingdish.com\/wp-content\/uploads\/2025\/02\/wholesale-Roll-top-chafing-dish-marble-2-768x768.webp 768w, https:\/\/www.dzwchafingdish.com\/wp-content\/uploads\/2025\/02\/wholesale-Roll-top-chafing-dish-marble-2-12x12.webp 12w\" sizes=\"(max-width: 800px) 100vw, 800px\" \/><\/figure>\n<\/div>\n\n\n\n<div class=\"wp-block-column is-layout-flow wp-block-column-is-layout-flow\">\n<h2 class=\"wp-block-heading\">Roll Top Chafing Dish Merkmale:<\/h2>\n\n\n\n<p><strong>Hochwertiger rostfreier Stahl:<\/strong> Hergestellt aus lebensmittelechtem Edelstahl, hitzebest\u00e4ndig, verschlei\u00dffest und klebt nicht so leicht an der Pfanne<\/p>\n\n\n\n<p><strong>Modedesign: <\/strong>Das rechteckige Erscheinungsbild wird durch die Form des Marmorklappdeckels erg\u00e4nzt, der ein neuartiges Design und moderne Sch\u00f6nheit aufweist.<\/p>\n\n\n\n<p><strong>Sichtfenster aus Glas:<\/strong> Dank des Glasfensters k\u00f6nnen Sie das Essen im Inneren leicht sehen, die Anzahl der Umdrehungen reduzieren und die Temperatur des Essens effektiv halten.<\/p>\n\n\n\n<p><strong>Effizientes Heizen:<\/strong> wahlweise Brennstoffheizung oder Elektroheizung, schnelle und gleichm\u00e4\u00dfige Erw\u00e4rmung, um die zahlreichen Kochanforderungen von Cafeterias und Gro\u00dfk\u00fcchen zu erf\u00fcllen.<\/p>\n<\/div>\n<\/div>\n\n\n\n<p><\/p>","protected":false},"excerpt":{"rendered":"<p>Roll Top Chafing Dish Dimension: ARTIKEL NR. GR\u00d6SSE L\u00c4NGE BREITE H\u00d6HE N.W \/SET DZW-KM723 9L 64 cm 46 cm 45 cm 7900 g DZW-KS723 9L 64 cm 46 cm 45 cm 7900 g DZW-KG723 9L 64 cm 46 cm 45 cm 7900 g Roll Top Chafing Dish Merkmale: Hochwertiger rostfreier Stahl: Hergestellt aus lebensmittelechtem Edelstahl [...]<\/p>","protected":false},"author":2,"featured_media":5021,"parent":0,"menu_order":0,"template":"","format":"standard","meta":{"_acf_changed":false,"site-sidebar-layout":"default","site-content-layout":"","ast-site-content-layout":"","site-content-style":"default","site-sidebar-style":"default","ast-global-header-display":"","ast-banner-title-visibility":"","ast-main-header-display":"","ast-hfb-above-header-display":"","ast-hfb-below-header-display":"","ast-hfb-mobile-header-display":"","site-post-title":"","ast-breadcrumbs-content":"","ast-featured-img":"","footer-sml-layout":"","theme-transparent-header-meta":"","adv-header-id-meta":"","stick-header-meta":"","header-above-stick-meta":"","header-main-stick-meta":"","header-below-stick-meta":"","astra-migrate-meta-layouts":"default","ast-page-background-enabled":"default","ast-page-background-meta":{"desktop":{"background-color":"var(--ast-global-color-4)","background-image":"","background-repeat":"repeat","background-position":"center center","background-size":"auto","background-attachment":"scroll","background-type":"","background-media":"","overlay-type":"","overlay-color":"","overlay-opacity":"","overlay-gradient":""},"tablet":{"background-color":"","background-image":"","background-repeat":"repeat","background-position":"center center","background-size":"auto","background-attachment":"scroll","background-type":"","background-media":"","overlay-type":"","overlay-color":"","overlay-opacity":"","overlay-gradient":""},"mobile":{"background-color":"","background-image":"","background-repeat":"repeat","background-position":"center center","background-size":"auto","background-attachment":"scroll","background-type":"","background-media":"","overlay-type":"","overlay-color":"","overlay-opacity":"","overlay-gradient":""}},"ast-content-background-meta":{"desktop":{"background-color":"var(--ast-global-color-5)","background-image":"","background-repeat":"repeat","background-position":"center center","background-size":"auto","background-attachment":"scroll","background-type":"","background-media":"","overlay-type":"","overlay-color":"","overlay-opacity":"","overlay-gradient":""},"tablet":{"background-color":"var(--ast-global-color-5)","background-image":"","background-repeat":"repeat","background-position":"center center","background-size":"auto","background-attachment":"scroll","background-type":"","background-media":"","overlay-type":"","overlay-color":"","overlay-opacity":"","overlay-gradient":""},"mobile":{"background-color":"var(--ast-global-color-5)","background-image":"","background-repeat":"repeat","background-position":"center center","background-size":"auto","background-attachment":"scroll","background-type":"","background-media":"","overlay-type":"","overlay-color":"","overlay-opacity":"","overlay-gradient":""}},"footnotes":""},"product-categories":[63],"product-tag":[89,90,93,94],"class_list":["post-5020","product","type-product","status-publish","format-standard","has-post-thumbnail","hentry","product-categories-chafing-dish","product-tag-electric-chafing-dish","product-tag-fuel-chafing-dish","product-tag-rectangular-chafing-dish","product-tag-roll-top-chafing-dish"],"acf":{"title":"Gro\u00dfhandel Roll Top Chafing Dish, Marmor Bufet Set Bulk","title_source":{"label":"Title","type":"text","formatted_value":"Wholesale Roll Top Chafing Dish, Marble Bufet Set Bulk"},"short_description":"China Factory Wholesale Roll Top Chafing Dish, New High Quality Customized, Marble Finish, Stylish Rectangular Design, Support Fuel Burner and Electric Heating. OEM\/ODM, Fast Shipping, Contact us now for bulk orders and consultation!","short_description_source":{"label":"Short description","type":"textarea","formatted_value":"China Factory Wholesale Roll Top Chafing Dish, New High Quality Customized, Marble Finish, Stylish Rectangular Design, Support Fuel Burner and Electric Heating. OEM\/ODM, Fast Shipping, Contact us now for bulk orders and consultation!"},"parameters":"<table border=\"0\" width=\"275\" cellspacing=\"0\" cellpadding=\"0\">\r\n<tbody>\r\n<tr>\r\n<td width=\"108\" height=\"17\">Manufacturer<\/td>\r\n<td width=\"167\">DONGZHAOWEI<\/td>\r\n<\/tr>\r\n<tr>\r\n<td height=\"17\">Material<\/td>\r\n<td>Stainless Steel 201<\/td>\r\n<\/tr>\r\n<tr>\r\n<td height=\"17\">Capacity<\/td>\r\n<td>6L\/9 L<\/td>\r\n<\/tr>\r\n<tr>\r\n<td height=\"17\">Color<\/td>\r\n<td>Golden \/ Silver \/ Half Golden \/ Marble<\/td>\r\n<\/tr>\r\n<tr>\r\n<td height=\"17\">Design<\/td>\r\n<td>Rectangular<\/td>\r\n<\/tr>\r\n<tr>\r\n<td height=\"17\">Tray<\/td>\r\n<td>No divided \/ Divided tray<\/td>\r\n<\/tr>\r\n<tr>\r\n<td height=\"17\">Lid type<\/td>\r\n<td>Roll Top Lid with Glass Window<\/td>\r\n<\/tr>\r\n<tr>\r\n<td height=\"17\">Heat<\/td>\r\n<td>Fuel or Electric<\/td>\r\n<\/tr>\r\n<tr>\r\n<td height=\"17\">Custom<\/td>\r\n<td>Color\/Logo\/Package<\/td>\r\n<\/tr>\r\n<\/tbody>\r\n<\/table>","parameters_source":{"label":"Parameters","type":"wysiwyg","formatted_value":"<table border=\"0\" width=\"275\" cellspacing=\"0\" cellpadding=\"0\">\n<tbody>\n<tr>\n<td width=\"108\" height=\"17\">Manufacturer<\/td>\n<td width=\"167\">DONGZHAOWEI<\/td>\n<\/tr>\n<tr>\n<td height=\"17\">Material<\/td>\n<td>Stainless Steel 201<\/td>\n<\/tr>\n<tr>\n<td height=\"17\">Capacity<\/td>\n<td>6L\/9 L<\/td>\n<\/tr>\n<tr>\n<td height=\"17\">Color<\/td>\n<td>Golden \/ Silver \/ Half Golden \/ Marble<\/td>\n<\/tr>\n<tr>\n<td height=\"17\">Design<\/td>\n<td>Rectangular<\/td>\n<\/tr>\n<tr>\n<td height=\"17\">Tray<\/td>\n<td>No divided \/ Divided tray<\/td>\n<\/tr>\n<tr>\n<td height=\"17\">Lid type<\/td>\n<td>Roll Top Lid with Glass Window<\/td>\n<\/tr>\n<tr>\n<td height=\"17\">Heat<\/td>\n<td>Fuel or Electric<\/td>\n<\/tr>\n<tr>\n<td height=\"17\">Custom<\/td>\n<td>Color\/Logo\/Package<\/td>\n<\/tr>\n<\/tbody>\n<\/table>\n"},"photo_gallery":{"product_gallery":[[{"id":5022,"title":"wholesale Roll top chafing dish marble (2)","caption":"wholesale Roll top chafing dish marble ","full_image_url":"https:\/\/www.dzwchafingdish.com\/wp-content\/uploads\/2025\/02\/wholesale-Roll-top-chafing-dish-marble-2.webp","thumbnail_image_url":"https:\/\/www.dzwchafingdish.com\/wp-content\/uploads\/2025\/02\/wholesale-Roll-top-chafing-dish-marble-2-150x150.webp","large_srcset":"https:\/\/www.dzwchafingdish.com\/wp-content\/uploads\/2025\/02\/wholesale-Roll-top-chafing-dish-marble-2.webp 800w, https:\/\/www.dzwchafingdish.com\/wp-content\/uploads\/2025\/02\/wholesale-Roll-top-chafing-dish-marble-2-300x300.webp 300w, https:\/\/www.dzwchafingdish.com\/wp-content\/uploads\/2025\/02\/wholesale-Roll-top-chafing-dish-marble-2-150x150.webp 150w, https:\/\/www.dzwchafingdish.com\/wp-content\/uploads\/2025\/02\/wholesale-Roll-top-chafing-dish-marble-2-768x768.webp 768w, https:\/\/www.dzwchafingdish.com\/wp-content\/uploads\/2025\/02\/wholesale-Roll-top-chafing-dish-marble-2-12x12.webp 12w","medium_srcset":"https:\/\/www.dzwchafingdish.com\/wp-content\/uploads\/2025\/02\/wholesale-Roll-top-chafing-dish-marble-2-300x300.webp 300w, https:\/\/www.dzwchafingdish.com\/wp-content\/uploads\/2025\/02\/wholesale-Roll-top-chafing-dish-marble-2-150x150.webp 150w, https:\/\/www.dzwchafingdish.com\/wp-content\/uploads\/2025\/02\/wholesale-Roll-top-chafing-dish-marble-2-768x768.webp 768w, https:\/\/www.dzwchafingdish.com\/wp-content\/uploads\/2025\/02\/wholesale-Roll-top-chafing-dish-marble-2-12x12.webp 12w, https:\/\/www.dzwchafingdish.com\/wp-content\/uploads\/2025\/02\/wholesale-Roll-top-chafing-dish-marble-2.webp 800w","media_details":{"width":800,"height":800,"sizes":{"medium":{"file":"wholesale-Roll-top-chafing-dish-marble-2-300x300.webp","width":300,"height":300,"mime-type":"image\/webp","filesize":8864,"source_url":"https:\/\/www.dzwchafingdish.com\/wp-content\/uploads\/2025\/02\/wholesale-Roll-top-chafing-dish-marble-2-300x300.webp"},"thumbnail":{"file":"wholesale-Roll-top-chafing-dish-marble-2-150x150.webp","width":150,"height":150,"mime-type":"image\/webp","filesize":3318,"source_url":"https:\/\/www.dzwchafingdish.com\/wp-content\/uploads\/2025\/02\/wholesale-Roll-top-chafing-dish-marble-2-150x150.webp"},"medium_large":{"file":"wholesale-Roll-top-chafing-dish-marble-2-768x768.webp","width":768,"height":768,"mime-type":"image\/webp","filesize":32682,"source_url":"https:\/\/www.dzwchafingdish.com\/wp-content\/uploads\/2025\/02\/wholesale-Roll-top-chafing-dish-marble-2-768x768.webp"},"trp-custom-language-flag":{"file":"wholesale-Roll-top-chafing-dish-marble-2-12x12.webp","width":12,"height":12,"mime-type":"image\/webp","filesize":134,"source_url":"https:\/\/www.dzwchafingdish.com\/wp-content\/uploads\/2025\/02\/wholesale-Roll-top-chafing-dish-marble-2-12x12.webp"}}},"alt_text":"wholesale Roll top chafing dish marble","url":"","target":""},{"id":5023,"title":"custom Roll top chafing dish marble","caption":"custom Roll top chafing dish marble","full_image_url":"https:\/\/www.dzwchafingdish.com\/wp-content\/uploads\/2025\/02\/wholesale-Roll-top-chafing-dish-marble-3.webp","thumbnail_image_url":"https:\/\/www.dzwchafingdish.com\/wp-content\/uploads\/2025\/02\/wholesale-Roll-top-chafing-dish-marble-3-150x150.webp","large_srcset":"https:\/\/www.dzwchafingdish.com\/wp-content\/uploads\/2025\/02\/wholesale-Roll-top-chafing-dish-marble-3.webp 800w, https:\/\/www.dzwchafingdish.com\/wp-content\/uploads\/2025\/02\/wholesale-Roll-top-chafing-dish-marble-3-300x300.webp 300w, https:\/\/www.dzwchafingdish.com\/wp-content\/uploads\/2025\/02\/wholesale-Roll-top-chafing-dish-marble-3-150x150.webp 150w, https:\/\/www.dzwchafingdish.com\/wp-content\/uploads\/2025\/02\/wholesale-Roll-top-chafing-dish-marble-3-768x768.webp 768w, https:\/\/www.dzwchafingdish.com\/wp-content\/uploads\/2025\/02\/wholesale-Roll-top-chafing-dish-marble-3-12x12.webp 12w","medium_srcset":"https:\/\/www.dzwchafingdish.com\/wp-content\/uploads\/2025\/02\/wholesale-Roll-top-chafing-dish-marble-3-300x300.webp 300w, https:\/\/www.dzwchafingdish.com\/wp-content\/uploads\/2025\/02\/wholesale-Roll-top-chafing-dish-marble-3-150x150.webp 150w, https:\/\/www.dzwchafingdish.com\/wp-content\/uploads\/2025\/02\/wholesale-Roll-top-chafing-dish-marble-3-768x768.webp 768w, https:\/\/www.dzwchafingdish.com\/wp-content\/uploads\/2025\/02\/wholesale-Roll-top-chafing-dish-marble-3-12x12.webp 12w, https:\/\/www.dzwchafingdish.com\/wp-content\/uploads\/2025\/02\/wholesale-Roll-top-chafing-dish-marble-3.webp 800w","media_details":{"width":800,"height":800,"sizes":{"medium":{"file":"wholesale-Roll-top-chafing-dish-marble-3-300x300.webp","width":300,"height":300,"mime-type":"image\/webp","filesize":10248,"source_url":"https:\/\/www.dzwchafingdish.com\/wp-content\/uploads\/2025\/02\/wholesale-Roll-top-chafing-dish-marble-3-300x300.webp"},"thumbnail":{"file":"wholesale-Roll-top-chafing-dish-marble-3-150x150.webp","width":150,"height":150,"mime-type":"image\/webp","filesize":3788,"source_url":"https:\/\/www.dzwchafingdish.com\/wp-content\/uploads\/2025\/02\/wholesale-Roll-top-chafing-dish-marble-3-150x150.webp"},"medium_large":{"file":"wholesale-Roll-top-chafing-dish-marble-3-768x768.webp","width":768,"height":768,"mime-type":"image\/webp","filesize":36228,"source_url":"https:\/\/www.dzwchafingdish.com\/wp-content\/uploads\/2025\/02\/wholesale-Roll-top-chafing-dish-marble-3-768x768.webp"},"trp-custom-language-flag":{"file":"wholesale-Roll-top-chafing-dish-marble-3-12x12.webp","width":12,"height":12,"mime-type":"image\/webp","filesize":134,"source_url":"https:\/\/www.dzwchafingdish.com\/wp-content\/uploads\/2025\/02\/wholesale-Roll-top-chafing-dish-marble-3-12x12.webp"}}},"alt_text":"custom Roll top chafing dish marble","url":"","target":""},{"id":5015,"title":"wholesale round chafing dish marble (1)","caption":"wholesale round chafing dish marble ","full_image_url":"https:\/\/www.dzwchafingdish.com\/wp-content\/uploads\/2025\/02\/wholesale-round-chafing-dish-marble-1.webp","thumbnail_image_url":"https:\/\/www.dzwchafingdish.com\/wp-content\/uploads\/2025\/02\/wholesale-round-chafing-dish-marble-1-150x150.webp","large_srcset":"https:\/\/www.dzwchafingdish.com\/wp-content\/uploads\/2025\/02\/wholesale-round-chafing-dish-marble-1.webp 800w, https:\/\/www.dzwchafingdish.com\/wp-content\/uploads\/2025\/02\/wholesale-round-chafing-dish-marble-1-300x300.webp 300w, https:\/\/www.dzwchafingdish.com\/wp-content\/uploads\/2025\/02\/wholesale-round-chafing-dish-marble-1-150x150.webp 150w, https:\/\/www.dzwchafingdish.com\/wp-content\/uploads\/2025\/02\/wholesale-round-chafing-dish-marble-1-768x768.webp 768w, https:\/\/www.dzwchafingdish.com\/wp-content\/uploads\/2025\/02\/wholesale-round-chafing-dish-marble-1-12x12.webp 12w","medium_srcset":"https:\/\/www.dzwchafingdish.com\/wp-content\/uploads\/2025\/02\/wholesale-round-chafing-dish-marble-1-300x300.webp 300w, https:\/\/www.dzwchafingdish.com\/wp-content\/uploads\/2025\/02\/wholesale-round-chafing-dish-marble-1-150x150.webp 150w, https:\/\/www.dzwchafingdish.com\/wp-content\/uploads\/2025\/02\/wholesale-round-chafing-dish-marble-1-768x768.webp 768w, https:\/\/www.dzwchafingdish.com\/wp-content\/uploads\/2025\/02\/wholesale-round-chafing-dish-marble-1-12x12.webp 12w, https:\/\/www.dzwchafingdish.com\/wp-content\/uploads\/2025\/02\/wholesale-round-chafing-dish-marble-1.webp 800w","media_details":{"width":800,"height":800,"sizes":{"medium":{"file":"wholesale-round-chafing-dish-marble-1-300x300.webp","width":300,"height":300,"mime-type":"image\/webp","filesize":8810,"source_url":"https:\/\/www.dzwchafingdish.com\/wp-content\/uploads\/2025\/02\/wholesale-round-chafing-dish-marble-1-300x300.webp"},"thumbnail":{"file":"wholesale-round-chafing-dish-marble-1-150x150.webp","width":150,"height":150,"mime-type":"image\/webp","filesize":3270,"source_url":"https:\/\/www.dzwchafingdish.com\/wp-content\/uploads\/2025\/02\/wholesale-round-chafing-dish-marble-1-150x150.webp"},"medium_large":{"file":"wholesale-round-chafing-dish-marble-1-768x768.webp","width":768,"height":768,"mime-type":"image\/webp","filesize":31668,"source_url":"https:\/\/www.dzwchafingdish.com\/wp-content\/uploads\/2025\/02\/wholesale-round-chafing-dish-marble-1-768x768.webp"},"trp-custom-language-flag":{"file":"wholesale-round-chafing-dish-marble-1-12x12.webp","width":12,"height":12,"mime-type":"image\/webp","filesize":130,"source_url":"https:\/\/www.dzwchafingdish.com\/wp-content\/uploads\/2025\/02\/wholesale-round-chafing-dish-marble-1-12x12.webp"}}},"alt_text":"wholesale round chafing dish marble","url":"","target":""}]]}},"_links":{"self":[{"href":"https:\/\/www.dzwchafingdish.com\/de\/wp-json\/wp\/v2\/product\/5020","targetHints":{"allow":["GET"]}}],"collection":[{"href":"https:\/\/www.dzwchafingdish.com\/de\/wp-json\/wp\/v2\/product"}],"about":[{"href":"https:\/\/www.dzwchafingdish.com\/de\/wp-json\/wp\/v2\/types\/product"}],"author":[{"embeddable":true,"href":"https:\/\/www.dzwchafingdish.com\/de\/wp-json\/wp\/v2\/users\/2"}],"version-history":[{"count":0,"href":"https:\/\/www.dzwchafingdish.com\/de\/wp-json\/wp\/v2\/product\/5020\/revisions"}],"wp:featuredmedia":[{"embeddable":true,"href":"https:\/\/www.dzwchafingdish.com\/de\/wp-json\/wp\/v2\/media\/5021"}],"wp:attachment":[{"href":"https:\/\/www.dzwchafingdish.com\/de\/wp-json\/wp\/v2\/media?parent=5020"}],"wp:term":[{"taxonomy":"product-categories","embeddable":true,"href":"https:\/\/www.dzwchafingdish.com\/de\/wp-json\/wp\/v2\/product-categories?post=5020"},{"taxonomy":"product-tag","embeddable":true,"href":"https:\/\/www.dzwchafingdish.com\/de\/wp-json\/wp\/v2\/product-tag?post=5020"}],"curies":[{"name":"wp","href":"https:\/\/api.w.org\/{rel}","templated":true}]}}