{"id":7003,"date":"2026-01-05T10:44:37","date_gmt":"2026-01-05T10:44:37","guid":{"rendered":"https:\/\/www.dzwchafingdish.com\/?post_type=product&#038;p=7003"},"modified":"2026-01-29T01:48:59","modified_gmt":"2026-01-29T01:48:59","slug":"wholesale-chafing-dish-roll-top","status":"publish","type":"product","link":"https:\/\/www.dzwchafingdish.com\/de\/product\/wholesale-chafing-dish-roll-top\/","title":{"rendered":"Gro\u00dfhandel Chafing Dish Roll Top Lebensmittel Wramer Buffet Set Silber Gold Custom"},"content":{"rendered":"<div class=\"wp-block-columns is-layout-flex wp-container-core-columns-is-layout-28f84493 wp-block-columns-is-layout-flex\">\n<div class=\"wp-block-column is-vertically-aligned-center is-layout-flow wp-block-column-is-layout-flow\">\n<h2 class=\"wp-block-heading\">Chafing Dish Roll Top Dimension:<\/h2>\n\n\n\n<figure class=\"wp-block-table\"><table><tbody><tr><td>ARTIKEL NR.<\/td><td>Farbe<\/td><td>Kapazit\u00e4t<\/td><td>LENGTH<\/td><td>WIDE<\/td><td>H\u00d6HE<\/td><td>N.W \/SET<\/td><\/tr><tr><td>DZW-G720<\/td><td>Gold<\/td><td>4.5L<\/td><td>48 cm<\/td><td>32 cm<\/td><td>44 cm<\/td><td>4500 g<\/td><\/tr><tr><td>DZW-S720<\/td><td>Silber<\/td><td>4.5L<\/td><td>48 cm<\/td><td>32 cm<\/td><td>44 cm<\/td><td>4500 g<\/td><\/tr><\/tbody><\/table><\/figure>\n<\/div>\n\n\n\n<div class=\"wp-block-column is-layout-flow wp-block-column-is-layout-flow\">\n<div class=\"wp-block-columns is-layout-flex wp-container-core-columns-is-layout-28f84493 wp-block-columns-is-layout-flex\">\n<div class=\"wp-block-column is-layout-flow wp-block-column-is-layout-flow\">\n<div class=\"wp-block-columns is-layout-flex wp-container-core-columns-is-layout-28f84493 wp-block-columns-is-layout-flex\">\n<div class=\"wp-block-column is-layout-flow wp-block-column-is-layout-flow\">\n<figure class=\"wp-block-image size-full\"><img fetchpriority=\"high\" decoding=\"async\" width=\"3024\" height=\"3024\" src=\"https:\/\/www.dzwchafingdish.com\/wp-content\/uploads\/2026\/01\/wholesale-chafing-dish-roll-top-3.webp\" alt=\"Gro\u00dfhandel Chafing Dish Roll Top (3)\" class=\"wp-image-7018\" srcset=\"https:\/\/www.dzwchafingdish.com\/wp-content\/uploads\/2026\/01\/wholesale-chafing-dish-roll-top-3.webp 3024w, https:\/\/www.dzwchafingdish.com\/wp-content\/uploads\/2026\/01\/wholesale-chafing-dish-roll-top-3-300x300.webp 300w, https:\/\/www.dzwchafingdish.com\/wp-content\/uploads\/2026\/01\/wholesale-chafing-dish-roll-top-3-150x150.webp 150w, https:\/\/www.dzwchafingdish.com\/wp-content\/uploads\/2026\/01\/wholesale-chafing-dish-roll-top-3-768x768.webp 768w, https:\/\/www.dzwchafingdish.com\/wp-content\/uploads\/2026\/01\/wholesale-chafing-dish-roll-top-3-12x12.webp 12w\" sizes=\"(max-width: 3024px) 100vw, 3024px\" \/><\/figure>\n<\/div>\n\n\n\n<div class=\"wp-block-column is-layout-flow wp-block-column-is-layout-flow\">\n<figure class=\"wp-block-image size-full\"><img decoding=\"async\" width=\"2826\" height=\"2826\" src=\"https:\/\/www.dzwchafingdish.com\/wp-content\/uploads\/2026\/01\/wholesale-chafing-dish-roll-top-gold-custom-6.webp\" alt=\"Gro\u00dfhandel Chafing Dish Roll Top Gold benutzerdefinierte (6)\" class=\"wp-image-7015\" srcset=\"https:\/\/www.dzwchafingdish.com\/wp-content\/uploads\/2026\/01\/wholesale-chafing-dish-roll-top-gold-custom-6.webp 2826w, https:\/\/www.dzwchafingdish.com\/wp-content\/uploads\/2026\/01\/wholesale-chafing-dish-roll-top-gold-custom-6-300x300.webp 300w, https:\/\/www.dzwchafingdish.com\/wp-content\/uploads\/2026\/01\/wholesale-chafing-dish-roll-top-gold-custom-6-150x150.webp 150w, https:\/\/www.dzwchafingdish.com\/wp-content\/uploads\/2026\/01\/wholesale-chafing-dish-roll-top-gold-custom-6-768x768.webp 768w, https:\/\/www.dzwchafingdish.com\/wp-content\/uploads\/2026\/01\/wholesale-chafing-dish-roll-top-gold-custom-6-12x12.webp 12w\" sizes=\"(max-width: 2826px) 100vw, 2826px\" \/><\/figure>\n<\/div>\n<\/div>\n<\/div>\n<\/div>\n<\/div>\n<\/div>\n\n\n\n<div class=\"wp-block-columns is-layout-flex wp-container-core-columns-is-layout-28f84493 wp-block-columns-is-layout-flex\">\n<div class=\"wp-block-column is-layout-flow wp-block-column-is-layout-flow\">\n<figure class=\"wp-block-image size-full\"><img decoding=\"async\" width=\"3024\" height=\"3024\" src=\"https:\/\/www.dzwchafingdish.com\/wp-content\/uploads\/2026\/01\/wholesale-chafing-dish-roll-top-custom-silver-5.webp\" alt=\"Gro\u00dfhandel Chafing Dish Roll Top benutzerdefinierte Silber (5)\" class=\"wp-image-7007\" srcset=\"https:\/\/www.dzwchafingdish.com\/wp-content\/uploads\/2026\/01\/wholesale-chafing-dish-roll-top-custom-silver-5.webp 3024w, https:\/\/www.dzwchafingdish.com\/wp-content\/uploads\/2026\/01\/wholesale-chafing-dish-roll-top-custom-silver-5-300x300.webp 300w, https:\/\/www.dzwchafingdish.com\/wp-content\/uploads\/2026\/01\/wholesale-chafing-dish-roll-top-custom-silver-5-150x150.webp 150w, https:\/\/www.dzwchafingdish.com\/wp-content\/uploads\/2026\/01\/wholesale-chafing-dish-roll-top-custom-silver-5-768x768.webp 768w, https:\/\/www.dzwchafingdish.com\/wp-content\/uploads\/2026\/01\/wholesale-chafing-dish-roll-top-custom-silver-5-12x12.webp 12w\" sizes=\"(max-width: 3024px) 100vw, 3024px\" \/><\/figure>\n<\/div>\n\n\n\n<div class=\"wp-block-column is-layout-flow wp-block-column-is-layout-flow\">\n<h2 class=\"wp-block-heading\">Chafing Dish Roll Top Merkmale:<\/h2>\n\n\n\n<p><strong>Premium-Edelstahl Material: <\/strong>Die Oberfl\u00e4che aus hochgl\u00e4nzendem Edelstahl ist glatt, korrosionsbest\u00e4ndig und leicht zu reinigen. Sie beh\u00e4lt ihr gl\u00e4nzendes Aussehen auch nach l\u00e4ngerem Gebrauch bei und eignet sich daher f\u00fcr hochfrequentierte Caterings und Bankette.<\/p>\n\n\n\n<p><strong>Hybrid-Roll-Top-Design:<\/strong> Der halbkugelf\u00f6rmige Flip-Top l\u00e4sst sich leicht \u00f6ffnen und schlie\u00dfen und erleichtert die Entnahme und Beobachtung von Lebensmitteln, w\u00e4hrend er die W\u00e4rme effektiv einschlie\u00dft, um die Temperatur und die Beschaffenheit der Lebensmittel zu erhalten.<\/p>\n\n\n\n<p><strong>Sicher und zuverl\u00e4ssig<\/strong>: Vier robuste Metallf\u00fc\u00dfe und ein unteres Heizelement sorgen f\u00fcr eine kontinuierliche Erw\u00e4rmung, so dass er sich f\u00fcr eine lange W\u00e4rmeerhaltung oder langsames Garen eignet und den Anforderungen von Hotels, Restaurants und gro\u00dfen Veranstaltungen gerecht wird.<\/p>\n\n\n\n<p><strong>High-End-Erscheinung<\/strong>: Individuell gestaltbare, vergoldete Servierutensilien mit Markenlogo; erh\u00e4ltlich in Gold- und Silberausf\u00fchrung, die den Esstischen oder Bankettr\u00e4umen einen Hauch von Raffinesse und visuellem Reiz verleihen.<\/p>\n<\/div>\n<\/div>","protected":false},"excerpt":{"rendered":"<p>Chafing Dish Roll Top Dimension: ITEM NO. Color Capacity LENGTH WIDE HIGHT N.W \/SET DZW-G720 Gold 4.5L 48 cm 32 cm 44 cm 4500 g DZW-S720 Silver 4.5L 48 cm 32 cm 44 cm 4500 g Chafing Dish Roll Top Features: Premium Stainless Steel Material: Crafted from high-brightness stainless steel, the surface is smooth, corrosion-resistant, [&hellip;]<\/p>","protected":false},"author":3,"featured_media":7005,"parent":0,"menu_order":0,"template":"","format":"standard","meta":{"_acf_changed":false,"site-sidebar-layout":"default","site-content-layout":"","ast-site-content-layout":"default","site-content-style":"default","site-sidebar-style":"default","ast-global-header-display":"","ast-banner-title-visibility":"","ast-main-header-display":"","ast-hfb-above-header-display":"","ast-hfb-below-header-display":"","ast-hfb-mobile-header-display":"","site-post-title":"","ast-breadcrumbs-content":"","ast-featured-img":"","footer-sml-layout":"","theme-transparent-header-meta":"","adv-header-id-meta":"","stick-header-meta":"","header-above-stick-meta":"","header-main-stick-meta":"","header-below-stick-meta":"","astra-migrate-meta-layouts":"default","ast-page-background-enabled":"default","ast-page-background-meta":{"desktop":{"background-color":"var(--ast-global-color-4)","background-image":"","background-repeat":"repeat","background-position":"center center","background-size":"auto","background-attachment":"scroll","background-type":"","background-media":"","overlay-type":"","overlay-color":"","overlay-opacity":"","overlay-gradient":""},"tablet":{"background-color":"","background-image":"","background-repeat":"repeat","background-position":"center center","background-size":"auto","background-attachment":"scroll","background-type":"","background-media":"","overlay-type":"","overlay-color":"","overlay-opacity":"","overlay-gradient":""},"mobile":{"background-color":"","background-image":"","background-repeat":"repeat","background-position":"center center","background-size":"auto","background-attachment":"scroll","background-type":"","background-media":"","overlay-type":"","overlay-color":"","overlay-opacity":"","overlay-gradient":""}},"ast-content-background-meta":{"desktop":{"background-color":"var(--ast-global-color-5)","background-image":"","background-repeat":"repeat","background-position":"center center","background-size":"auto","background-attachment":"scroll","background-type":"","background-media":"","overlay-type":"","overlay-color":"","overlay-opacity":"","overlay-gradient":""},"tablet":{"background-color":"var(--ast-global-color-5)","background-image":"","background-repeat":"repeat","background-position":"center center","background-size":"auto","background-attachment":"scroll","background-type":"","background-media":"","overlay-type":"","overlay-color":"","overlay-opacity":"","overlay-gradient":""},"mobile":{"background-color":"var(--ast-global-color-5)","background-image":"","background-repeat":"repeat","background-position":"center center","background-size":"auto","background-attachment":"scroll","background-type":"","background-media":"","overlay-type":"","overlay-color":"","overlay-opacity":"","overlay-gradient":""}},"footnotes":""},"product-categories":[63],"product-tag":[97,90,91],"class_list":["post-7003","product","type-product","status-publish","format-standard","has-post-thumbnail","hentry","product-categories-chafing-dish","product-tag-chafing-dish-with-hanging-lid","product-tag-fuel-chafing-dish","product-tag-round-chafing-dish"],"acf":{"title":"Gro\u00dfhandel Chafing Dish Roll Top Lebensmittel Wramer Buffet Set Silber Gold Custom","title_source":{"label":"Title","type":"text","formatted_value":"Wholesale Chafing Dish Roll Top Food Wramer Buffet Set Silver Gold Custom"},"short_description":"Dongzhaowei wholesale chafing dish roll top, made of durable and easy-to-clean stainless steel, features a mirror finish, an arched lid, and a 4.5L capacity, making it suitable for hotel banquets and wedding buffets. We offer various customization options; please inquire for a quote!","short_description_source":{"label":"Short description","type":"textarea","formatted_value":"Dongzhaowei wholesale chafing dish roll top, made of durable and easy-to-clean stainless steel, features a mirror finish, an arched lid, and a 4.5L capacity, making it suitable for hotel banquets and wedding buffets. We offer various customization options; please inquire for a quote!"},"parameters":"<table border=\"0\" width=\"275\" cellspacing=\"0\" cellpadding=\"0\">\r\n<tbody>\r\n<tr>\r\n<td width=\"108\" height=\"17\">Manufacturer<\/td>\r\n<td width=\"167\">DONGZHAOWEI<\/td>\r\n<\/tr>\r\n<tr>\r\n<td height=\"17\">Material<\/td>\r\n<td>Stainless Steel 201<\/td>\r\n<\/tr>\r\n<tr>\r\n<td height=\"17\">Capacity<\/td>\r\n<td>4.5L<\/td>\r\n<\/tr>\r\n<tr>\r\n<td height=\"17\">Color<\/td>\r\n<td>Gold, Silver<\/td>\r\n<\/tr>\r\n<tr>\r\n<td height=\"17\">Design<\/td>\r\n<td>Hemispherical Design<\/td>\r\n<\/tr>\r\n<tr>\r\n<td height=\"17\">Tray<\/td>\r\n<td>No divided \/ Divided tray<\/td>\r\n<\/tr>\r\n<tr>\r\n<td height=\"17\">Lid type<\/td>\r\n<td>Roll Top Lid<\/td>\r\n<\/tr>\r\n<tr>\r\n<td height=\"17\">Heat<\/td>\r\n<td>Fuel<\/td>\r\n<\/tr>\r\n<tr>\r\n<td height=\"17\">Custom<\/td>\r\n<td>Color\/Logo\/Package<\/td>\r\n<\/tr>\r\n<\/tbody>\r\n<\/table>","parameters_source":{"label":"Parameters","type":"wysiwyg","formatted_value":"<table border=\"0\" width=\"275\" cellspacing=\"0\" cellpadding=\"0\">\n<tbody>\n<tr>\n<td width=\"108\" height=\"17\">Manufacturer<\/td>\n<td width=\"167\">DONGZHAOWEI<\/td>\n<\/tr>\n<tr>\n<td height=\"17\">Material<\/td>\n<td>Stainless Steel 201<\/td>\n<\/tr>\n<tr>\n<td height=\"17\">Capacity<\/td>\n<td>4.5L<\/td>\n<\/tr>\n<tr>\n<td height=\"17\">Color<\/td>\n<td>Gold, Silver<\/td>\n<\/tr>\n<tr>\n<td height=\"17\">Design<\/td>\n<td>Hemispherical Design<\/td>\n<\/tr>\n<tr>\n<td height=\"17\">Tray<\/td>\n<td>No divided \/ Divided tray<\/td>\n<\/tr>\n<tr>\n<td height=\"17\">Lid type<\/td>\n<td>Roll Top Lid<\/td>\n<\/tr>\n<tr>\n<td height=\"17\">Heat<\/td>\n<td>Fuel<\/td>\n<\/tr>\n<tr>\n<td height=\"17\">Custom<\/td>\n<td>Color\/Logo\/Package<\/td>\n<\/tr>\n<\/tbody>\n<\/table>\n"},"photo_gallery":{"product_gallery":[[{"id":7008,"title":"wholesale chafing dish roll top custom silver (6)","caption":"","full_image_url":"https:\/\/www.dzwchafingdish.com\/wp-content\/uploads\/2026\/01\/wholesale-chafing-dish-roll-top-custom-silver-6.webp","thumbnail_image_url":"https:\/\/www.dzwchafingdish.com\/wp-content\/uploads\/2026\/01\/wholesale-chafing-dish-roll-top-custom-silver-6-150x150.webp","large_srcset":"https:\/\/www.dzwchafingdish.com\/wp-content\/uploads\/2026\/01\/wholesale-chafing-dish-roll-top-custom-silver-6.webp 2844w, https:\/\/www.dzwchafingdish.com\/wp-content\/uploads\/2026\/01\/wholesale-chafing-dish-roll-top-custom-silver-6-300x300.webp 300w, https:\/\/www.dzwchafingdish.com\/wp-content\/uploads\/2026\/01\/wholesale-chafing-dish-roll-top-custom-silver-6-150x150.webp 150w, https:\/\/www.dzwchafingdish.com\/wp-content\/uploads\/2026\/01\/wholesale-chafing-dish-roll-top-custom-silver-6-768x768.webp 768w, https:\/\/www.dzwchafingdish.com\/wp-content\/uploads\/2026\/01\/wholesale-chafing-dish-roll-top-custom-silver-6-12x12.webp 12w","medium_srcset":"https:\/\/www.dzwchafingdish.com\/wp-content\/uploads\/2026\/01\/wholesale-chafing-dish-roll-top-custom-silver-6-300x300.webp 300w, https:\/\/www.dzwchafingdish.com\/wp-content\/uploads\/2026\/01\/wholesale-chafing-dish-roll-top-custom-silver-6-150x150.webp 150w, https:\/\/www.dzwchafingdish.com\/wp-content\/uploads\/2026\/01\/wholesale-chafing-dish-roll-top-custom-silver-6-768x768.webp 768w, https:\/\/www.dzwchafingdish.com\/wp-content\/uploads\/2026\/01\/wholesale-chafing-dish-roll-top-custom-silver-6-12x12.webp 12w","media_details":{"width":2844,"height":2844,"sizes":{"medium":{"file":"wholesale-chafing-dish-roll-top-custom-silver-6-300x300.webp","width":300,"height":300,"mime-type":"image\/webp","filesize":12500,"source_url":"https:\/\/www.dzwchafingdish.com\/wp-content\/uploads\/2026\/01\/wholesale-chafing-dish-roll-top-custom-silver-6-300x300.webp"},"thumbnail":{"file":"wholesale-chafing-dish-roll-top-custom-silver-6-150x150.webp","width":150,"height":150,"mime-type":"image\/webp","filesize":4352,"source_url":"https:\/\/www.dzwchafingdish.com\/wp-content\/uploads\/2026\/01\/wholesale-chafing-dish-roll-top-custom-silver-6-150x150.webp"},"medium_large":{"file":"wholesale-chafing-dish-roll-top-custom-silver-6-768x768.webp","width":768,"height":768,"mime-type":"image\/webp","filesize":50776,"source_url":"https:\/\/www.dzwchafingdish.com\/wp-content\/uploads\/2026\/01\/wholesale-chafing-dish-roll-top-custom-silver-6-768x768.webp"},"trp-custom-language-flag":{"file":"wholesale-chafing-dish-roll-top-custom-silver-6-12x12.webp","width":12,"height":12,"mime-type":"image\/webp","filesize":136,"source_url":"https:\/\/www.dzwchafingdish.com\/wp-content\/uploads\/2026\/01\/wholesale-chafing-dish-roll-top-custom-silver-6-12x12.webp"},"htliser_size_396x360":{"file":"wholesale-chafing-dish-roll-top-custom-silver-6-396x360.webp","width":396,"height":360,"mime-type":"image\/webp","filesize":18412,"source_url":"https:\/\/www.dzwchafingdish.com\/wp-content\/uploads\/2026\/01\/wholesale-chafing-dish-roll-top-custom-silver-6-396x360.webp"},"htslider_size_1170x536":{"file":"wholesale-chafing-dish-roll-top-custom-silver-6-1170x536.webp","width":1170,"height":536,"mime-type":"image\/webp","filesize":68388,"source_url":"https:\/\/www.dzwchafingdish.com\/wp-content\/uploads\/2026\/01\/wholesale-chafing-dish-roll-top-custom-silver-6-1170x536.webp"}}},"alt_text":"wholesale chafing dish roll top custom silver (6)","url":"","target":""},{"id":7015,"title":"wholesale chafing dish roll top gold custom (6)","caption":"","full_image_url":"https:\/\/www.dzwchafingdish.com\/wp-content\/uploads\/2026\/01\/wholesale-chafing-dish-roll-top-gold-custom-6.webp","thumbnail_image_url":"https:\/\/www.dzwchafingdish.com\/wp-content\/uploads\/2026\/01\/wholesale-chafing-dish-roll-top-gold-custom-6-150x150.webp","large_srcset":"https:\/\/www.dzwchafingdish.com\/wp-content\/uploads\/2026\/01\/wholesale-chafing-dish-roll-top-gold-custom-6.webp 2826w, https:\/\/www.dzwchafingdish.com\/wp-content\/uploads\/2026\/01\/wholesale-chafing-dish-roll-top-gold-custom-6-300x300.webp 300w, https:\/\/www.dzwchafingdish.com\/wp-content\/uploads\/2026\/01\/wholesale-chafing-dish-roll-top-gold-custom-6-150x150.webp 150w, https:\/\/www.dzwchafingdish.com\/wp-content\/uploads\/2026\/01\/wholesale-chafing-dish-roll-top-gold-custom-6-768x768.webp 768w, https:\/\/www.dzwchafingdish.com\/wp-content\/uploads\/2026\/01\/wholesale-chafing-dish-roll-top-gold-custom-6-12x12.webp 12w","medium_srcset":"https:\/\/www.dzwchafingdish.com\/wp-content\/uploads\/2026\/01\/wholesale-chafing-dish-roll-top-gold-custom-6-300x300.webp 300w, https:\/\/www.dzwchafingdish.com\/wp-content\/uploads\/2026\/01\/wholesale-chafing-dish-roll-top-gold-custom-6-150x150.webp 150w, https:\/\/www.dzwchafingdish.com\/wp-content\/uploads\/2026\/01\/wholesale-chafing-dish-roll-top-gold-custom-6-768x768.webp 768w, https:\/\/www.dzwchafingdish.com\/wp-content\/uploads\/2026\/01\/wholesale-chafing-dish-roll-top-gold-custom-6-12x12.webp 12w","media_details":{"width":2826,"height":2826,"sizes":{"medium":{"file":"wholesale-chafing-dish-roll-top-gold-custom-6-300x300.webp","width":300,"height":300,"mime-type":"image\/webp","filesize":20152,"source_url":"https:\/\/www.dzwchafingdish.com\/wp-content\/uploads\/2026\/01\/wholesale-chafing-dish-roll-top-gold-custom-6-300x300.webp"},"thumbnail":{"file":"wholesale-chafing-dish-roll-top-gold-custom-6-150x150.webp","width":150,"height":150,"mime-type":"image\/webp","filesize":7592,"source_url":"https:\/\/www.dzwchafingdish.com\/wp-content\/uploads\/2026\/01\/wholesale-chafing-dish-roll-top-gold-custom-6-150x150.webp"},"medium_large":{"file":"wholesale-chafing-dish-roll-top-gold-custom-6-768x768.webp","width":768,"height":768,"mime-type":"image\/webp","filesize":68290,"source_url":"https:\/\/www.dzwchafingdish.com\/wp-content\/uploads\/2026\/01\/wholesale-chafing-dish-roll-top-gold-custom-6-768x768.webp"},"trp-custom-language-flag":{"file":"wholesale-chafing-dish-roll-top-gold-custom-6-12x12.webp","width":12,"height":12,"mime-type":"image\/webp","filesize":164,"source_url":"https:\/\/www.dzwchafingdish.com\/wp-content\/uploads\/2026\/01\/wholesale-chafing-dish-roll-top-gold-custom-6-12x12.webp"},"htliser_size_396x360":{"file":"wholesale-chafing-dish-roll-top-gold-custom-6-396x360.webp","width":396,"height":360,"mime-type":"image\/webp","filesize":27776,"source_url":"https:\/\/www.dzwchafingdish.com\/wp-content\/uploads\/2026\/01\/wholesale-chafing-dish-roll-top-gold-custom-6-396x360.webp"},"htslider_size_1170x536":{"file":"wholesale-chafing-dish-roll-top-gold-custom-6-1170x536.webp","width":1170,"height":536,"mime-type":"image\/webp","filesize":63954,"source_url":"https:\/\/www.dzwchafingdish.com\/wp-content\/uploads\/2026\/01\/wholesale-chafing-dish-roll-top-gold-custom-6-1170x536.webp"}}},"alt_text":"wholesale chafing dish roll top gold custom (6)","url":"","target":""},{"id":7018,"title":"wholesale chafing dish roll top (3)","caption":"","full_image_url":"https:\/\/www.dzwchafingdish.com\/wp-content\/uploads\/2026\/01\/wholesale-chafing-dish-roll-top-3.webp","thumbnail_image_url":"https:\/\/www.dzwchafingdish.com\/wp-content\/uploads\/2026\/01\/wholesale-chafing-dish-roll-top-3-150x150.webp","large_srcset":"https:\/\/www.dzwchafingdish.com\/wp-content\/uploads\/2026\/01\/wholesale-chafing-dish-roll-top-3.webp 3024w, https:\/\/www.dzwchafingdish.com\/wp-content\/uploads\/2026\/01\/wholesale-chafing-dish-roll-top-3-300x300.webp 300w, https:\/\/www.dzwchafingdish.com\/wp-content\/uploads\/2026\/01\/wholesale-chafing-dish-roll-top-3-150x150.webp 150w, https:\/\/www.dzwchafingdish.com\/wp-content\/uploads\/2026\/01\/wholesale-chafing-dish-roll-top-3-768x768.webp 768w, https:\/\/www.dzwchafingdish.com\/wp-content\/uploads\/2026\/01\/wholesale-chafing-dish-roll-top-3-12x12.webp 12w","medium_srcset":"https:\/\/www.dzwchafingdish.com\/wp-content\/uploads\/2026\/01\/wholesale-chafing-dish-roll-top-3-300x300.webp 300w, https:\/\/www.dzwchafingdish.com\/wp-content\/uploads\/2026\/01\/wholesale-chafing-dish-roll-top-3-150x150.webp 150w, https:\/\/www.dzwchafingdish.com\/wp-content\/uploads\/2026\/01\/wholesale-chafing-dish-roll-top-3-768x768.webp 768w, https:\/\/www.dzwchafingdish.com\/wp-content\/uploads\/2026\/01\/wholesale-chafing-dish-roll-top-3-12x12.webp 12w","media_details":{"width":3024,"height":3024,"sizes":{"medium":{"file":"wholesale-chafing-dish-roll-top-3-300x300.webp","width":300,"height":300,"mime-type":"image\/webp","filesize":18362,"source_url":"https:\/\/www.dzwchafingdish.com\/wp-content\/uploads\/2026\/01\/wholesale-chafing-dish-roll-top-3-300x300.webp"},"thumbnail":{"file":"wholesale-chafing-dish-roll-top-3-150x150.webp","width":150,"height":150,"mime-type":"image\/webp","filesize":6964,"source_url":"https:\/\/www.dzwchafingdish.com\/wp-content\/uploads\/2026\/01\/wholesale-chafing-dish-roll-top-3-150x150.webp"},"medium_large":{"file":"wholesale-chafing-dish-roll-top-3-768x768.webp","width":768,"height":768,"mime-type":"image\/webp","filesize":57874,"source_url":"https:\/\/www.dzwchafingdish.com\/wp-content\/uploads\/2026\/01\/wholesale-chafing-dish-roll-top-3-768x768.webp"},"trp-custom-language-flag":{"file":"wholesale-chafing-dish-roll-top-3-12x12.webp","width":12,"height":12,"mime-type":"image\/webp","filesize":134,"source_url":"https:\/\/www.dzwchafingdish.com\/wp-content\/uploads\/2026\/01\/wholesale-chafing-dish-roll-top-3-12x12.webp"},"htliser_size_396x360":{"file":"wholesale-chafing-dish-roll-top-3-396x360.webp","width":396,"height":360,"mime-type":"image\/webp","filesize":24278,"source_url":"https:\/\/www.dzwchafingdish.com\/wp-content\/uploads\/2026\/01\/wholesale-chafing-dish-roll-top-3-396x360.webp"},"htslider_size_1170x536":{"file":"wholesale-chafing-dish-roll-top-3-1170x536.webp","width":1170,"height":536,"mime-type":"image\/webp","filesize":50730,"source_url":"https:\/\/www.dzwchafingdish.com\/wp-content\/uploads\/2026\/01\/wholesale-chafing-dish-roll-top-3-1170x536.webp"}}},"alt_text":"wholesale chafing dish roll top (3)","url":"","target":""}]]}},"_links":{"self":[{"href":"https:\/\/www.dzwchafingdish.com\/de\/wp-json\/wp\/v2\/product\/7003","targetHints":{"allow":["GET"]}}],"collection":[{"href":"https:\/\/www.dzwchafingdish.com\/de\/wp-json\/wp\/v2\/product"}],"about":[{"href":"https:\/\/www.dzwchafingdish.com\/de\/wp-json\/wp\/v2\/types\/product"}],"author":[{"embeddable":true,"href":"https:\/\/www.dzwchafingdish.com\/de\/wp-json\/wp\/v2\/users\/3"}],"version-history":[{"count":0,"href":"https:\/\/www.dzwchafingdish.com\/de\/wp-json\/wp\/v2\/product\/7003\/revisions"}],"wp:featuredmedia":[{"embeddable":true,"href":"https:\/\/www.dzwchafingdish.com\/de\/wp-json\/wp\/v2\/media\/7005"}],"wp:attachment":[{"href":"https:\/\/www.dzwchafingdish.com\/de\/wp-json\/wp\/v2\/media?parent=7003"}],"wp:term":[{"taxonomy":"product-categories","embeddable":true,"href":"https:\/\/www.dzwchafingdish.com\/de\/wp-json\/wp\/v2\/product-categories?post=7003"},{"taxonomy":"product-tag","embeddable":true,"href":"https:\/\/www.dzwchafingdish.com\/de\/wp-json\/wp\/v2\/product-tag?post=7003"}],"curies":[{"name":"wp","href":"https:\/\/api.w.org\/{rel}","templated":true}]}}