{"id":7084,"date":"2026-01-19T06:59:03","date_gmt":"2026-01-19T06:59:03","guid":{"rendered":"https:\/\/www.dzwchafingdish.com\/?post_type=product&#038;p=7084"},"modified":"2026-01-29T01:54:19","modified_gmt":"2026-01-29T01:54:19","slug":"wholesale-white-chafing-dish","status":"publish","type":"product","link":"https:\/\/www.dzwchafingdish.com\/de\/product\/wholesale-white-chafing-dish\/","title":{"rendered":"Gro\u00dfhandel wei\u00df Chafing Dish, Edelstahl Big Rich Buffert Sets mit h\u00e4ngenden Deckel Hersteller"},"content":{"rendered":"<div class=\"wp-block-columns is-layout-flex wp-container-core-columns-is-layout-28f84493 wp-block-columns-is-layout-flex\">\n<div class=\"wp-block-column is-layout-flow wp-block-column-is-layout-flow\">\n<h2 class=\"wp-block-heading\">Wei\u00df Chafing Dish Dimension:<\/h2>\n\n\n\n<figure class=\"wp-block-table\"><table class=\"has-fixed-layout\"><tbody><tr><td>ARTIKEL NR.<\/td><td>Kapazit\u00e4t<\/td><td>LENGTH<\/td><td>WIDE<\/td><td>H\u00d6HE<\/td><td>N.W \/SET<\/td><\/tr><tr><td>DZW-WR090<\/td><td>9L<\/td><td>45 cm<\/td><td>47,5 cm<\/td><td>70 cm<\/td><td>5900g<\/td><\/tr><\/tbody><\/table><\/figure>\n<\/div>\n\n\n\n<div class=\"wp-block-column is-layout-flow wp-block-column-is-layout-flow\">\n<div class=\"wp-block-columns is-layout-flex wp-container-core-columns-is-layout-28f84493 wp-block-columns-is-layout-flex\">\n<div class=\"wp-block-column is-layout-flow wp-block-column-is-layout-flow\">\n<figure class=\"wp-block-image size-full\"><img fetchpriority=\"high\" decoding=\"async\" width=\"756\" height=\"756\" src=\"https:\/\/www.dzwchafingdish.com\/wp-content\/uploads\/2026\/01\/wholesale-white-chafing-dish-stainless-steel-2.webp\" alt=\"Gro\u00dfhandel wei\u00df chafing dish Edelstahl (2)\" class=\"wp-image-7088\" srcset=\"https:\/\/www.dzwchafingdish.com\/wp-content\/uploads\/2026\/01\/wholesale-white-chafing-dish-stainless-steel-2.webp 756w, https:\/\/www.dzwchafingdish.com\/wp-content\/uploads\/2026\/01\/wholesale-white-chafing-dish-stainless-steel-2-300x300.webp 300w, https:\/\/www.dzwchafingdish.com\/wp-content\/uploads\/2026\/01\/wholesale-white-chafing-dish-stainless-steel-2-150x150.webp 150w, https:\/\/www.dzwchafingdish.com\/wp-content\/uploads\/2026\/01\/wholesale-white-chafing-dish-stainless-steel-2-12x12.webp 12w\" sizes=\"(max-width: 756px) 100vw, 756px\" \/><\/figure>\n<\/div>\n<\/div>\n<\/div>\n<\/div>\n\n\n\n<div class=\"wp-block-columns is-layout-flex wp-container-core-columns-is-layout-28f84493 wp-block-columns-is-layout-flex\">\n<div class=\"wp-block-column is-layout-flow wp-block-column-is-layout-flow\">\n<figure class=\"wp-block-image aligncenter size-full is-resized\"><img decoding=\"async\" width=\"756\" height=\"756\" src=\"https:\/\/www.dzwchafingdish.com\/wp-content\/uploads\/2026\/01\/wholesale-white-chafing-dish-stainless-steel-3.webp\" alt=\"Gro\u00dfhandel wei\u00df chafing dish Edelstahl (3)\" class=\"wp-image-7086\" style=\"width:518px;height:auto\" srcset=\"https:\/\/www.dzwchafingdish.com\/wp-content\/uploads\/2026\/01\/wholesale-white-chafing-dish-stainless-steel-3.webp 756w, https:\/\/www.dzwchafingdish.com\/wp-content\/uploads\/2026\/01\/wholesale-white-chafing-dish-stainless-steel-3-300x300.webp 300w, https:\/\/www.dzwchafingdish.com\/wp-content\/uploads\/2026\/01\/wholesale-white-chafing-dish-stainless-steel-3-150x150.webp 150w, https:\/\/www.dzwchafingdish.com\/wp-content\/uploads\/2026\/01\/wholesale-white-chafing-dish-stainless-steel-3-12x12.webp 12w\" sizes=\"(max-width: 756px) 100vw, 756px\" \/><\/figure>\n<\/div>\n\n\n\n<div class=\"wp-block-column is-layout-flow wp-block-column-is-layout-flow\">\n<h2 class=\"wp-block-heading\">Wei\u00dfes Chafing Dish Merkmale:<\/h2>\n\n\n\n<p><strong>Exquisites \u00e4sthetisches Design<\/strong>: Das reinwei\u00dfe \u00c4u\u00dfere, gepaart mit einem modernen geometrischen durchbrochenen Muster, ist schlicht und elegant und eignet sich f\u00fcr verschiedene gehobene Essbereiche.<\/p>\n\n\n\n<p><strong>Professionelle Materialien und Struktur<\/strong>: Innenauskleidung aus lebensmittelechtem Edelstahl, korrosionsbest\u00e4ndig, leicht zu reinigen und mit hervorragender W\u00e4rmespeicherung. Ein stabiler Boden und eine verdickte Au\u00dfenschale sorgen f\u00fcr ein rutschfestes und langlebiges Design, das einen sicheren und stabilen Gebrauch \u00fcber einen l\u00e4ngeren Zeitraum erm\u00f6glicht.<\/p>\n\n\n\n<p><strong>Direkt vom Hersteller<\/strong>: Dongzhaowei verf\u00fcgt \u00fcber eine eigene moderne Produktionslinie mit strenger Qualit\u00e4tskontrolle. Ein umfangreicher Lagerbestand erm\u00f6glicht eine stabile Versorgung in gro\u00dfen Mengen und mehreren Chargen, wodurch das Risiko von Lieferengp\u00e4ssen w\u00e4hrend der Hochsaison vermieden wird.<\/p>\n\n\n\n<p><strong>Markenanpassung:<\/strong> Der Deckel, das Etikett und der Boden k\u00f6nnen mit einem Logo oder einer farbigen Beschriftung versehen werden, die das Ger\u00e4t in eine mobile Markenwerbung verwandelt und das professionelle Image Ihres Banketts unterstreicht.<\/p>\n\n\n\n<p><strong>Abnehmbare Konstruktion<\/strong>: Alle Komponenten k\u00f6nnen f\u00fcr einen einfachen Transport schnell zerlegt werden; keine unhygienischen Ecken, bequeme Wartung und Einhaltung der hohen Standards der Lebensmittelsicherheitsvorschriften.<\/p>\n<\/div>\n<\/div>\n\n\n\n<p><\/p>","protected":false},"excerpt":{"rendered":"<p>White Chafing Dish Dimension: ITEM NO. Capacity LENGTH WIDE HIGHT N.W \/SET DZW-WR090 9L 45 cm 47.5 cm 70 cm 5900g White Chafing Dish Features: Exquisite Aesthetic Design: The pure white exterior, paired with a modern geometric openwork pattern, is simple and elegant, making it suitable for various high-end dining settings. Professional Materials and Structure: [&hellip;]<\/p>","protected":false},"author":2,"featured_media":7087,"parent":0,"menu_order":0,"template":"","format":"standard","meta":{"_acf_changed":false,"site-sidebar-layout":"default","site-content-layout":"","ast-site-content-layout":"default","site-content-style":"default","site-sidebar-style":"default","ast-global-header-display":"","ast-banner-title-visibility":"","ast-main-header-display":"","ast-hfb-above-header-display":"","ast-hfb-below-header-display":"","ast-hfb-mobile-header-display":"","site-post-title":"","ast-breadcrumbs-content":"","ast-featured-img":"","footer-sml-layout":"","theme-transparent-header-meta":"","adv-header-id-meta":"","stick-header-meta":"","header-above-stick-meta":"","header-main-stick-meta":"","header-below-stick-meta":"","astra-migrate-meta-layouts":"default","ast-page-background-enabled":"default","ast-page-background-meta":{"desktop":{"background-color":"var(--ast-global-color-4)","background-image":"","background-repeat":"repeat","background-position":"center center","background-size":"auto","background-attachment":"scroll","background-type":"","background-media":"","overlay-type":"","overlay-color":"","overlay-opacity":"","overlay-gradient":""},"tablet":{"background-color":"","background-image":"","background-repeat":"repeat","background-position":"center center","background-size":"auto","background-attachment":"scroll","background-type":"","background-media":"","overlay-type":"","overlay-color":"","overlay-opacity":"","overlay-gradient":""},"mobile":{"background-color":"","background-image":"","background-repeat":"repeat","background-position":"center center","background-size":"auto","background-attachment":"scroll","background-type":"","background-media":"","overlay-type":"","overlay-color":"","overlay-opacity":"","overlay-gradient":""}},"ast-content-background-meta":{"desktop":{"background-color":"var(--ast-global-color-5)","background-image":"","background-repeat":"repeat","background-position":"center center","background-size":"auto","background-attachment":"scroll","background-type":"","background-media":"","overlay-type":"","overlay-color":"","overlay-opacity":"","overlay-gradient":""},"tablet":{"background-color":"var(--ast-global-color-5)","background-image":"","background-repeat":"repeat","background-position":"center center","background-size":"auto","background-attachment":"scroll","background-type":"","background-media":"","overlay-type":"","overlay-color":"","overlay-opacity":"","overlay-gradient":""},"mobile":{"background-color":"var(--ast-global-color-5)","background-image":"","background-repeat":"repeat","background-position":"center center","background-size":"auto","background-attachment":"scroll","background-type":"","background-media":"","overlay-type":"","overlay-color":"","overlay-opacity":"","overlay-gradient":""}},"footnotes":""},"product-categories":[63],"product-tag":[97,90,91],"class_list":["post-7084","product","type-product","status-publish","format-standard","has-post-thumbnail","hentry","product-categories-chafing-dish","product-tag-chafing-dish-with-hanging-lid","product-tag-fuel-chafing-dish","product-tag-round-chafing-dish"],"acf":{"title":"Gro\u00dfhandel wei\u00df Chafing Dish, Edelstahl Buffert Sets mit h\u00e4ngenden Deckel Hersteller","title_source":{"label":"Title","type":"text","formatted_value":"Wholesale White Chafing Dish, Stainless Steel Buffert Sets with Hanging Lid Manufacturer"},"short_description":"Wholesale white chafing dish features an exquisite aesthetic with geometric accents, they suit any upscale setting. Built for durability with commercial-grade stainless steel and a stable base, they\u2019re easy to clean and designed for frequent use. Dongzhaowei manufacturer supplier, customization are avaliable. Contact us now to get a quote!","short_description_source":{"label":"Short description","type":"textarea","formatted_value":"Wholesale white chafing dish features an exquisite aesthetic with geometric accents, they suit any upscale setting. Built for durability with commercial-grade stainless steel and a stable base, they\u2019re easy to clean and designed for frequent use. Dongzhaowei manufacturer supplier, customization are avaliable. Contact us now to get a quote!"},"parameters":"<table border=\"0\" width=\"275\" cellspacing=\"0\" cellpadding=\"0\">\r\n<tbody>\r\n<tr>\r\n<td width=\"108\" height=\"17\">Manufacturer<\/td>\r\n<td width=\"167\">DONGZHAOWEI<\/td>\r\n<\/tr>\r\n<tr>\r\n<td height=\"17\">Material<\/td>\r\n<td>Stainless Steel 201<\/td>\r\n<\/tr>\r\n<tr>\r\n<td height=\"17\">Capacity<\/td>\r\n<td>9L<\/td>\r\n<\/tr>\r\n<tr>\r\n<td height=\"17\">Color<\/td>\r\n<td>White, Black, Gold<\/td>\r\n<\/tr>\r\n<tr>\r\n<td height=\"17\">Design<\/td>\r\n<td>Big Rich Luxury Design<\/td>\r\n<\/tr>\r\n<tr>\r\n<td height=\"17\">Tray<\/td>\r\n<td>No divided \/ Divided tray<\/td>\r\n<\/tr>\r\n<tr>\r\n<td height=\"17\">Lid type<\/td>\r\n<td>Hanging Lid<\/td>\r\n<\/tr>\r\n<tr>\r\n<td height=\"17\">Heat<\/td>\r\n<td>Fuel<\/td>\r\n<\/tr>\r\n<tr>\r\n<td height=\"17\">Custom<\/td>\r\n<td>Color\/Logo\/Package<\/td>\r\n<\/tr>\r\n<\/tbody>\r\n<\/table>","parameters_source":{"label":"Parameters","type":"wysiwyg","formatted_value":"<table border=\"0\" width=\"275\" cellspacing=\"0\" cellpadding=\"0\">\n<tbody>\n<tr>\n<td width=\"108\" height=\"17\">Manufacturer<\/td>\n<td width=\"167\">DONGZHAOWEI<\/td>\n<\/tr>\n<tr>\n<td height=\"17\">Material<\/td>\n<td>Stainless Steel 201<\/td>\n<\/tr>\n<tr>\n<td height=\"17\">Capacity<\/td>\n<td>9L<\/td>\n<\/tr>\n<tr>\n<td height=\"17\">Color<\/td>\n<td>White, Black, Gold<\/td>\n<\/tr>\n<tr>\n<td height=\"17\">Design<\/td>\n<td>Big Rich Luxury Design<\/td>\n<\/tr>\n<tr>\n<td height=\"17\">Tray<\/td>\n<td>No divided \/ Divided tray<\/td>\n<\/tr>\n<tr>\n<td height=\"17\">Lid type<\/td>\n<td>Hanging Lid<\/td>\n<\/tr>\n<tr>\n<td height=\"17\">Heat<\/td>\n<td>Fuel<\/td>\n<\/tr>\n<tr>\n<td height=\"17\">Custom<\/td>\n<td>Color\/Logo\/Package<\/td>\n<\/tr>\n<\/tbody>\n<\/table>\n"},"photo_gallery":{"product_gallery":[[{"id":7086,"title":"wholesale white chafing dish stainless steel (3)","caption":"wholesale white chafing dish stainless steel (3)","full_image_url":"https:\/\/www.dzwchafingdish.com\/wp-content\/uploads\/2026\/01\/wholesale-white-chafing-dish-stainless-steel-3.webp","thumbnail_image_url":"https:\/\/www.dzwchafingdish.com\/wp-content\/uploads\/2026\/01\/wholesale-white-chafing-dish-stainless-steel-3-150x150.webp","large_srcset":"https:\/\/www.dzwchafingdish.com\/wp-content\/uploads\/2026\/01\/wholesale-white-chafing-dish-stainless-steel-3.webp 756w, https:\/\/www.dzwchafingdish.com\/wp-content\/uploads\/2026\/01\/wholesale-white-chafing-dish-stainless-steel-3-300x300.webp 300w, https:\/\/www.dzwchafingdish.com\/wp-content\/uploads\/2026\/01\/wholesale-white-chafing-dish-stainless-steel-3-150x150.webp 150w, https:\/\/www.dzwchafingdish.com\/wp-content\/uploads\/2026\/01\/wholesale-white-chafing-dish-stainless-steel-3-12x12.webp 12w","medium_srcset":"https:\/\/www.dzwchafingdish.com\/wp-content\/uploads\/2026\/01\/wholesale-white-chafing-dish-stainless-steel-3-300x300.webp 300w, https:\/\/www.dzwchafingdish.com\/wp-content\/uploads\/2026\/01\/wholesale-white-chafing-dish-stainless-steel-3-150x150.webp 150w, https:\/\/www.dzwchafingdish.com\/wp-content\/uploads\/2026\/01\/wholesale-white-chafing-dish-stainless-steel-3-12x12.webp 12w, https:\/\/www.dzwchafingdish.com\/wp-content\/uploads\/2026\/01\/wholesale-white-chafing-dish-stainless-steel-3.webp 756w","media_details":{"width":756,"height":756,"sizes":{"medium":{"file":"wholesale-white-chafing-dish-stainless-steel-3-300x300.webp","width":300,"height":300,"mime-type":"image\/webp","filesize":16924,"source_url":"https:\/\/www.dzwchafingdish.com\/wp-content\/uploads\/2026\/01\/wholesale-white-chafing-dish-stainless-steel-3-300x300.webp"},"thumbnail":{"file":"wholesale-white-chafing-dish-stainless-steel-3-150x150.webp","width":150,"height":150,"mime-type":"image\/webp","filesize":5874,"source_url":"https:\/\/www.dzwchafingdish.com\/wp-content\/uploads\/2026\/01\/wholesale-white-chafing-dish-stainless-steel-3-150x150.webp"},"trp-custom-language-flag":{"file":"wholesale-white-chafing-dish-stainless-steel-3-12x12.webp","width":12,"height":12,"mime-type":"image\/webp","filesize":144,"source_url":"https:\/\/www.dzwchafingdish.com\/wp-content\/uploads\/2026\/01\/wholesale-white-chafing-dish-stainless-steel-3-12x12.webp"},"htliser_size_396x360":{"file":"wholesale-white-chafing-dish-stainless-steel-3-396x360.webp","width":396,"height":360,"mime-type":"image\/webp","filesize":23812,"source_url":"https:\/\/www.dzwchafingdish.com\/wp-content\/uploads\/2026\/01\/wholesale-white-chafing-dish-stainless-steel-3-396x360.webp"},"htslider_size_1170x536":{"file":"wholesale-white-chafing-dish-stainless-steel-3-756x536.webp","width":756,"height":536,"mime-type":"image\/webp","filesize":52714,"source_url":"https:\/\/www.dzwchafingdish.com\/wp-content\/uploads\/2026\/01\/wholesale-white-chafing-dish-stainless-steel-3-756x536.webp"}}},"alt_text":"wholesale white chafing dish stainless steel (3)","url":"","target":""},{"id":7088,"title":"wholesale white chafing dish stainless steel (2)","caption":"wholesale white chafing dish stainless steel (2)","full_image_url":"https:\/\/www.dzwchafingdish.com\/wp-content\/uploads\/2026\/01\/wholesale-white-chafing-dish-stainless-steel-2.webp","thumbnail_image_url":"https:\/\/www.dzwchafingdish.com\/wp-content\/uploads\/2026\/01\/wholesale-white-chafing-dish-stainless-steel-2-150x150.webp","large_srcset":"https:\/\/www.dzwchafingdish.com\/wp-content\/uploads\/2026\/01\/wholesale-white-chafing-dish-stainless-steel-2.webp 756w, https:\/\/www.dzwchafingdish.com\/wp-content\/uploads\/2026\/01\/wholesale-white-chafing-dish-stainless-steel-2-300x300.webp 300w, https:\/\/www.dzwchafingdish.com\/wp-content\/uploads\/2026\/01\/wholesale-white-chafing-dish-stainless-steel-2-150x150.webp 150w, https:\/\/www.dzwchafingdish.com\/wp-content\/uploads\/2026\/01\/wholesale-white-chafing-dish-stainless-steel-2-12x12.webp 12w","medium_srcset":"https:\/\/www.dzwchafingdish.com\/wp-content\/uploads\/2026\/01\/wholesale-white-chafing-dish-stainless-steel-2-300x300.webp 300w, https:\/\/www.dzwchafingdish.com\/wp-content\/uploads\/2026\/01\/wholesale-white-chafing-dish-stainless-steel-2-150x150.webp 150w, https:\/\/www.dzwchafingdish.com\/wp-content\/uploads\/2026\/01\/wholesale-white-chafing-dish-stainless-steel-2-12x12.webp 12w, https:\/\/www.dzwchafingdish.com\/wp-content\/uploads\/2026\/01\/wholesale-white-chafing-dish-stainless-steel-2.webp 756w","media_details":{"width":756,"height":756,"sizes":{"medium":{"file":"wholesale-white-chafing-dish-stainless-steel-2-300x300.webp","width":300,"height":300,"mime-type":"image\/webp","filesize":19022,"source_url":"https:\/\/www.dzwchafingdish.com\/wp-content\/uploads\/2026\/01\/wholesale-white-chafing-dish-stainless-steel-2-300x300.webp"},"thumbnail":{"file":"wholesale-white-chafing-dish-stainless-steel-2-150x150.webp","width":150,"height":150,"mime-type":"image\/webp","filesize":6382,"source_url":"https:\/\/www.dzwchafingdish.com\/wp-content\/uploads\/2026\/01\/wholesale-white-chafing-dish-stainless-steel-2-150x150.webp"},"trp-custom-language-flag":{"file":"wholesale-white-chafing-dish-stainless-steel-2-12x12.webp","width":12,"height":12,"mime-type":"image\/webp","filesize":150,"source_url":"https:\/\/www.dzwchafingdish.com\/wp-content\/uploads\/2026\/01\/wholesale-white-chafing-dish-stainless-steel-2-12x12.webp"},"htliser_size_396x360":{"file":"wholesale-white-chafing-dish-stainless-steel-2-396x360.webp","width":396,"height":360,"mime-type":"image\/webp","filesize":27840,"source_url":"https:\/\/www.dzwchafingdish.com\/wp-content\/uploads\/2026\/01\/wholesale-white-chafing-dish-stainless-steel-2-396x360.webp"},"htslider_size_1170x536":{"file":"wholesale-white-chafing-dish-stainless-steel-2-756x536.webp","width":756,"height":536,"mime-type":"image\/webp","filesize":63214,"source_url":"https:\/\/www.dzwchafingdish.com\/wp-content\/uploads\/2026\/01\/wholesale-white-chafing-dish-stainless-steel-2-756x536.webp"}}},"alt_text":"wholesale white chafing dish stainless steel (2)","url":"","target":""}]]}},"_links":{"self":[{"href":"https:\/\/www.dzwchafingdish.com\/de\/wp-json\/wp\/v2\/product\/7084","targetHints":{"allow":["GET"]}}],"collection":[{"href":"https:\/\/www.dzwchafingdish.com\/de\/wp-json\/wp\/v2\/product"}],"about":[{"href":"https:\/\/www.dzwchafingdish.com\/de\/wp-json\/wp\/v2\/types\/product"}],"author":[{"embeddable":true,"href":"https:\/\/www.dzwchafingdish.com\/de\/wp-json\/wp\/v2\/users\/2"}],"version-history":[{"count":0,"href":"https:\/\/www.dzwchafingdish.com\/de\/wp-json\/wp\/v2\/product\/7084\/revisions"}],"wp:featuredmedia":[{"embeddable":true,"href":"https:\/\/www.dzwchafingdish.com\/de\/wp-json\/wp\/v2\/media\/7087"}],"wp:attachment":[{"href":"https:\/\/www.dzwchafingdish.com\/de\/wp-json\/wp\/v2\/media?parent=7084"}],"wp:term":[{"taxonomy":"product-categories","embeddable":true,"href":"https:\/\/www.dzwchafingdish.com\/de\/wp-json\/wp\/v2\/product-categories?post=7084"},{"taxonomy":"product-tag","embeddable":true,"href":"https:\/\/www.dzwchafingdish.com\/de\/wp-json\/wp\/v2\/product-tag?post=7084"}],"curies":[{"name":"wp","href":"https:\/\/api.w.org\/{rel}","templated":true}]}}