{"id":1823,"date":"2024-01-15T03:55:33","date_gmt":"2024-01-15T03:55:33","guid":{"rendered":"https:\/\/www.dzwchafingdish.com\/?post_type=product&#038;p=1823"},"modified":"2024-06-12T07:37:44","modified_gmt":"2024-06-12T07:37:44","slug":"birdcage-cake-stand-wholesale","status":"publish","type":"product","link":"https:\/\/www.dzwchafingdish.com\/es\/product\/birdcage-cake-stand-wholesale\/","title":{"rendered":"OEM Birdcage Cake Stand 1-3 Tiered para Boda"},"content":{"rendered":"<p style=\"font-size:18px\">\u00a1Nuestra l\u00ednea de soporte de la torta de la jaula de p\u00e1jaros ofrecen una amplia gama de opciones exquisitas para que usted elija from.Order a granel ahora!<\/p>\n\n\n\n<div class=\"wp-block-columns is-layout-flex wp-container-core-columns-is-layout-28f84493 wp-block-columns-is-layout-flex\">\n<div class=\"wp-block-column is-layout-flow wp-block-column-is-layout-flow\">\n<h2 class=\"wp-block-heading\" style=\"font-size:30px\"><strong>Birdcage Cake Stand Dimensi\u00f3n<\/strong><\/h2>\n\n\n\n<figure class=\"wp-block-table\"><table><tbody><tr><td>PUNTO NO.<\/td><td>Di\u00e1metro<\/td><td>Alto<\/td><td>G.W<\/td><\/tr><tr><td>DZW-DS01<\/td><td>22 cm<\/td><td>26,5 cm<\/td><td>1,5 kg<\/td><\/tr><tr><td>DZW-DS02<\/td><td>22 cm<\/td><td>43 cm<\/td><td>2kg<\/td><\/tr><tr><td>DZW-DS03<\/td><td>22 cm<\/td><td>52,5 cm<\/td><td>2,5 kg<\/td><\/tr><\/tbody><\/table><\/figure>\n<\/div>\n\n\n\n<div class=\"wp-block-column is-layout-flow wp-block-column-is-layout-flow\">\n<figure class=\"wp-block-image size-full\"><img fetchpriority=\"high\" decoding=\"async\" width=\"798\" height=\"380\" src=\"https:\/\/www.dzwchafingdish.com\/wp-content\/uploads\/2024\/01\/birdcage-cake-stand-size.webp\" alt=\"jaula de p\u00e1jaros para tartas\" class=\"wp-image-1839\" srcset=\"https:\/\/www.dzwchafingdish.com\/wp-content\/uploads\/2024\/01\/birdcage-cake-stand-size.webp 798w, https:\/\/www.dzwchafingdish.com\/wp-content\/uploads\/2024\/01\/birdcage-cake-stand-size-300x143.webp 300w, https:\/\/www.dzwchafingdish.com\/wp-content\/uploads\/2024\/01\/birdcage-cake-stand-size-768x366.webp 768w\" sizes=\"(max-width: 798px) 100vw, 798px\" \/><\/figure>\n<\/div>\n<\/div>\n\n\n\n<div class=\"wp-block-columns are-vertically-aligned-center is-layout-flex wp-container-core-columns-is-layout-28f84493 wp-block-columns-is-layout-flex\">\n<div class=\"wp-block-column is-vertically-aligned-center is-layout-flow wp-block-column-is-layout-flow\">\n<figure class=\"wp-block-image size-full\"><img decoding=\"async\" width=\"800\" height=\"800\" src=\"https:\/\/www.dzwchafingdish.com\/wp-content\/uploads\/2024\/01\/birdcage-cake-stand-wholesale.webp\" alt=\"jaula para tartas al por mayor\" class=\"wp-image-1840\" srcset=\"https:\/\/www.dzwchafingdish.com\/wp-content\/uploads\/2024\/01\/birdcage-cake-stand-wholesale.webp 800w, https:\/\/www.dzwchafingdish.com\/wp-content\/uploads\/2024\/01\/birdcage-cake-stand-wholesale-300x300.webp 300w, https:\/\/www.dzwchafingdish.com\/wp-content\/uploads\/2024\/01\/birdcage-cake-stand-wholesale-150x150.webp 150w, https:\/\/www.dzwchafingdish.com\/wp-content\/uploads\/2024\/01\/birdcage-cake-stand-wholesale-768x768.webp 768w\" sizes=\"(max-width: 800px) 100vw, 800px\" \/><\/figure>\n<\/div>\n\n\n\n<div class=\"wp-block-column is-vertically-aligned-center is-layout-flow wp-block-column-is-layout-flow\" style=\"font-size:18px\">\n<h2 class=\"wp-block-heading\" style=\"font-size:18px\"><strong>Birdcage Cake Stand Caracter\u00edsticas:<\/strong><\/h2>\n\n\n\n<ul class=\"wp-block-list\">\n<li style=\"font-size:18px\">Acero inoxidable y materiales cer\u00e1micos de alta calidad, que garantizan durabilidad y longevidad<\/li>\n\n\n\n<li>El lujoso acabado dorado realza el atractivo visual del soporte<\/li>\n\n\n\n<li>Dise\u00f1o de jaula \u00fanico, grandeza y versatilidad<\/li>\n\n\n\n<li>Top adornado con diamantes, que proporciona detalles glamurosos, f\u00e1cil de mover<\/li>\n\n\n\n<li>Su vers\u00e1til presentaci\u00f3n permite exponer simult\u00e1neamente varios postres.<\/li>\n<\/ul>\n\n\n\n<p>Eleve sus presentaciones de postres con el soporte para tartas Birdcage, que combina durabilidad, dise\u00f1o art\u00edstico y la ventaja a\u00f1adida de una presentaci\u00f3n en varios niveles. Ideal para bodas, eventos u ocasiones especiales.<\/p>\n<\/div>\n<\/div>\n\n\n\n<p><\/p>","protected":false},"excerpt":{"rendered":"<p>\u00a1Nuestra l\u00ednea de jaula de p\u00e1jaros pastel de pie ofrecen una amplia gama de opciones exquisitas para que usted pueda elegir from.Order a granel ahora! Jaula de p\u00e1jaros para tartas Dimensiones N.\u00ba de art\u00edculo Di\u00e1metro Altura G.W DZW-DS01 22cm 26.5cm 1.5kg DZW-DS02 22 cm 43 cm 2kg DZW-DS03 22cm 52.5cm 2.5kg Birdcage [...]<\/p>","protected":false},"author":1,"featured_media":1838,"parent":0,"menu_order":0,"template":"","format":"standard","meta":{"_acf_changed":false,"site-sidebar-layout":"default","site-content-layout":"","ast-site-content-layout":"default","site-content-style":"default","site-sidebar-style":"default","ast-global-header-display":"","ast-banner-title-visibility":"","ast-main-header-display":"","ast-hfb-above-header-display":"","ast-hfb-below-header-display":"","ast-hfb-mobile-header-display":"","site-post-title":"","ast-breadcrumbs-content":"","ast-featured-img":"","footer-sml-layout":"","theme-transparent-header-meta":"","adv-header-id-meta":"","stick-header-meta":"","header-above-stick-meta":"","header-main-stick-meta":"","header-below-stick-meta":"","astra-migrate-meta-layouts":"default","ast-page-background-enabled":"default","ast-page-background-meta":{"desktop":{"background-color":"var(--ast-global-color-4)","background-image":"","background-repeat":"repeat","background-position":"center center","background-size":"auto","background-attachment":"scroll","background-type":"","background-media":"","overlay-type":"","overlay-color":"","overlay-opacity":"","overlay-gradient":""},"tablet":{"background-color":"","background-image":"","background-repeat":"repeat","background-position":"center center","background-size":"auto","background-attachment":"scroll","background-type":"","background-media":"","overlay-type":"","overlay-color":"","overlay-opacity":"","overlay-gradient":""},"mobile":{"background-color":"","background-image":"","background-repeat":"repeat","background-position":"center center","background-size":"auto","background-attachment":"scroll","background-type":"","background-media":"","overlay-type":"","overlay-color":"","overlay-opacity":"","overlay-gradient":""}},"ast-content-background-meta":{"desktop":{"background-color":"var(--ast-global-color-5)","background-image":"","background-repeat":"repeat","background-position":"center center","background-size":"auto","background-attachment":"scroll","background-type":"","background-media":"","overlay-type":"","overlay-color":"","overlay-opacity":"","overlay-gradient":""},"tablet":{"background-color":"var(--ast-global-color-5)","background-image":"","background-repeat":"repeat","background-position":"center center","background-size":"auto","background-attachment":"scroll","background-type":"","background-media":"","overlay-type":"","overlay-color":"","overlay-opacity":"","overlay-gradient":""},"mobile":{"background-color":"var(--ast-global-color-5)","background-image":"","background-repeat":"repeat","background-position":"center center","background-size":"auto","background-attachment":"scroll","background-type":"","background-media":"","overlay-type":"","overlay-color":"","overlay-opacity":"","overlay-gradient":""}},"footnotes":""},"product-categories":[65],"product-tag":[],"class_list":["post-1823","product","type-product","status-publish","format-standard","has-post-thumbnail","hentry","product-categories-dessert-stand"],"acf":{"title":"OEM Birdcage Cake Stand 1-3 Tiered para Boda","title_source":{"label":"Title","type":"text","formatted_value":"OEM Birdcage Cake Stand 1-3 Tiered for Wedding"},"short_description":"Factory wholesale exquisite birdcage cake stand with 1-3 tier to choose from, a typical afternoon tea snack display, welcome to get a free quote!","short_description_source":{"label":"Short description","type":"textarea","formatted_value":"Factory wholesale exquisite birdcage cake stand with 1-3 tier to choose from, a typical afternoon tea snack display, welcome to get a free quote!"},"parameters":"<table>\r\n<tbody>\r\n<tr>\r\n<td>Manufacturer<\/td>\r\n<td>DONGZHAOWEI<\/td>\r\n<\/tr>\r\n<tr>\r\n<td>Material<\/td>\r\n<td>Stainless Steel 201 and Ceramic<\/td>\r\n<\/tr>\r\n<tr>\r\n<td>Tier<\/td>\r\n<td>1 tier\uff1b2 tier\uff1b3 tier<\/td>\r\n<\/tr>\r\n<tr>\r\n<td>Color<\/td>\r\n<td>Golden<\/td>\r\n<\/tr>\r\n<tr>\r\n<td>Shape<\/td>\r\n<td class=\"et3\">Birdcage Shape<\/td>\r\n<\/tr>\r\n<tr>\r\n<td>Custom<\/td>\r\n<td>Color\/Logo\/Package<\/td>\r\n<\/tr>\r\n<tr>\r\n<td>MOQ<\/td>\r\n<td>1 set<\/td>\r\n<\/tr>\r\n<\/tbody>\r\n<\/table>","parameters_source":{"label":"Parameters","type":"wysiwyg","formatted_value":"<table>\n<tbody>\n<tr>\n<td>Manufacturer<\/td>\n<td>DONGZHAOWEI<\/td>\n<\/tr>\n<tr>\n<td>Material<\/td>\n<td>Stainless Steel 201 and Ceramic<\/td>\n<\/tr>\n<tr>\n<td>Tier<\/td>\n<td>1 tier\uff1b2 tier\uff1b3 tier<\/td>\n<\/tr>\n<tr>\n<td>Color<\/td>\n<td>Golden<\/td>\n<\/tr>\n<tr>\n<td>Shape<\/td>\n<td class=\"et3\">Birdcage Shape<\/td>\n<\/tr>\n<tr>\n<td>Custom<\/td>\n<td>Color\/Logo\/Package<\/td>\n<\/tr>\n<tr>\n<td>MOQ<\/td>\n<td>1 set<\/td>\n<\/tr>\n<\/tbody>\n<\/table>\n"},"photo_gallery":{"product_gallery":[[{"id":1838,"title":"birdcage cake stand bluk","caption":"birdcage cake stand bulk","full_image_url":"https:\/\/www.dzwchafingdish.com\/wp-content\/uploads\/2024\/01\/birdcage-cake-stand-bluk.webp","thumbnail_image_url":"https:\/\/www.dzwchafingdish.com\/wp-content\/uploads\/2024\/01\/birdcage-cake-stand-bluk-150x150.webp","large_srcset":"https:\/\/www.dzwchafingdish.com\/wp-content\/uploads\/2024\/01\/birdcage-cake-stand-bluk.webp 800w, https:\/\/www.dzwchafingdish.com\/wp-content\/uploads\/2024\/01\/birdcage-cake-stand-bluk-300x300.webp 300w, https:\/\/www.dzwchafingdish.com\/wp-content\/uploads\/2024\/01\/birdcage-cake-stand-bluk-150x150.webp 150w, https:\/\/www.dzwchafingdish.com\/wp-content\/uploads\/2024\/01\/birdcage-cake-stand-bluk-768x768.webp 768w","medium_srcset":"https:\/\/www.dzwchafingdish.com\/wp-content\/uploads\/2024\/01\/birdcage-cake-stand-bluk-300x300.webp 300w, https:\/\/www.dzwchafingdish.com\/wp-content\/uploads\/2024\/01\/birdcage-cake-stand-bluk-150x150.webp 150w, https:\/\/www.dzwchafingdish.com\/wp-content\/uploads\/2024\/01\/birdcage-cake-stand-bluk-768x768.webp 768w, https:\/\/www.dzwchafingdish.com\/wp-content\/uploads\/2024\/01\/birdcage-cake-stand-bluk.webp 800w","media_details":{"width":800,"height":800,"sizes":{"medium":{"file":"birdcage-cake-stand-bluk-300x300.webp","width":300,"height":300,"mime-type":"image\/webp","filesize":17796,"source_url":"https:\/\/www.dzwchafingdish.com\/wp-content\/uploads\/2024\/01\/birdcage-cake-stand-bluk-300x300.webp"},"thumbnail":{"file":"birdcage-cake-stand-bluk-150x150.webp","width":150,"height":150,"mime-type":"image\/webp","filesize":6138,"source_url":"https:\/\/www.dzwchafingdish.com\/wp-content\/uploads\/2024\/01\/birdcage-cake-stand-bluk-150x150.webp"},"medium_large":{"file":"birdcage-cake-stand-bluk-768x768.webp","width":768,"height":768,"mime-type":"image\/webp","filesize":71270,"source_url":"https:\/\/www.dzwchafingdish.com\/wp-content\/uploads\/2024\/01\/birdcage-cake-stand-bluk-768x768.webp"}}},"alt_text":"birdcage cake stand bulk","url":"","target":""},{"id":1840,"title":"birdcage cake stand wholesale","caption":"birdcage cake stand wholesale","full_image_url":"https:\/\/www.dzwchafingdish.com\/wp-content\/uploads\/2024\/01\/birdcage-cake-stand-wholesale.webp","thumbnail_image_url":"https:\/\/www.dzwchafingdish.com\/wp-content\/uploads\/2024\/01\/birdcage-cake-stand-wholesale-150x150.webp","large_srcset":"https:\/\/www.dzwchafingdish.com\/wp-content\/uploads\/2024\/01\/birdcage-cake-stand-wholesale.webp 800w, https:\/\/www.dzwchafingdish.com\/wp-content\/uploads\/2024\/01\/birdcage-cake-stand-wholesale-300x300.webp 300w, https:\/\/www.dzwchafingdish.com\/wp-content\/uploads\/2024\/01\/birdcage-cake-stand-wholesale-150x150.webp 150w, https:\/\/www.dzwchafingdish.com\/wp-content\/uploads\/2024\/01\/birdcage-cake-stand-wholesale-768x768.webp 768w","medium_srcset":"https:\/\/www.dzwchafingdish.com\/wp-content\/uploads\/2024\/01\/birdcage-cake-stand-wholesale-300x300.webp 300w, https:\/\/www.dzwchafingdish.com\/wp-content\/uploads\/2024\/01\/birdcage-cake-stand-wholesale-150x150.webp 150w, https:\/\/www.dzwchafingdish.com\/wp-content\/uploads\/2024\/01\/birdcage-cake-stand-wholesale-768x768.webp 768w, https:\/\/www.dzwchafingdish.com\/wp-content\/uploads\/2024\/01\/birdcage-cake-stand-wholesale.webp 800w","media_details":{"width":800,"height":800,"sizes":{"medium":{"file":"birdcage-cake-stand-wholesale-300x300.webp","width":300,"height":300,"mime-type":"image\/webp","filesize":18170,"source_url":"https:\/\/www.dzwchafingdish.com\/wp-content\/uploads\/2024\/01\/birdcage-cake-stand-wholesale-300x300.webp"},"thumbnail":{"file":"birdcage-cake-stand-wholesale-150x150.webp","width":150,"height":150,"mime-type":"image\/webp","filesize":6074,"source_url":"https:\/\/www.dzwchafingdish.com\/wp-content\/uploads\/2024\/01\/birdcage-cake-stand-wholesale-150x150.webp"},"medium_large":{"file":"birdcage-cake-stand-wholesale-768x768.webp","width":768,"height":768,"mime-type":"image\/webp","filesize":68850,"source_url":"https:\/\/www.dzwchafingdish.com\/wp-content\/uploads\/2024\/01\/birdcage-cake-stand-wholesale-768x768.webp"}}},"alt_text":"birdcage cake stand wholesale","url":"","target":""},{"id":1842,"title":"dessert stand bulk","caption":"dessert stand bulk","full_image_url":"https:\/\/www.dzwchafingdish.com\/wp-content\/uploads\/2024\/01\/dessert-stand-bulk.webp","thumbnail_image_url":"https:\/\/www.dzwchafingdish.com\/wp-content\/uploads\/2024\/01\/dessert-stand-bulk-150x150.webp","large_srcset":"https:\/\/www.dzwchafingdish.com\/wp-content\/uploads\/2024\/01\/dessert-stand-bulk.webp 1242w, https:\/\/www.dzwchafingdish.com\/wp-content\/uploads\/2024\/01\/dessert-stand-bulk-230x300.webp 230w, https:\/\/www.dzwchafingdish.com\/wp-content\/uploads\/2024\/01\/dessert-stand-bulk-768x1003.webp 768w","medium_srcset":"https:\/\/www.dzwchafingdish.com\/wp-content\/uploads\/2024\/01\/dessert-stand-bulk-230x300.webp 230w, https:\/\/www.dzwchafingdish.com\/wp-content\/uploads\/2024\/01\/dessert-stand-bulk-768x1003.webp 768w, https:\/\/www.dzwchafingdish.com\/wp-content\/uploads\/2024\/01\/dessert-stand-bulk.webp 1242w","media_details":{"width":1242,"height":1622,"sizes":{"medium":{"file":"dessert-stand-bulk-230x300.webp","width":230,"height":300,"mime-type":"image\/webp","filesize":15754,"source_url":"https:\/\/www.dzwchafingdish.com\/wp-content\/uploads\/2024\/01\/dessert-stand-bulk-230x300.webp"},"thumbnail":{"file":"dessert-stand-bulk-150x150.webp","width":150,"height":150,"mime-type":"image\/webp","filesize":7110,"source_url":"https:\/\/www.dzwchafingdish.com\/wp-content\/uploads\/2024\/01\/dessert-stand-bulk-150x150.webp"},"medium_large":{"file":"dessert-stand-bulk-768x1003.webp","width":768,"height":1003,"mime-type":"image\/webp","filesize":67966,"source_url":"https:\/\/www.dzwchafingdish.com\/wp-content\/uploads\/2024\/01\/dessert-stand-bulk-768x1003.webp"}}},"alt_text":"dessert stand bulk","url":"","target":""},{"id":1843,"title":"dessert stand wholesale","caption":"dessert stand wholesale","full_image_url":"https:\/\/www.dzwchafingdish.com\/wp-content\/uploads\/2024\/01\/dessert-stand-wholesale.webp","thumbnail_image_url":"https:\/\/www.dzwchafingdish.com\/wp-content\/uploads\/2024\/01\/dessert-stand-wholesale-150x150.webp","large_srcset":"https:\/\/www.dzwchafingdish.com\/wp-content\/uploads\/2024\/01\/dessert-stand-wholesale.webp 897w, https:\/\/www.dzwchafingdish.com\/wp-content\/uploads\/2024\/01\/dessert-stand-wholesale-300x300.webp 300w, https:\/\/www.dzwchafingdish.com\/wp-content\/uploads\/2024\/01\/dessert-stand-wholesale-150x150.webp 150w, https:\/\/www.dzwchafingdish.com\/wp-content\/uploads\/2024\/01\/dessert-stand-wholesale-768x768.webp 768w","medium_srcset":"https:\/\/www.dzwchafingdish.com\/wp-content\/uploads\/2024\/01\/dessert-stand-wholesale-300x300.webp 300w, https:\/\/www.dzwchafingdish.com\/wp-content\/uploads\/2024\/01\/dessert-stand-wholesale-150x150.webp 150w, https:\/\/www.dzwchafingdish.com\/wp-content\/uploads\/2024\/01\/dessert-stand-wholesale-768x768.webp 768w, https:\/\/www.dzwchafingdish.com\/wp-content\/uploads\/2024\/01\/dessert-stand-wholesale.webp 897w","media_details":{"width":897,"height":897,"sizes":{"medium":{"file":"dessert-stand-wholesale-300x300.webp","width":300,"height":300,"mime-type":"image\/webp","filesize":20474,"source_url":"https:\/\/www.dzwchafingdish.com\/wp-content\/uploads\/2024\/01\/dessert-stand-wholesale-300x300.webp"},"thumbnail":{"file":"dessert-stand-wholesale-150x150.webp","width":150,"height":150,"mime-type":"image\/webp","filesize":7570,"source_url":"https:\/\/www.dzwchafingdish.com\/wp-content\/uploads\/2024\/01\/dessert-stand-wholesale-150x150.webp"},"medium_large":{"file":"dessert-stand-wholesale-768x768.webp","width":768,"height":768,"mime-type":"image\/webp","filesize":70312,"source_url":"https:\/\/www.dzwchafingdish.com\/wp-content\/uploads\/2024\/01\/dessert-stand-wholesale-768x768.webp"}}},"alt_text":"dessert stand wholesale","url":"","target":""},{"id":1841,"title":"birdcage dessert stand bulk","caption":"birdcage dessert stand bulk","full_image_url":"https:\/\/www.dzwchafingdish.com\/wp-content\/uploads\/2024\/01\/birdcage-dessert-stand-bulk.webp","thumbnail_image_url":"https:\/\/www.dzwchafingdish.com\/wp-content\/uploads\/2024\/01\/birdcage-dessert-stand-bulk-150x150.webp","large_srcset":"https:\/\/www.dzwchafingdish.com\/wp-content\/uploads\/2024\/01\/birdcage-dessert-stand-bulk.webp 1241w, https:\/\/www.dzwchafingdish.com\/wp-content\/uploads\/2024\/01\/birdcage-dessert-stand-bulk-300x297.webp 300w, https:\/\/www.dzwchafingdish.com\/wp-content\/uploads\/2024\/01\/birdcage-dessert-stand-bulk-768x759.webp 768w","medium_srcset":"https:\/\/www.dzwchafingdish.com\/wp-content\/uploads\/2024\/01\/birdcage-dessert-stand-bulk-300x297.webp 300w, https:\/\/www.dzwchafingdish.com\/wp-content\/uploads\/2024\/01\/birdcage-dessert-stand-bulk-150x150.webp 150w, https:\/\/www.dzwchafingdish.com\/wp-content\/uploads\/2024\/01\/birdcage-dessert-stand-bulk-768x759.webp 768w, https:\/\/www.dzwchafingdish.com\/wp-content\/uploads\/2024\/01\/birdcage-dessert-stand-bulk.webp 1241w","media_details":{"width":1241,"height":1227,"sizes":{"medium":{"file":"birdcage-dessert-stand-bulk-300x297.webp","width":300,"height":297,"mime-type":"image\/webp","filesize":16050,"source_url":"https:\/\/www.dzwchafingdish.com\/wp-content\/uploads\/2024\/01\/birdcage-dessert-stand-bulk-300x297.webp"},"thumbnail":{"file":"birdcage-dessert-stand-bulk-150x150.webp","width":150,"height":150,"mime-type":"image\/webp","filesize":5760,"source_url":"https:\/\/www.dzwchafingdish.com\/wp-content\/uploads\/2024\/01\/birdcage-dessert-stand-bulk-150x150.webp"},"medium_large":{"file":"birdcage-dessert-stand-bulk-768x759.webp","width":768,"height":759,"mime-type":"image\/webp","filesize":53626,"source_url":"https:\/\/www.dzwchafingdish.com\/wp-content\/uploads\/2024\/01\/birdcage-dessert-stand-bulk-768x759.webp"}}},"alt_text":"birdcage dessert stand bulk","url":"","target":""},{"id":1844,"title":"tiered cake stand bulk","caption":"tiered cake stand bulk","full_image_url":"https:\/\/www.dzwchafingdish.com\/wp-content\/uploads\/2024\/01\/tiered-cake-stand-bulk.webp","thumbnail_image_url":"https:\/\/www.dzwchafingdish.com\/wp-content\/uploads\/2024\/01\/tiered-cake-stand-bulk-150x150.webp","large_srcset":"https:\/\/www.dzwchafingdish.com\/wp-content\/uploads\/2024\/01\/tiered-cake-stand-bulk.webp 1242w, https:\/\/www.dzwchafingdish.com\/wp-content\/uploads\/2024\/01\/tiered-cake-stand-bulk-300x300.webp 300w, https:\/\/www.dzwchafingdish.com\/wp-content\/uploads\/2024\/01\/tiered-cake-stand-bulk-150x150.webp 150w, https:\/\/www.dzwchafingdish.com\/wp-content\/uploads\/2024\/01\/tiered-cake-stand-bulk-768x768.webp 768w","medium_srcset":"https:\/\/www.dzwchafingdish.com\/wp-content\/uploads\/2024\/01\/tiered-cake-stand-bulk-300x300.webp 300w, https:\/\/www.dzwchafingdish.com\/wp-content\/uploads\/2024\/01\/tiered-cake-stand-bulk-150x150.webp 150w, https:\/\/www.dzwchafingdish.com\/wp-content\/uploads\/2024\/01\/tiered-cake-stand-bulk-768x768.webp 768w, https:\/\/www.dzwchafingdish.com\/wp-content\/uploads\/2024\/01\/tiered-cake-stand-bulk.webp 1242w","media_details":{"width":1242,"height":1242,"sizes":{"medium":{"file":"tiered-cake-stand-bulk-300x300.webp","width":300,"height":300,"mime-type":"image\/webp","filesize":8262,"source_url":"https:\/\/www.dzwchafingdish.com\/wp-content\/uploads\/2024\/01\/tiered-cake-stand-bulk-300x300.webp"},"thumbnail":{"file":"tiered-cake-stand-bulk-150x150.webp","width":150,"height":150,"mime-type":"image\/webp","filesize":2726,"source_url":"https:\/\/www.dzwchafingdish.com\/wp-content\/uploads\/2024\/01\/tiered-cake-stand-bulk-150x150.webp"},"medium_large":{"file":"tiered-cake-stand-bulk-768x768.webp","width":768,"height":768,"mime-type":"image\/webp","filesize":29068,"source_url":"https:\/\/www.dzwchafingdish.com\/wp-content\/uploads\/2024\/01\/tiered-cake-stand-bulk-768x768.webp"}}},"alt_text":"tiered cake stand bulk","url":"","target":""}]]}},"_links":{"self":[{"href":"https:\/\/www.dzwchafingdish.com\/es\/wp-json\/wp\/v2\/product\/1823","targetHints":{"allow":["GET"]}}],"collection":[{"href":"https:\/\/www.dzwchafingdish.com\/es\/wp-json\/wp\/v2\/product"}],"about":[{"href":"https:\/\/www.dzwchafingdish.com\/es\/wp-json\/wp\/v2\/types\/product"}],"author":[{"embeddable":true,"href":"https:\/\/www.dzwchafingdish.com\/es\/wp-json\/wp\/v2\/users\/1"}],"version-history":[{"count":0,"href":"https:\/\/www.dzwchafingdish.com\/es\/wp-json\/wp\/v2\/product\/1823\/revisions"}],"wp:featuredmedia":[{"embeddable":true,"href":"https:\/\/www.dzwchafingdish.com\/es\/wp-json\/wp\/v2\/media\/1838"}],"wp:attachment":[{"href":"https:\/\/www.dzwchafingdish.com\/es\/wp-json\/wp\/v2\/media?parent=1823"}],"wp:term":[{"taxonomy":"product-categories","embeddable":true,"href":"https:\/\/www.dzwchafingdish.com\/es\/wp-json\/wp\/v2\/product-categories?post=1823"},{"taxonomy":"product-tag","embeddable":true,"href":"https:\/\/www.dzwchafingdish.com\/es\/wp-json\/wp\/v2\/product-tag?post=1823"}],"curies":[{"name":"wp","href":"https:\/\/api.w.org\/{rel}","templated":true}]}}