{"id":2199,"date":"2024-01-23T10:50:04","date_gmt":"2024-01-23T10:50:04","guid":{"rendered":"https:\/\/www.dzwchafingdish.com\/?post_type=product&#038;p=2199"},"modified":"2024-06-15T04:58:54","modified_gmt":"2024-06-15T04:58:54","slug":"stainless-steel-chafing-dish-rectangular","status":"publish","type":"product","link":"https:\/\/www.dzwchafingdish.com\/es\/product\/stainless-steel-chafing-dish-rectangular\/","title":{"rendered":"Chafing Dish Rectangular"},"content":{"rendered":"<p>Este calientaplatos rectangular con tapa extra\u00edble es duradero y pr\u00e1ctico. Su gran capacidad lo hace adecuado para una gran variedad de ocasiones, como hoteles, restaurantes, bodas y otros banquetes tipo buf\u00e9.<\/p>\n\n\n\n<div class=\"wp-block-columns is-layout-flex wp-container-core-columns-is-layout-28f84493 wp-block-columns-is-layout-flex\">\n<div class=\"wp-block-column is-layout-flow wp-block-column-is-layout-flow\">\n<h2 class=\"wp-block-heading\" style=\"font-size:18px\"><strong>Dimensiones de la fuente rectangular<\/strong><\/h2>\n\n\n\n<figure class=\"wp-block-table\"><table><tbody><tr><td>PUNTO NO.<\/td><td>LONGITUD<\/td><td>AMPLIO<\/td><td>ALTO<\/td><\/tr><tr><td>DZW-I180<\/td><td>60 cm<\/td><td>33 cm<\/td><td>32 cm<\/td><\/tr><tr><td>DZW-I075<\/td><td>60 cm<\/td><td>33 cm<\/td><td>32 cm<\/td><\/tr><tr><td>DZW-I180<\/td><td>60 cm<\/td><td>33 cm<\/td><td>32 cm<\/td><\/tr><tr><td>DZW-I175<\/td><td>60 cm<\/td><td>33 cm<\/td><td>32 cm<\/td><\/tr><\/tbody><\/table><\/figure>\n<\/div>\n\n\n\n<div class=\"wp-block-column is-layout-flow wp-block-column-is-layout-flow\" style=\"flex-basis:55%\">\n<div class=\"wp-block-columns is-layout-flex wp-container-core-columns-is-layout-28f84493 wp-block-columns-is-layout-flex\">\n<div class=\"wp-block-column is-layout-flow wp-block-column-is-layout-flow\">\n<figure class=\"wp-block-image size-full\"><img fetchpriority=\"high\" decoding=\"async\" width=\"1000\" height=\"1000\" src=\"https:\/\/www.dzwchafingdish.com\/wp-content\/uploads\/2024\/01\/Stainless-Steel-Chafing-Dish-wholesale-1.webp\" alt=\"Chafing Dish de acero inoxidable al por mayor\" class=\"wp-image-2201\" srcset=\"https:\/\/www.dzwchafingdish.com\/wp-content\/uploads\/2024\/01\/Stainless-Steel-Chafing-Dish-wholesale-1.webp 1000w, https:\/\/www.dzwchafingdish.com\/wp-content\/uploads\/2024\/01\/Stainless-Steel-Chafing-Dish-wholesale-1-300x300.webp 300w, https:\/\/www.dzwchafingdish.com\/wp-content\/uploads\/2024\/01\/Stainless-Steel-Chafing-Dish-wholesale-1-150x150.webp 150w, https:\/\/www.dzwchafingdish.com\/wp-content\/uploads\/2024\/01\/Stainless-Steel-Chafing-Dish-wholesale-1-768x768.webp 768w\" sizes=\"(max-width: 1000px) 100vw, 1000px\" \/><\/figure>\n<\/div>\n\n\n\n<div class=\"wp-block-column is-layout-flow wp-block-column-is-layout-flow\">\n<figure class=\"wp-block-image size-full\"><img decoding=\"async\" width=\"1000\" height=\"1000\" src=\"https:\/\/www.dzwchafingdish.com\/wp-content\/uploads\/2024\/01\/Stainless-Steel-Chafing-Dish-suppler.webp\" alt=\"Plato hondo de acero inoxidable Suplidor\" class=\"wp-image-2200\" srcset=\"https:\/\/www.dzwchafingdish.com\/wp-content\/uploads\/2024\/01\/Stainless-Steel-Chafing-Dish-suppler.webp 1000w, https:\/\/www.dzwchafingdish.com\/wp-content\/uploads\/2024\/01\/Stainless-Steel-Chafing-Dish-suppler-300x300.webp 300w, https:\/\/www.dzwchafingdish.com\/wp-content\/uploads\/2024\/01\/Stainless-Steel-Chafing-Dish-suppler-150x150.webp 150w, https:\/\/www.dzwchafingdish.com\/wp-content\/uploads\/2024\/01\/Stainless-Steel-Chafing-Dish-suppler-768x768.webp 768w\" sizes=\"(max-width: 1000px) 100vw, 1000px\" \/><\/figure>\n<\/div>\n<\/div>\n<\/div>\n<\/div>\n\n\n\n<div class=\"wp-block-columns is-layout-flex wp-container-core-columns-is-layout-28f84493 wp-block-columns-is-layout-flex\">\n<div class=\"wp-block-column is-vertically-aligned-center is-layout-flow wp-block-column-is-layout-flow\">\n<div class=\"wp-block-columns is-layout-flex wp-container-core-columns-is-layout-28f84493 wp-block-columns-is-layout-flex\">\n<div class=\"wp-block-column is-layout-flow wp-block-column-is-layout-flow\">\n<figure class=\"wp-block-image size-full\"><img decoding=\"async\" width=\"912\" height=\"912\" src=\"https:\/\/www.dzwchafingdish.com\/wp-content\/uploads\/2024\/01\/wholesale-chafing-dish-with-lid-edited.webp\" alt=\"venta al por mayor chafing dish with lid\" class=\"wp-image-2225\" srcset=\"https:\/\/www.dzwchafingdish.com\/wp-content\/uploads\/2024\/01\/wholesale-chafing-dish-with-lid-edited.webp 912w, https:\/\/www.dzwchafingdish.com\/wp-content\/uploads\/2024\/01\/wholesale-chafing-dish-with-lid-edited-300x300.webp 300w, https:\/\/www.dzwchafingdish.com\/wp-content\/uploads\/2024\/01\/wholesale-chafing-dish-with-lid-edited-150x150.webp 150w, https:\/\/www.dzwchafingdish.com\/wp-content\/uploads\/2024\/01\/wholesale-chafing-dish-with-lid-edited-768x768.webp 768w\" sizes=\"(max-width: 912px) 100vw, 912px\" \/><\/figure>\n<\/div>\n\n\n\n<div class=\"wp-block-column is-layout-flow wp-block-column-is-layout-flow\">\n<figure class=\"wp-block-image size-full\"><img loading=\"lazy\" decoding=\"async\" width=\"912\" height=\"912\" src=\"https:\/\/www.dzwchafingdish.com\/wp-content\/uploads\/2024\/01\/wholesale-chafing-dish-2-pan-2-edited-1.webp\" alt=\"venta al por mayor chafing dish 2 pan\" class=\"wp-image-2222\" srcset=\"https:\/\/www.dzwchafingdish.com\/wp-content\/uploads\/2024\/01\/wholesale-chafing-dish-2-pan-2-edited-1.webp 912w, https:\/\/www.dzwchafingdish.com\/wp-content\/uploads\/2024\/01\/wholesale-chafing-dish-2-pan-2-edited-1-300x300.webp 300w, https:\/\/www.dzwchafingdish.com\/wp-content\/uploads\/2024\/01\/wholesale-chafing-dish-2-pan-2-edited-1-150x150.webp 150w, https:\/\/www.dzwchafingdish.com\/wp-content\/uploads\/2024\/01\/wholesale-chafing-dish-2-pan-2-edited-1-768x768.webp 768w\" sizes=\"(max-width: 912px) 100vw, 912px\" \/><\/figure>\n<\/div>\n<\/div>\n<\/div>\n\n\n\n<div class=\"wp-block-column is-layout-flow wp-block-column-is-layout-flow\" style=\"flex-basis:50%\">\n<h2 class=\"wp-block-heading\" style=\"font-size:18px\"><strong>Plato Rectangular Premium Construcci\u00f3n:<\/strong><\/h2>\n\n\n\n<p>Acero inoxidable de alta calidad:<br>El uso de acero inoxidable garantiza una soluci\u00f3n duradera e higi\u00e9nica para sus necesidades de catering.<\/p>\n\n\n\n<p>8L Dise\u00f1o rectangular con tapa m\u00f3vil:<br>El dise\u00f1o rectangular de la olla caliente ampl\u00eda el espacio de exposici\u00f3n de los alimentos. Viene con una tapa extra\u00edble para facilitar el acceso a los alimentos.<\/p>\n\n\n\n<p>Doble soporte de combustible para una calefacci\u00f3n eficiente:<br>Equipado con dos soportes de combustible, el calientaplatos garantiza un calentamiento uniforme y eficaz.<\/p>\n<\/div>\n<\/div>","protected":false},"excerpt":{"rendered":"<p>Este calientaplatos rectangular con tapa extra\u00edble es duradero y pr\u00e1ctico. Su gran capacidad lo hace adecuado para una gran variedad de ocasiones, como hoteles, restaurantes, bodas y otros banquetes tipo buf\u00e9. Dimensiones del calientaplatos rectangular N.\u00ba de art. LARGO ANCHO ALTO DZW-I180 60 cm 33 cm 32 cm DZW-I075 60 cm 33 cm 32 [...]<\/p>","protected":false},"author":1,"featured_media":2201,"parent":0,"menu_order":0,"template":"","format":"standard","meta":{"_acf_changed":false,"site-sidebar-layout":"default","site-content-layout":"","ast-site-content-layout":"default","site-content-style":"default","site-sidebar-style":"default","ast-global-header-display":"","ast-banner-title-visibility":"","ast-main-header-display":"","ast-hfb-above-header-display":"","ast-hfb-below-header-display":"","ast-hfb-mobile-header-display":"","site-post-title":"","ast-breadcrumbs-content":"","ast-featured-img":"","footer-sml-layout":"","theme-transparent-header-meta":"","adv-header-id-meta":"","stick-header-meta":"","header-above-stick-meta":"","header-main-stick-meta":"","header-below-stick-meta":"","astra-migrate-meta-layouts":"default","ast-page-background-enabled":"default","ast-page-background-meta":{"desktop":{"background-color":"var(--ast-global-color-4)","background-image":"","background-repeat":"repeat","background-position":"center center","background-size":"auto","background-attachment":"scroll","background-type":"","background-media":"","overlay-type":"","overlay-color":"","overlay-opacity":"","overlay-gradient":""},"tablet":{"background-color":"","background-image":"","background-repeat":"repeat","background-position":"center center","background-size":"auto","background-attachment":"scroll","background-type":"","background-media":"","overlay-type":"","overlay-color":"","overlay-opacity":"","overlay-gradient":""},"mobile":{"background-color":"","background-image":"","background-repeat":"repeat","background-position":"center center","background-size":"auto","background-attachment":"scroll","background-type":"","background-media":"","overlay-type":"","overlay-color":"","overlay-opacity":"","overlay-gradient":""}},"ast-content-background-meta":{"desktop":{"background-color":"var(--ast-global-color-5)","background-image":"","background-repeat":"repeat","background-position":"center center","background-size":"auto","background-attachment":"scroll","background-type":"","background-media":"","overlay-type":"","overlay-color":"","overlay-opacity":"","overlay-gradient":""},"tablet":{"background-color":"var(--ast-global-color-5)","background-image":"","background-repeat":"repeat","background-position":"center center","background-size":"auto","background-attachment":"scroll","background-type":"","background-media":"","overlay-type":"","overlay-color":"","overlay-opacity":"","overlay-gradient":""},"mobile":{"background-color":"var(--ast-global-color-5)","background-image":"","background-repeat":"repeat","background-position":"center center","background-size":"auto","background-attachment":"scroll","background-type":"","background-media":"","overlay-type":"","overlay-color":"","overlay-opacity":"","overlay-gradient":""}},"footnotes":""},"product-categories":[63],"product-tag":[90,93],"class_list":["post-2199","product","type-product","status-publish","format-standard","has-post-thumbnail","hentry","product-categories-chafing-dish","product-tag-fuel-chafing-dish","product-tag-rectangular-chafing-dish"],"acf":{"title":"Chafing Dish Rectangular","title_source":{"label":"Title","type":"text","formatted_value":"Rectangular Chafing Dish "},"short_description":"The rectangular chafing dish with removable lid offers a modern look and convenience, making it ideal for events such as weddings and banquets. We provide cost-effective bulk purchasing solutions to enhance your catering business.","short_description_source":{"label":"Short description","type":"textarea","formatted_value":"The rectangular chafing dish with removable lid offers a modern look and convenience, making it ideal for events such as weddings and banquets. We provide cost-effective bulk purchasing solutions to enhance your catering business."},"parameters":"<table border=\"0\" width=\"423\" cellspacing=\"0\" cellpadding=\"0\">\r\n<tbody>\r\n<tr>\r\n<td width=\"166\" height=\"23\">Manufacturer<\/td>\r\n<td width=\"257\">DONGZHAOWEI<\/td>\r\n<\/tr>\r\n<tr>\r\n<td height=\"23\">Material<\/td>\r\n<td>Stainless Steel 201<\/td>\r\n<\/tr>\r\n<tr>\r\n<td height=\"23\">Capacity<\/td>\r\n<td>8.0 L<\/td>\r\n<\/tr>\r\n<tr>\r\n<td height=\"24\">Color<\/td>\r\n<td>Golden \/ Silver<\/td>\r\n<\/tr>\r\n<tr>\r\n<td height=\"24\">Design<\/td>\r\n<td>Rectangular Shape<\/td>\r\n<\/tr>\r\n<tr>\r\n<td height=\"24\">Lid Type<\/td>\r\n<td>Removable Lid<\/td>\r\n<\/tr>\r\n<tr>\r\n<td height=\"24\">Heat<\/td>\r\n<td>Fuel<\/td>\r\n<\/tr>\r\n<tr>\r\n<td height=\"24\">Custom<\/td>\r\n<td>Color\/Logo\/Package<\/td>\r\n<\/tr>\r\n<tr>\r\n<td height=\"23\">MOQ<\/td>\r\n<td>200 set<\/td>\r\n<\/tr>\r\n<\/tbody>\r\n<\/table>","parameters_source":{"label":"Parameters","type":"wysiwyg","formatted_value":"<table border=\"0\" width=\"423\" cellspacing=\"0\" cellpadding=\"0\">\n<tbody>\n<tr>\n<td width=\"166\" height=\"23\">Manufacturer<\/td>\n<td width=\"257\">DONGZHAOWEI<\/td>\n<\/tr>\n<tr>\n<td height=\"23\">Material<\/td>\n<td>Stainless Steel 201<\/td>\n<\/tr>\n<tr>\n<td height=\"23\">Capacity<\/td>\n<td>8.0 L<\/td>\n<\/tr>\n<tr>\n<td height=\"24\">Color<\/td>\n<td>Golden \/ Silver<\/td>\n<\/tr>\n<tr>\n<td height=\"24\">Design<\/td>\n<td>Rectangular Shape<\/td>\n<\/tr>\n<tr>\n<td height=\"24\">Lid Type<\/td>\n<td>Removable Lid<\/td>\n<\/tr>\n<tr>\n<td height=\"24\">Heat<\/td>\n<td>Fuel<\/td>\n<\/tr>\n<tr>\n<td height=\"24\">Custom<\/td>\n<td>Color\/Logo\/Package<\/td>\n<\/tr>\n<tr>\n<td height=\"23\">MOQ<\/td>\n<td>200 set<\/td>\n<\/tr>\n<\/tbody>\n<\/table>\n"},"photo_gallery":{"product_gallery":[[{"id":2201,"title":"Stainless Steel Chafing Dish wholesale","caption":"Stainless Steel Chafing Dish wholesale","full_image_url":"https:\/\/www.dzwchafingdish.com\/wp-content\/uploads\/2024\/01\/Stainless-Steel-Chafing-Dish-wholesale-1.webp","thumbnail_image_url":"https:\/\/www.dzwchafingdish.com\/wp-content\/uploads\/2024\/01\/Stainless-Steel-Chafing-Dish-wholesale-1-150x150.webp","large_srcset":"https:\/\/www.dzwchafingdish.com\/wp-content\/uploads\/2024\/01\/Stainless-Steel-Chafing-Dish-wholesale-1.webp 1000w, https:\/\/www.dzwchafingdish.com\/wp-content\/uploads\/2024\/01\/Stainless-Steel-Chafing-Dish-wholesale-1-300x300.webp 300w, https:\/\/www.dzwchafingdish.com\/wp-content\/uploads\/2024\/01\/Stainless-Steel-Chafing-Dish-wholesale-1-150x150.webp 150w, https:\/\/www.dzwchafingdish.com\/wp-content\/uploads\/2024\/01\/Stainless-Steel-Chafing-Dish-wholesale-1-768x768.webp 768w","medium_srcset":"https:\/\/www.dzwchafingdish.com\/wp-content\/uploads\/2024\/01\/Stainless-Steel-Chafing-Dish-wholesale-1-300x300.webp 300w, https:\/\/www.dzwchafingdish.com\/wp-content\/uploads\/2024\/01\/Stainless-Steel-Chafing-Dish-wholesale-1-150x150.webp 150w, https:\/\/www.dzwchafingdish.com\/wp-content\/uploads\/2024\/01\/Stainless-Steel-Chafing-Dish-wholesale-1-768x768.webp 768w, https:\/\/www.dzwchafingdish.com\/wp-content\/uploads\/2024\/01\/Stainless-Steel-Chafing-Dish-wholesale-1.webp 1000w","media_details":{"width":1000,"height":1000,"sizes":{"medium":{"file":"Stainless-Steel-Chafing-Dish-wholesale-1-300x300.webp","width":300,"height":300,"mime-type":"image\/webp","filesize":7350,"source_url":"https:\/\/www.dzwchafingdish.com\/wp-content\/uploads\/2024\/01\/Stainless-Steel-Chafing-Dish-wholesale-1-300x300.webp"},"thumbnail":{"file":"Stainless-Steel-Chafing-Dish-wholesale-1-150x150.webp","width":150,"height":150,"mime-type":"image\/webp","filesize":2840,"source_url":"https:\/\/www.dzwchafingdish.com\/wp-content\/uploads\/2024\/01\/Stainless-Steel-Chafing-Dish-wholesale-1-150x150.webp"},"medium_large":{"file":"Stainless-Steel-Chafing-Dish-wholesale-1-768x768.webp","width":768,"height":768,"mime-type":"image\/webp","filesize":24126,"source_url":"https:\/\/www.dzwchafingdish.com\/wp-content\/uploads\/2024\/01\/Stainless-Steel-Chafing-Dish-wholesale-1-768x768.webp"}}},"alt_text":"Stainless Steel Chafing Dish wholesale","url":"","target":""},{"id":2200,"title":"Stainless Steel Chafing Dish suppler","caption":"Stainless Steel Chafing Dish suppler","full_image_url":"https:\/\/www.dzwchafingdish.com\/wp-content\/uploads\/2024\/01\/Stainless-Steel-Chafing-Dish-suppler.webp","thumbnail_image_url":"https:\/\/www.dzwchafingdish.com\/wp-content\/uploads\/2024\/01\/Stainless-Steel-Chafing-Dish-suppler-150x150.webp","large_srcset":"https:\/\/www.dzwchafingdish.com\/wp-content\/uploads\/2024\/01\/Stainless-Steel-Chafing-Dish-suppler.webp 1000w, https:\/\/www.dzwchafingdish.com\/wp-content\/uploads\/2024\/01\/Stainless-Steel-Chafing-Dish-suppler-300x300.webp 300w, https:\/\/www.dzwchafingdish.com\/wp-content\/uploads\/2024\/01\/Stainless-Steel-Chafing-Dish-suppler-150x150.webp 150w, https:\/\/www.dzwchafingdish.com\/wp-content\/uploads\/2024\/01\/Stainless-Steel-Chafing-Dish-suppler-768x768.webp 768w","medium_srcset":"https:\/\/www.dzwchafingdish.com\/wp-content\/uploads\/2024\/01\/Stainless-Steel-Chafing-Dish-suppler-300x300.webp 300w, https:\/\/www.dzwchafingdish.com\/wp-content\/uploads\/2024\/01\/Stainless-Steel-Chafing-Dish-suppler-150x150.webp 150w, https:\/\/www.dzwchafingdish.com\/wp-content\/uploads\/2024\/01\/Stainless-Steel-Chafing-Dish-suppler-768x768.webp 768w, https:\/\/www.dzwchafingdish.com\/wp-content\/uploads\/2024\/01\/Stainless-Steel-Chafing-Dish-suppler.webp 1000w","media_details":{"width":1000,"height":1000,"sizes":{"medium":{"file":"Stainless-Steel-Chafing-Dish-suppler-300x300.webp","width":300,"height":300,"mime-type":"image\/webp","filesize":6306,"source_url":"https:\/\/www.dzwchafingdish.com\/wp-content\/uploads\/2024\/01\/Stainless-Steel-Chafing-Dish-suppler-300x300.webp"},"thumbnail":{"file":"Stainless-Steel-Chafing-Dish-suppler-150x150.webp","width":150,"height":150,"mime-type":"image\/webp","filesize":2448,"source_url":"https:\/\/www.dzwchafingdish.com\/wp-content\/uploads\/2024\/01\/Stainless-Steel-Chafing-Dish-suppler-150x150.webp"},"medium_large":{"file":"Stainless-Steel-Chafing-Dish-suppler-768x768.webp","width":768,"height":768,"mime-type":"image\/webp","filesize":20612,"source_url":"https:\/\/www.dzwchafingdish.com\/wp-content\/uploads\/2024\/01\/Stainless-Steel-Chafing-Dish-suppler-768x768.webp"}}},"alt_text":"Stainless Steel Chafing Dish suppler","url":"","target":""},{"id":2225,"title":"wholesale chafing dish with lid","caption":"wholesale chafing dish with lid","full_image_url":"https:\/\/www.dzwchafingdish.com\/wp-content\/uploads\/2024\/01\/wholesale-chafing-dish-with-lid-edited.webp","thumbnail_image_url":"https:\/\/www.dzwchafingdish.com\/wp-content\/uploads\/2024\/01\/wholesale-chafing-dish-with-lid-edited-150x150.webp","large_srcset":"https:\/\/www.dzwchafingdish.com\/wp-content\/uploads\/2024\/01\/wholesale-chafing-dish-with-lid-edited.webp 912w, https:\/\/www.dzwchafingdish.com\/wp-content\/uploads\/2024\/01\/wholesale-chafing-dish-with-lid-edited-300x300.webp 300w, https:\/\/www.dzwchafingdish.com\/wp-content\/uploads\/2024\/01\/wholesale-chafing-dish-with-lid-edited-150x150.webp 150w, https:\/\/www.dzwchafingdish.com\/wp-content\/uploads\/2024\/01\/wholesale-chafing-dish-with-lid-edited-768x768.webp 768w","medium_srcset":"https:\/\/www.dzwchafingdish.com\/wp-content\/uploads\/2024\/01\/wholesale-chafing-dish-with-lid-edited-300x300.webp 300w, https:\/\/www.dzwchafingdish.com\/wp-content\/uploads\/2024\/01\/wholesale-chafing-dish-with-lid-edited-150x150.webp 150w, https:\/\/www.dzwchafingdish.com\/wp-content\/uploads\/2024\/01\/wholesale-chafing-dish-with-lid-edited-768x768.webp 768w, https:\/\/www.dzwchafingdish.com\/wp-content\/uploads\/2024\/01\/wholesale-chafing-dish-with-lid-edited.webp 912w","media_details":{"width":912,"height":912,"sizes":{"medium":{"file":"wholesale-chafing-dish-with-lid-edited-300x300.webp","width":300,"height":300,"mime-type":"image\/webp","filesize":11476,"source_url":"https:\/\/www.dzwchafingdish.com\/wp-content\/uploads\/2024\/01\/wholesale-chafing-dish-with-lid-edited-300x300.webp"},"thumbnail":{"file":"wholesale-chafing-dish-with-lid-edited-150x150.webp","width":150,"height":150,"mime-type":"image\/webp","filesize":4442,"source_url":"https:\/\/www.dzwchafingdish.com\/wp-content\/uploads\/2024\/01\/wholesale-chafing-dish-with-lid-edited-150x150.webp"},"medium_large":{"file":"wholesale-chafing-dish-with-lid-edited-768x768.webp","width":768,"height":768,"mime-type":"image\/webp","filesize":39230,"source_url":"https:\/\/www.dzwchafingdish.com\/wp-content\/uploads\/2024\/01\/wholesale-chafing-dish-with-lid-edited-768x768.webp"}}},"alt_text":"wholesale chafing dish with lid","url":"","target":""},{"id":2223,"title":"wholesale chafing dish stainless steel","caption":"wholesale chafing dish stainless steel","full_image_url":"https:\/\/www.dzwchafingdish.com\/wp-content\/uploads\/2024\/01\/wholesale-chafing-dish-stainless-steel-edited.webp","thumbnail_image_url":"https:\/\/www.dzwchafingdish.com\/wp-content\/uploads\/2024\/01\/wholesale-chafing-dish-stainless-steel-edited-150x150.webp","large_srcset":"https:\/\/www.dzwchafingdish.com\/wp-content\/uploads\/2024\/01\/wholesale-chafing-dish-stainless-steel-edited.webp 912w, https:\/\/www.dzwchafingdish.com\/wp-content\/uploads\/2024\/01\/wholesale-chafing-dish-stainless-steel-edited-300x300.webp 300w, https:\/\/www.dzwchafingdish.com\/wp-content\/uploads\/2024\/01\/wholesale-chafing-dish-stainless-steel-edited-150x150.webp 150w, https:\/\/www.dzwchafingdish.com\/wp-content\/uploads\/2024\/01\/wholesale-chafing-dish-stainless-steel-edited-768x768.webp 768w","medium_srcset":"https:\/\/www.dzwchafingdish.com\/wp-content\/uploads\/2024\/01\/wholesale-chafing-dish-stainless-steel-edited-300x300.webp 300w, https:\/\/www.dzwchafingdish.com\/wp-content\/uploads\/2024\/01\/wholesale-chafing-dish-stainless-steel-edited-150x150.webp 150w, https:\/\/www.dzwchafingdish.com\/wp-content\/uploads\/2024\/01\/wholesale-chafing-dish-stainless-steel-edited-768x768.webp 768w, https:\/\/www.dzwchafingdish.com\/wp-content\/uploads\/2024\/01\/wholesale-chafing-dish-stainless-steel-edited.webp 912w","media_details":{"width":912,"height":912,"sizes":{"medium":{"file":"wholesale-chafing-dish-stainless-steel-edited-300x300.webp","width":300,"height":300,"mime-type":"image\/webp","filesize":9594,"source_url":"https:\/\/www.dzwchafingdish.com\/wp-content\/uploads\/2024\/01\/wholesale-chafing-dish-stainless-steel-edited-300x300.webp"},"thumbnail":{"file":"wholesale-chafing-dish-stainless-steel-edited-150x150.webp","width":150,"height":150,"mime-type":"image\/webp","filesize":3742,"source_url":"https:\/\/www.dzwchafingdish.com\/wp-content\/uploads\/2024\/01\/wholesale-chafing-dish-stainless-steel-edited-150x150.webp"},"medium_large":{"file":"wholesale-chafing-dish-stainless-steel-edited-768x768.webp","width":768,"height":768,"mime-type":"image\/webp","filesize":32604,"source_url":"https:\/\/www.dzwchafingdish.com\/wp-content\/uploads\/2024\/01\/wholesale-chafing-dish-stainless-steel-edited-768x768.webp"}}},"alt_text":"wholesale chafing dish stainless steel","url":"","target":""},{"id":2222,"title":"wholesale chafing dish 2 pan (2)","caption":"wholesale chafing dish 2 pan ","full_image_url":"https:\/\/www.dzwchafingdish.com\/wp-content\/uploads\/2024\/01\/wholesale-chafing-dish-2-pan-2-edited-1.webp","thumbnail_image_url":"https:\/\/www.dzwchafingdish.com\/wp-content\/uploads\/2024\/01\/wholesale-chafing-dish-2-pan-2-edited-1-150x150.webp","large_srcset":"https:\/\/www.dzwchafingdish.com\/wp-content\/uploads\/2024\/01\/wholesale-chafing-dish-2-pan-2-edited-1.webp 912w, https:\/\/www.dzwchafingdish.com\/wp-content\/uploads\/2024\/01\/wholesale-chafing-dish-2-pan-2-edited-1-300x300.webp 300w, https:\/\/www.dzwchafingdish.com\/wp-content\/uploads\/2024\/01\/wholesale-chafing-dish-2-pan-2-edited-1-150x150.webp 150w, https:\/\/www.dzwchafingdish.com\/wp-content\/uploads\/2024\/01\/wholesale-chafing-dish-2-pan-2-edited-1-768x768.webp 768w","medium_srcset":"https:\/\/www.dzwchafingdish.com\/wp-content\/uploads\/2024\/01\/wholesale-chafing-dish-2-pan-2-edited-1-300x300.webp 300w, https:\/\/www.dzwchafingdish.com\/wp-content\/uploads\/2024\/01\/wholesale-chafing-dish-2-pan-2-edited-1-150x150.webp 150w, https:\/\/www.dzwchafingdish.com\/wp-content\/uploads\/2024\/01\/wholesale-chafing-dish-2-pan-2-edited-1-768x768.webp 768w, https:\/\/www.dzwchafingdish.com\/wp-content\/uploads\/2024\/01\/wholesale-chafing-dish-2-pan-2-edited-1.webp 912w","media_details":{"width":912,"height":912,"sizes":{"medium":{"file":"wholesale-chafing-dish-2-pan-2-edited-1-300x300.webp","width":300,"height":300,"mime-type":"image\/webp","filesize":14938,"source_url":"https:\/\/www.dzwchafingdish.com\/wp-content\/uploads\/2024\/01\/wholesale-chafing-dish-2-pan-2-edited-1-300x300.webp"},"thumbnail":{"file":"wholesale-chafing-dish-2-pan-2-edited-1-150x150.webp","width":150,"height":150,"mime-type":"image\/webp","filesize":5534,"source_url":"https:\/\/www.dzwchafingdish.com\/wp-content\/uploads\/2024\/01\/wholesale-chafing-dish-2-pan-2-edited-1-150x150.webp"},"medium_large":{"file":"wholesale-chafing-dish-2-pan-2-edited-1-768x768.webp","width":768,"height":768,"mime-type":"image\/webp","filesize":51010,"source_url":"https:\/\/www.dzwchafingdish.com\/wp-content\/uploads\/2024\/01\/wholesale-chafing-dish-2-pan-2-edited-1-768x768.webp"}}},"alt_text":"wholesale chafing dish 2 pan","url":"","target":""},{"id":2224,"title":"wholesale chafing dish with stand","caption":"wholesale chafing dish with stand","full_image_url":"https:\/\/www.dzwchafingdish.com\/wp-content\/uploads\/2024\/01\/wholesale-chafing-dish-whith-stand-edited.webp","thumbnail_image_url":"https:\/\/www.dzwchafingdish.com\/wp-content\/uploads\/2024\/01\/wholesale-chafing-dish-whith-stand-edited-150x150.webp","large_srcset":"https:\/\/www.dzwchafingdish.com\/wp-content\/uploads\/2024\/01\/wholesale-chafing-dish-whith-stand-edited.webp 912w, https:\/\/www.dzwchafingdish.com\/wp-content\/uploads\/2024\/01\/wholesale-chafing-dish-whith-stand-edited-300x300.webp 300w, https:\/\/www.dzwchafingdish.com\/wp-content\/uploads\/2024\/01\/wholesale-chafing-dish-whith-stand-edited-150x150.webp 150w, https:\/\/www.dzwchafingdish.com\/wp-content\/uploads\/2024\/01\/wholesale-chafing-dish-whith-stand-edited-768x768.webp 768w","medium_srcset":"https:\/\/www.dzwchafingdish.com\/wp-content\/uploads\/2024\/01\/wholesale-chafing-dish-whith-stand-edited-300x300.webp 300w, https:\/\/www.dzwchafingdish.com\/wp-content\/uploads\/2024\/01\/wholesale-chafing-dish-whith-stand-edited-150x150.webp 150w, https:\/\/www.dzwchafingdish.com\/wp-content\/uploads\/2024\/01\/wholesale-chafing-dish-whith-stand-edited-768x768.webp 768w, https:\/\/www.dzwchafingdish.com\/wp-content\/uploads\/2024\/01\/wholesale-chafing-dish-whith-stand-edited.webp 912w","media_details":{"width":912,"height":912,"sizes":{"medium":{"file":"wholesale-chafing-dish-whith-stand-edited-300x300.webp","width":300,"height":300,"mime-type":"image\/webp","filesize":10102,"source_url":"https:\/\/www.dzwchafingdish.com\/wp-content\/uploads\/2024\/01\/wholesale-chafing-dish-whith-stand-edited-300x300.webp"},"thumbnail":{"file":"wholesale-chafing-dish-whith-stand-edited-150x150.webp","width":150,"height":150,"mime-type":"image\/webp","filesize":4146,"source_url":"https:\/\/www.dzwchafingdish.com\/wp-content\/uploads\/2024\/01\/wholesale-chafing-dish-whith-stand-edited-150x150.webp"},"medium_large":{"file":"wholesale-chafing-dish-whith-stand-edited-768x768.webp","width":768,"height":768,"mime-type":"image\/webp","filesize":32272,"source_url":"https:\/\/www.dzwchafingdish.com\/wp-content\/uploads\/2024\/01\/wholesale-chafing-dish-whith-stand-edited-768x768.webp"}}},"alt_text":"wholesale chafing dish with stand","url":"","target":""}]]}},"_links":{"self":[{"href":"https:\/\/www.dzwchafingdish.com\/es\/wp-json\/wp\/v2\/product\/2199","targetHints":{"allow":["GET"]}}],"collection":[{"href":"https:\/\/www.dzwchafingdish.com\/es\/wp-json\/wp\/v2\/product"}],"about":[{"href":"https:\/\/www.dzwchafingdish.com\/es\/wp-json\/wp\/v2\/types\/product"}],"author":[{"embeddable":true,"href":"https:\/\/www.dzwchafingdish.com\/es\/wp-json\/wp\/v2\/users\/1"}],"version-history":[{"count":0,"href":"https:\/\/www.dzwchafingdish.com\/es\/wp-json\/wp\/v2\/product\/2199\/revisions"}],"wp:featuredmedia":[{"embeddable":true,"href":"https:\/\/www.dzwchafingdish.com\/es\/wp-json\/wp\/v2\/media\/2201"}],"wp:attachment":[{"href":"https:\/\/www.dzwchafingdish.com\/es\/wp-json\/wp\/v2\/media?parent=2199"}],"wp:term":[{"taxonomy":"product-categories","embeddable":true,"href":"https:\/\/www.dzwchafingdish.com\/es\/wp-json\/wp\/v2\/product-categories?post=2199"},{"taxonomy":"product-tag","embeddable":true,"href":"https:\/\/www.dzwchafingdish.com\/es\/wp-json\/wp\/v2\/product-tag?post=2199"}],"curies":[{"name":"wp","href":"https:\/\/api.w.org\/{rel}","templated":true}]}}