{"id":2298,"date":"2024-01-24T10:32:41","date_gmt":"2024-01-24T10:32:41","guid":{"rendered":"https:\/\/www.dzwchafingdish.com\/?post_type=product&#038;p=2298"},"modified":"2024-06-12T08:11:33","modified_gmt":"2024-06-12T08:11:33","slug":"glass-drink-dispenser","status":"publish","type":"product","link":"https:\/\/www.dzwchafingdish.com\/es\/product\/glass-drink-dispenser\/","title":{"rendered":"Mayorista Dispensador de Bebidas de Cristal Fancy con Vaso para Beber"},"content":{"rendered":"<div class=\"wp-block-columns is-layout-flex wp-container-core-columns-is-layout-28f84493 wp-block-columns-is-layout-flex\">\n<div class=\"wp-block-column is-layout-flow wp-block-column-is-layout-flow\" style=\"flex-basis:40%\">\n<h2 class=\"wp-block-heading\" style=\"font-size:18px\"><strong>Dispensador de bebidas de vidrio Dimensi\u00f3n<\/strong><\/h2>\n\n\n\n<figure class=\"wp-block-table\"><table><tbody><tr><td>PUNTO NO.<\/td><td>TALLA<\/td><td>LONGITUD<\/td><td>AMPLIO<\/td><td>ALTO<\/td><td>N.W \/SET<\/td><\/tr><tr><td>DZW-BD01<\/td><td>3.6 L<\/td><td>16 cm<\/td><td>40 cm<\/td><td>18 cm<\/td><td>2600g<\/td><\/tr><\/tbody><\/table><\/figure>\n<\/div>\n\n\n\n<div class=\"wp-block-column is-layout-flow wp-block-column-is-layout-flow\">\n<div class=\"wp-block-columns is-layout-flex wp-container-core-columns-is-layout-28f84493 wp-block-columns-is-layout-flex\">\n<div class=\"wp-block-column is-layout-flow wp-block-column-is-layout-flow\">\n<figure class=\"wp-block-image size-full\"><img fetchpriority=\"high\" decoding=\"async\" width=\"800\" height=\"800\" src=\"https:\/\/www.dzwchafingdish.com\/wp-content\/uploads\/2024\/01\/wholesale-glass-drink-dispenser.webp\" alt=\"mayorista dispensador de bebidas de vidrio\" class=\"wp-image-2312\" srcset=\"https:\/\/www.dzwchafingdish.com\/wp-content\/uploads\/2024\/01\/wholesale-glass-drink-dispenser.webp 800w, https:\/\/www.dzwchafingdish.com\/wp-content\/uploads\/2024\/01\/wholesale-glass-drink-dispenser-300x300.webp 300w, https:\/\/www.dzwchafingdish.com\/wp-content\/uploads\/2024\/01\/wholesale-glass-drink-dispenser-150x150.webp 150w, https:\/\/www.dzwchafingdish.com\/wp-content\/uploads\/2024\/01\/wholesale-glass-drink-dispenser-768x768.webp 768w\" sizes=\"(max-width: 800px) 100vw, 800px\" \/><\/figure>\n<\/div>\n\n\n\n<div class=\"wp-block-column is-layout-flow wp-block-column-is-layout-flow\">\n<figure class=\"wp-block-image size-full\"><img decoding=\"async\" width=\"800\" height=\"800\" src=\"https:\/\/www.dzwchafingdish.com\/wp-content\/uploads\/2024\/01\/glass-juice-dispenser.webp\" alt=\"dispensador de zumo de cristal\" class=\"wp-image-2311\" srcset=\"https:\/\/www.dzwchafingdish.com\/wp-content\/uploads\/2024\/01\/glass-juice-dispenser.webp 800w, https:\/\/www.dzwchafingdish.com\/wp-content\/uploads\/2024\/01\/glass-juice-dispenser-300x300.webp 300w, https:\/\/www.dzwchafingdish.com\/wp-content\/uploads\/2024\/01\/glass-juice-dispenser-150x150.webp 150w, https:\/\/www.dzwchafingdish.com\/wp-content\/uploads\/2024\/01\/glass-juice-dispenser-768x768.webp 768w\" sizes=\"(max-width: 800px) 100vw, 800px\" \/><\/figure>\n<\/div>\n<\/div>\n<\/div>\n<\/div>\n\n\n\n<div class=\"wp-block-columns is-layout-flex wp-container-core-columns-is-layout-28f84493 wp-block-columns-is-layout-flex\">\n<div class=\"wp-block-column is-layout-flow wp-block-column-is-layout-flow\">\n<figure class=\"wp-block-image size-full\"><img decoding=\"async\" width=\"800\" height=\"800\" src=\"https:\/\/www.dzwchafingdish.com\/wp-content\/uploads\/2024\/01\/drink-dispenser-glass-wholesale.webp\" alt=\"vaso dispensador de bebidas al por mayor\" class=\"wp-image-2306\" srcset=\"https:\/\/www.dzwchafingdish.com\/wp-content\/uploads\/2024\/01\/drink-dispenser-glass-wholesale.webp 800w, https:\/\/www.dzwchafingdish.com\/wp-content\/uploads\/2024\/01\/drink-dispenser-glass-wholesale-300x300.webp 300w, https:\/\/www.dzwchafingdish.com\/wp-content\/uploads\/2024\/01\/drink-dispenser-glass-wholesale-150x150.webp 150w, https:\/\/www.dzwchafingdish.com\/wp-content\/uploads\/2024\/01\/drink-dispenser-glass-wholesale-768x768.webp 768w\" sizes=\"(max-width: 800px) 100vw, 800px\" \/><\/figure>\n<\/div>\n\n\n\n<div class=\"wp-block-column is-layout-flow wp-block-column-is-layout-flow\">\n<h2 class=\"wp-block-heading\" style=\"font-size:18px\"><strong>Dispensador de bebidas de cristal Premium Caracter\u00edsticas<\/strong>:<\/h2>\n\n\n\n<p>Material de vidrio de gran transparencia:<br>Fabricado en vidrio de alta calidad, mejora la est\u00e9tica general y ofrece una visi\u00f3n clara del interior de la bebida.<\/p>\n\n\n\n<p>Pr\u00e1ctica asa de transporte:<br>Dise\u00f1ado con una robusta asa de transporte, el dispensador de mano ofrece un f\u00e1cil transporte y colocaci\u00f3n para una gran variedad de entornos, desde fiestas a eventos al aire libre.<\/p>\n\n\n\n<p>Grifos y expositores fiables:<br>Garantiza una dispensaci\u00f3n de bebidas eficaz y sin goteos. Los expositores de acero inoxidable no s\u00f3lo mejoran el aspecto visual, sino que tambi\u00e9n facilitan el acceso a los grifos dispensadores. Cuidadosamente dise\u00f1ado para mejorar la experiencia global del servicio.<\/p>\n\n\n\n<p>Incluye cuatro vasos a juego:<br>Este completo set proporciona una soluci\u00f3n completa para servir bebidas, eliminando la necesidad de cristaler\u00eda adicional.<\/p>\n<\/div>\n<\/div>","protected":false},"excerpt":{"rendered":"<p>Dispensador de bebidas de vidrio Dimensi\u00f3n ART\u00cdCULO NO. LONGITUD ANCHO ALTURA N.A.\/SET DZW-BD01 3.6 L 16cm 40cm 18cm 2600g Dispensador de bebidas de cristal premium Caracter\u00edsticas: Material de vidrio altamente transparente:Fabricado en vidrio de alta calidad, mejora la est\u00e9tica general y proporciona una visi\u00f3n clara del interior de la bebida. Pr\u00e1ctica asa de transporte:Dise\u00f1ado con una resistente asa de transporte, el [...]<\/p>","protected":false},"author":1,"featured_media":2308,"parent":0,"menu_order":0,"template":"","format":"standard","meta":{"_acf_changed":false,"site-sidebar-layout":"default","site-content-layout":"","ast-site-content-layout":"default","site-content-style":"default","site-sidebar-style":"default","ast-global-header-display":"","ast-banner-title-visibility":"","ast-main-header-display":"","ast-hfb-above-header-display":"","ast-hfb-below-header-display":"","ast-hfb-mobile-header-display":"","site-post-title":"","ast-breadcrumbs-content":"","ast-featured-img":"","footer-sml-layout":"","theme-transparent-header-meta":"","adv-header-id-meta":"","stick-header-meta":"","header-above-stick-meta":"","header-main-stick-meta":"","header-below-stick-meta":"","astra-migrate-meta-layouts":"default","ast-page-background-enabled":"default","ast-page-background-meta":{"desktop":{"background-color":"var(--ast-global-color-4)","background-image":"","background-repeat":"repeat","background-position":"center center","background-size":"auto","background-attachment":"scroll","background-type":"","background-media":"","overlay-type":"","overlay-color":"","overlay-opacity":"","overlay-gradient":""},"tablet":{"background-color":"","background-image":"","background-repeat":"repeat","background-position":"center center","background-size":"auto","background-attachment":"scroll","background-type":"","background-media":"","overlay-type":"","overlay-color":"","overlay-opacity":"","overlay-gradient":""},"mobile":{"background-color":"","background-image":"","background-repeat":"repeat","background-position":"center center","background-size":"auto","background-attachment":"scroll","background-type":"","background-media":"","overlay-type":"","overlay-color":"","overlay-opacity":"","overlay-gradient":""}},"ast-content-background-meta":{"desktop":{"background-color":"var(--ast-global-color-5)","background-image":"","background-repeat":"repeat","background-position":"center center","background-size":"auto","background-attachment":"scroll","background-type":"","background-media":"","overlay-type":"","overlay-color":"","overlay-opacity":"","overlay-gradient":""},"tablet":{"background-color":"var(--ast-global-color-5)","background-image":"","background-repeat":"repeat","background-position":"center center","background-size":"auto","background-attachment":"scroll","background-type":"","background-media":"","overlay-type":"","overlay-color":"","overlay-opacity":"","overlay-gradient":""},"mobile":{"background-color":"var(--ast-global-color-5)","background-image":"","background-repeat":"repeat","background-position":"center center","background-size":"auto","background-attachment":"scroll","background-type":"","background-media":"","overlay-type":"","overlay-color":"","overlay-opacity":"","overlay-gradient":""}},"footnotes":""},"product-categories":[64],"product-tag":[],"class_list":["post-2298","product","type-product","status-publish","format-standard","has-post-thumbnail","hentry","product-categories-drink-dispenser"],"acf":{"title":"Mayorista Dispensador de Bebidas de Cristal Fancy con Vaso para Beber","title_source":{"label":"Title","type":"text","formatted_value":"Wholesale Glass Drink Dispenser Fancy with Drinking Glass"},"short_description":"Wholesale glass beverage dispenser set, the best solution to enhance your catering business. It combines high-quality glass and stainless steel construction for an elegant appearance. Whether hosting a party, wedding or outdoor get-together, this gorgeous water dispenser is the perfect choice.","short_description_source":{"label":"Short description","type":"textarea","formatted_value":"Wholesale glass beverage dispenser set, the best solution to enhance your catering business. It combines high-quality glass and stainless steel construction for an elegant appearance. Whether hosting a party, wedding or outdoor get-together, this gorgeous water dispenser is the perfect choice."},"parameters":"<table border=\"0\" width=\"423\" cellspacing=\"0\" cellpadding=\"0\">\r\n<tbody>\r\n<tr>\r\n<td width=\"166\" height=\"23\">Manufacturer<\/td>\r\n<td width=\"257\">DONGZHAOWEI<\/td>\r\n<\/tr>\r\n<tr>\r\n<td height=\"23\">Material<\/td>\r\n<td>\u00a0Glass and Stainless Steel<\/td>\r\n<\/tr>\r\n<tr>\r\n<td height=\"23\">Capacity<\/td>\r\n<td>3.6 L<\/td>\r\n<\/tr>\r\n<tr>\r\n<td height=\"24\">Color<\/td>\r\n<td>Golden<\/td>\r\n<\/tr>\r\n<tr>\r\n<td height=\"24\">Design<\/td>\r\n<td>With stand, Handle and Spigot<\/td>\r\n<\/tr>\r\n<tr>\r\n<td height=\"24\">Shape<\/td>\r\n<td>Barrel Shape<\/td>\r\n<\/tr>\r\n<tr>\r\n<td height=\"24\">Custom<\/td>\r\n<td>Color\/Logo\/Package<\/td>\r\n<\/tr>\r\n<tr>\r\n<td height=\"23\">MOQ<\/td>\r\n<td>20 Sets<\/td>\r\n<\/tr>\r\n<\/tbody>\r\n<\/table>","parameters_source":{"label":"Parameters","type":"wysiwyg","formatted_value":"<table border=\"0\" width=\"423\" cellspacing=\"0\" cellpadding=\"0\">\n<tbody>\n<tr>\n<td width=\"166\" height=\"23\">Manufacturer<\/td>\n<td width=\"257\">DONGZHAOWEI<\/td>\n<\/tr>\n<tr>\n<td height=\"23\">Material<\/td>\n<td>\u00a0Glass and Stainless Steel<\/td>\n<\/tr>\n<tr>\n<td height=\"23\">Capacity<\/td>\n<td>3.6 L<\/td>\n<\/tr>\n<tr>\n<td height=\"24\">Color<\/td>\n<td>Golden<\/td>\n<\/tr>\n<tr>\n<td height=\"24\">Design<\/td>\n<td>With stand, Handle and Spigot<\/td>\n<\/tr>\n<tr>\n<td height=\"24\">Shape<\/td>\n<td>Barrel Shape<\/td>\n<\/tr>\n<tr>\n<td height=\"24\">Custom<\/td>\n<td>Color\/Logo\/Package<\/td>\n<\/tr>\n<tr>\n<td height=\"23\">MOQ<\/td>\n<td>20 Sets<\/td>\n<\/tr>\n<\/tbody>\n<\/table>\n"},"photo_gallery":{"product_gallery":[[{"id":2308,"title":"glass drink dispenser wholesale","caption":"glass drink dispenser wholesale","full_image_url":"https:\/\/www.dzwchafingdish.com\/wp-content\/uploads\/2024\/01\/glass-drink-dispenser-wholesale.webp","thumbnail_image_url":"https:\/\/www.dzwchafingdish.com\/wp-content\/uploads\/2024\/01\/glass-drink-dispenser-wholesale-150x150.webp","large_srcset":"https:\/\/www.dzwchafingdish.com\/wp-content\/uploads\/2024\/01\/glass-drink-dispenser-wholesale.webp 800w, https:\/\/www.dzwchafingdish.com\/wp-content\/uploads\/2024\/01\/glass-drink-dispenser-wholesale-300x300.webp 300w, https:\/\/www.dzwchafingdish.com\/wp-content\/uploads\/2024\/01\/glass-drink-dispenser-wholesale-150x150.webp 150w, https:\/\/www.dzwchafingdish.com\/wp-content\/uploads\/2024\/01\/glass-drink-dispenser-wholesale-768x768.webp 768w","medium_srcset":"https:\/\/www.dzwchafingdish.com\/wp-content\/uploads\/2024\/01\/glass-drink-dispenser-wholesale-300x300.webp 300w, https:\/\/www.dzwchafingdish.com\/wp-content\/uploads\/2024\/01\/glass-drink-dispenser-wholesale-150x150.webp 150w, https:\/\/www.dzwchafingdish.com\/wp-content\/uploads\/2024\/01\/glass-drink-dispenser-wholesale-768x768.webp 768w, https:\/\/www.dzwchafingdish.com\/wp-content\/uploads\/2024\/01\/glass-drink-dispenser-wholesale.webp 800w","media_details":{"width":800,"height":800,"sizes":{"medium":{"file":"glass-drink-dispenser-wholesale-300x300.webp","width":300,"height":300,"mime-type":"image\/webp","filesize":8974,"source_url":"https:\/\/www.dzwchafingdish.com\/wp-content\/uploads\/2024\/01\/glass-drink-dispenser-wholesale-300x300.webp"},"thumbnail":{"file":"glass-drink-dispenser-wholesale-150x150.webp","width":150,"height":150,"mime-type":"image\/webp","filesize":3026,"source_url":"https:\/\/www.dzwchafingdish.com\/wp-content\/uploads\/2024\/01\/glass-drink-dispenser-wholesale-150x150.webp"},"medium_large":{"file":"glass-drink-dispenser-wholesale-768x768.webp","width":768,"height":768,"mime-type":"image\/webp","filesize":35220,"source_url":"https:\/\/www.dzwchafingdish.com\/wp-content\/uploads\/2024\/01\/glass-drink-dispenser-wholesale-768x768.webp"}}},"alt_text":"glass drink dispenser wholesale","url":"","target":""},{"id":2312,"title":"wholesale glass drink dispenser","caption":"wholesale glass drink dispenser","full_image_url":"https:\/\/www.dzwchafingdish.com\/wp-content\/uploads\/2024\/01\/wholesale-glass-drink-dispenser.webp","thumbnail_image_url":"https:\/\/www.dzwchafingdish.com\/wp-content\/uploads\/2024\/01\/wholesale-glass-drink-dispenser-150x150.webp","large_srcset":"https:\/\/www.dzwchafingdish.com\/wp-content\/uploads\/2024\/01\/wholesale-glass-drink-dispenser.webp 800w, https:\/\/www.dzwchafingdish.com\/wp-content\/uploads\/2024\/01\/wholesale-glass-drink-dispenser-300x300.webp 300w, https:\/\/www.dzwchafingdish.com\/wp-content\/uploads\/2024\/01\/wholesale-glass-drink-dispenser-150x150.webp 150w, https:\/\/www.dzwchafingdish.com\/wp-content\/uploads\/2024\/01\/wholesale-glass-drink-dispenser-768x768.webp 768w","medium_srcset":"https:\/\/www.dzwchafingdish.com\/wp-content\/uploads\/2024\/01\/wholesale-glass-drink-dispenser-300x300.webp 300w, https:\/\/www.dzwchafingdish.com\/wp-content\/uploads\/2024\/01\/wholesale-glass-drink-dispenser-150x150.webp 150w, https:\/\/www.dzwchafingdish.com\/wp-content\/uploads\/2024\/01\/wholesale-glass-drink-dispenser-768x768.webp 768w, https:\/\/www.dzwchafingdish.com\/wp-content\/uploads\/2024\/01\/wholesale-glass-drink-dispenser.webp 800w","media_details":{"width":800,"height":800,"sizes":{"medium":{"file":"wholesale-glass-drink-dispenser-300x300.webp","width":300,"height":300,"mime-type":"image\/webp","filesize":8348,"source_url":"https:\/\/www.dzwchafingdish.com\/wp-content\/uploads\/2024\/01\/wholesale-glass-drink-dispenser-300x300.webp"},"thumbnail":{"file":"wholesale-glass-drink-dispenser-150x150.webp","width":150,"height":150,"mime-type":"image\/webp","filesize":2746,"source_url":"https:\/\/www.dzwchafingdish.com\/wp-content\/uploads\/2024\/01\/wholesale-glass-drink-dispenser-150x150.webp"},"medium_large":{"file":"wholesale-glass-drink-dispenser-768x768.webp","width":768,"height":768,"mime-type":"image\/webp","filesize":34090,"source_url":"https:\/\/www.dzwchafingdish.com\/wp-content\/uploads\/2024\/01\/wholesale-glass-drink-dispenser-768x768.webp"}}},"alt_text":"wholesale glass drink dispenser","url":"","target":""},{"id":2306,"title":"drink dispenser glass wholesale","caption":"drink dispenser glass wholesale","full_image_url":"https:\/\/www.dzwchafingdish.com\/wp-content\/uploads\/2024\/01\/drink-dispenser-glass-wholesale.webp","thumbnail_image_url":"https:\/\/www.dzwchafingdish.com\/wp-content\/uploads\/2024\/01\/drink-dispenser-glass-wholesale-150x150.webp","large_srcset":"https:\/\/www.dzwchafingdish.com\/wp-content\/uploads\/2024\/01\/drink-dispenser-glass-wholesale.webp 800w, https:\/\/www.dzwchafingdish.com\/wp-content\/uploads\/2024\/01\/drink-dispenser-glass-wholesale-300x300.webp 300w, https:\/\/www.dzwchafingdish.com\/wp-content\/uploads\/2024\/01\/drink-dispenser-glass-wholesale-150x150.webp 150w, https:\/\/www.dzwchafingdish.com\/wp-content\/uploads\/2024\/01\/drink-dispenser-glass-wholesale-768x768.webp 768w","medium_srcset":"https:\/\/www.dzwchafingdish.com\/wp-content\/uploads\/2024\/01\/drink-dispenser-glass-wholesale-300x300.webp 300w, https:\/\/www.dzwchafingdish.com\/wp-content\/uploads\/2024\/01\/drink-dispenser-glass-wholesale-150x150.webp 150w, https:\/\/www.dzwchafingdish.com\/wp-content\/uploads\/2024\/01\/drink-dispenser-glass-wholesale-768x768.webp 768w, https:\/\/www.dzwchafingdish.com\/wp-content\/uploads\/2024\/01\/drink-dispenser-glass-wholesale.webp 800w","media_details":{"width":800,"height":800,"sizes":{"medium":{"file":"drink-dispenser-glass-wholesale-300x300.webp","width":300,"height":300,"mime-type":"image\/webp","filesize":23776,"source_url":"https:\/\/www.dzwchafingdish.com\/wp-content\/uploads\/2024\/01\/drink-dispenser-glass-wholesale-300x300.webp"},"thumbnail":{"file":"drink-dispenser-glass-wholesale-150x150.webp","width":150,"height":150,"mime-type":"image\/webp","filesize":7930,"source_url":"https:\/\/www.dzwchafingdish.com\/wp-content\/uploads\/2024\/01\/drink-dispenser-glass-wholesale-150x150.webp"},"medium_large":{"file":"drink-dispenser-glass-wholesale-768x768.webp","width":768,"height":768,"mime-type":"image\/webp","filesize":90550,"source_url":"https:\/\/www.dzwchafingdish.com\/wp-content\/uploads\/2024\/01\/drink-dispenser-glass-wholesale-768x768.webp"}}},"alt_text":"drink dispenser glass wholesale","url":"","target":""},{"id":2309,"title":"glass drink dispenser with tap wholesale","caption":"glass drink dispenser with tap wholesale","full_image_url":"https:\/\/www.dzwchafingdish.com\/wp-content\/uploads\/2024\/01\/glass-drink-dispenser-with-tap-wholesale.webp","thumbnail_image_url":"https:\/\/www.dzwchafingdish.com\/wp-content\/uploads\/2024\/01\/glass-drink-dispenser-with-tap-wholesale-150x150.webp","large_srcset":"https:\/\/www.dzwchafingdish.com\/wp-content\/uploads\/2024\/01\/glass-drink-dispenser-with-tap-wholesale.webp 800w, https:\/\/www.dzwchafingdish.com\/wp-content\/uploads\/2024\/01\/glass-drink-dispenser-with-tap-wholesale-300x300.webp 300w, https:\/\/www.dzwchafingdish.com\/wp-content\/uploads\/2024\/01\/glass-drink-dispenser-with-tap-wholesale-150x150.webp 150w, https:\/\/www.dzwchafingdish.com\/wp-content\/uploads\/2024\/01\/glass-drink-dispenser-with-tap-wholesale-768x768.webp 768w","medium_srcset":"https:\/\/www.dzwchafingdish.com\/wp-content\/uploads\/2024\/01\/glass-drink-dispenser-with-tap-wholesale-300x300.webp 300w, https:\/\/www.dzwchafingdish.com\/wp-content\/uploads\/2024\/01\/glass-drink-dispenser-with-tap-wholesale-150x150.webp 150w, https:\/\/www.dzwchafingdish.com\/wp-content\/uploads\/2024\/01\/glass-drink-dispenser-with-tap-wholesale-768x768.webp 768w, https:\/\/www.dzwchafingdish.com\/wp-content\/uploads\/2024\/01\/glass-drink-dispenser-with-tap-wholesale.webp 800w","media_details":{"width":800,"height":800,"sizes":{"medium":{"file":"glass-drink-dispenser-with-tap-wholesale-300x300.webp","width":300,"height":300,"mime-type":"image\/webp","filesize":20838,"source_url":"https:\/\/www.dzwchafingdish.com\/wp-content\/uploads\/2024\/01\/glass-drink-dispenser-with-tap-wholesale-300x300.webp"},"thumbnail":{"file":"glass-drink-dispenser-with-tap-wholesale-150x150.webp","width":150,"height":150,"mime-type":"image\/webp","filesize":7242,"source_url":"https:\/\/www.dzwchafingdish.com\/wp-content\/uploads\/2024\/01\/glass-drink-dispenser-with-tap-wholesale-150x150.webp"},"medium_large":{"file":"glass-drink-dispenser-with-tap-wholesale-768x768.webp","width":768,"height":768,"mime-type":"image\/webp","filesize":79300,"source_url":"https:\/\/www.dzwchafingdish.com\/wp-content\/uploads\/2024\/01\/glass-drink-dispenser-with-tap-wholesale-768x768.webp"}}},"alt_text":"glass drink dispenser with tap wholesale","url":"","target":""},{"id":2307,"title":"glass drink dispenser bulk","caption":"glass drink dispenser bulk","full_image_url":"https:\/\/www.dzwchafingdish.com\/wp-content\/uploads\/2024\/01\/glass-drink-dispenser-bulk.webp","thumbnail_image_url":"https:\/\/www.dzwchafingdish.com\/wp-content\/uploads\/2024\/01\/glass-drink-dispenser-bulk-150x150.webp","large_srcset":"https:\/\/www.dzwchafingdish.com\/wp-content\/uploads\/2024\/01\/glass-drink-dispenser-bulk.webp 800w, https:\/\/www.dzwchafingdish.com\/wp-content\/uploads\/2024\/01\/glass-drink-dispenser-bulk-300x300.webp 300w, https:\/\/www.dzwchafingdish.com\/wp-content\/uploads\/2024\/01\/glass-drink-dispenser-bulk-150x150.webp 150w, https:\/\/www.dzwchafingdish.com\/wp-content\/uploads\/2024\/01\/glass-drink-dispenser-bulk-768x768.webp 768w","medium_srcset":"https:\/\/www.dzwchafingdish.com\/wp-content\/uploads\/2024\/01\/glass-drink-dispenser-bulk-300x300.webp 300w, https:\/\/www.dzwchafingdish.com\/wp-content\/uploads\/2024\/01\/glass-drink-dispenser-bulk-150x150.webp 150w, https:\/\/www.dzwchafingdish.com\/wp-content\/uploads\/2024\/01\/glass-drink-dispenser-bulk-768x768.webp 768w, https:\/\/www.dzwchafingdish.com\/wp-content\/uploads\/2024\/01\/glass-drink-dispenser-bulk.webp 800w","media_details":{"width":800,"height":800,"sizes":{"medium":{"file":"glass-drink-dispenser-bulk-300x300.webp","width":300,"height":300,"mime-type":"image\/webp","filesize":21648,"source_url":"https:\/\/www.dzwchafingdish.com\/wp-content\/uploads\/2024\/01\/glass-drink-dispenser-bulk-300x300.webp"},"thumbnail":{"file":"glass-drink-dispenser-bulk-150x150.webp","width":150,"height":150,"mime-type":"image\/webp","filesize":7254,"source_url":"https:\/\/www.dzwchafingdish.com\/wp-content\/uploads\/2024\/01\/glass-drink-dispenser-bulk-150x150.webp"},"medium_large":{"file":"glass-drink-dispenser-bulk-768x768.webp","width":768,"height":768,"mime-type":"image\/webp","filesize":83880,"source_url":"https:\/\/www.dzwchafingdish.com\/wp-content\/uploads\/2024\/01\/glass-drink-dispenser-bulk-768x768.webp"}}},"alt_text":"glass drink dispenser bulk","url":"","target":""},{"id":2310,"title":"glass juice dispenser wholesale","caption":"glass juice dispenser wholesale","full_image_url":"https:\/\/www.dzwchafingdish.com\/wp-content\/uploads\/2024\/01\/glass-juice-dispenser-wholesale.webp","thumbnail_image_url":"https:\/\/www.dzwchafingdish.com\/wp-content\/uploads\/2024\/01\/glass-juice-dispenser-wholesale-150x150.webp","large_srcset":"https:\/\/www.dzwchafingdish.com\/wp-content\/uploads\/2024\/01\/glass-juice-dispenser-wholesale.webp 750w, https:\/\/www.dzwchafingdish.com\/wp-content\/uploads\/2024\/01\/glass-juice-dispenser-wholesale-205x300.webp 205w","medium_srcset":"https:\/\/www.dzwchafingdish.com\/wp-content\/uploads\/2024\/01\/glass-juice-dispenser-wholesale-205x300.webp 205w, https:\/\/www.dzwchafingdish.com\/wp-content\/uploads\/2024\/01\/glass-juice-dispenser-wholesale.webp 750w","media_details":{"width":750,"height":1100,"sizes":{"medium":{"file":"glass-juice-dispenser-wholesale-205x300.webp","width":205,"height":300,"mime-type":"image\/webp","filesize":12870,"source_url":"https:\/\/www.dzwchafingdish.com\/wp-content\/uploads\/2024\/01\/glass-juice-dispenser-wholesale-205x300.webp"},"thumbnail":{"file":"glass-juice-dispenser-wholesale-150x150.webp","width":150,"height":150,"mime-type":"image\/webp","filesize":6450,"source_url":"https:\/\/www.dzwchafingdish.com\/wp-content\/uploads\/2024\/01\/glass-juice-dispenser-wholesale-150x150.webp"}}},"alt_text":"glass juice dispenser wholesale","url":"","target":""}]]}},"_links":{"self":[{"href":"https:\/\/www.dzwchafingdish.com\/es\/wp-json\/wp\/v2\/product\/2298","targetHints":{"allow":["GET"]}}],"collection":[{"href":"https:\/\/www.dzwchafingdish.com\/es\/wp-json\/wp\/v2\/product"}],"about":[{"href":"https:\/\/www.dzwchafingdish.com\/es\/wp-json\/wp\/v2\/types\/product"}],"author":[{"embeddable":true,"href":"https:\/\/www.dzwchafingdish.com\/es\/wp-json\/wp\/v2\/users\/1"}],"version-history":[{"count":0,"href":"https:\/\/www.dzwchafingdish.com\/es\/wp-json\/wp\/v2\/product\/2298\/revisions"}],"wp:featuredmedia":[{"embeddable":true,"href":"https:\/\/www.dzwchafingdish.com\/es\/wp-json\/wp\/v2\/media\/2308"}],"wp:attachment":[{"href":"https:\/\/www.dzwchafingdish.com\/es\/wp-json\/wp\/v2\/media?parent=2298"}],"wp:term":[{"taxonomy":"product-categories","embeddable":true,"href":"https:\/\/www.dzwchafingdish.com\/es\/wp-json\/wp\/v2\/product-categories?post=2298"},{"taxonomy":"product-tag","embeddable":true,"href":"https:\/\/www.dzwchafingdish.com\/es\/wp-json\/wp\/v2\/product-tag?post=2298"}],"curies":[{"name":"wp","href":"https:\/\/api.w.org\/{rel}","templated":true}]}}