{"id":2355,"date":"2024-02-06T12:41:33","date_gmt":"2024-02-06T12:41:33","guid":{"rendered":"https:\/\/www.dzwchafingdish.com\/?post_type=product&#038;p=2355"},"modified":"2024-06-12T07:34:28","modified_gmt":"2024-06-12T07:34:28","slug":"cup-cake-stand","status":"publish","type":"product","link":"https:\/\/www.dzwchafingdish.com\/es\/product\/cup-cake-stand\/","title":{"rendered":"Soporte para tartas de copa personalizado escalonado con lujoso dise\u00f1o de torre"},"content":{"rendered":"<div class=\"wp-block-columns is-layout-flex wp-container-core-columns-is-layout-28f84493 wp-block-columns-is-layout-flex\">\n<div class=\"wp-block-column is-layout-flow wp-block-column-is-layout-flow\" style=\"flex-basis:50%\">\n<h2 class=\"wp-block-heading\" style=\"font-size:18px\"><strong>Soporte para tartas Dimensi\u00f3n<\/strong><\/h2>\n\n\n\n<figure class=\"wp-block-table\"><table><tbody><tr><td>PUNTO NO.<\/td><td>Nivel<\/td><td>Di\u00e1metro<\/td><td>Alto<\/td><td>G.W<\/td><\/tr><tr><td rowspan=\"2\">DZW-DR42<\/td><td>2<\/td><td>25,5 cm<\/td><td>33,5 cm<\/td><td>3,8 kg<\/td><\/tr><tr><td>3<\/td><td>26,5 cm<\/td><td>48,5 cm<\/td><td>4,5 kg<\/td><\/tr><\/tbody><\/table><\/figure>\n<\/div>\n\n\n\n<div class=\"wp-block-column is-layout-flow wp-block-column-is-layout-flow\">\n<div class=\"wp-block-columns is-layout-flex wp-container-core-columns-is-layout-28f84493 wp-block-columns-is-layout-flex\">\n<div class=\"wp-block-column is-layout-flow wp-block-column-is-layout-flow\">\n<figure class=\"wp-block-image size-full\"><img fetchpriority=\"high\" decoding=\"async\" width=\"800\" height=\"800\" src=\"https:\/\/www.dzwchafingdish.com\/wp-content\/uploads\/2024\/02\/custom-cupcake-stand-.webp\" alt=\"soporte personalizado para magdalenas\" class=\"wp-image-2653\" srcset=\"https:\/\/www.dzwchafingdish.com\/wp-content\/uploads\/2024\/02\/custom-cupcake-stand-.webp 800w, https:\/\/www.dzwchafingdish.com\/wp-content\/uploads\/2024\/02\/custom-cupcake-stand--300x300.webp 300w, https:\/\/www.dzwchafingdish.com\/wp-content\/uploads\/2024\/02\/custom-cupcake-stand--150x150.webp 150w, https:\/\/www.dzwchafingdish.com\/wp-content\/uploads\/2024\/02\/custom-cupcake-stand--768x768.webp 768w\" sizes=\"(max-width: 800px) 100vw, 800px\" \/><\/figure>\n<\/div>\n\n\n\n<div class=\"wp-block-column is-layout-flow wp-block-column-is-layout-flow\">\n<figure class=\"wp-block-image size-full\"><img decoding=\"async\" width=\"800\" height=\"800\" src=\"https:\/\/www.dzwchafingdish.com\/wp-content\/uploads\/2024\/02\/dessert-tower-stand-size.webp\" alt=\"tama\u00f1o de la torre de postres\" class=\"wp-image-2654\" srcset=\"https:\/\/www.dzwchafingdish.com\/wp-content\/uploads\/2024\/02\/dessert-tower-stand-size.webp 800w, https:\/\/www.dzwchafingdish.com\/wp-content\/uploads\/2024\/02\/dessert-tower-stand-size-300x300.webp 300w, https:\/\/www.dzwchafingdish.com\/wp-content\/uploads\/2024\/02\/dessert-tower-stand-size-150x150.webp 150w, https:\/\/www.dzwchafingdish.com\/wp-content\/uploads\/2024\/02\/dessert-tower-stand-size-768x768.webp 768w\" sizes=\"(max-width: 800px) 100vw, 800px\" \/><\/figure>\n<\/div>\n<\/div>\n<\/div>\n<\/div>\n\n\n\n<div class=\"wp-block-columns is-layout-flex wp-container-core-columns-is-layout-28f84493 wp-block-columns-is-layout-flex\">\n<div class=\"wp-block-column is-layout-flow wp-block-column-is-layout-flow\">\n<figure class=\"wp-block-image size-full\"><img decoding=\"async\" width=\"800\" height=\"800\" src=\"https:\/\/www.dzwchafingdish.com\/wp-content\/uploads\/2024\/02\/wholesale-cup-cake-stand.webp\" alt=\"\" class=\"wp-image-2655\" srcset=\"https:\/\/www.dzwchafingdish.com\/wp-content\/uploads\/2024\/02\/wholesale-cup-cake-stand.webp 800w, https:\/\/www.dzwchafingdish.com\/wp-content\/uploads\/2024\/02\/wholesale-cup-cake-stand-300x300.webp 300w, https:\/\/www.dzwchafingdish.com\/wp-content\/uploads\/2024\/02\/wholesale-cup-cake-stand-150x150.webp 150w, https:\/\/www.dzwchafingdish.com\/wp-content\/uploads\/2024\/02\/wholesale-cup-cake-stand-768x768.webp 768w\" sizes=\"(max-width: 800px) 100vw, 800px\" \/><\/figure>\n<\/div>\n\n\n\n<div class=\"wp-block-column is-vertically-aligned-center is-layout-flow wp-block-column-is-layout-flow\">\n<h2 class=\"wp-block-heading\" style=\"font-size:18px\"><strong>Premium Cup Cake Stand Caracter\u00edsticas:<\/strong><\/h2>\n\n\n\n<p>Duradera combinaci\u00f3n de acero inoxidable y plato de cer\u00e1mica: Dise\u00f1ado en forma de torre para una exquisita y preciosa presentaci\u00f3n de dulces.<\/p>\n\n\n\n<p>Decoraci\u00f3n superior de diamantes: m\u00e1s encantadora y lujosa, adecuada para todo tipo de actividades de alto nivel.<\/p>\n\n\n\n<p>Elegante presentaci\u00f3n con dise\u00f1o en capas: perfecta para exhibir una variedad de sabores. Estas capas aportan un toque sofisticado y organizado a la presentaci\u00f3n de sus postres.<\/p>\n<\/div>\n<\/div>","protected":false},"excerpt":{"rendered":"<p>Soporte para tartas Dimensi\u00f3n ART\u00cdCULO NO. Nivel Di\u00e1metro Altura G.W DZW-DR42 2 25.5cm 33.5 cm 3.8kg 3 26.5cm 48.5 cm 4.5kg Premium Cup Cake Stand Caracter\u00edsticas: Duradera combinaci\u00f3n de acero inoxidable y plato de cer\u00e1mica: Dise\u00f1ado en forma de torre para una exquisita y preciosa exposici\u00f3n de dulces. Decoraci\u00f3n de diamante superior: m\u00e1s encantador y lujoso, adecuado para todo tipo [...]<\/p>","protected":false},"author":1,"featured_media":2650,"parent":0,"menu_order":0,"template":"","format":"standard","meta":{"_acf_changed":false,"site-sidebar-layout":"default","site-content-layout":"","ast-site-content-layout":"default","site-content-style":"default","site-sidebar-style":"default","ast-global-header-display":"","ast-banner-title-visibility":"","ast-main-header-display":"","ast-hfb-above-header-display":"","ast-hfb-below-header-display":"","ast-hfb-mobile-header-display":"","site-post-title":"","ast-breadcrumbs-content":"","ast-featured-img":"","footer-sml-layout":"","theme-transparent-header-meta":"","adv-header-id-meta":"","stick-header-meta":"","header-above-stick-meta":"","header-main-stick-meta":"","header-below-stick-meta":"","astra-migrate-meta-layouts":"default","ast-page-background-enabled":"default","ast-page-background-meta":{"desktop":{"background-color":"var(--ast-global-color-4)","background-image":"","background-repeat":"repeat","background-position":"center center","background-size":"auto","background-attachment":"scroll","background-type":"","background-media":"","overlay-type":"","overlay-color":"","overlay-opacity":"","overlay-gradient":""},"tablet":{"background-color":"","background-image":"","background-repeat":"repeat","background-position":"center center","background-size":"auto","background-attachment":"scroll","background-type":"","background-media":"","overlay-type":"","overlay-color":"","overlay-opacity":"","overlay-gradient":""},"mobile":{"background-color":"","background-image":"","background-repeat":"repeat","background-position":"center center","background-size":"auto","background-attachment":"scroll","background-type":"","background-media":"","overlay-type":"","overlay-color":"","overlay-opacity":"","overlay-gradient":""}},"ast-content-background-meta":{"desktop":{"background-color":"var(--ast-global-color-5)","background-image":"","background-repeat":"repeat","background-position":"center center","background-size":"auto","background-attachment":"scroll","background-type":"","background-media":"","overlay-type":"","overlay-color":"","overlay-opacity":"","overlay-gradient":""},"tablet":{"background-color":"var(--ast-global-color-5)","background-image":"","background-repeat":"repeat","background-position":"center center","background-size":"auto","background-attachment":"scroll","background-type":"","background-media":"","overlay-type":"","overlay-color":"","overlay-opacity":"","overlay-gradient":""},"mobile":{"background-color":"var(--ast-global-color-5)","background-image":"","background-repeat":"repeat","background-position":"center center","background-size":"auto","background-attachment":"scroll","background-type":"","background-media":"","overlay-type":"","overlay-color":"","overlay-opacity":"","overlay-gradient":""}},"footnotes":""},"product-categories":[65],"product-tag":[],"class_list":["post-2355","product","type-product","status-publish","format-standard","has-post-thumbnail","hentry","product-categories-dessert-stand"],"acf":{"title":"Soporte para tartas de copa personalizado escalonado con lujoso dise\u00f1o de torre","title_source":{"label":"Title","type":"text","formatted_value":"Custom Cup Cake Stand Tiered with Luxurious Tower Design"},"short_description":"Custom cupcake stand with luxurious tower shape and multi-layer design, ideal for formal occasions including weddings, parties, afternoon tea, etc. As buffet equipment supplier, we provide custom and wholesale cup cake stand solution,","short_description_source":{"label":"Short description","type":"textarea","formatted_value":"Custom cupcake stand with luxurious tower shape and multi-layer design, ideal for formal occasions including weddings, parties, afternoon tea, etc. As buffet equipment supplier, we provide custom and wholesale cup cake stand solution,"},"parameters":"<table width=\"264\">\r\n<tbody>\r\n<tr>\r\n<td width=\"105\">Manufacturer<\/td>\r\n<td width=\"159\">DONGZHAOWEI<\/td>\r\n<\/tr>\r\n<tr>\r\n<td width=\"105\">Material<\/td>\r\n<td width=\"159\">Stainless\u00a0Steel\u00a0201\u00a0and\u00a0Ceramic<\/td>\r\n<\/tr>\r\n<tr>\r\n<td width=\"105\">Tier<\/td>\r\n<td width=\"159\">2 tier; 3 tier<\/td>\r\n<\/tr>\r\n<tr>\r\n<td width=\"105\">Color<\/td>\r\n<td width=\"159\">Golden\u00a0\/\u00a0Black<\/td>\r\n<\/tr>\r\n<tr>\r\n<td width=\"105\">Shape<\/td>\r\n<td width=\"159\">Tower Shape<\/td>\r\n<\/tr>\r\n<tr>\r\n<td width=\"105\">Custom<\/td>\r\n<td width=\"159\">Color\/Logo\/Package<\/td>\r\n<\/tr>\r\n<tr>\r\n<td width=\"105\">MOQ<\/td>\r\n<td width=\"159\">20 Sets<\/td>\r\n<\/tr>\r\n<\/tbody>\r\n<\/table>","parameters_source":{"label":"Parameters","type":"wysiwyg","formatted_value":"<table width=\"264\">\n<tbody>\n<tr>\n<td width=\"105\">Manufacturer<\/td>\n<td width=\"159\">DONGZHAOWEI<\/td>\n<\/tr>\n<tr>\n<td width=\"105\">Material<\/td>\n<td width=\"159\">Stainless\u00a0Steel\u00a0201\u00a0and\u00a0Ceramic<\/td>\n<\/tr>\n<tr>\n<td width=\"105\">Tier<\/td>\n<td width=\"159\">2 tier; 3 tier<\/td>\n<\/tr>\n<tr>\n<td width=\"105\">Color<\/td>\n<td width=\"159\">Golden\u00a0\/\u00a0Black<\/td>\n<\/tr>\n<tr>\n<td width=\"105\">Shape<\/td>\n<td width=\"159\">Tower Shape<\/td>\n<\/tr>\n<tr>\n<td width=\"105\">Custom<\/td>\n<td width=\"159\">Color\/Logo\/Package<\/td>\n<\/tr>\n<tr>\n<td width=\"105\">MOQ<\/td>\n<td width=\"159\">20 Sets<\/td>\n<\/tr>\n<\/tbody>\n<\/table>\n"},"photo_gallery":{"product_gallery":[[{"id":2650,"title":"cup cake stand bulk","caption":"cup cake stand bulk","full_image_url":"https:\/\/www.dzwchafingdish.com\/wp-content\/uploads\/2024\/02\/cup-cake-stand-bulk.webp","thumbnail_image_url":"https:\/\/www.dzwchafingdish.com\/wp-content\/uploads\/2024\/02\/cup-cake-stand-bulk-150x150.webp","large_srcset":"https:\/\/www.dzwchafingdish.com\/wp-content\/uploads\/2024\/02\/cup-cake-stand-bulk.webp 800w, https:\/\/www.dzwchafingdish.com\/wp-content\/uploads\/2024\/02\/cup-cake-stand-bulk-300x300.webp 300w, https:\/\/www.dzwchafingdish.com\/wp-content\/uploads\/2024\/02\/cup-cake-stand-bulk-150x150.webp 150w, https:\/\/www.dzwchafingdish.com\/wp-content\/uploads\/2024\/02\/cup-cake-stand-bulk-768x768.webp 768w","medium_srcset":"https:\/\/www.dzwchafingdish.com\/wp-content\/uploads\/2024\/02\/cup-cake-stand-bulk-300x300.webp 300w, https:\/\/www.dzwchafingdish.com\/wp-content\/uploads\/2024\/02\/cup-cake-stand-bulk-150x150.webp 150w, https:\/\/www.dzwchafingdish.com\/wp-content\/uploads\/2024\/02\/cup-cake-stand-bulk-768x768.webp 768w, https:\/\/www.dzwchafingdish.com\/wp-content\/uploads\/2024\/02\/cup-cake-stand-bulk.webp 800w","media_details":{"width":800,"height":800,"sizes":{"medium":{"file":"cup-cake-stand-bulk-300x300.webp","width":300,"height":300,"mime-type":"image\/webp","filesize":17994,"source_url":"https:\/\/www.dzwchafingdish.com\/wp-content\/uploads\/2024\/02\/cup-cake-stand-bulk-300x300.webp"},"thumbnail":{"file":"cup-cake-stand-bulk-150x150.webp","width":150,"height":150,"mime-type":"image\/webp","filesize":5954,"source_url":"https:\/\/www.dzwchafingdish.com\/wp-content\/uploads\/2024\/02\/cup-cake-stand-bulk-150x150.webp"},"medium_large":{"file":"cup-cake-stand-bulk-768x768.webp","width":768,"height":768,"mime-type":"image\/webp","filesize":70494,"source_url":"https:\/\/www.dzwchafingdish.com\/wp-content\/uploads\/2024\/02\/cup-cake-stand-bulk-768x768.webp"}}},"alt_text":"cup cake stand bulk","url":"","target":""},{"id":2652,"title":"cupcake stand wholesale","caption":"cupcake stand wholesale","full_image_url":"https:\/\/www.dzwchafingdish.com\/wp-content\/uploads\/2024\/02\/cupcake-stand-wholesale.webp","thumbnail_image_url":"https:\/\/www.dzwchafingdish.com\/wp-content\/uploads\/2024\/02\/cupcake-stand-wholesale-150x150.webp","large_srcset":"https:\/\/www.dzwchafingdish.com\/wp-content\/uploads\/2024\/02\/cupcake-stand-wholesale.webp 800w, https:\/\/www.dzwchafingdish.com\/wp-content\/uploads\/2024\/02\/cupcake-stand-wholesale-300x300.webp 300w, https:\/\/www.dzwchafingdish.com\/wp-content\/uploads\/2024\/02\/cupcake-stand-wholesale-150x150.webp 150w, https:\/\/www.dzwchafingdish.com\/wp-content\/uploads\/2024\/02\/cupcake-stand-wholesale-768x768.webp 768w","medium_srcset":"https:\/\/www.dzwchafingdish.com\/wp-content\/uploads\/2024\/02\/cupcake-stand-wholesale-300x300.webp 300w, https:\/\/www.dzwchafingdish.com\/wp-content\/uploads\/2024\/02\/cupcake-stand-wholesale-150x150.webp 150w, https:\/\/www.dzwchafingdish.com\/wp-content\/uploads\/2024\/02\/cupcake-stand-wholesale-768x768.webp 768w, https:\/\/www.dzwchafingdish.com\/wp-content\/uploads\/2024\/02\/cupcake-stand-wholesale.webp 800w","media_details":{"width":800,"height":800,"sizes":{"medium":{"file":"cupcake-stand-wholesale-300x300.webp","width":300,"height":300,"mime-type":"image\/webp","filesize":18996,"source_url":"https:\/\/www.dzwchafingdish.com\/wp-content\/uploads\/2024\/02\/cupcake-stand-wholesale-300x300.webp"},"thumbnail":{"file":"cupcake-stand-wholesale-150x150.webp","width":150,"height":150,"mime-type":"image\/webp","filesize":6470,"source_url":"https:\/\/www.dzwchafingdish.com\/wp-content\/uploads\/2024\/02\/cupcake-stand-wholesale-150x150.webp"},"medium_large":{"file":"cupcake-stand-wholesale-768x768.webp","width":768,"height":768,"mime-type":"image\/webp","filesize":75032,"source_url":"https:\/\/www.dzwchafingdish.com\/wp-content\/uploads\/2024\/02\/cupcake-stand-wholesale-768x768.webp"}}},"alt_text":"cupcake stand wholesale","url":"","target":""},{"id":2655,"title":"wholesale cup cake stand","caption":"","full_image_url":"https:\/\/www.dzwchafingdish.com\/wp-content\/uploads\/2024\/02\/wholesale-cup-cake-stand.webp","thumbnail_image_url":"https:\/\/www.dzwchafingdish.com\/wp-content\/uploads\/2024\/02\/wholesale-cup-cake-stand-150x150.webp","large_srcset":"https:\/\/www.dzwchafingdish.com\/wp-content\/uploads\/2024\/02\/wholesale-cup-cake-stand.webp 800w, https:\/\/www.dzwchafingdish.com\/wp-content\/uploads\/2024\/02\/wholesale-cup-cake-stand-300x300.webp 300w, https:\/\/www.dzwchafingdish.com\/wp-content\/uploads\/2024\/02\/wholesale-cup-cake-stand-150x150.webp 150w, https:\/\/www.dzwchafingdish.com\/wp-content\/uploads\/2024\/02\/wholesale-cup-cake-stand-768x768.webp 768w","medium_srcset":"https:\/\/www.dzwchafingdish.com\/wp-content\/uploads\/2024\/02\/wholesale-cup-cake-stand-300x300.webp 300w, https:\/\/www.dzwchafingdish.com\/wp-content\/uploads\/2024\/02\/wholesale-cup-cake-stand-150x150.webp 150w, https:\/\/www.dzwchafingdish.com\/wp-content\/uploads\/2024\/02\/wholesale-cup-cake-stand-768x768.webp 768w, https:\/\/www.dzwchafingdish.com\/wp-content\/uploads\/2024\/02\/wholesale-cup-cake-stand.webp 800w","media_details":{"width":800,"height":800,"sizes":{"medium":{"file":"wholesale-cup-cake-stand-300x300.webp","width":300,"height":300,"mime-type":"image\/webp","filesize":19052,"source_url":"https:\/\/www.dzwchafingdish.com\/wp-content\/uploads\/2024\/02\/wholesale-cup-cake-stand-300x300.webp"},"thumbnail":{"file":"wholesale-cup-cake-stand-150x150.webp","width":150,"height":150,"mime-type":"image\/webp","filesize":6308,"source_url":"https:\/\/www.dzwchafingdish.com\/wp-content\/uploads\/2024\/02\/wholesale-cup-cake-stand-150x150.webp"},"medium_large":{"file":"wholesale-cup-cake-stand-768x768.webp","width":768,"height":768,"mime-type":"image\/webp","filesize":74790,"source_url":"https:\/\/www.dzwchafingdish.com\/wp-content\/uploads\/2024\/02\/wholesale-cup-cake-stand-768x768.webp"}}},"alt_text":"wholesale cup cake stand","url":"","target":""},{"id":2649,"title":"bulk dessert tower stand","caption":"bulk dessert tower stand","full_image_url":"https:\/\/www.dzwchafingdish.com\/wp-content\/uploads\/2024\/02\/bulk-dessert-tower-stand.webp","thumbnail_image_url":"https:\/\/www.dzwchafingdish.com\/wp-content\/uploads\/2024\/02\/bulk-dessert-tower-stand-150x150.webp","large_srcset":"https:\/\/www.dzwchafingdish.com\/wp-content\/uploads\/2024\/02\/bulk-dessert-tower-stand.webp 800w, https:\/\/www.dzwchafingdish.com\/wp-content\/uploads\/2024\/02\/bulk-dessert-tower-stand-300x300.webp 300w, https:\/\/www.dzwchafingdish.com\/wp-content\/uploads\/2024\/02\/bulk-dessert-tower-stand-150x150.webp 150w, https:\/\/www.dzwchafingdish.com\/wp-content\/uploads\/2024\/02\/bulk-dessert-tower-stand-768x768.webp 768w","medium_srcset":"https:\/\/www.dzwchafingdish.com\/wp-content\/uploads\/2024\/02\/bulk-dessert-tower-stand-300x300.webp 300w, https:\/\/www.dzwchafingdish.com\/wp-content\/uploads\/2024\/02\/bulk-dessert-tower-stand-150x150.webp 150w, https:\/\/www.dzwchafingdish.com\/wp-content\/uploads\/2024\/02\/bulk-dessert-tower-stand-768x768.webp 768w, https:\/\/www.dzwchafingdish.com\/wp-content\/uploads\/2024\/02\/bulk-dessert-tower-stand.webp 800w","media_details":{"width":800,"height":800,"sizes":{"medium":{"file":"bulk-dessert-tower-stand-300x300.webp","width":300,"height":300,"mime-type":"image\/webp","filesize":20610,"source_url":"https:\/\/www.dzwchafingdish.com\/wp-content\/uploads\/2024\/02\/bulk-dessert-tower-stand-300x300.webp"},"thumbnail":{"file":"bulk-dessert-tower-stand-150x150.webp","width":150,"height":150,"mime-type":"image\/webp","filesize":6910,"source_url":"https:\/\/www.dzwchafingdish.com\/wp-content\/uploads\/2024\/02\/bulk-dessert-tower-stand-150x150.webp"},"medium_large":{"file":"bulk-dessert-tower-stand-768x768.webp","width":768,"height":768,"mime-type":"image\/webp","filesize":79318,"source_url":"https:\/\/www.dzwchafingdish.com\/wp-content\/uploads\/2024\/02\/bulk-dessert-tower-stand-768x768.webp"}}},"alt_text":"bulk dessert tower stand","url":"","target":""},{"id":2654,"title":"dessert tower stand size","caption":"dessert tower stand size","full_image_url":"https:\/\/www.dzwchafingdish.com\/wp-content\/uploads\/2024\/02\/dessert-tower-stand-size.webp","thumbnail_image_url":"https:\/\/www.dzwchafingdish.com\/wp-content\/uploads\/2024\/02\/dessert-tower-stand-size-150x150.webp","large_srcset":"https:\/\/www.dzwchafingdish.com\/wp-content\/uploads\/2024\/02\/dessert-tower-stand-size.webp 800w, https:\/\/www.dzwchafingdish.com\/wp-content\/uploads\/2024\/02\/dessert-tower-stand-size-300x300.webp 300w, https:\/\/www.dzwchafingdish.com\/wp-content\/uploads\/2024\/02\/dessert-tower-stand-size-150x150.webp 150w, https:\/\/www.dzwchafingdish.com\/wp-content\/uploads\/2024\/02\/dessert-tower-stand-size-768x768.webp 768w","medium_srcset":"https:\/\/www.dzwchafingdish.com\/wp-content\/uploads\/2024\/02\/dessert-tower-stand-size-300x300.webp 300w, https:\/\/www.dzwchafingdish.com\/wp-content\/uploads\/2024\/02\/dessert-tower-stand-size-150x150.webp 150w, https:\/\/www.dzwchafingdish.com\/wp-content\/uploads\/2024\/02\/dessert-tower-stand-size-768x768.webp 768w, https:\/\/www.dzwchafingdish.com\/wp-content\/uploads\/2024\/02\/dessert-tower-stand-size.webp 800w","media_details":{"width":800,"height":800,"sizes":{"medium":{"file":"dessert-tower-stand-size-300x300.webp","width":300,"height":300,"mime-type":"image\/webp","filesize":6582,"source_url":"https:\/\/www.dzwchafingdish.com\/wp-content\/uploads\/2024\/02\/dessert-tower-stand-size-300x300.webp"},"thumbnail":{"file":"dessert-tower-stand-size-150x150.webp","width":150,"height":150,"mime-type":"image\/webp","filesize":2134,"source_url":"https:\/\/www.dzwchafingdish.com\/wp-content\/uploads\/2024\/02\/dessert-tower-stand-size-150x150.webp"},"medium_large":{"file":"dessert-tower-stand-size-768x768.webp","width":768,"height":768,"mime-type":"image\/webp","filesize":24878,"source_url":"https:\/\/www.dzwchafingdish.com\/wp-content\/uploads\/2024\/02\/dessert-tower-stand-size-768x768.webp"}}},"alt_text":"dessert tower stand size","url":"","target":""},{"id":2653,"title":"custom cupcake stand","caption":"custom cupcake stand","full_image_url":"https:\/\/www.dzwchafingdish.com\/wp-content\/uploads\/2024\/02\/custom-cupcake-stand-.webp","thumbnail_image_url":"https:\/\/www.dzwchafingdish.com\/wp-content\/uploads\/2024\/02\/custom-cupcake-stand--150x150.webp","large_srcset":"https:\/\/www.dzwchafingdish.com\/wp-content\/uploads\/2024\/02\/custom-cupcake-stand-.webp 800w, https:\/\/www.dzwchafingdish.com\/wp-content\/uploads\/2024\/02\/custom-cupcake-stand--300x300.webp 300w, https:\/\/www.dzwchafingdish.com\/wp-content\/uploads\/2024\/02\/custom-cupcake-stand--150x150.webp 150w, https:\/\/www.dzwchafingdish.com\/wp-content\/uploads\/2024\/02\/custom-cupcake-stand--768x768.webp 768w","medium_srcset":"https:\/\/www.dzwchafingdish.com\/wp-content\/uploads\/2024\/02\/custom-cupcake-stand--300x300.webp 300w, https:\/\/www.dzwchafingdish.com\/wp-content\/uploads\/2024\/02\/custom-cupcake-stand--150x150.webp 150w, https:\/\/www.dzwchafingdish.com\/wp-content\/uploads\/2024\/02\/custom-cupcake-stand--768x768.webp 768w, https:\/\/www.dzwchafingdish.com\/wp-content\/uploads\/2024\/02\/custom-cupcake-stand-.webp 800w","media_details":{"width":800,"height":800,"sizes":{"medium":{"file":"custom-cupcake-stand--300x300.webp","width":300,"height":300,"mime-type":"image\/webp","filesize":6892,"source_url":"https:\/\/www.dzwchafingdish.com\/wp-content\/uploads\/2024\/02\/custom-cupcake-stand--300x300.webp"},"thumbnail":{"file":"custom-cupcake-stand--150x150.webp","width":150,"height":150,"mime-type":"image\/webp","filesize":2278,"source_url":"https:\/\/www.dzwchafingdish.com\/wp-content\/uploads\/2024\/02\/custom-cupcake-stand--150x150.webp"},"medium_large":{"file":"custom-cupcake-stand--768x768.webp","width":768,"height":768,"mime-type":"image\/webp","filesize":25870,"source_url":"https:\/\/www.dzwchafingdish.com\/wp-content\/uploads\/2024\/02\/custom-cupcake-stand--768x768.webp"}}},"alt_text":"custom cupcake stand","url":"","target":""}]]}},"_links":{"self":[{"href":"https:\/\/www.dzwchafingdish.com\/es\/wp-json\/wp\/v2\/product\/2355","targetHints":{"allow":["GET"]}}],"collection":[{"href":"https:\/\/www.dzwchafingdish.com\/es\/wp-json\/wp\/v2\/product"}],"about":[{"href":"https:\/\/www.dzwchafingdish.com\/es\/wp-json\/wp\/v2\/types\/product"}],"author":[{"embeddable":true,"href":"https:\/\/www.dzwchafingdish.com\/es\/wp-json\/wp\/v2\/users\/1"}],"version-history":[{"count":0,"href":"https:\/\/www.dzwchafingdish.com\/es\/wp-json\/wp\/v2\/product\/2355\/revisions"}],"wp:featuredmedia":[{"embeddable":true,"href":"https:\/\/www.dzwchafingdish.com\/es\/wp-json\/wp\/v2\/media\/2650"}],"wp:attachment":[{"href":"https:\/\/www.dzwchafingdish.com\/es\/wp-json\/wp\/v2\/media?parent=2355"}],"wp:term":[{"taxonomy":"product-categories","embeddable":true,"href":"https:\/\/www.dzwchafingdish.com\/es\/wp-json\/wp\/v2\/product-categories?post=2355"},{"taxonomy":"product-tag","embeddable":true,"href":"https:\/\/www.dzwchafingdish.com\/es\/wp-json\/wp\/v2\/product-tag?post=2355"}],"curies":[{"name":"wp","href":"https:\/\/api.w.org\/{rel}","templated":true}]}}