{"id":2392,"date":"2024-01-26T07:32:19","date_gmt":"2024-01-26T07:32:19","guid":{"rendered":"https:\/\/www.dzwchafingdish.com\/?post_type=product&#038;p=2392"},"modified":"2024-06-12T08:08:47","modified_gmt":"2024-06-12T08:08:47","slug":"drink-dispenser-with-ice-core","status":"publish","type":"product","link":"https:\/\/www.dzwchafingdish.com\/es\/product\/drink-dispenser-with-ice-core\/","title":{"rendered":"Dispensador de bebidas OEM con n\u00facleo de hielo 9-24L"},"content":{"rendered":"<div class=\"wp-block-columns is-layout-flex wp-container-core-columns-is-layout-28f84493 wp-block-columns-is-layout-flex\">\n<div class=\"wp-block-column is-layout-flow wp-block-column-is-layout-flow\">\n<h2 class=\"wp-block-heading\" style=\"font-size:18px\"><strong>Dispensador de bebidas Dimensi\u00f3n<\/strong><\/h2>\n\n\n\n<figure class=\"wp-block-table\"><table><tbody><tr><td>PUNTO NO.<\/td><td>Cantidad<\/td><td>TALLA<\/td><td>LONGITUD<\/td><td>AMPLIO<\/td><td>ALTO<\/td><td>N.W \/SET<\/td><\/tr><tr><td>DZW-JS080<\/td><td>cabeza \u00fanica<\/td><td>8 L<\/td><td>26 cm<\/td><td>35 cm<\/td><td>58 cm<\/td><td>2600 g<\/td><\/tr><tr><td>DZW-JS080<\/td><td>doble cabezal<\/td><td>12 L<\/td><td>52 cm<\/td><td>35 cm<\/td><td>58 cm<\/td><td>5200 g<\/td><\/tr><tr><td>DZW-JD240<\/td><td>tres cabezas<\/td><td>24 L<\/td><td>78 cm<\/td><td>35 cm<\/td><td>58 cm<\/td><td>7800 g<\/td><\/tr><\/tbody><\/table><\/figure>\n\n\n\n<h2 class=\"wp-block-heading\" style=\"font-size:18px\"><strong>Opciones personalizadas - Cabezales simples y dobles:<\/strong><\/h2>\n\n\n\n<p>Dispensadores de bebidas personalizados seg\u00fan sus necesidades espec\u00edficas, con la posibilidad de elegir entre dispensadores de bebidas de uno, dos o tres cabezales, lo que proporciona flexibilidad para una gran variedad de bebidas.<\/p>\n<\/div>\n\n\n\n<div class=\"wp-block-column is-layout-flow wp-block-column-is-layout-flow\" style=\"flex-basis:40%\">\n<figure class=\"wp-block-image aligncenter size-full is-resized\"><img fetchpriority=\"high\" decoding=\"async\" width=\"800\" height=\"800\" src=\"https:\/\/www.dzwchafingdish.com\/wp-content\/uploads\/2024\/01\/wholesale-juice-dispenser.webp\" alt=\"mayorista dispensador de zumo\" class=\"wp-image-2398\" style=\"width:354px;height:auto\" srcset=\"https:\/\/www.dzwchafingdish.com\/wp-content\/uploads\/2024\/01\/wholesale-juice-dispenser.webp 800w, https:\/\/www.dzwchafingdish.com\/wp-content\/uploads\/2024\/01\/wholesale-juice-dispenser-300x300.webp 300w, https:\/\/www.dzwchafingdish.com\/wp-content\/uploads\/2024\/01\/wholesale-juice-dispenser-150x150.webp 150w, https:\/\/www.dzwchafingdish.com\/wp-content\/uploads\/2024\/01\/wholesale-juice-dispenser-768x768.webp 768w\" sizes=\"(max-width: 800px) 100vw, 800px\" \/><\/figure>\n<\/div>\n<\/div>\n\n\n\n<div class=\"wp-block-columns is-layout-flex wp-container-core-columns-is-layout-28f84493 wp-block-columns-is-layout-flex\">\n<div class=\"wp-block-column is-layout-flow wp-block-column-is-layout-flow\">\n<figure class=\"wp-block-image aligncenter size-full is-resized\"><img decoding=\"async\" width=\"800\" height=\"800\" src=\"https:\/\/www.dzwchafingdish.com\/wp-content\/uploads\/2024\/01\/drink-dispenser-wholesale.webp\" alt=\"dispensador de bebidas al por mayor\" class=\"wp-image-2399\" style=\"width:475px;height:auto\" srcset=\"https:\/\/www.dzwchafingdish.com\/wp-content\/uploads\/2024\/01\/drink-dispenser-wholesale.webp 800w, https:\/\/www.dzwchafingdish.com\/wp-content\/uploads\/2024\/01\/drink-dispenser-wholesale-300x300.webp 300w, https:\/\/www.dzwchafingdish.com\/wp-content\/uploads\/2024\/01\/drink-dispenser-wholesale-150x150.webp 150w, https:\/\/www.dzwchafingdish.com\/wp-content\/uploads\/2024\/01\/drink-dispenser-wholesale-768x768.webp 768w\" sizes=\"(max-width: 800px) 100vw, 800px\" \/><\/figure>\n<\/div>\n\n\n\n<div class=\"wp-block-column is-layout-flow wp-block-column-is-layout-flow\">\n<h2 class=\"wp-block-heading\" style=\"font-size:18px\"><strong>Dispensador de bebidas Premium Caracter\u00edsticas:<\/strong><\/h2>\n\n\n\n<p>N\u00facleo de hielo aislado de acero inoxidable:<br>Nuestro dispensador de bebidas incorpora un n\u00facleo de hielo aislante de acero inoxidable para mantener fr\u00edas las bebidas. Simplemente llene el n\u00facleo con cubitos de hielo o agua caliente para mantener la temperatura deseada, garantizando bebidas fr\u00edas o calientes durante todo el evento.<\/p>\n\n\n\n<p>Base de la bandeja de goteo de acero inoxidable:<br>La base de la bandeja recogegotas, fabricada en acero inoxidable, est\u00e1 dise\u00f1ada para recoger cualquier derrame o goteo. Esta caracter\u00edstica mantiene su \u00e1rea de servicio limpia y resistente a la corrosi\u00f3n, mejorando la presentaci\u00f3n general de su estaci\u00f3n de bebidas.<\/p>\n\n\n\n<p>Envase de bebidas de PE transparente:<br>El contenedor de bebidas est\u00e1 fabricado en PE (polietileno) transparente de alta resistencia, lo que le confiere durabilidad y permite controlar f\u00e1cilmente los niveles de bebida.<\/p>\n<\/div>\n<\/div>","protected":false},"excerpt":{"rendered":"<p>Drink Dispenser Dimension ITEM NO. Quantity SIZE LENGTH WIDE HIGHT N.W \/SET DZW-JS080 single head 8 L 26 cm 35 cm 58 cm 2600 g DZW-JS080 double head 12 L 52 cm 35 cm 58 cm 5200 g DZW-JD240 three head 24 L 78 cm 35 cm 58 cm 7800 g Custom Options \u2013 Single [&hellip;]<\/p>","protected":false},"author":1,"featured_media":2396,"parent":0,"menu_order":0,"template":"","format":"standard","meta":{"_acf_changed":false,"site-sidebar-layout":"default","site-content-layout":"","ast-site-content-layout":"default","site-content-style":"default","site-sidebar-style":"default","ast-global-header-display":"","ast-banner-title-visibility":"","ast-main-header-display":"","ast-hfb-above-header-display":"","ast-hfb-below-header-display":"","ast-hfb-mobile-header-display":"","site-post-title":"","ast-breadcrumbs-content":"","ast-featured-img":"","footer-sml-layout":"","theme-transparent-header-meta":"","adv-header-id-meta":"","stick-header-meta":"","header-above-stick-meta":"","header-main-stick-meta":"","header-below-stick-meta":"","astra-migrate-meta-layouts":"default","ast-page-background-enabled":"default","ast-page-background-meta":{"desktop":{"background-color":"var(--ast-global-color-4)","background-image":"","background-repeat":"repeat","background-position":"center center","background-size":"auto","background-attachment":"scroll","background-type":"","background-media":"","overlay-type":"","overlay-color":"","overlay-opacity":"","overlay-gradient":""},"tablet":{"background-color":"","background-image":"","background-repeat":"repeat","background-position":"center center","background-size":"auto","background-attachment":"scroll","background-type":"","background-media":"","overlay-type":"","overlay-color":"","overlay-opacity":"","overlay-gradient":""},"mobile":{"background-color":"","background-image":"","background-repeat":"repeat","background-position":"center center","background-size":"auto","background-attachment":"scroll","background-type":"","background-media":"","overlay-type":"","overlay-color":"","overlay-opacity":"","overlay-gradient":""}},"ast-content-background-meta":{"desktop":{"background-color":"var(--ast-global-color-5)","background-image":"","background-repeat":"repeat","background-position":"center center","background-size":"auto","background-attachment":"scroll","background-type":"","background-media":"","overlay-type":"","overlay-color":"","overlay-opacity":"","overlay-gradient":""},"tablet":{"background-color":"var(--ast-global-color-5)","background-image":"","background-repeat":"repeat","background-position":"center center","background-size":"auto","background-attachment":"scroll","background-type":"","background-media":"","overlay-type":"","overlay-color":"","overlay-opacity":"","overlay-gradient":""},"mobile":{"background-color":"var(--ast-global-color-5)","background-image":"","background-repeat":"repeat","background-position":"center center","background-size":"auto","background-attachment":"scroll","background-type":"","background-media":"","overlay-type":"","overlay-color":"","overlay-opacity":"","overlay-gradient":""}},"footnotes":""},"product-categories":[64],"product-tag":[],"class_list":["post-2392","product","type-product","status-publish","format-standard","has-post-thumbnail","hentry","product-categories-drink-dispenser"],"acf":{"title":"Dispensador de bebidas OEM con n\u00facleo de hielo 9-24 L","title_source":{"label":"Title","type":"text","formatted_value":"OEM Drink Dispenser with Ice Core 9-24 L"},"short_description":"Wholesale drink dispenser with ice core are perfect for a variety of events and settings, including parties, weddings, restaurants and catering services.Its versatile and stylish design makes it easy to serve hot or cold beverages.","short_description_source":{"label":"Short description","type":"textarea","formatted_value":"Wholesale drink dispenser with ice core are perfect for a variety of events and settings, including parties, weddings, restaurants and catering services.Its versatile and stylish design makes it easy to serve hot or cold beverages."},"parameters":"<table border=\"0\" width=\"423\" cellspacing=\"0\" cellpadding=\"0\">\r\n<tbody>\r\n<tr>\r\n<td width=\"166\" height=\"23\">Manufacturer<\/td>\r\n<td width=\"257\">DONGZHAOWEI<\/td>\r\n<\/tr>\r\n<tr>\r\n<td height=\"23\">Material<\/td>\r\n<td>Stainless Steel 201 and PE<\/td>\r\n<\/tr>\r\n<tr>\r\n<td height=\"23\">Capacity<\/td>\r\n<td>8 L;16 L;24 L<\/td>\r\n<\/tr>\r\n<tr>\r\n<td height=\"24\">Color<\/td>\r\n<td>Golden \/ Silver<\/td>\r\n<\/tr>\r\n<tr>\r\n<td height=\"24\">Design<\/td>\r\n<td>With stand, Ice core and Spigot<\/td>\r\n<\/tr>\r\n<tr>\r\n<td height=\"24\">Shape<\/td>\r\n<td>Barrel Shape<\/td>\r\n<\/tr>\r\n<tr>\r\n<td height=\"24\">Custom<\/td>\r\n<td>Color\/Logo\/Package<\/td>\r\n<\/tr>\r\n<tr>\r\n<td height=\"23\">MOQ<\/td>\r\n<td>20 Sets<\/td>\r\n<\/tr>\r\n<\/tbody>\r\n<\/table>","parameters_source":{"label":"Parameters","type":"wysiwyg","formatted_value":"<table border=\"0\" width=\"423\" cellspacing=\"0\" cellpadding=\"0\">\n<tbody>\n<tr>\n<td width=\"166\" height=\"23\">Manufacturer<\/td>\n<td width=\"257\">DONGZHAOWEI<\/td>\n<\/tr>\n<tr>\n<td height=\"23\">Material<\/td>\n<td>Stainless Steel 201 and PE<\/td>\n<\/tr>\n<tr>\n<td height=\"23\">Capacity<\/td>\n<td>8 L;16 L;24 L<\/td>\n<\/tr>\n<tr>\n<td height=\"24\">Color<\/td>\n<td>Golden \/ Silver<\/td>\n<\/tr>\n<tr>\n<td height=\"24\">Design<\/td>\n<td>With stand, Ice core and Spigot<\/td>\n<\/tr>\n<tr>\n<td height=\"24\">Shape<\/td>\n<td>Barrel Shape<\/td>\n<\/tr>\n<tr>\n<td height=\"24\">Custom<\/td>\n<td>Color\/Logo\/Package<\/td>\n<\/tr>\n<tr>\n<td height=\"23\">MOQ<\/td>\n<td>20 Sets<\/td>\n<\/tr>\n<\/tbody>\n<\/table>\n"},"photo_gallery":{"product_gallery":[[{"id":2396,"title":"juice dispenser wholesale","caption":"juice dispenser wholesale","full_image_url":"https:\/\/www.dzwchafingdish.com\/wp-content\/uploads\/2024\/01\/juice-dispenser-wholesale.webp","thumbnail_image_url":"https:\/\/www.dzwchafingdish.com\/wp-content\/uploads\/2024\/01\/juice-dispenser-wholesale-150x150.webp","large_srcset":"https:\/\/www.dzwchafingdish.com\/wp-content\/uploads\/2024\/01\/juice-dispenser-wholesale.webp 800w, https:\/\/www.dzwchafingdish.com\/wp-content\/uploads\/2024\/01\/juice-dispenser-wholesale-300x300.webp 300w, https:\/\/www.dzwchafingdish.com\/wp-content\/uploads\/2024\/01\/juice-dispenser-wholesale-150x150.webp 150w, https:\/\/www.dzwchafingdish.com\/wp-content\/uploads\/2024\/01\/juice-dispenser-wholesale-768x768.webp 768w","medium_srcset":"https:\/\/www.dzwchafingdish.com\/wp-content\/uploads\/2024\/01\/juice-dispenser-wholesale-300x300.webp 300w, https:\/\/www.dzwchafingdish.com\/wp-content\/uploads\/2024\/01\/juice-dispenser-wholesale-150x150.webp 150w, https:\/\/www.dzwchafingdish.com\/wp-content\/uploads\/2024\/01\/juice-dispenser-wholesale-768x768.webp 768w, https:\/\/www.dzwchafingdish.com\/wp-content\/uploads\/2024\/01\/juice-dispenser-wholesale.webp 800w","media_details":{"width":800,"height":800,"sizes":{"medium":{"file":"juice-dispenser-wholesale-300x300.webp","width":300,"height":300,"mime-type":"image\/webp","filesize":7458,"source_url":"https:\/\/www.dzwchafingdish.com\/wp-content\/uploads\/2024\/01\/juice-dispenser-wholesale-300x300.webp"},"thumbnail":{"file":"juice-dispenser-wholesale-150x150.webp","width":150,"height":150,"mime-type":"image\/webp","filesize":2850,"source_url":"https:\/\/www.dzwchafingdish.com\/wp-content\/uploads\/2024\/01\/juice-dispenser-wholesale-150x150.webp"},"medium_large":{"file":"juice-dispenser-wholesale-768x768.webp","width":768,"height":768,"mime-type":"image\/webp","filesize":25428,"source_url":"https:\/\/www.dzwchafingdish.com\/wp-content\/uploads\/2024\/01\/juice-dispenser-wholesale-768x768.webp"}}},"alt_text":"juice dispenser wholesale","url":"","target":""},{"id":2398,"title":"wholesale juice dispenser","caption":"wholesale juice dispenser","full_image_url":"https:\/\/www.dzwchafingdish.com\/wp-content\/uploads\/2024\/01\/wholesale-juice-dispenser.webp","thumbnail_image_url":"https:\/\/www.dzwchafingdish.com\/wp-content\/uploads\/2024\/01\/wholesale-juice-dispenser-150x150.webp","large_srcset":"https:\/\/www.dzwchafingdish.com\/wp-content\/uploads\/2024\/01\/wholesale-juice-dispenser.webp 800w, https:\/\/www.dzwchafingdish.com\/wp-content\/uploads\/2024\/01\/wholesale-juice-dispenser-300x300.webp 300w, https:\/\/www.dzwchafingdish.com\/wp-content\/uploads\/2024\/01\/wholesale-juice-dispenser-150x150.webp 150w, https:\/\/www.dzwchafingdish.com\/wp-content\/uploads\/2024\/01\/wholesale-juice-dispenser-768x768.webp 768w","medium_srcset":"https:\/\/www.dzwchafingdish.com\/wp-content\/uploads\/2024\/01\/wholesale-juice-dispenser-300x300.webp 300w, https:\/\/www.dzwchafingdish.com\/wp-content\/uploads\/2024\/01\/wholesale-juice-dispenser-150x150.webp 150w, https:\/\/www.dzwchafingdish.com\/wp-content\/uploads\/2024\/01\/wholesale-juice-dispenser-768x768.webp 768w, https:\/\/www.dzwchafingdish.com\/wp-content\/uploads\/2024\/01\/wholesale-juice-dispenser.webp 800w","media_details":{"width":800,"height":800,"sizes":{"medium":{"file":"wholesale-juice-dispenser-300x300.webp","width":300,"height":300,"mime-type":"image\/webp","filesize":6950,"source_url":"https:\/\/www.dzwchafingdish.com\/wp-content\/uploads\/2024\/01\/wholesale-juice-dispenser-300x300.webp"},"thumbnail":{"file":"wholesale-juice-dispenser-150x150.webp","width":150,"height":150,"mime-type":"image\/webp","filesize":2584,"source_url":"https:\/\/www.dzwchafingdish.com\/wp-content\/uploads\/2024\/01\/wholesale-juice-dispenser-150x150.webp"},"medium_large":{"file":"wholesale-juice-dispenser-768x768.webp","width":768,"height":768,"mime-type":"image\/webp","filesize":24448,"source_url":"https:\/\/www.dzwchafingdish.com\/wp-content\/uploads\/2024\/01\/wholesale-juice-dispenser-768x768.webp"}}},"alt_text":"wholesale juice dispenser","url":"","target":""},{"id":2397,"title":"wholesale beverage dispensers","caption":"wholesale beverage dispensers","full_image_url":"https:\/\/www.dzwchafingdish.com\/wp-content\/uploads\/2024\/01\/wholesale-beverage-dispensers.webp","thumbnail_image_url":"https:\/\/www.dzwchafingdish.com\/wp-content\/uploads\/2024\/01\/wholesale-beverage-dispensers-150x150.webp","large_srcset":"https:\/\/www.dzwchafingdish.com\/wp-content\/uploads\/2024\/01\/wholesale-beverage-dispensers.webp 800w, https:\/\/www.dzwchafingdish.com\/wp-content\/uploads\/2024\/01\/wholesale-beverage-dispensers-300x300.webp 300w, https:\/\/www.dzwchafingdish.com\/wp-content\/uploads\/2024\/01\/wholesale-beverage-dispensers-150x150.webp 150w, https:\/\/www.dzwchafingdish.com\/wp-content\/uploads\/2024\/01\/wholesale-beverage-dispensers-768x768.webp 768w","medium_srcset":"https:\/\/www.dzwchafingdish.com\/wp-content\/uploads\/2024\/01\/wholesale-beverage-dispensers-300x300.webp 300w, https:\/\/www.dzwchafingdish.com\/wp-content\/uploads\/2024\/01\/wholesale-beverage-dispensers-150x150.webp 150w, https:\/\/www.dzwchafingdish.com\/wp-content\/uploads\/2024\/01\/wholesale-beverage-dispensers-768x768.webp 768w, https:\/\/www.dzwchafingdish.com\/wp-content\/uploads\/2024\/01\/wholesale-beverage-dispensers.webp 800w","media_details":{"width":800,"height":800,"sizes":{"medium":{"file":"wholesale-beverage-dispensers-300x300.webp","width":300,"height":300,"mime-type":"image\/webp","filesize":6944,"source_url":"https:\/\/www.dzwchafingdish.com\/wp-content\/uploads\/2024\/01\/wholesale-beverage-dispensers-300x300.webp"},"thumbnail":{"file":"wholesale-beverage-dispensers-150x150.webp","width":150,"height":150,"mime-type":"image\/webp","filesize":2608,"source_url":"https:\/\/www.dzwchafingdish.com\/wp-content\/uploads\/2024\/01\/wholesale-beverage-dispensers-150x150.webp"},"medium_large":{"file":"wholesale-beverage-dispensers-768x768.webp","width":768,"height":768,"mime-type":"image\/webp","filesize":24134,"source_url":"https:\/\/www.dzwchafingdish.com\/wp-content\/uploads\/2024\/01\/wholesale-beverage-dispensers-768x768.webp"}}},"alt_text":"wholesale beverage dispensers","url":"","target":""},{"id":2393,"title":"beverage dispensers wholesale","caption":"beverage dispensers wholesale","full_image_url":"https:\/\/www.dzwchafingdish.com\/wp-content\/uploads\/2024\/01\/beverage-dispensers-wholesale.webp","thumbnail_image_url":"https:\/\/www.dzwchafingdish.com\/wp-content\/uploads\/2024\/01\/beverage-dispensers-wholesale-150x150.webp","large_srcset":"https:\/\/www.dzwchafingdish.com\/wp-content\/uploads\/2024\/01\/beverage-dispensers-wholesale.webp 800w, https:\/\/www.dzwchafingdish.com\/wp-content\/uploads\/2024\/01\/beverage-dispensers-wholesale-300x300.webp 300w, https:\/\/www.dzwchafingdish.com\/wp-content\/uploads\/2024\/01\/beverage-dispensers-wholesale-150x150.webp 150w, https:\/\/www.dzwchafingdish.com\/wp-content\/uploads\/2024\/01\/beverage-dispensers-wholesale-768x768.webp 768w","medium_srcset":"https:\/\/www.dzwchafingdish.com\/wp-content\/uploads\/2024\/01\/beverage-dispensers-wholesale-300x300.webp 300w, https:\/\/www.dzwchafingdish.com\/wp-content\/uploads\/2024\/01\/beverage-dispensers-wholesale-150x150.webp 150w, https:\/\/www.dzwchafingdish.com\/wp-content\/uploads\/2024\/01\/beverage-dispensers-wholesale-768x768.webp 768w, https:\/\/www.dzwchafingdish.com\/wp-content\/uploads\/2024\/01\/beverage-dispensers-wholesale.webp 800w","media_details":{"width":800,"height":800,"sizes":{"medium":{"file":"beverage-dispensers-wholesale-300x300.webp","width":300,"height":300,"mime-type":"image\/webp","filesize":6592,"source_url":"https:\/\/www.dzwchafingdish.com\/wp-content\/uploads\/2024\/01\/beverage-dispensers-wholesale-300x300.webp"},"thumbnail":{"file":"beverage-dispensers-wholesale-150x150.webp","width":150,"height":150,"mime-type":"image\/webp","filesize":2296,"source_url":"https:\/\/www.dzwchafingdish.com\/wp-content\/uploads\/2024\/01\/beverage-dispensers-wholesale-150x150.webp"},"medium_large":{"file":"beverage-dispensers-wholesale-768x768.webp","width":768,"height":768,"mime-type":"image\/webp","filesize":23992,"source_url":"https:\/\/www.dzwchafingdish.com\/wp-content\/uploads\/2024\/01\/beverage-dispensers-wholesale-768x768.webp"}}},"alt_text":"beverage dispensers wholesale","url":"","target":""},{"id":2394,"title":"duble juice dispenser wholesale","caption":"double juice dispenser wholesale","full_image_url":"https:\/\/www.dzwchafingdish.com\/wp-content\/uploads\/2024\/01\/duble-juice-dispenser-wholesale.webp","thumbnail_image_url":"https:\/\/www.dzwchafingdish.com\/wp-content\/uploads\/2024\/01\/duble-juice-dispenser-wholesale-150x150.webp","large_srcset":"https:\/\/www.dzwchafingdish.com\/wp-content\/uploads\/2024\/01\/duble-juice-dispenser-wholesale.webp 800w, https:\/\/www.dzwchafingdish.com\/wp-content\/uploads\/2024\/01\/duble-juice-dispenser-wholesale-300x300.webp 300w, https:\/\/www.dzwchafingdish.com\/wp-content\/uploads\/2024\/01\/duble-juice-dispenser-wholesale-150x150.webp 150w, https:\/\/www.dzwchafingdish.com\/wp-content\/uploads\/2024\/01\/duble-juice-dispenser-wholesale-768x768.webp 768w","medium_srcset":"https:\/\/www.dzwchafingdish.com\/wp-content\/uploads\/2024\/01\/duble-juice-dispenser-wholesale-300x300.webp 300w, https:\/\/www.dzwchafingdish.com\/wp-content\/uploads\/2024\/01\/duble-juice-dispenser-wholesale-150x150.webp 150w, https:\/\/www.dzwchafingdish.com\/wp-content\/uploads\/2024\/01\/duble-juice-dispenser-wholesale-768x768.webp 768w, https:\/\/www.dzwchafingdish.com\/wp-content\/uploads\/2024\/01\/duble-juice-dispenser-wholesale.webp 800w","media_details":{"width":800,"height":800,"sizes":{"medium":{"file":"duble-juice-dispenser-wholesale-300x300.webp","width":300,"height":300,"mime-type":"image\/webp","filesize":12258,"source_url":"https:\/\/www.dzwchafingdish.com\/wp-content\/uploads\/2024\/01\/duble-juice-dispenser-wholesale-300x300.webp"},"thumbnail":{"file":"duble-juice-dispenser-wholesale-150x150.webp","width":150,"height":150,"mime-type":"image\/webp","filesize":4498,"source_url":"https:\/\/www.dzwchafingdish.com\/wp-content\/uploads\/2024\/01\/duble-juice-dispenser-wholesale-150x150.webp"},"medium_large":{"file":"duble-juice-dispenser-wholesale-768x768.webp","width":768,"height":768,"mime-type":"image\/webp","filesize":44906,"source_url":"https:\/\/www.dzwchafingdish.com\/wp-content\/uploads\/2024\/01\/duble-juice-dispenser-wholesale-768x768.webp"}}},"alt_text":"double juice dispenser wholesale","url":"","target":""},{"id":2395,"title":"juice dispenser supplier","caption":"juice dispenser supplier","full_image_url":"https:\/\/www.dzwchafingdish.com\/wp-content\/uploads\/2024\/01\/juice-dispenser-supplier.webp","thumbnail_image_url":"https:\/\/www.dzwchafingdish.com\/wp-content\/uploads\/2024\/01\/juice-dispenser-supplier-150x150.webp","large_srcset":"https:\/\/www.dzwchafingdish.com\/wp-content\/uploads\/2024\/01\/juice-dispenser-supplier.webp 800w, https:\/\/www.dzwchafingdish.com\/wp-content\/uploads\/2024\/01\/juice-dispenser-supplier-300x300.webp 300w, https:\/\/www.dzwchafingdish.com\/wp-content\/uploads\/2024\/01\/juice-dispenser-supplier-150x150.webp 150w, https:\/\/www.dzwchafingdish.com\/wp-content\/uploads\/2024\/01\/juice-dispenser-supplier-768x768.webp 768w","medium_srcset":"https:\/\/www.dzwchafingdish.com\/wp-content\/uploads\/2024\/01\/juice-dispenser-supplier-300x300.webp 300w, https:\/\/www.dzwchafingdish.com\/wp-content\/uploads\/2024\/01\/juice-dispenser-supplier-150x150.webp 150w, https:\/\/www.dzwchafingdish.com\/wp-content\/uploads\/2024\/01\/juice-dispenser-supplier-768x768.webp 768w, https:\/\/www.dzwchafingdish.com\/wp-content\/uploads\/2024\/01\/juice-dispenser-supplier.webp 800w","media_details":{"width":800,"height":800,"sizes":{"medium":{"file":"juice-dispenser-supplier-300x300.webp","width":300,"height":300,"mime-type":"image\/webp","filesize":12286,"source_url":"https:\/\/www.dzwchafingdish.com\/wp-content\/uploads\/2024\/01\/juice-dispenser-supplier-300x300.webp"},"thumbnail":{"file":"juice-dispenser-supplier-150x150.webp","width":150,"height":150,"mime-type":"image\/webp","filesize":4248,"source_url":"https:\/\/www.dzwchafingdish.com\/wp-content\/uploads\/2024\/01\/juice-dispenser-supplier-150x150.webp"},"medium_large":{"file":"juice-dispenser-supplier-768x768.webp","width":768,"height":768,"mime-type":"image\/webp","filesize":45892,"source_url":"https:\/\/www.dzwchafingdish.com\/wp-content\/uploads\/2024\/01\/juice-dispenser-supplier-768x768.webp"}}},"alt_text":"juice dispenser supplier","url":"","target":""}]]}},"_links":{"self":[{"href":"https:\/\/www.dzwchafingdish.com\/es\/wp-json\/wp\/v2\/product\/2392","targetHints":{"allow":["GET"]}}],"collection":[{"href":"https:\/\/www.dzwchafingdish.com\/es\/wp-json\/wp\/v2\/product"}],"about":[{"href":"https:\/\/www.dzwchafingdish.com\/es\/wp-json\/wp\/v2\/types\/product"}],"author":[{"embeddable":true,"href":"https:\/\/www.dzwchafingdish.com\/es\/wp-json\/wp\/v2\/users\/1"}],"version-history":[{"count":0,"href":"https:\/\/www.dzwchafingdish.com\/es\/wp-json\/wp\/v2\/product\/2392\/revisions"}],"wp:featuredmedia":[{"embeddable":true,"href":"https:\/\/www.dzwchafingdish.com\/es\/wp-json\/wp\/v2\/media\/2396"}],"wp:attachment":[{"href":"https:\/\/www.dzwchafingdish.com\/es\/wp-json\/wp\/v2\/media?parent=2392"}],"wp:term":[{"taxonomy":"product-categories","embeddable":true,"href":"https:\/\/www.dzwchafingdish.com\/es\/wp-json\/wp\/v2\/product-categories?post=2392"},{"taxonomy":"product-tag","embeddable":true,"href":"https:\/\/www.dzwchafingdish.com\/es\/wp-json\/wp\/v2\/product-tag?post=2392"}],"curies":[{"name":"wp","href":"https:\/\/api.w.org\/{rel}","templated":true}]}}