{"id":2481,"date":"2024-01-30T04:03:50","date_gmt":"2024-01-30T04:03:50","guid":{"rendered":"https:\/\/www.dzwchafingdish.com\/?post_type=product&#038;p=2481"},"modified":"2024-06-14T01:30:22","modified_gmt":"2024-06-14T01:30:22","slug":"ice-bucket","status":"publish","type":"product","link":"https:\/\/www.dzwchafingdish.com\/es\/product\/ice-bucket\/","title":{"rendered":"Cubitera negra personalizada con asa 5L"},"content":{"rendered":"<div class=\"wp-block-columns is-layout-flex wp-container-core-columns-is-layout-28f84493 wp-block-columns-is-layout-flex\">\n<div class=\"wp-block-column is-layout-flow wp-block-column-is-layout-flow\">\n<h2 class=\"wp-block-heading\" style=\"font-size:18px\"><strong>Cubitera Dimensi\u00f3n<\/strong><\/h2>\n\n\n\n<figure class=\"wp-block-table\"><table><tbody><tr><td>PUNTO NO.<\/td><td>TALLA<\/td><td>LONGITUD<\/td><td>AMPLIO<\/td><td>ALTURA<\/td><td>N.W \/SET<\/td><\/tr><tr><td>DZW-IB22<br>DZW-IB23<\/td><td>5 L<\/td><td>18 cm<\/td><td>14 cm<\/td><td>19 cm<\/td><td>900 g<\/td><\/tr><\/tbody><\/table><\/figure>\n<\/div>\n\n\n\n<div class=\"wp-block-column is-layout-flow wp-block-column-is-layout-flow\" style=\"flex-basis:40%\">\n<figure class=\"wp-block-image aligncenter size-full is-resized\"><img fetchpriority=\"high\" decoding=\"async\" width=\"3276\" height=\"3276\" src=\"https:\/\/www.dzwchafingdish.com\/wp-content\/uploads\/2024\/01\/ice-bucket-with-handle-bulk.webp\" alt=\"cubitera con asa a granel\" class=\"wp-image-2490\" style=\"width:268px;height:auto\" srcset=\"https:\/\/www.dzwchafingdish.com\/wp-content\/uploads\/2024\/01\/ice-bucket-with-handle-bulk.webp 3276w, https:\/\/www.dzwchafingdish.com\/wp-content\/uploads\/2024\/01\/ice-bucket-with-handle-bulk-300x300.webp 300w, https:\/\/www.dzwchafingdish.com\/wp-content\/uploads\/2024\/01\/ice-bucket-with-handle-bulk-150x150.webp 150w, https:\/\/www.dzwchafingdish.com\/wp-content\/uploads\/2024\/01\/ice-bucket-with-handle-bulk-768x768.webp 768w\" sizes=\"(max-width: 3276px) 100vw, 3276px\" \/><\/figure>\n<\/div>\n<\/div>\n\n\n\n<div class=\"wp-block-columns is-layout-flex wp-container-core-columns-is-layout-28f84493 wp-block-columns-is-layout-flex\">\n<div class=\"wp-block-column is-layout-flow wp-block-column-is-layout-flow\">\n<figure class=\"wp-block-image size-full\"><img decoding=\"async\" width=\"2877\" height=\"2877\" src=\"https:\/\/www.dzwchafingdish.com\/wp-content\/uploads\/2024\/01\/ice-bucket-for-bar.webp\" alt=\"cubitera para bar\" class=\"wp-image-2489\" srcset=\"https:\/\/www.dzwchafingdish.com\/wp-content\/uploads\/2024\/01\/ice-bucket-for-bar.webp 2877w, https:\/\/www.dzwchafingdish.com\/wp-content\/uploads\/2024\/01\/ice-bucket-for-bar-300x300.webp 300w, https:\/\/www.dzwchafingdish.com\/wp-content\/uploads\/2024\/01\/ice-bucket-for-bar-150x150.webp 150w, https:\/\/www.dzwchafingdish.com\/wp-content\/uploads\/2024\/01\/ice-bucket-for-bar-768x768.webp 768w\" sizes=\"(max-width: 2877px) 100vw, 2877px\" \/><\/figure>\n<\/div>\n\n\n\n<div class=\"wp-block-column is-vertically-aligned-center is-layout-flow wp-block-column-is-layout-flow\">\n<h2 class=\"wp-block-heading\" style=\"font-size:18px\"><strong>Cubitera Premium Caracter\u00edsticas:<\/strong><\/h2>\n\n\n\n<p>Durabilidad del acero inoxidable: Fabricada en acero inoxidable 304 de alta calidad, nuestra cubitera est\u00e1 garantizada para durar<\/p>\n\n\n\n<p>Dise\u00f1o de barril octogonal: mayor capacidad, adecuado para champ\u00e1n, vino u otras bebidas refrigeradas<\/p>\n\n\n\n<p>Moderno acabado en blanco y negro: El interior se complementa con un lujoso dorado para crear una presentaci\u00f3n elegante y visualmente atractiva.<\/p>\n\n\n\n<p>Pr\u00e1ctica asa: El c\u00f3modo transporte de la cubitera facilita al personal o a los invitados el transporte y el servicio de bebidas refrigeradas.<\/p>\n<\/div>\n<\/div>","protected":false},"excerpt":{"rendered":"<p>Cubitera Dimensi\u00f3n ART\u00cdCULO NO. TALLA LARGO ANCHO ALTO N.W \/SET DZW-IB22DZW-IB23 5 L 18 cm 14 cm 19 cm 900 g Cubitera Premium Caracter\u00edsticas: Durabilidad del acero inoxidable: Fabricada en acero inoxidable 304 de alta calidad, nuestra cubitera est\u00e1 garantizada para durar Dise\u00f1o de barril octogonal: mayor capacidad, adecuado para champ\u00e1n refrigerado, vino u otras bebidas [...]<\/p>","protected":false},"author":1,"featured_media":2485,"parent":0,"menu_order":0,"template":"","format":"standard","meta":{"_acf_changed":false,"site-sidebar-layout":"default","site-content-layout":"","ast-site-content-layout":"default","site-content-style":"default","site-sidebar-style":"default","ast-global-header-display":"","ast-banner-title-visibility":"","ast-main-header-display":"","ast-hfb-above-header-display":"","ast-hfb-below-header-display":"","ast-hfb-mobile-header-display":"","site-post-title":"","ast-breadcrumbs-content":"","ast-featured-img":"","footer-sml-layout":"","theme-transparent-header-meta":"","adv-header-id-meta":"","stick-header-meta":"","header-above-stick-meta":"","header-main-stick-meta":"","header-below-stick-meta":"","astra-migrate-meta-layouts":"default","ast-page-background-enabled":"default","ast-page-background-meta":{"desktop":{"background-color":"var(--ast-global-color-4)","background-image":"","background-repeat":"repeat","background-position":"center center","background-size":"auto","background-attachment":"scroll","background-type":"","background-media":"","overlay-type":"","overlay-color":"","overlay-opacity":"","overlay-gradient":""},"tablet":{"background-color":"","background-image":"","background-repeat":"repeat","background-position":"center center","background-size":"auto","background-attachment":"scroll","background-type":"","background-media":"","overlay-type":"","overlay-color":"","overlay-opacity":"","overlay-gradient":""},"mobile":{"background-color":"","background-image":"","background-repeat":"repeat","background-position":"center center","background-size":"auto","background-attachment":"scroll","background-type":"","background-media":"","overlay-type":"","overlay-color":"","overlay-opacity":"","overlay-gradient":""}},"ast-content-background-meta":{"desktop":{"background-color":"var(--ast-global-color-5)","background-image":"","background-repeat":"repeat","background-position":"center center","background-size":"auto","background-attachment":"scroll","background-type":"","background-media":"","overlay-type":"","overlay-color":"","overlay-opacity":"","overlay-gradient":""},"tablet":{"background-color":"var(--ast-global-color-5)","background-image":"","background-repeat":"repeat","background-position":"center center","background-size":"auto","background-attachment":"scroll","background-type":"","background-media":"","overlay-type":"","overlay-color":"","overlay-opacity":"","overlay-gradient":""},"mobile":{"background-color":"var(--ast-global-color-5)","background-image":"","background-repeat":"repeat","background-position":"center center","background-size":"auto","background-attachment":"scroll","background-type":"","background-media":"","overlay-type":"","overlay-color":"","overlay-opacity":"","overlay-gradient":""}},"footnotes":""},"product-categories":[66],"product-tag":[],"class_list":["post-2481","product","type-product","status-publish","format-standard","has-post-thumbnail","hentry","product-categories-ice-buckets"],"acf":{"title":"Cubitera negra personalizada con asa 5L","title_source":{"label":"Title","type":"text","formatted_value":"Custom Black Ice Bucket with Handle 5L"},"short_description":"Wholesale and custom ice bucket with handle, octagonal bucket design, modern black white and gold collision, providing a stylish and functional solution for keeping drinks cold.","short_description_source":{"label":"Short description","type":"textarea","formatted_value":"Wholesale and custom ice bucket with handle, octagonal bucket design, modern black white and gold collision, providing a stylish and functional solution for keeping drinks cold."},"parameters":"<table border=\"0\" width=\"423\" cellspacing=\"0\" cellpadding=\"0\">\r\n<tbody>\r\n<tr>\r\n<td width=\"166\" height=\"24\">Manufacturer<\/td>\r\n<td width=\"257\">DONGZHAOWEI<\/td>\r\n<\/tr>\r\n<tr>\r\n<td height=\"24\">Material<\/td>\r\n<td>Stainless Steel 304<\/td>\r\n<\/tr>\r\n<tr>\r\n<td height=\"24\">Capacity<\/td>\r\n<td>5 L<\/td>\r\n<\/tr>\r\n<tr>\r\n<td height=\"23\">Color<\/td>\r\n<td>Black Golden ;White Golden<\/td>\r\n<\/tr>\r\n<tr>\r\n<td height=\"23\">Design<\/td>\r\n<td>With Handle<\/td>\r\n<\/tr>\r\n<tr>\r\n<td height=\"23\">Shape<\/td>\r\n<td>Octagonal Bucket Shape<\/td>\r\n<\/tr>\r\n<tr>\r\n<td height=\"23\">Custom<\/td>\r\n<td>Color\/Logo\/Package<\/td>\r\n<\/tr>\r\n<tr>\r\n<td height=\"23\">MOQ<\/td>\r\n<td>20 Sets<\/td>\r\n<\/tr>\r\n<\/tbody>\r\n<\/table>","parameters_source":{"label":"Parameters","type":"wysiwyg","formatted_value":"<table border=\"0\" width=\"423\" cellspacing=\"0\" cellpadding=\"0\">\n<tbody>\n<tr>\n<td width=\"166\" height=\"24\">Manufacturer<\/td>\n<td width=\"257\">DONGZHAOWEI<\/td>\n<\/tr>\n<tr>\n<td height=\"24\">Material<\/td>\n<td>Stainless Steel 304<\/td>\n<\/tr>\n<tr>\n<td height=\"24\">Capacity<\/td>\n<td>5 L<\/td>\n<\/tr>\n<tr>\n<td height=\"23\">Color<\/td>\n<td>Black Golden ;White Golden<\/td>\n<\/tr>\n<tr>\n<td height=\"23\">Design<\/td>\n<td>With Handle<\/td>\n<\/tr>\n<tr>\n<td height=\"23\">Shape<\/td>\n<td>Octagonal Bucket Shape<\/td>\n<\/tr>\n<tr>\n<td height=\"23\">Custom<\/td>\n<td>Color\/Logo\/Package<\/td>\n<\/tr>\n<tr>\n<td height=\"23\">MOQ<\/td>\n<td>20 Sets<\/td>\n<\/tr>\n<\/tbody>\n<\/table>\n"},"photo_gallery":{"product_gallery":[[{"id":2485,"title":"ice bucket wholesale","caption":"ice bucket wholesale","full_image_url":"https:\/\/www.dzwchafingdish.com\/wp-content\/uploads\/2024\/01\/ice-bucket-wholesale-1.webp","thumbnail_image_url":"https:\/\/www.dzwchafingdish.com\/wp-content\/uploads\/2024\/01\/ice-bucket-wholesale-1-150x150.webp","large_srcset":"https:\/\/www.dzwchafingdish.com\/wp-content\/uploads\/2024\/01\/ice-bucket-wholesale-1.webp 3392w, https:\/\/www.dzwchafingdish.com\/wp-content\/uploads\/2024\/01\/ice-bucket-wholesale-1-300x300.webp 300w, https:\/\/www.dzwchafingdish.com\/wp-content\/uploads\/2024\/01\/ice-bucket-wholesale-1-150x150.webp 150w, https:\/\/www.dzwchafingdish.com\/wp-content\/uploads\/2024\/01\/ice-bucket-wholesale-1-768x768.webp 768w","medium_srcset":"https:\/\/www.dzwchafingdish.com\/wp-content\/uploads\/2024\/01\/ice-bucket-wholesale-1-300x300.webp 300w, https:\/\/www.dzwchafingdish.com\/wp-content\/uploads\/2024\/01\/ice-bucket-wholesale-1-150x150.webp 150w, https:\/\/www.dzwchafingdish.com\/wp-content\/uploads\/2024\/01\/ice-bucket-wholesale-1-768x768.webp 768w","media_details":{"width":3392,"height":3392,"sizes":{"medium":{"file":"ice-bucket-wholesale-1-300x300.webp","width":300,"height":300,"mime-type":"image\/webp","filesize":11112,"source_url":"https:\/\/www.dzwchafingdish.com\/wp-content\/uploads\/2024\/01\/ice-bucket-wholesale-1-300x300.webp"},"thumbnail":{"file":"ice-bucket-wholesale-1-150x150.webp","width":150,"height":150,"mime-type":"image\/webp","filesize":4358,"source_url":"https:\/\/www.dzwchafingdish.com\/wp-content\/uploads\/2024\/01\/ice-bucket-wholesale-1-150x150.webp"},"medium_large":{"file":"ice-bucket-wholesale-1-768x768.webp","width":768,"height":768,"mime-type":"image\/webp","filesize":47196,"source_url":"https:\/\/www.dzwchafingdish.com\/wp-content\/uploads\/2024\/01\/ice-bucket-wholesale-1-768x768.webp"}}},"alt_text":"ice bucket wholesale","url":"","target":""},{"id":2484,"title":"ice bucket supplier","caption":"ice bucket supplier","full_image_url":"https:\/\/www.dzwchafingdish.com\/wp-content\/uploads\/2024\/01\/ice-bucket-supplier.webp","thumbnail_image_url":"https:\/\/www.dzwchafingdish.com\/wp-content\/uploads\/2024\/01\/ice-bucket-supplier-150x150.webp","large_srcset":"https:\/\/www.dzwchafingdish.com\/wp-content\/uploads\/2024\/01\/ice-bucket-supplier.webp 3264w, https:\/\/www.dzwchafingdish.com\/wp-content\/uploads\/2024\/01\/ice-bucket-supplier-300x300.webp 300w, https:\/\/www.dzwchafingdish.com\/wp-content\/uploads\/2024\/01\/ice-bucket-supplier-150x150.webp 150w, https:\/\/www.dzwchafingdish.com\/wp-content\/uploads\/2024\/01\/ice-bucket-supplier-768x768.webp 768w","medium_srcset":"https:\/\/www.dzwchafingdish.com\/wp-content\/uploads\/2024\/01\/ice-bucket-supplier-300x300.webp 300w, https:\/\/www.dzwchafingdish.com\/wp-content\/uploads\/2024\/01\/ice-bucket-supplier-150x150.webp 150w, https:\/\/www.dzwchafingdish.com\/wp-content\/uploads\/2024\/01\/ice-bucket-supplier-768x768.webp 768w","media_details":{"width":3264,"height":3264,"sizes":{"medium":{"file":"ice-bucket-supplier-300x300.webp","width":300,"height":300,"mime-type":"image\/webp","filesize":11280,"source_url":"https:\/\/www.dzwchafingdish.com\/wp-content\/uploads\/2024\/01\/ice-bucket-supplier-300x300.webp"},"thumbnail":{"file":"ice-bucket-supplier-150x150.webp","width":150,"height":150,"mime-type":"image\/webp","filesize":4394,"source_url":"https:\/\/www.dzwchafingdish.com\/wp-content\/uploads\/2024\/01\/ice-bucket-supplier-150x150.webp"},"medium_large":{"file":"ice-bucket-supplier-768x768.webp","width":768,"height":768,"mime-type":"image\/webp","filesize":49768,"source_url":"https:\/\/www.dzwchafingdish.com\/wp-content\/uploads\/2024\/01\/ice-bucket-supplier-768x768.webp"}}},"alt_text":"ice bucket supplier","url":"","target":""},{"id":2482,"title":"ice bucket bulk","caption":"ice bucket bulk","full_image_url":"https:\/\/www.dzwchafingdish.com\/wp-content\/uploads\/2024\/01\/ice-bucket-bulk.webp","thumbnail_image_url":"https:\/\/www.dzwchafingdish.com\/wp-content\/uploads\/2024\/01\/ice-bucket-bulk-150x150.webp","large_srcset":"https:\/\/www.dzwchafingdish.com\/wp-content\/uploads\/2024\/01\/ice-bucket-bulk.webp 3043w, https:\/\/www.dzwchafingdish.com\/wp-content\/uploads\/2024\/01\/ice-bucket-bulk-300x300.webp 300w, https:\/\/www.dzwchafingdish.com\/wp-content\/uploads\/2024\/01\/ice-bucket-bulk-150x150.webp 150w, https:\/\/www.dzwchafingdish.com\/wp-content\/uploads\/2024\/01\/ice-bucket-bulk-768x768.webp 768w","medium_srcset":"https:\/\/www.dzwchafingdish.com\/wp-content\/uploads\/2024\/01\/ice-bucket-bulk-300x300.webp 300w, https:\/\/www.dzwchafingdish.com\/wp-content\/uploads\/2024\/01\/ice-bucket-bulk-150x150.webp 150w, https:\/\/www.dzwchafingdish.com\/wp-content\/uploads\/2024\/01\/ice-bucket-bulk-768x768.webp 768w","media_details":{"width":3043,"height":3043,"sizes":{"medium":{"file":"ice-bucket-bulk-300x300.webp","width":300,"height":300,"mime-type":"image\/webp","filesize":11082,"source_url":"https:\/\/www.dzwchafingdish.com\/wp-content\/uploads\/2024\/01\/ice-bucket-bulk-300x300.webp"},"thumbnail":{"file":"ice-bucket-bulk-150x150.webp","width":150,"height":150,"mime-type":"image\/webp","filesize":4026,"source_url":"https:\/\/www.dzwchafingdish.com\/wp-content\/uploads\/2024\/01\/ice-bucket-bulk-150x150.webp"},"medium_large":{"file":"ice-bucket-bulk-768x768.webp","width":768,"height":768,"mime-type":"image\/webp","filesize":47670,"source_url":"https:\/\/www.dzwchafingdish.com\/wp-content\/uploads\/2024\/01\/ice-bucket-bulk-768x768.webp"}}},"alt_text":"ice bucket bulk","url":"","target":""},{"id":2483,"title":"ice bucket custom","caption":"ice bucket custom","full_image_url":"https:\/\/www.dzwchafingdish.com\/wp-content\/uploads\/2024\/01\/ice-bucket-custom.webp","thumbnail_image_url":"https:\/\/www.dzwchafingdish.com\/wp-content\/uploads\/2024\/01\/ice-bucket-custom-150x150.webp","large_srcset":"https:\/\/www.dzwchafingdish.com\/wp-content\/uploads\/2024\/01\/ice-bucket-custom.webp 2359w, https:\/\/www.dzwchafingdish.com\/wp-content\/uploads\/2024\/01\/ice-bucket-custom-300x300.webp 300w, https:\/\/www.dzwchafingdish.com\/wp-content\/uploads\/2024\/01\/ice-bucket-custom-150x150.webp 150w, https:\/\/www.dzwchafingdish.com\/wp-content\/uploads\/2024\/01\/ice-bucket-custom-768x768.webp 768w","medium_srcset":"https:\/\/www.dzwchafingdish.com\/wp-content\/uploads\/2024\/01\/ice-bucket-custom-300x300.webp 300w, https:\/\/www.dzwchafingdish.com\/wp-content\/uploads\/2024\/01\/ice-bucket-custom-150x150.webp 150w, https:\/\/www.dzwchafingdish.com\/wp-content\/uploads\/2024\/01\/ice-bucket-custom-768x768.webp 768w","media_details":{"width":2359,"height":2359,"sizes":{"medium":{"file":"ice-bucket-custom-300x300.webp","width":300,"height":300,"mime-type":"image\/webp","filesize":10316,"source_url":"https:\/\/www.dzwchafingdish.com\/wp-content\/uploads\/2024\/01\/ice-bucket-custom-300x300.webp"},"thumbnail":{"file":"ice-bucket-custom-150x150.webp","width":150,"height":150,"mime-type":"image\/webp","filesize":4114,"source_url":"https:\/\/www.dzwchafingdish.com\/wp-content\/uploads\/2024\/01\/ice-bucket-custom-150x150.webp"},"medium_large":{"file":"ice-bucket-custom-768x768.webp","width":768,"height":768,"mime-type":"image\/webp","filesize":35896,"source_url":"https:\/\/www.dzwchafingdish.com\/wp-content\/uploads\/2024\/01\/ice-bucket-custom-768x768.webp"}}},"alt_text":"ice bucket custom","url":"","target":""},{"id":2487,"title":"wholesale ice bucket","caption":"wholesale ice bucket","full_image_url":"https:\/\/www.dzwchafingdish.com\/wp-content\/uploads\/2024\/01\/wholesale-ice-bucket.webp","thumbnail_image_url":"https:\/\/www.dzwchafingdish.com\/wp-content\/uploads\/2024\/01\/wholesale-ice-bucket-150x150.webp","large_srcset":"https:\/\/www.dzwchafingdish.com\/wp-content\/uploads\/2024\/01\/wholesale-ice-bucket.webp 3080w, https:\/\/www.dzwchafingdish.com\/wp-content\/uploads\/2024\/01\/wholesale-ice-bucket-300x300.webp 300w, https:\/\/www.dzwchafingdish.com\/wp-content\/uploads\/2024\/01\/wholesale-ice-bucket-150x150.webp 150w, https:\/\/www.dzwchafingdish.com\/wp-content\/uploads\/2024\/01\/wholesale-ice-bucket-768x768.webp 768w","medium_srcset":"https:\/\/www.dzwchafingdish.com\/wp-content\/uploads\/2024\/01\/wholesale-ice-bucket-300x300.webp 300w, https:\/\/www.dzwchafingdish.com\/wp-content\/uploads\/2024\/01\/wholesale-ice-bucket-150x150.webp 150w, https:\/\/www.dzwchafingdish.com\/wp-content\/uploads\/2024\/01\/wholesale-ice-bucket-768x768.webp 768w","media_details":{"width":3080,"height":3080,"sizes":{"medium":{"file":"wholesale-ice-bucket-300x300.webp","width":300,"height":300,"mime-type":"image\/webp","filesize":12764,"source_url":"https:\/\/www.dzwchafingdish.com\/wp-content\/uploads\/2024\/01\/wholesale-ice-bucket-300x300.webp"},"thumbnail":{"file":"wholesale-ice-bucket-150x150.webp","width":150,"height":150,"mime-type":"image\/webp","filesize":4604,"source_url":"https:\/\/www.dzwchafingdish.com\/wp-content\/uploads\/2024\/01\/wholesale-ice-bucket-150x150.webp"},"medium_large":{"file":"wholesale-ice-bucket-768x768.webp","width":768,"height":768,"mime-type":"image\/webp","filesize":57024,"source_url":"https:\/\/www.dzwchafingdish.com\/wp-content\/uploads\/2024\/01\/wholesale-ice-bucket-768x768.webp"}}},"alt_text":"wholesale ice bucket","url":"","target":""},{"id":2486,"title":"ice bucket","caption":"ice bucket","full_image_url":"https:\/\/www.dzwchafingdish.com\/wp-content\/uploads\/2024\/01\/ice-bucket.webp","thumbnail_image_url":"https:\/\/www.dzwchafingdish.com\/wp-content\/uploads\/2024\/01\/ice-bucket-150x150.webp","large_srcset":"https:\/\/www.dzwchafingdish.com\/wp-content\/uploads\/2024\/01\/ice-bucket.webp 2163w, https:\/\/www.dzwchafingdish.com\/wp-content\/uploads\/2024\/01\/ice-bucket-300x300.webp 300w, https:\/\/www.dzwchafingdish.com\/wp-content\/uploads\/2024\/01\/ice-bucket-150x150.webp 150w, https:\/\/www.dzwchafingdish.com\/wp-content\/uploads\/2024\/01\/ice-bucket-768x768.webp 768w","medium_srcset":"https:\/\/www.dzwchafingdish.com\/wp-content\/uploads\/2024\/01\/ice-bucket-300x300.webp 300w, https:\/\/www.dzwchafingdish.com\/wp-content\/uploads\/2024\/01\/ice-bucket-150x150.webp 150w, https:\/\/www.dzwchafingdish.com\/wp-content\/uploads\/2024\/01\/ice-bucket-768x768.webp 768w","media_details":{"width":2163,"height":2163,"sizes":{"medium":{"file":"ice-bucket-300x300.webp","width":300,"height":300,"mime-type":"image\/webp","filesize":4660,"source_url":"https:\/\/www.dzwchafingdish.com\/wp-content\/uploads\/2024\/01\/ice-bucket-300x300.webp"},"thumbnail":{"file":"ice-bucket-150x150.webp","width":150,"height":150,"mime-type":"image\/webp","filesize":2166,"source_url":"https:\/\/www.dzwchafingdish.com\/wp-content\/uploads\/2024\/01\/ice-bucket-150x150.webp"},"medium_large":{"file":"ice-bucket-768x768.webp","width":768,"height":768,"mime-type":"image\/webp","filesize":19176,"source_url":"https:\/\/www.dzwchafingdish.com\/wp-content\/uploads\/2024\/01\/ice-bucket-768x768.webp"}}},"alt_text":"ice bucket","url":"","target":""}]]}},"_links":{"self":[{"href":"https:\/\/www.dzwchafingdish.com\/es\/wp-json\/wp\/v2\/product\/2481","targetHints":{"allow":["GET"]}}],"collection":[{"href":"https:\/\/www.dzwchafingdish.com\/es\/wp-json\/wp\/v2\/product"}],"about":[{"href":"https:\/\/www.dzwchafingdish.com\/es\/wp-json\/wp\/v2\/types\/product"}],"author":[{"embeddable":true,"href":"https:\/\/www.dzwchafingdish.com\/es\/wp-json\/wp\/v2\/users\/1"}],"version-history":[{"count":0,"href":"https:\/\/www.dzwchafingdish.com\/es\/wp-json\/wp\/v2\/product\/2481\/revisions"}],"wp:featuredmedia":[{"embeddable":true,"href":"https:\/\/www.dzwchafingdish.com\/es\/wp-json\/wp\/v2\/media\/2485"}],"wp:attachment":[{"href":"https:\/\/www.dzwchafingdish.com\/es\/wp-json\/wp\/v2\/media?parent=2481"}],"wp:term":[{"taxonomy":"product-categories","embeddable":true,"href":"https:\/\/www.dzwchafingdish.com\/es\/wp-json\/wp\/v2\/product-categories?post=2481"},{"taxonomy":"product-tag","embeddable":true,"href":"https:\/\/www.dzwchafingdish.com\/es\/wp-json\/wp\/v2\/product-tag?post=2481"}],"curies":[{"name":"wp","href":"https:\/\/api.w.org\/{rel}","templated":true}]}}