{"id":2541,"date":"2024-01-31T10:23:39","date_gmt":"2024-01-31T10:23:39","guid":{"rendered":"https:\/\/www.dzwchafingdish.com\/?post_type=product&#038;p=2541"},"modified":"2024-06-12T07:40:48","modified_gmt":"2024-06-12T07:40:48","slug":"dessert-display","status":"publish","type":"product","link":"https:\/\/www.dzwchafingdish.com\/es\/product\/dessert-display\/","title":{"rendered":"Mayorista Expositor de Postres Redondo de Acero Inoxidable de 3 Niveles"},"content":{"rendered":"<div class=\"wp-block-columns is-layout-flex wp-container-core-columns-is-layout-28f84493 wp-block-columns-is-layout-flex\">\n<div class=\"wp-block-column is-vertically-aligned-center is-layout-flow wp-block-column-is-layout-flow\">\n<h2 class=\"wp-block-heading\" style=\"font-size:18px\"><strong>Dimensi\u00f3n del expositor de postres<\/strong><\/h2>\n\n\n\n<figure class=\"wp-block-table\"><table><tbody><tr><td>PUNTO NO.<\/td><td>Longitud<\/td><td>Anchura<\/td><td>Altura<\/td><td>G.W<\/td><\/tr><tr><td>DZW-DS44<\/td><td>44 cm<\/td><td>40 cm<\/td><td>17 cm<\/td><td>2800 g<\/td><\/tr><tr><td>DZW-DS44<\/td><td>25 cm<\/td><td>25 cm<\/td><td>47,5 cm<\/td><td>1500 g<\/td><\/tr><\/tbody><\/table><\/figure>\n<\/div>\n\n\n\n<div class=\"wp-block-column is-layout-flow wp-block-column-is-layout-flow\">\n<figure class=\"wp-block-image aligncenter size-full is-resized\"><img fetchpriority=\"high\" decoding=\"async\" width=\"800\" height=\"800\" src=\"https:\/\/www.dzwchafingdish.com\/wp-content\/uploads\/2024\/01\/Dessert-Display-buik.webp\" alt=\"Expositor de postres a granel\" class=\"wp-image-2543\" style=\"width:413px;height:auto\" srcset=\"https:\/\/www.dzwchafingdish.com\/wp-content\/uploads\/2024\/01\/Dessert-Display-buik.webp 800w, https:\/\/www.dzwchafingdish.com\/wp-content\/uploads\/2024\/01\/Dessert-Display-buik-300x300.webp 300w, https:\/\/www.dzwchafingdish.com\/wp-content\/uploads\/2024\/01\/Dessert-Display-buik-150x150.webp 150w, https:\/\/www.dzwchafingdish.com\/wp-content\/uploads\/2024\/01\/Dessert-Display-buik-768x768.webp 768w\" sizes=\"(max-width: 800px) 100vw, 800px\" \/><\/figure>\n<\/div>\n<\/div>\n\n\n\n<div class=\"wp-block-columns is-layout-flex wp-container-core-columns-is-layout-28f84493 wp-block-columns-is-layout-flex\">\n<div class=\"wp-block-column is-layout-flow wp-block-column-is-layout-flow\">\n<figure class=\"wp-block-image size-full\"><img decoding=\"async\" width=\"797\" height=\"614\" src=\"https:\/\/www.dzwchafingdish.com\/wp-content\/uploads\/2024\/01\/Dessert-stand-wholesale-1.webp\" alt=\"Puesto de postres al por mayor\" class=\"wp-image-2546\" srcset=\"https:\/\/www.dzwchafingdish.com\/wp-content\/uploads\/2024\/01\/Dessert-stand-wholesale-1.webp 797w, https:\/\/www.dzwchafingdish.com\/wp-content\/uploads\/2024\/01\/Dessert-stand-wholesale-1-300x231.webp 300w, https:\/\/www.dzwchafingdish.com\/wp-content\/uploads\/2024\/01\/Dessert-stand-wholesale-1-768x592.webp 768w\" sizes=\"(max-width: 797px) 100vw, 797px\" \/><\/figure>\n<\/div>\n\n\n\n<div class=\"wp-block-column is-vertically-aligned-center is-layout-flow wp-block-column-is-layout-flow\">\n<h2 class=\"wp-block-heading\" style=\"font-size:18px\"><strong>Expositor de postres Premium Caracter\u00edsticas:<\/strong><\/h2>\n\n\n\n<p>El marco liso de acero inoxidable y las placas cer\u00e1micas de alta calidad lo hacen duradero y elegante.<\/p>\n\n\n\n<p>Esquema de dise\u00f1o redondo y de jaula de p\u00e1jaros Elija entre formas circulares \u00fanicas o dise\u00f1os de jaulas de p\u00e1jaros para crear modernos expositores de postres de lujo<\/p>\n\n\n\n<p>Expositor multifuncional en tres niveles: Maximice el espacio vertical y exponga una gran variedad de postres.<\/p>\n<\/div>\n<\/div>","protected":false},"excerpt":{"rendered":"<p>Expositor de postres Dimensiones N.\u00ba DE ART\u00cdCULO DZW-DS44 44 cm 40 cm 17 cm 2800 g DZW-DS44 25 cm 25 cm 47,5 cm 1500 g Expositor de Postres Premium Caracter\u00edsticas: Con el marco de acero inoxidable liso emparejado con placas de cer\u00e1mica de alta calidad, es durable y elegante Esquema de dise\u00f1o redondo y jaula de p\u00e1jaros: Elija entre [...]<\/p>","protected":false},"author":1,"featured_media":2543,"parent":0,"menu_order":0,"template":"","format":"standard","meta":{"_acf_changed":false,"site-sidebar-layout":"default","site-content-layout":"","ast-site-content-layout":"default","site-content-style":"default","site-sidebar-style":"default","ast-global-header-display":"","ast-banner-title-visibility":"","ast-main-header-display":"","ast-hfb-above-header-display":"","ast-hfb-below-header-display":"","ast-hfb-mobile-header-display":"","site-post-title":"","ast-breadcrumbs-content":"","ast-featured-img":"","footer-sml-layout":"","theme-transparent-header-meta":"","adv-header-id-meta":"","stick-header-meta":"","header-above-stick-meta":"","header-main-stick-meta":"","header-below-stick-meta":"","astra-migrate-meta-layouts":"default","ast-page-background-enabled":"default","ast-page-background-meta":{"desktop":{"background-color":"var(--ast-global-color-4)","background-image":"","background-repeat":"repeat","background-position":"center center","background-size":"auto","background-attachment":"scroll","background-type":"","background-media":"","overlay-type":"","overlay-color":"","overlay-opacity":"","overlay-gradient":""},"tablet":{"background-color":"","background-image":"","background-repeat":"repeat","background-position":"center center","background-size":"auto","background-attachment":"scroll","background-type":"","background-media":"","overlay-type":"","overlay-color":"","overlay-opacity":"","overlay-gradient":""},"mobile":{"background-color":"","background-image":"","background-repeat":"repeat","background-position":"center center","background-size":"auto","background-attachment":"scroll","background-type":"","background-media":"","overlay-type":"","overlay-color":"","overlay-opacity":"","overlay-gradient":""}},"ast-content-background-meta":{"desktop":{"background-color":"var(--ast-global-color-5)","background-image":"","background-repeat":"repeat","background-position":"center center","background-size":"auto","background-attachment":"scroll","background-type":"","background-media":"","overlay-type":"","overlay-color":"","overlay-opacity":"","overlay-gradient":""},"tablet":{"background-color":"var(--ast-global-color-5)","background-image":"","background-repeat":"repeat","background-position":"center center","background-size":"auto","background-attachment":"scroll","background-type":"","background-media":"","overlay-type":"","overlay-color":"","overlay-opacity":"","overlay-gradient":""},"mobile":{"background-color":"var(--ast-global-color-5)","background-image":"","background-repeat":"repeat","background-position":"center center","background-size":"auto","background-attachment":"scroll","background-type":"","background-media":"","overlay-type":"","overlay-color":"","overlay-opacity":"","overlay-gradient":""}},"footnotes":""},"product-categories":[65],"product-tag":[],"class_list":["post-2541","product","type-product","status-publish","format-standard","has-post-thumbnail","hentry","product-categories-dessert-stand"],"acf":{"title":"Mayorista Expositor de Postres Redondo de Acero Inoxidable de 3 Niveles","title_source":{"label":"Title","type":"text","formatted_value":"Wholesale Dessert Display Round Stainless Steel 3 Tiered"},"short_description":"Wholesale round dessert display stand made of high quality stainless steel and ceramic combination. Order in bulk for cost-effective dessert display solutions!","short_description_source":{"label":"Short description","type":"textarea","formatted_value":"Wholesale round dessert display stand made of high quality stainless steel and ceramic combination. Order in bulk for cost-effective dessert display solutions!"},"parameters":"<table border=\"0\" width=\"423\" cellspacing=\"0\" cellpadding=\"0\">\r\n<tbody>\r\n<tr>\r\n<td width=\"166\" height=\"23\">Manufacturer<\/td>\r\n<td width=\"257\">DONGZHAOWEI<\/td>\r\n<\/tr>\r\n<tr>\r\n<td height=\"23\">Material<\/td>\r\n<td>Stainless Steel 201 and Ceramic<\/td>\r\n<\/tr>\r\n<tr>\r\n<td height=\"23\">Tier<\/td>\r\n<td>3 Tier<\/td>\r\n<\/tr>\r\n<tr>\r\n<td height=\"24\">Color<\/td>\r\n<td>Golden<\/td>\r\n<\/tr>\r\n<tr>\r\n<td height=\"24\">Shape<\/td>\r\n<td>Circular Shape; Birdcage Shape<\/td>\r\n<\/tr>\r\n<tr>\r\n<td height=\"24\">Custom<\/td>\r\n<td>Color\/Logo\/Package<\/td>\r\n<\/tr>\r\n<tr>\r\n<td height=\"24\">MOQ<\/td>\r\n<td>20 Sets<\/td>\r\n<\/tr>\r\n<\/tbody>\r\n<\/table>","parameters_source":{"label":"Parameters","type":"wysiwyg","formatted_value":"<table border=\"0\" width=\"423\" cellspacing=\"0\" cellpadding=\"0\">\n<tbody>\n<tr>\n<td width=\"166\" height=\"23\">Manufacturer<\/td>\n<td width=\"257\">DONGZHAOWEI<\/td>\n<\/tr>\n<tr>\n<td height=\"23\">Material<\/td>\n<td>Stainless Steel 201 and Ceramic<\/td>\n<\/tr>\n<tr>\n<td height=\"23\">Tier<\/td>\n<td>3 Tier<\/td>\n<\/tr>\n<tr>\n<td height=\"24\">Color<\/td>\n<td>Golden<\/td>\n<\/tr>\n<tr>\n<td height=\"24\">Shape<\/td>\n<td>Circular Shape; Birdcage Shape<\/td>\n<\/tr>\n<tr>\n<td height=\"24\">Custom<\/td>\n<td>Color\/Logo\/Package<\/td>\n<\/tr>\n<tr>\n<td height=\"24\">MOQ<\/td>\n<td>20 Sets<\/td>\n<\/tr>\n<\/tbody>\n<\/table>\n"},"photo_gallery":{"product_gallery":[[{"id":2543,"title":"Dessert Display buik","caption":"Dessert Display bulk","full_image_url":"https:\/\/www.dzwchafingdish.com\/wp-content\/uploads\/2024\/01\/Dessert-Display-buik.webp","thumbnail_image_url":"https:\/\/www.dzwchafingdish.com\/wp-content\/uploads\/2024\/01\/Dessert-Display-buik-150x150.webp","large_srcset":"https:\/\/www.dzwchafingdish.com\/wp-content\/uploads\/2024\/01\/Dessert-Display-buik.webp 800w, https:\/\/www.dzwchafingdish.com\/wp-content\/uploads\/2024\/01\/Dessert-Display-buik-300x300.webp 300w, https:\/\/www.dzwchafingdish.com\/wp-content\/uploads\/2024\/01\/Dessert-Display-buik-150x150.webp 150w, https:\/\/www.dzwchafingdish.com\/wp-content\/uploads\/2024\/01\/Dessert-Display-buik-768x768.webp 768w","medium_srcset":"https:\/\/www.dzwchafingdish.com\/wp-content\/uploads\/2024\/01\/Dessert-Display-buik-300x300.webp 300w, https:\/\/www.dzwchafingdish.com\/wp-content\/uploads\/2024\/01\/Dessert-Display-buik-150x150.webp 150w, https:\/\/www.dzwchafingdish.com\/wp-content\/uploads\/2024\/01\/Dessert-Display-buik-768x768.webp 768w, https:\/\/www.dzwchafingdish.com\/wp-content\/uploads\/2024\/01\/Dessert-Display-buik.webp 800w","media_details":{"width":800,"height":800,"sizes":{"medium":{"file":"Dessert-Display-buik-300x300.webp","width":300,"height":300,"mime-type":"image\/webp","filesize":10172,"source_url":"https:\/\/www.dzwchafingdish.com\/wp-content\/uploads\/2024\/01\/Dessert-Display-buik-300x300.webp"},"thumbnail":{"file":"Dessert-Display-buik-150x150.webp","width":150,"height":150,"mime-type":"image\/webp","filesize":3794,"source_url":"https:\/\/www.dzwchafingdish.com\/wp-content\/uploads\/2024\/01\/Dessert-Display-buik-150x150.webp"},"medium_large":{"file":"Dessert-Display-buik-768x768.webp","width":768,"height":768,"mime-type":"image\/webp","filesize":33570,"source_url":"https:\/\/www.dzwchafingdish.com\/wp-content\/uploads\/2024\/01\/Dessert-Display-buik-768x768.webp"}}},"alt_text":"Dessert Display bulk","url":"","target":""},{"id":2542,"title":"cake stand wholesale","caption":"cake stand wholesale","full_image_url":"https:\/\/www.dzwchafingdish.com\/wp-content\/uploads\/2024\/01\/cake-stand-wholesale.webp","thumbnail_image_url":"https:\/\/www.dzwchafingdish.com\/wp-content\/uploads\/2024\/01\/cake-stand-wholesale-150x150.webp","large_srcset":"https:\/\/www.dzwchafingdish.com\/wp-content\/uploads\/2024\/01\/cake-stand-wholesale.webp 1500w, https:\/\/www.dzwchafingdish.com\/wp-content\/uploads\/2024\/01\/cake-stand-wholesale-300x300.webp 300w, https:\/\/www.dzwchafingdish.com\/wp-content\/uploads\/2024\/01\/cake-stand-wholesale-150x150.webp 150w, https:\/\/www.dzwchafingdish.com\/wp-content\/uploads\/2024\/01\/cake-stand-wholesale-768x768.webp 768w","medium_srcset":"https:\/\/www.dzwchafingdish.com\/wp-content\/uploads\/2024\/01\/cake-stand-wholesale-300x300.webp 300w, https:\/\/www.dzwchafingdish.com\/wp-content\/uploads\/2024\/01\/cake-stand-wholesale-150x150.webp 150w, https:\/\/www.dzwchafingdish.com\/wp-content\/uploads\/2024\/01\/cake-stand-wholesale-768x768.webp 768w, https:\/\/www.dzwchafingdish.com\/wp-content\/uploads\/2024\/01\/cake-stand-wholesale.webp 1500w","media_details":{"width":1500,"height":1500,"sizes":{"medium":{"file":"cake-stand-wholesale-300x300.webp","width":300,"height":300,"mime-type":"image\/webp","filesize":9794,"source_url":"https:\/\/www.dzwchafingdish.com\/wp-content\/uploads\/2024\/01\/cake-stand-wholesale-300x300.webp"},"thumbnail":{"file":"cake-stand-wholesale-150x150.webp","width":150,"height":150,"mime-type":"image\/webp","filesize":3452,"source_url":"https:\/\/www.dzwchafingdish.com\/wp-content\/uploads\/2024\/01\/cake-stand-wholesale-150x150.webp"},"medium_large":{"file":"cake-stand-wholesale-768x768.webp","width":768,"height":768,"mime-type":"image\/webp","filesize":36814,"source_url":"https:\/\/www.dzwchafingdish.com\/wp-content\/uploads\/2024\/01\/cake-stand-wholesale-768x768.webp"}}},"alt_text":"cake stand wholesale","url":"","target":""},{"id":2547,"title":"wholesale Dessert Display","caption":"wholesale Dessert Display","full_image_url":"https:\/\/www.dzwchafingdish.com\/wp-content\/uploads\/2024\/01\/wholesale-Dessert-Display.webp","thumbnail_image_url":"https:\/\/www.dzwchafingdish.com\/wp-content\/uploads\/2024\/01\/wholesale-Dessert-Display-150x150.webp","large_srcset":"https:\/\/www.dzwchafingdish.com\/wp-content\/uploads\/2024\/01\/wholesale-Dessert-Display.webp 800w, https:\/\/www.dzwchafingdish.com\/wp-content\/uploads\/2024\/01\/wholesale-Dessert-Display-300x300.webp 300w, https:\/\/www.dzwchafingdish.com\/wp-content\/uploads\/2024\/01\/wholesale-Dessert-Display-150x150.webp 150w, https:\/\/www.dzwchafingdish.com\/wp-content\/uploads\/2024\/01\/wholesale-Dessert-Display-768x768.webp 768w","medium_srcset":"https:\/\/www.dzwchafingdish.com\/wp-content\/uploads\/2024\/01\/wholesale-Dessert-Display-300x300.webp 300w, https:\/\/www.dzwchafingdish.com\/wp-content\/uploads\/2024\/01\/wholesale-Dessert-Display-150x150.webp 150w, https:\/\/www.dzwchafingdish.com\/wp-content\/uploads\/2024\/01\/wholesale-Dessert-Display-768x768.webp 768w, https:\/\/www.dzwchafingdish.com\/wp-content\/uploads\/2024\/01\/wholesale-Dessert-Display.webp 800w","media_details":{"width":800,"height":800,"sizes":{"medium":{"file":"wholesale-Dessert-Display-300x300.webp","width":300,"height":300,"mime-type":"image\/webp","filesize":8124,"source_url":"https:\/\/www.dzwchafingdish.com\/wp-content\/uploads\/2024\/01\/wholesale-Dessert-Display-300x300.webp"},"thumbnail":{"file":"wholesale-Dessert-Display-150x150.webp","width":150,"height":150,"mime-type":"image\/webp","filesize":3378,"source_url":"https:\/\/www.dzwchafingdish.com\/wp-content\/uploads\/2024\/01\/wholesale-Dessert-Display-150x150.webp"},"medium_large":{"file":"wholesale-Dessert-Display-768x768.webp","width":768,"height":768,"mime-type":"image\/webp","filesize":24958,"source_url":"https:\/\/www.dzwchafingdish.com\/wp-content\/uploads\/2024\/01\/wholesale-Dessert-Display-768x768.webp"}}},"alt_text":"wholesale Dessert Display","url":"","target":""},{"id":2545,"title":"Dessert Display wholesale","caption":"Dessert Display wholesale","full_image_url":"https:\/\/www.dzwchafingdish.com\/wp-content\/uploads\/2024\/01\/Dessert-Display-wholesale.webp","thumbnail_image_url":"https:\/\/www.dzwchafingdish.com\/wp-content\/uploads\/2024\/01\/Dessert-Display-wholesale-150x150.webp","large_srcset":"https:\/\/www.dzwchafingdish.com\/wp-content\/uploads\/2024\/01\/Dessert-Display-wholesale.webp 789w, https:\/\/www.dzwchafingdish.com\/wp-content\/uploads\/2024\/01\/Dessert-Display-wholesale-300x244.webp 300w, https:\/\/www.dzwchafingdish.com\/wp-content\/uploads\/2024\/01\/Dessert-Display-wholesale-768x626.webp 768w","medium_srcset":"https:\/\/www.dzwchafingdish.com\/wp-content\/uploads\/2024\/01\/Dessert-Display-wholesale-300x244.webp 300w, https:\/\/www.dzwchafingdish.com\/wp-content\/uploads\/2024\/01\/Dessert-Display-wholesale-768x626.webp 768w, https:\/\/www.dzwchafingdish.com\/wp-content\/uploads\/2024\/01\/Dessert-Display-wholesale.webp 789w","media_details":{"width":789,"height":643,"sizes":{"medium":{"file":"Dessert-Display-wholesale-300x244.webp","width":300,"height":244,"mime-type":"image\/webp","filesize":11820,"source_url":"https:\/\/www.dzwchafingdish.com\/wp-content\/uploads\/2024\/01\/Dessert-Display-wholesale-300x244.webp"},"thumbnail":{"file":"Dessert-Display-wholesale-150x150.webp","width":150,"height":150,"mime-type":"image\/webp","filesize":5896,"source_url":"https:\/\/www.dzwchafingdish.com\/wp-content\/uploads\/2024\/01\/Dessert-Display-wholesale-150x150.webp"},"medium_large":{"file":"Dessert-Display-wholesale-768x626.webp","width":768,"height":626,"mime-type":"image\/webp","filesize":37432,"source_url":"https:\/\/www.dzwchafingdish.com\/wp-content\/uploads\/2024\/01\/Dessert-Display-wholesale-768x626.webp"}}},"alt_text":"Dessert Display wholesale","url":"","target":""},{"id":2548,"title":"wholesale Dessert stand","caption":"wholesale Dessert stand","full_image_url":"https:\/\/www.dzwchafingdish.com\/wp-content\/uploads\/2024\/01\/wholesale-Dessert-stand.webp","thumbnail_image_url":"https:\/\/www.dzwchafingdish.com\/wp-content\/uploads\/2024\/01\/wholesale-Dessert-stand-150x150.webp","large_srcset":"https:\/\/www.dzwchafingdish.com\/wp-content\/uploads\/2024\/01\/wholesale-Dessert-stand.webp 800w, https:\/\/www.dzwchafingdish.com\/wp-content\/uploads\/2024\/01\/wholesale-Dessert-stand-300x300.webp 300w, https:\/\/www.dzwchafingdish.com\/wp-content\/uploads\/2024\/01\/wholesale-Dessert-stand-150x150.webp 150w, https:\/\/www.dzwchafingdish.com\/wp-content\/uploads\/2024\/01\/wholesale-Dessert-stand-768x768.webp 768w","medium_srcset":"https:\/\/www.dzwchafingdish.com\/wp-content\/uploads\/2024\/01\/wholesale-Dessert-stand-300x300.webp 300w, https:\/\/www.dzwchafingdish.com\/wp-content\/uploads\/2024\/01\/wholesale-Dessert-stand-150x150.webp 150w, https:\/\/www.dzwchafingdish.com\/wp-content\/uploads\/2024\/01\/wholesale-Dessert-stand-768x768.webp 768w, https:\/\/www.dzwchafingdish.com\/wp-content\/uploads\/2024\/01\/wholesale-Dessert-stand.webp 800w","media_details":{"width":800,"height":800,"sizes":{"medium":{"file":"wholesale-Dessert-stand-300x300.webp","width":300,"height":300,"mime-type":"image\/webp","filesize":7676,"source_url":"https:\/\/www.dzwchafingdish.com\/wp-content\/uploads\/2024\/01\/wholesale-Dessert-stand-300x300.webp"},"thumbnail":{"file":"wholesale-Dessert-stand-150x150.webp","width":150,"height":150,"mime-type":"image\/webp","filesize":2794,"source_url":"https:\/\/www.dzwchafingdish.com\/wp-content\/uploads\/2024\/01\/wholesale-Dessert-stand-150x150.webp"},"medium_large":{"file":"wholesale-Dessert-stand-768x768.webp","width":768,"height":768,"mime-type":"image\/webp","filesize":25506,"source_url":"https:\/\/www.dzwchafingdish.com\/wp-content\/uploads\/2024\/01\/wholesale-Dessert-stand-768x768.webp"}}},"alt_text":"wholesale Dessert stand","url":"","target":""},{"id":2544,"title":"Dessert Display supplier","caption":"Dessert Display supplier","full_image_url":"https:\/\/www.dzwchafingdish.com\/wp-content\/uploads\/2024\/01\/Dessert-Display-supplier.webp","thumbnail_image_url":"https:\/\/www.dzwchafingdish.com\/wp-content\/uploads\/2024\/01\/Dessert-Display-supplier-150x150.webp","large_srcset":"https:\/\/www.dzwchafingdish.com\/wp-content\/uploads\/2024\/01\/Dessert-Display-supplier.webp 800w, https:\/\/www.dzwchafingdish.com\/wp-content\/uploads\/2024\/01\/Dessert-Display-supplier-300x300.webp 300w, https:\/\/www.dzwchafingdish.com\/wp-content\/uploads\/2024\/01\/Dessert-Display-supplier-150x150.webp 150w, https:\/\/www.dzwchafingdish.com\/wp-content\/uploads\/2024\/01\/Dessert-Display-supplier-768x768.webp 768w","medium_srcset":"https:\/\/www.dzwchafingdish.com\/wp-content\/uploads\/2024\/01\/Dessert-Display-supplier-300x300.webp 300w, https:\/\/www.dzwchafingdish.com\/wp-content\/uploads\/2024\/01\/Dessert-Display-supplier-150x150.webp 150w, https:\/\/www.dzwchafingdish.com\/wp-content\/uploads\/2024\/01\/Dessert-Display-supplier-768x768.webp 768w, https:\/\/www.dzwchafingdish.com\/wp-content\/uploads\/2024\/01\/Dessert-Display-supplier.webp 800w","media_details":{"width":800,"height":800,"sizes":{"medium":{"file":"Dessert-Display-supplier-300x300.webp","width":300,"height":300,"mime-type":"image\/webp","filesize":9776,"source_url":"https:\/\/www.dzwchafingdish.com\/wp-content\/uploads\/2024\/01\/Dessert-Display-supplier-300x300.webp"},"thumbnail":{"file":"Dessert-Display-supplier-150x150.webp","width":150,"height":150,"mime-type":"image\/webp","filesize":3476,"source_url":"https:\/\/www.dzwchafingdish.com\/wp-content\/uploads\/2024\/01\/Dessert-Display-supplier-150x150.webp"},"medium_large":{"file":"Dessert-Display-supplier-768x768.webp","width":768,"height":768,"mime-type":"image\/webp","filesize":32246,"source_url":"https:\/\/www.dzwchafingdish.com\/wp-content\/uploads\/2024\/01\/Dessert-Display-supplier-768x768.webp"}}},"alt_text":"Dessert Display supplier","url":"","target":""}]]}},"_links":{"self":[{"href":"https:\/\/www.dzwchafingdish.com\/es\/wp-json\/wp\/v2\/product\/2541","targetHints":{"allow":["GET"]}}],"collection":[{"href":"https:\/\/www.dzwchafingdish.com\/es\/wp-json\/wp\/v2\/product"}],"about":[{"href":"https:\/\/www.dzwchafingdish.com\/es\/wp-json\/wp\/v2\/types\/product"}],"author":[{"embeddable":true,"href":"https:\/\/www.dzwchafingdish.com\/es\/wp-json\/wp\/v2\/users\/1"}],"version-history":[{"count":0,"href":"https:\/\/www.dzwchafingdish.com\/es\/wp-json\/wp\/v2\/product\/2541\/revisions"}],"wp:featuredmedia":[{"embeddable":true,"href":"https:\/\/www.dzwchafingdish.com\/es\/wp-json\/wp\/v2\/media\/2543"}],"wp:attachment":[{"href":"https:\/\/www.dzwchafingdish.com\/es\/wp-json\/wp\/v2\/media?parent=2541"}],"wp:term":[{"taxonomy":"product-categories","embeddable":true,"href":"https:\/\/www.dzwchafingdish.com\/es\/wp-json\/wp\/v2\/product-categories?post=2541"},{"taxonomy":"product-tag","embeddable":true,"href":"https:\/\/www.dzwchafingdish.com\/es\/wp-json\/wp\/v2\/product-tag?post=2541"}],"curies":[{"name":"wp","href":"https:\/\/api.w.org\/{rel}","templated":true}]}}