{"id":2552,"date":"2024-01-31T11:01:46","date_gmt":"2024-01-31T11:01:46","guid":{"rendered":"https:\/\/www.dzwchafingdish.com\/?post_type=product&#038;p=2552"},"modified":"2024-06-13T04:05:24","modified_gmt":"2024-06-13T04:05:24","slug":"stainless-steel-cutlery-sets","status":"publish","type":"product","link":"https:\/\/www.dzwchafingdish.com\/es\/product\/stainless-steel-cutlery-sets\/","title":{"rendered":"Mayorista Juegos de cubiertos de acero inoxidable"},"content":{"rendered":"<div class=\"wp-block-columns is-layout-flex wp-container-core-columns-is-layout-28f84493 wp-block-columns-is-layout-flex\">\n<div class=\"wp-block-column is-layout-flow wp-block-column-is-layout-flow\">\n<h2 class=\"wp-block-heading\" style=\"font-size:18px\">Cubiertos de acero inoxidable<strong> Dimensi\u00f3n<\/strong><\/h2>\n\n\n\n<figure class=\"wp-block-table\"><table><tbody><tr><td>PUNTO<\/td><td>AMPLIO<\/td><td>ALTURA<\/td><td>Peso<\/td><\/tr><tr><td>Cuchillo<\/td><td>1,5 cm<\/td><td>21,2 cm<\/td><td>58.3 g<\/td><\/tr><tr><td>Horquilla<\/td><td>2,8 cm<\/td><td>21,8 cm<\/td><td>90 g<\/td><\/tr><tr><td>Cuchara<\/td><td>5 cm<\/td><td>21,8 cm<\/td><td>74 g<\/td><\/tr><tr><td>Cuchara(s)<\/td><td>13 cm<\/td><td>13 cm<\/td><td>24.5 g<\/td><\/tr><\/tbody><\/table><\/figure>\n<\/div>\n\n\n\n<div class=\"wp-block-column is-layout-flow wp-block-column-is-layout-flow\" style=\"flex-basis:40%\">\n<figure class=\"wp-block-image aligncenter size-full is-resized\"><img fetchpriority=\"high\" decoding=\"async\" width=\"750\" height=\"897\" src=\"https:\/\/www.dzwchafingdish.com\/wp-content\/uploads\/2024\/01\/Stainless-Steel-Cutlery-Sets-size.webp\" alt=\"Tama\u00f1o de los juegos de cubiertos de acero inoxidable\" class=\"wp-image-2557\" style=\"width:327px;height:auto\" srcset=\"https:\/\/www.dzwchafingdish.com\/wp-content\/uploads\/2024\/01\/Stainless-Steel-Cutlery-Sets-size.webp 750w, https:\/\/www.dzwchafingdish.com\/wp-content\/uploads\/2024\/01\/Stainless-Steel-Cutlery-Sets-size-251x300.webp 251w\" sizes=\"(max-width: 750px) 100vw, 750px\" \/><\/figure>\n<\/div>\n<\/div>\n\n\n\n<div class=\"wp-block-columns is-layout-flex wp-container-core-columns-is-layout-28f84493 wp-block-columns-is-layout-flex\">\n<div class=\"wp-block-column is-layout-flow wp-block-column-is-layout-flow\">\n<figure class=\"wp-block-image size-full is-resized\"><img decoding=\"async\" width=\"800\" height=\"800\" src=\"https:\/\/www.dzwchafingdish.com\/wp-content\/uploads\/2024\/01\/Stainless-Steel-Cutlery-Sets-in-bulk.webp\" alt=\"Cubiertos de acero inoxidable a granel\" class=\"wp-image-2556\" style=\"width:504px;height:auto\" srcset=\"https:\/\/www.dzwchafingdish.com\/wp-content\/uploads\/2024\/01\/Stainless-Steel-Cutlery-Sets-in-bulk.webp 800w, https:\/\/www.dzwchafingdish.com\/wp-content\/uploads\/2024\/01\/Stainless-Steel-Cutlery-Sets-in-bulk-300x300.webp 300w, https:\/\/www.dzwchafingdish.com\/wp-content\/uploads\/2024\/01\/Stainless-Steel-Cutlery-Sets-in-bulk-150x150.webp 150w, https:\/\/www.dzwchafingdish.com\/wp-content\/uploads\/2024\/01\/Stainless-Steel-Cutlery-Sets-in-bulk-768x768.webp 768w\" sizes=\"(max-width: 800px) 100vw, 800px\" \/><\/figure>\n<\/div>\n\n\n\n<div class=\"wp-block-column is-vertically-aligned-center is-layout-flow wp-block-column-is-layout-flow\" style=\"font-size:18px\">\n<h2 class=\"wp-block-heading\" style=\"font-size:18px\"><strong>Juego de cubiertos de acero inoxidable Caracter\u00edsticas:<\/strong><\/h2>\n\n\n\n<p>Fabricados en acero inoxidable 304 de alta calidad, proporcionan un acabado pulido y duradero que garantiza la longevidad del juego de cubiertos.<\/p>\n\n\n\n<p>Colores personalizados:<br>Ofrece la opci\u00f3n de personalizar el color del juego de cubiertos, lo que le permite adaptarlo a su marca.<\/p>\n\n\n\n<p>Juego completo de 4 piezas:<br>Cada juego de cubiertos incluye cuchillos, tenedores, cucharas y cucharillas, y est\u00e1 dise\u00f1ado para satisfacer todas las necesidades gastron\u00f3micas, garantizando la disponibilidad de los utensilios adecuados durante los servicios de catering.<\/p>\n<\/div>\n<\/div>","protected":false},"excerpt":{"rendered":"<p>Juego de Cubiertos de Acero Inoxidable Dimensi\u00f3n ART\u00cdCULO ANCHO ALTO Peso Cuchillo 1,5 cm 21,2 cm 58,3 g Tenedor 2,8 cm 21,8 cm 90 g Cuchara 5 cm 21,8 cm 74 g Cuchara(s) 13 cm 13 cm 24,5 g Juego de Cubiertos de Acero Inoxidable Caracter\u00edsticas: Fabricados en acero inoxidable 304 de alta calidad, proporcionando un acabado pulido y duradero [...]<\/p>","protected":false},"author":1,"featured_media":2558,"parent":0,"menu_order":0,"template":"","format":"standard","meta":{"_acf_changed":false,"site-sidebar-layout":"default","site-content-layout":"","ast-site-content-layout":"default","site-content-style":"default","site-sidebar-style":"default","ast-global-header-display":"","ast-banner-title-visibility":"","ast-main-header-display":"","ast-hfb-above-header-display":"","ast-hfb-below-header-display":"","ast-hfb-mobile-header-display":"","site-post-title":"","ast-breadcrumbs-content":"","ast-featured-img":"","footer-sml-layout":"","theme-transparent-header-meta":"","adv-header-id-meta":"","stick-header-meta":"","header-above-stick-meta":"","header-main-stick-meta":"","header-below-stick-meta":"","astra-migrate-meta-layouts":"default","ast-page-background-enabled":"default","ast-page-background-meta":{"desktop":{"background-color":"var(--ast-global-color-4)","background-image":"","background-repeat":"repeat","background-position":"center center","background-size":"auto","background-attachment":"scroll","background-type":"","background-media":"","overlay-type":"","overlay-color":"","overlay-opacity":"","overlay-gradient":""},"tablet":{"background-color":"","background-image":"","background-repeat":"repeat","background-position":"center center","background-size":"auto","background-attachment":"scroll","background-type":"","background-media":"","overlay-type":"","overlay-color":"","overlay-opacity":"","overlay-gradient":""},"mobile":{"background-color":"","background-image":"","background-repeat":"repeat","background-position":"center center","background-size":"auto","background-attachment":"scroll","background-type":"","background-media":"","overlay-type":"","overlay-color":"","overlay-opacity":"","overlay-gradient":""}},"ast-content-background-meta":{"desktop":{"background-color":"var(--ast-global-color-5)","background-image":"","background-repeat":"repeat","background-position":"center center","background-size":"auto","background-attachment":"scroll","background-type":"","background-media":"","overlay-type":"","overlay-color":"","overlay-opacity":"","overlay-gradient":""},"tablet":{"background-color":"var(--ast-global-color-5)","background-image":"","background-repeat":"repeat","background-position":"center center","background-size":"auto","background-attachment":"scroll","background-type":"","background-media":"","overlay-type":"","overlay-color":"","overlay-opacity":"","overlay-gradient":""},"mobile":{"background-color":"var(--ast-global-color-5)","background-image":"","background-repeat":"repeat","background-position":"center center","background-size":"auto","background-attachment":"scroll","background-type":"","background-media":"","overlay-type":"","overlay-color":"","overlay-opacity":"","overlay-gradient":""}},"footnotes":""},"product-categories":[68],"product-tag":[],"class_list":["post-2552","product","type-product","status-publish","format-standard","has-post-thumbnail","hentry","product-categories-cutlery-sets-and-tongs"],"acf":{"title":"Mayorista Juegos de cubiertos de acero inoxidable","title_source":{"label":"Title","type":"text","formatted_value":"Wholesale Stainless Steel Cutlery Sets"},"short_description":"Wholesale stainless steel cutlery sets, made of food-grade stainless steel with multi-color handle design, slim and beautiful, is one of the hot-selling cutlery. Welcome to contact us for a free quote!","short_description_source":{"label":"Short description","type":"textarea","formatted_value":"Wholesale stainless steel cutlery sets, made of food-grade stainless steel with multi-color handle design, slim and beautiful, is one of the hot-selling cutlery. Welcome to contact us for a free quote!"},"parameters":"<table border=\"0\" width=\"423\" cellspacing=\"0\" cellpadding=\"0\">\r\n<tbody>\r\n<tr>\r\n<td width=\"166\" height=\"23\">Manufacturer<\/td>\r\n<td width=\"257\">DONGZHAOWEI<\/td>\r\n<\/tr>\r\n<tr>\r\n<td height=\"23\">Material<\/td>\r\n<td>Stainless Steel 304<\/td>\r\n<\/tr>\r\n<tr>\r\n<td height=\"23\">Set<\/td>\r\n<td>4 Piece-Spoon, Fork, Knife<\/td>\r\n<\/tr>\r\n<tr>\r\n<td height=\"24\">Color<\/td>\r\n<td>Golden\/Sliver\/Pink\/Green\/Black<\/td>\r\n<\/tr>\r\n<tr>\r\n<td height=\"24\">Custom<\/td>\r\n<td>Color\/Logo\/Package<\/td>\r\n<\/tr>\r\n<tr>\r\n<td height=\"24\">MOQ<\/td>\r\n<td>100 Sets<\/td>\r\n<\/tr>\r\n<\/tbody>\r\n<\/table>","parameters_source":{"label":"Parameters","type":"wysiwyg","formatted_value":"<table border=\"0\" width=\"423\" cellspacing=\"0\" cellpadding=\"0\">\n<tbody>\n<tr>\n<td width=\"166\" height=\"23\">Manufacturer<\/td>\n<td width=\"257\">DONGZHAOWEI<\/td>\n<\/tr>\n<tr>\n<td height=\"23\">Material<\/td>\n<td>Stainless Steel 304<\/td>\n<\/tr>\n<tr>\n<td height=\"23\">Set<\/td>\n<td>4 Piece-Spoon, Fork, Knife<\/td>\n<\/tr>\n<tr>\n<td height=\"24\">Color<\/td>\n<td>Golden\/Sliver\/Pink\/Green\/Black<\/td>\n<\/tr>\n<tr>\n<td height=\"24\">Custom<\/td>\n<td>Color\/Logo\/Package<\/td>\n<\/tr>\n<tr>\n<td height=\"24\">MOQ<\/td>\n<td>100 Sets<\/td>\n<\/tr>\n<\/tbody>\n<\/table>\n"},"photo_gallery":{"product_gallery":[[{"id":2558,"title":"Stainless Steel Cutlery Sets wholesale","caption":"Stainless Steel Cutlery Sets wholesale","full_image_url":"https:\/\/www.dzwchafingdish.com\/wp-content\/uploads\/2024\/01\/Stainless-Steel-Cutlery-Sets-wholesale-1.webp","thumbnail_image_url":"https:\/\/www.dzwchafingdish.com\/wp-content\/uploads\/2024\/01\/Stainless-Steel-Cutlery-Sets-wholesale-1-150x150.webp","large_srcset":"https:\/\/www.dzwchafingdish.com\/wp-content\/uploads\/2024\/01\/Stainless-Steel-Cutlery-Sets-wholesale-1.webp 800w, https:\/\/www.dzwchafingdish.com\/wp-content\/uploads\/2024\/01\/Stainless-Steel-Cutlery-Sets-wholesale-1-300x300.webp 300w, https:\/\/www.dzwchafingdish.com\/wp-content\/uploads\/2024\/01\/Stainless-Steel-Cutlery-Sets-wholesale-1-150x150.webp 150w, https:\/\/www.dzwchafingdish.com\/wp-content\/uploads\/2024\/01\/Stainless-Steel-Cutlery-Sets-wholesale-1-768x768.webp 768w","medium_srcset":"https:\/\/www.dzwchafingdish.com\/wp-content\/uploads\/2024\/01\/Stainless-Steel-Cutlery-Sets-wholesale-1-300x300.webp 300w, https:\/\/www.dzwchafingdish.com\/wp-content\/uploads\/2024\/01\/Stainless-Steel-Cutlery-Sets-wholesale-1-150x150.webp 150w, https:\/\/www.dzwchafingdish.com\/wp-content\/uploads\/2024\/01\/Stainless-Steel-Cutlery-Sets-wholesale-1-768x768.webp 768w, https:\/\/www.dzwchafingdish.com\/wp-content\/uploads\/2024\/01\/Stainless-Steel-Cutlery-Sets-wholesale-1.webp 800w","media_details":{"width":800,"height":800,"sizes":{"medium":{"file":"Stainless-Steel-Cutlery-Sets-wholesale-1-300x300.webp","width":300,"height":300,"mime-type":"image\/webp","filesize":15738,"source_url":"https:\/\/www.dzwchafingdish.com\/wp-content\/uploads\/2024\/01\/Stainless-Steel-Cutlery-Sets-wholesale-1-300x300.webp"},"thumbnail":{"file":"Stainless-Steel-Cutlery-Sets-wholesale-1-150x150.webp","width":150,"height":150,"mime-type":"image\/webp","filesize":4836,"source_url":"https:\/\/www.dzwchafingdish.com\/wp-content\/uploads\/2024\/01\/Stainless-Steel-Cutlery-Sets-wholesale-1-150x150.webp"},"medium_large":{"file":"Stainless-Steel-Cutlery-Sets-wholesale-1-768x768.webp","width":768,"height":768,"mime-type":"image\/webp","filesize":69096,"source_url":"https:\/\/www.dzwchafingdish.com\/wp-content\/uploads\/2024\/01\/Stainless-Steel-Cutlery-Sets-wholesale-1-768x768.webp"}}},"alt_text":"Stainless Steel Cutlery Sets wholesale","url":"","target":""},{"id":2555,"title":"Stainless Steel Cutlery Sets bulk","caption":"Stainless Steel Cutlery Sets bulk","full_image_url":"https:\/\/www.dzwchafingdish.com\/wp-content\/uploads\/2024\/01\/Stainless-Steel-Cutlery-Sets-bulk.webp","thumbnail_image_url":"https:\/\/www.dzwchafingdish.com\/wp-content\/uploads\/2024\/01\/Stainless-Steel-Cutlery-Sets-bulk-150x150.webp","large_srcset":"https:\/\/www.dzwchafingdish.com\/wp-content\/uploads\/2024\/01\/Stainless-Steel-Cutlery-Sets-bulk.webp 800w, https:\/\/www.dzwchafingdish.com\/wp-content\/uploads\/2024\/01\/Stainless-Steel-Cutlery-Sets-bulk-300x289.webp 300w, https:\/\/www.dzwchafingdish.com\/wp-content\/uploads\/2024\/01\/Stainless-Steel-Cutlery-Sets-bulk-768x739.webp 768w","medium_srcset":"https:\/\/www.dzwchafingdish.com\/wp-content\/uploads\/2024\/01\/Stainless-Steel-Cutlery-Sets-bulk-300x289.webp 300w, https:\/\/www.dzwchafingdish.com\/wp-content\/uploads\/2024\/01\/Stainless-Steel-Cutlery-Sets-bulk-768x739.webp 768w, https:\/\/www.dzwchafingdish.com\/wp-content\/uploads\/2024\/01\/Stainless-Steel-Cutlery-Sets-bulk.webp 800w","media_details":{"width":800,"height":770,"sizes":{"medium":{"file":"Stainless-Steel-Cutlery-Sets-bulk-300x289.webp","width":300,"height":289,"mime-type":"image\/webp","filesize":8766,"source_url":"https:\/\/www.dzwchafingdish.com\/wp-content\/uploads\/2024\/01\/Stainless-Steel-Cutlery-Sets-bulk-300x289.webp"},"thumbnail":{"file":"Stainless-Steel-Cutlery-Sets-bulk-150x150.webp","width":150,"height":150,"mime-type":"image\/webp","filesize":3572,"source_url":"https:\/\/www.dzwchafingdish.com\/wp-content\/uploads\/2024\/01\/Stainless-Steel-Cutlery-Sets-bulk-150x150.webp"},"medium_large":{"file":"Stainless-Steel-Cutlery-Sets-bulk-768x739.webp","width":768,"height":739,"mime-type":"image\/webp","filesize":31130,"source_url":"https:\/\/www.dzwchafingdish.com\/wp-content\/uploads\/2024\/01\/Stainless-Steel-Cutlery-Sets-bulk-768x739.webp"}}},"alt_text":"Stainless Steel Cutlery Sets bulk","url":"","target":""},{"id":2556,"title":"Stainless Steel Cutlery Sets in bulk","caption":"Stainless Steel Cutlery Sets in bulk","full_image_url":"https:\/\/www.dzwchafingdish.com\/wp-content\/uploads\/2024\/01\/Stainless-Steel-Cutlery-Sets-in-bulk.webp","thumbnail_image_url":"https:\/\/www.dzwchafingdish.com\/wp-content\/uploads\/2024\/01\/Stainless-Steel-Cutlery-Sets-in-bulk-150x150.webp","large_srcset":"https:\/\/www.dzwchafingdish.com\/wp-content\/uploads\/2024\/01\/Stainless-Steel-Cutlery-Sets-in-bulk.webp 800w, https:\/\/www.dzwchafingdish.com\/wp-content\/uploads\/2024\/01\/Stainless-Steel-Cutlery-Sets-in-bulk-300x300.webp 300w, https:\/\/www.dzwchafingdish.com\/wp-content\/uploads\/2024\/01\/Stainless-Steel-Cutlery-Sets-in-bulk-150x150.webp 150w, https:\/\/www.dzwchafingdish.com\/wp-content\/uploads\/2024\/01\/Stainless-Steel-Cutlery-Sets-in-bulk-768x768.webp 768w","medium_srcset":"https:\/\/www.dzwchafingdish.com\/wp-content\/uploads\/2024\/01\/Stainless-Steel-Cutlery-Sets-in-bulk-300x300.webp 300w, https:\/\/www.dzwchafingdish.com\/wp-content\/uploads\/2024\/01\/Stainless-Steel-Cutlery-Sets-in-bulk-150x150.webp 150w, https:\/\/www.dzwchafingdish.com\/wp-content\/uploads\/2024\/01\/Stainless-Steel-Cutlery-Sets-in-bulk-768x768.webp 768w, https:\/\/www.dzwchafingdish.com\/wp-content\/uploads\/2024\/01\/Stainless-Steel-Cutlery-Sets-in-bulk.webp 800w","media_details":{"width":800,"height":800,"sizes":{"medium":{"file":"Stainless-Steel-Cutlery-Sets-in-bulk-300x300.webp","width":300,"height":300,"mime-type":"image\/webp","filesize":12438,"source_url":"https:\/\/www.dzwchafingdish.com\/wp-content\/uploads\/2024\/01\/Stainless-Steel-Cutlery-Sets-in-bulk-300x300.webp"},"thumbnail":{"file":"Stainless-Steel-Cutlery-Sets-in-bulk-150x150.webp","width":150,"height":150,"mime-type":"image\/webp","filesize":4890,"source_url":"https:\/\/www.dzwchafingdish.com\/wp-content\/uploads\/2024\/01\/Stainless-Steel-Cutlery-Sets-in-bulk-150x150.webp"},"medium_large":{"file":"Stainless-Steel-Cutlery-Sets-in-bulk-768x768.webp","width":768,"height":768,"mime-type":"image\/webp","filesize":39830,"source_url":"https:\/\/www.dzwchafingdish.com\/wp-content\/uploads\/2024\/01\/Stainless-Steel-Cutlery-Sets-in-bulk-768x768.webp"}}},"alt_text":"Stainless Steel Cutlery Sets in bulk","url":"","target":""},{"id":2560,"title":"Stainless Steel spoons bulk","caption":"Stainless Steel spoons bulk","full_image_url":"https:\/\/www.dzwchafingdish.com\/wp-content\/uploads\/2024\/01\/Stainless-Steel-spoons-bulk.webp","thumbnail_image_url":"https:\/\/www.dzwchafingdish.com\/wp-content\/uploads\/2024\/01\/Stainless-Steel-spoons-bulk-150x150.webp","large_srcset":"https:\/\/www.dzwchafingdish.com\/wp-content\/uploads\/2024\/01\/Stainless-Steel-spoons-bulk.webp 800w, https:\/\/www.dzwchafingdish.com\/wp-content\/uploads\/2024\/01\/Stainless-Steel-spoons-bulk-300x291.webp 300w, https:\/\/www.dzwchafingdish.com\/wp-content\/uploads\/2024\/01\/Stainless-Steel-spoons-bulk-768x744.webp 768w","medium_srcset":"https:\/\/www.dzwchafingdish.com\/wp-content\/uploads\/2024\/01\/Stainless-Steel-spoons-bulk-300x291.webp 300w, https:\/\/www.dzwchafingdish.com\/wp-content\/uploads\/2024\/01\/Stainless-Steel-spoons-bulk-768x744.webp 768w, https:\/\/www.dzwchafingdish.com\/wp-content\/uploads\/2024\/01\/Stainless-Steel-spoons-bulk.webp 800w","media_details":{"width":800,"height":775,"sizes":{"medium":{"file":"Stainless-Steel-spoons-bulk-300x291.webp","width":300,"height":291,"mime-type":"image\/webp","filesize":8882,"source_url":"https:\/\/www.dzwchafingdish.com\/wp-content\/uploads\/2024\/01\/Stainless-Steel-spoons-bulk-300x291.webp"},"thumbnail":{"file":"Stainless-Steel-spoons-bulk-150x150.webp","width":150,"height":150,"mime-type":"image\/webp","filesize":4024,"source_url":"https:\/\/www.dzwchafingdish.com\/wp-content\/uploads\/2024\/01\/Stainless-Steel-spoons-bulk-150x150.webp"},"medium_large":{"file":"Stainless-Steel-spoons-bulk-768x744.webp","width":768,"height":744,"mime-type":"image\/webp","filesize":27248,"source_url":"https:\/\/www.dzwchafingdish.com\/wp-content\/uploads\/2024\/01\/Stainless-Steel-spoons-bulk-768x744.webp"}}},"alt_text":"Stainless Steel spoons bulk","url":"","target":""},{"id":2559,"title":"Stainless Steel Cutlery Sets","caption":"Stainless Steel Cutlery Sets","full_image_url":"https:\/\/www.dzwchafingdish.com\/wp-content\/uploads\/2024\/01\/Stainless-Steel-Cutlery-Sets.webp","thumbnail_image_url":"https:\/\/www.dzwchafingdish.com\/wp-content\/uploads\/2024\/01\/Stainless-Steel-Cutlery-Sets-150x150.webp","large_srcset":"https:\/\/www.dzwchafingdish.com\/wp-content\/uploads\/2024\/01\/Stainless-Steel-Cutlery-Sets.webp 800w, https:\/\/www.dzwchafingdish.com\/wp-content\/uploads\/2024\/01\/Stainless-Steel-Cutlery-Sets-300x293.webp 300w, https:\/\/www.dzwchafingdish.com\/wp-content\/uploads\/2024\/01\/Stainless-Steel-Cutlery-Sets-768x750.webp 768w","medium_srcset":"https:\/\/www.dzwchafingdish.com\/wp-content\/uploads\/2024\/01\/Stainless-Steel-Cutlery-Sets-300x293.webp 300w, https:\/\/www.dzwchafingdish.com\/wp-content\/uploads\/2024\/01\/Stainless-Steel-Cutlery-Sets-768x750.webp 768w, https:\/\/www.dzwchafingdish.com\/wp-content\/uploads\/2024\/01\/Stainless-Steel-Cutlery-Sets.webp 800w","media_details":{"width":800,"height":781,"sizes":{"medium":{"file":"Stainless-Steel-Cutlery-Sets-300x293.webp","width":300,"height":293,"mime-type":"image\/webp","filesize":10164,"source_url":"https:\/\/www.dzwchafingdish.com\/wp-content\/uploads\/2024\/01\/Stainless-Steel-Cutlery-Sets-300x293.webp"},"thumbnail":{"file":"Stainless-Steel-Cutlery-Sets-150x150.webp","width":150,"height":150,"mime-type":"image\/webp","filesize":4460,"source_url":"https:\/\/www.dzwchafingdish.com\/wp-content\/uploads\/2024\/01\/Stainless-Steel-Cutlery-Sets-150x150.webp"},"medium_large":{"file":"Stainless-Steel-Cutlery-Sets-768x750.webp","width":768,"height":750,"mime-type":"image\/webp","filesize":31258,"source_url":"https:\/\/www.dzwchafingdish.com\/wp-content\/uploads\/2024\/01\/Stainless-Steel-Cutlery-Sets-768x750.webp"}}},"alt_text":"Stainless Steel Cutlery Sets","url":"","target":""},{"id":2554,"title":"custom Stainless Steel Cutlery Sets","caption":"custom Stainless Steel Cutlery Sets","full_image_url":"https:\/\/www.dzwchafingdish.com\/wp-content\/uploads\/2024\/01\/custom-Stainless-Steel-Cutlery-Sets.webp","thumbnail_image_url":"https:\/\/www.dzwchafingdish.com\/wp-content\/uploads\/2024\/01\/custom-Stainless-Steel-Cutlery-Sets-150x150.webp","large_srcset":"https:\/\/www.dzwchafingdish.com\/wp-content\/uploads\/2024\/01\/custom-Stainless-Steel-Cutlery-Sets.webp 789w, https:\/\/www.dzwchafingdish.com\/wp-content\/uploads\/2024\/01\/custom-Stainless-Steel-Cutlery-Sets-300x300.webp 300w, https:\/\/www.dzwchafingdish.com\/wp-content\/uploads\/2024\/01\/custom-Stainless-Steel-Cutlery-Sets-150x150.webp 150w, https:\/\/www.dzwchafingdish.com\/wp-content\/uploads\/2024\/01\/custom-Stainless-Steel-Cutlery-Sets-768x769.webp 768w","medium_srcset":"https:\/\/www.dzwchafingdish.com\/wp-content\/uploads\/2024\/01\/custom-Stainless-Steel-Cutlery-Sets-300x300.webp 300w, https:\/\/www.dzwchafingdish.com\/wp-content\/uploads\/2024\/01\/custom-Stainless-Steel-Cutlery-Sets-150x150.webp 150w, https:\/\/www.dzwchafingdish.com\/wp-content\/uploads\/2024\/01\/custom-Stainless-Steel-Cutlery-Sets-768x769.webp 768w, https:\/\/www.dzwchafingdish.com\/wp-content\/uploads\/2024\/01\/custom-Stainless-Steel-Cutlery-Sets.webp 789w","media_details":{"width":789,"height":790,"sizes":{"medium":{"file":"custom-Stainless-Steel-Cutlery-Sets-300x300.webp","width":300,"height":300,"mime-type":"image\/webp","filesize":10606,"source_url":"https:\/\/www.dzwchafingdish.com\/wp-content\/uploads\/2024\/01\/custom-Stainless-Steel-Cutlery-Sets-300x300.webp"},"thumbnail":{"file":"custom-Stainless-Steel-Cutlery-Sets-150x150.webp","width":150,"height":150,"mime-type":"image\/webp","filesize":3662,"source_url":"https:\/\/www.dzwchafingdish.com\/wp-content\/uploads\/2024\/01\/custom-Stainless-Steel-Cutlery-Sets-150x150.webp"},"medium_large":{"file":"custom-Stainless-Steel-Cutlery-Sets-768x769.webp","width":768,"height":769,"mime-type":"image\/webp","filesize":38332,"source_url":"https:\/\/www.dzwchafingdish.com\/wp-content\/uploads\/2024\/01\/custom-Stainless-Steel-Cutlery-Sets-768x769.webp"}}},"alt_text":"custom Stainless Steel Cutlery Sets","url":"","target":""}]]}},"_links":{"self":[{"href":"https:\/\/www.dzwchafingdish.com\/es\/wp-json\/wp\/v2\/product\/2552","targetHints":{"allow":["GET"]}}],"collection":[{"href":"https:\/\/www.dzwchafingdish.com\/es\/wp-json\/wp\/v2\/product"}],"about":[{"href":"https:\/\/www.dzwchafingdish.com\/es\/wp-json\/wp\/v2\/types\/product"}],"author":[{"embeddable":true,"href":"https:\/\/www.dzwchafingdish.com\/es\/wp-json\/wp\/v2\/users\/1"}],"version-history":[{"count":0,"href":"https:\/\/www.dzwchafingdish.com\/es\/wp-json\/wp\/v2\/product\/2552\/revisions"}],"wp:featuredmedia":[{"embeddable":true,"href":"https:\/\/www.dzwchafingdish.com\/es\/wp-json\/wp\/v2\/media\/2558"}],"wp:attachment":[{"href":"https:\/\/www.dzwchafingdish.com\/es\/wp-json\/wp\/v2\/media?parent=2552"}],"wp:term":[{"taxonomy":"product-categories","embeddable":true,"href":"https:\/\/www.dzwchafingdish.com\/es\/wp-json\/wp\/v2\/product-categories?post=2552"},{"taxonomy":"product-tag","embeddable":true,"href":"https:\/\/www.dzwchafingdish.com\/es\/wp-json\/wp\/v2\/product-tag?post=2552"}],"curies":[{"name":"wp","href":"https:\/\/api.w.org\/{rel}","templated":true}]}}