{"id":3108,"date":"2024-03-12T06:14:57","date_gmt":"2024-03-12T06:14:57","guid":{"rendered":"https:\/\/www.dzwchafingdish.com\/?post_type=product&#038;p=3108"},"modified":"2024-06-13T03:37:58","modified_gmt":"2024-06-13T03:37:58","slug":"ceramic-spoon-rest-sets","status":"publish","type":"product","link":"https:\/\/www.dzwchafingdish.com\/es\/product\/ceramic-spoon-rest-sets\/","title":{"rendered":"Juegos de cucharas de cer\u00e1mica al por mayor"},"content":{"rendered":"<div class=\"wp-block-columns is-layout-flex wp-container-core-columns-is-layout-28f84493 wp-block-columns-is-layout-flex\">\n<div class=\"wp-block-column is-layout-flow wp-block-column-is-layout-flow\">\n<div class=\"wp-block-columns is-layout-flex wp-container-core-columns-is-layout-28f84493 wp-block-columns-is-layout-flex\">\n<div class=\"wp-block-column is-layout-flow wp-block-column-is-layout-flow\">\n<div class=\"wp-block-columns is-layout-flex wp-container-core-columns-is-layout-28f84493 wp-block-columns-is-layout-flex\">\n<div class=\"wp-block-column is-layout-flow wp-block-column-is-layout-flow\">\n<h2 class=\"wp-block-heading\" style=\"font-size:18px\"><strong>Juegos de cucharas de cer\u00e1mica Dimensi\u00f3n<\/strong><\/h2>\n<\/div>\n<\/div>\n<\/div>\n<\/div>\n\n\n\n<div class=\"wp-block-columns is-layout-flex wp-container-core-columns-is-layout-28f84493 wp-block-columns-is-layout-flex\">\n<div class=\"wp-block-column is-layout-flow wp-block-column-is-layout-flow\">\n<figure class=\"wp-block-table\"><table><tbody><tr><td>PUNTO NO.<\/td><td>DZW-SC02&nbsp;<br>DZW-SC03<\/td><\/tr><tr><td>PESO DE LA CUCHARA<\/td><td>301,2 g\/PC<\/td><\/tr><tr><td>COLOR<\/td><td>Oro\/Plata<\/td><\/tr><tr><td>SIMPLE Sets PESO<\/td><td>840g\/PC<\/td><\/tr><tr><td>MOQ<\/td><td>100Conjuntos<\/td><\/tr><\/tbody><\/table><\/figure>\n<\/div>\n<\/div>\n\n\n\n<figure class=\"wp-block-image size-full is-resized\"><img fetchpriority=\"high\" decoding=\"async\" width=\"731\" height=\"734\" src=\"https:\/\/www.dzwchafingdish.com\/wp-content\/uploads\/2024\/03\/Hot-Pot-Spoon-.webp\" alt=\"Cuchara Hot Pot\" class=\"wp-image-3119\" style=\"width:531px;height:auto\" srcset=\"https:\/\/www.dzwchafingdish.com\/wp-content\/uploads\/2024\/03\/Hot-Pot-Spoon-.webp 731w, https:\/\/www.dzwchafingdish.com\/wp-content\/uploads\/2024\/03\/Hot-Pot-Spoon--300x300.webp 300w, https:\/\/www.dzwchafingdish.com\/wp-content\/uploads\/2024\/03\/Hot-Pot-Spoon--150x150.webp 150w\" sizes=\"(max-width: 731px) 100vw, 731px\" \/><\/figure>\n<\/div>\n\n\n\n<div class=\"wp-block-column is-layout-flow wp-block-column-is-layout-flow\">\n<figure class=\"wp-block-image size-full is-resized\"><img decoding=\"async\" width=\"654\" height=\"653\" src=\"https:\/\/www.dzwchafingdish.com\/wp-content\/uploads\/2024\/03\/ceramic-spoon-rest-size-1.webp\" alt=\"tama\u00f1o de la cuchara de cer\u00e1mica\" class=\"wp-image-3118\" style=\"width:450px;height:auto\" srcset=\"https:\/\/www.dzwchafingdish.com\/wp-content\/uploads\/2024\/03\/ceramic-spoon-rest-size-1.webp 654w, https:\/\/www.dzwchafingdish.com\/wp-content\/uploads\/2024\/03\/ceramic-spoon-rest-size-1-300x300.webp 300w, https:\/\/www.dzwchafingdish.com\/wp-content\/uploads\/2024\/03\/ceramic-spoon-rest-size-1-150x150.webp 150w\" sizes=\"(max-width: 654px) 100vw, 654px\" \/><\/figure>\n\n\n\n<h2 class=\"wp-block-heading\" style=\"font-size:18px\"><strong>Juegos de reposacucharas de cer\u00e1mica Caracter\u00edsticas<\/strong><\/h2>\n\n\n\n<p>El marco del escurridor est\u00e1 fabricado en acero inoxidable 201 de calidad alimentaria para garantizar la durabilidad y seguridad del producto. La base es un plato de cer\u00e1mica que se puede extraer para facilitar la limpieza.<\/p>\n\n\n\n<p>Su cuidado dise\u00f1o le permite ser bello ocupando poco espacio.<\/p>\n\n\n\n<p>Es adecuado para una gran variedad de escenarios, como reuniones familiares, restaurantes, hoteles y cafeter\u00edas.<\/p>\n<\/div>\n<\/div>","protected":false},"excerpt":{"rendered":"<p>Juego de cucharas de cer\u00e1mica Dimensi\u00f3n ITEM NO. DZW-SC02 DZW-SC03 REPOSACucharas PESO 301.2g\/PC COLOR Dorado\/Plata SIMPLE Sets PESO 840g\/PC MOQ 100Sets Reposacucharas de Cer\u00e1mica Caracter\u00edsticas El marco del colador est\u00e1 hecho de acero inoxidable 201 de calidad alimentaria para garantizar la durabilidad y seguridad del producto. La base es un plato de cer\u00e1mica que se puede sacar [...]<\/p>","protected":false},"author":1,"featured_media":3110,"parent":0,"menu_order":0,"template":"","format":"standard","meta":{"_acf_changed":false,"site-sidebar-layout":"default","site-content-layout":"","ast-site-content-layout":"default","site-content-style":"default","site-sidebar-style":"default","ast-global-header-display":"","ast-banner-title-visibility":"","ast-main-header-display":"","ast-hfb-above-header-display":"","ast-hfb-below-header-display":"","ast-hfb-mobile-header-display":"","site-post-title":"","ast-breadcrumbs-content":"","ast-featured-img":"","footer-sml-layout":"","theme-transparent-header-meta":"","adv-header-id-meta":"","stick-header-meta":"","header-above-stick-meta":"","header-main-stick-meta":"","header-below-stick-meta":"","astra-migrate-meta-layouts":"default","ast-page-background-enabled":"default","ast-page-background-meta":{"desktop":{"background-color":"var(--ast-global-color-4)","background-image":"","background-repeat":"repeat","background-position":"center center","background-size":"auto","background-attachment":"scroll","background-type":"","background-media":"","overlay-type":"","overlay-color":"","overlay-opacity":"","overlay-gradient":""},"tablet":{"background-color":"","background-image":"","background-repeat":"repeat","background-position":"center center","background-size":"auto","background-attachment":"scroll","background-type":"","background-media":"","overlay-type":"","overlay-color":"","overlay-opacity":"","overlay-gradient":""},"mobile":{"background-color":"","background-image":"","background-repeat":"repeat","background-position":"center center","background-size":"auto","background-attachment":"scroll","background-type":"","background-media":"","overlay-type":"","overlay-color":"","overlay-opacity":"","overlay-gradient":""}},"ast-content-background-meta":{"desktop":{"background-color":"var(--ast-global-color-5)","background-image":"","background-repeat":"repeat","background-position":"center center","background-size":"auto","background-attachment":"scroll","background-type":"","background-media":"","overlay-type":"","overlay-color":"","overlay-opacity":"","overlay-gradient":""},"tablet":{"background-color":"var(--ast-global-color-5)","background-image":"","background-repeat":"repeat","background-position":"center center","background-size":"auto","background-attachment":"scroll","background-type":"","background-media":"","overlay-type":"","overlay-color":"","overlay-opacity":"","overlay-gradient":""},"mobile":{"background-color":"var(--ast-global-color-5)","background-image":"","background-repeat":"repeat","background-position":"center center","background-size":"auto","background-attachment":"scroll","background-type":"","background-media":"","overlay-type":"","overlay-color":"","overlay-opacity":"","overlay-gradient":""}},"footnotes":""},"product-categories":[68],"product-tag":[],"class_list":["post-3108","product","type-product","status-publish","format-standard","has-post-thumbnail","hentry","product-categories-cutlery-sets-and-tongs"],"acf":{"title":"Juegos de cucharas de cer\u00e1mica al por mayor","title_source":{"label":"Title","type":"text","formatted_value":"Ceramic Spoon Rest Sets Wholesale"},"short_description":"A ceramic Spoon rest set includes a spoon rest, a spoon and a colander. The frame is made of stainless steel, and the base is ceramic.  We offer custom solutions at factory price, welcome to contact us for a free quote!","short_description_source":{"label":"Short description","type":"textarea","formatted_value":"A ceramic Spoon rest set includes a spoon rest, a spoon and a colander. The frame is made of stainless steel, and the base is ceramic.  We offer custom solutions at factory price, welcome to contact us for a free quote!"},"parameters":"<table border=\"0\" width=\"577\" cellspacing=\"0\" cellpadding=\"0\">\r\n<tbody>\r\n<tr>\r\n<td width=\"192\" height=\"29\">Manufacturer<\/td>\r\n<td width=\"385\">DONGZHAOWEI<\/td>\r\n<\/tr>\r\n<tr>\r\n<td height=\"29\">Material<\/td>\r\n<td>Stainless Steel 201<\/td>\r\n<\/tr>\r\n<tr>\r\n<td height=\"29\">Color<\/td>\r\n<td>Golden\/Silver<\/td>\r\n<\/tr>\r\n<tr>\r\n<td height=\"29\">Custom<\/td>\r\n<td>Color\/Logo\/Package<\/td>\r\n<\/tr>\r\n<\/tbody>\r\n<\/table>","parameters_source":{"label":"Parameters","type":"wysiwyg","formatted_value":"<table border=\"0\" width=\"577\" cellspacing=\"0\" cellpadding=\"0\">\n<tbody>\n<tr>\n<td width=\"192\" height=\"29\">Manufacturer<\/td>\n<td width=\"385\">DONGZHAOWEI<\/td>\n<\/tr>\n<tr>\n<td height=\"29\">Material<\/td>\n<td>Stainless Steel 201<\/td>\n<\/tr>\n<tr>\n<td height=\"29\">Color<\/td>\n<td>Golden\/Silver<\/td>\n<\/tr>\n<tr>\n<td height=\"29\">Custom<\/td>\n<td>Color\/Logo\/Package<\/td>\n<\/tr>\n<\/tbody>\n<\/table>\n"},"photo_gallery":{"product_gallery":[[{"id":3110,"title":"ceramic spoon rest bulk","caption":"ceramic spoon rest bulk","full_image_url":"https:\/\/www.dzwchafingdish.com\/wp-content\/uploads\/2024\/03\/ceramic-spoon-rest-bulk.webp","thumbnail_image_url":"https:\/\/www.dzwchafingdish.com\/wp-content\/uploads\/2024\/03\/ceramic-spoon-rest-bulk-150x150.webp","large_srcset":"https:\/\/www.dzwchafingdish.com\/wp-content\/uploads\/2024\/03\/ceramic-spoon-rest-bulk.webp 800w, https:\/\/www.dzwchafingdish.com\/wp-content\/uploads\/2024\/03\/ceramic-spoon-rest-bulk-300x300.webp 300w, https:\/\/www.dzwchafingdish.com\/wp-content\/uploads\/2024\/03\/ceramic-spoon-rest-bulk-150x150.webp 150w, https:\/\/www.dzwchafingdish.com\/wp-content\/uploads\/2024\/03\/ceramic-spoon-rest-bulk-768x768.webp 768w","medium_srcset":"https:\/\/www.dzwchafingdish.com\/wp-content\/uploads\/2024\/03\/ceramic-spoon-rest-bulk-300x300.webp 300w, https:\/\/www.dzwchafingdish.com\/wp-content\/uploads\/2024\/03\/ceramic-spoon-rest-bulk-150x150.webp 150w, https:\/\/www.dzwchafingdish.com\/wp-content\/uploads\/2024\/03\/ceramic-spoon-rest-bulk-768x768.webp 768w, https:\/\/www.dzwchafingdish.com\/wp-content\/uploads\/2024\/03\/ceramic-spoon-rest-bulk.webp 800w","media_details":{"width":800,"height":800,"sizes":{"medium":{"file":"ceramic-spoon-rest-bulk-300x300.webp","width":300,"height":300,"mime-type":"image\/webp","filesize":12750,"source_url":"https:\/\/www.dzwchafingdish.com\/wp-content\/uploads\/2024\/03\/ceramic-spoon-rest-bulk-300x300.webp"},"thumbnail":{"file":"ceramic-spoon-rest-bulk-150x150.webp","width":150,"height":150,"mime-type":"image\/webp","filesize":4638,"source_url":"https:\/\/www.dzwchafingdish.com\/wp-content\/uploads\/2024\/03\/ceramic-spoon-rest-bulk-150x150.webp"},"medium_large":{"file":"ceramic-spoon-rest-bulk-768x768.webp","width":768,"height":768,"mime-type":"image\/webp","filesize":43570,"source_url":"https:\/\/www.dzwchafingdish.com\/wp-content\/uploads\/2024\/03\/ceramic-spoon-rest-bulk-768x768.webp"}}},"alt_text":"ceramic spoon rest bulk","url":"","target":""},{"id":3112,"title":"ceramic spoon rest wholesale","caption":"ceramic spoon rest wholesale","full_image_url":"https:\/\/www.dzwchafingdish.com\/wp-content\/uploads\/2024\/03\/ceramic-spoon-rest-wholesale.webp","thumbnail_image_url":"https:\/\/www.dzwchafingdish.com\/wp-content\/uploads\/2024\/03\/ceramic-spoon-rest-wholesale-150x150.webp","large_srcset":"https:\/\/www.dzwchafingdish.com\/wp-content\/uploads\/2024\/03\/ceramic-spoon-rest-wholesale.webp 800w, https:\/\/www.dzwchafingdish.com\/wp-content\/uploads\/2024\/03\/ceramic-spoon-rest-wholesale-300x300.webp 300w, https:\/\/www.dzwchafingdish.com\/wp-content\/uploads\/2024\/03\/ceramic-spoon-rest-wholesale-150x150.webp 150w, https:\/\/www.dzwchafingdish.com\/wp-content\/uploads\/2024\/03\/ceramic-spoon-rest-wholesale-768x768.webp 768w","medium_srcset":"https:\/\/www.dzwchafingdish.com\/wp-content\/uploads\/2024\/03\/ceramic-spoon-rest-wholesale-300x300.webp 300w, https:\/\/www.dzwchafingdish.com\/wp-content\/uploads\/2024\/03\/ceramic-spoon-rest-wholesale-150x150.webp 150w, https:\/\/www.dzwchafingdish.com\/wp-content\/uploads\/2024\/03\/ceramic-spoon-rest-wholesale-768x768.webp 768w, https:\/\/www.dzwchafingdish.com\/wp-content\/uploads\/2024\/03\/ceramic-spoon-rest-wholesale.webp 800w","media_details":{"width":800,"height":800,"sizes":{"medium":{"file":"ceramic-spoon-rest-wholesale-300x300.webp","width":300,"height":300,"mime-type":"image\/webp","filesize":11214,"source_url":"https:\/\/www.dzwchafingdish.com\/wp-content\/uploads\/2024\/03\/ceramic-spoon-rest-wholesale-300x300.webp"},"thumbnail":{"file":"ceramic-spoon-rest-wholesale-150x150.webp","width":150,"height":150,"mime-type":"image\/webp","filesize":4062,"source_url":"https:\/\/www.dzwchafingdish.com\/wp-content\/uploads\/2024\/03\/ceramic-spoon-rest-wholesale-150x150.webp"},"medium_large":{"file":"ceramic-spoon-rest-wholesale-768x768.webp","width":768,"height":768,"mime-type":"image\/webp","filesize":39452,"source_url":"https:\/\/www.dzwchafingdish.com\/wp-content\/uploads\/2024\/03\/ceramic-spoon-rest-wholesale-768x768.webp"}}},"alt_text":"ceramic spoon rest wholesale","url":"","target":""},{"id":3109,"title":"ceramic spoon rest","caption":"ceramic spoon rest","full_image_url":"https:\/\/www.dzwchafingdish.com\/wp-content\/uploads\/2024\/03\/ceramic-spoon-rest.webp","thumbnail_image_url":"https:\/\/www.dzwchafingdish.com\/wp-content\/uploads\/2024\/03\/ceramic-spoon-rest-150x150.webp","large_srcset":"https:\/\/www.dzwchafingdish.com\/wp-content\/uploads\/2024\/03\/ceramic-spoon-rest.webp 1280w, https:\/\/www.dzwchafingdish.com\/wp-content\/uploads\/2024\/03\/ceramic-spoon-rest-300x300.webp 300w, https:\/\/www.dzwchafingdish.com\/wp-content\/uploads\/2024\/03\/ceramic-spoon-rest-150x150.webp 150w, https:\/\/www.dzwchafingdish.com\/wp-content\/uploads\/2024\/03\/ceramic-spoon-rest-768x771.webp 768w","medium_srcset":"https:\/\/www.dzwchafingdish.com\/wp-content\/uploads\/2024\/03\/ceramic-spoon-rest-300x300.webp 300w, https:\/\/www.dzwchafingdish.com\/wp-content\/uploads\/2024\/03\/ceramic-spoon-rest-150x150.webp 150w, https:\/\/www.dzwchafingdish.com\/wp-content\/uploads\/2024\/03\/ceramic-spoon-rest-768x771.webp 768w, https:\/\/www.dzwchafingdish.com\/wp-content\/uploads\/2024\/03\/ceramic-spoon-rest.webp 1280w","media_details":{"width":1280,"height":1285,"sizes":{"medium":{"file":"ceramic-spoon-rest-300x300.webp","width":300,"height":300,"mime-type":"image\/webp","filesize":11080,"source_url":"https:\/\/www.dzwchafingdish.com\/wp-content\/uploads\/2024\/03\/ceramic-spoon-rest-300x300.webp"},"thumbnail":{"file":"ceramic-spoon-rest-150x150.webp","width":150,"height":150,"mime-type":"image\/webp","filesize":3478,"source_url":"https:\/\/www.dzwchafingdish.com\/wp-content\/uploads\/2024\/03\/ceramic-spoon-rest-150x150.webp"},"medium_large":{"file":"ceramic-spoon-rest-768x771.webp","width":768,"height":771,"mime-type":"image\/webp","filesize":47562,"source_url":"https:\/\/www.dzwchafingdish.com\/wp-content\/uploads\/2024\/03\/ceramic-spoon-rest-768x771.webp"}}},"alt_text":"ceramic spoon rest","url":"","target":""},{"id":3113,"title":"spoon holder detail","caption":"spoon holder detail","full_image_url":"https:\/\/www.dzwchafingdish.com\/wp-content\/uploads\/2024\/03\/spoon-holder-detail.webp","thumbnail_image_url":"https:\/\/www.dzwchafingdish.com\/wp-content\/uploads\/2024\/03\/spoon-holder-detail-150x150.webp","large_srcset":"https:\/\/www.dzwchafingdish.com\/wp-content\/uploads\/2024\/03\/spoon-holder-detail.webp 1382w, https:\/\/www.dzwchafingdish.com\/wp-content\/uploads\/2024\/03\/spoon-holder-detail-300x278.webp 300w, https:\/\/www.dzwchafingdish.com\/wp-content\/uploads\/2024\/03\/spoon-holder-detail-768x711.webp 768w","medium_srcset":"https:\/\/www.dzwchafingdish.com\/wp-content\/uploads\/2024\/03\/spoon-holder-detail-300x278.webp 300w, https:\/\/www.dzwchafingdish.com\/wp-content\/uploads\/2024\/03\/spoon-holder-detail-768x711.webp 768w, https:\/\/www.dzwchafingdish.com\/wp-content\/uploads\/2024\/03\/spoon-holder-detail.webp 1382w","media_details":{"width":1382,"height":1280,"sizes":{"medium":{"file":"spoon-holder-detail-300x278.webp","width":300,"height":278,"mime-type":"image\/webp","filesize":20904,"source_url":"https:\/\/www.dzwchafingdish.com\/wp-content\/uploads\/2024\/03\/spoon-holder-detail-300x278.webp"},"thumbnail":{"file":"spoon-holder-detail-150x150.webp","width":150,"height":150,"mime-type":"image\/webp","filesize":6812,"source_url":"https:\/\/www.dzwchafingdish.com\/wp-content\/uploads\/2024\/03\/spoon-holder-detail-150x150.webp"},"medium_large":{"file":"spoon-holder-detail-768x711.webp","width":768,"height":711,"mime-type":"image\/webp","filesize":81056,"source_url":"https:\/\/www.dzwchafingdish.com\/wp-content\/uploads\/2024\/03\/spoon-holder-detail-768x711.webp"}}},"alt_text":"spoon holder detail","url":"","target":""},{"id":3126,"title":"spoon-rest-size","caption":"","full_image_url":"https:\/\/www.dzwchafingdish.com\/wp-content\/uploads\/2024\/03\/spoon-rest-size.webp","thumbnail_image_url":"https:\/\/www.dzwchafingdish.com\/wp-content\/uploads\/2024\/03\/spoon-rest-size-150x150.webp","large_srcset":"https:\/\/www.dzwchafingdish.com\/wp-content\/uploads\/2024\/03\/spoon-rest-size.webp 800w, https:\/\/www.dzwchafingdish.com\/wp-content\/uploads\/2024\/03\/spoon-rest-size-300x300.webp 300w, https:\/\/www.dzwchafingdish.com\/wp-content\/uploads\/2024\/03\/spoon-rest-size-150x150.webp 150w, https:\/\/www.dzwchafingdish.com\/wp-content\/uploads\/2024\/03\/spoon-rest-size-768x768.webp 768w","medium_srcset":"https:\/\/www.dzwchafingdish.com\/wp-content\/uploads\/2024\/03\/spoon-rest-size-300x300.webp 300w, https:\/\/www.dzwchafingdish.com\/wp-content\/uploads\/2024\/03\/spoon-rest-size-150x150.webp 150w, https:\/\/www.dzwchafingdish.com\/wp-content\/uploads\/2024\/03\/spoon-rest-size-768x768.webp 768w, https:\/\/www.dzwchafingdish.com\/wp-content\/uploads\/2024\/03\/spoon-rest-size.webp 800w","media_details":{"width":800,"height":800,"sizes":{"medium":{"file":"spoon-rest-size-300x300.webp","width":300,"height":300,"mime-type":"image\/webp","filesize":4184,"source_url":"https:\/\/www.dzwchafingdish.com\/wp-content\/uploads\/2024\/03\/spoon-rest-size-300x300.webp"},"thumbnail":{"file":"spoon-rest-size-150x150.webp","width":150,"height":150,"mime-type":"image\/webp","filesize":1614,"source_url":"https:\/\/www.dzwchafingdish.com\/wp-content\/uploads\/2024\/03\/spoon-rest-size-150x150.webp"},"medium_large":{"file":"spoon-rest-size-768x768.webp","width":768,"height":768,"mime-type":"image\/webp","filesize":13584,"source_url":"https:\/\/www.dzwchafingdish.com\/wp-content\/uploads\/2024\/03\/spoon-rest-size-768x768.webp"}}},"alt_text":"","url":"","target":""},{"id":3127,"title":"spoon-rest-size-2","caption":"spoon rest size","full_image_url":"https:\/\/www.dzwchafingdish.com\/wp-content\/uploads\/2024\/03\/spoon-rest-size-2.webp","thumbnail_image_url":"https:\/\/www.dzwchafingdish.com\/wp-content\/uploads\/2024\/03\/spoon-rest-size-2-150x150.webp","large_srcset":"https:\/\/www.dzwchafingdish.com\/wp-content\/uploads\/2024\/03\/spoon-rest-size-2.webp 691w, https:\/\/www.dzwchafingdish.com\/wp-content\/uploads\/2024\/03\/spoon-rest-size-2-300x300.webp 300w, https:\/\/www.dzwchafingdish.com\/wp-content\/uploads\/2024\/03\/spoon-rest-size-2-150x150.webp 150w","medium_srcset":"https:\/\/www.dzwchafingdish.com\/wp-content\/uploads\/2024\/03\/spoon-rest-size-2-300x300.webp 300w, https:\/\/www.dzwchafingdish.com\/wp-content\/uploads\/2024\/03\/spoon-rest-size-2-150x150.webp 150w, https:\/\/www.dzwchafingdish.com\/wp-content\/uploads\/2024\/03\/spoon-rest-size-2.webp 691w","media_details":{"width":691,"height":691,"sizes":{"medium":{"file":"spoon-rest-size-2-300x300.webp","width":300,"height":300,"mime-type":"image\/webp","filesize":4820,"source_url":"https:\/\/www.dzwchafingdish.com\/wp-content\/uploads\/2024\/03\/spoon-rest-size-2-300x300.webp"},"thumbnail":{"file":"spoon-rest-size-2-150x150.webp","width":150,"height":150,"mime-type":"image\/webp","filesize":1874,"source_url":"https:\/\/www.dzwchafingdish.com\/wp-content\/uploads\/2024\/03\/spoon-rest-size-2-150x150.webp"}}},"alt_text":"spoon rest size","url":"","target":""}]]}},"_links":{"self":[{"href":"https:\/\/www.dzwchafingdish.com\/es\/wp-json\/wp\/v2\/product\/3108","targetHints":{"allow":["GET"]}}],"collection":[{"href":"https:\/\/www.dzwchafingdish.com\/es\/wp-json\/wp\/v2\/product"}],"about":[{"href":"https:\/\/www.dzwchafingdish.com\/es\/wp-json\/wp\/v2\/types\/product"}],"author":[{"embeddable":true,"href":"https:\/\/www.dzwchafingdish.com\/es\/wp-json\/wp\/v2\/users\/1"}],"version-history":[{"count":0,"href":"https:\/\/www.dzwchafingdish.com\/es\/wp-json\/wp\/v2\/product\/3108\/revisions"}],"wp:featuredmedia":[{"embeddable":true,"href":"https:\/\/www.dzwchafingdish.com\/es\/wp-json\/wp\/v2\/media\/3110"}],"wp:attachment":[{"href":"https:\/\/www.dzwchafingdish.com\/es\/wp-json\/wp\/v2\/media?parent=3108"}],"wp:term":[{"taxonomy":"product-categories","embeddable":true,"href":"https:\/\/www.dzwchafingdish.com\/es\/wp-json\/wp\/v2\/product-categories?post=3108"},{"taxonomy":"product-tag","embeddable":true,"href":"https:\/\/www.dzwchafingdish.com\/es\/wp-json\/wp\/v2\/product-tag?post=3108"}],"curies":[{"name":"wp","href":"https:\/\/api.w.org\/{rel}","templated":true}]}}