{"id":3417,"date":"2024-03-23T03:44:55","date_gmt":"2024-03-23T03:44:55","guid":{"rendered":"https:\/\/www.dzwchafingdish.com\/?post_type=product&#038;p=3417"},"modified":"2024-06-15T04:12:45","modified_gmt":"2024-06-15T04:12:45","slug":"electric-chafing-dish-2","status":"publish","type":"product","link":"https:\/\/www.dzwchafingdish.com\/es\/product\/electric-chafing-dish-2\/","title":{"rendered":"Chafing Dish el\u00e9ctrico personalizado con tapa de bisagra a precio de mayorista"},"content":{"rendered":"<div class=\"wp-block-columns is-layout-flex wp-container-core-columns-is-layout-28f84493 wp-block-columns-is-layout-flex\">\n<div class=\"wp-block-column is-layout-flow wp-block-column-is-layout-flow\">\n<h2 class=\"wp-block-heading\"><strong>Dimensiones de la sart\u00e9n el\u00e9ctrica<\/strong><\/h2>\n\n\n\n<figure class=\"wp-block-table\"><table><tbody><tr><td>PUNTO NO.<\/td><td>TALLA<\/td><td>LONGITUD<\/td><td>AMPLIO<\/td><td>ALTO<\/td><\/tr><tr><td>DZW-LR01-Pies cortos<\/td><td>9L<\/td><td>60 cm<\/td><td>47 cm<\/td><td>26 cm<\/td><\/tr><tr><td>DZW-LR01-Pies altos<\/td><td>9L<\/td><td>58 cm<\/td><td>47 cm<\/td><td>26 cm<\/td><\/tr><\/tbody><\/table><\/figure>\n<\/div>\n\n\n\n<div class=\"wp-block-column is-layout-flow wp-block-column-is-layout-flow\">\n<figure class=\"wp-block-image aligncenter size-full is-resized\"><img fetchpriority=\"high\" decoding=\"async\" width=\"800\" height=\"800\" src=\"https:\/\/www.dzwchafingdish.com\/wp-content\/uploads\/2024\/03\/electric-chafing-dish-supplier-4.webp\" alt=\"proveedor de sartenes el\u00e9ctricas\" class=\"wp-image-3419\" style=\"width:400px;height:auto\" srcset=\"https:\/\/www.dzwchafingdish.com\/wp-content\/uploads\/2024\/03\/electric-chafing-dish-supplier-4.webp 800w, https:\/\/www.dzwchafingdish.com\/wp-content\/uploads\/2024\/03\/electric-chafing-dish-supplier-4-300x300.webp 300w, https:\/\/www.dzwchafingdish.com\/wp-content\/uploads\/2024\/03\/electric-chafing-dish-supplier-4-150x150.webp 150w, https:\/\/www.dzwchafingdish.com\/wp-content\/uploads\/2024\/03\/electric-chafing-dish-supplier-4-768x768.webp 768w\" sizes=\"(max-width: 800px) 100vw, 800px\" \/><\/figure>\n<\/div>\n<\/div>\n\n\n\n<div class=\"wp-block-columns is-layout-flex wp-container-core-columns-is-layout-28f84493 wp-block-columns-is-layout-flex\">\n<div class=\"wp-block-column is-layout-flow wp-block-column-is-layout-flow\">\n<figure class=\"wp-block-image aligncenter size-full is-resized\"><img decoding=\"async\" width=\"3024\" height=\"3024\" src=\"https:\/\/www.dzwchafingdish.com\/wp-content\/uploads\/2024\/03\/wholesale-electric-chafing-dish-3.webp\" alt=\"venta al por mayor chafing dish el\u00e9ctrico\" class=\"wp-image-3424\" style=\"width:531px;height:auto\" srcset=\"https:\/\/www.dzwchafingdish.com\/wp-content\/uploads\/2024\/03\/wholesale-electric-chafing-dish-3.webp 3024w, https:\/\/www.dzwchafingdish.com\/wp-content\/uploads\/2024\/03\/wholesale-electric-chafing-dish-3-300x300.webp 300w, https:\/\/www.dzwchafingdish.com\/wp-content\/uploads\/2024\/03\/wholesale-electric-chafing-dish-3-150x150.webp 150w, https:\/\/www.dzwchafingdish.com\/wp-content\/uploads\/2024\/03\/wholesale-electric-chafing-dish-3-768x768.webp 768w\" sizes=\"(max-width: 3024px) 100vw, 3024px\" \/><\/figure>\n<\/div>\n\n\n\n<div class=\"wp-block-column is-vertically-aligned-center is-layout-flow wp-block-column-is-layout-flow\">\n<h2 class=\"wp-block-heading\"><strong>Caracter\u00edsticas de la sart\u00e9n el\u00e9ctrica<\/strong><\/h2>\n\n\n\n<ul class=\"wp-block-list\">\n<li>Acero inoxidable pulido: Garantiza durabilidad, f\u00e1cil limpieza y un aspecto elegante, mejorando la presentaci\u00f3n general.<\/li>\n\n\n\n<li>Calentamiento controlable: La placa calefactora el\u00e9ctrica permite un control preciso de la temperatura, garantizando que los alimentos se mantengan calientes sin cocinarse en exceso ni secarse.<\/li>\n\n\n\n<li>Gran ventana de cristal: Los alimentos se pueden ver f\u00e1cilmente sin abrir la tapa, ahorrando calor y reduciendo la p\u00e9rdida de calor.<\/li>\n\n\n\n<li>Tapa con bisagra hidr\u00e1ulica: F\u00e1cil de abrir y cerrar, f\u00e1cil de mejorar la experiencia del usuario.<\/li>\n\n\n\n<li>Accesorios originales: Incluye una olla de agua y una olla de comida, que se pueden seleccionar en compartimentos simples o dobles.<\/li>\n<\/ul>\n<\/div>\n<\/div>","protected":false},"excerpt":{"rendered":"<p>Chafing Dish El\u00e9ctrico Dimensi\u00f3n ITEM NO. TALLA LARGO ANCHO ALTO DZW-LR01-Pies cortos 9L 60 cm 47 cm 26 cm DZW-LR01-Pies altos 9L 58 cm 47 cm 26 cm Chafing Dish el\u00e9ctrico Caracter\u00edsticas<\/p>","protected":false},"author":1,"featured_media":3419,"parent":0,"menu_order":0,"template":"","format":"standard","meta":{"_acf_changed":false,"site-sidebar-layout":"default","site-content-layout":"","ast-site-content-layout":"default","site-content-style":"default","site-sidebar-style":"default","ast-global-header-display":"","ast-banner-title-visibility":"","ast-main-header-display":"","ast-hfb-above-header-display":"","ast-hfb-below-header-display":"","ast-hfb-mobile-header-display":"","site-post-title":"","ast-breadcrumbs-content":"","ast-featured-img":"","footer-sml-layout":"","theme-transparent-header-meta":"","adv-header-id-meta":"","stick-header-meta":"","header-above-stick-meta":"","header-main-stick-meta":"","header-below-stick-meta":"","astra-migrate-meta-layouts":"default","ast-page-background-enabled":"default","ast-page-background-meta":{"desktop":{"background-color":"var(--ast-global-color-4)","background-image":"","background-repeat":"repeat","background-position":"center center","background-size":"auto","background-attachment":"scroll","background-type":"","background-media":"","overlay-type":"","overlay-color":"","overlay-opacity":"","overlay-gradient":""},"tablet":{"background-color":"","background-image":"","background-repeat":"repeat","background-position":"center center","background-size":"auto","background-attachment":"scroll","background-type":"","background-media":"","overlay-type":"","overlay-color":"","overlay-opacity":"","overlay-gradient":""},"mobile":{"background-color":"","background-image":"","background-repeat":"repeat","background-position":"center center","background-size":"auto","background-attachment":"scroll","background-type":"","background-media":"","overlay-type":"","overlay-color":"","overlay-opacity":"","overlay-gradient":""}},"ast-content-background-meta":{"desktop":{"background-color":"var(--ast-global-color-5)","background-image":"","background-repeat":"repeat","background-position":"center center","background-size":"auto","background-attachment":"scroll","background-type":"","background-media":"","overlay-type":"","overlay-color":"","overlay-opacity":"","overlay-gradient":""},"tablet":{"background-color":"var(--ast-global-color-5)","background-image":"","background-repeat":"repeat","background-position":"center center","background-size":"auto","background-attachment":"scroll","background-type":"","background-media":"","overlay-type":"","overlay-color":"","overlay-opacity":"","overlay-gradient":""},"mobile":{"background-color":"var(--ast-global-color-5)","background-image":"","background-repeat":"repeat","background-position":"center center","background-size":"auto","background-attachment":"scroll","background-type":"","background-media":"","overlay-type":"","overlay-color":"","overlay-opacity":"","overlay-gradient":""}},"footnotes":""},"product-categories":[63],"product-tag":[95,96,89,93],"class_list":["post-3417","product","type-product","status-publish","format-standard","has-post-thumbnail","hentry","product-categories-chafing-dish","product-tag-chafing-dish-with-glass-lid","product-tag-chafing-dish-with-hinged-lid","product-tag-electric-chafing-dish","product-tag-rectangular-chafing-dish"],"acf":{"title":"Chafing Dish el\u00e9ctrico personalizado con tapa de bisagra a precio de mayorista","title_source":{"label":"Title","type":"text","formatted_value":"Custom Electric Chafing Dish with Hinge Lid at Wholesale Price"},"short_description":"This stainless steel electric cooker 8qt with a glass hinged lid is modern and convenient. It is suitable for restaurants, hotels, weddings and other scenes. As a leading hot pot supplier, we offer customizable OEM\/ODM options and high quality buffet sets.","short_description_source":{"label":"Short description","type":"textarea","formatted_value":"This stainless steel electric cooker 8qt with a glass hinged lid is modern and convenient. It is suitable for restaurants, hotels, weddings and other scenes. As a leading hot pot supplier, we offer customizable OEM\/ODM options and high quality buffet sets."},"parameters":"<table border=\"0\" width=\"423\" cellspacing=\"0\" cellpadding=\"0\">\r\n<tbody>\r\n<tr>\r\n<td width=\"166\" height=\"23\">Manufacturer9<\/td>\r\n<td width=\"257\">DONGZHAOWEI<\/td>\r\n<\/tr>\r\n<tr>\r\n<td height=\"23\">Material<\/td>\r\n<td>Stainless Steel 201 and\u00a0Glass<\/td>\r\n<\/tr>\r\n<tr>\r\n<td height=\"23\">Capacity99<\/td>\r\n<td>9.0L<\/td>\r\n<\/tr>\r\n<tr>\r\n<td height=\"23\">Color<\/td>\r\n<td>Silver<\/td>\r\n<\/tr>\r\n<tr>\r\n<td height=\"24\">Design<\/td>\r\n<td>Restaurant shape<\/td>\r\n<\/tr>\r\n<tr>\r\n<td height=\"24\">Lid type<\/td>\r\n<td>Hanging lid<\/td>\r\n<\/tr>\r\n<tr>\r\n<td height=\"24\">Heat<\/td>\r\n<td>Electric<\/td>\r\n<\/tr>\r\n<tr>\r\n<td height=\"24\">Custom<\/td>\r\n<td>Shape\/Color\/Logo\/Package<\/td>\r\n<\/tr>\r\n<\/tbody>\r\n<\/table>","parameters_source":{"label":"Parameters","type":"wysiwyg","formatted_value":"<table border=\"0\" width=\"423\" cellspacing=\"0\" cellpadding=\"0\">\n<tbody>\n<tr>\n<td width=\"166\" height=\"23\">Manufacturer9<\/td>\n<td width=\"257\">DONGZHAOWEI<\/td>\n<\/tr>\n<tr>\n<td height=\"23\">Material<\/td>\n<td>Stainless Steel 201 and\u00a0Glass<\/td>\n<\/tr>\n<tr>\n<td height=\"23\">Capacity99<\/td>\n<td>9.0L<\/td>\n<\/tr>\n<tr>\n<td height=\"23\">Color<\/td>\n<td>Silver<\/td>\n<\/tr>\n<tr>\n<td height=\"24\">Design<\/td>\n<td>Restaurant shape<\/td>\n<\/tr>\n<tr>\n<td height=\"24\">Lid type<\/td>\n<td>Hanging lid<\/td>\n<\/tr>\n<tr>\n<td height=\"24\">Heat<\/td>\n<td>Electric<\/td>\n<\/tr>\n<tr>\n<td height=\"24\">Custom<\/td>\n<td>Shape\/Color\/Logo\/Package<\/td>\n<\/tr>\n<\/tbody>\n<\/table>\n"},"photo_gallery":{"product_gallery":[[{"id":3419,"title":"electric chafing dish supplier (4)","caption":"electric chafing dish supplier","full_image_url":"https:\/\/www.dzwchafingdish.com\/wp-content\/uploads\/2024\/03\/electric-chafing-dish-supplier-4.webp","thumbnail_image_url":"https:\/\/www.dzwchafingdish.com\/wp-content\/uploads\/2024\/03\/electric-chafing-dish-supplier-4-150x150.webp","large_srcset":"https:\/\/www.dzwchafingdish.com\/wp-content\/uploads\/2024\/03\/electric-chafing-dish-supplier-4.webp 800w, https:\/\/www.dzwchafingdish.com\/wp-content\/uploads\/2024\/03\/electric-chafing-dish-supplier-4-300x300.webp 300w, https:\/\/www.dzwchafingdish.com\/wp-content\/uploads\/2024\/03\/electric-chafing-dish-supplier-4-150x150.webp 150w, https:\/\/www.dzwchafingdish.com\/wp-content\/uploads\/2024\/03\/electric-chafing-dish-supplier-4-768x768.webp 768w","medium_srcset":"https:\/\/www.dzwchafingdish.com\/wp-content\/uploads\/2024\/03\/electric-chafing-dish-supplier-4-300x300.webp 300w, https:\/\/www.dzwchafingdish.com\/wp-content\/uploads\/2024\/03\/electric-chafing-dish-supplier-4-150x150.webp 150w, https:\/\/www.dzwchafingdish.com\/wp-content\/uploads\/2024\/03\/electric-chafing-dish-supplier-4-768x768.webp 768w, https:\/\/www.dzwchafingdish.com\/wp-content\/uploads\/2024\/03\/electric-chafing-dish-supplier-4.webp 800w","media_details":{"width":800,"height":800,"sizes":{"medium":{"file":"electric-chafing-dish-supplier-4-300x300.webp","width":300,"height":300,"mime-type":"image\/webp","filesize":11348,"source_url":"https:\/\/www.dzwchafingdish.com\/wp-content\/uploads\/2024\/03\/electric-chafing-dish-supplier-4-300x300.webp"},"thumbnail":{"file":"electric-chafing-dish-supplier-4-150x150.webp","width":150,"height":150,"mime-type":"image\/webp","filesize":4232,"source_url":"https:\/\/www.dzwchafingdish.com\/wp-content\/uploads\/2024\/03\/electric-chafing-dish-supplier-4-150x150.webp"},"medium_large":{"file":"electric-chafing-dish-supplier-4-768x768.webp","width":768,"height":768,"mime-type":"image\/webp","filesize":34274,"source_url":"https:\/\/www.dzwchafingdish.com\/wp-content\/uploads\/2024\/03\/electric-chafing-dish-supplier-4-768x768.webp"}}},"alt_text":"electric chafing dish supplier","url":"","target":""},{"id":3418,"title":"electric chafing dish supplier (3)","caption":"electric chafing dish supplier","full_image_url":"https:\/\/www.dzwchafingdish.com\/wp-content\/uploads\/2024\/03\/electric-chafing-dish-supplier-3.webp","thumbnail_image_url":"https:\/\/www.dzwchafingdish.com\/wp-content\/uploads\/2024\/03\/electric-chafing-dish-supplier-3-150x150.webp","large_srcset":"https:\/\/www.dzwchafingdish.com\/wp-content\/uploads\/2024\/03\/electric-chafing-dish-supplier-3.webp 800w, https:\/\/www.dzwchafingdish.com\/wp-content\/uploads\/2024\/03\/electric-chafing-dish-supplier-3-300x300.webp 300w, https:\/\/www.dzwchafingdish.com\/wp-content\/uploads\/2024\/03\/electric-chafing-dish-supplier-3-150x150.webp 150w, https:\/\/www.dzwchafingdish.com\/wp-content\/uploads\/2024\/03\/electric-chafing-dish-supplier-3-768x768.webp 768w","medium_srcset":"https:\/\/www.dzwchafingdish.com\/wp-content\/uploads\/2024\/03\/electric-chafing-dish-supplier-3-300x300.webp 300w, https:\/\/www.dzwchafingdish.com\/wp-content\/uploads\/2024\/03\/electric-chafing-dish-supplier-3-150x150.webp 150w, https:\/\/www.dzwchafingdish.com\/wp-content\/uploads\/2024\/03\/electric-chafing-dish-supplier-3-768x768.webp 768w, https:\/\/www.dzwchafingdish.com\/wp-content\/uploads\/2024\/03\/electric-chafing-dish-supplier-3.webp 800w","media_details":{"width":800,"height":800,"sizes":{"medium":{"file":"electric-chafing-dish-supplier-3-300x300.webp","width":300,"height":300,"mime-type":"image\/webp","filesize":7796,"source_url":"https:\/\/www.dzwchafingdish.com\/wp-content\/uploads\/2024\/03\/electric-chafing-dish-supplier-3-300x300.webp"},"thumbnail":{"file":"electric-chafing-dish-supplier-3-150x150.webp","width":150,"height":150,"mime-type":"image\/webp","filesize":2914,"source_url":"https:\/\/www.dzwchafingdish.com\/wp-content\/uploads\/2024\/03\/electric-chafing-dish-supplier-3-150x150.webp"},"medium_large":{"file":"electric-chafing-dish-supplier-3-768x768.webp","width":768,"height":768,"mime-type":"image\/webp","filesize":25700,"source_url":"https:\/\/www.dzwchafingdish.com\/wp-content\/uploads\/2024\/03\/electric-chafing-dish-supplier-3-768x768.webp"}}},"alt_text":"electric chafing dish supplier","url":"","target":""},{"id":3420,"title":"electric chafing dish supplier (5)","caption":"electric chafing dish supplier","full_image_url":"https:\/\/www.dzwchafingdish.com\/wp-content\/uploads\/2024\/03\/electric-chafing-dish-supplier-5.webp","thumbnail_image_url":"https:\/\/www.dzwchafingdish.com\/wp-content\/uploads\/2024\/03\/electric-chafing-dish-supplier-5-150x150.webp","large_srcset":"https:\/\/www.dzwchafingdish.com\/wp-content\/uploads\/2024\/03\/electric-chafing-dish-supplier-5.webp 800w, https:\/\/www.dzwchafingdish.com\/wp-content\/uploads\/2024\/03\/electric-chafing-dish-supplier-5-300x300.webp 300w, https:\/\/www.dzwchafingdish.com\/wp-content\/uploads\/2024\/03\/electric-chafing-dish-supplier-5-150x150.webp 150w, https:\/\/www.dzwchafingdish.com\/wp-content\/uploads\/2024\/03\/electric-chafing-dish-supplier-5-768x768.webp 768w","medium_srcset":"https:\/\/www.dzwchafingdish.com\/wp-content\/uploads\/2024\/03\/electric-chafing-dish-supplier-5-300x300.webp 300w, https:\/\/www.dzwchafingdish.com\/wp-content\/uploads\/2024\/03\/electric-chafing-dish-supplier-5-150x150.webp 150w, https:\/\/www.dzwchafingdish.com\/wp-content\/uploads\/2024\/03\/electric-chafing-dish-supplier-5-768x768.webp 768w, https:\/\/www.dzwchafingdish.com\/wp-content\/uploads\/2024\/03\/electric-chafing-dish-supplier-5.webp 800w","media_details":{"width":800,"height":800,"sizes":{"medium":{"file":"electric-chafing-dish-supplier-5-300x300.webp","width":300,"height":300,"mime-type":"image\/webp","filesize":7248,"source_url":"https:\/\/www.dzwchafingdish.com\/wp-content\/uploads\/2024\/03\/electric-chafing-dish-supplier-5-300x300.webp"},"thumbnail":{"file":"electric-chafing-dish-supplier-5-150x150.webp","width":150,"height":150,"mime-type":"image\/webp","filesize":2734,"source_url":"https:\/\/www.dzwchafingdish.com\/wp-content\/uploads\/2024\/03\/electric-chafing-dish-supplier-5-150x150.webp"},"medium_large":{"file":"electric-chafing-dish-supplier-5-768x768.webp","width":768,"height":768,"mime-type":"image\/webp","filesize":23516,"source_url":"https:\/\/www.dzwchafingdish.com\/wp-content\/uploads\/2024\/03\/electric-chafing-dish-supplier-5-768x768.webp"}}},"alt_text":"electric chafing dish supplier","url":"","target":""},{"id":3421,"title":"electric chafing dish supplier (6)","caption":"electric chafing dish supplier","full_image_url":"https:\/\/www.dzwchafingdish.com\/wp-content\/uploads\/2024\/03\/electric-chafing-dish-supplier-6.webp","thumbnail_image_url":"https:\/\/www.dzwchafingdish.com\/wp-content\/uploads\/2024\/03\/electric-chafing-dish-supplier-6-150x150.webp","large_srcset":"https:\/\/www.dzwchafingdish.com\/wp-content\/uploads\/2024\/03\/electric-chafing-dish-supplier-6.webp 800w, https:\/\/www.dzwchafingdish.com\/wp-content\/uploads\/2024\/03\/electric-chafing-dish-supplier-6-300x300.webp 300w, https:\/\/www.dzwchafingdish.com\/wp-content\/uploads\/2024\/03\/electric-chafing-dish-supplier-6-150x150.webp 150w, https:\/\/www.dzwchafingdish.com\/wp-content\/uploads\/2024\/03\/electric-chafing-dish-supplier-6-768x768.webp 768w","medium_srcset":"https:\/\/www.dzwchafingdish.com\/wp-content\/uploads\/2024\/03\/electric-chafing-dish-supplier-6-300x300.webp 300w, https:\/\/www.dzwchafingdish.com\/wp-content\/uploads\/2024\/03\/electric-chafing-dish-supplier-6-150x150.webp 150w, https:\/\/www.dzwchafingdish.com\/wp-content\/uploads\/2024\/03\/electric-chafing-dish-supplier-6-768x768.webp 768w, https:\/\/www.dzwchafingdish.com\/wp-content\/uploads\/2024\/03\/electric-chafing-dish-supplier-6.webp 800w","media_details":{"width":800,"height":800,"sizes":{"medium":{"file":"electric-chafing-dish-supplier-6-300x300.webp","width":300,"height":300,"mime-type":"image\/webp","filesize":7792,"source_url":"https:\/\/www.dzwchafingdish.com\/wp-content\/uploads\/2024\/03\/electric-chafing-dish-supplier-6-300x300.webp"},"thumbnail":{"file":"electric-chafing-dish-supplier-6-150x150.webp","width":150,"height":150,"mime-type":"image\/webp","filesize":2828,"source_url":"https:\/\/www.dzwchafingdish.com\/wp-content\/uploads\/2024\/03\/electric-chafing-dish-supplier-6-150x150.webp"},"medium_large":{"file":"electric-chafing-dish-supplier-6-768x768.webp","width":768,"height":768,"mime-type":"image\/webp","filesize":26372,"source_url":"https:\/\/www.dzwchafingdish.com\/wp-content\/uploads\/2024\/03\/electric-chafing-dish-supplier-6-768x768.webp"}}},"alt_text":"electric chafing dish supplier","url":"","target":""},{"id":3424,"title":"wholesale electric chafing dish (3)","caption":"wholesale electric chafing dish","full_image_url":"https:\/\/www.dzwchafingdish.com\/wp-content\/uploads\/2024\/03\/wholesale-electric-chafing-dish-3.webp","thumbnail_image_url":"https:\/\/www.dzwchafingdish.com\/wp-content\/uploads\/2024\/03\/wholesale-electric-chafing-dish-3-150x150.webp","large_srcset":"https:\/\/www.dzwchafingdish.com\/wp-content\/uploads\/2024\/03\/wholesale-electric-chafing-dish-3.webp 3024w, https:\/\/www.dzwchafingdish.com\/wp-content\/uploads\/2024\/03\/wholesale-electric-chafing-dish-3-300x300.webp 300w, https:\/\/www.dzwchafingdish.com\/wp-content\/uploads\/2024\/03\/wholesale-electric-chafing-dish-3-150x150.webp 150w, https:\/\/www.dzwchafingdish.com\/wp-content\/uploads\/2024\/03\/wholesale-electric-chafing-dish-3-768x768.webp 768w","medium_srcset":"https:\/\/www.dzwchafingdish.com\/wp-content\/uploads\/2024\/03\/wholesale-electric-chafing-dish-3-300x300.webp 300w, https:\/\/www.dzwchafingdish.com\/wp-content\/uploads\/2024\/03\/wholesale-electric-chafing-dish-3-150x150.webp 150w, https:\/\/www.dzwchafingdish.com\/wp-content\/uploads\/2024\/03\/wholesale-electric-chafing-dish-3-768x768.webp 768w","media_details":{"width":3024,"height":3024,"sizes":{"medium":{"file":"wholesale-electric-chafing-dish-3-300x300.webp","width":300,"height":300,"mime-type":"image\/webp","filesize":24552,"source_url":"https:\/\/www.dzwchafingdish.com\/wp-content\/uploads\/2024\/03\/wholesale-electric-chafing-dish-3-300x300.webp"},"thumbnail":{"file":"wholesale-electric-chafing-dish-3-150x150.webp","width":150,"height":150,"mime-type":"image\/webp","filesize":7432,"source_url":"https:\/\/www.dzwchafingdish.com\/wp-content\/uploads\/2024\/03\/wholesale-electric-chafing-dish-3-150x150.webp"},"medium_large":{"file":"wholesale-electric-chafing-dish-3-768x768.webp","width":768,"height":768,"mime-type":"image\/webp","filesize":116028,"source_url":"https:\/\/www.dzwchafingdish.com\/wp-content\/uploads\/2024\/03\/wholesale-electric-chafing-dish-3-768x768.webp"}}},"alt_text":"wholesale electric chafing dish","url":"","target":""},{"id":3422,"title":"wholesale electric chafing dish (1)","caption":"wholesale electric chafing dish","full_image_url":"https:\/\/www.dzwchafingdish.com\/wp-content\/uploads\/2024\/03\/wholesale-electric-chafing-dish-1.webp","thumbnail_image_url":"https:\/\/www.dzwchafingdish.com\/wp-content\/uploads\/2024\/03\/wholesale-electric-chafing-dish-1-150x150.webp","large_srcset":"https:\/\/www.dzwchafingdish.com\/wp-content\/uploads\/2024\/03\/wholesale-electric-chafing-dish-1.webp 3024w, https:\/\/www.dzwchafingdish.com\/wp-content\/uploads\/2024\/03\/wholesale-electric-chafing-dish-1-300x300.webp 300w, https:\/\/www.dzwchafingdish.com\/wp-content\/uploads\/2024\/03\/wholesale-electric-chafing-dish-1-150x150.webp 150w, https:\/\/www.dzwchafingdish.com\/wp-content\/uploads\/2024\/03\/wholesale-electric-chafing-dish-1-768x768.webp 768w","medium_srcset":"https:\/\/www.dzwchafingdish.com\/wp-content\/uploads\/2024\/03\/wholesale-electric-chafing-dish-1-300x300.webp 300w, https:\/\/www.dzwchafingdish.com\/wp-content\/uploads\/2024\/03\/wholesale-electric-chafing-dish-1-150x150.webp 150w, https:\/\/www.dzwchafingdish.com\/wp-content\/uploads\/2024\/03\/wholesale-electric-chafing-dish-1-768x768.webp 768w","media_details":{"width":3024,"height":3024,"sizes":{"medium":{"file":"wholesale-electric-chafing-dish-1-300x300.webp","width":300,"height":300,"mime-type":"image\/webp","filesize":20098,"source_url":"https:\/\/www.dzwchafingdish.com\/wp-content\/uploads\/2024\/03\/wholesale-electric-chafing-dish-1-300x300.webp"},"thumbnail":{"file":"wholesale-electric-chafing-dish-1-150x150.webp","width":150,"height":150,"mime-type":"image\/webp","filesize":6454,"source_url":"https:\/\/www.dzwchafingdish.com\/wp-content\/uploads\/2024\/03\/wholesale-electric-chafing-dish-1-150x150.webp"},"medium_large":{"file":"wholesale-electric-chafing-dish-1-768x768.webp","width":768,"height":768,"mime-type":"image\/webp","filesize":95006,"source_url":"https:\/\/www.dzwchafingdish.com\/wp-content\/uploads\/2024\/03\/wholesale-electric-chafing-dish-1-768x768.webp"}}},"alt_text":"wholesale electric chafing dish","url":"","target":""}]]}},"_links":{"self":[{"href":"https:\/\/www.dzwchafingdish.com\/es\/wp-json\/wp\/v2\/product\/3417","targetHints":{"allow":["GET"]}}],"collection":[{"href":"https:\/\/www.dzwchafingdish.com\/es\/wp-json\/wp\/v2\/product"}],"about":[{"href":"https:\/\/www.dzwchafingdish.com\/es\/wp-json\/wp\/v2\/types\/product"}],"author":[{"embeddable":true,"href":"https:\/\/www.dzwchafingdish.com\/es\/wp-json\/wp\/v2\/users\/1"}],"version-history":[{"count":0,"href":"https:\/\/www.dzwchafingdish.com\/es\/wp-json\/wp\/v2\/product\/3417\/revisions"}],"wp:featuredmedia":[{"embeddable":true,"href":"https:\/\/www.dzwchafingdish.com\/es\/wp-json\/wp\/v2\/media\/3419"}],"wp:attachment":[{"href":"https:\/\/www.dzwchafingdish.com\/es\/wp-json\/wp\/v2\/media?parent=3417"}],"wp:term":[{"taxonomy":"product-categories","embeddable":true,"href":"https:\/\/www.dzwchafingdish.com\/es\/wp-json\/wp\/v2\/product-categories?post=3417"},{"taxonomy":"product-tag","embeddable":true,"href":"https:\/\/www.dzwchafingdish.com\/es\/wp-json\/wp\/v2\/product-tag?post=3417"}],"curies":[{"name":"wp","href":"https:\/\/api.w.org\/{rel}","templated":true}]}}