{"id":3493,"date":"2024-03-23T12:30:21","date_gmt":"2024-03-23T12:30:21","guid":{"rendered":"https:\/\/www.dzwchafingdish.com\/?post_type=product&#038;p=3493"},"modified":"2024-06-15T05:07:20","modified_gmt":"2024-06-15T05:07:20","slug":"chafing-dish-warmers","status":"publish","type":"product","link":"https:\/\/www.dzwchafingdish.com\/es\/product\/chafing-dish-warmers\/","title":{"rendered":"Mayorista Calientaplatos 4.5L con Tapa Colgante para Servicio de Hotel"},"content":{"rendered":"<div class=\"wp-block-columns is-layout-flex wp-container-core-columns-is-layout-28f84493 wp-block-columns-is-layout-flex\">\n<div class=\"wp-block-column is-layout-flow wp-block-column-is-layout-flow\">\n<h2 class=\"wp-block-heading\">Calientaplatos <strong>Dimensi\u00f3n<\/strong><\/h2>\n\n\n\n<figure class=\"wp-block-table\"><table><tbody><tr><td>PUNTO NO.<\/td><td>TALLA<\/td><td>LONGITUD<\/td><td>AMPLIO<\/td><td>ALTO<\/td><td>N.W \/SET<\/td><\/tr><tr><td>DZW-R045<\/td><td>4.5L<\/td><td>35 cm<\/td><td>35 cm<\/td><td>55 cm<\/td><td>3000 g<\/td><\/tr><tr><td>DZW-GR045<\/td><td>4.5L<\/td><td>35 cm<\/td><td>35 cm<\/td><td>55 cm<\/td><td>3000 g<\/td><\/tr><\/tbody><\/table><\/figure>\n<\/div>\n\n\n\n<div class=\"wp-block-column is-layout-flow wp-block-column-is-layout-flow\">\n<div class=\"wp-block-columns is-layout-flex wp-container-core-columns-is-layout-28f84493 wp-block-columns-is-layout-flex\">\n<div class=\"wp-block-column is-layout-flow wp-block-column-is-layout-flow\">\n<figure class=\"wp-block-image size-full\"><img fetchpriority=\"high\" decoding=\"async\" width=\"1000\" height=\"1000\" src=\"https:\/\/www.dzwchafingdish.com\/wp-content\/uploads\/2024\/03\/wholesale-chafing-dish-warmers-1.webp\" alt=\"venta al por mayor de calientaplatos\" class=\"wp-image-3494\" srcset=\"https:\/\/www.dzwchafingdish.com\/wp-content\/uploads\/2024\/03\/wholesale-chafing-dish-warmers-1.webp 1000w, https:\/\/www.dzwchafingdish.com\/wp-content\/uploads\/2024\/03\/wholesale-chafing-dish-warmers-1-300x300.webp 300w, https:\/\/www.dzwchafingdish.com\/wp-content\/uploads\/2024\/03\/wholesale-chafing-dish-warmers-1-150x150.webp 150w, https:\/\/www.dzwchafingdish.com\/wp-content\/uploads\/2024\/03\/wholesale-chafing-dish-warmers-1-768x768.webp 768w\" sizes=\"(max-width: 1000px) 100vw, 1000px\" \/><\/figure>\n<\/div>\n\n\n\n<div class=\"wp-block-column is-layout-flow wp-block-column-is-layout-flow\">\n<figure class=\"wp-block-image size-full\"><img decoding=\"async\" width=\"1000\" height=\"1000\" src=\"https:\/\/www.dzwchafingdish.com\/wp-content\/uploads\/2024\/03\/wholesale-chafing-dish-warmers-2.webp\" alt=\"venta al por mayor de calientaplatos\" class=\"wp-image-3495\" srcset=\"https:\/\/www.dzwchafingdish.com\/wp-content\/uploads\/2024\/03\/wholesale-chafing-dish-warmers-2.webp 1000w, https:\/\/www.dzwchafingdish.com\/wp-content\/uploads\/2024\/03\/wholesale-chafing-dish-warmers-2-300x300.webp 300w, https:\/\/www.dzwchafingdish.com\/wp-content\/uploads\/2024\/03\/wholesale-chafing-dish-warmers-2-150x150.webp 150w, https:\/\/www.dzwchafingdish.com\/wp-content\/uploads\/2024\/03\/wholesale-chafing-dish-warmers-2-768x768.webp 768w\" sizes=\"(max-width: 1000px) 100vw, 1000px\" \/><\/figure>\n<\/div>\n<\/div>\n<\/div>\n<\/div>\n\n\n\n<div class=\"wp-block-columns is-layout-flex wp-container-core-columns-is-layout-28f84493 wp-block-columns-is-layout-flex\">\n<div class=\"wp-block-column is-layout-flow wp-block-column-is-layout-flow\">\n<figure class=\"wp-block-image aligncenter size-full is-resized\"><img decoding=\"async\" width=\"1080\" height=\"719\" src=\"https:\/\/www.dzwchafingdish.com\/wp-content\/uploads\/2024\/03\/Chafing-Dish-Warmers-wholesale.jpg\" alt=\"Calientaplatos al por mayor\" class=\"wp-image-3558\" style=\"width:539px;height:auto\" srcset=\"https:\/\/www.dzwchafingdish.com\/wp-content\/uploads\/2024\/03\/Chafing-Dish-Warmers-wholesale.jpg 1080w, https:\/\/www.dzwchafingdish.com\/wp-content\/uploads\/2024\/03\/Chafing-Dish-Warmers-wholesale-300x200.jpg 300w, https:\/\/www.dzwchafingdish.com\/wp-content\/uploads\/2024\/03\/Chafing-Dish-Warmers-wholesale-768x511.jpg 768w\" sizes=\"(max-width: 1080px) 100vw, 1080px\" \/><\/figure>\n<\/div>\n\n\n\n<div class=\"wp-block-column is-layout-flow wp-block-column-is-layout-flow\">\n<h2 class=\"wp-block-heading\"><strong>Calientaplatos Caracter\u00edsticas:<\/strong><\/h2>\n\n\n\n<ul class=\"wp-block-list\">\n<li>Uso multifuncional: dise\u00f1o sencillo, f\u00e1cil de manejar, es la opci\u00f3n ideal para celebrar buffets, banquetes o fiestas, para satisfacer las necesidades de diferentes ocasiones.<\/li>\n\n\n\n<li>Material de alta calidad: Hecho de acero inoxidable 201 de alta calidad con resistencia a la corrosi\u00f3n y durabilidad para garantizar un uso a largo plazo.<\/li>\n\n\n\n<li>Dise\u00f1o de gran capacidad: Capacidad de hasta 4,5 litros, puede acomodar un gran n\u00famero de alimentos, para satisfacer las necesidades de varios comensales.<\/li>\n\n\n\n<li>Dise\u00f1o inteligente: Con una tapa colgante, es f\u00e1cil de colgar en el borde cuando se utiliza, evitar el goteo en el escritorio, y mantener el escritorio limpio.<\/li>\n<\/ul>\n<\/div>\n<\/div>","protected":false},"excerpt":{"rendered":"<p>Calientaplatos Dimensi\u00f3n ART\u00cdCULO NO. TALLA LARGO ANCHO ALTO N.W \/SET DZW-R045 4.5L 35 cm 35 cm 55 cm 3000 g DZW-GR045 4.5L 35 cm 35 cm 55 cm 3000 g Calientaplatos Caracter\u00edsticas:<\/p>","protected":false},"author":3,"featured_media":3494,"parent":0,"menu_order":0,"template":"","format":"standard","meta":{"_acf_changed":false,"site-sidebar-layout":"default","site-content-layout":"","ast-site-content-layout":"default","site-content-style":"default","site-sidebar-style":"default","ast-global-header-display":"","ast-banner-title-visibility":"","ast-main-header-display":"","ast-hfb-above-header-display":"","ast-hfb-below-header-display":"","ast-hfb-mobile-header-display":"","site-post-title":"","ast-breadcrumbs-content":"","ast-featured-img":"","footer-sml-layout":"","theme-transparent-header-meta":"","adv-header-id-meta":"","stick-header-meta":"","header-above-stick-meta":"","header-main-stick-meta":"","header-below-stick-meta":"","astra-migrate-meta-layouts":"default","ast-page-background-enabled":"default","ast-page-background-meta":{"desktop":{"background-color":"var(--ast-global-color-4)","background-image":"","background-repeat":"repeat","background-position":"center center","background-size":"auto","background-attachment":"scroll","background-type":"","background-media":"","overlay-type":"","overlay-color":"","overlay-opacity":"","overlay-gradient":""},"tablet":{"background-color":"","background-image":"","background-repeat":"repeat","background-position":"center center","background-size":"auto","background-attachment":"scroll","background-type":"","background-media":"","overlay-type":"","overlay-color":"","overlay-opacity":"","overlay-gradient":""},"mobile":{"background-color":"","background-image":"","background-repeat":"repeat","background-position":"center center","background-size":"auto","background-attachment":"scroll","background-type":"","background-media":"","overlay-type":"","overlay-color":"","overlay-opacity":"","overlay-gradient":""}},"ast-content-background-meta":{"desktop":{"background-color":"var(--ast-global-color-5)","background-image":"","background-repeat":"repeat","background-position":"center center","background-size":"auto","background-attachment":"scroll","background-type":"","background-media":"","overlay-type":"","overlay-color":"","overlay-opacity":"","overlay-gradient":""},"tablet":{"background-color":"var(--ast-global-color-5)","background-image":"","background-repeat":"repeat","background-position":"center center","background-size":"auto","background-attachment":"scroll","background-type":"","background-media":"","overlay-type":"","overlay-color":"","overlay-opacity":"","overlay-gradient":""},"mobile":{"background-color":"var(--ast-global-color-5)","background-image":"","background-repeat":"repeat","background-position":"center center","background-size":"auto","background-attachment":"scroll","background-type":"","background-media":"","overlay-type":"","overlay-color":"","overlay-opacity":"","overlay-gradient":""}},"footnotes":""},"product-categories":[63],"product-tag":[97,90,91],"class_list":["post-3493","product","type-product","status-publish","format-standard","has-post-thumbnail","hentry","product-categories-chafing-dish","product-tag-chafing-dish-with-hanging-lid","product-tag-fuel-chafing-dish","product-tag-round-chafing-dish"],"acf":{"title":"Mayorista Calientaplatos 4.5L con Tapa Colgante para Servicio de Hotel","title_source":{"label":"Title","type":"text","formatted_value":"Wholesale Chafing Dish Warmers 4.5L with Hanging Lid for Hotel Serving"},"short_description":"We wholesale space heaters and provide customized services to meet your needs. These hot plate heaters are made of high quality stainless steel and designed with a hanging lid, easy to use, and can meet the needs of large groups of diners, perfect for hosting buffets, banquets, or parties.","short_description_source":{"label":"Short description","type":"textarea","formatted_value":"We wholesale space heaters and provide customized services to meet your needs. These hot plate heaters are made of high quality stainless steel and designed with a hanging lid, easy to use, and can meet the needs of large groups of diners, perfect for hosting buffets, banquets, or parties."},"parameters":"<table border=\"0\" width=\"275\" cellspacing=\"0\" cellpadding=\"0\">\r\n<tbody>\r\n<tr>\r\n<td width=\"108\" height=\"17\">Manufacturer<\/td>\r\n<td width=\"167\">DONGZHAOWEI<\/td>\r\n<\/tr>\r\n<tr>\r\n<td height=\"17\">Material<\/td>\r\n<td>Stainless Steel 201<\/td>\r\n<\/tr>\r\n<tr>\r\n<td height=\"17\">Capacity<\/td>\r\n<td>4.5L<\/td>\r\n<\/tr>\r\n<tr>\r\n<td height=\"17\">Color<\/td>\r\n<td>Golden \/ Silver<\/td>\r\n<\/tr>\r\n<tr>\r\n<td height=\"17\">Design<\/td>\r\n<td>Round shape<\/td>\r\n<\/tr>\r\n<tr>\r\n<td height=\"17\">Tray<\/td>\r\n<td>No divided \/ Divided tray<\/td>\r\n<\/tr>\r\n<tr>\r\n<td height=\"17\">Lid type<\/td>\r\n<td>Hanging lid<\/td>\r\n<\/tr>\r\n<tr>\r\n<td height=\"17\">Heat<\/td>\r\n<td>Fuel<\/td>\r\n<\/tr>\r\n<tr>\r\n<td height=\"17\">Custom<\/td>\r\n<td>Color\/Logo\/Package<\/td>\r\n<\/tr>\r\n<\/tbody>\r\n<\/table>","parameters_source":{"label":"Parameters","type":"wysiwyg","formatted_value":"<table border=\"0\" width=\"275\" cellspacing=\"0\" cellpadding=\"0\">\n<tbody>\n<tr>\n<td width=\"108\" height=\"17\">Manufacturer<\/td>\n<td width=\"167\">DONGZHAOWEI<\/td>\n<\/tr>\n<tr>\n<td height=\"17\">Material<\/td>\n<td>Stainless Steel 201<\/td>\n<\/tr>\n<tr>\n<td height=\"17\">Capacity<\/td>\n<td>4.5L<\/td>\n<\/tr>\n<tr>\n<td height=\"17\">Color<\/td>\n<td>Golden \/ Silver<\/td>\n<\/tr>\n<tr>\n<td height=\"17\">Design<\/td>\n<td>Round shape<\/td>\n<\/tr>\n<tr>\n<td height=\"17\">Tray<\/td>\n<td>No divided \/ Divided tray<\/td>\n<\/tr>\n<tr>\n<td height=\"17\">Lid type<\/td>\n<td>Hanging lid<\/td>\n<\/tr>\n<tr>\n<td height=\"17\">Heat<\/td>\n<td>Fuel<\/td>\n<\/tr>\n<tr>\n<td height=\"17\">Custom<\/td>\n<td>Color\/Logo\/Package<\/td>\n<\/tr>\n<\/tbody>\n<\/table>\n"},"photo_gallery":{"product_gallery":[[{"id":3494,"title":"wholesale-chafing-dish-warmers-1","caption":"wholesale-chafing-dish-warmers","full_image_url":"https:\/\/www.dzwchafingdish.com\/wp-content\/uploads\/2024\/03\/wholesale-chafing-dish-warmers-1.webp","thumbnail_image_url":"https:\/\/www.dzwchafingdish.com\/wp-content\/uploads\/2024\/03\/wholesale-chafing-dish-warmers-1-150x150.webp","large_srcset":"https:\/\/www.dzwchafingdish.com\/wp-content\/uploads\/2024\/03\/wholesale-chafing-dish-warmers-1.webp 1000w, https:\/\/www.dzwchafingdish.com\/wp-content\/uploads\/2024\/03\/wholesale-chafing-dish-warmers-1-300x300.webp 300w, https:\/\/www.dzwchafingdish.com\/wp-content\/uploads\/2024\/03\/wholesale-chafing-dish-warmers-1-150x150.webp 150w, https:\/\/www.dzwchafingdish.com\/wp-content\/uploads\/2024\/03\/wholesale-chafing-dish-warmers-1-768x768.webp 768w","medium_srcset":"https:\/\/www.dzwchafingdish.com\/wp-content\/uploads\/2024\/03\/wholesale-chafing-dish-warmers-1-300x300.webp 300w, https:\/\/www.dzwchafingdish.com\/wp-content\/uploads\/2024\/03\/wholesale-chafing-dish-warmers-1-150x150.webp 150w, https:\/\/www.dzwchafingdish.com\/wp-content\/uploads\/2024\/03\/wholesale-chafing-dish-warmers-1-768x768.webp 768w, https:\/\/www.dzwchafingdish.com\/wp-content\/uploads\/2024\/03\/wholesale-chafing-dish-warmers-1.webp 1000w","media_details":{"width":1000,"height":1000,"sizes":{"medium":{"file":"wholesale-chafing-dish-warmers-1-300x300.webp","width":300,"height":300,"mime-type":"image\/webp","filesize":9790,"source_url":"https:\/\/www.dzwchafingdish.com\/wp-content\/uploads\/2024\/03\/wholesale-chafing-dish-warmers-1-300x300.webp"},"thumbnail":{"file":"wholesale-chafing-dish-warmers-1-150x150.webp","width":150,"height":150,"mime-type":"image\/webp","filesize":3806,"source_url":"https:\/\/www.dzwchafingdish.com\/wp-content\/uploads\/2024\/03\/wholesale-chafing-dish-warmers-1-150x150.webp"},"medium_large":{"file":"wholesale-chafing-dish-warmers-1-768x768.webp","width":768,"height":768,"mime-type":"image\/webp","filesize":34848,"source_url":"https:\/\/www.dzwchafingdish.com\/wp-content\/uploads\/2024\/03\/wholesale-chafing-dish-warmers-1-768x768.webp"}}},"alt_text":"wholesale-chafing-dish-warmers","url":"","target":""},{"id":3495,"title":"wholesale-chafing-dish-warmers-2","caption":"wholesale-chafing-dish-warmers","full_image_url":"https:\/\/www.dzwchafingdish.com\/wp-content\/uploads\/2024\/03\/wholesale-chafing-dish-warmers-2.webp","thumbnail_image_url":"https:\/\/www.dzwchafingdish.com\/wp-content\/uploads\/2024\/03\/wholesale-chafing-dish-warmers-2-150x150.webp","large_srcset":"https:\/\/www.dzwchafingdish.com\/wp-content\/uploads\/2024\/03\/wholesale-chafing-dish-warmers-2.webp 1000w, https:\/\/www.dzwchafingdish.com\/wp-content\/uploads\/2024\/03\/wholesale-chafing-dish-warmers-2-300x300.webp 300w, https:\/\/www.dzwchafingdish.com\/wp-content\/uploads\/2024\/03\/wholesale-chafing-dish-warmers-2-150x150.webp 150w, https:\/\/www.dzwchafingdish.com\/wp-content\/uploads\/2024\/03\/wholesale-chafing-dish-warmers-2-768x768.webp 768w","medium_srcset":"https:\/\/www.dzwchafingdish.com\/wp-content\/uploads\/2024\/03\/wholesale-chafing-dish-warmers-2-300x300.webp 300w, https:\/\/www.dzwchafingdish.com\/wp-content\/uploads\/2024\/03\/wholesale-chafing-dish-warmers-2-150x150.webp 150w, https:\/\/www.dzwchafingdish.com\/wp-content\/uploads\/2024\/03\/wholesale-chafing-dish-warmers-2-768x768.webp 768w, https:\/\/www.dzwchafingdish.com\/wp-content\/uploads\/2024\/03\/wholesale-chafing-dish-warmers-2.webp 1000w","media_details":{"width":1000,"height":1000,"sizes":{"medium":{"file":"wholesale-chafing-dish-warmers-2-300x300.webp","width":300,"height":300,"mime-type":"image\/webp","filesize":8444,"source_url":"https:\/\/www.dzwchafingdish.com\/wp-content\/uploads\/2024\/03\/wholesale-chafing-dish-warmers-2-300x300.webp"},"thumbnail":{"file":"wholesale-chafing-dish-warmers-2-150x150.webp","width":150,"height":150,"mime-type":"image\/webp","filesize":3206,"source_url":"https:\/\/www.dzwchafingdish.com\/wp-content\/uploads\/2024\/03\/wholesale-chafing-dish-warmers-2-150x150.webp"},"medium_large":{"file":"wholesale-chafing-dish-warmers-2-768x768.webp","width":768,"height":768,"mime-type":"image\/webp","filesize":30078,"source_url":"https:\/\/www.dzwchafingdish.com\/wp-content\/uploads\/2024\/03\/wholesale-chafing-dish-warmers-2-768x768.webp"}}},"alt_text":"wholesale-chafing-dish-warmers","url":"","target":""},{"id":3559,"title":"wholesale Chafing Dish Warmers","caption":"wholesale Chafing Dish Warmers","full_image_url":"https:\/\/www.dzwchafingdish.com\/wp-content\/uploads\/2024\/03\/wholesale-Chafing-Dish-Warmers.jpg","thumbnail_image_url":"https:\/\/www.dzwchafingdish.com\/wp-content\/uploads\/2024\/03\/wholesale-Chafing-Dish-Warmers-150x150.jpg","large_srcset":"https:\/\/www.dzwchafingdish.com\/wp-content\/uploads\/2024\/03\/wholesale-Chafing-Dish-Warmers.jpg 1080w, https:\/\/www.dzwchafingdish.com\/wp-content\/uploads\/2024\/03\/wholesale-Chafing-Dish-Warmers-300x200.jpg 300w, https:\/\/www.dzwchafingdish.com\/wp-content\/uploads\/2024\/03\/wholesale-Chafing-Dish-Warmers-768x511.jpg 768w","medium_srcset":"https:\/\/www.dzwchafingdish.com\/wp-content\/uploads\/2024\/03\/wholesale-Chafing-Dish-Warmers-300x200.jpg 300w, https:\/\/www.dzwchafingdish.com\/wp-content\/uploads\/2024\/03\/wholesale-Chafing-Dish-Warmers-768x511.jpg 768w, https:\/\/www.dzwchafingdish.com\/wp-content\/uploads\/2024\/03\/wholesale-Chafing-Dish-Warmers.jpg 1080w","media_details":{"width":1080,"height":719,"sizes":{"medium":{"file":"wholesale-Chafing-Dish-Warmers-300x200.jpg","width":300,"height":200,"mime-type":"image\/jpeg","filesize":18069,"source_url":"https:\/\/www.dzwchafingdish.com\/wp-content\/uploads\/2024\/03\/wholesale-Chafing-Dish-Warmers-300x200.jpg"},"thumbnail":{"file":"wholesale-Chafing-Dish-Warmers-150x150.jpg","width":150,"height":150,"mime-type":"image\/jpeg","filesize":8651,"source_url":"https:\/\/www.dzwchafingdish.com\/wp-content\/uploads\/2024\/03\/wholesale-Chafing-Dish-Warmers-150x150.jpg"},"medium_large":{"file":"wholesale-Chafing-Dish-Warmers-768x511.jpg","width":768,"height":511,"mime-type":"image\/jpeg","filesize":72721,"source_url":"https:\/\/www.dzwchafingdish.com\/wp-content\/uploads\/2024\/03\/wholesale-Chafing-Dish-Warmers-768x511.jpg"}}},"alt_text":"wholesale Chafing Dish Warmers","url":"","target":""},{"id":3558,"title":"Chafing Dish Warmers wholesale","caption":"Chafing Dish Warmers wholesale","full_image_url":"https:\/\/www.dzwchafingdish.com\/wp-content\/uploads\/2024\/03\/Chafing-Dish-Warmers-wholesale.jpg","thumbnail_image_url":"https:\/\/www.dzwchafingdish.com\/wp-content\/uploads\/2024\/03\/Chafing-Dish-Warmers-wholesale-150x150.jpg","large_srcset":"https:\/\/www.dzwchafingdish.com\/wp-content\/uploads\/2024\/03\/Chafing-Dish-Warmers-wholesale.jpg 1080w, https:\/\/www.dzwchafingdish.com\/wp-content\/uploads\/2024\/03\/Chafing-Dish-Warmers-wholesale-300x200.jpg 300w, https:\/\/www.dzwchafingdish.com\/wp-content\/uploads\/2024\/03\/Chafing-Dish-Warmers-wholesale-768x511.jpg 768w","medium_srcset":"https:\/\/www.dzwchafingdish.com\/wp-content\/uploads\/2024\/03\/Chafing-Dish-Warmers-wholesale-300x200.jpg 300w, https:\/\/www.dzwchafingdish.com\/wp-content\/uploads\/2024\/03\/Chafing-Dish-Warmers-wholesale-768x511.jpg 768w, https:\/\/www.dzwchafingdish.com\/wp-content\/uploads\/2024\/03\/Chafing-Dish-Warmers-wholesale.jpg 1080w","media_details":{"width":1080,"height":719,"sizes":{"medium":{"file":"Chafing-Dish-Warmers-wholesale-300x200.jpg","width":300,"height":200,"mime-type":"image\/jpeg","filesize":20140,"source_url":"https:\/\/www.dzwchafingdish.com\/wp-content\/uploads\/2024\/03\/Chafing-Dish-Warmers-wholesale-300x200.jpg"},"thumbnail":{"file":"Chafing-Dish-Warmers-wholesale-150x150.jpg","width":150,"height":150,"mime-type":"image\/jpeg","filesize":8969,"source_url":"https:\/\/www.dzwchafingdish.com\/wp-content\/uploads\/2024\/03\/Chafing-Dish-Warmers-wholesale-150x150.jpg"},"medium_large":{"file":"Chafing-Dish-Warmers-wholesale-768x511.jpg","width":768,"height":511,"mime-type":"image\/jpeg","filesize":80524,"source_url":"https:\/\/www.dzwchafingdish.com\/wp-content\/uploads\/2024\/03\/Chafing-Dish-Warmers-wholesale-768x511.jpg"}}},"alt_text":"Chafing Dish Warmers wholesale","url":"","target":""}]]}},"_links":{"self":[{"href":"https:\/\/www.dzwchafingdish.com\/es\/wp-json\/wp\/v2\/product\/3493","targetHints":{"allow":["GET"]}}],"collection":[{"href":"https:\/\/www.dzwchafingdish.com\/es\/wp-json\/wp\/v2\/product"}],"about":[{"href":"https:\/\/www.dzwchafingdish.com\/es\/wp-json\/wp\/v2\/types\/product"}],"author":[{"embeddable":true,"href":"https:\/\/www.dzwchafingdish.com\/es\/wp-json\/wp\/v2\/users\/3"}],"version-history":[{"count":0,"href":"https:\/\/www.dzwchafingdish.com\/es\/wp-json\/wp\/v2\/product\/3493\/revisions"}],"wp:featuredmedia":[{"embeddable":true,"href":"https:\/\/www.dzwchafingdish.com\/es\/wp-json\/wp\/v2\/media\/3494"}],"wp:attachment":[{"href":"https:\/\/www.dzwchafingdish.com\/es\/wp-json\/wp\/v2\/media?parent=3493"}],"wp:term":[{"taxonomy":"product-categories","embeddable":true,"href":"https:\/\/www.dzwchafingdish.com\/es\/wp-json\/wp\/v2\/product-categories?post=3493"},{"taxonomy":"product-tag","embeddable":true,"href":"https:\/\/www.dzwchafingdish.com\/es\/wp-json\/wp\/v2\/product-tag?post=3493"}],"curies":[{"name":"wp","href":"https:\/\/api.w.org\/{rel}","templated":true}]}}