{"id":3497,"date":"2024-03-23T12:15:43","date_gmt":"2024-03-23T12:15:43","guid":{"rendered":"https:\/\/www.dzwchafingdish.com\/?post_type=product&#038;p=3497"},"modified":"2024-06-15T04:51:59","modified_gmt":"2024-06-15T04:51:59","slug":"soup-chafing-dishes","status":"publish","type":"product","link":"https:\/\/www.dzwchafingdish.com\/es\/product\/soup-chafing-dishes\/","title":{"rendered":"Factory Direct Sopa Chafing Dish 201 Acero Inoxidable con Tapa Colgante"},"content":{"rendered":"<div class=\"wp-block-columns is-layout-flex wp-container-core-columns-is-layout-28f84493 wp-block-columns-is-layout-flex\">\n<div class=\"wp-block-column is-layout-flow wp-block-column-is-layout-flow\">\n<h2 class=\"wp-block-heading\"><strong>Dimensi\u00f3n del plato hondo para sopa<\/strong><\/h2>\n\n\n\n<figure class=\"wp-block-table\"><table><tbody><tr><td>PUNTO NO.<\/td><td>TALLA<\/td><td>LONGITUD<\/td><td>AMPLIO<\/td><td>ALTO<\/td><td>N.W \/SET<\/td><\/tr><tr><td>DZW-SC45<\/td><td>4.5L<\/td><td>34 cm<\/td><td>28 cm<\/td><td>58 cm<\/td><td>2132 g<\/td><\/tr><tr><td>DZW-GC45<\/td><td>4.5L<\/td><td>34 cm<\/td><td>28 cm<\/td><td>58 cm<\/td><td>2132 g<\/td><\/tr><\/tbody><\/table><\/figure>\n<\/div>\n\n\n\n<div class=\"wp-block-column is-layout-flow wp-block-column-is-layout-flow\">\n<figure class=\"wp-block-image aligncenter size-full is-resized\"><img fetchpriority=\"high\" decoding=\"async\" width=\"1000\" height=\"1000\" src=\"https:\/\/www.dzwchafingdish.com\/wp-content\/uploads\/2024\/03\/wholesale-soup-chafing-dish-1.jpg\" alt=\"mayorista-sopa-chafing-dish\" class=\"wp-image-3500\" style=\"width:330px;height:auto\" srcset=\"https:\/\/www.dzwchafingdish.com\/wp-content\/uploads\/2024\/03\/wholesale-soup-chafing-dish-1.jpg 1000w, https:\/\/www.dzwchafingdish.com\/wp-content\/uploads\/2024\/03\/wholesale-soup-chafing-dish-1-300x300.jpg 300w, https:\/\/www.dzwchafingdish.com\/wp-content\/uploads\/2024\/03\/wholesale-soup-chafing-dish-1-150x150.jpg 150w, https:\/\/www.dzwchafingdish.com\/wp-content\/uploads\/2024\/03\/wholesale-soup-chafing-dish-1-768x768.jpg 768w\" sizes=\"(max-width: 1000px) 100vw, 1000px\" \/><\/figure>\n<\/div>\n<\/div>\n\n\n\n<div class=\"wp-block-columns is-layout-flex wp-container-core-columns-is-layout-28f84493 wp-block-columns-is-layout-flex\">\n<div class=\"wp-block-column is-layout-flow wp-block-column-is-layout-flow\">\n<figure class=\"wp-block-image size-full\"><img decoding=\"async\" width=\"1216\" height=\"912\" src=\"https:\/\/www.dzwchafingdish.com\/wp-content\/uploads\/2024\/03\/wholesale-soup-chafing-dish-5-edited.jpg\" alt=\"mayorista-sopa-chafing-dish\" class=\"wp-image-3555\" srcset=\"https:\/\/www.dzwchafingdish.com\/wp-content\/uploads\/2024\/03\/wholesale-soup-chafing-dish-5-edited.jpg 1216w, https:\/\/www.dzwchafingdish.com\/wp-content\/uploads\/2024\/03\/wholesale-soup-chafing-dish-5-edited-300x225.jpg 300w, https:\/\/www.dzwchafingdish.com\/wp-content\/uploads\/2024\/03\/wholesale-soup-chafing-dish-5-edited-768x576.jpg 768w\" sizes=\"(max-width: 1216px) 100vw, 1216px\" \/><\/figure>\n<\/div>\n\n\n\n<div class=\"wp-block-column is-layout-flow wp-block-column-is-layout-flow\">\n<h2 class=\"wp-block-heading\"><strong>Sopa Chafing Dish Caracter\u00edsticas:<\/strong><\/h2>\n\n\n\n<ul class=\"wp-block-list\">\n<li>Material de alta calidad: Hecho de acero inoxidable 201 de calidad alimentaria con resistencia a la corrosi\u00f3n y durabilidad para garantizar la calidad y fiabilidad a largo plazo.<\/li>\n\n\n\n<li>Dise\u00f1o multifuncional: adecuado para guisar, conservar el calor, cocinar y otros usos. Con un dise\u00f1o de tapa colgante, este calientaplatos para sopa es f\u00e1cil de manejar, evita goteos y mantiene limpio el escritorio.<\/li>\n\n\n\n<li>Aislamiento eficaz: dise\u00f1o razonable, que puede mantener eficazmente la temperatura de los alimentos, para garantizar que el sabor y la calidad de los alimentos no cambien.<\/li>\n\n\n\n<li>F\u00e1cil de limpiar y mantener: El acero inoxidable hace que este plato hondo sea f\u00e1cil de limpiar, basta con pasar un pa\u00f1o con un limpiador suave. Su superficie lisa no es f\u00e1cil de acumular suciedad, as\u00ed que mant\u00e9ngalo limpio.<\/li>\n<\/ul>\n<\/div>\n<\/div>","protected":false},"excerpt":{"rendered":"<p>Plato hondo Dimensi\u00f3n ART\u00cdCULO NO. TALLA LARGO ANCHO ALTO N.W \/SET DZW-SC45 4.5L 34 cm 28 cm 58 cm 2132 g DZW-GC45 4.5L 34 cm 28 cm 58 cm 2132 g Sopa Chafing Dish Caracter\u00edsticas:<\/p>","protected":false},"author":3,"featured_media":3500,"parent":0,"menu_order":0,"template":"","format":"standard","meta":{"_acf_changed":false,"site-sidebar-layout":"default","site-content-layout":"","ast-site-content-layout":"default","site-content-style":"default","site-sidebar-style":"default","ast-global-header-display":"","ast-banner-title-visibility":"","ast-main-header-display":"","ast-hfb-above-header-display":"","ast-hfb-below-header-display":"","ast-hfb-mobile-header-display":"","site-post-title":"","ast-breadcrumbs-content":"","ast-featured-img":"","footer-sml-layout":"","theme-transparent-header-meta":"","adv-header-id-meta":"","stick-header-meta":"","header-above-stick-meta":"","header-main-stick-meta":"","header-below-stick-meta":"","astra-migrate-meta-layouts":"default","ast-page-background-enabled":"default","ast-page-background-meta":{"desktop":{"background-color":"var(--ast-global-color-4)","background-image":"","background-repeat":"repeat","background-position":"center center","background-size":"auto","background-attachment":"scroll","background-type":"","background-media":"","overlay-type":"","overlay-color":"","overlay-opacity":"","overlay-gradient":""},"tablet":{"background-color":"","background-image":"","background-repeat":"repeat","background-position":"center center","background-size":"auto","background-attachment":"scroll","background-type":"","background-media":"","overlay-type":"","overlay-color":"","overlay-opacity":"","overlay-gradient":""},"mobile":{"background-color":"","background-image":"","background-repeat":"repeat","background-position":"center center","background-size":"auto","background-attachment":"scroll","background-type":"","background-media":"","overlay-type":"","overlay-color":"","overlay-opacity":"","overlay-gradient":""}},"ast-content-background-meta":{"desktop":{"background-color":"var(--ast-global-color-5)","background-image":"","background-repeat":"repeat","background-position":"center center","background-size":"auto","background-attachment":"scroll","background-type":"","background-media":"","overlay-type":"","overlay-color":"","overlay-opacity":"","overlay-gradient":""},"tablet":{"background-color":"var(--ast-global-color-5)","background-image":"","background-repeat":"repeat","background-position":"center center","background-size":"auto","background-attachment":"scroll","background-type":"","background-media":"","overlay-type":"","overlay-color":"","overlay-opacity":"","overlay-gradient":""},"mobile":{"background-color":"var(--ast-global-color-5)","background-image":"","background-repeat":"repeat","background-position":"center center","background-size":"auto","background-attachment":"scroll","background-type":"","background-media":"","overlay-type":"","overlay-color":"","overlay-opacity":"","overlay-gradient":""}},"footnotes":""},"product-categories":[63],"product-tag":[97,90,99],"class_list":["post-3497","product","type-product","status-publish","format-standard","has-post-thumbnail","hentry","product-categories-chafing-dish","product-tag-chafing-dish-with-hanging-lid","product-tag-fuel-chafing-dish","product-tag-soup-chafing-dish"],"acf":{"title":"Factory Direct Sopa Chafing Dish 201 Acero Inoxidable con Tapa Colgante","title_source":{"label":"Title","type":"text","formatted_value":"Factory Direct Soup Chafing Dish 201 Stainless Steel with Hanging Lid"},"short_description":"Welcome bulk buy the soup chafing dish, it is made of food-grade 201 stainless steel, Easy to operate with hanging lid design, avoid dripping, keep the desktop clean. custom  chafing dish business is welcome.","short_description_source":{"label":"Short description","type":"textarea","formatted_value":"Welcome bulk buy the soup chafing dish, it is made of food-grade 201 stainless steel, Easy to operate with hanging lid design, avoid dripping, keep the desktop clean. custom  chafing dish business is welcome."},"parameters":"<table border=\"0\" width=\"275\" cellspacing=\"0\" cellpadding=\"0\">\r\n<tbody>\r\n<tr>\r\n<td width=\"108\" height=\"17\">Manufacturer<\/td>\r\n<td width=\"167\">DONGZHAOWEI<\/td>\r\n<\/tr>\r\n<tr>\r\n<td height=\"17\">Material<\/td>\r\n<td>Stainless Steel 201<\/td>\r\n<\/tr>\r\n<tr>\r\n<td height=\"17\">Capacity<\/td>\r\n<td>4.5L<\/td>\r\n<\/tr>\r\n<tr>\r\n<td height=\"17\">Color<\/td>\r\n<td>Golden \/ Silver<\/td>\r\n<\/tr>\r\n<tr>\r\n<td height=\"17\">Design<\/td>\r\n<td>Round shape<\/td>\r\n<\/tr>\r\n<tr>\r\n<td height=\"17\">Tray<\/td>\r\n<td>No divided \/ Divided tray<\/td>\r\n<\/tr>\r\n<tr>\r\n<td height=\"17\">Lid type<\/td>\r\n<td>Hanging lid<\/td>\r\n<\/tr>\r\n<tr>\r\n<td height=\"17\">Heat<\/td>\r\n<td>Fuel<\/td>\r\n<\/tr>\r\n<tr>\r\n<td height=\"17\">Custom<\/td>\r\n<td>Color\/Logo\/Package<\/td>\r\n<\/tr>\r\n<\/tbody>\r\n<\/table>","parameters_source":{"label":"Parameters","type":"wysiwyg","formatted_value":"<table border=\"0\" width=\"275\" cellspacing=\"0\" cellpadding=\"0\">\n<tbody>\n<tr>\n<td width=\"108\" height=\"17\">Manufacturer<\/td>\n<td width=\"167\">DONGZHAOWEI<\/td>\n<\/tr>\n<tr>\n<td height=\"17\">Material<\/td>\n<td>Stainless Steel 201<\/td>\n<\/tr>\n<tr>\n<td height=\"17\">Capacity<\/td>\n<td>4.5L<\/td>\n<\/tr>\n<tr>\n<td height=\"17\">Color<\/td>\n<td>Golden \/ Silver<\/td>\n<\/tr>\n<tr>\n<td height=\"17\">Design<\/td>\n<td>Round shape<\/td>\n<\/tr>\n<tr>\n<td height=\"17\">Tray<\/td>\n<td>No divided \/ Divided tray<\/td>\n<\/tr>\n<tr>\n<td height=\"17\">Lid type<\/td>\n<td>Hanging lid<\/td>\n<\/tr>\n<tr>\n<td height=\"17\">Heat<\/td>\n<td>Fuel<\/td>\n<\/tr>\n<tr>\n<td height=\"17\">Custom<\/td>\n<td>Color\/Logo\/Package<\/td>\n<\/tr>\n<\/tbody>\n<\/table>\n"},"photo_gallery":{"product_gallery":[[{"id":3500,"title":"wholesale-soup-chafing-dish-1","caption":"wholesale-soup-chafing-dish","full_image_url":"https:\/\/www.dzwchafingdish.com\/wp-content\/uploads\/2024\/03\/wholesale-soup-chafing-dish-1.jpg","thumbnail_image_url":"https:\/\/www.dzwchafingdish.com\/wp-content\/uploads\/2024\/03\/wholesale-soup-chafing-dish-1-150x150.jpg","large_srcset":"https:\/\/www.dzwchafingdish.com\/wp-content\/uploads\/2024\/03\/wholesale-soup-chafing-dish-1.jpg 1000w, https:\/\/www.dzwchafingdish.com\/wp-content\/uploads\/2024\/03\/wholesale-soup-chafing-dish-1-300x300.jpg 300w, https:\/\/www.dzwchafingdish.com\/wp-content\/uploads\/2024\/03\/wholesale-soup-chafing-dish-1-150x150.jpg 150w, https:\/\/www.dzwchafingdish.com\/wp-content\/uploads\/2024\/03\/wholesale-soup-chafing-dish-1-768x768.jpg 768w","medium_srcset":"https:\/\/www.dzwchafingdish.com\/wp-content\/uploads\/2024\/03\/wholesale-soup-chafing-dish-1-300x300.jpg 300w, https:\/\/www.dzwchafingdish.com\/wp-content\/uploads\/2024\/03\/wholesale-soup-chafing-dish-1-150x150.jpg 150w, https:\/\/www.dzwchafingdish.com\/wp-content\/uploads\/2024\/03\/wholesale-soup-chafing-dish-1-768x768.jpg 768w, https:\/\/www.dzwchafingdish.com\/wp-content\/uploads\/2024\/03\/wholesale-soup-chafing-dish-1.jpg 1000w","media_details":{"width":1000,"height":1000,"sizes":{"medium":{"file":"wholesale-soup-chafing-dish-1-300x300.jpg","width":300,"height":300,"mime-type":"image\/jpeg","filesize":7559,"source_url":"https:\/\/www.dzwchafingdish.com\/wp-content\/uploads\/2024\/03\/wholesale-soup-chafing-dish-1-300x300.jpg"},"thumbnail":{"file":"wholesale-soup-chafing-dish-1-150x150.jpg","width":150,"height":150,"mime-type":"image\/jpeg","filesize":3162,"source_url":"https:\/\/www.dzwchafingdish.com\/wp-content\/uploads\/2024\/03\/wholesale-soup-chafing-dish-1-150x150.jpg"},"medium_large":{"file":"wholesale-soup-chafing-dish-1-768x768.jpg","width":768,"height":768,"mime-type":"image\/jpeg","filesize":30897,"source_url":"https:\/\/www.dzwchafingdish.com\/wp-content\/uploads\/2024\/03\/wholesale-soup-chafing-dish-1-768x768.jpg"}}},"alt_text":"wholesale-soup-chafing-dish","url":"","target":""},{"id":3502,"title":"wholesale-soup-chafing-dish-2","caption":"wholesale-soup-chafing-dish","full_image_url":"https:\/\/www.dzwchafingdish.com\/wp-content\/uploads\/2024\/03\/wholesale-soup-chafing-dish-2.jpg","thumbnail_image_url":"https:\/\/www.dzwchafingdish.com\/wp-content\/uploads\/2024\/03\/wholesale-soup-chafing-dish-2-150x150.jpg","large_srcset":"https:\/\/www.dzwchafingdish.com\/wp-content\/uploads\/2024\/03\/wholesale-soup-chafing-dish-2.jpg 1000w, https:\/\/www.dzwchafingdish.com\/wp-content\/uploads\/2024\/03\/wholesale-soup-chafing-dish-2-300x300.jpg 300w, https:\/\/www.dzwchafingdish.com\/wp-content\/uploads\/2024\/03\/wholesale-soup-chafing-dish-2-150x150.jpg 150w, https:\/\/www.dzwchafingdish.com\/wp-content\/uploads\/2024\/03\/wholesale-soup-chafing-dish-2-768x768.jpg 768w","medium_srcset":"https:\/\/www.dzwchafingdish.com\/wp-content\/uploads\/2024\/03\/wholesale-soup-chafing-dish-2-300x300.jpg 300w, https:\/\/www.dzwchafingdish.com\/wp-content\/uploads\/2024\/03\/wholesale-soup-chafing-dish-2-150x150.jpg 150w, https:\/\/www.dzwchafingdish.com\/wp-content\/uploads\/2024\/03\/wholesale-soup-chafing-dish-2-768x768.jpg 768w, https:\/\/www.dzwchafingdish.com\/wp-content\/uploads\/2024\/03\/wholesale-soup-chafing-dish-2.jpg 1000w","media_details":{"width":1000,"height":1000,"sizes":{"medium":{"file":"wholesale-soup-chafing-dish-2-300x300.jpg","width":300,"height":300,"mime-type":"image\/jpeg","filesize":6825,"source_url":"https:\/\/www.dzwchafingdish.com\/wp-content\/uploads\/2024\/03\/wholesale-soup-chafing-dish-2-300x300.jpg"},"thumbnail":{"file":"wholesale-soup-chafing-dish-2-150x150.jpg","width":150,"height":150,"mime-type":"image\/jpeg","filesize":2816,"source_url":"https:\/\/www.dzwchafingdish.com\/wp-content\/uploads\/2024\/03\/wholesale-soup-chafing-dish-2-150x150.jpg"},"medium_large":{"file":"wholesale-soup-chafing-dish-2-768x768.jpg","width":768,"height":768,"mime-type":"image\/jpeg","filesize":28079,"source_url":"https:\/\/www.dzwchafingdish.com\/wp-content\/uploads\/2024\/03\/wholesale-soup-chafing-dish-2-768x768.jpg"}}},"alt_text":"wholesale-soup-chafing-dish","url":"","target":""},{"id":3501,"title":"wholesale-soup-chafing-dish-3","caption":"wholesale-soup-chafing-dish","full_image_url":"https:\/\/www.dzwchafingdish.com\/wp-content\/uploads\/2024\/03\/wholesale-soup-chafing-dish-3.jpg","thumbnail_image_url":"https:\/\/www.dzwchafingdish.com\/wp-content\/uploads\/2024\/03\/wholesale-soup-chafing-dish-3-150x150.jpg","large_srcset":"https:\/\/www.dzwchafingdish.com\/wp-content\/uploads\/2024\/03\/wholesale-soup-chafing-dish-3.jpg 1000w, https:\/\/www.dzwchafingdish.com\/wp-content\/uploads\/2024\/03\/wholesale-soup-chafing-dish-3-300x300.jpg 300w, https:\/\/www.dzwchafingdish.com\/wp-content\/uploads\/2024\/03\/wholesale-soup-chafing-dish-3-150x150.jpg 150w, https:\/\/www.dzwchafingdish.com\/wp-content\/uploads\/2024\/03\/wholesale-soup-chafing-dish-3-768x768.jpg 768w","medium_srcset":"https:\/\/www.dzwchafingdish.com\/wp-content\/uploads\/2024\/03\/wholesale-soup-chafing-dish-3-300x300.jpg 300w, https:\/\/www.dzwchafingdish.com\/wp-content\/uploads\/2024\/03\/wholesale-soup-chafing-dish-3-150x150.jpg 150w, https:\/\/www.dzwchafingdish.com\/wp-content\/uploads\/2024\/03\/wholesale-soup-chafing-dish-3-768x768.jpg 768w, https:\/\/www.dzwchafingdish.com\/wp-content\/uploads\/2024\/03\/wholesale-soup-chafing-dish-3.jpg 1000w","media_details":{"width":1000,"height":1000,"sizes":{"medium":{"file":"wholesale-soup-chafing-dish-3-300x300.jpg","width":300,"height":300,"mime-type":"image\/jpeg","filesize":7410,"source_url":"https:\/\/www.dzwchafingdish.com\/wp-content\/uploads\/2024\/03\/wholesale-soup-chafing-dish-3-300x300.jpg"},"thumbnail":{"file":"wholesale-soup-chafing-dish-3-150x150.jpg","width":150,"height":150,"mime-type":"image\/jpeg","filesize":3122,"source_url":"https:\/\/www.dzwchafingdish.com\/wp-content\/uploads\/2024\/03\/wholesale-soup-chafing-dish-3-150x150.jpg"},"medium_large":{"file":"wholesale-soup-chafing-dish-3-768x768.jpg","width":768,"height":768,"mime-type":"image\/jpeg","filesize":30597,"source_url":"https:\/\/www.dzwchafingdish.com\/wp-content\/uploads\/2024\/03\/wholesale-soup-chafing-dish-3-768x768.jpg"}}},"alt_text":"wholesale-soup-chafing-dish","url":"","target":""}]]}},"_links":{"self":[{"href":"https:\/\/www.dzwchafingdish.com\/es\/wp-json\/wp\/v2\/product\/3497","targetHints":{"allow":["GET"]}}],"collection":[{"href":"https:\/\/www.dzwchafingdish.com\/es\/wp-json\/wp\/v2\/product"}],"about":[{"href":"https:\/\/www.dzwchafingdish.com\/es\/wp-json\/wp\/v2\/types\/product"}],"author":[{"embeddable":true,"href":"https:\/\/www.dzwchafingdish.com\/es\/wp-json\/wp\/v2\/users\/3"}],"version-history":[{"count":0,"href":"https:\/\/www.dzwchafingdish.com\/es\/wp-json\/wp\/v2\/product\/3497\/revisions"}],"wp:featuredmedia":[{"embeddable":true,"href":"https:\/\/www.dzwchafingdish.com\/es\/wp-json\/wp\/v2\/media\/3500"}],"wp:attachment":[{"href":"https:\/\/www.dzwchafingdish.com\/es\/wp-json\/wp\/v2\/media?parent=3497"}],"wp:term":[{"taxonomy":"product-categories","embeddable":true,"href":"https:\/\/www.dzwchafingdish.com\/es\/wp-json\/wp\/v2\/product-categories?post=3497"},{"taxonomy":"product-tag","embeddable":true,"href":"https:\/\/www.dzwchafingdish.com\/es\/wp-json\/wp\/v2\/product-tag?post=3497"}],"curies":[{"name":"wp","href":"https:\/\/api.w.org\/{rel}","templated":true}]}}