{"id":3504,"date":"2024-03-23T12:07:34","date_gmt":"2024-03-23T12:07:34","guid":{"rendered":"https:\/\/www.dzwchafingdish.com\/?post_type=product&#038;p=3504"},"modified":"2024-06-15T04:57:50","modified_gmt":"2024-06-15T04:57:50","slug":"hotel-fancy-chafing-dishes-with-glass-lid-and-lid-holder","status":"publish","type":"product","link":"https:\/\/www.dzwchafingdish.com\/es\/product\/hotel-fancy-chafing-dishes-with-glass-lid-and-lid-holder\/","title":{"rendered":"Platos hondos de lujo con tapa de cristal y soporte para tapa"},"content":{"rendered":"<div class=\"wp-block-columns is-layout-flex wp-container-core-columns-is-layout-28f84493 wp-block-columns-is-layout-flex\">\n<div class=\"wp-block-column is-layout-flow wp-block-column-is-layout-flow\">\n<h2 class=\"wp-block-heading\">Platos hondos de fantas\u00eda <strong>Dimensi\u00f3n<\/strong><\/h2>\n\n\n\n<figure class=\"wp-block-table\"><table><tbody><tr><td>PUNTO NO.<\/td><td>TALLA<\/td><td>LONGITUD<\/td><td>AMPLIO<\/td><td>ALTO<\/td><td>N.W \/SET<\/td><\/tr><tr><td>DZW-HC035<\/td><td>3.5L<\/td><td>38 cm<\/td><td>28 cm<\/td><td>52 cm<\/td><td>2750 g<\/td><\/tr><tr><td>DZW-HC040<\/td><td>4.0L<\/td><td>42 cm<\/td><td>30 cm<\/td><td>52 cm<\/td><td>3150 g<\/td><\/tr><tr><td>DZW-GC035<\/td><td>3.5L<\/td><td>38 cm<\/td><td>28 cm<\/td><td>52 cm<\/td><td>2750 g<\/td><\/tr><tr><td>DZW-GC040<\/td><td>4.0L<\/td><td>42 cm<\/td><td>30 cm<\/td><td>52 cm<\/td><td>3150 g<\/td><\/tr><\/tbody><\/table><\/figure>\n<\/div>\n\n\n\n<div class=\"wp-block-column is-layout-flow wp-block-column-is-layout-flow\">\n<figure class=\"wp-block-image size-full\"><img fetchpriority=\"high\" decoding=\"async\" width=\"800\" height=\"804\" src=\"https:\/\/www.dzwchafingdish.com\/wp-content\/uploads\/2024\/03\/wholesale-fancy-chafing-dishes-7.webp\" alt=\"venta al por mayor de platos de fantas\u00eda\" class=\"wp-image-3511\" srcset=\"https:\/\/www.dzwchafingdish.com\/wp-content\/uploads\/2024\/03\/wholesale-fancy-chafing-dishes-7.webp 800w, https:\/\/www.dzwchafingdish.com\/wp-content\/uploads\/2024\/03\/wholesale-fancy-chafing-dishes-7-150x150.webp 150w, https:\/\/www.dzwchafingdish.com\/wp-content\/uploads\/2024\/03\/wholesale-fancy-chafing-dishes-7-768x772.webp 768w\" sizes=\"(max-width: 800px) 100vw, 800px\" \/><\/figure>\n<\/div>\n<\/div>\n\n\n\n<div class=\"wp-block-columns is-layout-flex wp-container-core-columns-is-layout-28f84493 wp-block-columns-is-layout-flex\">\n<div class=\"wp-block-column is-layout-flow wp-block-column-is-layout-flow\">\n<figure class=\"wp-block-image size-full\"><img decoding=\"async\" width=\"800\" height=\"800\" src=\"https:\/\/www.dzwchafingdish.com\/wp-content\/uploads\/2024\/03\/wholesale-fancy-chafing-dishes-3.webp\" alt=\"venta al por mayor de platos de fantas\u00eda\" class=\"wp-image-3507\" srcset=\"https:\/\/www.dzwchafingdish.com\/wp-content\/uploads\/2024\/03\/wholesale-fancy-chafing-dishes-3.webp 800w, https:\/\/www.dzwchafingdish.com\/wp-content\/uploads\/2024\/03\/wholesale-fancy-chafing-dishes-3-300x300.webp 300w, https:\/\/www.dzwchafingdish.com\/wp-content\/uploads\/2024\/03\/wholesale-fancy-chafing-dishes-3-150x150.webp 150w, https:\/\/www.dzwchafingdish.com\/wp-content\/uploads\/2024\/03\/wholesale-fancy-chafing-dishes-3-768x768.webp 768w\" sizes=\"(max-width: 800px) 100vw, 800px\" \/><\/figure>\n<\/div>\n\n\n\n<div class=\"wp-block-column is-layout-flow wp-block-column-is-layout-flow\">\n<h2 class=\"wp-block-heading\">Fancy Chafing Dishes Caracter\u00edsticas:<\/h2>\n\n\n\n<ul class=\"wp-block-list\">\n<li>Nivel de hotel de gama alta: Dise\u00f1o exquisito, excelente calidad, en l\u00ednea con los est\u00e1ndares de los hoteles de gama alta. Tanto si se utiliza para banquetes de hotel como para restaurantes de alta gama, puede mostrar calidad y temperamento.<\/li>\n\n\n\n<li>Material de calidad alimentaria: Estos Fancy Chafing Dishes est\u00e1n hechos de acero inoxidable 201 de grado alimenticio, seguro e higi\u00e9nico, y resistente a la corrosi\u00f3n, para garantizar que la calidad de los alimentos no se vea afectada.<\/li>\n\n\n\n<li>Dise\u00f1o vers\u00e1til: No s\u00f3lo para platos calientes, sino tambi\u00e9n para platos fr\u00edos y postres. La tapa de cristal est\u00e1 dise\u00f1ada para observar f\u00e1cilmente los alimentos, y el soporte de la tapa evita que \u00e9sta toque el tablero de la mesa, manteniendo la mesa limpia y mejorando la experiencia gastron\u00f3mica.<\/li>\n\n\n\n<li>F\u00e1cil limpieza: El soporte de tapa bien dise\u00f1ado mantiene la tapa limpia y c\u00f3moda, lo que facilita la limpieza y el mantenimiento. El acero inoxidable es f\u00e1cil de limpiar y tiene una larga durabilidad para satisfacer sus necesidades durante mucho tiempo.<\/li>\n<\/ul>\n<\/div>\n<\/div>\n\n\n\n<p><\/p>","protected":false},"excerpt":{"rendered":"<p>Fancy Chafing Dishes Dimension ITEM NO. TALLA LONGITUD ANCHO ALTURA N.W \/SET DZW-HC035 3.5L 38 cm 28 cm 52 cm 2750 g DZW-HC040 4.0L 42 cm 30 cm 52 cm 3150 g DZW-GC035 3.5L 38 cm 28 cm 52 cm 2750 g DZW-GC040 4.0L 42 cm 30 cm 52 cm 3150 g Platos hondos de fantas\u00eda [...]<\/p>","protected":false},"author":3,"featured_media":3512,"parent":0,"menu_order":0,"template":"","format":"standard","meta":{"_acf_changed":false,"site-sidebar-layout":"default","site-content-layout":"","ast-site-content-layout":"default","site-content-style":"default","site-sidebar-style":"default","ast-global-header-display":"","ast-banner-title-visibility":"","ast-main-header-display":"","ast-hfb-above-header-display":"","ast-hfb-below-header-display":"","ast-hfb-mobile-header-display":"","site-post-title":"","ast-breadcrumbs-content":"","ast-featured-img":"","footer-sml-layout":"","theme-transparent-header-meta":"","adv-header-id-meta":"","stick-header-meta":"","header-above-stick-meta":"","header-main-stick-meta":"","header-below-stick-meta":"","astra-migrate-meta-layouts":"default","ast-page-background-enabled":"default","ast-page-background-meta":{"desktop":{"background-color":"var(--ast-global-color-4)","background-image":"","background-repeat":"repeat","background-position":"center center","background-size":"auto","background-attachment":"scroll","background-type":"","background-media":"","overlay-type":"","overlay-color":"","overlay-opacity":"","overlay-gradient":""},"tablet":{"background-color":"","background-image":"","background-repeat":"repeat","background-position":"center center","background-size":"auto","background-attachment":"scroll","background-type":"","background-media":"","overlay-type":"","overlay-color":"","overlay-opacity":"","overlay-gradient":""},"mobile":{"background-color":"","background-image":"","background-repeat":"repeat","background-position":"center center","background-size":"auto","background-attachment":"scroll","background-type":"","background-media":"","overlay-type":"","overlay-color":"","overlay-opacity":"","overlay-gradient":""}},"ast-content-background-meta":{"desktop":{"background-color":"var(--ast-global-color-5)","background-image":"","background-repeat":"repeat","background-position":"center center","background-size":"auto","background-attachment":"scroll","background-type":"","background-media":"","overlay-type":"","overlay-color":"","overlay-opacity":"","overlay-gradient":""},"tablet":{"background-color":"var(--ast-global-color-5)","background-image":"","background-repeat":"repeat","background-position":"center center","background-size":"auto","background-attachment":"scroll","background-type":"","background-media":"","overlay-type":"","overlay-color":"","overlay-opacity":"","overlay-gradient":""},"mobile":{"background-color":"var(--ast-global-color-5)","background-image":"","background-repeat":"repeat","background-position":"center center","background-size":"auto","background-attachment":"scroll","background-type":"","background-media":"","overlay-type":"","overlay-color":"","overlay-opacity":"","overlay-gradient":""}},"footnotes":""},"product-categories":[63],"product-tag":[95,90,91],"class_list":["post-3504","product","type-product","status-publish","format-standard","has-post-thumbnail","hentry","product-categories-chafing-dish","product-tag-chafing-dish-with-glass-lid","product-tag-fuel-chafing-dish","product-tag-round-chafing-dish"],"acf":{"title":"Platos hondos de lujo con tapa de cristal y soporte para tapa","title_source":{"label":"Title","type":"text","formatted_value":"Hotel Fancy Chafing Dishes with Glass Lid and Lid Holder"},"short_description":"As a professional chafing dish manufacturer, we provide both wholesale and customized services. These Fancy Chafing Dishes are made of food grade 201 stainless steel, equipped with glass lid and lid rack design to ensure food freshness and hygiene. The versatile design is suitable for hot, cold and dessert dishes. The well-designed lid rack makes cleaning and maintenance easier and is ideal for high-end dining occasions.","short_description_source":{"label":"Short description","type":"textarea","formatted_value":"As a professional chafing dish manufacturer, we provide both wholesale and customized services. These Fancy Chafing Dishes are made of food grade 201 stainless steel, equipped with glass lid and lid rack design to ensure food freshness and hygiene. The versatile design is suitable for hot, cold and dessert dishes. The well-designed lid rack makes cleaning and maintenance easier and is ideal for high-end dining occasions."},"parameters":"<table border=\"0\" width=\"275\" cellspacing=\"0\" cellpadding=\"0\">\r\n<tbody>\r\n<tr>\r\n<td width=\"108\" height=\"17\">Manufacturer<\/td>\r\n<td width=\"167\">DONGZHAOWEI<\/td>\r\n<\/tr>\r\n<tr>\r\n<td height=\"17\">Material<\/td>\r\n<td>Stainless Steel 201<\/td>\r\n<\/tr>\r\n<tr>\r\n<td height=\"17\">Capacity<\/td>\r\n<td>3.5L; 4.5L; 6.0L; 8.0L<\/td>\r\n<\/tr>\r\n<tr>\r\n<td height=\"17\">Color<\/td>\r\n<td>Golden \/ Silver<\/td>\r\n<\/tr>\r\n<tr>\r\n<td height=\"17\">Design<\/td>\r\n<td>Round shape<\/td>\r\n<\/tr>\r\n<tr>\r\n<td height=\"17\">Tray<\/td>\r\n<td>No divided \/ Divided tray<\/td>\r\n<\/tr>\r\n<tr>\r\n<td height=\"17\">Lid type<\/td>\r\n<td>Hanging Glass lid<\/td>\r\n<\/tr>\r\n<tr>\r\n<td height=\"17\">Heat<\/td>\r\n<td>Fuel<\/td>\r\n<\/tr>\r\n<tr>\r\n<td height=\"17\">Custom<\/td>\r\n<td>Color\/Logo\/Package<\/td>\r\n<\/tr>\r\n<\/tbody>\r\n<\/table>","parameters_source":{"label":"Parameters","type":"wysiwyg","formatted_value":"<table border=\"0\" width=\"275\" cellspacing=\"0\" cellpadding=\"0\">\n<tbody>\n<tr>\n<td width=\"108\" height=\"17\">Manufacturer<\/td>\n<td width=\"167\">DONGZHAOWEI<\/td>\n<\/tr>\n<tr>\n<td height=\"17\">Material<\/td>\n<td>Stainless Steel 201<\/td>\n<\/tr>\n<tr>\n<td height=\"17\">Capacity<\/td>\n<td>3.5L; 4.5L; 6.0L; 8.0L<\/td>\n<\/tr>\n<tr>\n<td height=\"17\">Color<\/td>\n<td>Golden \/ Silver<\/td>\n<\/tr>\n<tr>\n<td height=\"17\">Design<\/td>\n<td>Round shape<\/td>\n<\/tr>\n<tr>\n<td height=\"17\">Tray<\/td>\n<td>No divided \/ Divided tray<\/td>\n<\/tr>\n<tr>\n<td height=\"17\">Lid type<\/td>\n<td>Hanging Glass lid<\/td>\n<\/tr>\n<tr>\n<td height=\"17\">Heat<\/td>\n<td>Fuel<\/td>\n<\/tr>\n<tr>\n<td height=\"17\">Custom<\/td>\n<td>Color\/Logo\/Package<\/td>\n<\/tr>\n<\/tbody>\n<\/table>\n"},"photo_gallery":{"product_gallery":[[{"id":3512,"title":"wholesale-fancy-chafing-dishes","caption":"wholesale-fancy-chafing-dishes","full_image_url":"https:\/\/www.dzwchafingdish.com\/wp-content\/uploads\/2024\/03\/wholesale-fancy-chafing-dishes.webp","thumbnail_image_url":"https:\/\/www.dzwchafingdish.com\/wp-content\/uploads\/2024\/03\/wholesale-fancy-chafing-dishes-150x150.webp","large_srcset":"https:\/\/www.dzwchafingdish.com\/wp-content\/uploads\/2024\/03\/wholesale-fancy-chafing-dishes.webp 1000w, https:\/\/www.dzwchafingdish.com\/wp-content\/uploads\/2024\/03\/wholesale-fancy-chafing-dishes-300x300.webp 300w, https:\/\/www.dzwchafingdish.com\/wp-content\/uploads\/2024\/03\/wholesale-fancy-chafing-dishes-150x150.webp 150w, https:\/\/www.dzwchafingdish.com\/wp-content\/uploads\/2024\/03\/wholesale-fancy-chafing-dishes-768x768.webp 768w","medium_srcset":"https:\/\/www.dzwchafingdish.com\/wp-content\/uploads\/2024\/03\/wholesale-fancy-chafing-dishes-300x300.webp 300w, https:\/\/www.dzwchafingdish.com\/wp-content\/uploads\/2024\/03\/wholesale-fancy-chafing-dishes-150x150.webp 150w, https:\/\/www.dzwchafingdish.com\/wp-content\/uploads\/2024\/03\/wholesale-fancy-chafing-dishes-768x768.webp 768w, https:\/\/www.dzwchafingdish.com\/wp-content\/uploads\/2024\/03\/wholesale-fancy-chafing-dishes.webp 1000w","media_details":{"width":1000,"height":1000,"sizes":{"medium":{"file":"wholesale-fancy-chafing-dishes-300x300.webp","width":300,"height":300,"mime-type":"image\/webp","filesize":8092,"source_url":"https:\/\/www.dzwchafingdish.com\/wp-content\/uploads\/2024\/03\/wholesale-fancy-chafing-dishes-300x300.webp"},"thumbnail":{"file":"wholesale-fancy-chafing-dishes-150x150.webp","width":150,"height":150,"mime-type":"image\/webp","filesize":2966,"source_url":"https:\/\/www.dzwchafingdish.com\/wp-content\/uploads\/2024\/03\/wholesale-fancy-chafing-dishes-150x150.webp"},"medium_large":{"file":"wholesale-fancy-chafing-dishes-768x768.webp","width":768,"height":768,"mime-type":"image\/webp","filesize":30344,"source_url":"https:\/\/www.dzwchafingdish.com\/wp-content\/uploads\/2024\/03\/wholesale-fancy-chafing-dishes-768x768.webp"}}},"alt_text":"wholesale-fancy-chafing-dishes","url":"","target":""},{"id":3505,"title":"wholesale-fancy-chafing-dishes-1","caption":"wholesale-fancy-chafing-dishes","full_image_url":"https:\/\/www.dzwchafingdish.com\/wp-content\/uploads\/2024\/03\/wholesale-fancy-chafing-dishes-1.webp","thumbnail_image_url":"https:\/\/www.dzwchafingdish.com\/wp-content\/uploads\/2024\/03\/wholesale-fancy-chafing-dishes-1-150x150.webp","large_srcset":"https:\/\/www.dzwchafingdish.com\/wp-content\/uploads\/2024\/03\/wholesale-fancy-chafing-dishes-1.webp 1000w, https:\/\/www.dzwchafingdish.com\/wp-content\/uploads\/2024\/03\/wholesale-fancy-chafing-dishes-1-300x300.webp 300w, https:\/\/www.dzwchafingdish.com\/wp-content\/uploads\/2024\/03\/wholesale-fancy-chafing-dishes-1-150x150.webp 150w, https:\/\/www.dzwchafingdish.com\/wp-content\/uploads\/2024\/03\/wholesale-fancy-chafing-dishes-1-768x768.webp 768w","medium_srcset":"https:\/\/www.dzwchafingdish.com\/wp-content\/uploads\/2024\/03\/wholesale-fancy-chafing-dishes-1-300x300.webp 300w, https:\/\/www.dzwchafingdish.com\/wp-content\/uploads\/2024\/03\/wholesale-fancy-chafing-dishes-1-150x150.webp 150w, https:\/\/www.dzwchafingdish.com\/wp-content\/uploads\/2024\/03\/wholesale-fancy-chafing-dishes-1-768x768.webp 768w, https:\/\/www.dzwchafingdish.com\/wp-content\/uploads\/2024\/03\/wholesale-fancy-chafing-dishes-1.webp 1000w","media_details":{"width":1000,"height":1000,"sizes":{"medium":{"file":"wholesale-fancy-chafing-dishes-1-300x300.webp","width":300,"height":300,"mime-type":"image\/webp","filesize":7130,"source_url":"https:\/\/www.dzwchafingdish.com\/wp-content\/uploads\/2024\/03\/wholesale-fancy-chafing-dishes-1-300x300.webp"},"thumbnail":{"file":"wholesale-fancy-chafing-dishes-1-150x150.webp","width":150,"height":150,"mime-type":"image\/webp","filesize":2602,"source_url":"https:\/\/www.dzwchafingdish.com\/wp-content\/uploads\/2024\/03\/wholesale-fancy-chafing-dishes-1-150x150.webp"},"medium_large":{"file":"wholesale-fancy-chafing-dishes-1-768x768.webp","width":768,"height":768,"mime-type":"image\/webp","filesize":26686,"source_url":"https:\/\/www.dzwchafingdish.com\/wp-content\/uploads\/2024\/03\/wholesale-fancy-chafing-dishes-1-768x768.webp"}}},"alt_text":"wholesale-fancy-chafing-dishes","url":"","target":""},{"id":3507,"title":"wholesale-fancy-chafing-dishes-3","caption":"","full_image_url":"https:\/\/www.dzwchafingdish.com\/wp-content\/uploads\/2024\/03\/wholesale-fancy-chafing-dishes-3.webp","thumbnail_image_url":"https:\/\/www.dzwchafingdish.com\/wp-content\/uploads\/2024\/03\/wholesale-fancy-chafing-dishes-3-150x150.webp","large_srcset":"https:\/\/www.dzwchafingdish.com\/wp-content\/uploads\/2024\/03\/wholesale-fancy-chafing-dishes-3.webp 800w, https:\/\/www.dzwchafingdish.com\/wp-content\/uploads\/2024\/03\/wholesale-fancy-chafing-dishes-3-300x300.webp 300w, https:\/\/www.dzwchafingdish.com\/wp-content\/uploads\/2024\/03\/wholesale-fancy-chafing-dishes-3-150x150.webp 150w, https:\/\/www.dzwchafingdish.com\/wp-content\/uploads\/2024\/03\/wholesale-fancy-chafing-dishes-3-768x768.webp 768w","medium_srcset":"https:\/\/www.dzwchafingdish.com\/wp-content\/uploads\/2024\/03\/wholesale-fancy-chafing-dishes-3-300x300.webp 300w, https:\/\/www.dzwchafingdish.com\/wp-content\/uploads\/2024\/03\/wholesale-fancy-chafing-dishes-3-150x150.webp 150w, https:\/\/www.dzwchafingdish.com\/wp-content\/uploads\/2024\/03\/wholesale-fancy-chafing-dishes-3-768x768.webp 768w, https:\/\/www.dzwchafingdish.com\/wp-content\/uploads\/2024\/03\/wholesale-fancy-chafing-dishes-3.webp 800w","media_details":{"width":800,"height":800,"sizes":{"medium":{"file":"wholesale-fancy-chafing-dishes-3-300x300.webp","width":300,"height":300,"mime-type":"image\/webp","filesize":7722,"source_url":"https:\/\/www.dzwchafingdish.com\/wp-content\/uploads\/2024\/03\/wholesale-fancy-chafing-dishes-3-300x300.webp"},"thumbnail":{"file":"wholesale-fancy-chafing-dishes-3-150x150.webp","width":150,"height":150,"mime-type":"image\/webp","filesize":2948,"source_url":"https:\/\/www.dzwchafingdish.com\/wp-content\/uploads\/2024\/03\/wholesale-fancy-chafing-dishes-3-150x150.webp"},"medium_large":{"file":"wholesale-fancy-chafing-dishes-3-768x768.webp","width":768,"height":768,"mime-type":"image\/webp","filesize":26456,"source_url":"https:\/\/www.dzwchafingdish.com\/wp-content\/uploads\/2024\/03\/wholesale-fancy-chafing-dishes-3-768x768.webp"}}},"alt_text":"wholesale-fancy-chafing-dishes","url":"","target":""},{"id":3508,"title":"wholesale-fancy-chafing-dishes-4","caption":"wholesale-fancy-chafing-dishes","full_image_url":"https:\/\/www.dzwchafingdish.com\/wp-content\/uploads\/2024\/03\/wholesale-fancy-chafing-dishes-4.webp","thumbnail_image_url":"https:\/\/www.dzwchafingdish.com\/wp-content\/uploads\/2024\/03\/wholesale-fancy-chafing-dishes-4-150x150.webp","large_srcset":"https:\/\/www.dzwchafingdish.com\/wp-content\/uploads\/2024\/03\/wholesale-fancy-chafing-dishes-4.webp 800w, https:\/\/www.dzwchafingdish.com\/wp-content\/uploads\/2024\/03\/wholesale-fancy-chafing-dishes-4-300x300.webp 300w, https:\/\/www.dzwchafingdish.com\/wp-content\/uploads\/2024\/03\/wholesale-fancy-chafing-dishes-4-150x150.webp 150w, https:\/\/www.dzwchafingdish.com\/wp-content\/uploads\/2024\/03\/wholesale-fancy-chafing-dishes-4-768x768.webp 768w","medium_srcset":"https:\/\/www.dzwchafingdish.com\/wp-content\/uploads\/2024\/03\/wholesale-fancy-chafing-dishes-4-300x300.webp 300w, https:\/\/www.dzwchafingdish.com\/wp-content\/uploads\/2024\/03\/wholesale-fancy-chafing-dishes-4-150x150.webp 150w, https:\/\/www.dzwchafingdish.com\/wp-content\/uploads\/2024\/03\/wholesale-fancy-chafing-dishes-4-768x768.webp 768w, https:\/\/www.dzwchafingdish.com\/wp-content\/uploads\/2024\/03\/wholesale-fancy-chafing-dishes-4.webp 800w","media_details":{"width":800,"height":800,"sizes":{"medium":{"file":"wholesale-fancy-chafing-dishes-4-300x300.webp","width":300,"height":300,"mime-type":"image\/webp","filesize":6090,"source_url":"https:\/\/www.dzwchafingdish.com\/wp-content\/uploads\/2024\/03\/wholesale-fancy-chafing-dishes-4-300x300.webp"},"thumbnail":{"file":"wholesale-fancy-chafing-dishes-4-150x150.webp","width":150,"height":150,"mime-type":"image\/webp","filesize":2248,"source_url":"https:\/\/www.dzwchafingdish.com\/wp-content\/uploads\/2024\/03\/wholesale-fancy-chafing-dishes-4-150x150.webp"},"medium_large":{"file":"wholesale-fancy-chafing-dishes-4-768x768.webp","width":768,"height":768,"mime-type":"image\/webp","filesize":23232,"source_url":"https:\/\/www.dzwchafingdish.com\/wp-content\/uploads\/2024\/03\/wholesale-fancy-chafing-dishes-4-768x768.webp"}}},"alt_text":"wholesale-fancy-chafing-dishes","url":"","target":""},{"id":3506,"title":"wholesale-fancy-chafing-dishes-2","caption":"wholesale-fancy-chafing-dishes","full_image_url":"https:\/\/www.dzwchafingdish.com\/wp-content\/uploads\/2024\/03\/wholesale-fancy-chafing-dishes-2.webp","thumbnail_image_url":"https:\/\/www.dzwchafingdish.com\/wp-content\/uploads\/2024\/03\/wholesale-fancy-chafing-dishes-2-150x150.webp","large_srcset":"https:\/\/www.dzwchafingdish.com\/wp-content\/uploads\/2024\/03\/wholesale-fancy-chafing-dishes-2.webp 800w, https:\/\/www.dzwchafingdish.com\/wp-content\/uploads\/2024\/03\/wholesale-fancy-chafing-dishes-2-300x300.webp 300w, https:\/\/www.dzwchafingdish.com\/wp-content\/uploads\/2024\/03\/wholesale-fancy-chafing-dishes-2-150x150.webp 150w, https:\/\/www.dzwchafingdish.com\/wp-content\/uploads\/2024\/03\/wholesale-fancy-chafing-dishes-2-768x768.webp 768w","medium_srcset":"https:\/\/www.dzwchafingdish.com\/wp-content\/uploads\/2024\/03\/wholesale-fancy-chafing-dishes-2-300x300.webp 300w, https:\/\/www.dzwchafingdish.com\/wp-content\/uploads\/2024\/03\/wholesale-fancy-chafing-dishes-2-150x150.webp 150w, https:\/\/www.dzwchafingdish.com\/wp-content\/uploads\/2024\/03\/wholesale-fancy-chafing-dishes-2-768x768.webp 768w, https:\/\/www.dzwchafingdish.com\/wp-content\/uploads\/2024\/03\/wholesale-fancy-chafing-dishes-2.webp 800w","media_details":{"width":800,"height":800,"sizes":{"medium":{"file":"wholesale-fancy-chafing-dishes-2-300x300.webp","width":300,"height":300,"mime-type":"image\/webp","filesize":7824,"source_url":"https:\/\/www.dzwchafingdish.com\/wp-content\/uploads\/2024\/03\/wholesale-fancy-chafing-dishes-2-300x300.webp"},"thumbnail":{"file":"wholesale-fancy-chafing-dishes-2-150x150.webp","width":150,"height":150,"mime-type":"image\/webp","filesize":2874,"source_url":"https:\/\/www.dzwchafingdish.com\/wp-content\/uploads\/2024\/03\/wholesale-fancy-chafing-dishes-2-150x150.webp"},"medium_large":{"file":"wholesale-fancy-chafing-dishes-2-768x768.webp","width":768,"height":768,"mime-type":"image\/webp","filesize":29842,"source_url":"https:\/\/www.dzwchafingdish.com\/wp-content\/uploads\/2024\/03\/wholesale-fancy-chafing-dishes-2-768x768.webp"}}},"alt_text":"wholesale-fancy-chafing-dishes","url":"","target":""},{"id":3509,"title":"wholesale-fancy-chafing-dishes-5","caption":"wholesale-fancy-chafing-dishes","full_image_url":"https:\/\/www.dzwchafingdish.com\/wp-content\/uploads\/2024\/03\/wholesale-fancy-chafing-dishes-5.webp","thumbnail_image_url":"https:\/\/www.dzwchafingdish.com\/wp-content\/uploads\/2024\/03\/wholesale-fancy-chafing-dishes-5-150x150.webp","large_srcset":"https:\/\/www.dzwchafingdish.com\/wp-content\/uploads\/2024\/03\/wholesale-fancy-chafing-dishes-5.webp 800w, https:\/\/www.dzwchafingdish.com\/wp-content\/uploads\/2024\/03\/wholesale-fancy-chafing-dishes-5-300x300.webp 300w, https:\/\/www.dzwchafingdish.com\/wp-content\/uploads\/2024\/03\/wholesale-fancy-chafing-dishes-5-150x150.webp 150w, https:\/\/www.dzwchafingdish.com\/wp-content\/uploads\/2024\/03\/wholesale-fancy-chafing-dishes-5-768x768.webp 768w","medium_srcset":"https:\/\/www.dzwchafingdish.com\/wp-content\/uploads\/2024\/03\/wholesale-fancy-chafing-dishes-5-300x300.webp 300w, https:\/\/www.dzwchafingdish.com\/wp-content\/uploads\/2024\/03\/wholesale-fancy-chafing-dishes-5-150x150.webp 150w, https:\/\/www.dzwchafingdish.com\/wp-content\/uploads\/2024\/03\/wholesale-fancy-chafing-dishes-5-768x768.webp 768w, https:\/\/www.dzwchafingdish.com\/wp-content\/uploads\/2024\/03\/wholesale-fancy-chafing-dishes-5.webp 800w","media_details":{"width":800,"height":800,"sizes":{"medium":{"file":"wholesale-fancy-chafing-dishes-5-300x300.webp","width":300,"height":300,"mime-type":"image\/webp","filesize":4638,"source_url":"https:\/\/www.dzwchafingdish.com\/wp-content\/uploads\/2024\/03\/wholesale-fancy-chafing-dishes-5-300x300.webp"},"thumbnail":{"file":"wholesale-fancy-chafing-dishes-5-150x150.webp","width":150,"height":150,"mime-type":"image\/webp","filesize":1820,"source_url":"https:\/\/www.dzwchafingdish.com\/wp-content\/uploads\/2024\/03\/wholesale-fancy-chafing-dishes-5-150x150.webp"},"medium_large":{"file":"wholesale-fancy-chafing-dishes-5-768x768.webp","width":768,"height":768,"mime-type":"image\/webp","filesize":17940,"source_url":"https:\/\/www.dzwchafingdish.com\/wp-content\/uploads\/2024\/03\/wholesale-fancy-chafing-dishes-5-768x768.webp"}}},"alt_text":"wholesale-fancy-chafing-dishes","url":"","target":""},{"id":3510,"title":"wholesale-fancy-chafing-dishes-6","caption":"wholesale-fancy-chafing-dishes","full_image_url":"https:\/\/www.dzwchafingdish.com\/wp-content\/uploads\/2024\/03\/wholesale-fancy-chafing-dishes-6.webp","thumbnail_image_url":"https:\/\/www.dzwchafingdish.com\/wp-content\/uploads\/2024\/03\/wholesale-fancy-chafing-dishes-6-150x150.webp","large_srcset":"https:\/\/www.dzwchafingdish.com\/wp-content\/uploads\/2024\/03\/wholesale-fancy-chafing-dishes-6.webp 800w, https:\/\/www.dzwchafingdish.com\/wp-content\/uploads\/2024\/03\/wholesale-fancy-chafing-dishes-6-300x300.webp 300w, https:\/\/www.dzwchafingdish.com\/wp-content\/uploads\/2024\/03\/wholesale-fancy-chafing-dishes-6-150x150.webp 150w, https:\/\/www.dzwchafingdish.com\/wp-content\/uploads\/2024\/03\/wholesale-fancy-chafing-dishes-6-768x768.webp 768w","medium_srcset":"https:\/\/www.dzwchafingdish.com\/wp-content\/uploads\/2024\/03\/wholesale-fancy-chafing-dishes-6-300x300.webp 300w, https:\/\/www.dzwchafingdish.com\/wp-content\/uploads\/2024\/03\/wholesale-fancy-chafing-dishes-6-150x150.webp 150w, https:\/\/www.dzwchafingdish.com\/wp-content\/uploads\/2024\/03\/wholesale-fancy-chafing-dishes-6-768x768.webp 768w, https:\/\/www.dzwchafingdish.com\/wp-content\/uploads\/2024\/03\/wholesale-fancy-chafing-dishes-6.webp 800w","media_details":{"width":800,"height":800,"sizes":{"medium":{"file":"wholesale-fancy-chafing-dishes-6-300x300.webp","width":300,"height":300,"mime-type":"image\/webp","filesize":9060,"source_url":"https:\/\/www.dzwchafingdish.com\/wp-content\/uploads\/2024\/03\/wholesale-fancy-chafing-dishes-6-300x300.webp"},"thumbnail":{"file":"wholesale-fancy-chafing-dishes-6-150x150.webp","width":150,"height":150,"mime-type":"image\/webp","filesize":3408,"source_url":"https:\/\/www.dzwchafingdish.com\/wp-content\/uploads\/2024\/03\/wholesale-fancy-chafing-dishes-6-150x150.webp"},"medium_large":{"file":"wholesale-fancy-chafing-dishes-6-768x768.webp","width":768,"height":768,"mime-type":"image\/webp","filesize":32114,"source_url":"https:\/\/www.dzwchafingdish.com\/wp-content\/uploads\/2024\/03\/wholesale-fancy-chafing-dishes-6-768x768.webp"}}},"alt_text":"wholesale-fancy-chafing-dishes","url":"","target":""}]]}},"_links":{"self":[{"href":"https:\/\/www.dzwchafingdish.com\/es\/wp-json\/wp\/v2\/product\/3504","targetHints":{"allow":["GET"]}}],"collection":[{"href":"https:\/\/www.dzwchafingdish.com\/es\/wp-json\/wp\/v2\/product"}],"about":[{"href":"https:\/\/www.dzwchafingdish.com\/es\/wp-json\/wp\/v2\/types\/product"}],"author":[{"embeddable":true,"href":"https:\/\/www.dzwchafingdish.com\/es\/wp-json\/wp\/v2\/users\/3"}],"version-history":[{"count":0,"href":"https:\/\/www.dzwchafingdish.com\/es\/wp-json\/wp\/v2\/product\/3504\/revisions"}],"wp:featuredmedia":[{"embeddable":true,"href":"https:\/\/www.dzwchafingdish.com\/es\/wp-json\/wp\/v2\/media\/3512"}],"wp:attachment":[{"href":"https:\/\/www.dzwchafingdish.com\/es\/wp-json\/wp\/v2\/media?parent=3504"}],"wp:term":[{"taxonomy":"product-categories","embeddable":true,"href":"https:\/\/www.dzwchafingdish.com\/es\/wp-json\/wp\/v2\/product-categories?post=3504"},{"taxonomy":"product-tag","embeddable":true,"href":"https:\/\/www.dzwchafingdish.com\/es\/wp-json\/wp\/v2\/product-tag?post=3504"}],"curies":[{"name":"wp","href":"https:\/\/api.w.org\/{rel}","templated":true}]}}