{"id":3596,"date":"2024-05-13T10:26:37","date_gmt":"2024-05-13T10:26:37","guid":{"rendered":"https:\/\/www.dzwchafingdish.com\/?post_type=product&#038;p=3596"},"modified":"2024-08-29T06:37:23","modified_gmt":"2024-08-29T06:37:23","slug":"modern-chafing-dish","status":"publish","type":"product","link":"https:\/\/www.dzwchafingdish.com\/es\/product\/modern-chafing-dish\/","title":{"rendered":"Venta Caliente Moderno Chafing Dish Acero Inoxidable Buffet Set"},"content":{"rendered":"<div class=\"wp-block-columns is-layout-flex wp-container-core-columns-is-layout-28f84493 wp-block-columns-is-layout-flex\">\n<div class=\"wp-block-column is-layout-flow wp-block-column-is-layout-flow\">\n<h2 class=\"wp-block-heading\">Chafing Dish moderno<strong>&nbsp;Dimensi\u00f3n<\/strong><\/h2>\n\n\n\n<figure class=\"wp-block-table\"><table><tbody><tr><td>PUNTO NO.<\/td><td>TALLA<\/td><td>LONGITUD<\/td><td>AMPLIO<\/td><td>ALTO<\/td><td>N.W \/SET<\/td><\/tr><tr><td>DZW-YC045<\/td><td>4.5L<\/td><td>41 cm<\/td><td>34 cm<\/td><td>67 cm<\/td><td>2100 g<\/td><\/tr><tr><td>DZW-BC045<\/td><td>4.5L<\/td><td>41 cm<\/td><td>34 cm<\/td><td>67 cm<\/td><td>2100 g<\/td><\/tr><\/tbody><\/table><\/figure>\n<\/div>\n\n\n\n<div class=\"wp-block-column is-layout-flow wp-block-column-is-layout-flow\">\n<div class=\"wp-block-columns is-layout-flex wp-container-core-columns-is-layout-28f84493 wp-block-columns-is-layout-flex\">\n<div class=\"wp-block-column is-layout-flow wp-block-column-is-layout-flow\">\n<figure class=\"wp-block-image size-full\"><img fetchpriority=\"high\" decoding=\"async\" width=\"800\" height=\"800\" src=\"https:\/\/www.dzwchafingdish.com\/wp-content\/uploads\/2024\/03\/wholesale-modern-chafing-dish-2.webp\" alt=\"mayorista-modern-chafing-dish\" class=\"wp-image-3598\" srcset=\"https:\/\/www.dzwchafingdish.com\/wp-content\/uploads\/2024\/03\/wholesale-modern-chafing-dish-2.webp 800w, https:\/\/www.dzwchafingdish.com\/wp-content\/uploads\/2024\/03\/wholesale-modern-chafing-dish-2-300x300.webp 300w, https:\/\/www.dzwchafingdish.com\/wp-content\/uploads\/2024\/03\/wholesale-modern-chafing-dish-2-150x150.webp 150w, https:\/\/www.dzwchafingdish.com\/wp-content\/uploads\/2024\/03\/wholesale-modern-chafing-dish-2-768x768.webp 768w\" sizes=\"(max-width: 800px) 100vw, 800px\" \/><\/figure>\n<\/div>\n\n\n\n<div class=\"wp-block-column is-layout-flow wp-block-column-is-layout-flow\">\n<figure class=\"wp-block-image size-full\"><img decoding=\"async\" width=\"971\" height=\"970\" src=\"https:\/\/www.dzwchafingdish.com\/wp-content\/uploads\/2024\/03\/wholesale-modern-chafing-dish-1.webp\" alt=\"mayorista-modern-chafing-dish\" class=\"wp-image-3597\" srcset=\"https:\/\/www.dzwchafingdish.com\/wp-content\/uploads\/2024\/03\/wholesale-modern-chafing-dish-1.webp 971w, https:\/\/www.dzwchafingdish.com\/wp-content\/uploads\/2024\/03\/wholesale-modern-chafing-dish-1-300x300.webp 300w, https:\/\/www.dzwchafingdish.com\/wp-content\/uploads\/2024\/03\/wholesale-modern-chafing-dish-1-150x150.webp 150w, https:\/\/www.dzwchafingdish.com\/wp-content\/uploads\/2024\/03\/wholesale-modern-chafing-dish-1-768x767.webp 768w\" sizes=\"(max-width: 971px) 100vw, 971px\" \/><\/figure>\n<\/div>\n<\/div>\n<\/div>\n<\/div>\n\n\n\n<div class=\"wp-block-columns is-layout-flex wp-container-core-columns-is-layout-28f84493 wp-block-columns-is-layout-flex\">\n<div class=\"wp-block-column is-layout-flow wp-block-column-is-layout-flow\">\n<figure class=\"wp-block-image size-full\"><img decoding=\"async\" width=\"800\" height=\"800\" src=\"https:\/\/www.dzwchafingdish.com\/wp-content\/uploads\/2024\/03\/wholesale-modern-chafing-dish-5.webp\" alt=\"mayorista-modern-chafing-dish\" class=\"wp-image-3601\" srcset=\"https:\/\/www.dzwchafingdish.com\/wp-content\/uploads\/2024\/03\/wholesale-modern-chafing-dish-5.webp 800w, https:\/\/www.dzwchafingdish.com\/wp-content\/uploads\/2024\/03\/wholesale-modern-chafing-dish-5-300x300.webp 300w, https:\/\/www.dzwchafingdish.com\/wp-content\/uploads\/2024\/03\/wholesale-modern-chafing-dish-5-150x150.webp 150w, https:\/\/www.dzwchafingdish.com\/wp-content\/uploads\/2024\/03\/wholesale-modern-chafing-dish-5-768x768.webp 768w\" sizes=\"(max-width: 800px) 100vw, 800px\" \/><\/figure>\n<\/div>\n\n\n\n<div class=\"wp-block-column is-vertically-aligned-center is-layout-flow wp-block-column-is-layout-flow\">\n<h2 class=\"wp-block-heading\"><strong>Chafing Dish Moderno Caracter\u00edsticas:<\/strong><\/h2>\n\n\n\n<ul class=\"wp-block-list\">\n<li>Material de acero inoxidable de alta calidad: Hecho de acero inoxidable de alta calidad, duradero y resistente a la corrosi\u00f3n.<\/li>\n\n\n\n<li>Dise\u00f1o redondo con tapa: El dise\u00f1o redondo se combina con una tapa extra\u00edble, con gran capacidad y uso conveniente, adecuado para servicios de catering en varias ocasiones.<\/li>\n\n\n\n<li>Tratamiento de superficie esmerilado: El exclusivo tratamiento esmerilado de la superficie realza la textura del producto, reduce los restos de huellas dactilares y manchas, y es f\u00e1cil de limpiar.<\/li>\n\n\n\n<li>Combinaci\u00f3n de colores a la moda: hay disponibles dos colores cl\u00e1sicos, dorado y negro, que son elegantes y modernos, adecuados para banquetes de alto nivel o entornos de restaurante.<\/li>\n\n\n\n<li>Dise\u00f1o de columna con patr\u00f3n hueco: El soporte inferior est\u00e1 tallado con un patr\u00f3n hueco, que es \u00fanico y elegante a la vez que tiene en cuenta la estabilidad y la transpirabilidad. Este moderno chafing dish es muy atractivo.<\/li>\n<\/ul>\n<\/div>\n<\/div>","protected":false},"excerpt":{"rendered":"<p>Chafing Dish Dimension ITEM NO. TALLA LARGO ANCHO ALTO N.W \/SET DZW-YC045 4.5L 41 cm 34 cm 67 cm 2100 g DZW-BC045 4.5L 41 cm 34 cm 67 cm 2100 g Moderno Chafing Dish Caracter\u00edsticas:<\/p>","protected":false},"author":3,"featured_media":3597,"parent":0,"menu_order":0,"template":"","format":"standard","meta":{"_acf_changed":false,"site-sidebar-layout":"default","site-content-layout":"","ast-site-content-layout":"default","site-content-style":"default","site-sidebar-style":"default","ast-global-header-display":"","ast-banner-title-visibility":"","ast-main-header-display":"","ast-hfb-above-header-display":"","ast-hfb-below-header-display":"","ast-hfb-mobile-header-display":"","site-post-title":"","ast-breadcrumbs-content":"","ast-featured-img":"","footer-sml-layout":"","theme-transparent-header-meta":"","adv-header-id-meta":"","stick-header-meta":"","header-above-stick-meta":"","header-main-stick-meta":"","header-below-stick-meta":"","astra-migrate-meta-layouts":"default","ast-page-background-enabled":"default","ast-page-background-meta":{"desktop":{"background-color":"var(--ast-global-color-4)","background-image":"","background-repeat":"repeat","background-position":"center center","background-size":"auto","background-attachment":"scroll","background-type":"","background-media":"","overlay-type":"","overlay-color":"","overlay-opacity":"","overlay-gradient":""},"tablet":{"background-color":"","background-image":"","background-repeat":"repeat","background-position":"center center","background-size":"auto","background-attachment":"scroll","background-type":"","background-media":"","overlay-type":"","overlay-color":"","overlay-opacity":"","overlay-gradient":""},"mobile":{"background-color":"","background-image":"","background-repeat":"repeat","background-position":"center center","background-size":"auto","background-attachment":"scroll","background-type":"","background-media":"","overlay-type":"","overlay-color":"","overlay-opacity":"","overlay-gradient":""}},"ast-content-background-meta":{"desktop":{"background-color":"var(--ast-global-color-5)","background-image":"","background-repeat":"repeat","background-position":"center center","background-size":"auto","background-attachment":"scroll","background-type":"","background-media":"","overlay-type":"","overlay-color":"","overlay-opacity":"","overlay-gradient":""},"tablet":{"background-color":"var(--ast-global-color-5)","background-image":"","background-repeat":"repeat","background-position":"center center","background-size":"auto","background-attachment":"scroll","background-type":"","background-media":"","overlay-type":"","overlay-color":"","overlay-opacity":"","overlay-gradient":""},"mobile":{"background-color":"var(--ast-global-color-5)","background-image":"","background-repeat":"repeat","background-position":"center center","background-size":"auto","background-attachment":"scroll","background-type":"","background-media":"","overlay-type":"","overlay-color":"","overlay-opacity":"","overlay-gradient":""}},"footnotes":""},"product-categories":[63],"product-tag":[90,91],"class_list":["post-3596","product","type-product","status-publish","format-standard","has-post-thumbnail","hentry","product-categories-chafing-dish","product-tag-fuel-chafing-dish","product-tag-round-chafing-dish"],"acf":{"title":"Venta Caliente Moderno Chafing Dish Acero Inoxidable Buffet Set","title_source":{"label":"Title","type":"text","formatted_value":"Hot Sale Modern Chafing Dish Stainless Steel Buffet Set"},"short_description":"Wholesale modern chafing dish, unique round base hollow pattern design, is high quality stylish food warmer solutions. Dongzhaowei chafing dish factory direct sales, provide OEM and ODM solutions at competitive price.","short_description_source":{"label":"Short description","type":"textarea","formatted_value":"Wholesale modern chafing dish, unique round base hollow pattern design, is high quality stylish food warmer solutions. Dongzhaowei chafing dish factory direct sales, provide OEM and ODM solutions at competitive price."},"parameters":"<table border=\"0\" width=\"275\" cellspacing=\"0\" cellpadding=\"0\">\r\n<tbody>\r\n<tr>\r\n<td width=\"108\" height=\"17\">Manufacturer<\/td>\r\n<td width=\"167\">DONGZHAOWEI<\/td>\r\n<\/tr>\r\n<tr>\r\n<td height=\"17\">Material<\/td>\r\n<td>Stainless Steel 201<\/td>\r\n<\/tr>\r\n<tr>\r\n<td height=\"17\">Capacity<\/td>\r\n<td>4.5L<\/td>\r\n<\/tr>\r\n<tr>\r\n<td height=\"17\">Color<\/td>\r\n<td>Golden \/ Black<\/td>\r\n<\/tr>\r\n<tr>\r\n<td height=\"17\">Design<\/td>\r\n<td>Round shape<\/td>\r\n<\/tr>\r\n<tr>\r\n<td height=\"17\">Tray<\/td>\r\n<td>No divided \/ Divided tray<\/td>\r\n<\/tr>\r\n<tr>\r\n<td height=\"17\">Lid type<\/td>\r\n<td>Removable lid<\/td>\r\n<\/tr>\r\n<tr>\r\n<td height=\"17\">Heat<\/td>\r\n<td>Fuel<\/td>\r\n<\/tr>\r\n<tr>\r\n<td height=\"17\">Custom<\/td>\r\n<td>Color\/Logo\/Package<\/td>\r\n<\/tr>\r\n<\/tbody>\r\n<\/table>","parameters_source":{"label":"Parameters","type":"wysiwyg","formatted_value":"<table border=\"0\" width=\"275\" cellspacing=\"0\" cellpadding=\"0\">\n<tbody>\n<tr>\n<td width=\"108\" height=\"17\">Manufacturer<\/td>\n<td width=\"167\">DONGZHAOWEI<\/td>\n<\/tr>\n<tr>\n<td height=\"17\">Material<\/td>\n<td>Stainless Steel 201<\/td>\n<\/tr>\n<tr>\n<td height=\"17\">Capacity<\/td>\n<td>4.5L<\/td>\n<\/tr>\n<tr>\n<td height=\"17\">Color<\/td>\n<td>Golden \/ Black<\/td>\n<\/tr>\n<tr>\n<td height=\"17\">Design<\/td>\n<td>Round shape<\/td>\n<\/tr>\n<tr>\n<td height=\"17\">Tray<\/td>\n<td>No divided \/ Divided tray<\/td>\n<\/tr>\n<tr>\n<td height=\"17\">Lid type<\/td>\n<td>Removable lid<\/td>\n<\/tr>\n<tr>\n<td height=\"17\">Heat<\/td>\n<td>Fuel<\/td>\n<\/tr>\n<tr>\n<td height=\"17\">Custom<\/td>\n<td>Color\/Logo\/Package<\/td>\n<\/tr>\n<\/tbody>\n<\/table>\n"},"photo_gallery":{"product_gallery":[[{"id":3598,"title":"wholesale-modern-chafing-dish-2","caption":"wholesale-modern-chafing-dish","full_image_url":"https:\/\/www.dzwchafingdish.com\/wp-content\/uploads\/2024\/03\/wholesale-modern-chafing-dish-2.webp","thumbnail_image_url":"https:\/\/www.dzwchafingdish.com\/wp-content\/uploads\/2024\/03\/wholesale-modern-chafing-dish-2-150x150.webp","large_srcset":"https:\/\/www.dzwchafingdish.com\/wp-content\/uploads\/2024\/03\/wholesale-modern-chafing-dish-2.webp 800w, https:\/\/www.dzwchafingdish.com\/wp-content\/uploads\/2024\/03\/wholesale-modern-chafing-dish-2-300x300.webp 300w, https:\/\/www.dzwchafingdish.com\/wp-content\/uploads\/2024\/03\/wholesale-modern-chafing-dish-2-150x150.webp 150w, https:\/\/www.dzwchafingdish.com\/wp-content\/uploads\/2024\/03\/wholesale-modern-chafing-dish-2-768x768.webp 768w","medium_srcset":"https:\/\/www.dzwchafingdish.com\/wp-content\/uploads\/2024\/03\/wholesale-modern-chafing-dish-2-300x300.webp 300w, https:\/\/www.dzwchafingdish.com\/wp-content\/uploads\/2024\/03\/wholesale-modern-chafing-dish-2-150x150.webp 150w, https:\/\/www.dzwchafingdish.com\/wp-content\/uploads\/2024\/03\/wholesale-modern-chafing-dish-2-768x768.webp 768w, https:\/\/www.dzwchafingdish.com\/wp-content\/uploads\/2024\/03\/wholesale-modern-chafing-dish-2.webp 800w","media_details":{"width":800,"height":800,"sizes":{"medium":{"file":"wholesale-modern-chafing-dish-2-300x300.webp","width":300,"height":300,"mime-type":"image\/webp","filesize":9342,"source_url":"https:\/\/www.dzwchafingdish.com\/wp-content\/uploads\/2024\/03\/wholesale-modern-chafing-dish-2-300x300.webp"},"thumbnail":{"file":"wholesale-modern-chafing-dish-2-150x150.webp","width":150,"height":150,"mime-type":"image\/webp","filesize":2898,"source_url":"https:\/\/www.dzwchafingdish.com\/wp-content\/uploads\/2024\/03\/wholesale-modern-chafing-dish-2-150x150.webp"},"medium_large":{"file":"wholesale-modern-chafing-dish-2-768x768.webp","width":768,"height":768,"mime-type":"image\/webp","filesize":42682,"source_url":"https:\/\/www.dzwchafingdish.com\/wp-content\/uploads\/2024\/03\/wholesale-modern-chafing-dish-2-768x768.webp"}}},"alt_text":"wholesale-modern-chafing-dish","url":"","target":""},{"id":3597,"title":"wholesale-modern-chafing-dish-1","caption":"wholesale-modern-chafing-dish","full_image_url":"https:\/\/www.dzwchafingdish.com\/wp-content\/uploads\/2024\/03\/wholesale-modern-chafing-dish-1.webp","thumbnail_image_url":"https:\/\/www.dzwchafingdish.com\/wp-content\/uploads\/2024\/03\/wholesale-modern-chafing-dish-1-150x150.webp","large_srcset":"https:\/\/www.dzwchafingdish.com\/wp-content\/uploads\/2024\/03\/wholesale-modern-chafing-dish-1.webp 971w, https:\/\/www.dzwchafingdish.com\/wp-content\/uploads\/2024\/03\/wholesale-modern-chafing-dish-1-300x300.webp 300w, https:\/\/www.dzwchafingdish.com\/wp-content\/uploads\/2024\/03\/wholesale-modern-chafing-dish-1-150x150.webp 150w, https:\/\/www.dzwchafingdish.com\/wp-content\/uploads\/2024\/03\/wholesale-modern-chafing-dish-1-768x767.webp 768w","medium_srcset":"https:\/\/www.dzwchafingdish.com\/wp-content\/uploads\/2024\/03\/wholesale-modern-chafing-dish-1-300x300.webp 300w, https:\/\/www.dzwchafingdish.com\/wp-content\/uploads\/2024\/03\/wholesale-modern-chafing-dish-1-150x150.webp 150w, https:\/\/www.dzwchafingdish.com\/wp-content\/uploads\/2024\/03\/wholesale-modern-chafing-dish-1-768x767.webp 768w, https:\/\/www.dzwchafingdish.com\/wp-content\/uploads\/2024\/03\/wholesale-modern-chafing-dish-1.webp 971w","media_details":{"width":971,"height":970,"sizes":{"medium":{"file":"wholesale-modern-chafing-dish-1-300x300.webp","width":300,"height":300,"mime-type":"image\/webp","filesize":8466,"source_url":"https:\/\/www.dzwchafingdish.com\/wp-content\/uploads\/2024\/03\/wholesale-modern-chafing-dish-1-300x300.webp"},"thumbnail":{"file":"wholesale-modern-chafing-dish-1-150x150.webp","width":150,"height":150,"mime-type":"image\/webp","filesize":2800,"source_url":"https:\/\/www.dzwchafingdish.com\/wp-content\/uploads\/2024\/03\/wholesale-modern-chafing-dish-1-150x150.webp"},"medium_large":{"file":"wholesale-modern-chafing-dish-1-768x767.webp","width":768,"height":767,"mime-type":"image\/webp","filesize":35092,"source_url":"https:\/\/www.dzwchafingdish.com\/wp-content\/uploads\/2024\/03\/wholesale-modern-chafing-dish-1-768x767.webp"}}},"alt_text":"wholesale-modern-chafing-dish","url":"","target":""},{"id":3602,"title":"wholesale-modern-chafing-dish-6","caption":"wholesale-modern-chafing-dish","full_image_url":"https:\/\/www.dzwchafingdish.com\/wp-content\/uploads\/2024\/03\/wholesale-modern-chafing-dish-6.webp","thumbnail_image_url":"https:\/\/www.dzwchafingdish.com\/wp-content\/uploads\/2024\/03\/wholesale-modern-chafing-dish-6-150x150.webp","large_srcset":"https:\/\/www.dzwchafingdish.com\/wp-content\/uploads\/2024\/03\/wholesale-modern-chafing-dish-6.webp 800w, https:\/\/www.dzwchafingdish.com\/wp-content\/uploads\/2024\/03\/wholesale-modern-chafing-dish-6-300x300.webp 300w, https:\/\/www.dzwchafingdish.com\/wp-content\/uploads\/2024\/03\/wholesale-modern-chafing-dish-6-150x150.webp 150w, https:\/\/www.dzwchafingdish.com\/wp-content\/uploads\/2024\/03\/wholesale-modern-chafing-dish-6-768x768.webp 768w","medium_srcset":"https:\/\/www.dzwchafingdish.com\/wp-content\/uploads\/2024\/03\/wholesale-modern-chafing-dish-6-300x300.webp 300w, https:\/\/www.dzwchafingdish.com\/wp-content\/uploads\/2024\/03\/wholesale-modern-chafing-dish-6-150x150.webp 150w, https:\/\/www.dzwchafingdish.com\/wp-content\/uploads\/2024\/03\/wholesale-modern-chafing-dish-6-768x768.webp 768w, https:\/\/www.dzwchafingdish.com\/wp-content\/uploads\/2024\/03\/wholesale-modern-chafing-dish-6.webp 800w","media_details":{"width":800,"height":800,"sizes":{"medium":{"file":"wholesale-modern-chafing-dish-6-300x300.webp","width":300,"height":300,"mime-type":"image\/webp","filesize":16020,"source_url":"https:\/\/www.dzwchafingdish.com\/wp-content\/uploads\/2024\/03\/wholesale-modern-chafing-dish-6-300x300.webp"},"thumbnail":{"file":"wholesale-modern-chafing-dish-6-150x150.webp","width":150,"height":150,"mime-type":"image\/webp","filesize":5256,"source_url":"https:\/\/www.dzwchafingdish.com\/wp-content\/uploads\/2024\/03\/wholesale-modern-chafing-dish-6-150x150.webp"},"medium_large":{"file":"wholesale-modern-chafing-dish-6-768x768.webp","width":768,"height":768,"mime-type":"image\/webp","filesize":65310,"source_url":"https:\/\/www.dzwchafingdish.com\/wp-content\/uploads\/2024\/03\/wholesale-modern-chafing-dish-6-768x768.webp"}}},"alt_text":"wholesale-modern-chafing-dish","url":"","target":""},{"id":3601,"title":"wholesale-modern-chafing-dish-5","caption":"wholesale-modern-chafing-dish","full_image_url":"https:\/\/www.dzwchafingdish.com\/wp-content\/uploads\/2024\/03\/wholesale-modern-chafing-dish-5.webp","thumbnail_image_url":"https:\/\/www.dzwchafingdish.com\/wp-content\/uploads\/2024\/03\/wholesale-modern-chafing-dish-5-150x150.webp","large_srcset":"https:\/\/www.dzwchafingdish.com\/wp-content\/uploads\/2024\/03\/wholesale-modern-chafing-dish-5.webp 800w, https:\/\/www.dzwchafingdish.com\/wp-content\/uploads\/2024\/03\/wholesale-modern-chafing-dish-5-300x300.webp 300w, https:\/\/www.dzwchafingdish.com\/wp-content\/uploads\/2024\/03\/wholesale-modern-chafing-dish-5-150x150.webp 150w, https:\/\/www.dzwchafingdish.com\/wp-content\/uploads\/2024\/03\/wholesale-modern-chafing-dish-5-768x768.webp 768w","medium_srcset":"https:\/\/www.dzwchafingdish.com\/wp-content\/uploads\/2024\/03\/wholesale-modern-chafing-dish-5-300x300.webp 300w, https:\/\/www.dzwchafingdish.com\/wp-content\/uploads\/2024\/03\/wholesale-modern-chafing-dish-5-150x150.webp 150w, https:\/\/www.dzwchafingdish.com\/wp-content\/uploads\/2024\/03\/wholesale-modern-chafing-dish-5-768x768.webp 768w, https:\/\/www.dzwchafingdish.com\/wp-content\/uploads\/2024\/03\/wholesale-modern-chafing-dish-5.webp 800w","media_details":{"width":800,"height":800,"sizes":{"medium":{"file":"wholesale-modern-chafing-dish-5-300x300.webp","width":300,"height":300,"mime-type":"image\/webp","filesize":15946,"source_url":"https:\/\/www.dzwchafingdish.com\/wp-content\/uploads\/2024\/03\/wholesale-modern-chafing-dish-5-300x300.webp"},"thumbnail":{"file":"wholesale-modern-chafing-dish-5-150x150.webp","width":150,"height":150,"mime-type":"image\/webp","filesize":5218,"source_url":"https:\/\/www.dzwchafingdish.com\/wp-content\/uploads\/2024\/03\/wholesale-modern-chafing-dish-5-150x150.webp"},"medium_large":{"file":"wholesale-modern-chafing-dish-5-768x768.webp","width":768,"height":768,"mime-type":"image\/webp","filesize":62602,"source_url":"https:\/\/www.dzwchafingdish.com\/wp-content\/uploads\/2024\/03\/wholesale-modern-chafing-dish-5-768x768.webp"}}},"alt_text":"wholesale-modern-chafing-dish","url":"","target":""},{"id":3600,"title":"wholesale-modern-chafing-dish-4","caption":"wholesale-modern-chafing-dish","full_image_url":"https:\/\/www.dzwchafingdish.com\/wp-content\/uploads\/2024\/03\/wholesale-modern-chafing-dish-4.webp","thumbnail_image_url":"https:\/\/www.dzwchafingdish.com\/wp-content\/uploads\/2024\/03\/wholesale-modern-chafing-dish-4-150x150.webp","large_srcset":"https:\/\/www.dzwchafingdish.com\/wp-content\/uploads\/2024\/03\/wholesale-modern-chafing-dish-4.webp 523w, https:\/\/www.dzwchafingdish.com\/wp-content\/uploads\/2024\/03\/wholesale-modern-chafing-dish-4-300x300.webp 300w, https:\/\/www.dzwchafingdish.com\/wp-content\/uploads\/2024\/03\/wholesale-modern-chafing-dish-4-150x150.webp 150w","medium_srcset":"https:\/\/www.dzwchafingdish.com\/wp-content\/uploads\/2024\/03\/wholesale-modern-chafing-dish-4-300x300.webp 300w, https:\/\/www.dzwchafingdish.com\/wp-content\/uploads\/2024\/03\/wholesale-modern-chafing-dish-4-150x150.webp 150w, https:\/\/www.dzwchafingdish.com\/wp-content\/uploads\/2024\/03\/wholesale-modern-chafing-dish-4.webp 523w","media_details":{"width":523,"height":523,"sizes":{"medium":{"file":"wholesale-modern-chafing-dish-4-300x300.webp","width":300,"height":300,"mime-type":"image\/webp","filesize":16658,"source_url":"https:\/\/www.dzwchafingdish.com\/wp-content\/uploads\/2024\/03\/wholesale-modern-chafing-dish-4-300x300.webp"},"thumbnail":{"file":"wholesale-modern-chafing-dish-4-150x150.webp","width":150,"height":150,"mime-type":"image\/webp","filesize":5224,"source_url":"https:\/\/www.dzwchafingdish.com\/wp-content\/uploads\/2024\/03\/wholesale-modern-chafing-dish-4-150x150.webp"}}},"alt_text":"wholesale-modern-chafing-dish","url":"","target":""},{"id":3599,"title":"wholesale-modern-chafing-dish-3","caption":"wholesale-modern-chafing-dish","full_image_url":"https:\/\/www.dzwchafingdish.com\/wp-content\/uploads\/2024\/03\/wholesale-modern-chafing-dish-3.webp","thumbnail_image_url":"https:\/\/www.dzwchafingdish.com\/wp-content\/uploads\/2024\/03\/wholesale-modern-chafing-dish-3-150x150.webp","large_srcset":"https:\/\/www.dzwchafingdish.com\/wp-content\/uploads\/2024\/03\/wholesale-modern-chafing-dish-3.webp 818w, https:\/\/www.dzwchafingdish.com\/wp-content\/uploads\/2024\/03\/wholesale-modern-chafing-dish-3-300x300.webp 300w, https:\/\/www.dzwchafingdish.com\/wp-content\/uploads\/2024\/03\/wholesale-modern-chafing-dish-3-150x150.webp 150w, https:\/\/www.dzwchafingdish.com\/wp-content\/uploads\/2024\/03\/wholesale-modern-chafing-dish-3-768x768.webp 768w","medium_srcset":"https:\/\/www.dzwchafingdish.com\/wp-content\/uploads\/2024\/03\/wholesale-modern-chafing-dish-3-300x300.webp 300w, https:\/\/www.dzwchafingdish.com\/wp-content\/uploads\/2024\/03\/wholesale-modern-chafing-dish-3-150x150.webp 150w, https:\/\/www.dzwchafingdish.com\/wp-content\/uploads\/2024\/03\/wholesale-modern-chafing-dish-3-768x768.webp 768w, https:\/\/www.dzwchafingdish.com\/wp-content\/uploads\/2024\/03\/wholesale-modern-chafing-dish-3.webp 818w","media_details":{"width":818,"height":818,"sizes":{"medium":{"file":"wholesale-modern-chafing-dish-3-300x300.webp","width":300,"height":300,"mime-type":"image\/webp","filesize":21834,"source_url":"https:\/\/www.dzwchafingdish.com\/wp-content\/uploads\/2024\/03\/wholesale-modern-chafing-dish-3-300x300.webp"},"thumbnail":{"file":"wholesale-modern-chafing-dish-3-150x150.webp","width":150,"height":150,"mime-type":"image\/webp","filesize":6104,"source_url":"https:\/\/www.dzwchafingdish.com\/wp-content\/uploads\/2024\/03\/wholesale-modern-chafing-dish-3-150x150.webp"},"medium_large":{"file":"wholesale-modern-chafing-dish-3-768x768.webp","width":768,"height":768,"mime-type":"image\/webp","filesize":97838,"source_url":"https:\/\/www.dzwchafingdish.com\/wp-content\/uploads\/2024\/03\/wholesale-modern-chafing-dish-3-768x768.webp"}}},"alt_text":"wholesale-modern-chafing-dish","url":"","target":""}]]}},"_links":{"self":[{"href":"https:\/\/www.dzwchafingdish.com\/es\/wp-json\/wp\/v2\/product\/3596","targetHints":{"allow":["GET"]}}],"collection":[{"href":"https:\/\/www.dzwchafingdish.com\/es\/wp-json\/wp\/v2\/product"}],"about":[{"href":"https:\/\/www.dzwchafingdish.com\/es\/wp-json\/wp\/v2\/types\/product"}],"author":[{"embeddable":true,"href":"https:\/\/www.dzwchafingdish.com\/es\/wp-json\/wp\/v2\/users\/3"}],"version-history":[{"count":0,"href":"https:\/\/www.dzwchafingdish.com\/es\/wp-json\/wp\/v2\/product\/3596\/revisions"}],"wp:featuredmedia":[{"embeddable":true,"href":"https:\/\/www.dzwchafingdish.com\/es\/wp-json\/wp\/v2\/media\/3597"}],"wp:attachment":[{"href":"https:\/\/www.dzwchafingdish.com\/es\/wp-json\/wp\/v2\/media?parent=3596"}],"wp:term":[{"taxonomy":"product-categories","embeddable":true,"href":"https:\/\/www.dzwchafingdish.com\/es\/wp-json\/wp\/v2\/product-categories?post=3596"},{"taxonomy":"product-tag","embeddable":true,"href":"https:\/\/www.dzwchafingdish.com\/es\/wp-json\/wp\/v2\/product-tag?post=3596"}],"curies":[{"name":"wp","href":"https:\/\/api.w.org\/{rel}","templated":true}]}}