{"id":3626,"date":"2024-04-29T08:40:38","date_gmt":"2024-04-29T08:40:38","guid":{"rendered":"https:\/\/www.dzwchafingdish.com\/?post_type=product&#038;p=3626"},"modified":"2024-06-15T03:59:12","modified_gmt":"2024-06-15T03:59:12","slug":"stainless-steel-chafer","status":"publish","type":"product","link":"https:\/\/www.dzwchafingdish.com\/es\/product\/stainless-steel-chafer\/","title":{"rendered":"Artesa de acero inoxidable personalizada con dise\u00f1o de encaje y soporte para tapa"},"content":{"rendered":"<div class=\"wp-block-columns is-layout-flex wp-container-core-columns-is-layout-28f84493 wp-block-columns-is-layout-flex\">\n<div class=\"wp-block-column is-vertically-aligned-center is-layout-flow wp-block-column-is-layout-flow\">\n<h2 class=\"wp-block-heading\">Chafer de acero inoxidable <strong>Dimensi\u00f3n<\/strong><\/h2>\n\n\n\n<figure class=\"wp-block-table\"><table><tbody><tr><td>PUNTO NO.<\/td><td>TALLA<\/td><td>LONGITUD<\/td><td>AMPLIO<\/td><td>ALTO<\/td><td>N.W \/SET<\/td><\/tr><tr><td>DZW-DS045<\/td><td>4.5L<\/td><td>38,5 cm<\/td><td>32 cm<\/td><td>66 cm<\/td><td>2950 g<\/td><\/tr><tr><td>DZW-DS245<\/td><td>4.5L<\/td><td>38,5 cm<\/td><td>32 cm<\/td><td>66 cm<\/td><td>2950 g<\/td><\/tr><tr><td>DZW-DS080<\/td><td>8.0L<\/td><td>42,5 cm<\/td><td>38 cm<\/td><td>66 cm<\/td><td>3750 g<\/td><\/tr><tr><td>DZW-DS280<\/td><td>8.0L<\/td><td>42,5 cm<\/td><td>38 cm<\/td><td>66 cm<\/td><td>3750 g<\/td><\/tr><\/tbody><\/table><\/figure>\n<\/div>\n\n\n\n<div class=\"wp-block-column is-layout-flow wp-block-column-is-layout-flow\">\n<figure class=\"wp-block-image aligncenter size-full is-resized\"><img fetchpriority=\"high\" decoding=\"async\" width=\"1000\" height=\"1000\" src=\"https:\/\/www.dzwchafingdish.com\/wp-content\/uploads\/2024\/03\/wholesale-stainless-steel-chafer-4.webp\" alt=\"venta al por mayor de obleas de acero inoxidable\" class=\"wp-image-3630\" style=\"width:474px;height:auto\" srcset=\"https:\/\/www.dzwchafingdish.com\/wp-content\/uploads\/2024\/03\/wholesale-stainless-steel-chafer-4.webp 1000w, https:\/\/www.dzwchafingdish.com\/wp-content\/uploads\/2024\/03\/wholesale-stainless-steel-chafer-4-300x300.webp 300w, https:\/\/www.dzwchafingdish.com\/wp-content\/uploads\/2024\/03\/wholesale-stainless-steel-chafer-4-150x150.webp 150w, https:\/\/www.dzwchafingdish.com\/wp-content\/uploads\/2024\/03\/wholesale-stainless-steel-chafer-4-768x768.webp 768w\" sizes=\"(max-width: 1000px) 100vw, 1000px\" \/><\/figure>\n<\/div>\n<\/div>\n\n\n\n<div class=\"wp-block-columns is-layout-flex wp-container-core-columns-is-layout-28f84493 wp-block-columns-is-layout-flex\">\n<div class=\"wp-block-column is-layout-flow wp-block-column-is-layout-flow\">\n<figure class=\"wp-block-image aligncenter size-full is-resized\"><img decoding=\"async\" width=\"945\" height=\"1257\" src=\"https:\/\/www.dzwchafingdish.com\/wp-content\/uploads\/2024\/03\/wholesale-stainless-steel-chafer-2.webp\" alt=\"venta al por mayor de obleas de acero inoxidable\" class=\"wp-image-3628\" style=\"width:424px;height:auto\" srcset=\"https:\/\/www.dzwchafingdish.com\/wp-content\/uploads\/2024\/03\/wholesale-stainless-steel-chafer-2.webp 945w, https:\/\/www.dzwchafingdish.com\/wp-content\/uploads\/2024\/03\/wholesale-stainless-steel-chafer-2-226x300.webp 226w, https:\/\/www.dzwchafingdish.com\/wp-content\/uploads\/2024\/03\/wholesale-stainless-steel-chafer-2-768x1022.webp 768w\" sizes=\"(max-width: 945px) 100vw, 945px\" \/><\/figure>\n<\/div>\n\n\n\n<div class=\"wp-block-column is-vertically-aligned-center is-layout-flow wp-block-column-is-layout-flow\">\n<h2 class=\"wp-block-heading\"><strong>Caracter\u00edsticas:<\/strong><\/h2>\n\n\n\n<ul class=\"wp-block-list\">\n<li>Dise\u00f1o cl\u00e1sico: Su exclusivo dise\u00f1o cl\u00e1sico incorpora elegantes formas de encaje para a\u00f1adir un ambiente sofisticado a la cena.<\/li>\n\n\n\n<li>Pr\u00e1ctico: Equipado con tapa y rejilla de tapa, para evitar que los alimentos sean contaminados por el ambiente externo, sino tambi\u00e9n para mantener la temperatura y la humedad de los alimentos, para garantizar el sabor y la calidad de los alimentos.<\/li>\n\n\n\n<li>Material de alta calidad: Hecho de acero inoxidable 201 de alta calidad, duradero y resistente a la corrosi\u00f3n, no es f\u00e1cil de oxidar durante mucho tiempo, f\u00e1cil de limpiar y mantener.<\/li>\n\n\n\n<li>Fuerte soporte y estabilidad: su dise\u00f1o de soporte y selecci\u00f3n de materiales son robustos y duraderos, lo que puede soportar firmemente toda la cocina, haci\u00e9ndola m\u00e1s estable y fiable durante su uso.<\/li>\n<\/ul>\n<\/div>\n<\/div>","protected":false},"excerpt":{"rendered":"<p>Chafer de acero inoxidable Dimensi\u00f3n ART\u00cdCULO NO. TALLA LARGO ANCHO ALTO N.W \/SET DZW-DS045 4.5L 38.5 cm 32 cm 66 cm 2950 g DZW-DS245 4.5L 38.5 cm 32 cm 66 cm 2950 g DZW-DS080 8.0L 42.5 cm 38 cm 66 cm 3750 g DZW-DS280 8.0L 42.5 cm 38 cm 66 cm 3750 g Premium Acero Inoxidable [...].<\/p>","protected":false},"author":3,"featured_media":3627,"parent":0,"menu_order":0,"template":"","format":"standard","meta":{"_acf_changed":false,"site-sidebar-layout":"default","site-content-layout":"","ast-site-content-layout":"default","site-content-style":"default","site-sidebar-style":"default","ast-global-header-display":"","ast-banner-title-visibility":"","ast-main-header-display":"","ast-hfb-above-header-display":"","ast-hfb-below-header-display":"","ast-hfb-mobile-header-display":"","site-post-title":"","ast-breadcrumbs-content":"","ast-featured-img":"","footer-sml-layout":"","theme-transparent-header-meta":"","adv-header-id-meta":"","stick-header-meta":"","header-above-stick-meta":"","header-main-stick-meta":"","header-below-stick-meta":"","astra-migrate-meta-layouts":"default","ast-page-background-enabled":"default","ast-page-background-meta":{"desktop":{"background-color":"var(--ast-global-color-4)","background-image":"","background-repeat":"repeat","background-position":"center center","background-size":"auto","background-attachment":"scroll","background-type":"","background-media":"","overlay-type":"","overlay-color":"","overlay-opacity":"","overlay-gradient":""},"tablet":{"background-color":"","background-image":"","background-repeat":"repeat","background-position":"center center","background-size":"auto","background-attachment":"scroll","background-type":"","background-media":"","overlay-type":"","overlay-color":"","overlay-opacity":"","overlay-gradient":""},"mobile":{"background-color":"","background-image":"","background-repeat":"repeat","background-position":"center center","background-size":"auto","background-attachment":"scroll","background-type":"","background-media":"","overlay-type":"","overlay-color":"","overlay-opacity":"","overlay-gradient":""}},"ast-content-background-meta":{"desktop":{"background-color":"var(--ast-global-color-5)","background-image":"","background-repeat":"repeat","background-position":"center center","background-size":"auto","background-attachment":"scroll","background-type":"","background-media":"","overlay-type":"","overlay-color":"","overlay-opacity":"","overlay-gradient":""},"tablet":{"background-color":"var(--ast-global-color-5)","background-image":"","background-repeat":"repeat","background-position":"center center","background-size":"auto","background-attachment":"scroll","background-type":"","background-media":"","overlay-type":"","overlay-color":"","overlay-opacity":"","overlay-gradient":""},"mobile":{"background-color":"var(--ast-global-color-5)","background-image":"","background-repeat":"repeat","background-position":"center center","background-size":"auto","background-attachment":"scroll","background-type":"","background-media":"","overlay-type":"","overlay-color":"","overlay-opacity":"","overlay-gradient":""}},"footnotes":""},"product-categories":[63],"product-tag":[97,90,91],"class_list":["post-3626","product","type-product","status-publish","format-standard","has-post-thumbnail","hentry","product-categories-chafing-dish","product-tag-chafing-dish-with-hanging-lid","product-tag-fuel-chafing-dish","product-tag-round-chafing-dish"],"acf":{"title":"Artesa de acero inoxidable personalizada con dise\u00f1o de encaje y soporte para tapa","title_source":{"label":"Title","type":"text","formatted_value":"Custom Stainless Steel Chafer with Lace Design and Lid Holder"},"short_description":"Gold stainless steel chafer with hanging lid, unique design suitable for all scenarios. Our chafing dish factory direct sales, provide wholesale customized chafing dish solutions. Contact us for a free quote now.","short_description_source":{"label":"Short description","type":"textarea","formatted_value":"Gold stainless steel chafer with hanging lid, unique design suitable for all scenarios. Our chafing dish factory direct sales, provide wholesale customized chafing dish solutions. Contact us for a free quote now."},"parameters":"<table border=\"0\" width=\"275\" cellspacing=\"0\" cellpadding=\"0\">\r\n<tbody>\r\n<tr>\r\n<td width=\"108\" height=\"17\">Manufacturer<\/td>\r\n<td width=\"167\">DONGZHAOWEI<\/td>\r\n<\/tr>\r\n<tr>\r\n<td height=\"17\">Material<\/td>\r\n<td>Stainless Steel 201<\/td>\r\n<\/tr>\r\n<tr>\r\n<td height=\"17\">Capacity<\/td>\r\n<td>4.5L; 8.0L<\/td>\r\n<\/tr>\r\n<tr>\r\n<td height=\"17\">Color<\/td>\r\n<td>Golden \/ Silver<\/td>\r\n<\/tr>\r\n<tr>\r\n<td height=\"17\">Design<\/td>\r\n<td>Round shape<\/td>\r\n<\/tr>\r\n<tr>\r\n<td height=\"17\">Tray<\/td>\r\n<td>No divided \/ Divided tray<\/td>\r\n<\/tr>\r\n<tr>\r\n<td height=\"17\">Lid type<\/td>\r\n<td>Hanging lid<\/td>\r\n<\/tr>\r\n<tr>\r\n<td height=\"17\">Heat<\/td>\r\n<td>Fuel<\/td>\r\n<\/tr>\r\n<tr>\r\n<td height=\"17\">Custom<\/td>\r\n<td>Color\/Logo\/Package<\/td>\r\n<\/tr>\r\n<\/tbody>\r\n<\/table>","parameters_source":{"label":"Parameters","type":"wysiwyg","formatted_value":"<table border=\"0\" width=\"275\" cellspacing=\"0\" cellpadding=\"0\">\n<tbody>\n<tr>\n<td width=\"108\" height=\"17\">Manufacturer<\/td>\n<td width=\"167\">DONGZHAOWEI<\/td>\n<\/tr>\n<tr>\n<td height=\"17\">Material<\/td>\n<td>Stainless Steel 201<\/td>\n<\/tr>\n<tr>\n<td height=\"17\">Capacity<\/td>\n<td>4.5L; 8.0L<\/td>\n<\/tr>\n<tr>\n<td height=\"17\">Color<\/td>\n<td>Golden \/ Silver<\/td>\n<\/tr>\n<tr>\n<td height=\"17\">Design<\/td>\n<td>Round shape<\/td>\n<\/tr>\n<tr>\n<td height=\"17\">Tray<\/td>\n<td>No divided \/ Divided tray<\/td>\n<\/tr>\n<tr>\n<td height=\"17\">Lid type<\/td>\n<td>Hanging lid<\/td>\n<\/tr>\n<tr>\n<td height=\"17\">Heat<\/td>\n<td>Fuel<\/td>\n<\/tr>\n<tr>\n<td height=\"17\">Custom<\/td>\n<td>Color\/Logo\/Package<\/td>\n<\/tr>\n<\/tbody>\n<\/table>\n"},"photo_gallery":{"product_gallery":[[{"id":3627,"title":"wholesale-stainless-steel-chafer-1","caption":"wholesale-stainless-steel-chafer","full_image_url":"https:\/\/www.dzwchafingdish.com\/wp-content\/uploads\/2024\/03\/wholesale-stainless-steel-chafer-1.webp","thumbnail_image_url":"https:\/\/www.dzwchafingdish.com\/wp-content\/uploads\/2024\/03\/wholesale-stainless-steel-chafer-1-150x150.webp","large_srcset":"https:\/\/www.dzwchafingdish.com\/wp-content\/uploads\/2024\/03\/wholesale-stainless-steel-chafer-1.webp 1000w, https:\/\/www.dzwchafingdish.com\/wp-content\/uploads\/2024\/03\/wholesale-stainless-steel-chafer-1-300x300.webp 300w, https:\/\/www.dzwchafingdish.com\/wp-content\/uploads\/2024\/03\/wholesale-stainless-steel-chafer-1-150x150.webp 150w, https:\/\/www.dzwchafingdish.com\/wp-content\/uploads\/2024\/03\/wholesale-stainless-steel-chafer-1-768x768.webp 768w","medium_srcset":"https:\/\/www.dzwchafingdish.com\/wp-content\/uploads\/2024\/03\/wholesale-stainless-steel-chafer-1-300x300.webp 300w, https:\/\/www.dzwchafingdish.com\/wp-content\/uploads\/2024\/03\/wholesale-stainless-steel-chafer-1-150x150.webp 150w, https:\/\/www.dzwchafingdish.com\/wp-content\/uploads\/2024\/03\/wholesale-stainless-steel-chafer-1-768x768.webp 768w, https:\/\/www.dzwchafingdish.com\/wp-content\/uploads\/2024\/03\/wholesale-stainless-steel-chafer-1.webp 1000w","media_details":{"width":1000,"height":1000,"sizes":{"medium":{"file":"wholesale-stainless-steel-chafer-1-300x300.webp","width":300,"height":300,"mime-type":"image\/webp","filesize":10944,"source_url":"https:\/\/www.dzwchafingdish.com\/wp-content\/uploads\/2024\/03\/wholesale-stainless-steel-chafer-1-300x300.webp"},"thumbnail":{"file":"wholesale-stainless-steel-chafer-1-150x150.webp","width":150,"height":150,"mime-type":"image\/webp","filesize":3642,"source_url":"https:\/\/www.dzwchafingdish.com\/wp-content\/uploads\/2024\/03\/wholesale-stainless-steel-chafer-1-150x150.webp"},"medium_large":{"file":"wholesale-stainless-steel-chafer-1-768x768.webp","width":768,"height":768,"mime-type":"image\/webp","filesize":42680,"source_url":"https:\/\/www.dzwchafingdish.com\/wp-content\/uploads\/2024\/03\/wholesale-stainless-steel-chafer-1-768x768.webp"}}},"alt_text":"wholesale-stainless-steel-chafer","url":"","target":""},{"id":3630,"title":"wholesale-stainless-steel-chafer-4","caption":"wholesale-stainless-steel-chafer","full_image_url":"https:\/\/www.dzwchafingdish.com\/wp-content\/uploads\/2024\/03\/wholesale-stainless-steel-chafer-4.webp","thumbnail_image_url":"https:\/\/www.dzwchafingdish.com\/wp-content\/uploads\/2024\/03\/wholesale-stainless-steel-chafer-4-150x150.webp","large_srcset":"https:\/\/www.dzwchafingdish.com\/wp-content\/uploads\/2024\/03\/wholesale-stainless-steel-chafer-4.webp 1000w, https:\/\/www.dzwchafingdish.com\/wp-content\/uploads\/2024\/03\/wholesale-stainless-steel-chafer-4-300x300.webp 300w, https:\/\/www.dzwchafingdish.com\/wp-content\/uploads\/2024\/03\/wholesale-stainless-steel-chafer-4-150x150.webp 150w, https:\/\/www.dzwchafingdish.com\/wp-content\/uploads\/2024\/03\/wholesale-stainless-steel-chafer-4-768x768.webp 768w","medium_srcset":"https:\/\/www.dzwchafingdish.com\/wp-content\/uploads\/2024\/03\/wholesale-stainless-steel-chafer-4-300x300.webp 300w, https:\/\/www.dzwchafingdish.com\/wp-content\/uploads\/2024\/03\/wholesale-stainless-steel-chafer-4-150x150.webp 150w, https:\/\/www.dzwchafingdish.com\/wp-content\/uploads\/2024\/03\/wholesale-stainless-steel-chafer-4-768x768.webp 768w, https:\/\/www.dzwchafingdish.com\/wp-content\/uploads\/2024\/03\/wholesale-stainless-steel-chafer-4.webp 1000w","media_details":{"width":1000,"height":1000,"sizes":{"medium":{"file":"wholesale-stainless-steel-chafer-4-300x300.webp","width":300,"height":300,"mime-type":"image\/webp","filesize":10104,"source_url":"https:\/\/www.dzwchafingdish.com\/wp-content\/uploads\/2024\/03\/wholesale-stainless-steel-chafer-4-300x300.webp"},"thumbnail":{"file":"wholesale-stainless-steel-chafer-4-150x150.webp","width":150,"height":150,"mime-type":"image\/webp","filesize":3384,"source_url":"https:\/\/www.dzwchafingdish.com\/wp-content\/uploads\/2024\/03\/wholesale-stainless-steel-chafer-4-150x150.webp"},"medium_large":{"file":"wholesale-stainless-steel-chafer-4-768x768.webp","width":768,"height":768,"mime-type":"image\/webp","filesize":41540,"source_url":"https:\/\/www.dzwchafingdish.com\/wp-content\/uploads\/2024\/03\/wholesale-stainless-steel-chafer-4-768x768.webp"}}},"alt_text":"wholesale-stainless-steel-chafer","url":"","target":""},{"id":3629,"title":"wholesale-stainless-steel-chafer-3","caption":"wholesale-stainless-steel-chafer","full_image_url":"https:\/\/www.dzwchafingdish.com\/wp-content\/uploads\/2024\/03\/wholesale-stainless-steel-chafer-3.webp","thumbnail_image_url":"https:\/\/www.dzwchafingdish.com\/wp-content\/uploads\/2024\/03\/wholesale-stainless-steel-chafer-3-150x150.webp","large_srcset":"https:\/\/www.dzwchafingdish.com\/wp-content\/uploads\/2024\/03\/wholesale-stainless-steel-chafer-3.webp 1000w, https:\/\/www.dzwchafingdish.com\/wp-content\/uploads\/2024\/03\/wholesale-stainless-steel-chafer-3-300x300.webp 300w, https:\/\/www.dzwchafingdish.com\/wp-content\/uploads\/2024\/03\/wholesale-stainless-steel-chafer-3-150x150.webp 150w, https:\/\/www.dzwchafingdish.com\/wp-content\/uploads\/2024\/03\/wholesale-stainless-steel-chafer-3-768x768.webp 768w","medium_srcset":"https:\/\/www.dzwchafingdish.com\/wp-content\/uploads\/2024\/03\/wholesale-stainless-steel-chafer-3-300x300.webp 300w, https:\/\/www.dzwchafingdish.com\/wp-content\/uploads\/2024\/03\/wholesale-stainless-steel-chafer-3-150x150.webp 150w, https:\/\/www.dzwchafingdish.com\/wp-content\/uploads\/2024\/03\/wholesale-stainless-steel-chafer-3-768x768.webp 768w, https:\/\/www.dzwchafingdish.com\/wp-content\/uploads\/2024\/03\/wholesale-stainless-steel-chafer-3.webp 1000w","media_details":{"width":1000,"height":1000,"sizes":{"medium":{"file":"wholesale-stainless-steel-chafer-3-300x300.webp","width":300,"height":300,"mime-type":"image\/webp","filesize":9544,"source_url":"https:\/\/www.dzwchafingdish.com\/wp-content\/uploads\/2024\/03\/wholesale-stainless-steel-chafer-3-300x300.webp"},"thumbnail":{"file":"wholesale-stainless-steel-chafer-3-150x150.webp","width":150,"height":150,"mime-type":"image\/webp","filesize":2996,"source_url":"https:\/\/www.dzwchafingdish.com\/wp-content\/uploads\/2024\/03\/wholesale-stainless-steel-chafer-3-150x150.webp"},"medium_large":{"file":"wholesale-stainless-steel-chafer-3-768x768.webp","width":768,"height":768,"mime-type":"image\/webp","filesize":37282,"source_url":"https:\/\/www.dzwchafingdish.com\/wp-content\/uploads\/2024\/03\/wholesale-stainless-steel-chafer-3-768x768.webp"}}},"alt_text":"wholesale-stainless-steel-chafer","url":"","target":""},{"id":3628,"title":"wholesale-stainless-steel-chafer-2","caption":"wholesale-stainless-steel-chafer","full_image_url":"https:\/\/www.dzwchafingdish.com\/wp-content\/uploads\/2024\/03\/wholesale-stainless-steel-chafer-2.webp","thumbnail_image_url":"https:\/\/www.dzwchafingdish.com\/wp-content\/uploads\/2024\/03\/wholesale-stainless-steel-chafer-2-150x150.webp","large_srcset":"https:\/\/www.dzwchafingdish.com\/wp-content\/uploads\/2024\/03\/wholesale-stainless-steel-chafer-2.webp 945w, https:\/\/www.dzwchafingdish.com\/wp-content\/uploads\/2024\/03\/wholesale-stainless-steel-chafer-2-226x300.webp 226w, https:\/\/www.dzwchafingdish.com\/wp-content\/uploads\/2024\/03\/wholesale-stainless-steel-chafer-2-768x1022.webp 768w","medium_srcset":"https:\/\/www.dzwchafingdish.com\/wp-content\/uploads\/2024\/03\/wholesale-stainless-steel-chafer-2-226x300.webp 226w, https:\/\/www.dzwchafingdish.com\/wp-content\/uploads\/2024\/03\/wholesale-stainless-steel-chafer-2-768x1022.webp 768w, https:\/\/www.dzwchafingdish.com\/wp-content\/uploads\/2024\/03\/wholesale-stainless-steel-chafer-2.webp 945w","media_details":{"width":945,"height":1257,"sizes":{"medium":{"file":"wholesale-stainless-steel-chafer-2-226x300.webp","width":226,"height":300,"mime-type":"image\/webp","filesize":8064,"source_url":"https:\/\/www.dzwchafingdish.com\/wp-content\/uploads\/2024\/03\/wholesale-stainless-steel-chafer-2-226x300.webp"},"thumbnail":{"file":"wholesale-stainless-steel-chafer-2-150x150.webp","width":150,"height":150,"mime-type":"image\/webp","filesize":4096,"source_url":"https:\/\/www.dzwchafingdish.com\/wp-content\/uploads\/2024\/03\/wholesale-stainless-steel-chafer-2-150x150.webp"},"medium_large":{"file":"wholesale-stainless-steel-chafer-2-768x1022.webp","width":768,"height":1022,"mime-type":"image\/webp","filesize":57758,"source_url":"https:\/\/www.dzwchafingdish.com\/wp-content\/uploads\/2024\/03\/wholesale-stainless-steel-chafer-2-768x1022.webp"}}},"alt_text":"wholesale-stainless-steel-chafer","url":"","target":""}]]}},"_links":{"self":[{"href":"https:\/\/www.dzwchafingdish.com\/es\/wp-json\/wp\/v2\/product\/3626","targetHints":{"allow":["GET"]}}],"collection":[{"href":"https:\/\/www.dzwchafingdish.com\/es\/wp-json\/wp\/v2\/product"}],"about":[{"href":"https:\/\/www.dzwchafingdish.com\/es\/wp-json\/wp\/v2\/types\/product"}],"author":[{"embeddable":true,"href":"https:\/\/www.dzwchafingdish.com\/es\/wp-json\/wp\/v2\/users\/3"}],"version-history":[{"count":0,"href":"https:\/\/www.dzwchafingdish.com\/es\/wp-json\/wp\/v2\/product\/3626\/revisions"}],"wp:featuredmedia":[{"embeddable":true,"href":"https:\/\/www.dzwchafingdish.com\/es\/wp-json\/wp\/v2\/media\/3627"}],"wp:attachment":[{"href":"https:\/\/www.dzwchafingdish.com\/es\/wp-json\/wp\/v2\/media?parent=3626"}],"wp:term":[{"taxonomy":"product-categories","embeddable":true,"href":"https:\/\/www.dzwchafingdish.com\/es\/wp-json\/wp\/v2\/product-categories?post=3626"},{"taxonomy":"product-tag","embeddable":true,"href":"https:\/\/www.dzwchafingdish.com\/es\/wp-json\/wp\/v2\/product-tag?post=3626"}],"curies":[{"name":"wp","href":"https:\/\/api.w.org\/{rel}","templated":true}]}}