{"id":3644,"date":"2024-03-31T17:04:23","date_gmt":"2024-03-31T17:04:23","guid":{"rendered":"https:\/\/www.dzwchafingdish.com\/?post_type=product&#038;p=3644"},"modified":"2024-06-15T04:59:21","modified_gmt":"2024-06-15T04:59:21","slug":"catering-chafer-wholesale","status":"publish","type":"product","link":"https:\/\/www.dzwchafingdish.com\/es\/product\/catering-chafer-wholesale\/","title":{"rendered":"Nueva llegada al por mayor Catering Chafer con partici\u00f3n de oro"},"content":{"rendered":"<div class=\"wp-block-columns is-layout-flex wp-container-core-columns-is-layout-28f84493 wp-block-columns-is-layout-flex\">\n<div class=\"wp-block-column is-layout-flow wp-block-column-is-layout-flow\">\n<h2 class=\"wp-block-heading\">Catering Chafer <strong>Dimensi\u00f3n<\/strong><\/h2>\n\n\n\n<figure class=\"wp-block-table\"><table><tbody><tr><td>PUNTO NO.<\/td><td>TALLA<\/td><td>LONGITUD<\/td><td>AMPLIO<\/td><td>ALTO<\/td><td>N.W \/SET<\/td><\/tr><tr><td>DZW-NA245<\/td><td>4.5L<\/td><td>42,5 cm<\/td><td>32 cm<\/td><td>72 cm<\/td><td>3000 g<\/td><\/tr><tr><td>DZW-NA260<\/td><td>6.0L<\/td><td>47 cm<\/td><td>36 cm<\/td><td>73 cm<\/td><td>3490 g<\/td><\/tr><tr><td>DZW-NA280<\/td><td>8.0L<\/td><td>43,1 cm<\/td><td>41 cm<\/td><td>73 cm<\/td><td>4200 g<\/td><\/tr><\/tbody><\/table><\/figure>\n<\/div>\n\n\n\n<div class=\"wp-block-column is-layout-flow wp-block-column-is-layout-flow\">\n<figure class=\"wp-block-image size-full\"><img fetchpriority=\"high\" decoding=\"async\" width=\"800\" height=\"800\" src=\"https:\/\/www.dzwchafingdish.com\/wp-content\/uploads\/2024\/03\/custom-catering-chafer-wholesale-2.webp\" alt=\"catering a medida-barquillos-mayoristas\" class=\"wp-image-3646\" srcset=\"https:\/\/www.dzwchafingdish.com\/wp-content\/uploads\/2024\/03\/custom-catering-chafer-wholesale-2.webp 800w, https:\/\/www.dzwchafingdish.com\/wp-content\/uploads\/2024\/03\/custom-catering-chafer-wholesale-2-300x300.webp 300w, https:\/\/www.dzwchafingdish.com\/wp-content\/uploads\/2024\/03\/custom-catering-chafer-wholesale-2-150x150.webp 150w, https:\/\/www.dzwchafingdish.com\/wp-content\/uploads\/2024\/03\/custom-catering-chafer-wholesale-2-768x768.webp 768w\" sizes=\"(max-width: 800px) 100vw, 800px\" \/><\/figure>\n<\/div>\n<\/div>\n\n\n\n<div class=\"wp-block-columns is-layout-flex wp-container-core-columns-is-layout-28f84493 wp-block-columns-is-layout-flex\">\n<div class=\"wp-block-column is-layout-flow wp-block-column-is-layout-flow\">\n<figure class=\"wp-block-image size-full\"><img decoding=\"async\" width=\"800\" height=\"800\" src=\"https:\/\/www.dzwchafingdish.com\/wp-content\/uploads\/2024\/03\/custom-catering-chafer-wholesale-5.webp\" alt=\"catering a medida-barquillos-mayoristas\" class=\"wp-image-3649\" srcset=\"https:\/\/www.dzwchafingdish.com\/wp-content\/uploads\/2024\/03\/custom-catering-chafer-wholesale-5.webp 800w, https:\/\/www.dzwchafingdish.com\/wp-content\/uploads\/2024\/03\/custom-catering-chafer-wholesale-5-300x300.webp 300w, https:\/\/www.dzwchafingdish.com\/wp-content\/uploads\/2024\/03\/custom-catering-chafer-wholesale-5-150x150.webp 150w, https:\/\/www.dzwchafingdish.com\/wp-content\/uploads\/2024\/03\/custom-catering-chafer-wholesale-5-768x768.webp 768w\" sizes=\"(max-width: 800px) 100vw, 800px\" \/><\/figure>\n<\/div>\n\n\n\n<div class=\"wp-block-column is-vertically-aligned-center is-layout-flow wp-block-column-is-layout-flow\">\n<h2 class=\"wp-block-heading\"><strong>Premium Catering Chafer Caracter\u00edsticas:<\/strong><\/h2>\n\n\n\n<ul class=\"wp-block-list\">\n<li>Materiales de alta calidad: Este Catering Chafer utiliza materiales de alta calidad para garantizar la durabilidad y estabilidad del producto, para garantizar el uso a largo plazo.<\/li>\n\n\n\n<li>Dise\u00f1o exquisito: una combinaci\u00f3n de estilo cl\u00e1sico y funcionalidad. Su aspecto aerodin\u00e1mico y su superficie lisa muestran una apariencia elegante, mientras que la estructura interna se ha dise\u00f1ado cuidadosamente para garantizar un calentamiento uniforme de los alimentos.<\/li>\n\n\n\n<li>Servicios personalizados: Proporcionar servicios personalizados para satisfacer las necesidades individuales de los clientes.<\/li>\n\n\n\n<li>Precio al por mayor: Proporcionar barquillas de catering a precio de mayorista para ayudar a los clientes a reducir costes y mejorar la eficiencia econ\u00f3mica.<\/li>\n<\/ul>\n<\/div>\n<\/div>","protected":false},"excerpt":{"rendered":"<p>Catering Chafer Dimensi\u00f3n ITEM NO. DZW-NA245 4.5L 42.5 cm 32 cm 72 cm 3000 g DZW-NA260 6.0L 47 cm 36 cm 73 cm 3490 g DZW-NA280 8.0L 43.1 cm 41 cm 73 cm 4200 g Premium Catering Chafer Caracter\u00edsticas:<\/p>","protected":false},"author":3,"featured_media":3645,"parent":0,"menu_order":0,"template":"","format":"standard","meta":{"_acf_changed":false,"site-sidebar-layout":"default","site-content-layout":"","ast-site-content-layout":"default","site-content-style":"default","site-sidebar-style":"default","ast-global-header-display":"","ast-banner-title-visibility":"","ast-main-header-display":"","ast-hfb-above-header-display":"","ast-hfb-below-header-display":"","ast-hfb-mobile-header-display":"","site-post-title":"","ast-breadcrumbs-content":"","ast-featured-img":"","footer-sml-layout":"","theme-transparent-header-meta":"","adv-header-id-meta":"","stick-header-meta":"","header-above-stick-meta":"","header-main-stick-meta":"","header-below-stick-meta":"","astra-migrate-meta-layouts":"default","ast-page-background-enabled":"default","ast-page-background-meta":{"desktop":{"background-color":"var(--ast-global-color-4)","background-image":"","background-repeat":"repeat","background-position":"center center","background-size":"auto","background-attachment":"scroll","background-type":"","background-media":"","overlay-type":"","overlay-color":"","overlay-opacity":"","overlay-gradient":""},"tablet":{"background-color":"","background-image":"","background-repeat":"repeat","background-position":"center center","background-size":"auto","background-attachment":"scroll","background-type":"","background-media":"","overlay-type":"","overlay-color":"","overlay-opacity":"","overlay-gradient":""},"mobile":{"background-color":"","background-image":"","background-repeat":"repeat","background-position":"center center","background-size":"auto","background-attachment":"scroll","background-type":"","background-media":"","overlay-type":"","overlay-color":"","overlay-opacity":"","overlay-gradient":""}},"ast-content-background-meta":{"desktop":{"background-color":"var(--ast-global-color-5)","background-image":"","background-repeat":"repeat","background-position":"center center","background-size":"auto","background-attachment":"scroll","background-type":"","background-media":"","overlay-type":"","overlay-color":"","overlay-opacity":"","overlay-gradient":""},"tablet":{"background-color":"var(--ast-global-color-5)","background-image":"","background-repeat":"repeat","background-position":"center center","background-size":"auto","background-attachment":"scroll","background-type":"","background-media":"","overlay-type":"","overlay-color":"","overlay-opacity":"","overlay-gradient":""},"mobile":{"background-color":"var(--ast-global-color-5)","background-image":"","background-repeat":"repeat","background-position":"center center","background-size":"auto","background-attachment":"scroll","background-type":"","background-media":"","overlay-type":"","overlay-color":"","overlay-opacity":"","overlay-gradient":""}},"footnotes":""},"product-categories":[63],"product-tag":[97,90,91],"class_list":["post-3644","product","type-product","status-publish","format-standard","has-post-thumbnail","hentry","product-categories-chafing-dish","product-tag-chafing-dish-with-hanging-lid","product-tag-fuel-chafing-dish","product-tag-round-chafing-dish"],"acf":{"title":"Nueva llegada al por mayor Catering Chafer con partici\u00f3n de oro","title_source":{"label":"Title","type":"text","formatted_value":"New Arrival Wholesale Catering Chafer with Partition Golden"},"short_description":"The new stainless steel catering chafer has a exquisite four-dimensional hollow pattern, luxurious and durable. It suitable for catering, restaurants, hotels, weddings. As chafing dish supplier, we support OEM and ODM. ","short_description_source":{"label":"Short description","type":"textarea","formatted_value":"The new stainless steel catering chafer has a exquisite four-dimensional hollow pattern, luxurious and durable. It suitable for catering, restaurants, hotels, weddings. As chafing dish supplier, we support OEM and ODM. "},"parameters":"<table border=\"0\" width=\"275\" cellspacing=\"0\" cellpadding=\"0\">\r\n<tbody>\r\n<tr>\r\n<td width=\"108\" height=\"17\">Manufacturer<\/td>\r\n<td width=\"167\">DONGZHAOWEI<\/td>\r\n<\/tr>\r\n<tr>\r\n<td height=\"17\">Material<\/td>\r\n<td>Stainless Steel 201<\/td>\r\n<\/tr>\r\n<tr>\r\n<td height=\"17\">Capacity<\/td>\r\n<td>4.5L; 6.0L; 8.0L<\/td>\r\n<\/tr>\r\n<tr>\r\n<td height=\"17\">Color<\/td>\r\n<td>Golden and Silver<\/td>\r\n<\/tr>\r\n<tr>\r\n<td height=\"17\">Design<\/td>\r\n<td>Round shape<\/td>\r\n<\/tr>\r\n<tr>\r\n<td height=\"17\">Tray<\/td>\r\n<td>No Divided \/ Divided tray<\/td>\r\n<\/tr>\r\n<tr>\r\n<td height=\"17\">Lid type<\/td>\r\n<td>Hanging lid<\/td>\r\n<\/tr>\r\n<tr>\r\n<td height=\"17\">Heat<\/td>\r\n<td>Fuel<\/td>\r\n<\/tr>\r\n<tr>\r\n<td height=\"17\">Custom<\/td>\r\n<td>Color\/Logo\/Package<\/td>\r\n<\/tr>\r\n<\/tbody>\r\n<\/table>","parameters_source":{"label":"Parameters","type":"wysiwyg","formatted_value":"<table border=\"0\" width=\"275\" cellspacing=\"0\" cellpadding=\"0\">\n<tbody>\n<tr>\n<td width=\"108\" height=\"17\">Manufacturer<\/td>\n<td width=\"167\">DONGZHAOWEI<\/td>\n<\/tr>\n<tr>\n<td height=\"17\">Material<\/td>\n<td>Stainless Steel 201<\/td>\n<\/tr>\n<tr>\n<td height=\"17\">Capacity<\/td>\n<td>4.5L; 6.0L; 8.0L<\/td>\n<\/tr>\n<tr>\n<td height=\"17\">Color<\/td>\n<td>Golden and Silver<\/td>\n<\/tr>\n<tr>\n<td height=\"17\">Design<\/td>\n<td>Round shape<\/td>\n<\/tr>\n<tr>\n<td height=\"17\">Tray<\/td>\n<td>No Divided \/ Divided tray<\/td>\n<\/tr>\n<tr>\n<td height=\"17\">Lid type<\/td>\n<td>Hanging lid<\/td>\n<\/tr>\n<tr>\n<td height=\"17\">Heat<\/td>\n<td>Fuel<\/td>\n<\/tr>\n<tr>\n<td height=\"17\">Custom<\/td>\n<td>Color\/Logo\/Package<\/td>\n<\/tr>\n<\/tbody>\n<\/table>\n"},"photo_gallery":{"product_gallery":[[{"id":3645,"title":"custom-catering-chafer-wholesale-1","caption":"custom-catering-chafer-wholesale","full_image_url":"https:\/\/www.dzwchafingdish.com\/wp-content\/uploads\/2024\/03\/custom-catering-chafer-wholesale-1.webp","thumbnail_image_url":"https:\/\/www.dzwchafingdish.com\/wp-content\/uploads\/2024\/03\/custom-catering-chafer-wholesale-1-150x150.webp","large_srcset":"https:\/\/www.dzwchafingdish.com\/wp-content\/uploads\/2024\/03\/custom-catering-chafer-wholesale-1.webp 800w, https:\/\/www.dzwchafingdish.com\/wp-content\/uploads\/2024\/03\/custom-catering-chafer-wholesale-1-300x300.webp 300w, https:\/\/www.dzwchafingdish.com\/wp-content\/uploads\/2024\/03\/custom-catering-chafer-wholesale-1-150x150.webp 150w, https:\/\/www.dzwchafingdish.com\/wp-content\/uploads\/2024\/03\/custom-catering-chafer-wholesale-1-768x768.webp 768w","medium_srcset":"https:\/\/www.dzwchafingdish.com\/wp-content\/uploads\/2024\/03\/custom-catering-chafer-wholesale-1-300x300.webp 300w, https:\/\/www.dzwchafingdish.com\/wp-content\/uploads\/2024\/03\/custom-catering-chafer-wholesale-1-150x150.webp 150w, https:\/\/www.dzwchafingdish.com\/wp-content\/uploads\/2024\/03\/custom-catering-chafer-wholesale-1-768x768.webp 768w, https:\/\/www.dzwchafingdish.com\/wp-content\/uploads\/2024\/03\/custom-catering-chafer-wholesale-1.webp 800w","media_details":{"width":800,"height":800,"sizes":{"medium":{"file":"custom-catering-chafer-wholesale-1-300x300.webp","width":300,"height":300,"mime-type":"image\/webp","filesize":12314,"source_url":"https:\/\/www.dzwchafingdish.com\/wp-content\/uploads\/2024\/03\/custom-catering-chafer-wholesale-1-300x300.webp"},"thumbnail":{"file":"custom-catering-chafer-wholesale-1-150x150.webp","width":150,"height":150,"mime-type":"image\/webp","filesize":4316,"source_url":"https:\/\/www.dzwchafingdish.com\/wp-content\/uploads\/2024\/03\/custom-catering-chafer-wholesale-1-150x150.webp"},"medium_large":{"file":"custom-catering-chafer-wholesale-1-768x768.webp","width":768,"height":768,"mime-type":"image\/webp","filesize":47096,"source_url":"https:\/\/www.dzwchafingdish.com\/wp-content\/uploads\/2024\/03\/custom-catering-chafer-wholesale-1-768x768.webp"}}},"alt_text":"custom-catering-chafer-wholesale","url":"","target":""},{"id":3647,"title":"custom-catering-chafer-wholesale-3","caption":"custom-catering-chafer-wholesale","full_image_url":"https:\/\/www.dzwchafingdish.com\/wp-content\/uploads\/2024\/03\/custom-catering-chafer-wholesale-3.webp","thumbnail_image_url":"https:\/\/www.dzwchafingdish.com\/wp-content\/uploads\/2024\/03\/custom-catering-chafer-wholesale-3-150x150.webp","large_srcset":"https:\/\/www.dzwchafingdish.com\/wp-content\/uploads\/2024\/03\/custom-catering-chafer-wholesale-3.webp 1000w, https:\/\/www.dzwchafingdish.com\/wp-content\/uploads\/2024\/03\/custom-catering-chafer-wholesale-3-300x300.webp 300w, https:\/\/www.dzwchafingdish.com\/wp-content\/uploads\/2024\/03\/custom-catering-chafer-wholesale-3-150x150.webp 150w, https:\/\/www.dzwchafingdish.com\/wp-content\/uploads\/2024\/03\/custom-catering-chafer-wholesale-3-768x768.webp 768w","medium_srcset":"https:\/\/www.dzwchafingdish.com\/wp-content\/uploads\/2024\/03\/custom-catering-chafer-wholesale-3-300x300.webp 300w, https:\/\/www.dzwchafingdish.com\/wp-content\/uploads\/2024\/03\/custom-catering-chafer-wholesale-3-150x150.webp 150w, https:\/\/www.dzwchafingdish.com\/wp-content\/uploads\/2024\/03\/custom-catering-chafer-wholesale-3-768x768.webp 768w, https:\/\/www.dzwchafingdish.com\/wp-content\/uploads\/2024\/03\/custom-catering-chafer-wholesale-3.webp 1000w","media_details":{"width":1000,"height":1000,"sizes":{"medium":{"file":"custom-catering-chafer-wholesale-3-300x300.webp","width":300,"height":300,"mime-type":"image\/webp","filesize":10714,"source_url":"https:\/\/www.dzwchafingdish.com\/wp-content\/uploads\/2024\/03\/custom-catering-chafer-wholesale-3-300x300.webp"},"thumbnail":{"file":"custom-catering-chafer-wholesale-3-150x150.webp","width":150,"height":150,"mime-type":"image\/webp","filesize":3722,"source_url":"https:\/\/www.dzwchafingdish.com\/wp-content\/uploads\/2024\/03\/custom-catering-chafer-wholesale-3-150x150.webp"},"medium_large":{"file":"custom-catering-chafer-wholesale-3-768x768.webp","width":768,"height":768,"mime-type":"image\/webp","filesize":41788,"source_url":"https:\/\/www.dzwchafingdish.com\/wp-content\/uploads\/2024\/03\/custom-catering-chafer-wholesale-3-768x768.webp"}}},"alt_text":"custom-catering-chafer-wholesale","url":"","target":""},{"id":3649,"title":"custom-catering-chafer-wholesale-5","caption":"custom-catering-chafer-wholesale","full_image_url":"https:\/\/www.dzwchafingdish.com\/wp-content\/uploads\/2024\/03\/custom-catering-chafer-wholesale-5.webp","thumbnail_image_url":"https:\/\/www.dzwchafingdish.com\/wp-content\/uploads\/2024\/03\/custom-catering-chafer-wholesale-5-150x150.webp","large_srcset":"https:\/\/www.dzwchafingdish.com\/wp-content\/uploads\/2024\/03\/custom-catering-chafer-wholesale-5.webp 800w, https:\/\/www.dzwchafingdish.com\/wp-content\/uploads\/2024\/03\/custom-catering-chafer-wholesale-5-300x300.webp 300w, https:\/\/www.dzwchafingdish.com\/wp-content\/uploads\/2024\/03\/custom-catering-chafer-wholesale-5-150x150.webp 150w, https:\/\/www.dzwchafingdish.com\/wp-content\/uploads\/2024\/03\/custom-catering-chafer-wholesale-5-768x768.webp 768w","medium_srcset":"https:\/\/www.dzwchafingdish.com\/wp-content\/uploads\/2024\/03\/custom-catering-chafer-wholesale-5-300x300.webp 300w, https:\/\/www.dzwchafingdish.com\/wp-content\/uploads\/2024\/03\/custom-catering-chafer-wholesale-5-150x150.webp 150w, https:\/\/www.dzwchafingdish.com\/wp-content\/uploads\/2024\/03\/custom-catering-chafer-wholesale-5-768x768.webp 768w, https:\/\/www.dzwchafingdish.com\/wp-content\/uploads\/2024\/03\/custom-catering-chafer-wholesale-5.webp 800w","media_details":{"width":800,"height":800,"sizes":{"medium":{"file":"custom-catering-chafer-wholesale-5-300x300.webp","width":300,"height":300,"mime-type":"image\/webp","filesize":9938,"source_url":"https:\/\/www.dzwchafingdish.com\/wp-content\/uploads\/2024\/03\/custom-catering-chafer-wholesale-5-300x300.webp"},"thumbnail":{"file":"custom-catering-chafer-wholesale-5-150x150.webp","width":150,"height":150,"mime-type":"image\/webp","filesize":3398,"source_url":"https:\/\/www.dzwchafingdish.com\/wp-content\/uploads\/2024\/03\/custom-catering-chafer-wholesale-5-150x150.webp"},"medium_large":{"file":"custom-catering-chafer-wholesale-5-768x768.webp","width":768,"height":768,"mime-type":"image\/webp","filesize":38458,"source_url":"https:\/\/www.dzwchafingdish.com\/wp-content\/uploads\/2024\/03\/custom-catering-chafer-wholesale-5-768x768.webp"}}},"alt_text":"custom-catering-chafer-wholesale","url":"","target":""},{"id":3648,"title":"custom-catering-chafer-wholesale-4","caption":"custom-catering-chafer-wholesale","full_image_url":"https:\/\/www.dzwchafingdish.com\/wp-content\/uploads\/2024\/03\/custom-catering-chafer-wholesale-4.webp","thumbnail_image_url":"https:\/\/www.dzwchafingdish.com\/wp-content\/uploads\/2024\/03\/custom-catering-chafer-wholesale-4-150x150.webp","large_srcset":"https:\/\/www.dzwchafingdish.com\/wp-content\/uploads\/2024\/03\/custom-catering-chafer-wholesale-4.webp 800w, https:\/\/www.dzwchafingdish.com\/wp-content\/uploads\/2024\/03\/custom-catering-chafer-wholesale-4-300x300.webp 300w, https:\/\/www.dzwchafingdish.com\/wp-content\/uploads\/2024\/03\/custom-catering-chafer-wholesale-4-150x150.webp 150w, https:\/\/www.dzwchafingdish.com\/wp-content\/uploads\/2024\/03\/custom-catering-chafer-wholesale-4-768x768.webp 768w","medium_srcset":"https:\/\/www.dzwchafingdish.com\/wp-content\/uploads\/2024\/03\/custom-catering-chafer-wholesale-4-300x300.webp 300w, https:\/\/www.dzwchafingdish.com\/wp-content\/uploads\/2024\/03\/custom-catering-chafer-wholesale-4-150x150.webp 150w, https:\/\/www.dzwchafingdish.com\/wp-content\/uploads\/2024\/03\/custom-catering-chafer-wholesale-4-768x768.webp 768w, https:\/\/www.dzwchafingdish.com\/wp-content\/uploads\/2024\/03\/custom-catering-chafer-wholesale-4.webp 800w","media_details":{"width":800,"height":800,"sizes":{"medium":{"file":"custom-catering-chafer-wholesale-4-300x300.webp","width":300,"height":300,"mime-type":"image\/webp","filesize":9786,"source_url":"https:\/\/www.dzwchafingdish.com\/wp-content\/uploads\/2024\/03\/custom-catering-chafer-wholesale-4-300x300.webp"},"thumbnail":{"file":"custom-catering-chafer-wholesale-4-150x150.webp","width":150,"height":150,"mime-type":"image\/webp","filesize":3308,"source_url":"https:\/\/www.dzwchafingdish.com\/wp-content\/uploads\/2024\/03\/custom-catering-chafer-wholesale-4-150x150.webp"},"medium_large":{"file":"custom-catering-chafer-wholesale-4-768x768.webp","width":768,"height":768,"mime-type":"image\/webp","filesize":39312,"source_url":"https:\/\/www.dzwchafingdish.com\/wp-content\/uploads\/2024\/03\/custom-catering-chafer-wholesale-4-768x768.webp"}}},"alt_text":"custom-catering-chafer-wholesale","url":"","target":""},{"id":3646,"title":"custom-catering-chafer-wholesale-2","caption":"custom-catering-chafer-wholesale","full_image_url":"https:\/\/www.dzwchafingdish.com\/wp-content\/uploads\/2024\/03\/custom-catering-chafer-wholesale-2.webp","thumbnail_image_url":"https:\/\/www.dzwchafingdish.com\/wp-content\/uploads\/2024\/03\/custom-catering-chafer-wholesale-2-150x150.webp","large_srcset":"https:\/\/www.dzwchafingdish.com\/wp-content\/uploads\/2024\/03\/custom-catering-chafer-wholesale-2.webp 800w, https:\/\/www.dzwchafingdish.com\/wp-content\/uploads\/2024\/03\/custom-catering-chafer-wholesale-2-300x300.webp 300w, https:\/\/www.dzwchafingdish.com\/wp-content\/uploads\/2024\/03\/custom-catering-chafer-wholesale-2-150x150.webp 150w, https:\/\/www.dzwchafingdish.com\/wp-content\/uploads\/2024\/03\/custom-catering-chafer-wholesale-2-768x768.webp 768w","medium_srcset":"https:\/\/www.dzwchafingdish.com\/wp-content\/uploads\/2024\/03\/custom-catering-chafer-wholesale-2-300x300.webp 300w, https:\/\/www.dzwchafingdish.com\/wp-content\/uploads\/2024\/03\/custom-catering-chafer-wholesale-2-150x150.webp 150w, https:\/\/www.dzwchafingdish.com\/wp-content\/uploads\/2024\/03\/custom-catering-chafer-wholesale-2-768x768.webp 768w, https:\/\/www.dzwchafingdish.com\/wp-content\/uploads\/2024\/03\/custom-catering-chafer-wholesale-2.webp 800w","media_details":{"width":800,"height":800,"sizes":{"medium":{"file":"custom-catering-chafer-wholesale-2-300x300.webp","width":300,"height":300,"mime-type":"image\/webp","filesize":11338,"source_url":"https:\/\/www.dzwchafingdish.com\/wp-content\/uploads\/2024\/03\/custom-catering-chafer-wholesale-2-300x300.webp"},"thumbnail":{"file":"custom-catering-chafer-wholesale-2-150x150.webp","width":150,"height":150,"mime-type":"image\/webp","filesize":3960,"source_url":"https:\/\/www.dzwchafingdish.com\/wp-content\/uploads\/2024\/03\/custom-catering-chafer-wholesale-2-150x150.webp"},"medium_large":{"file":"custom-catering-chafer-wholesale-2-768x768.webp","width":768,"height":768,"mime-type":"image\/webp","filesize":41746,"source_url":"https:\/\/www.dzwchafingdish.com\/wp-content\/uploads\/2024\/03\/custom-catering-chafer-wholesale-2-768x768.webp"}}},"alt_text":"custom-catering-chafer-wholesale","url":"","target":""},{"id":3650,"title":"custom-catering-chafer-wholesale-6","caption":"custom-catering-chafer-wholesale","full_image_url":"https:\/\/www.dzwchafingdish.com\/wp-content\/uploads\/2024\/03\/custom-catering-chafer-wholesale-6.webp","thumbnail_image_url":"https:\/\/www.dzwchafingdish.com\/wp-content\/uploads\/2024\/03\/custom-catering-chafer-wholesale-6-150x150.webp","large_srcset":"https:\/\/www.dzwchafingdish.com\/wp-content\/uploads\/2024\/03\/custom-catering-chafer-wholesale-6.webp 800w, https:\/\/www.dzwchafingdish.com\/wp-content\/uploads\/2024\/03\/custom-catering-chafer-wholesale-6-300x300.webp 300w, https:\/\/www.dzwchafingdish.com\/wp-content\/uploads\/2024\/03\/custom-catering-chafer-wholesale-6-150x150.webp 150w, https:\/\/www.dzwchafingdish.com\/wp-content\/uploads\/2024\/03\/custom-catering-chafer-wholesale-6-768x768.webp 768w","medium_srcset":"https:\/\/www.dzwchafingdish.com\/wp-content\/uploads\/2024\/03\/custom-catering-chafer-wholesale-6-300x300.webp 300w, https:\/\/www.dzwchafingdish.com\/wp-content\/uploads\/2024\/03\/custom-catering-chafer-wholesale-6-150x150.webp 150w, https:\/\/www.dzwchafingdish.com\/wp-content\/uploads\/2024\/03\/custom-catering-chafer-wholesale-6-768x768.webp 768w, https:\/\/www.dzwchafingdish.com\/wp-content\/uploads\/2024\/03\/custom-catering-chafer-wholesale-6.webp 800w","media_details":{"width":800,"height":800,"sizes":{"medium":{"file":"custom-catering-chafer-wholesale-6-300x300.webp","width":300,"height":300,"mime-type":"image\/webp","filesize":12782,"source_url":"https:\/\/www.dzwchafingdish.com\/wp-content\/uploads\/2024\/03\/custom-catering-chafer-wholesale-6-300x300.webp"},"thumbnail":{"file":"custom-catering-chafer-wholesale-6-150x150.webp","width":150,"height":150,"mime-type":"image\/webp","filesize":4386,"source_url":"https:\/\/www.dzwchafingdish.com\/wp-content\/uploads\/2024\/03\/custom-catering-chafer-wholesale-6-150x150.webp"},"medium_large":{"file":"custom-catering-chafer-wholesale-6-768x768.webp","width":768,"height":768,"mime-type":"image\/webp","filesize":46966,"source_url":"https:\/\/www.dzwchafingdish.com\/wp-content\/uploads\/2024\/03\/custom-catering-chafer-wholesale-6-768x768.webp"}}},"alt_text":"custom-catering-chafer-wholesale","url":"","target":""}]]}},"_links":{"self":[{"href":"https:\/\/www.dzwchafingdish.com\/es\/wp-json\/wp\/v2\/product\/3644","targetHints":{"allow":["GET"]}}],"collection":[{"href":"https:\/\/www.dzwchafingdish.com\/es\/wp-json\/wp\/v2\/product"}],"about":[{"href":"https:\/\/www.dzwchafingdish.com\/es\/wp-json\/wp\/v2\/types\/product"}],"author":[{"embeddable":true,"href":"https:\/\/www.dzwchafingdish.com\/es\/wp-json\/wp\/v2\/users\/3"}],"version-history":[{"count":0,"href":"https:\/\/www.dzwchafingdish.com\/es\/wp-json\/wp\/v2\/product\/3644\/revisions"}],"wp:featuredmedia":[{"embeddable":true,"href":"https:\/\/www.dzwchafingdish.com\/es\/wp-json\/wp\/v2\/media\/3645"}],"wp:attachment":[{"href":"https:\/\/www.dzwchafingdish.com\/es\/wp-json\/wp\/v2\/media?parent=3644"}],"wp:term":[{"taxonomy":"product-categories","embeddable":true,"href":"https:\/\/www.dzwchafingdish.com\/es\/wp-json\/wp\/v2\/product-categories?post=3644"},{"taxonomy":"product-tag","embeddable":true,"href":"https:\/\/www.dzwchafingdish.com\/es\/wp-json\/wp\/v2\/product-tag?post=3644"}],"curies":[{"name":"wp","href":"https:\/\/api.w.org\/{rel}","templated":true}]}}