{"id":3730,"date":"2024-04-23T07:46:36","date_gmt":"2024-04-23T07:46:36","guid":{"rendered":"https:\/\/www.dzwchafingdish.com\/?post_type=product&#038;p=3730"},"modified":"2024-06-15T04:56:00","modified_gmt":"2024-06-15T04:56:00","slug":"chafing-dish-set","status":"publish","type":"product","link":"https:\/\/www.dzwchafingdish.com\/es\/product\/chafing-dish-set\/","title":{"rendered":"Acero inoxidable de alta calidad Chafing Dish Set 9L Venta al por mayor"},"content":{"rendered":"<div class=\"wp-block-columns is-layout-flex wp-container-core-columns-is-layout-28f84493 wp-block-columns-is-layout-flex\">\n<div class=\"wp-block-column is-vertically-aligned-center is-layout-flow wp-block-column-is-layout-flow\">\n<h2 class=\"wp-block-heading\"><strong> Dimensiones del juego de sartenes<\/strong><\/h2>\n\n\n\n<figure class=\"wp-block-table\"><table><tbody><tr><td>PUNTO NO.<\/td><td>TALLA<\/td><td>LONGITUD<\/td><td>AMPLIO<\/td><td>ALTO<\/td><td>N.W \/SET<\/td><\/tr><tr><td>DZW-S528<\/td><td>9.0L<\/td><td>57 cm<\/td><td>43 cm<\/td><td>27 cm<\/td><td>6900 g<\/td><\/tr><tr><td>DZW-G528<\/td><td>9.0L<\/td><td>57 cm<\/td><td>43 cm<\/td><td>27 cm<\/td><td>6900 g<\/td><\/tr><\/tbody><\/table><\/figure>\n<\/div>\n\n\n\n<div class=\"wp-block-column is-layout-flow wp-block-column-is-layout-flow\">\n<figure class=\"wp-block-image aligncenter size-full is-resized\"><img fetchpriority=\"high\" decoding=\"async\" width=\"800\" height=\"800\" src=\"https:\/\/www.dzwchafingdish.com\/wp-content\/uploads\/2024\/03\/wholesale-chafing-dish-with-hinged-lid-1.webp\" alt=\"mayorista-plato-cafetera-con-tapa-bisagra\" class=\"wp-image-3739\" style=\"width:430px;height:auto\" srcset=\"https:\/\/www.dzwchafingdish.com\/wp-content\/uploads\/2024\/03\/wholesale-chafing-dish-with-hinged-lid-1.webp 800w, https:\/\/www.dzwchafingdish.com\/wp-content\/uploads\/2024\/03\/wholesale-chafing-dish-with-hinged-lid-1-300x300.webp 300w, https:\/\/www.dzwchafingdish.com\/wp-content\/uploads\/2024\/03\/wholesale-chafing-dish-with-hinged-lid-1-150x150.webp 150w, https:\/\/www.dzwchafingdish.com\/wp-content\/uploads\/2024\/03\/wholesale-chafing-dish-with-hinged-lid-1-768x768.webp 768w\" sizes=\"(max-width: 800px) 100vw, 800px\" \/><\/figure>\n<\/div>\n<\/div>\n\n\n\n<div class=\"wp-block-columns is-layout-flex wp-container-core-columns-is-layout-28f84493 wp-block-columns-is-layout-flex\">\n<div class=\"wp-block-column is-layout-flow wp-block-column-is-layout-flow\">\n<figure class=\"wp-block-image size-full\"><img decoding=\"async\" width=\"800\" height=\"800\" src=\"https:\/\/www.dzwchafingdish.com\/wp-content\/uploads\/2024\/03\/wholesale-chafing-dish-with-hinged-lid-5.webp\" alt=\"\" class=\"wp-image-3743\" srcset=\"https:\/\/www.dzwchafingdish.com\/wp-content\/uploads\/2024\/03\/wholesale-chafing-dish-with-hinged-lid-5.webp 800w, https:\/\/www.dzwchafingdish.com\/wp-content\/uploads\/2024\/03\/wholesale-chafing-dish-with-hinged-lid-5-300x300.webp 300w, https:\/\/www.dzwchafingdish.com\/wp-content\/uploads\/2024\/03\/wholesale-chafing-dish-with-hinged-lid-5-150x150.webp 150w, https:\/\/www.dzwchafingdish.com\/wp-content\/uploads\/2024\/03\/wholesale-chafing-dish-with-hinged-lid-5-768x768.webp 768w\" sizes=\"(max-width: 800px) 100vw, 800px\" \/><\/figure>\n<\/div>\n\n\n\n<div class=\"wp-block-column is-layout-flow wp-block-column-is-layout-flow\">\n<h2 class=\"wp-block-heading\"><strong>Premium Chafing Dish Set Caracter\u00edsticas:<\/strong><\/h2>\n\n\n\n<ul class=\"wp-block-list\">\n<li>Construcci\u00f3n de acero inoxidable de alta calidad: Hecho de material de acero inoxidable duradero con una excelente durabilidad y resistencia a la corrosi\u00f3n, lo que garantiza un uso a largo plazo.<\/li>\n\n\n\n<li>Tapa abatible \u00fanica: La tapa tiene bisagras para abrirla y cerrarla f\u00e1cilmente, lo que facilita a\u00f1adir y retirar ingredientes, al tiempo que garantiza que los alimentos se mantengan a una temperatura estable.<\/li>\n\n\n\n<li>Gran capacidad 9 L: La espaciosa capacidad de 9 L es lo suficientemente grande como para acomodar una gran cantidad de comida, adecuada para buffets de todos los tama\u00f1os y eventos para satisfacer diversas necesidades.<\/li>\n\n\n\n<li>Uso vers\u00e1til: No s\u00f3lo para mantener la comida caliente, sino tambi\u00e9n para mostrar, servir y almacenar una variedad de alimentos calientes, a\u00f1adiendo comodidad y eficiencia a su ocasi\u00f3n de comer.<\/li>\n\n\n\n<li>M\u00faltiples opciones de combinaci\u00f3n de colores: Una variedad de opciones de combinaci\u00f3n de colores le permiten elegir el estilo m\u00e1s adecuado para la ocasi\u00f3n o preferencia personal.<\/li>\n<\/ul>\n<\/div>\n<\/div>","protected":false},"excerpt":{"rendered":"<p>Chafing Dish Set Dimensi\u00f3n ITEM NO. TALLA LARGO ANCHO ALTO N.W \/SET DZW-S528 9.0L 57 cm 43 cm 27 cm 6900 g DZW-G528 9.0L 57 cm 43 cm 27 cm 6900 g Premium Chafing Dish Set Caracter\u00edsticas:<\/p>","protected":false},"author":3,"featured_media":3739,"parent":0,"menu_order":0,"template":"","format":"standard","meta":{"_acf_changed":false,"site-sidebar-layout":"default","site-content-layout":"","ast-site-content-layout":"default","site-content-style":"default","site-sidebar-style":"default","ast-global-header-display":"","ast-banner-title-visibility":"","ast-main-header-display":"","ast-hfb-above-header-display":"","ast-hfb-below-header-display":"","ast-hfb-mobile-header-display":"","site-post-title":"","ast-breadcrumbs-content":"","ast-featured-img":"","footer-sml-layout":"","theme-transparent-header-meta":"","adv-header-id-meta":"","stick-header-meta":"","header-above-stick-meta":"","header-main-stick-meta":"","header-below-stick-meta":"","astra-migrate-meta-layouts":"default","ast-page-background-enabled":"default","ast-page-background-meta":{"desktop":{"background-color":"var(--ast-global-color-4)","background-image":"","background-repeat":"repeat","background-position":"center center","background-size":"auto","background-attachment":"scroll","background-type":"","background-media":"","overlay-type":"","overlay-color":"","overlay-opacity":"","overlay-gradient":""},"tablet":{"background-color":"","background-image":"","background-repeat":"repeat","background-position":"center center","background-size":"auto","background-attachment":"scroll","background-type":"","background-media":"","overlay-type":"","overlay-color":"","overlay-opacity":"","overlay-gradient":""},"mobile":{"background-color":"","background-image":"","background-repeat":"repeat","background-position":"center center","background-size":"auto","background-attachment":"scroll","background-type":"","background-media":"","overlay-type":"","overlay-color":"","overlay-opacity":"","overlay-gradient":""}},"ast-content-background-meta":{"desktop":{"background-color":"var(--ast-global-color-5)","background-image":"","background-repeat":"repeat","background-position":"center center","background-size":"auto","background-attachment":"scroll","background-type":"","background-media":"","overlay-type":"","overlay-color":"","overlay-opacity":"","overlay-gradient":""},"tablet":{"background-color":"var(--ast-global-color-5)","background-image":"","background-repeat":"repeat","background-position":"center center","background-size":"auto","background-attachment":"scroll","background-type":"","background-media":"","overlay-type":"","overlay-color":"","overlay-opacity":"","overlay-gradient":""},"mobile":{"background-color":"var(--ast-global-color-5)","background-image":"","background-repeat":"repeat","background-position":"center center","background-size":"auto","background-attachment":"scroll","background-type":"","background-media":"","overlay-type":"","overlay-color":"","overlay-opacity":"","overlay-gradient":""}},"footnotes":""},"product-categories":[63],"product-tag":[95,97,89,90,93],"class_list":["post-3730","product","type-product","status-publish","format-standard","has-post-thumbnail","hentry","product-categories-chafing-dish","product-tag-chafing-dish-with-glass-lid","product-tag-chafing-dish-with-hanging-lid","product-tag-electric-chafing-dish","product-tag-fuel-chafing-dish","product-tag-rectangular-chafing-dish"],"acf":{"title":"Acero inoxidable de alta calidad Chafing Dish Set 9L Venta al por mayor","title_source":{"label":"Title","type":"text","formatted_value":"High-Quality Stainless Steel Chafing Dish Set 9L Wholesale"},"short_description":"OEM and ODM stainless steel chafing dish set, wholesale factory price high quality buffet food warmers. The roll cover with glass design supports fuel heating and is one of the preferred catering equipment .","short_description_source":{"label":"Short description","type":"textarea","formatted_value":"OEM and ODM stainless steel chafing dish set, wholesale factory price high quality buffet food warmers. The roll cover with glass design supports fuel heating and is one of the preferred catering equipment ."},"parameters":"<table border=\"0\" width=\"275\" cellspacing=\"0\" cellpadding=\"0\">\r\n<tbody>\r\n<tr>\r\n<td width=\"108\" height=\"17\">Manufacturer<\/td>\r\n<td width=\"167\">DONGZHAOWEI<\/td>\r\n<\/tr>\r\n<tr>\r\n<td height=\"17\">Material<\/td>\r\n<td>Stainless Steel 201<\/td>\r\n<\/tr>\r\n<tr>\r\n<td height=\"17\">Capacity<\/td>\r\n<td>9.0L<\/td>\r\n<\/tr>\r\n<tr>\r\n<td height=\"17\">Color<\/td>\r\n<td>Golden\/ Half Golden\/ Silver<\/td>\r\n<\/tr>\r\n<tr>\r\n<td height=\"17\">Design<\/td>\r\n<td>Rectangular<\/td>\r\n<\/tr>\r\n<tr>\r\n<td height=\"17\">Tray<\/td>\r\n<td>No divided \/ Divided tray<\/td>\r\n<\/tr>\r\n<tr>\r\n<td height=\"17\">Lid type<\/td>\r\n<td>Glass flip lid<\/td>\r\n<\/tr>\r\n<tr>\r\n<td height=\"17\">Heat<\/td>\r\n<td>Fuel and Electric<\/td>\r\n<\/tr>\r\n<tr>\r\n<td height=\"17\">Custom<\/td>\r\n<td>Color\/Logo\/Package<\/td>\r\n<\/tr>\r\n<\/tbody>\r\n<\/table>","parameters_source":{"label":"Parameters","type":"wysiwyg","formatted_value":"<table border=\"0\" width=\"275\" cellspacing=\"0\" cellpadding=\"0\">\n<tbody>\n<tr>\n<td width=\"108\" height=\"17\">Manufacturer<\/td>\n<td width=\"167\">DONGZHAOWEI<\/td>\n<\/tr>\n<tr>\n<td height=\"17\">Material<\/td>\n<td>Stainless Steel 201<\/td>\n<\/tr>\n<tr>\n<td height=\"17\">Capacity<\/td>\n<td>9.0L<\/td>\n<\/tr>\n<tr>\n<td height=\"17\">Color<\/td>\n<td>Golden\/ Half Golden\/ Silver<\/td>\n<\/tr>\n<tr>\n<td height=\"17\">Design<\/td>\n<td>Rectangular<\/td>\n<\/tr>\n<tr>\n<td height=\"17\">Tray<\/td>\n<td>No divided \/ Divided tray<\/td>\n<\/tr>\n<tr>\n<td height=\"17\">Lid type<\/td>\n<td>Glass flip lid<\/td>\n<\/tr>\n<tr>\n<td height=\"17\">Heat<\/td>\n<td>Fuel and Electric<\/td>\n<\/tr>\n<tr>\n<td height=\"17\">Custom<\/td>\n<td>Color\/Logo\/Package<\/td>\n<\/tr>\n<\/tbody>\n<\/table>\n"},"photo_gallery":{"product_gallery":[[{"id":3739,"title":"wholesale-chafing-dish-with-hinged-lid-1","caption":"wholesale-chafing-dish-with-hinged-lid","full_image_url":"https:\/\/www.dzwchafingdish.com\/wp-content\/uploads\/2024\/03\/wholesale-chafing-dish-with-hinged-lid-1.webp","thumbnail_image_url":"https:\/\/www.dzwchafingdish.com\/wp-content\/uploads\/2024\/03\/wholesale-chafing-dish-with-hinged-lid-1-150x150.webp","large_srcset":"https:\/\/www.dzwchafingdish.com\/wp-content\/uploads\/2024\/03\/wholesale-chafing-dish-with-hinged-lid-1.webp 800w, https:\/\/www.dzwchafingdish.com\/wp-content\/uploads\/2024\/03\/wholesale-chafing-dish-with-hinged-lid-1-300x300.webp 300w, https:\/\/www.dzwchafingdish.com\/wp-content\/uploads\/2024\/03\/wholesale-chafing-dish-with-hinged-lid-1-150x150.webp 150w, https:\/\/www.dzwchafingdish.com\/wp-content\/uploads\/2024\/03\/wholesale-chafing-dish-with-hinged-lid-1-768x768.webp 768w","medium_srcset":"https:\/\/www.dzwchafingdish.com\/wp-content\/uploads\/2024\/03\/wholesale-chafing-dish-with-hinged-lid-1-300x300.webp 300w, https:\/\/www.dzwchafingdish.com\/wp-content\/uploads\/2024\/03\/wholesale-chafing-dish-with-hinged-lid-1-150x150.webp 150w, https:\/\/www.dzwchafingdish.com\/wp-content\/uploads\/2024\/03\/wholesale-chafing-dish-with-hinged-lid-1-768x768.webp 768w, https:\/\/www.dzwchafingdish.com\/wp-content\/uploads\/2024\/03\/wholesale-chafing-dish-with-hinged-lid-1.webp 800w","media_details":{"width":800,"height":800,"sizes":{"medium":{"file":"wholesale-chafing-dish-with-hinged-lid-1-300x300.webp","width":300,"height":300,"mime-type":"image\/webp","filesize":8484,"source_url":"https:\/\/www.dzwchafingdish.com\/wp-content\/uploads\/2024\/03\/wholesale-chafing-dish-with-hinged-lid-1-300x300.webp"},"thumbnail":{"file":"wholesale-chafing-dish-with-hinged-lid-1-150x150.webp","width":150,"height":150,"mime-type":"image\/webp","filesize":3176,"source_url":"https:\/\/www.dzwchafingdish.com\/wp-content\/uploads\/2024\/03\/wholesale-chafing-dish-with-hinged-lid-1-150x150.webp"},"medium_large":{"file":"wholesale-chafing-dish-with-hinged-lid-1-768x768.webp","width":768,"height":768,"mime-type":"image\/webp","filesize":29358,"source_url":"https:\/\/www.dzwchafingdish.com\/wp-content\/uploads\/2024\/03\/wholesale-chafing-dish-with-hinged-lid-1-768x768.webp"}}},"alt_text":"wholesale-chafing-dish-with-hinged-lid","url":"","target":""},{"id":3744,"title":"wholesale-chafing-dish-with-hinged-lid-6","caption":"","full_image_url":"https:\/\/www.dzwchafingdish.com\/wp-content\/uploads\/2024\/03\/wholesale-chafing-dish-with-hinged-lid-6.webp","thumbnail_image_url":"https:\/\/www.dzwchafingdish.com\/wp-content\/uploads\/2024\/03\/wholesale-chafing-dish-with-hinged-lid-6-150x150.webp","large_srcset":"https:\/\/www.dzwchafingdish.com\/wp-content\/uploads\/2024\/03\/wholesale-chafing-dish-with-hinged-lid-6.webp 800w, https:\/\/www.dzwchafingdish.com\/wp-content\/uploads\/2024\/03\/wholesale-chafing-dish-with-hinged-lid-6-300x300.webp 300w, https:\/\/www.dzwchafingdish.com\/wp-content\/uploads\/2024\/03\/wholesale-chafing-dish-with-hinged-lid-6-150x150.webp 150w, https:\/\/www.dzwchafingdish.com\/wp-content\/uploads\/2024\/03\/wholesale-chafing-dish-with-hinged-lid-6-768x768.webp 768w","medium_srcset":"https:\/\/www.dzwchafingdish.com\/wp-content\/uploads\/2024\/03\/wholesale-chafing-dish-with-hinged-lid-6-300x300.webp 300w, https:\/\/www.dzwchafingdish.com\/wp-content\/uploads\/2024\/03\/wholesale-chafing-dish-with-hinged-lid-6-150x150.webp 150w, https:\/\/www.dzwchafingdish.com\/wp-content\/uploads\/2024\/03\/wholesale-chafing-dish-with-hinged-lid-6-768x768.webp 768w, https:\/\/www.dzwchafingdish.com\/wp-content\/uploads\/2024\/03\/wholesale-chafing-dish-with-hinged-lid-6.webp 800w","media_details":{"width":800,"height":800,"sizes":{"medium":{"file":"wholesale-chafing-dish-with-hinged-lid-6-300x300.webp","width":300,"height":300,"mime-type":"image\/webp","filesize":7700,"source_url":"https:\/\/www.dzwchafingdish.com\/wp-content\/uploads\/2024\/03\/wholesale-chafing-dish-with-hinged-lid-6-300x300.webp"},"thumbnail":{"file":"wholesale-chafing-dish-with-hinged-lid-6-150x150.webp","width":150,"height":150,"mime-type":"image\/webp","filesize":2866,"source_url":"https:\/\/www.dzwchafingdish.com\/wp-content\/uploads\/2024\/03\/wholesale-chafing-dish-with-hinged-lid-6-150x150.webp"},"medium_large":{"file":"wholesale-chafing-dish-with-hinged-lid-6-768x768.webp","width":768,"height":768,"mime-type":"image\/webp","filesize":27094,"source_url":"https:\/\/www.dzwchafingdish.com\/wp-content\/uploads\/2024\/03\/wholesale-chafing-dish-with-hinged-lid-6-768x768.webp"}}},"alt_text":"","url":"","target":""},{"id":3741,"title":"wholesale-chafing-dish-with-hinged-lid-3","caption":"wholesale-chafing-dish-with-hinged-lid","full_image_url":"https:\/\/www.dzwchafingdish.com\/wp-content\/uploads\/2024\/03\/wholesale-chafing-dish-with-hinged-lid-3.webp","thumbnail_image_url":"https:\/\/www.dzwchafingdish.com\/wp-content\/uploads\/2024\/03\/wholesale-chafing-dish-with-hinged-lid-3-150x150.webp","large_srcset":"https:\/\/www.dzwchafingdish.com\/wp-content\/uploads\/2024\/03\/wholesale-chafing-dish-with-hinged-lid-3.webp 800w, https:\/\/www.dzwchafingdish.com\/wp-content\/uploads\/2024\/03\/wholesale-chafing-dish-with-hinged-lid-3-300x300.webp 300w, https:\/\/www.dzwchafingdish.com\/wp-content\/uploads\/2024\/03\/wholesale-chafing-dish-with-hinged-lid-3-150x150.webp 150w, https:\/\/www.dzwchafingdish.com\/wp-content\/uploads\/2024\/03\/wholesale-chafing-dish-with-hinged-lid-3-768x768.webp 768w","medium_srcset":"https:\/\/www.dzwchafingdish.com\/wp-content\/uploads\/2024\/03\/wholesale-chafing-dish-with-hinged-lid-3-300x300.webp 300w, https:\/\/www.dzwchafingdish.com\/wp-content\/uploads\/2024\/03\/wholesale-chafing-dish-with-hinged-lid-3-150x150.webp 150w, https:\/\/www.dzwchafingdish.com\/wp-content\/uploads\/2024\/03\/wholesale-chafing-dish-with-hinged-lid-3-768x768.webp 768w, https:\/\/www.dzwchafingdish.com\/wp-content\/uploads\/2024\/03\/wholesale-chafing-dish-with-hinged-lid-3.webp 800w","media_details":{"width":800,"height":800,"sizes":{"medium":{"file":"wholesale-chafing-dish-with-hinged-lid-3-300x300.webp","width":300,"height":300,"mime-type":"image\/webp","filesize":6640,"source_url":"https:\/\/www.dzwchafingdish.com\/wp-content\/uploads\/2024\/03\/wholesale-chafing-dish-with-hinged-lid-3-300x300.webp"},"thumbnail":{"file":"wholesale-chafing-dish-with-hinged-lid-3-150x150.webp","width":150,"height":150,"mime-type":"image\/webp","filesize":2690,"source_url":"https:\/\/www.dzwchafingdish.com\/wp-content\/uploads\/2024\/03\/wholesale-chafing-dish-with-hinged-lid-3-150x150.webp"},"medium_large":{"file":"wholesale-chafing-dish-with-hinged-lid-3-768x768.webp","width":768,"height":768,"mime-type":"image\/webp","filesize":21072,"source_url":"https:\/\/www.dzwchafingdish.com\/wp-content\/uploads\/2024\/03\/wholesale-chafing-dish-with-hinged-lid-3-768x768.webp"}}},"alt_text":"wholesale-chafing-dish-with-hinged-lid","url":"","target":""},{"id":3740,"title":"wholesale-chafing-dish-with-hinged-lid-2","caption":"wholesale-chafing-dish-with-hinged-lid","full_image_url":"https:\/\/www.dzwchafingdish.com\/wp-content\/uploads\/2024\/03\/wholesale-chafing-dish-with-hinged-lid-2.webp","thumbnail_image_url":"https:\/\/www.dzwchafingdish.com\/wp-content\/uploads\/2024\/03\/wholesale-chafing-dish-with-hinged-lid-2-150x150.webp","large_srcset":"https:\/\/www.dzwchafingdish.com\/wp-content\/uploads\/2024\/03\/wholesale-chafing-dish-with-hinged-lid-2.webp 800w, https:\/\/www.dzwchafingdish.com\/wp-content\/uploads\/2024\/03\/wholesale-chafing-dish-with-hinged-lid-2-300x300.webp 300w, https:\/\/www.dzwchafingdish.com\/wp-content\/uploads\/2024\/03\/wholesale-chafing-dish-with-hinged-lid-2-150x150.webp 150w, https:\/\/www.dzwchafingdish.com\/wp-content\/uploads\/2024\/03\/wholesale-chafing-dish-with-hinged-lid-2-768x768.webp 768w","medium_srcset":"https:\/\/www.dzwchafingdish.com\/wp-content\/uploads\/2024\/03\/wholesale-chafing-dish-with-hinged-lid-2-300x300.webp 300w, https:\/\/www.dzwchafingdish.com\/wp-content\/uploads\/2024\/03\/wholesale-chafing-dish-with-hinged-lid-2-150x150.webp 150w, https:\/\/www.dzwchafingdish.com\/wp-content\/uploads\/2024\/03\/wholesale-chafing-dish-with-hinged-lid-2-768x768.webp 768w, https:\/\/www.dzwchafingdish.com\/wp-content\/uploads\/2024\/03\/wholesale-chafing-dish-with-hinged-lid-2.webp 800w","media_details":{"width":800,"height":800,"sizes":{"medium":{"file":"wholesale-chafing-dish-with-hinged-lid-2-300x300.webp","width":300,"height":300,"mime-type":"image\/webp","filesize":6796,"source_url":"https:\/\/www.dzwchafingdish.com\/wp-content\/uploads\/2024\/03\/wholesale-chafing-dish-with-hinged-lid-2-300x300.webp"},"thumbnail":{"file":"wholesale-chafing-dish-with-hinged-lid-2-150x150.webp","width":150,"height":150,"mime-type":"image\/webp","filesize":2738,"source_url":"https:\/\/www.dzwchafingdish.com\/wp-content\/uploads\/2024\/03\/wholesale-chafing-dish-with-hinged-lid-2-150x150.webp"},"medium_large":{"file":"wholesale-chafing-dish-with-hinged-lid-2-768x768.webp","width":768,"height":768,"mime-type":"image\/webp","filesize":21486,"source_url":"https:\/\/www.dzwchafingdish.com\/wp-content\/uploads\/2024\/03\/wholesale-chafing-dish-with-hinged-lid-2-768x768.webp"}}},"alt_text":"wholesale-chafing-dish-with-hinged-lid","url":"","target":""},{"id":3743,"title":"wholesale-chafing-dish-with-hinged-lid-5","caption":"","full_image_url":"https:\/\/www.dzwchafingdish.com\/wp-content\/uploads\/2024\/03\/wholesale-chafing-dish-with-hinged-lid-5.webp","thumbnail_image_url":"https:\/\/www.dzwchafingdish.com\/wp-content\/uploads\/2024\/03\/wholesale-chafing-dish-with-hinged-lid-5-150x150.webp","large_srcset":"https:\/\/www.dzwchafingdish.com\/wp-content\/uploads\/2024\/03\/wholesale-chafing-dish-with-hinged-lid-5.webp 800w, https:\/\/www.dzwchafingdish.com\/wp-content\/uploads\/2024\/03\/wholesale-chafing-dish-with-hinged-lid-5-300x300.webp 300w, https:\/\/www.dzwchafingdish.com\/wp-content\/uploads\/2024\/03\/wholesale-chafing-dish-with-hinged-lid-5-150x150.webp 150w, https:\/\/www.dzwchafingdish.com\/wp-content\/uploads\/2024\/03\/wholesale-chafing-dish-with-hinged-lid-5-768x768.webp 768w","medium_srcset":"https:\/\/www.dzwchafingdish.com\/wp-content\/uploads\/2024\/03\/wholesale-chafing-dish-with-hinged-lid-5-300x300.webp 300w, https:\/\/www.dzwchafingdish.com\/wp-content\/uploads\/2024\/03\/wholesale-chafing-dish-with-hinged-lid-5-150x150.webp 150w, https:\/\/www.dzwchafingdish.com\/wp-content\/uploads\/2024\/03\/wholesale-chafing-dish-with-hinged-lid-5-768x768.webp 768w, https:\/\/www.dzwchafingdish.com\/wp-content\/uploads\/2024\/03\/wholesale-chafing-dish-with-hinged-lid-5.webp 800w","media_details":{"width":800,"height":800,"sizes":{"medium":{"file":"wholesale-chafing-dish-with-hinged-lid-5-300x300.webp","width":300,"height":300,"mime-type":"image\/webp","filesize":8266,"source_url":"https:\/\/www.dzwchafingdish.com\/wp-content\/uploads\/2024\/03\/wholesale-chafing-dish-with-hinged-lid-5-300x300.webp"},"thumbnail":{"file":"wholesale-chafing-dish-with-hinged-lid-5-150x150.webp","width":150,"height":150,"mime-type":"image\/webp","filesize":3046,"source_url":"https:\/\/www.dzwchafingdish.com\/wp-content\/uploads\/2024\/03\/wholesale-chafing-dish-with-hinged-lid-5-150x150.webp"},"medium_large":{"file":"wholesale-chafing-dish-with-hinged-lid-5-768x768.webp","width":768,"height":768,"mime-type":"image\/webp","filesize":29838,"source_url":"https:\/\/www.dzwchafingdish.com\/wp-content\/uploads\/2024\/03\/wholesale-chafing-dish-with-hinged-lid-5-768x768.webp"}}},"alt_text":"","url":"","target":""},{"id":3742,"title":"wholesale-chafing-dish-with-hinged-lid-4","caption":"wholesale-chafing-dish-with-hinged-lid-4","full_image_url":"https:\/\/www.dzwchafingdish.com\/wp-content\/uploads\/2024\/03\/wholesale-chafing-dish-with-hinged-lid-4.webp","thumbnail_image_url":"https:\/\/www.dzwchafingdish.com\/wp-content\/uploads\/2024\/03\/wholesale-chafing-dish-with-hinged-lid-4-150x150.webp","large_srcset":"https:\/\/www.dzwchafingdish.com\/wp-content\/uploads\/2024\/03\/wholesale-chafing-dish-with-hinged-lid-4.webp 800w, https:\/\/www.dzwchafingdish.com\/wp-content\/uploads\/2024\/03\/wholesale-chafing-dish-with-hinged-lid-4-300x300.webp 300w, https:\/\/www.dzwchafingdish.com\/wp-content\/uploads\/2024\/03\/wholesale-chafing-dish-with-hinged-lid-4-150x150.webp 150w, https:\/\/www.dzwchafingdish.com\/wp-content\/uploads\/2024\/03\/wholesale-chafing-dish-with-hinged-lid-4-768x768.webp 768w","medium_srcset":"https:\/\/www.dzwchafingdish.com\/wp-content\/uploads\/2024\/03\/wholesale-chafing-dish-with-hinged-lid-4-300x300.webp 300w, https:\/\/www.dzwchafingdish.com\/wp-content\/uploads\/2024\/03\/wholesale-chafing-dish-with-hinged-lid-4-150x150.webp 150w, https:\/\/www.dzwchafingdish.com\/wp-content\/uploads\/2024\/03\/wholesale-chafing-dish-with-hinged-lid-4-768x768.webp 768w, https:\/\/www.dzwchafingdish.com\/wp-content\/uploads\/2024\/03\/wholesale-chafing-dish-with-hinged-lid-4.webp 800w","media_details":{"width":800,"height":800,"sizes":{"medium":{"file":"wholesale-chafing-dish-with-hinged-lid-4-300x300.webp","width":300,"height":300,"mime-type":"image\/webp","filesize":9440,"source_url":"https:\/\/www.dzwchafingdish.com\/wp-content\/uploads\/2024\/03\/wholesale-chafing-dish-with-hinged-lid-4-300x300.webp"},"thumbnail":{"file":"wholesale-chafing-dish-with-hinged-lid-4-150x150.webp","width":150,"height":150,"mime-type":"image\/webp","filesize":3496,"source_url":"https:\/\/www.dzwchafingdish.com\/wp-content\/uploads\/2024\/03\/wholesale-chafing-dish-with-hinged-lid-4-150x150.webp"},"medium_large":{"file":"wholesale-chafing-dish-with-hinged-lid-4-768x768.webp","width":768,"height":768,"mime-type":"image\/webp","filesize":32608,"source_url":"https:\/\/www.dzwchafingdish.com\/wp-content\/uploads\/2024\/03\/wholesale-chafing-dish-with-hinged-lid-4-768x768.webp"}}},"alt_text":"wholesale-chafing-dish-with-hinged-lid-4","url":"","target":""}]]}},"_links":{"self":[{"href":"https:\/\/www.dzwchafingdish.com\/es\/wp-json\/wp\/v2\/product\/3730","targetHints":{"allow":["GET"]}}],"collection":[{"href":"https:\/\/www.dzwchafingdish.com\/es\/wp-json\/wp\/v2\/product"}],"about":[{"href":"https:\/\/www.dzwchafingdish.com\/es\/wp-json\/wp\/v2\/types\/product"}],"author":[{"embeddable":true,"href":"https:\/\/www.dzwchafingdish.com\/es\/wp-json\/wp\/v2\/users\/3"}],"version-history":[{"count":0,"href":"https:\/\/www.dzwchafingdish.com\/es\/wp-json\/wp\/v2\/product\/3730\/revisions"}],"wp:featuredmedia":[{"embeddable":true,"href":"https:\/\/www.dzwchafingdish.com\/es\/wp-json\/wp\/v2\/media\/3739"}],"wp:attachment":[{"href":"https:\/\/www.dzwchafingdish.com\/es\/wp-json\/wp\/v2\/media?parent=3730"}],"wp:term":[{"taxonomy":"product-categories","embeddable":true,"href":"https:\/\/www.dzwchafingdish.com\/es\/wp-json\/wp\/v2\/product-categories?post=3730"},{"taxonomy":"product-tag","embeddable":true,"href":"https:\/\/www.dzwchafingdish.com\/es\/wp-json\/wp\/v2\/product-tag?post=3730"}],"curies":[{"name":"wp","href":"https:\/\/api.w.org\/{rel}","templated":true}]}}