{"id":3845,"date":"2024-04-01T04:14:35","date_gmt":"2024-04-01T04:14:35","guid":{"rendered":"https:\/\/www.dzwchafingdish.com\/?post_type=product&#038;p=3845"},"modified":"2024-04-01T04:14:37","modified_gmt":"2024-04-01T04:14:37","slug":"square-cake-stand-2","status":"publish","type":"product","link":"https:\/\/www.dzwchafingdish.com\/es\/product\/square-cake-stand-2\/","title":{"rendered":"Soporte de Cer\u00e1mica Cuadrado en Espiral de Acero Inoxidable para Tartas de Boda"},"content":{"rendered":"<div class=\"wp-block-columns is-layout-flex wp-container-core-columns-is-layout-28f84493 wp-block-columns-is-layout-flex\">\n<div class=\"wp-block-column is-vertically-aligned-center is-layout-flow wp-block-column-is-layout-flow\" style=\"flex-basis:40%\">\n<h2 class=\"wp-block-heading\"><strong>Soporte cuadrado para tartas Dimensi\u00f3n<\/strong><\/h2>\n\n\n\n<figure class=\"wp-block-table\"><table><tbody><tr><td>PUNTO NO.<\/td><td>Longitud<\/td><td>Alto<\/td><td>Peso<\/td><\/tr><tr><td>DZW-XS01<\/td><td>27 cm<\/td><td>27 cm<\/td><td>30 kg<\/td><\/tr><tr><td>DZW-XS02<\/td><td>25 cm<\/td><td>25 cm<\/td><td>25 kg<\/td><\/tr><tr><td>DZW-XS03<\/td><td>23 cm<\/td><td>23 cm<\/td><td>20 kg<\/td><\/tr><tr><td>DZW-XS04<\/td><td>21 cm<\/td><td>21 cm<\/td><td>15 kg<\/td><\/tr><\/tbody><\/table><\/figure>\n<\/div>\n\n\n\n<div class=\"wp-block-column is-layout-flow wp-block-column-is-layout-flow\">\n<div class=\"wp-block-columns is-layout-flex wp-container-core-columns-is-layout-28f84493 wp-block-columns-is-layout-flex\">\n<div class=\"wp-block-column is-layout-flow wp-block-column-is-layout-flow\">\n<figure class=\"wp-block-image size-full\"><img fetchpriority=\"high\" decoding=\"async\" width=\"1024\" height=\"1024\" src=\"https:\/\/www.dzwchafingdish.com\/wp-content\/uploads\/2024\/03\/square-cake-stand-7.webp\" alt=\"soporte cuadrado para tartas\" class=\"wp-image-3852\" srcset=\"https:\/\/www.dzwchafingdish.com\/wp-content\/uploads\/2024\/03\/square-cake-stand-7.webp 1024w, https:\/\/www.dzwchafingdish.com\/wp-content\/uploads\/2024\/03\/square-cake-stand-7-300x300.webp 300w, https:\/\/www.dzwchafingdish.com\/wp-content\/uploads\/2024\/03\/square-cake-stand-7-150x150.webp 150w, https:\/\/www.dzwchafingdish.com\/wp-content\/uploads\/2024\/03\/square-cake-stand-7-768x768.webp 768w\" sizes=\"(max-width: 1024px) 100vw, 1024px\" \/><\/figure>\n<\/div>\n\n\n\n<div class=\"wp-block-column is-layout-flow wp-block-column-is-layout-flow\">\n<figure class=\"wp-block-image size-full\"><img decoding=\"async\" width=\"1024\" height=\"1024\" src=\"https:\/\/www.dzwchafingdish.com\/wp-content\/uploads\/2024\/03\/square-cake-stand-6.webp\" alt=\"soporte cuadrado para tartas\" class=\"wp-image-3851\" srcset=\"https:\/\/www.dzwchafingdish.com\/wp-content\/uploads\/2024\/03\/square-cake-stand-6.webp 1024w, https:\/\/www.dzwchafingdish.com\/wp-content\/uploads\/2024\/03\/square-cake-stand-6-300x300.webp 300w, https:\/\/www.dzwchafingdish.com\/wp-content\/uploads\/2024\/03\/square-cake-stand-6-150x150.webp 150w, https:\/\/www.dzwchafingdish.com\/wp-content\/uploads\/2024\/03\/square-cake-stand-6-768x768.webp 768w\" sizes=\"(max-width: 1024px) 100vw, 1024px\" \/><\/figure>\n<\/div>\n<\/div>\n<\/div>\n<\/div>\n\n\n\n<div class=\"wp-block-columns is-layout-flex wp-container-core-columns-is-layout-28f84493 wp-block-columns-is-layout-flex\">\n<div class=\"wp-block-column is-layout-flow wp-block-column-is-layout-flow\">\n<figure class=\"wp-block-image size-full\"><img decoding=\"async\" width=\"1024\" height=\"1024\" src=\"https:\/\/www.dzwchafingdish.com\/wp-content\/uploads\/2024\/03\/square-cake-stand-11.webp\" alt=\"soporte cuadrado para tartas\" class=\"wp-image-3856\" srcset=\"https:\/\/www.dzwchafingdish.com\/wp-content\/uploads\/2024\/03\/square-cake-stand-11.webp 1024w, https:\/\/www.dzwchafingdish.com\/wp-content\/uploads\/2024\/03\/square-cake-stand-11-300x300.webp 300w, https:\/\/www.dzwchafingdish.com\/wp-content\/uploads\/2024\/03\/square-cake-stand-11-150x150.webp 150w, https:\/\/www.dzwchafingdish.com\/wp-content\/uploads\/2024\/03\/square-cake-stand-11-768x768.webp 768w\" sizes=\"(max-width: 1024px) 100vw, 1024px\" \/><\/figure>\n<\/div>\n\n\n\n<div class=\"wp-block-column is-vertically-aligned-center is-layout-flow wp-block-column-is-layout-flow\">\n<h2 class=\"wp-block-heading\">Soporte cuadrado para tartas Caracter\u00edsticas:<\/h2>\n\n\n\n<ul class=\"wp-block-list\">\n<li>Dise\u00f1o moderno: La construcci\u00f3n de acero inoxidable en espiral aporta un sentido moderno \u00fanico, que contrasta con los tradicionales soportes redondos para tartas, aportando un ambiente novedoso y elegante a las bodas.<\/li>\n\n\n\n<li>Construcci\u00f3n cuadrada: A diferencia del tradicional soporte redondo para tartas, el dise\u00f1o cuadrado resalta m\u00e1s la modernidad y la sencillez, haciendo que el expositor de tartas sea m\u00e1s chic.<\/li>\n\n\n\n<li>Material duradero: Hecho de material de acero inoxidable con propiedades de durabilidad y antioxidantes, lo que garantiza que el soporte se mantenga brillante durante mucho tiempo.<\/li>\n\n\n\n<li>Soporte estable: la estructura en espiral proporciona un soporte s\u00f3lido para transportar con seguridad pasteles de diversos tama\u00f1os y pesos.<\/li>\n\n\n\n<li>Soporta una variedad de tama\u00f1os de altura: Diferentes \u00e1ngulos de visualizaci\u00f3n de postre, adecuado para todo tipo de escenas y personas.<\/li>\n<\/ul>\n<\/div>\n<\/div>","protected":false},"excerpt":{"rendered":"<p>Soporte cuadrado para tartas Dimensiones ART\u00cdCULO NO. Longitud Altura Peso DZW-XS01 27cm 27cm 30kg DZW-XS02 25cm 25cm 25kg DZW-XS03 23cm 23cm 20kg DZW-XS04 21cm 21cm 15kg Soporte cuadrado para tartas Caracter\u00edsticas:<\/p>","protected":false},"author":1,"featured_media":3857,"parent":0,"menu_order":0,"template":"","format":"standard","meta":{"_acf_changed":false,"site-sidebar-layout":"default","site-content-layout":"","ast-site-content-layout":"default","site-content-style":"default","site-sidebar-style":"default","ast-global-header-display":"","ast-banner-title-visibility":"","ast-main-header-display":"","ast-hfb-above-header-display":"","ast-hfb-below-header-display":"","ast-hfb-mobile-header-display":"","site-post-title":"","ast-breadcrumbs-content":"","ast-featured-img":"","footer-sml-layout":"","theme-transparent-header-meta":"","adv-header-id-meta":"","stick-header-meta":"","header-above-stick-meta":"","header-main-stick-meta":"","header-below-stick-meta":"","astra-migrate-meta-layouts":"default","ast-page-background-enabled":"default","ast-page-background-meta":{"desktop":{"background-color":"var(--ast-global-color-4)","background-image":"","background-repeat":"repeat","background-position":"center center","background-size":"auto","background-attachment":"scroll","background-type":"","background-media":"","overlay-type":"","overlay-color":"","overlay-opacity":"","overlay-gradient":""},"tablet":{"background-color":"","background-image":"","background-repeat":"repeat","background-position":"center center","background-size":"auto","background-attachment":"scroll","background-type":"","background-media":"","overlay-type":"","overlay-color":"","overlay-opacity":"","overlay-gradient":""},"mobile":{"background-color":"","background-image":"","background-repeat":"repeat","background-position":"center center","background-size":"auto","background-attachment":"scroll","background-type":"","background-media":"","overlay-type":"","overlay-color":"","overlay-opacity":"","overlay-gradient":""}},"ast-content-background-meta":{"desktop":{"background-color":"var(--ast-global-color-5)","background-image":"","background-repeat":"repeat","background-position":"center center","background-size":"auto","background-attachment":"scroll","background-type":"","background-media":"","overlay-type":"","overlay-color":"","overlay-opacity":"","overlay-gradient":""},"tablet":{"background-color":"var(--ast-global-color-5)","background-image":"","background-repeat":"repeat","background-position":"center center","background-size":"auto","background-attachment":"scroll","background-type":"","background-media":"","overlay-type":"","overlay-color":"","overlay-opacity":"","overlay-gradient":""},"mobile":{"background-color":"var(--ast-global-color-5)","background-image":"","background-repeat":"repeat","background-position":"center center","background-size":"auto","background-attachment":"scroll","background-type":"","background-media":"","overlay-type":"","overlay-color":"","overlay-opacity":"","overlay-gradient":""}},"footnotes":""},"product-categories":[65],"product-tag":[],"class_list":["post-3845","product","type-product","status-publish","format-standard","has-post-thumbnail","hentry","product-categories-dessert-stand"],"acf":{"title":"Soporte de Cer\u00e1mica Cuadrado en Espiral de Acero Inoxidable para Tartas de Boda","title_source":{"label":"Title","type":"text","formatted_value":"Bulk Ceramic Square Cake Stand Spiral Stainless Steel for Wedding"},"short_description":"Square cake stand with stainless steel spiral design, exquisite fashion, suitable for wedding banquets. Available in different height sizes, we support custom and wholesale, offering factory prices.","short_description_source":{"label":"Short description","type":"textarea","formatted_value":"Square cake stand with stainless steel spiral design, exquisite fashion, suitable for wedding banquets. Available in different height sizes, we support custom and wholesale, offering factory prices."},"parameters":"<table border=\"0\" width=\"423\" cellspacing=\"0\" cellpadding=\"0\">\r\n<tbody>\r\n<tr>\r\n<td width=\"166\" height=\"23\">Manufacturer<\/td>\r\n<td width=\"257\">DONGZHAOWEI<\/td>\r\n<\/tr>\r\n<tr>\r\n<td height=\"23\">Material<\/td>\r\n<td>Stainless Steel 201 and Ceramic<\/td>\r\n<\/tr>\r\n<tr>\r\n<td height=\"23\">Tier<\/td>\r\n<td>1 Tier<\/td>\r\n<\/tr>\r\n<tr>\r\n<td height=\"24\">Color<\/td>\r\n<td>Golden\/White\/Black<\/td>\r\n<\/tr>\r\n<tr>\r\n<td height=\"24\">Shape<\/td>\r\n<td>Square shape<\/td>\r\n<\/tr>\r\n<tr>\r\n<td height=\"24\">Custom<\/td>\r\n<td>Color\/Logo\/Package<\/td>\r\n<\/tr>\r\n<\/tbody>\r\n<\/table>","parameters_source":{"label":"Parameters","type":"wysiwyg","formatted_value":"<table border=\"0\" width=\"423\" cellspacing=\"0\" cellpadding=\"0\">\n<tbody>\n<tr>\n<td width=\"166\" height=\"23\">Manufacturer<\/td>\n<td width=\"257\">DONGZHAOWEI<\/td>\n<\/tr>\n<tr>\n<td height=\"23\">Material<\/td>\n<td>Stainless Steel 201 and Ceramic<\/td>\n<\/tr>\n<tr>\n<td height=\"23\">Tier<\/td>\n<td>1 Tier<\/td>\n<\/tr>\n<tr>\n<td height=\"24\">Color<\/td>\n<td>Golden\/White\/Black<\/td>\n<\/tr>\n<tr>\n<td height=\"24\">Shape<\/td>\n<td>Square shape<\/td>\n<\/tr>\n<tr>\n<td height=\"24\">Custom<\/td>\n<td>Color\/Logo\/Package<\/td>\n<\/tr>\n<\/tbody>\n<\/table>\n"},"photo_gallery":{"product_gallery":[[{"id":3856,"title":"square cake stand (11)","caption":"square cake stand","full_image_url":"https:\/\/www.dzwchafingdish.com\/wp-content\/uploads\/2024\/03\/square-cake-stand-11.webp","thumbnail_image_url":"https:\/\/www.dzwchafingdish.com\/wp-content\/uploads\/2024\/03\/square-cake-stand-11-150x150.webp","large_srcset":"https:\/\/www.dzwchafingdish.com\/wp-content\/uploads\/2024\/03\/square-cake-stand-11.webp 1024w, https:\/\/www.dzwchafingdish.com\/wp-content\/uploads\/2024\/03\/square-cake-stand-11-300x300.webp 300w, https:\/\/www.dzwchafingdish.com\/wp-content\/uploads\/2024\/03\/square-cake-stand-11-150x150.webp 150w, https:\/\/www.dzwchafingdish.com\/wp-content\/uploads\/2024\/03\/square-cake-stand-11-768x768.webp 768w","medium_srcset":"https:\/\/www.dzwchafingdish.com\/wp-content\/uploads\/2024\/03\/square-cake-stand-11-300x300.webp 300w, https:\/\/www.dzwchafingdish.com\/wp-content\/uploads\/2024\/03\/square-cake-stand-11-150x150.webp 150w, https:\/\/www.dzwchafingdish.com\/wp-content\/uploads\/2024\/03\/square-cake-stand-11-768x768.webp 768w, https:\/\/www.dzwchafingdish.com\/wp-content\/uploads\/2024\/03\/square-cake-stand-11.webp 1024w","media_details":{"width":1024,"height":1024,"sizes":{"medium":{"file":"square-cake-stand-11-300x300.webp","width":300,"height":300,"mime-type":"image\/webp","filesize":12376,"source_url":"https:\/\/www.dzwchafingdish.com\/wp-content\/uploads\/2024\/03\/square-cake-stand-11-300x300.webp"},"thumbnail":{"file":"square-cake-stand-11-150x150.webp","width":150,"height":150,"mime-type":"image\/webp","filesize":3854,"source_url":"https:\/\/www.dzwchafingdish.com\/wp-content\/uploads\/2024\/03\/square-cake-stand-11-150x150.webp"},"medium_large":{"file":"square-cake-stand-11-768x768.webp","width":768,"height":768,"mime-type":"image\/webp","filesize":57354,"source_url":"https:\/\/www.dzwchafingdish.com\/wp-content\/uploads\/2024\/03\/square-cake-stand-11-768x768.webp"}}},"alt_text":"square cake stand","url":"","target":""},{"id":3852,"title":"square cake stand (7)","caption":"square cake stand","full_image_url":"https:\/\/www.dzwchafingdish.com\/wp-content\/uploads\/2024\/03\/square-cake-stand-7.webp","thumbnail_image_url":"https:\/\/www.dzwchafingdish.com\/wp-content\/uploads\/2024\/03\/square-cake-stand-7-150x150.webp","large_srcset":"https:\/\/www.dzwchafingdish.com\/wp-content\/uploads\/2024\/03\/square-cake-stand-7.webp 1024w, https:\/\/www.dzwchafingdish.com\/wp-content\/uploads\/2024\/03\/square-cake-stand-7-300x300.webp 300w, https:\/\/www.dzwchafingdish.com\/wp-content\/uploads\/2024\/03\/square-cake-stand-7-150x150.webp 150w, https:\/\/www.dzwchafingdish.com\/wp-content\/uploads\/2024\/03\/square-cake-stand-7-768x768.webp 768w","medium_srcset":"https:\/\/www.dzwchafingdish.com\/wp-content\/uploads\/2024\/03\/square-cake-stand-7-300x300.webp 300w, https:\/\/www.dzwchafingdish.com\/wp-content\/uploads\/2024\/03\/square-cake-stand-7-150x150.webp 150w, https:\/\/www.dzwchafingdish.com\/wp-content\/uploads\/2024\/03\/square-cake-stand-7-768x768.webp 768w, https:\/\/www.dzwchafingdish.com\/wp-content\/uploads\/2024\/03\/square-cake-stand-7.webp 1024w","media_details":{"width":1024,"height":1024,"sizes":{"medium":{"file":"square-cake-stand-7-300x300.webp","width":300,"height":300,"mime-type":"image\/webp","filesize":5514,"source_url":"https:\/\/www.dzwchafingdish.com\/wp-content\/uploads\/2024\/03\/square-cake-stand-7-300x300.webp"},"thumbnail":{"file":"square-cake-stand-7-150x150.webp","width":150,"height":150,"mime-type":"image\/webp","filesize":1936,"source_url":"https:\/\/www.dzwchafingdish.com\/wp-content\/uploads\/2024\/03\/square-cake-stand-7-150x150.webp"},"medium_large":{"file":"square-cake-stand-7-768x768.webp","width":768,"height":768,"mime-type":"image\/webp","filesize":20144,"source_url":"https:\/\/www.dzwchafingdish.com\/wp-content\/uploads\/2024\/03\/square-cake-stand-7-768x768.webp"}}},"alt_text":"square cake stand","url":"","target":""},{"id":3854,"title":"square cake stand (9)","caption":"square cake stand","full_image_url":"https:\/\/www.dzwchafingdish.com\/wp-content\/uploads\/2024\/03\/square-cake-stand-9.webp","thumbnail_image_url":"https:\/\/www.dzwchafingdish.com\/wp-content\/uploads\/2024\/03\/square-cake-stand-9-150x150.webp","large_srcset":"https:\/\/www.dzwchafingdish.com\/wp-content\/uploads\/2024\/03\/square-cake-stand-9.webp 1024w, https:\/\/www.dzwchafingdish.com\/wp-content\/uploads\/2024\/03\/square-cake-stand-9-300x300.webp 300w, https:\/\/www.dzwchafingdish.com\/wp-content\/uploads\/2024\/03\/square-cake-stand-9-150x150.webp 150w, https:\/\/www.dzwchafingdish.com\/wp-content\/uploads\/2024\/03\/square-cake-stand-9-768x768.webp 768w","medium_srcset":"https:\/\/www.dzwchafingdish.com\/wp-content\/uploads\/2024\/03\/square-cake-stand-9-300x300.webp 300w, https:\/\/www.dzwchafingdish.com\/wp-content\/uploads\/2024\/03\/square-cake-stand-9-150x150.webp 150w, https:\/\/www.dzwchafingdish.com\/wp-content\/uploads\/2024\/03\/square-cake-stand-9-768x768.webp 768w, https:\/\/www.dzwchafingdish.com\/wp-content\/uploads\/2024\/03\/square-cake-stand-9.webp 1024w","media_details":{"width":1024,"height":1024,"sizes":{"medium":{"file":"square-cake-stand-9-300x300.webp","width":300,"height":300,"mime-type":"image\/webp","filesize":5060,"source_url":"https:\/\/www.dzwchafingdish.com\/wp-content\/uploads\/2024\/03\/square-cake-stand-9-300x300.webp"},"thumbnail":{"file":"square-cake-stand-9-150x150.webp","width":150,"height":150,"mime-type":"image\/webp","filesize":1780,"source_url":"https:\/\/www.dzwchafingdish.com\/wp-content\/uploads\/2024\/03\/square-cake-stand-9-150x150.webp"},"medium_large":{"file":"square-cake-stand-9-768x768.webp","width":768,"height":768,"mime-type":"image\/webp","filesize":18144,"source_url":"https:\/\/www.dzwchafingdish.com\/wp-content\/uploads\/2024\/03\/square-cake-stand-9-768x768.webp"}}},"alt_text":"square cake stand","url":"","target":""},{"id":3855,"title":"square cake stand (10)","caption":"square cake stand","full_image_url":"https:\/\/www.dzwchafingdish.com\/wp-content\/uploads\/2024\/03\/square-cake-stand-10.webp","thumbnail_image_url":"https:\/\/www.dzwchafingdish.com\/wp-content\/uploads\/2024\/03\/square-cake-stand-10-150x150.webp","large_srcset":"https:\/\/www.dzwchafingdish.com\/wp-content\/uploads\/2024\/03\/square-cake-stand-10.webp 1024w, https:\/\/www.dzwchafingdish.com\/wp-content\/uploads\/2024\/03\/square-cake-stand-10-300x300.webp 300w, https:\/\/www.dzwchafingdish.com\/wp-content\/uploads\/2024\/03\/square-cake-stand-10-150x150.webp 150w, https:\/\/www.dzwchafingdish.com\/wp-content\/uploads\/2024\/03\/square-cake-stand-10-768x768.webp 768w","medium_srcset":"https:\/\/www.dzwchafingdish.com\/wp-content\/uploads\/2024\/03\/square-cake-stand-10-300x300.webp 300w, https:\/\/www.dzwchafingdish.com\/wp-content\/uploads\/2024\/03\/square-cake-stand-10-150x150.webp 150w, https:\/\/www.dzwchafingdish.com\/wp-content\/uploads\/2024\/03\/square-cake-stand-10-768x768.webp 768w, https:\/\/www.dzwchafingdish.com\/wp-content\/uploads\/2024\/03\/square-cake-stand-10.webp 1024w","media_details":{"width":1024,"height":1024,"sizes":{"medium":{"file":"square-cake-stand-10-300x300.webp","width":300,"height":300,"mime-type":"image\/webp","filesize":4516,"source_url":"https:\/\/www.dzwchafingdish.com\/wp-content\/uploads\/2024\/03\/square-cake-stand-10-300x300.webp"},"thumbnail":{"file":"square-cake-stand-10-150x150.webp","width":150,"height":150,"mime-type":"image\/webp","filesize":1586,"source_url":"https:\/\/www.dzwchafingdish.com\/wp-content\/uploads\/2024\/03\/square-cake-stand-10-150x150.webp"},"medium_large":{"file":"square-cake-stand-10-768x768.webp","width":768,"height":768,"mime-type":"image\/webp","filesize":16604,"source_url":"https:\/\/www.dzwchafingdish.com\/wp-content\/uploads\/2024\/03\/square-cake-stand-10-768x768.webp"}}},"alt_text":"square cake stand","url":"","target":""},{"id":3851,"title":"square cake stand (6)","caption":"square cake stand","full_image_url":"https:\/\/www.dzwchafingdish.com\/wp-content\/uploads\/2024\/03\/square-cake-stand-6.webp","thumbnail_image_url":"https:\/\/www.dzwchafingdish.com\/wp-content\/uploads\/2024\/03\/square-cake-stand-6-150x150.webp","large_srcset":"https:\/\/www.dzwchafingdish.com\/wp-content\/uploads\/2024\/03\/square-cake-stand-6.webp 1024w, https:\/\/www.dzwchafingdish.com\/wp-content\/uploads\/2024\/03\/square-cake-stand-6-300x300.webp 300w, https:\/\/www.dzwchafingdish.com\/wp-content\/uploads\/2024\/03\/square-cake-stand-6-150x150.webp 150w, https:\/\/www.dzwchafingdish.com\/wp-content\/uploads\/2024\/03\/square-cake-stand-6-768x768.webp 768w","medium_srcset":"https:\/\/www.dzwchafingdish.com\/wp-content\/uploads\/2024\/03\/square-cake-stand-6-300x300.webp 300w, https:\/\/www.dzwchafingdish.com\/wp-content\/uploads\/2024\/03\/square-cake-stand-6-150x150.webp 150w, https:\/\/www.dzwchafingdish.com\/wp-content\/uploads\/2024\/03\/square-cake-stand-6-768x768.webp 768w, https:\/\/www.dzwchafingdish.com\/wp-content\/uploads\/2024\/03\/square-cake-stand-6.webp 1024w","media_details":{"width":1024,"height":1024,"sizes":{"medium":{"file":"square-cake-stand-6-300x300.webp","width":300,"height":300,"mime-type":"image\/webp","filesize":1926,"source_url":"https:\/\/www.dzwchafingdish.com\/wp-content\/uploads\/2024\/03\/square-cake-stand-6-300x300.webp"},"thumbnail":{"file":"square-cake-stand-6-150x150.webp","width":150,"height":150,"mime-type":"image\/webp","filesize":766,"source_url":"https:\/\/www.dzwchafingdish.com\/wp-content\/uploads\/2024\/03\/square-cake-stand-6-150x150.webp"},"medium_large":{"file":"square-cake-stand-6-768x768.webp","width":768,"height":768,"mime-type":"image\/webp","filesize":6050,"source_url":"https:\/\/www.dzwchafingdish.com\/wp-content\/uploads\/2024\/03\/square-cake-stand-6-768x768.webp"}}},"alt_text":"square cake stand","url":"","target":""},{"id":3847,"title":"square cake stand (2)","caption":"square cake stand","full_image_url":"https:\/\/www.dzwchafingdish.com\/wp-content\/uploads\/2024\/03\/square-cake-stand-2.webp","thumbnail_image_url":"https:\/\/www.dzwchafingdish.com\/wp-content\/uploads\/2024\/03\/square-cake-stand-2-150x150.webp","large_srcset":"https:\/\/www.dzwchafingdish.com\/wp-content\/uploads\/2024\/03\/square-cake-stand-2.webp 1024w, https:\/\/www.dzwchafingdish.com\/wp-content\/uploads\/2024\/03\/square-cake-stand-2-300x300.webp 300w, https:\/\/www.dzwchafingdish.com\/wp-content\/uploads\/2024\/03\/square-cake-stand-2-150x150.webp 150w, https:\/\/www.dzwchafingdish.com\/wp-content\/uploads\/2024\/03\/square-cake-stand-2-768x768.webp 768w","medium_srcset":"https:\/\/www.dzwchafingdish.com\/wp-content\/uploads\/2024\/03\/square-cake-stand-2-300x300.webp 300w, https:\/\/www.dzwchafingdish.com\/wp-content\/uploads\/2024\/03\/square-cake-stand-2-150x150.webp 150w, https:\/\/www.dzwchafingdish.com\/wp-content\/uploads\/2024\/03\/square-cake-stand-2-768x768.webp 768w, https:\/\/www.dzwchafingdish.com\/wp-content\/uploads\/2024\/03\/square-cake-stand-2.webp 1024w","media_details":{"width":1024,"height":1024,"sizes":{"medium":{"file":"square-cake-stand-2-300x300.webp","width":300,"height":300,"mime-type":"image\/webp","filesize":2300,"source_url":"https:\/\/www.dzwchafingdish.com\/wp-content\/uploads\/2024\/03\/square-cake-stand-2-300x300.webp"},"thumbnail":{"file":"square-cake-stand-2-150x150.webp","width":150,"height":150,"mime-type":"image\/webp","filesize":932,"source_url":"https:\/\/www.dzwchafingdish.com\/wp-content\/uploads\/2024\/03\/square-cake-stand-2-150x150.webp"},"medium_large":{"file":"square-cake-stand-2-768x768.webp","width":768,"height":768,"mime-type":"image\/webp","filesize":7246,"source_url":"https:\/\/www.dzwchafingdish.com\/wp-content\/uploads\/2024\/03\/square-cake-stand-2-768x768.webp"}}},"alt_text":"square cake stand","url":"","target":""}]]}},"_links":{"self":[{"href":"https:\/\/www.dzwchafingdish.com\/es\/wp-json\/wp\/v2\/product\/3845","targetHints":{"allow":["GET"]}}],"collection":[{"href":"https:\/\/www.dzwchafingdish.com\/es\/wp-json\/wp\/v2\/product"}],"about":[{"href":"https:\/\/www.dzwchafingdish.com\/es\/wp-json\/wp\/v2\/types\/product"}],"author":[{"embeddable":true,"href":"https:\/\/www.dzwchafingdish.com\/es\/wp-json\/wp\/v2\/users\/1"}],"version-history":[{"count":0,"href":"https:\/\/www.dzwchafingdish.com\/es\/wp-json\/wp\/v2\/product\/3845\/revisions"}],"wp:featuredmedia":[{"embeddable":true,"href":"https:\/\/www.dzwchafingdish.com\/es\/wp-json\/wp\/v2\/media\/3857"}],"wp:attachment":[{"href":"https:\/\/www.dzwchafingdish.com\/es\/wp-json\/wp\/v2\/media?parent=3845"}],"wp:term":[{"taxonomy":"product-categories","embeddable":true,"href":"https:\/\/www.dzwchafingdish.com\/es\/wp-json\/wp\/v2\/product-categories?post=3845"},{"taxonomy":"product-tag","embeddable":true,"href":"https:\/\/www.dzwchafingdish.com\/es\/wp-json\/wp\/v2\/product-tag?post=3845"}],"curies":[{"name":"wp","href":"https:\/\/api.w.org\/{rel}","templated":true}]}}