{"id":3913,"date":"2024-04-13T07:58:39","date_gmt":"2024-04-13T07:58:39","guid":{"rendered":"https:\/\/www.dzwchafingdish.com\/?post_type=product&#038;p=3913"},"modified":"2024-06-15T05:15:49","modified_gmt":"2024-06-15T05:15:49","slug":"chafing-dish-warmer","status":"publish","type":"product","link":"https:\/\/www.dzwchafingdish.com\/es\/product\/chafing-dish-warmer\/","title":{"rendered":"Precio de f\u00e1brica calientaplatos con tapa de cristal 9L"},"content":{"rendered":"<div class=\"wp-block-columns is-layout-flex wp-container-core-columns-is-layout-28f84493 wp-block-columns-is-layout-flex\">\n<div class=\"wp-block-column is-vertically-aligned-center is-layout-flow wp-block-column-is-layout-flow\">\n<h2 class=\"wp-block-heading\"><strong>Calientaplatos Dimensi\u00f3n<\/strong><\/h2>\n\n\n\n<figure class=\"wp-block-table\"><table><tbody><tr><td>PUNTO NO.<\/td><td>TALLA<\/td><td>LONGITUD<\/td><td>AMPLIO<\/td><td>ALTO<\/td><td>N.W \/SET<\/td><\/tr><tr><td>DZW-S323<\/td><td>9.0L<\/td><td>57 cm<\/td><td>43 cm<\/td><td>27,5 cm<\/td><td>7300 g<\/td><\/tr><tr><td>DZW-HG323<\/td><td>9.0L<\/td><td>57 cm<\/td><td>43 cm<\/td><td>27,5 cm<\/td><td>7300 g<\/td><\/tr><tr><td>DZW-G323<\/td><td>9.0L<\/td><td>57 cm<\/td><td>43 cm<\/td><td>27,5 cm<\/td><td>7300 g<\/td><\/tr><\/tbody><\/table><\/figure>\n<\/div>\n\n\n\n<div class=\"wp-block-column is-layout-flow wp-block-column-is-layout-flow\">\n<figure class=\"wp-block-image aligncenter size-full is-resized\"><img fetchpriority=\"high\" decoding=\"async\" width=\"800\" height=\"800\" src=\"https:\/\/www.dzwchafingdish.com\/wp-content\/uploads\/2024\/03\/factory-price-buffet-pan-wholesale-8.webp\" alt=\"precio-f\u00e1brica-buffet-pan-mayorista\" class=\"wp-image-3921\" style=\"width:422px;height:auto\" srcset=\"https:\/\/www.dzwchafingdish.com\/wp-content\/uploads\/2024\/03\/factory-price-buffet-pan-wholesale-8.webp 800w, https:\/\/www.dzwchafingdish.com\/wp-content\/uploads\/2024\/03\/factory-price-buffet-pan-wholesale-8-300x300.webp 300w, https:\/\/www.dzwchafingdish.com\/wp-content\/uploads\/2024\/03\/factory-price-buffet-pan-wholesale-8-150x150.webp 150w, https:\/\/www.dzwchafingdish.com\/wp-content\/uploads\/2024\/03\/factory-price-buffet-pan-wholesale-8-768x768.webp 768w\" sizes=\"(max-width: 800px) 100vw, 800px\" \/><\/figure>\n<\/div>\n<\/div>\n\n\n\n<div class=\"wp-block-columns is-layout-flex wp-container-core-columns-is-layout-28f84493 wp-block-columns-is-layout-flex\">\n<div class=\"wp-block-column is-layout-flow wp-block-column-is-layout-flow\">\n<figure class=\"wp-block-image size-full is-resized\"><img decoding=\"async\" width=\"800\" height=\"800\" src=\"https:\/\/www.dzwchafingdish.com\/wp-content\/uploads\/2024\/03\/factory-price-buffet-pan-wholesale-4.webp\" alt=\"precio-f\u00e1brica-buffet-pan-mayorista\" class=\"wp-image-3917\" style=\"width:475px;height:auto\" srcset=\"https:\/\/www.dzwchafingdish.com\/wp-content\/uploads\/2024\/03\/factory-price-buffet-pan-wholesale-4.webp 800w, https:\/\/www.dzwchafingdish.com\/wp-content\/uploads\/2024\/03\/factory-price-buffet-pan-wholesale-4-300x300.webp 300w, https:\/\/www.dzwchafingdish.com\/wp-content\/uploads\/2024\/03\/factory-price-buffet-pan-wholesale-4-150x150.webp 150w, https:\/\/www.dzwchafingdish.com\/wp-content\/uploads\/2024\/03\/factory-price-buffet-pan-wholesale-4-768x768.webp 768w\" sizes=\"(max-width: 800px) 100vw, 800px\" \/><\/figure>\n<\/div>\n\n\n\n<div class=\"wp-block-column is-vertically-aligned-center is-layout-flow wp-block-column-is-layout-flow\">\n<h2 class=\"wp-block-heading\"><strong><strong>Calientaplatos\u00a0<\/strong>Caracter\u00edsticas:<\/strong><\/h2>\n\n\n\n<ul class=\"wp-block-list\">\n<li>Venta directa de f\u00e1brica: Esta cacerola de buffet al por mayor con precios de f\u00e1brica, es asequible, y rentable.<\/li>\n\n\n\n<li>Dise\u00f1o de gran capacidad: El dise\u00f1o de gran capacidad de 9L puede acomodar una gran cantidad de alimentos, proporcion\u00e1ndole suficientes reservas de comida.<\/li>\n\n\n\n<li>Dise\u00f1o rectangular: Esta bandeja de buffet tiene un dise\u00f1o rectangular para aprovechar mejor el espacio.<\/li>\n\n\n\n<li>Fabricaci\u00f3n con materiales de alta calidad: El uso de materiales de alta calidad para garantizar la estabilidad del producto y el uso a largo plazo.<\/li>\n<\/ul>\n<\/div>\n<\/div>","protected":false},"excerpt":{"rendered":"<p>Chafing Dish Warmer Dimensi\u00f3n ITEM NO. TALLA LARGO ANCHO ALTO N.W \/SET DZW-S323 9.0L 57 cm 43 cm 27.5 cm 7300 g DZW-HG323 9.0L 57 cm 43 cm 27.5 cm 7300 g DZW-G323 9.0L 57 cm 43 cm 27.5 cm 7300 g Calientaplatos Caracter\u00edsticas:<\/p>","protected":false},"author":3,"featured_media":3915,"parent":0,"menu_order":0,"template":"","format":"standard","meta":{"_acf_changed":false,"site-sidebar-layout":"default","site-content-layout":"","ast-site-content-layout":"default","site-content-style":"default","site-sidebar-style":"default","ast-global-header-display":"","ast-banner-title-visibility":"","ast-main-header-display":"","ast-hfb-above-header-display":"","ast-hfb-below-header-display":"","ast-hfb-mobile-header-display":"","site-post-title":"","ast-breadcrumbs-content":"","ast-featured-img":"","footer-sml-layout":"","theme-transparent-header-meta":"","adv-header-id-meta":"","stick-header-meta":"","header-above-stick-meta":"","header-main-stick-meta":"","header-below-stick-meta":"","astra-migrate-meta-layouts":"default","ast-page-background-enabled":"default","ast-page-background-meta":{"desktop":{"background-color":"var(--ast-global-color-4)","background-image":"","background-repeat":"repeat","background-position":"center center","background-size":"auto","background-attachment":"scroll","background-type":"","background-media":"","overlay-type":"","overlay-color":"","overlay-opacity":"","overlay-gradient":""},"tablet":{"background-color":"","background-image":"","background-repeat":"repeat","background-position":"center center","background-size":"auto","background-attachment":"scroll","background-type":"","background-media":"","overlay-type":"","overlay-color":"","overlay-opacity":"","overlay-gradient":""},"mobile":{"background-color":"","background-image":"","background-repeat":"repeat","background-position":"center center","background-size":"auto","background-attachment":"scroll","background-type":"","background-media":"","overlay-type":"","overlay-color":"","overlay-opacity":"","overlay-gradient":""}},"ast-content-background-meta":{"desktop":{"background-color":"var(--ast-global-color-5)","background-image":"","background-repeat":"repeat","background-position":"center center","background-size":"auto","background-attachment":"scroll","background-type":"","background-media":"","overlay-type":"","overlay-color":"","overlay-opacity":"","overlay-gradient":""},"tablet":{"background-color":"var(--ast-global-color-5)","background-image":"","background-repeat":"repeat","background-position":"center center","background-size":"auto","background-attachment":"scroll","background-type":"","background-media":"","overlay-type":"","overlay-color":"","overlay-opacity":"","overlay-gradient":""},"mobile":{"background-color":"var(--ast-global-color-5)","background-image":"","background-repeat":"repeat","background-position":"center center","background-size":"auto","background-attachment":"scroll","background-type":"","background-media":"","overlay-type":"","overlay-color":"","overlay-opacity":"","overlay-gradient":""}},"footnotes":""},"product-categories":[63],"product-tag":[95,96,89,90],"class_list":["post-3913","product","type-product","status-publish","format-standard","has-post-thumbnail","hentry","product-categories-chafing-dish","product-tag-chafing-dish-with-glass-lid","product-tag-chafing-dish-with-hinged-lid","product-tag-electric-chafing-dish","product-tag-fuel-chafing-dish"],"acf":{"title":"Precio de f\u00e1brica calientaplatos con tapa de cristal 9L","title_source":{"label":"Title","type":"text","formatted_value":"Factory Price Chafing Dish Warmer with Glass Lid 9L"},"short_description":"We are a professional chafing dish warmer manufacturer, providing cost-effective wholesale solutions. This stainless steel chafing dish with glass cover large see-through window, is one of the classic buffet equipment. Please contact us to get factory prices.","short_description_source":{"label":"Short description","type":"textarea","formatted_value":"We are a professional chafing dish warmer manufacturer, providing cost-effective wholesale solutions. This stainless steel chafing dish with glass cover large see-through window, is one of the classic buffet equipment. Please contact us to get factory prices."},"parameters":"<table border=\"0\" width=\"275\" cellspacing=\"0\" cellpadding=\"0\">\r\n<tbody>\r\n<tr>\r\n<td width=\"108\" height=\"17\">Manufacturer<\/td>\r\n<td width=\"167\">DONGZHAOWEI<\/td>\r\n<\/tr>\r\n<tr>\r\n<td height=\"17\">Material<\/td>\r\n<td>Stainless Steel 201<\/td>\r\n<\/tr>\r\n<tr>\r\n<td height=\"17\">Capacity<\/td>\r\n<td>9.0L<\/td>\r\n<\/tr>\r\n<tr>\r\n<td height=\"17\">Color<\/td>\r\n<td>Golden\/ Half Golden\/ Silver<\/td>\r\n<\/tr>\r\n<tr>\r\n<td height=\"17\">Design<\/td>\r\n<td>Rectangle<\/td>\r\n<\/tr>\r\n<tr>\r\n<td height=\"17\">Tray<\/td>\r\n<td>No divided \/ Divided tray<\/td>\r\n<\/tr>\r\n<tr>\r\n<td height=\"17\">Lid type<\/td>\r\n<td>Hinged lid<\/td>\r\n<\/tr>\r\n<tr>\r\n<td height=\"17\">Heat<\/td>\r\n<td>Fuel\/Electric<\/td>\r\n<\/tr>\r\n<tr>\r\n<td height=\"17\">Custom<\/td>\r\n<td>Color\/Logo\/Package<\/td>\r\n<\/tr>\r\n<\/tbody>\r\n<\/table>","parameters_source":{"label":"Parameters","type":"wysiwyg","formatted_value":"<table border=\"0\" width=\"275\" cellspacing=\"0\" cellpadding=\"0\">\n<tbody>\n<tr>\n<td width=\"108\" height=\"17\">Manufacturer<\/td>\n<td width=\"167\">DONGZHAOWEI<\/td>\n<\/tr>\n<tr>\n<td height=\"17\">Material<\/td>\n<td>Stainless Steel 201<\/td>\n<\/tr>\n<tr>\n<td height=\"17\">Capacity<\/td>\n<td>9.0L<\/td>\n<\/tr>\n<tr>\n<td height=\"17\">Color<\/td>\n<td>Golden\/ Half Golden\/ Silver<\/td>\n<\/tr>\n<tr>\n<td height=\"17\">Design<\/td>\n<td>Rectangle<\/td>\n<\/tr>\n<tr>\n<td height=\"17\">Tray<\/td>\n<td>No divided \/ Divided tray<\/td>\n<\/tr>\n<tr>\n<td height=\"17\">Lid type<\/td>\n<td>Hinged lid<\/td>\n<\/tr>\n<tr>\n<td height=\"17\">Heat<\/td>\n<td>Fuel\/Electric<\/td>\n<\/tr>\n<tr>\n<td height=\"17\">Custom<\/td>\n<td>Color\/Logo\/Package<\/td>\n<\/tr>\n<\/tbody>\n<\/table>\n"},"photo_gallery":{"product_gallery":[[{"id":3914,"title":"factory-price-buffet-pan-wholesale-1","caption":"factory-price-buffet-pan-wholesale","full_image_url":"https:\/\/www.dzwchafingdish.com\/wp-content\/uploads\/2024\/03\/factory-price-buffet-pan-wholesale-1.webp","thumbnail_image_url":"https:\/\/www.dzwchafingdish.com\/wp-content\/uploads\/2024\/03\/factory-price-buffet-pan-wholesale-1-150x150.webp","large_srcset":"https:\/\/www.dzwchafingdish.com\/wp-content\/uploads\/2024\/03\/factory-price-buffet-pan-wholesale-1.webp 800w, https:\/\/www.dzwchafingdish.com\/wp-content\/uploads\/2024\/03\/factory-price-buffet-pan-wholesale-1-300x300.webp 300w, https:\/\/www.dzwchafingdish.com\/wp-content\/uploads\/2024\/03\/factory-price-buffet-pan-wholesale-1-150x150.webp 150w, https:\/\/www.dzwchafingdish.com\/wp-content\/uploads\/2024\/03\/factory-price-buffet-pan-wholesale-1-768x768.webp 768w","medium_srcset":"https:\/\/www.dzwchafingdish.com\/wp-content\/uploads\/2024\/03\/factory-price-buffet-pan-wholesale-1-300x300.webp 300w, https:\/\/www.dzwchafingdish.com\/wp-content\/uploads\/2024\/03\/factory-price-buffet-pan-wholesale-1-150x150.webp 150w, https:\/\/www.dzwchafingdish.com\/wp-content\/uploads\/2024\/03\/factory-price-buffet-pan-wholesale-1-768x768.webp 768w, https:\/\/www.dzwchafingdish.com\/wp-content\/uploads\/2024\/03\/factory-price-buffet-pan-wholesale-1.webp 800w","media_details":{"width":800,"height":800,"sizes":{"medium":{"file":"factory-price-buffet-pan-wholesale-1-300x300.webp","width":300,"height":300,"mime-type":"image\/webp","filesize":6470,"source_url":"https:\/\/www.dzwchafingdish.com\/wp-content\/uploads\/2024\/03\/factory-price-buffet-pan-wholesale-1-300x300.webp"},"thumbnail":{"file":"factory-price-buffet-pan-wholesale-1-150x150.webp","width":150,"height":150,"mime-type":"image\/webp","filesize":2596,"source_url":"https:\/\/www.dzwchafingdish.com\/wp-content\/uploads\/2024\/03\/factory-price-buffet-pan-wholesale-1-150x150.webp"},"medium_large":{"file":"factory-price-buffet-pan-wholesale-1-768x768.webp","width":768,"height":768,"mime-type":"image\/webp","filesize":20508,"source_url":"https:\/\/www.dzwchafingdish.com\/wp-content\/uploads\/2024\/03\/factory-price-buffet-pan-wholesale-1-768x768.webp"}}},"alt_text":"factory-price-buffet-pan-wholesale","url":"","target":""},{"id":3915,"title":"factory-price-buffet-pan-wholesale-2","caption":"factory-price-buffet-pan-wholesale","full_image_url":"https:\/\/www.dzwchafingdish.com\/wp-content\/uploads\/2024\/03\/factory-price-buffet-pan-wholesale-2.webp","thumbnail_image_url":"https:\/\/www.dzwchafingdish.com\/wp-content\/uploads\/2024\/03\/factory-price-buffet-pan-wholesale-2-150x150.webp","large_srcset":"https:\/\/www.dzwchafingdish.com\/wp-content\/uploads\/2024\/03\/factory-price-buffet-pan-wholesale-2.webp 868w, https:\/\/www.dzwchafingdish.com\/wp-content\/uploads\/2024\/03\/factory-price-buffet-pan-wholesale-2-300x300.webp 300w, https:\/\/www.dzwchafingdish.com\/wp-content\/uploads\/2024\/03\/factory-price-buffet-pan-wholesale-2-150x150.webp 150w, https:\/\/www.dzwchafingdish.com\/wp-content\/uploads\/2024\/03\/factory-price-buffet-pan-wholesale-2-768x769.webp 768w","medium_srcset":"https:\/\/www.dzwchafingdish.com\/wp-content\/uploads\/2024\/03\/factory-price-buffet-pan-wholesale-2-300x300.webp 300w, https:\/\/www.dzwchafingdish.com\/wp-content\/uploads\/2024\/03\/factory-price-buffet-pan-wholesale-2-150x150.webp 150w, https:\/\/www.dzwchafingdish.com\/wp-content\/uploads\/2024\/03\/factory-price-buffet-pan-wholesale-2-768x769.webp 768w, https:\/\/www.dzwchafingdish.com\/wp-content\/uploads\/2024\/03\/factory-price-buffet-pan-wholesale-2.webp 868w","media_details":{"width":868,"height":869,"sizes":{"medium":{"file":"factory-price-buffet-pan-wholesale-2-300x300.webp","width":300,"height":300,"mime-type":"image\/webp","filesize":7934,"source_url":"https:\/\/www.dzwchafingdish.com\/wp-content\/uploads\/2024\/03\/factory-price-buffet-pan-wholesale-2-300x300.webp"},"thumbnail":{"file":"factory-price-buffet-pan-wholesale-2-150x150.webp","width":150,"height":150,"mime-type":"image\/webp","filesize":3108,"source_url":"https:\/\/www.dzwchafingdish.com\/wp-content\/uploads\/2024\/03\/factory-price-buffet-pan-wholesale-2-150x150.webp"},"medium_large":{"file":"factory-price-buffet-pan-wholesale-2-768x769.webp","width":768,"height":769,"mime-type":"image\/webp","filesize":27754,"source_url":"https:\/\/www.dzwchafingdish.com\/wp-content\/uploads\/2024\/03\/factory-price-buffet-pan-wholesale-2-768x769.webp"}}},"alt_text":"factory-price-buffet-pan-wholesale","url":"","target":""},{"id":3916,"title":"factory-price-buffet-pan-wholesale-3","caption":"factory-price-buffet-pan-wholesale","full_image_url":"https:\/\/www.dzwchafingdish.com\/wp-content\/uploads\/2024\/03\/factory-price-buffet-pan-wholesale-3.webp","thumbnail_image_url":"https:\/\/www.dzwchafingdish.com\/wp-content\/uploads\/2024\/03\/factory-price-buffet-pan-wholesale-3-150x150.webp","large_srcset":"https:\/\/www.dzwchafingdish.com\/wp-content\/uploads\/2024\/03\/factory-price-buffet-pan-wholesale-3.webp 800w, https:\/\/www.dzwchafingdish.com\/wp-content\/uploads\/2024\/03\/factory-price-buffet-pan-wholesale-3-300x300.webp 300w, https:\/\/www.dzwchafingdish.com\/wp-content\/uploads\/2024\/03\/factory-price-buffet-pan-wholesale-3-150x150.webp 150w, https:\/\/www.dzwchafingdish.com\/wp-content\/uploads\/2024\/03\/factory-price-buffet-pan-wholesale-3-768x768.webp 768w","medium_srcset":"https:\/\/www.dzwchafingdish.com\/wp-content\/uploads\/2024\/03\/factory-price-buffet-pan-wholesale-3-300x300.webp 300w, https:\/\/www.dzwchafingdish.com\/wp-content\/uploads\/2024\/03\/factory-price-buffet-pan-wholesale-3-150x150.webp 150w, https:\/\/www.dzwchafingdish.com\/wp-content\/uploads\/2024\/03\/factory-price-buffet-pan-wholesale-3-768x768.webp 768w, https:\/\/www.dzwchafingdish.com\/wp-content\/uploads\/2024\/03\/factory-price-buffet-pan-wholesale-3.webp 800w","media_details":{"width":800,"height":800,"sizes":{"medium":{"file":"factory-price-buffet-pan-wholesale-3-300x300.webp","width":300,"height":300,"mime-type":"image\/webp","filesize":6598,"source_url":"https:\/\/www.dzwchafingdish.com\/wp-content\/uploads\/2024\/03\/factory-price-buffet-pan-wholesale-3-300x300.webp"},"thumbnail":{"file":"factory-price-buffet-pan-wholesale-3-150x150.webp","width":150,"height":150,"mime-type":"image\/webp","filesize":2490,"source_url":"https:\/\/www.dzwchafingdish.com\/wp-content\/uploads\/2024\/03\/factory-price-buffet-pan-wholesale-3-150x150.webp"},"medium_large":{"file":"factory-price-buffet-pan-wholesale-3-768x768.webp","width":768,"height":768,"mime-type":"image\/webp","filesize":24112,"source_url":"https:\/\/www.dzwchafingdish.com\/wp-content\/uploads\/2024\/03\/factory-price-buffet-pan-wholesale-3-768x768.webp"}}},"alt_text":"factory-price-buffet-pan-wholesale","url":"","target":""},{"id":3920,"title":"factory-price-buffet-pan-wholesale-7","caption":"factory-price-buffet-pan-wholesale","full_image_url":"https:\/\/www.dzwchafingdish.com\/wp-content\/uploads\/2024\/03\/factory-price-buffet-pan-wholesale-7.webp","thumbnail_image_url":"https:\/\/www.dzwchafingdish.com\/wp-content\/uploads\/2024\/03\/factory-price-buffet-pan-wholesale-7-150x150.webp","large_srcset":"https:\/\/www.dzwchafingdish.com\/wp-content\/uploads\/2024\/03\/factory-price-buffet-pan-wholesale-7.webp 800w, https:\/\/www.dzwchafingdish.com\/wp-content\/uploads\/2024\/03\/factory-price-buffet-pan-wholesale-7-300x300.webp 300w, https:\/\/www.dzwchafingdish.com\/wp-content\/uploads\/2024\/03\/factory-price-buffet-pan-wholesale-7-150x150.webp 150w, https:\/\/www.dzwchafingdish.com\/wp-content\/uploads\/2024\/03\/factory-price-buffet-pan-wholesale-7-768x768.webp 768w","medium_srcset":"https:\/\/www.dzwchafingdish.com\/wp-content\/uploads\/2024\/03\/factory-price-buffet-pan-wholesale-7-300x300.webp 300w, https:\/\/www.dzwchafingdish.com\/wp-content\/uploads\/2024\/03\/factory-price-buffet-pan-wholesale-7-150x150.webp 150w, https:\/\/www.dzwchafingdish.com\/wp-content\/uploads\/2024\/03\/factory-price-buffet-pan-wholesale-7-768x768.webp 768w, https:\/\/www.dzwchafingdish.com\/wp-content\/uploads\/2024\/03\/factory-price-buffet-pan-wholesale-7.webp 800w","media_details":{"width":800,"height":800,"sizes":{"medium":{"file":"factory-price-buffet-pan-wholesale-7-300x300.webp","width":300,"height":300,"mime-type":"image\/webp","filesize":4588,"source_url":"https:\/\/www.dzwchafingdish.com\/wp-content\/uploads\/2024\/03\/factory-price-buffet-pan-wholesale-7-300x300.webp"},"thumbnail":{"file":"factory-price-buffet-pan-wholesale-7-150x150.webp","width":150,"height":150,"mime-type":"image\/webp","filesize":1732,"source_url":"https:\/\/www.dzwchafingdish.com\/wp-content\/uploads\/2024\/03\/factory-price-buffet-pan-wholesale-7-150x150.webp"},"medium_large":{"file":"factory-price-buffet-pan-wholesale-7-768x768.webp","width":768,"height":768,"mime-type":"image\/webp","filesize":15840,"source_url":"https:\/\/www.dzwchafingdish.com\/wp-content\/uploads\/2024\/03\/factory-price-buffet-pan-wholesale-7-768x768.webp"}}},"alt_text":"factory-price-buffet-pan-wholesale","url":"","target":""},{"id":3918,"title":"factory-price-buffet-pan-wholesale-5","caption":"factory-price-buffet-pan-wholesale","full_image_url":"https:\/\/www.dzwchafingdish.com\/wp-content\/uploads\/2024\/03\/factory-price-buffet-pan-wholesale-5.webp","thumbnail_image_url":"https:\/\/www.dzwchafingdish.com\/wp-content\/uploads\/2024\/03\/factory-price-buffet-pan-wholesale-5-150x150.webp","large_srcset":"https:\/\/www.dzwchafingdish.com\/wp-content\/uploads\/2024\/03\/factory-price-buffet-pan-wholesale-5.webp 800w, https:\/\/www.dzwchafingdish.com\/wp-content\/uploads\/2024\/03\/factory-price-buffet-pan-wholesale-5-300x300.webp 300w, https:\/\/www.dzwchafingdish.com\/wp-content\/uploads\/2024\/03\/factory-price-buffet-pan-wholesale-5-150x150.webp 150w, https:\/\/www.dzwchafingdish.com\/wp-content\/uploads\/2024\/03\/factory-price-buffet-pan-wholesale-5-768x768.webp 768w","medium_srcset":"https:\/\/www.dzwchafingdish.com\/wp-content\/uploads\/2024\/03\/factory-price-buffet-pan-wholesale-5-300x300.webp 300w, https:\/\/www.dzwchafingdish.com\/wp-content\/uploads\/2024\/03\/factory-price-buffet-pan-wholesale-5-150x150.webp 150w, https:\/\/www.dzwchafingdish.com\/wp-content\/uploads\/2024\/03\/factory-price-buffet-pan-wholesale-5-768x768.webp 768w, https:\/\/www.dzwchafingdish.com\/wp-content\/uploads\/2024\/03\/factory-price-buffet-pan-wholesale-5.webp 800w","media_details":{"width":800,"height":800,"sizes":{"medium":{"file":"factory-price-buffet-pan-wholesale-5-300x300.webp","width":300,"height":300,"mime-type":"image\/webp","filesize":10420,"source_url":"https:\/\/www.dzwchafingdish.com\/wp-content\/uploads\/2024\/03\/factory-price-buffet-pan-wholesale-5-300x300.webp"},"thumbnail":{"file":"factory-price-buffet-pan-wholesale-5-150x150.webp","width":150,"height":150,"mime-type":"image\/webp","filesize":3788,"source_url":"https:\/\/www.dzwchafingdish.com\/wp-content\/uploads\/2024\/03\/factory-price-buffet-pan-wholesale-5-150x150.webp"},"medium_large":{"file":"factory-price-buffet-pan-wholesale-5-768x768.webp","width":768,"height":768,"mime-type":"image\/webp","filesize":38170,"source_url":"https:\/\/www.dzwchafingdish.com\/wp-content\/uploads\/2024\/03\/factory-price-buffet-pan-wholesale-5-768x768.webp"}}},"alt_text":"factory-price-buffet-pan-wholesale","url":"","target":""},{"id":3917,"title":"factory-price-buffet-pan-wholesale-4","caption":"factory-price-buffet-pan-wholesale","full_image_url":"https:\/\/www.dzwchafingdish.com\/wp-content\/uploads\/2024\/03\/factory-price-buffet-pan-wholesale-4.webp","thumbnail_image_url":"https:\/\/www.dzwchafingdish.com\/wp-content\/uploads\/2024\/03\/factory-price-buffet-pan-wholesale-4-150x150.webp","large_srcset":"https:\/\/www.dzwchafingdish.com\/wp-content\/uploads\/2024\/03\/factory-price-buffet-pan-wholesale-4.webp 800w, https:\/\/www.dzwchafingdish.com\/wp-content\/uploads\/2024\/03\/factory-price-buffet-pan-wholesale-4-300x300.webp 300w, https:\/\/www.dzwchafingdish.com\/wp-content\/uploads\/2024\/03\/factory-price-buffet-pan-wholesale-4-150x150.webp 150w, https:\/\/www.dzwchafingdish.com\/wp-content\/uploads\/2024\/03\/factory-price-buffet-pan-wholesale-4-768x768.webp 768w","medium_srcset":"https:\/\/www.dzwchafingdish.com\/wp-content\/uploads\/2024\/03\/factory-price-buffet-pan-wholesale-4-300x300.webp 300w, https:\/\/www.dzwchafingdish.com\/wp-content\/uploads\/2024\/03\/factory-price-buffet-pan-wholesale-4-150x150.webp 150w, https:\/\/www.dzwchafingdish.com\/wp-content\/uploads\/2024\/03\/factory-price-buffet-pan-wholesale-4-768x768.webp 768w, https:\/\/www.dzwchafingdish.com\/wp-content\/uploads\/2024\/03\/factory-price-buffet-pan-wholesale-4.webp 800w","media_details":{"width":800,"height":800,"sizes":{"medium":{"file":"factory-price-buffet-pan-wholesale-4-300x300.webp","width":300,"height":300,"mime-type":"image\/webp","filesize":9378,"source_url":"https:\/\/www.dzwchafingdish.com\/wp-content\/uploads\/2024\/03\/factory-price-buffet-pan-wholesale-4-300x300.webp"},"thumbnail":{"file":"factory-price-buffet-pan-wholesale-4-150x150.webp","width":150,"height":150,"mime-type":"image\/webp","filesize":3290,"source_url":"https:\/\/www.dzwchafingdish.com\/wp-content\/uploads\/2024\/03\/factory-price-buffet-pan-wholesale-4-150x150.webp"},"medium_large":{"file":"factory-price-buffet-pan-wholesale-4-768x768.webp","width":768,"height":768,"mime-type":"image\/webp","filesize":35016,"source_url":"https:\/\/www.dzwchafingdish.com\/wp-content\/uploads\/2024\/03\/factory-price-buffet-pan-wholesale-4-768x768.webp"}}},"alt_text":"factory-price-buffet-pan-wholesale","url":"","target":""}]]}},"_links":{"self":[{"href":"https:\/\/www.dzwchafingdish.com\/es\/wp-json\/wp\/v2\/product\/3913","targetHints":{"allow":["GET"]}}],"collection":[{"href":"https:\/\/www.dzwchafingdish.com\/es\/wp-json\/wp\/v2\/product"}],"about":[{"href":"https:\/\/www.dzwchafingdish.com\/es\/wp-json\/wp\/v2\/types\/product"}],"author":[{"embeddable":true,"href":"https:\/\/www.dzwchafingdish.com\/es\/wp-json\/wp\/v2\/users\/3"}],"version-history":[{"count":0,"href":"https:\/\/www.dzwchafingdish.com\/es\/wp-json\/wp\/v2\/product\/3913\/revisions"}],"wp:featuredmedia":[{"embeddable":true,"href":"https:\/\/www.dzwchafingdish.com\/es\/wp-json\/wp\/v2\/media\/3915"}],"wp:attachment":[{"href":"https:\/\/www.dzwchafingdish.com\/es\/wp-json\/wp\/v2\/media?parent=3913"}],"wp:term":[{"taxonomy":"product-categories","embeddable":true,"href":"https:\/\/www.dzwchafingdish.com\/es\/wp-json\/wp\/v2\/product-categories?post=3913"},{"taxonomy":"product-tag","embeddable":true,"href":"https:\/\/www.dzwchafingdish.com\/es\/wp-json\/wp\/v2\/product-tag?post=3913"}],"curies":[{"name":"wp","href":"https:\/\/api.w.org\/{rel}","templated":true}]}}