{"id":4344,"date":"2024-06-13T07:30:59","date_gmt":"2024-06-13T07:30:59","guid":{"rendered":"https:\/\/www.dzwchafingdish.com\/?post_type=product&#038;p=4344"},"modified":"2024-06-14T01:40:41","modified_gmt":"2024-06-14T01:40:41","slug":"beverage-tub","status":"publish","type":"product","link":"https:\/\/www.dzwchafingdish.com\/es\/product\/beverage-tub\/","title":{"rendered":"Cubitera personalizada con asa en forma de cornamenta Tama\u00f1o grande"},"content":{"rendered":"<div class=\"wp-block-columns is-layout-flex wp-container-core-columns-is-layout-28f84493 wp-block-columns-is-layout-flex\">\n<div class=\"wp-block-column is-vertically-aligned-center is-layout-flow wp-block-column-is-layout-flow\">\n<h2 class=\"wp-block-heading\">Dimensi\u00f3n de la cuba de bebidas<\/h2>\n\n\n\n<figure class=\"wp-block-table\"><table><tbody><tr><td>PUNTO NO.<\/td><td>TALLA<\/td><td>LONGITUD<\/td><td>AMPLIO<\/td><td>ALTURA<\/td><td>N.W \/SET<\/td><\/tr><tr><td>DZW-IB27<br>DZW-IB28<br>DZW-IB29<\/td><td>12L<\/td><td>30 cm<\/td><td>21,5 cm<\/td><td>24 cm<\/td><td>1680 g<\/td><\/tr><\/tbody><\/table><\/figure>\n<\/div>\n\n\n\n<div class=\"wp-block-column is-layout-flow wp-block-column-is-layout-flow\">\n<figure class=\"wp-block-image size-full is-resized\"><img fetchpriority=\"high\" decoding=\"async\" width=\"800\" height=\"800\" src=\"https:\/\/www.dzwchafingdish.com\/wp-content\/uploads\/2024\/06\/beverage-tub-in-bulk-4.webp\" alt=\"tarrina de bebidas a granel\" class=\"wp-image-4348\" style=\"width:392px;height:auto\" srcset=\"https:\/\/www.dzwchafingdish.com\/wp-content\/uploads\/2024\/06\/beverage-tub-in-bulk-4.webp 800w, https:\/\/www.dzwchafingdish.com\/wp-content\/uploads\/2024\/06\/beverage-tub-in-bulk-4-300x300.webp 300w, https:\/\/www.dzwchafingdish.com\/wp-content\/uploads\/2024\/06\/beverage-tub-in-bulk-4-150x150.webp 150w, https:\/\/www.dzwchafingdish.com\/wp-content\/uploads\/2024\/06\/beverage-tub-in-bulk-4-768x768.webp 768w\" sizes=\"(max-width: 800px) 100vw, 800px\" \/><\/figure>\n<\/div>\n<\/div>\n\n\n\n<div class=\"wp-block-columns is-layout-flex wp-container-core-columns-is-layout-28f84493 wp-block-columns-is-layout-flex\">\n<div class=\"wp-block-column is-layout-flow wp-block-column-is-layout-flow\">\n<figure class=\"wp-block-image size-full is-resized\"><img decoding=\"async\" width=\"800\" height=\"800\" src=\"https:\/\/www.dzwchafingdish.com\/wp-content\/uploads\/2024\/06\/beverage-tub-wholesale-1.webp\" alt=\"tarrina de bebidas a granel\" class=\"wp-image-4349\" style=\"width:459px;height:auto\" srcset=\"https:\/\/www.dzwchafingdish.com\/wp-content\/uploads\/2024\/06\/beverage-tub-wholesale-1.webp 800w, https:\/\/www.dzwchafingdish.com\/wp-content\/uploads\/2024\/06\/beverage-tub-wholesale-1-300x300.webp 300w, https:\/\/www.dzwchafingdish.com\/wp-content\/uploads\/2024\/06\/beverage-tub-wholesale-1-150x150.webp 150w, https:\/\/www.dzwchafingdish.com\/wp-content\/uploads\/2024\/06\/beverage-tub-wholesale-1-768x768.webp 768w\" sizes=\"(max-width: 800px) 100vw, 800px\" \/><\/figure>\n<\/div>\n\n\n\n<div class=\"wp-block-column is-layout-flow wp-block-column-is-layout-flow\">\n<h2 class=\"wp-block-heading\">Caracter\u00edsticas de la ba\u00f1era de bebidas:<\/h2>\n\n\n\n<p>ACERO INOXIDABLE DE PRIMERA CALIDAD: Esta cubeta para bebidas est\u00e1 fabricada en acero inoxidable 304, material apto para uso alimentario, duradero y f\u00e1cil de limpiar.<\/p>\n\n\n\n<p>ELEGANTE MANGO DE CABEZA DE VENADO: Con un dise\u00f1o \u00fanico de mango de cabeza de venado, m\u00e1s \u00fanico y de moda.<\/p>\n\n\n\n<p>M\u00daLTIPLES OPCIONES DE COLOR: Disponible en oro, plata, negro y oro rosa para combinar con cualquier decoraci\u00f3n o tema.<\/p>\n\n\n\n<p>Acabados pulido y mate: Liso y brillante para un aspecto m\u00e1s moderno y elegante, mate para una seriedad m\u00e1s discreta<\/p>\n\n\n\n<p>ESPACIOSA CAPACIDAD DE 12 LITROS: Con una espaciosa capacidad de 12 litros, esta ba\u00f1era tiene capacidad para un gran n\u00famero de bebidas, cervezas y vinos para mantener sus bebidas fr\u00edas para que las disfruten todos sus invitados.<\/p>\n<\/div>\n<\/div>","protected":false},"excerpt":{"rendered":"<p>Beverage Tub Dimension ITEM NO. SIZE LENGTH WIDE HEIGHT N.W \/SET DZW-IB27DZW-IB28DZW-IB29 12L 30 cm 21.5 cm 24 cm 1680 g Beverage Tub Features: PREMIUM STAINLESS STEEL: This beverage tub is made of 304 stainless steel, food-grade material, durable and easy to clean. ELEGANT DEERHEAD HANDLE: Featuring unique deer head handle design, more unique and [&hellip;]<\/p>","protected":false},"author":1,"featured_media":4348,"parent":0,"menu_order":0,"template":"","format":"standard","meta":{"_acf_changed":false,"site-sidebar-layout":"default","site-content-layout":"","ast-site-content-layout":"default","site-content-style":"default","site-sidebar-style":"default","ast-global-header-display":"","ast-banner-title-visibility":"","ast-main-header-display":"","ast-hfb-above-header-display":"","ast-hfb-below-header-display":"","ast-hfb-mobile-header-display":"","site-post-title":"","ast-breadcrumbs-content":"","ast-featured-img":"","footer-sml-layout":"","theme-transparent-header-meta":"","adv-header-id-meta":"","stick-header-meta":"","header-above-stick-meta":"","header-main-stick-meta":"","header-below-stick-meta":"","astra-migrate-meta-layouts":"default","ast-page-background-enabled":"default","ast-page-background-meta":{"desktop":{"background-color":"var(--ast-global-color-4)","background-image":"","background-repeat":"repeat","background-position":"center center","background-size":"auto","background-attachment":"scroll","background-type":"","background-media":"","overlay-type":"","overlay-color":"","overlay-opacity":"","overlay-gradient":""},"tablet":{"background-color":"","background-image":"","background-repeat":"repeat","background-position":"center center","background-size":"auto","background-attachment":"scroll","background-type":"","background-media":"","overlay-type":"","overlay-color":"","overlay-opacity":"","overlay-gradient":""},"mobile":{"background-color":"","background-image":"","background-repeat":"repeat","background-position":"center center","background-size":"auto","background-attachment":"scroll","background-type":"","background-media":"","overlay-type":"","overlay-color":"","overlay-opacity":"","overlay-gradient":""}},"ast-content-background-meta":{"desktop":{"background-color":"var(--ast-global-color-5)","background-image":"","background-repeat":"repeat","background-position":"center center","background-size":"auto","background-attachment":"scroll","background-type":"","background-media":"","overlay-type":"","overlay-color":"","overlay-opacity":"","overlay-gradient":""},"tablet":{"background-color":"var(--ast-global-color-5)","background-image":"","background-repeat":"repeat","background-position":"center center","background-size":"auto","background-attachment":"scroll","background-type":"","background-media":"","overlay-type":"","overlay-color":"","overlay-opacity":"","overlay-gradient":""},"mobile":{"background-color":"var(--ast-global-color-5)","background-image":"","background-repeat":"repeat","background-position":"center center","background-size":"auto","background-attachment":"scroll","background-type":"","background-media":"","overlay-type":"","overlay-color":"","overlay-opacity":"","overlay-gradient":""}},"footnotes":""},"product-categories":[66],"product-tag":[],"class_list":["post-4344","product","type-product","status-publish","format-standard","has-post-thumbnail","hentry","product-categories-ice-buckets"],"acf":{"title":"Cubitera personalizada con asa en forma de cornamenta Tama\u00f1o grande","title_source":{"label":"Title","type":"text","formatted_value":"Custom Beverage Tub with Antler-Shaped Handle Large Size"},"short_description":"Custom Beverage Tub and ice bucket with 12l capacity and deer head handle design, gold silver black available, a modern and fashionable style of ice bucket! We are stainless steel buffet supplies manufacturer, providing one-stop solutions for wholesale buffet equipment and supplies supply.","short_description_source":{"label":"Short description","type":"textarea","formatted_value":"Custom Beverage Tub and ice bucket with 12l capacity and deer head handle design, gold silver black available, a modern and fashionable style of ice bucket! We are stainless steel buffet supplies manufacturer, providing one-stop solutions for wholesale buffet equipment and supplies supply."},"parameters":"<table border=\"0\" width=\"423\" cellspacing=\"0\" cellpadding=\"0\">\r\n<tbody>\r\n<tr>\r\n<td width=\"166\" height=\"24\">Manufacturer<\/td>\r\n<td width=\"257\">DONGZHAOWEI<\/td>\r\n<\/tr>\r\n<tr>\r\n<td height=\"24\">Material<\/td>\r\n<td>Stainless Steel 304<\/td>\r\n<\/tr>\r\n<tr>\r\n<td height=\"24\">Capacity<\/td>\r\n<td>12L<\/td>\r\n<\/tr>\r\n<tr>\r\n<td height=\"23\">Color<\/td>\r\n<td>Golden \/ Silver \/ Black<\/td>\r\n<\/tr>\r\n<tr>\r\n<td height=\"23\">Design<\/td>\r\n<td>With deer handle<\/td>\r\n<\/tr>\r\n<tr>\r\n<td height=\"23\">Shape<\/td>\r\n<td>Bucket Shape<\/td>\r\n<\/tr>\r\n<tr>\r\n<td height=\"23\">Custom<\/td>\r\n<td>Color\/Logo\/Package<\/td>\r\n<\/tr>\r\n<tr>\r\n<td height=\"23\">MOQ<\/td>\r\n<td>20 sets<\/td>\r\n<\/tr>\r\n<\/tbody>\r\n<\/table>","parameters_source":{"label":"Parameters","type":"wysiwyg","formatted_value":"<table border=\"0\" width=\"423\" cellspacing=\"0\" cellpadding=\"0\">\n<tbody>\n<tr>\n<td width=\"166\" height=\"24\">Manufacturer<\/td>\n<td width=\"257\">DONGZHAOWEI<\/td>\n<\/tr>\n<tr>\n<td height=\"24\">Material<\/td>\n<td>Stainless Steel 304<\/td>\n<\/tr>\n<tr>\n<td height=\"24\">Capacity<\/td>\n<td>12L<\/td>\n<\/tr>\n<tr>\n<td height=\"23\">Color<\/td>\n<td>Golden \/ Silver \/ Black<\/td>\n<\/tr>\n<tr>\n<td height=\"23\">Design<\/td>\n<td>With deer handle<\/td>\n<\/tr>\n<tr>\n<td height=\"23\">Shape<\/td>\n<td>Bucket Shape<\/td>\n<\/tr>\n<tr>\n<td height=\"23\">Custom<\/td>\n<td>Color\/Logo\/Package<\/td>\n<\/tr>\n<tr>\n<td height=\"23\">MOQ<\/td>\n<td>20 sets<\/td>\n<\/tr>\n<\/tbody>\n<\/table>\n"},"photo_gallery":{"product_gallery":[[{"id":4348,"title":"beverage tub in bulk (4)","caption":"beverage tub in bulk ","full_image_url":"https:\/\/www.dzwchafingdish.com\/wp-content\/uploads\/2024\/06\/beverage-tub-in-bulk-4.webp","thumbnail_image_url":"https:\/\/www.dzwchafingdish.com\/wp-content\/uploads\/2024\/06\/beverage-tub-in-bulk-4-150x150.webp","large_srcset":"https:\/\/www.dzwchafingdish.com\/wp-content\/uploads\/2024\/06\/beverage-tub-in-bulk-4.webp 800w, https:\/\/www.dzwchafingdish.com\/wp-content\/uploads\/2024\/06\/beverage-tub-in-bulk-4-300x300.webp 300w, https:\/\/www.dzwchafingdish.com\/wp-content\/uploads\/2024\/06\/beverage-tub-in-bulk-4-150x150.webp 150w, https:\/\/www.dzwchafingdish.com\/wp-content\/uploads\/2024\/06\/beverage-tub-in-bulk-4-768x768.webp 768w","medium_srcset":"https:\/\/www.dzwchafingdish.com\/wp-content\/uploads\/2024\/06\/beverage-tub-in-bulk-4-300x300.webp 300w, https:\/\/www.dzwchafingdish.com\/wp-content\/uploads\/2024\/06\/beverage-tub-in-bulk-4-150x150.webp 150w, https:\/\/www.dzwchafingdish.com\/wp-content\/uploads\/2024\/06\/beverage-tub-in-bulk-4-768x768.webp 768w, https:\/\/www.dzwchafingdish.com\/wp-content\/uploads\/2024\/06\/beverage-tub-in-bulk-4.webp 800w","media_details":{"width":800,"height":800,"sizes":{"medium":{"file":"beverage-tub-in-bulk-4-300x300.webp","width":300,"height":300,"mime-type":"image\/webp","filesize":5894,"source_url":"https:\/\/www.dzwchafingdish.com\/wp-content\/uploads\/2024\/06\/beverage-tub-in-bulk-4-300x300.webp"},"thumbnail":{"file":"beverage-tub-in-bulk-4-150x150.webp","width":150,"height":150,"mime-type":"image\/webp","filesize":2404,"source_url":"https:\/\/www.dzwchafingdish.com\/wp-content\/uploads\/2024\/06\/beverage-tub-in-bulk-4-150x150.webp"},"medium_large":{"file":"beverage-tub-in-bulk-4-768x768.webp","width":768,"height":768,"mime-type":"image\/webp","filesize":18742,"source_url":"https:\/\/www.dzwchafingdish.com\/wp-content\/uploads\/2024\/06\/beverage-tub-in-bulk-4-768x768.webp"}}},"alt_text":"beverage tub in bulk","url":"","target":""},{"id":4350,"title":"beverage tub wholesale (2)","caption":"beverage tub in bulk ","full_image_url":"https:\/\/www.dzwchafingdish.com\/wp-content\/uploads\/2024\/06\/beverage-tub-wholesale-2.webp","thumbnail_image_url":"https:\/\/www.dzwchafingdish.com\/wp-content\/uploads\/2024\/06\/beverage-tub-wholesale-2-150x150.webp","large_srcset":"https:\/\/www.dzwchafingdish.com\/wp-content\/uploads\/2024\/06\/beverage-tub-wholesale-2.webp 800w, https:\/\/www.dzwchafingdish.com\/wp-content\/uploads\/2024\/06\/beverage-tub-wholesale-2-300x300.webp 300w, https:\/\/www.dzwchafingdish.com\/wp-content\/uploads\/2024\/06\/beverage-tub-wholesale-2-150x150.webp 150w, https:\/\/www.dzwchafingdish.com\/wp-content\/uploads\/2024\/06\/beverage-tub-wholesale-2-768x768.webp 768w","medium_srcset":"https:\/\/www.dzwchafingdish.com\/wp-content\/uploads\/2024\/06\/beverage-tub-wholesale-2-300x300.webp 300w, https:\/\/www.dzwchafingdish.com\/wp-content\/uploads\/2024\/06\/beverage-tub-wholesale-2-150x150.webp 150w, https:\/\/www.dzwchafingdish.com\/wp-content\/uploads\/2024\/06\/beverage-tub-wholesale-2-768x768.webp 768w, https:\/\/www.dzwchafingdish.com\/wp-content\/uploads\/2024\/06\/beverage-tub-wholesale-2.webp 800w","media_details":{"width":800,"height":800,"sizes":{"medium":{"file":"beverage-tub-wholesale-2-300x300.webp","width":300,"height":300,"mime-type":"image\/webp","filesize":19474,"source_url":"https:\/\/www.dzwchafingdish.com\/wp-content\/uploads\/2024\/06\/beverage-tub-wholesale-2-300x300.webp"},"thumbnail":{"file":"beverage-tub-wholesale-2-150x150.webp","width":150,"height":150,"mime-type":"image\/webp","filesize":5850,"source_url":"https:\/\/www.dzwchafingdish.com\/wp-content\/uploads\/2024\/06\/beverage-tub-wholesale-2-150x150.webp"},"medium_large":{"file":"beverage-tub-wholesale-2-768x768.webp","width":768,"height":768,"mime-type":"image\/webp","filesize":108618,"source_url":"https:\/\/www.dzwchafingdish.com\/wp-content\/uploads\/2024\/06\/beverage-tub-wholesale-2-768x768.webp"}}},"alt_text":"beverage tub in bulk","url":"","target":""},{"id":4351,"title":"beverage tub wholesale (3)","caption":"beverage tub in bulk ","full_image_url":"https:\/\/www.dzwchafingdish.com\/wp-content\/uploads\/2024\/06\/beverage-tub-wholesale-3.webp","thumbnail_image_url":"https:\/\/www.dzwchafingdish.com\/wp-content\/uploads\/2024\/06\/beverage-tub-wholesale-3-150x150.webp","large_srcset":"https:\/\/www.dzwchafingdish.com\/wp-content\/uploads\/2024\/06\/beverage-tub-wholesale-3.webp 800w, https:\/\/www.dzwchafingdish.com\/wp-content\/uploads\/2024\/06\/beverage-tub-wholesale-3-300x300.webp 300w, https:\/\/www.dzwchafingdish.com\/wp-content\/uploads\/2024\/06\/beverage-tub-wholesale-3-150x150.webp 150w, https:\/\/www.dzwchafingdish.com\/wp-content\/uploads\/2024\/06\/beverage-tub-wholesale-3-768x768.webp 768w","medium_srcset":"https:\/\/www.dzwchafingdish.com\/wp-content\/uploads\/2024\/06\/beverage-tub-wholesale-3-300x300.webp 300w, https:\/\/www.dzwchafingdish.com\/wp-content\/uploads\/2024\/06\/beverage-tub-wholesale-3-150x150.webp 150w, https:\/\/www.dzwchafingdish.com\/wp-content\/uploads\/2024\/06\/beverage-tub-wholesale-3-768x768.webp 768w, https:\/\/www.dzwchafingdish.com\/wp-content\/uploads\/2024\/06\/beverage-tub-wholesale-3.webp 800w","media_details":{"width":800,"height":800,"sizes":{"medium":{"file":"beverage-tub-wholesale-3-300x300.webp","width":300,"height":300,"mime-type":"image\/webp","filesize":15900,"source_url":"https:\/\/www.dzwchafingdish.com\/wp-content\/uploads\/2024\/06\/beverage-tub-wholesale-3-300x300.webp"},"thumbnail":{"file":"beverage-tub-wholesale-3-150x150.webp","width":150,"height":150,"mime-type":"image\/webp","filesize":5230,"source_url":"https:\/\/www.dzwchafingdish.com\/wp-content\/uploads\/2024\/06\/beverage-tub-wholesale-3-150x150.webp"},"medium_large":{"file":"beverage-tub-wholesale-3-768x768.webp","width":768,"height":768,"mime-type":"image\/webp","filesize":79938,"source_url":"https:\/\/www.dzwchafingdish.com\/wp-content\/uploads\/2024\/06\/beverage-tub-wholesale-3-768x768.webp"}}},"alt_text":"beverage tub in bulk","url":"","target":""},{"id":4345,"title":"beverage tub in bulk (1)","caption":"beverage tub in bulk ","full_image_url":"https:\/\/www.dzwchafingdish.com\/wp-content\/uploads\/2024\/06\/beverage-tub-in-bulk-1.webp","thumbnail_image_url":"https:\/\/www.dzwchafingdish.com\/wp-content\/uploads\/2024\/06\/beverage-tub-in-bulk-1-150x150.webp","large_srcset":"https:\/\/www.dzwchafingdish.com\/wp-content\/uploads\/2024\/06\/beverage-tub-in-bulk-1.webp 800w, https:\/\/www.dzwchafingdish.com\/wp-content\/uploads\/2024\/06\/beverage-tub-in-bulk-1-300x300.webp 300w, https:\/\/www.dzwchafingdish.com\/wp-content\/uploads\/2024\/06\/beverage-tub-in-bulk-1-150x150.webp 150w, https:\/\/www.dzwchafingdish.com\/wp-content\/uploads\/2024\/06\/beverage-tub-in-bulk-1-768x768.webp 768w","medium_srcset":"https:\/\/www.dzwchafingdish.com\/wp-content\/uploads\/2024\/06\/beverage-tub-in-bulk-1-300x300.webp 300w, https:\/\/www.dzwchafingdish.com\/wp-content\/uploads\/2024\/06\/beverage-tub-in-bulk-1-150x150.webp 150w, https:\/\/www.dzwchafingdish.com\/wp-content\/uploads\/2024\/06\/beverage-tub-in-bulk-1-768x768.webp 768w, https:\/\/www.dzwchafingdish.com\/wp-content\/uploads\/2024\/06\/beverage-tub-in-bulk-1.webp 800w","media_details":{"width":800,"height":800,"sizes":{"medium":{"file":"beverage-tub-in-bulk-1-300x300.webp","width":300,"height":300,"mime-type":"image\/webp","filesize":14760,"source_url":"https:\/\/www.dzwchafingdish.com\/wp-content\/uploads\/2024\/06\/beverage-tub-in-bulk-1-300x300.webp"},"thumbnail":{"file":"beverage-tub-in-bulk-1-150x150.webp","width":150,"height":150,"mime-type":"image\/webp","filesize":4306,"source_url":"https:\/\/www.dzwchafingdish.com\/wp-content\/uploads\/2024\/06\/beverage-tub-in-bulk-1-150x150.webp"},"medium_large":{"file":"beverage-tub-in-bulk-1-768x768.webp","width":768,"height":768,"mime-type":"image\/webp","filesize":83238,"source_url":"https:\/\/www.dzwchafingdish.com\/wp-content\/uploads\/2024\/06\/beverage-tub-in-bulk-1-768x768.webp"}}},"alt_text":"beverage tub in bulk","url":"","target":""},{"id":4347,"title":"beverage tub in bulk (3)","caption":"beverage tub in bulk ","full_image_url":"https:\/\/www.dzwchafingdish.com\/wp-content\/uploads\/2024\/06\/beverage-tub-in-bulk-3.webp","thumbnail_image_url":"https:\/\/www.dzwchafingdish.com\/wp-content\/uploads\/2024\/06\/beverage-tub-in-bulk-3-150x150.webp","large_srcset":"https:\/\/www.dzwchafingdish.com\/wp-content\/uploads\/2024\/06\/beverage-tub-in-bulk-3.webp 800w, https:\/\/www.dzwchafingdish.com\/wp-content\/uploads\/2024\/06\/beverage-tub-in-bulk-3-300x300.webp 300w, https:\/\/www.dzwchafingdish.com\/wp-content\/uploads\/2024\/06\/beverage-tub-in-bulk-3-150x150.webp 150w, https:\/\/www.dzwchafingdish.com\/wp-content\/uploads\/2024\/06\/beverage-tub-in-bulk-3-768x768.webp 768w","medium_srcset":"https:\/\/www.dzwchafingdish.com\/wp-content\/uploads\/2024\/06\/beverage-tub-in-bulk-3-300x300.webp 300w, https:\/\/www.dzwchafingdish.com\/wp-content\/uploads\/2024\/06\/beverage-tub-in-bulk-3-150x150.webp 150w, https:\/\/www.dzwchafingdish.com\/wp-content\/uploads\/2024\/06\/beverage-tub-in-bulk-3-768x768.webp 768w, https:\/\/www.dzwchafingdish.com\/wp-content\/uploads\/2024\/06\/beverage-tub-in-bulk-3.webp 800w","media_details":{"width":800,"height":800,"sizes":{"medium":{"file":"beverage-tub-in-bulk-3-300x300.webp","width":300,"height":300,"mime-type":"image\/webp","filesize":18684,"source_url":"https:\/\/www.dzwchafingdish.com\/wp-content\/uploads\/2024\/06\/beverage-tub-in-bulk-3-300x300.webp"},"thumbnail":{"file":"beverage-tub-in-bulk-3-150x150.webp","width":150,"height":150,"mime-type":"image\/webp","filesize":5404,"source_url":"https:\/\/www.dzwchafingdish.com\/wp-content\/uploads\/2024\/06\/beverage-tub-in-bulk-3-150x150.webp"},"medium_large":{"file":"beverage-tub-in-bulk-3-768x768.webp","width":768,"height":768,"mime-type":"image\/webp","filesize":103032,"source_url":"https:\/\/www.dzwchafingdish.com\/wp-content\/uploads\/2024\/06\/beverage-tub-in-bulk-3-768x768.webp"}}},"alt_text":"beverage tub in bulk","url":"","target":""},{"id":4346,"title":"beverage tub in bulk (2)","caption":"beverage tub in bulk ","full_image_url":"https:\/\/www.dzwchafingdish.com\/wp-content\/uploads\/2024\/06\/beverage-tub-in-bulk-2.webp","thumbnail_image_url":"https:\/\/www.dzwchafingdish.com\/wp-content\/uploads\/2024\/06\/beverage-tub-in-bulk-2-150x150.webp","large_srcset":"https:\/\/www.dzwchafingdish.com\/wp-content\/uploads\/2024\/06\/beverage-tub-in-bulk-2.webp 800w, https:\/\/www.dzwchafingdish.com\/wp-content\/uploads\/2024\/06\/beverage-tub-in-bulk-2-300x300.webp 300w, https:\/\/www.dzwchafingdish.com\/wp-content\/uploads\/2024\/06\/beverage-tub-in-bulk-2-150x150.webp 150w, https:\/\/www.dzwchafingdish.com\/wp-content\/uploads\/2024\/06\/beverage-tub-in-bulk-2-768x768.webp 768w","medium_srcset":"https:\/\/www.dzwchafingdish.com\/wp-content\/uploads\/2024\/06\/beverage-tub-in-bulk-2-300x300.webp 300w, https:\/\/www.dzwchafingdish.com\/wp-content\/uploads\/2024\/06\/beverage-tub-in-bulk-2-150x150.webp 150w, https:\/\/www.dzwchafingdish.com\/wp-content\/uploads\/2024\/06\/beverage-tub-in-bulk-2-768x768.webp 768w, https:\/\/www.dzwchafingdish.com\/wp-content\/uploads\/2024\/06\/beverage-tub-in-bulk-2.webp 800w","media_details":{"width":800,"height":800,"sizes":{"medium":{"file":"beverage-tub-in-bulk-2-300x300.webp","width":300,"height":300,"mime-type":"image\/webp","filesize":15988,"source_url":"https:\/\/www.dzwchafingdish.com\/wp-content\/uploads\/2024\/06\/beverage-tub-in-bulk-2-300x300.webp"},"thumbnail":{"file":"beverage-tub-in-bulk-2-150x150.webp","width":150,"height":150,"mime-type":"image\/webp","filesize":4732,"source_url":"https:\/\/www.dzwchafingdish.com\/wp-content\/uploads\/2024\/06\/beverage-tub-in-bulk-2-150x150.webp"},"medium_large":{"file":"beverage-tub-in-bulk-2-768x768.webp","width":768,"height":768,"mime-type":"image\/webp","filesize":84718,"source_url":"https:\/\/www.dzwchafingdish.com\/wp-content\/uploads\/2024\/06\/beverage-tub-in-bulk-2-768x768.webp"}}},"alt_text":"beverage tub in bulk","url":"","target":""}]]}},"_links":{"self":[{"href":"https:\/\/www.dzwchafingdish.com\/es\/wp-json\/wp\/v2\/product\/4344","targetHints":{"allow":["GET"]}}],"collection":[{"href":"https:\/\/www.dzwchafingdish.com\/es\/wp-json\/wp\/v2\/product"}],"about":[{"href":"https:\/\/www.dzwchafingdish.com\/es\/wp-json\/wp\/v2\/types\/product"}],"author":[{"embeddable":true,"href":"https:\/\/www.dzwchafingdish.com\/es\/wp-json\/wp\/v2\/users\/1"}],"version-history":[{"count":0,"href":"https:\/\/www.dzwchafingdish.com\/es\/wp-json\/wp\/v2\/product\/4344\/revisions"}],"wp:featuredmedia":[{"embeddable":true,"href":"https:\/\/www.dzwchafingdish.com\/es\/wp-json\/wp\/v2\/media\/4348"}],"wp:attachment":[{"href":"https:\/\/www.dzwchafingdish.com\/es\/wp-json\/wp\/v2\/media?parent=4344"}],"wp:term":[{"taxonomy":"product-categories","embeddable":true,"href":"https:\/\/www.dzwchafingdish.com\/es\/wp-json\/wp\/v2\/product-categories?post=4344"},{"taxonomy":"product-tag","embeddable":true,"href":"https:\/\/www.dzwchafingdish.com\/es\/wp-json\/wp\/v2\/product-tag?post=4344"}],"curies":[{"name":"wp","href":"https:\/\/api.w.org\/{rel}","templated":true}]}}