{"id":4563,"date":"2024-07-13T10:48:57","date_gmt":"2024-07-13T10:48:57","guid":{"rendered":"https:\/\/www.dzwchafingdish.com\/?post_type=product&#038;p=4563"},"modified":"2024-09-14T08:09:37","modified_gmt":"2024-09-14T08:09:37","slug":"wholesale-chafing-dishes-stainless-steel-2","status":"publish","type":"product","link":"https:\/\/www.dzwchafingdish.com\/es\/product\/wholesale-chafing-dishes-stainless-steel-2\/","title":{"rendered":"F\u00e1brica al por mayor Chafing Platos de acero inoxidable de madera de color Restaurante Buffet Set"},"content":{"rendered":"<div class=\"wp-block-columns is-layout-flex wp-container-core-columns-is-layout-28f84493 wp-block-columns-is-layout-flex\">\n<div class=\"wp-block-column is-layout-flow wp-block-column-is-layout-flow\">\n<h2 class=\"wp-block-heading\">Chafing Dishes Acero inoxidable Dimensi\u00f3n<\/h2>\n\n\n\n<figure class=\"wp-block-table\"><table><tbody><tr><td>PUNTO NO.<\/td><td>TALLA<\/td><td>LONGITUD<\/td><td>AMPLIO<\/td><td>ALTO<\/td><td>N.W \/SET<\/td><\/tr><tr><td>DZW-HB045<\/td><td>4.5L<\/td><td>37,7 cm<\/td><td>33,8 cm<\/td><td>60 cm<\/td><td>3800 g<\/td><\/tr><tr><td>DZW-HB060<\/td><td>6.0L<\/td><td>39,5 cm<\/td><td>38 cm<\/td><td>65 cm<\/td><td>4200 g<\/td><\/tr><tr><td>DZW-HB080<\/td><td>8.0L<\/td><td>43,5 cm<\/td><td>41 cm<\/td><td>48 cm<\/td><td>4500 g<\/td><\/tr><\/tbody><\/table><\/figure>\n<\/div>\n\n\n\n<div class=\"wp-block-column is-layout-flow wp-block-column-is-layout-flow\">\n<div class=\"wp-block-columns is-layout-flex wp-container-core-columns-is-layout-28f84493 wp-block-columns-is-layout-flex\">\n<div class=\"wp-block-column is-layout-flow wp-block-column-is-layout-flow\">\n<figure class=\"wp-block-image size-full\"><img fetchpriority=\"high\" decoding=\"async\" width=\"800\" height=\"800\" src=\"https:\/\/www.dzwchafingdish.com\/wp-content\/uploads\/2024\/07\/wholesale-Black-Golden-Heart-Ball-Chafing-Dish-3-1.jpg\" alt=\"\" class=\"wp-image-4564\" srcset=\"https:\/\/www.dzwchafingdish.com\/wp-content\/uploads\/2024\/07\/wholesale-Black-Golden-Heart-Ball-Chafing-Dish-3-1.jpg 800w, https:\/\/www.dzwchafingdish.com\/wp-content\/uploads\/2024\/07\/wholesale-Black-Golden-Heart-Ball-Chafing-Dish-3-1-300x300.jpg 300w, https:\/\/www.dzwchafingdish.com\/wp-content\/uploads\/2024\/07\/wholesale-Black-Golden-Heart-Ball-Chafing-Dish-3-1-150x150.jpg 150w, https:\/\/www.dzwchafingdish.com\/wp-content\/uploads\/2024\/07\/wholesale-Black-Golden-Heart-Ball-Chafing-Dish-3-1-768x768.jpg 768w, https:\/\/www.dzwchafingdish.com\/wp-content\/uploads\/2024\/07\/wholesale-Black-Golden-Heart-Ball-Chafing-Dish-3-1-12x12.jpg 12w\" sizes=\"(max-width: 800px) 100vw, 800px\" \/><\/figure>\n<\/div>\n\n\n\n<div class=\"wp-block-column is-layout-flow wp-block-column-is-layout-flow\">\n<figure class=\"wp-block-image size-full\"><img decoding=\"async\" width=\"800\" height=\"800\" src=\"https:\/\/www.dzwchafingdish.com\/wp-content\/uploads\/2024\/07\/wholesale-Black-Golden-Heart-Ball-Chafing-Dish-2-1.jpg\" alt=\"\" class=\"wp-image-4567\" srcset=\"https:\/\/www.dzwchafingdish.com\/wp-content\/uploads\/2024\/07\/wholesale-Black-Golden-Heart-Ball-Chafing-Dish-2-1.jpg 800w, https:\/\/www.dzwchafingdish.com\/wp-content\/uploads\/2024\/07\/wholesale-Black-Golden-Heart-Ball-Chafing-Dish-2-1-300x300.jpg 300w, https:\/\/www.dzwchafingdish.com\/wp-content\/uploads\/2024\/07\/wholesale-Black-Golden-Heart-Ball-Chafing-Dish-2-1-150x150.jpg 150w, https:\/\/www.dzwchafingdish.com\/wp-content\/uploads\/2024\/07\/wholesale-Black-Golden-Heart-Ball-Chafing-Dish-2-1-768x768.jpg 768w, https:\/\/www.dzwchafingdish.com\/wp-content\/uploads\/2024\/07\/wholesale-Black-Golden-Heart-Ball-Chafing-Dish-2-1-12x12.jpg 12w\" sizes=\"(max-width: 800px) 100vw, 800px\" \/><\/figure>\n<\/div>\n<\/div>\n<\/div>\n<\/div>\n\n\n\n<div class=\"wp-block-columns is-layout-flex wp-container-core-columns-is-layout-28f84493 wp-block-columns-is-layout-flex\">\n<div class=\"wp-block-column is-layout-flow wp-block-column-is-layout-flow\">\n<figure class=\"wp-block-image aligncenter size-full is-resized\"><img decoding=\"async\" width=\"800\" height=\"800\" src=\"https:\/\/www.dzwchafingdish.com\/wp-content\/uploads\/2024\/07\/Factory-wholesale-Wood-Heart-Ball-Chafing-Dish.jpg\" alt=\"Venta al por mayor de f\u00e1brica Plato de madera con forma de coraz\u00f3n\" class=\"wp-image-4553\" style=\"width:446px;height:auto\" srcset=\"https:\/\/www.dzwchafingdish.com\/wp-content\/uploads\/2024\/07\/Factory-wholesale-Wood-Heart-Ball-Chafing-Dish.jpg 800w, https:\/\/www.dzwchafingdish.com\/wp-content\/uploads\/2024\/07\/Factory-wholesale-Wood-Heart-Ball-Chafing-Dish-300x300.jpg 300w, https:\/\/www.dzwchafingdish.com\/wp-content\/uploads\/2024\/07\/Factory-wholesale-Wood-Heart-Ball-Chafing-Dish-150x150.jpg 150w, https:\/\/www.dzwchafingdish.com\/wp-content\/uploads\/2024\/07\/Factory-wholesale-Wood-Heart-Ball-Chafing-Dish-768x768.jpg 768w, https:\/\/www.dzwchafingdish.com\/wp-content\/uploads\/2024\/07\/Factory-wholesale-Wood-Heart-Ball-Chafing-Dish-12x12.jpg 12w\" sizes=\"(max-width: 800px) 100vw, 800px\" \/><\/figure>\n<\/div>\n\n\n\n<div class=\"wp-block-column is-layout-flow wp-block-column-is-layout-flow\">\n<h2 class=\"wp-block-heading\">Chafing Dishes Acero inoxidable Caracter\u00edsticas:<\/h2>\n\n\n\n<p><strong>Artesan\u00eda \u00fanica<\/strong>: Presenta una impresi\u00f3n por transferencia al agua de vetas de madera de aspecto natural, que ofrece un aspecto liso y elegante, en l\u00ednea con las modernas tendencias de dise\u00f1o inspiradas en la naturaleza.<\/p>\n\n\n\n<p><strong>Dise\u00f1o de tapa colgante<\/strong>: F\u00e1cil de usar, mantiene la temperatura de los alimentos de forma eficaz y minimiza la apertura frecuente de la tapa, mejorando la eficiencia general.<\/p>\n\n\n\n<p><strong>Acabado mate<\/strong>: Ofrece una refinada superficie mate que realza el aspecto del producto y ayuda a evitar las huellas dactilares y las manchas.<\/p>\n\n\n\n<p><strong>Calentamiento por alcohol<\/strong>: Proporciona una distribuci\u00f3n uniforme del calor con calentamiento por alcohol,<\/p>\n\n\n\n<p><\/p>\n\n\n\n<p><\/p>\n\n\n\n<p><\/p>\n\n\n\n<p><\/p>\n<\/div>\n<\/div>","protected":false},"excerpt":{"rendered":"<p>Chafing Dishes Acero inoxidable Dimensi\u00f3n ITEM NO. DZW-HB045 4.5L 37.7 cm 33.8 cm 60 cm 3800 g DZW-HB060 6.0L 39.5cm 38 cm 65 cm 4200 g DZW-HB080 8.0L 43.5 cm 41 cm 48 cm 4500 g Chafing Dishes Stainless Steel Features: Artesan\u00eda \u00fanica: Presenta una veta de madera de aspecto natural [...]<\/p>","protected":false},"author":2,"featured_media":4553,"parent":0,"menu_order":0,"template":"","format":"standard","meta":{"_acf_changed":false,"site-sidebar-layout":"default","site-content-layout":"","ast-site-content-layout":"default","site-content-style":"default","site-sidebar-style":"default","ast-global-header-display":"","ast-banner-title-visibility":"","ast-main-header-display":"","ast-hfb-above-header-display":"","ast-hfb-below-header-display":"","ast-hfb-mobile-header-display":"","site-post-title":"","ast-breadcrumbs-content":"","ast-featured-img":"","footer-sml-layout":"","theme-transparent-header-meta":"","adv-header-id-meta":"","stick-header-meta":"","header-above-stick-meta":"","header-main-stick-meta":"","header-below-stick-meta":"","astra-migrate-meta-layouts":"default","ast-page-background-enabled":"default","ast-page-background-meta":{"desktop":{"background-color":"var(--ast-global-color-4)","background-image":"","background-repeat":"repeat","background-position":"center center","background-size":"auto","background-attachment":"scroll","background-type":"","background-media":"","overlay-type":"","overlay-color":"","overlay-gradient":""},"tablet":{"background-color":"","background-image":"","background-repeat":"repeat","background-position":"center center","background-size":"auto","background-attachment":"scroll","background-type":"","background-media":"","overlay-type":"","overlay-color":"","overlay-gradient":""},"mobile":{"background-color":"","background-image":"","background-repeat":"repeat","background-position":"center center","background-size":"auto","background-attachment":"scroll","background-type":"","background-media":"","overlay-type":"","overlay-color":"","overlay-gradient":""}},"ast-content-background-meta":{"desktop":{"background-color":"var(--ast-global-color-5)","background-image":"","background-repeat":"repeat","background-position":"center center","background-size":"auto","background-attachment":"scroll","background-type":"","background-media":"","overlay-type":"","overlay-color":"","overlay-gradient":""},"tablet":{"background-color":"var(--ast-global-color-5)","background-image":"","background-repeat":"repeat","background-position":"center center","background-size":"auto","background-attachment":"scroll","background-type":"","background-media":"","overlay-type":"","overlay-color":"","overlay-gradient":""},"mobile":{"background-color":"var(--ast-global-color-5)","background-image":"","background-repeat":"repeat","background-position":"center center","background-size":"auto","background-attachment":"scroll","background-type":"","background-media":"","overlay-type":"","overlay-color":"","overlay-gradient":""}},"footnotes":""},"product-categories":[63],"product-tag":[97,90,91],"class_list":["post-4563","product","type-product","status-publish","format-standard","has-post-thumbnail","hentry","product-categories-chafing-dish","product-tag-chafing-dish-with-hanging-lid","product-tag-fuel-chafing-dish","product-tag-round-chafing-dish"],"acf":{"title":"F\u00e1brica al por mayor Chafing Platos de acero inoxidable de madera de color Restaurante Buffet Set","title_source":{"label":"Title","type":"text","formatted_value":"Factory Wholesale Chafing Dishes Stainless Steel Wood Color Restaurant Buffet Set"},"short_description":"Our factory specializes in customizable wood grain water transfer printed buffet dishes with hanging lids and matte finishes, available in 4.5L\/8L capacities, offering laser logo and custom packaging options to meet various OEM needs.","short_description_source":{"label":"Short description","type":"textarea","formatted_value":"Our factory specializes in customizable wood grain water transfer printed buffet dishes with hanging lids and matte finishes, available in 4.5L\/8L capacities, offering laser logo and custom packaging options to meet various OEM needs."},"parameters":"<table border=\"0\" width=\"423\" cellspacing=\"0\" cellpadding=\"0\">\r\n<tbody>\r\n<tr>\r\n<td width=\"166\" height=\"24\">Manufacturer<\/td>\r\n<td width=\"257\">DONGZHAOWEI<\/td>\r\n<\/tr>\r\n<tr>\r\n<td height=\"24\">Material<\/td>\r\n<td>Stainless Steel 201<\/td>\r\n<\/tr>\r\n<tr>\r\n<td height=\"24\">Capacity<\/td>\r\n<td>4.5L\uff1b6.0L\uff1b8.0L<\/td>\r\n<\/tr>\r\n<tr>\r\n<td height=\"24\">Color<\/td>\r\n<td>Golden \/ Silver \/ Marble \/ Black Golden \/ Wood<\/td>\r\n<\/tr>\r\n<tr>\r\n<td height=\"24\">Design<\/td>\r\n<td>Round shape<\/td>\r\n<\/tr>\r\n<tr>\r\n<td height=\"24\">Lid type<\/td>\r\n<td>Hanging lid<\/td>\r\n<\/tr>\r\n<tr>\r\n<td height=\"24\">Heat<\/td>\r\n<td>Fuel<\/td>\r\n<\/tr>\r\n<tr>\r\n<td height=\"24\">Custom<\/td>\r\n<td>Color\/Logo\/Package<\/td>\r\n<\/tr>\r\n<\/tbody>\r\n<\/table>","parameters_source":{"label":"Parameters","type":"wysiwyg","formatted_value":"<table border=\"0\" width=\"423\" cellspacing=\"0\" cellpadding=\"0\">\n<tbody>\n<tr>\n<td width=\"166\" height=\"24\">Manufacturer<\/td>\n<td width=\"257\">DONGZHAOWEI<\/td>\n<\/tr>\n<tr>\n<td height=\"24\">Material<\/td>\n<td>Stainless Steel 201<\/td>\n<\/tr>\n<tr>\n<td height=\"24\">Capacity<\/td>\n<td>4.5L\uff1b6.0L\uff1b8.0L<\/td>\n<\/tr>\n<tr>\n<td height=\"24\">Color<\/td>\n<td>Golden \/ Silver \/ Marble \/ Black Golden \/ Wood<\/td>\n<\/tr>\n<tr>\n<td height=\"24\">Design<\/td>\n<td>Round shape<\/td>\n<\/tr>\n<tr>\n<td height=\"24\">Lid type<\/td>\n<td>Hanging lid<\/td>\n<\/tr>\n<tr>\n<td height=\"24\">Heat<\/td>\n<td>Fuel<\/td>\n<\/tr>\n<tr>\n<td height=\"24\">Custom<\/td>\n<td>Color\/Logo\/Package<\/td>\n<\/tr>\n<\/tbody>\n<\/table>\n"},"photo_gallery":{"product_gallery":[[{"id":4553,"title":"Factory wholesale Wood Heart Ball Chafing Dish","caption":"Factory wholesale Wood Heart Ball Chafing Dish","full_image_url":"https:\/\/www.dzwchafingdish.com\/wp-content\/uploads\/2024\/07\/Factory-wholesale-Wood-Heart-Ball-Chafing-Dish.jpg","thumbnail_image_url":"https:\/\/www.dzwchafingdish.com\/wp-content\/uploads\/2024\/07\/Factory-wholesale-Wood-Heart-Ball-Chafing-Dish-150x150.jpg","large_srcset":"https:\/\/www.dzwchafingdish.com\/wp-content\/uploads\/2024\/07\/Factory-wholesale-Wood-Heart-Ball-Chafing-Dish.jpg 800w, https:\/\/www.dzwchafingdish.com\/wp-content\/uploads\/2024\/07\/Factory-wholesale-Wood-Heart-Ball-Chafing-Dish-300x300.jpg 300w, https:\/\/www.dzwchafingdish.com\/wp-content\/uploads\/2024\/07\/Factory-wholesale-Wood-Heart-Ball-Chafing-Dish-150x150.jpg 150w, https:\/\/www.dzwchafingdish.com\/wp-content\/uploads\/2024\/07\/Factory-wholesale-Wood-Heart-Ball-Chafing-Dish-768x768.jpg 768w, https:\/\/www.dzwchafingdish.com\/wp-content\/uploads\/2024\/07\/Factory-wholesale-Wood-Heart-Ball-Chafing-Dish-12x12.jpg 12w","medium_srcset":"https:\/\/www.dzwchafingdish.com\/wp-content\/uploads\/2024\/07\/Factory-wholesale-Wood-Heart-Ball-Chafing-Dish-300x300.jpg 300w, https:\/\/www.dzwchafingdish.com\/wp-content\/uploads\/2024\/07\/Factory-wholesale-Wood-Heart-Ball-Chafing-Dish-150x150.jpg 150w, https:\/\/www.dzwchafingdish.com\/wp-content\/uploads\/2024\/07\/Factory-wholesale-Wood-Heart-Ball-Chafing-Dish-768x768.jpg 768w, https:\/\/www.dzwchafingdish.com\/wp-content\/uploads\/2024\/07\/Factory-wholesale-Wood-Heart-Ball-Chafing-Dish-12x12.jpg 12w, https:\/\/www.dzwchafingdish.com\/wp-content\/uploads\/2024\/07\/Factory-wholesale-Wood-Heart-Ball-Chafing-Dish.jpg 800w","media_details":{"width":800,"height":800,"sizes":{"medium":{"file":"Factory-wholesale-Wood-Heart-Ball-Chafing-Dish-300x300.jpg","width":300,"height":300,"mime-type":"image\/jpeg","filesize":12826,"source_url":"https:\/\/www.dzwchafingdish.com\/wp-content\/uploads\/2024\/07\/Factory-wholesale-Wood-Heart-Ball-Chafing-Dish-300x300.jpg"},"thumbnail":{"file":"Factory-wholesale-Wood-Heart-Ball-Chafing-Dish-150x150.jpg","width":150,"height":150,"mime-type":"image\/jpeg","filesize":4791,"source_url":"https:\/\/www.dzwchafingdish.com\/wp-content\/uploads\/2024\/07\/Factory-wholesale-Wood-Heart-Ball-Chafing-Dish-150x150.jpg"},"medium_large":{"file":"Factory-wholesale-Wood-Heart-Ball-Chafing-Dish-768x768.jpg","width":768,"height":768,"mime-type":"image\/jpeg","filesize":58132,"source_url":"https:\/\/www.dzwchafingdish.com\/wp-content\/uploads\/2024\/07\/Factory-wholesale-Wood-Heart-Ball-Chafing-Dish-768x768.jpg"},"trp-custom-language-flag":{"file":"Factory-wholesale-Wood-Heart-Ball-Chafing-Dish-12x12.jpg","width":12,"height":12,"mime-type":"image\/jpeg","filesize":800,"source_url":"https:\/\/www.dzwchafingdish.com\/wp-content\/uploads\/2024\/07\/Factory-wholesale-Wood-Heart-Ball-Chafing-Dish-12x12.jpg"}}},"alt_text":"Factory wholesale Wood Heart Ball Chafing Dish","url":"","target":""},{"id":4570,"title":"Wholesale wood Chafer Dish","caption":"Wholesale wood Chafer Dish","full_image_url":"https:\/\/www.dzwchafingdish.com\/wp-content\/uploads\/2024\/07\/Wholesale-wood-Chafer-Dish.jpg","thumbnail_image_url":"https:\/\/www.dzwchafingdish.com\/wp-content\/uploads\/2024\/07\/Wholesale-wood-Chafer-Dish-150x150.jpg","large_srcset":"https:\/\/www.dzwchafingdish.com\/wp-content\/uploads\/2024\/07\/Wholesale-wood-Chafer-Dish.jpg 3024w, https:\/\/www.dzwchafingdish.com\/wp-content\/uploads\/2024\/07\/Wholesale-wood-Chafer-Dish-300x300.jpg 300w, https:\/\/www.dzwchafingdish.com\/wp-content\/uploads\/2024\/07\/Wholesale-wood-Chafer-Dish-150x150.jpg 150w, https:\/\/www.dzwchafingdish.com\/wp-content\/uploads\/2024\/07\/Wholesale-wood-Chafer-Dish-768x768.jpg 768w, https:\/\/www.dzwchafingdish.com\/wp-content\/uploads\/2024\/07\/Wholesale-wood-Chafer-Dish-12x12.jpg 12w","medium_srcset":"https:\/\/www.dzwchafingdish.com\/wp-content\/uploads\/2024\/07\/Wholesale-wood-Chafer-Dish-300x300.jpg 300w, https:\/\/www.dzwchafingdish.com\/wp-content\/uploads\/2024\/07\/Wholesale-wood-Chafer-Dish-150x150.jpg 150w, https:\/\/www.dzwchafingdish.com\/wp-content\/uploads\/2024\/07\/Wholesale-wood-Chafer-Dish-768x768.jpg 768w, https:\/\/www.dzwchafingdish.com\/wp-content\/uploads\/2024\/07\/Wholesale-wood-Chafer-Dish-12x12.jpg 12w","media_details":{"width":3024,"height":3024,"sizes":{"medium":{"file":"Wholesale-wood-Chafer-Dish-300x300.jpg","width":300,"height":300,"mime-type":"image\/jpeg","filesize":16434,"source_url":"https:\/\/www.dzwchafingdish.com\/wp-content\/uploads\/2024\/07\/Wholesale-wood-Chafer-Dish-300x300.jpg"},"thumbnail":{"file":"Wholesale-wood-Chafer-Dish-150x150.jpg","width":150,"height":150,"mime-type":"image\/jpeg","filesize":5642,"source_url":"https:\/\/www.dzwchafingdish.com\/wp-content\/uploads\/2024\/07\/Wholesale-wood-Chafer-Dish-150x150.jpg"},"medium_large":{"file":"Wholesale-wood-Chafer-Dish-768x768.jpg","width":768,"height":768,"mime-type":"image\/jpeg","filesize":81095,"source_url":"https:\/\/www.dzwchafingdish.com\/wp-content\/uploads\/2024\/07\/Wholesale-wood-Chafer-Dish-768x768.jpg"},"trp-custom-language-flag":{"file":"Wholesale-wood-Chafer-Dish-12x12.jpg","width":12,"height":12,"mime-type":"image\/jpeg","filesize":776,"source_url":"https:\/\/www.dzwchafingdish.com\/wp-content\/uploads\/2024\/07\/Wholesale-wood-Chafer-Dish-12x12.jpg"}}},"alt_text":"Wholesale wood Chafer Dish","url":"","target":""},{"id":4552,"title":"Factory wholesale Wood Heart Ball Chafing Dish (3)","caption":"wholesale Chafing Dish","full_image_url":"https:\/\/www.dzwchafingdish.com\/wp-content\/uploads\/2024\/07\/Factory-wholesale-Wood-Heart-Ball-Chafing-Dish-3.jpg","thumbnail_image_url":"https:\/\/www.dzwchafingdish.com\/wp-content\/uploads\/2024\/07\/Factory-wholesale-Wood-Heart-Ball-Chafing-Dish-3-150x150.jpg","large_srcset":"https:\/\/www.dzwchafingdish.com\/wp-content\/uploads\/2024\/07\/Factory-wholesale-Wood-Heart-Ball-Chafing-Dish-3.jpg 800w, https:\/\/www.dzwchafingdish.com\/wp-content\/uploads\/2024\/07\/Factory-wholesale-Wood-Heart-Ball-Chafing-Dish-3-300x300.jpg 300w, https:\/\/www.dzwchafingdish.com\/wp-content\/uploads\/2024\/07\/Factory-wholesale-Wood-Heart-Ball-Chafing-Dish-3-150x150.jpg 150w, https:\/\/www.dzwchafingdish.com\/wp-content\/uploads\/2024\/07\/Factory-wholesale-Wood-Heart-Ball-Chafing-Dish-3-768x768.jpg 768w, https:\/\/www.dzwchafingdish.com\/wp-content\/uploads\/2024\/07\/Factory-wholesale-Wood-Heart-Ball-Chafing-Dish-3-12x12.jpg 12w","medium_srcset":"https:\/\/www.dzwchafingdish.com\/wp-content\/uploads\/2024\/07\/Factory-wholesale-Wood-Heart-Ball-Chafing-Dish-3-300x300.jpg 300w, https:\/\/www.dzwchafingdish.com\/wp-content\/uploads\/2024\/07\/Factory-wholesale-Wood-Heart-Ball-Chafing-Dish-3-150x150.jpg 150w, https:\/\/www.dzwchafingdish.com\/wp-content\/uploads\/2024\/07\/Factory-wholesale-Wood-Heart-Ball-Chafing-Dish-3-768x768.jpg 768w, https:\/\/www.dzwchafingdish.com\/wp-content\/uploads\/2024\/07\/Factory-wholesale-Wood-Heart-Ball-Chafing-Dish-3-12x12.jpg 12w, https:\/\/www.dzwchafingdish.com\/wp-content\/uploads\/2024\/07\/Factory-wholesale-Wood-Heart-Ball-Chafing-Dish-3.jpg 800w","media_details":{"width":800,"height":800,"sizes":{"medium":{"file":"Factory-wholesale-Wood-Heart-Ball-Chafing-Dish-3-300x300.jpg","width":300,"height":300,"mime-type":"image\/jpeg","filesize":9503,"source_url":"https:\/\/www.dzwchafingdish.com\/wp-content\/uploads\/2024\/07\/Factory-wholesale-Wood-Heart-Ball-Chafing-Dish-3-300x300.jpg"},"thumbnail":{"file":"Factory-wholesale-Wood-Heart-Ball-Chafing-Dish-3-150x150.jpg","width":150,"height":150,"mime-type":"image\/jpeg","filesize":3570,"source_url":"https:\/\/www.dzwchafingdish.com\/wp-content\/uploads\/2024\/07\/Factory-wholesale-Wood-Heart-Ball-Chafing-Dish-3-150x150.jpg"},"medium_large":{"file":"Factory-wholesale-Wood-Heart-Ball-Chafing-Dish-3-768x768.jpg","width":768,"height":768,"mime-type":"image\/jpeg","filesize":39936,"source_url":"https:\/\/www.dzwchafingdish.com\/wp-content\/uploads\/2024\/07\/Factory-wholesale-Wood-Heart-Ball-Chafing-Dish-3-768x768.jpg"},"trp-custom-language-flag":{"file":"Factory-wholesale-Wood-Heart-Ball-Chafing-Dish-3-12x12.jpg","width":12,"height":12,"mime-type":"image\/jpeg","filesize":749,"source_url":"https:\/\/www.dzwchafingdish.com\/wp-content\/uploads\/2024\/07\/Factory-wholesale-Wood-Heart-Ball-Chafing-Dish-3-12x12.jpg"}}},"alt_text":"wholesale Chafing Dish","url":"","target":""},{"id":4554,"title":"Marble Heart Ball Chafing Dish wholesale (2)","caption":"wholesale Black Chafing Dish","full_image_url":"https:\/\/www.dzwchafingdish.com\/wp-content\/uploads\/2024\/07\/Marble-Heart-Ball-Chafing-Dish-wholesale-2.jpg","thumbnail_image_url":"https:\/\/www.dzwchafingdish.com\/wp-content\/uploads\/2024\/07\/Marble-Heart-Ball-Chafing-Dish-wholesale-2-150x150.jpg","large_srcset":"https:\/\/www.dzwchafingdish.com\/wp-content\/uploads\/2024\/07\/Marble-Heart-Ball-Chafing-Dish-wholesale-2.jpg 800w, https:\/\/www.dzwchafingdish.com\/wp-content\/uploads\/2024\/07\/Marble-Heart-Ball-Chafing-Dish-wholesale-2-300x300.jpg 300w, https:\/\/www.dzwchafingdish.com\/wp-content\/uploads\/2024\/07\/Marble-Heart-Ball-Chafing-Dish-wholesale-2-150x150.jpg 150w, https:\/\/www.dzwchafingdish.com\/wp-content\/uploads\/2024\/07\/Marble-Heart-Ball-Chafing-Dish-wholesale-2-768x768.jpg 768w, https:\/\/www.dzwchafingdish.com\/wp-content\/uploads\/2024\/07\/Marble-Heart-Ball-Chafing-Dish-wholesale-2-12x12.jpg 12w","medium_srcset":"https:\/\/www.dzwchafingdish.com\/wp-content\/uploads\/2024\/07\/Marble-Heart-Ball-Chafing-Dish-wholesale-2-300x300.jpg 300w, https:\/\/www.dzwchafingdish.com\/wp-content\/uploads\/2024\/07\/Marble-Heart-Ball-Chafing-Dish-wholesale-2-150x150.jpg 150w, https:\/\/www.dzwchafingdish.com\/wp-content\/uploads\/2024\/07\/Marble-Heart-Ball-Chafing-Dish-wholesale-2-768x768.jpg 768w, https:\/\/www.dzwchafingdish.com\/wp-content\/uploads\/2024\/07\/Marble-Heart-Ball-Chafing-Dish-wholesale-2-12x12.jpg 12w, https:\/\/www.dzwchafingdish.com\/wp-content\/uploads\/2024\/07\/Marble-Heart-Ball-Chafing-Dish-wholesale-2.jpg 800w","media_details":{"width":800,"height":800,"sizes":{"medium":{"file":"Marble-Heart-Ball-Chafing-Dish-wholesale-2-300x300.jpg","width":300,"height":300,"mime-type":"image\/jpeg","filesize":12124,"source_url":"https:\/\/www.dzwchafingdish.com\/wp-content\/uploads\/2024\/07\/Marble-Heart-Ball-Chafing-Dish-wholesale-2-300x300.jpg"},"thumbnail":{"file":"Marble-Heart-Ball-Chafing-Dish-wholesale-2-150x150.jpg","width":150,"height":150,"mime-type":"image\/jpeg","filesize":4316,"source_url":"https:\/\/www.dzwchafingdish.com\/wp-content\/uploads\/2024\/07\/Marble-Heart-Ball-Chafing-Dish-wholesale-2-150x150.jpg"},"medium_large":{"file":"Marble-Heart-Ball-Chafing-Dish-wholesale-2-768x768.jpg","width":768,"height":768,"mime-type":"image\/jpeg","filesize":51664,"source_url":"https:\/\/www.dzwchafingdish.com\/wp-content\/uploads\/2024\/07\/Marble-Heart-Ball-Chafing-Dish-wholesale-2-768x768.jpg"},"trp-custom-language-flag":{"file":"Marble-Heart-Ball-Chafing-Dish-wholesale-2-12x12.jpg","width":12,"height":12,"mime-type":"image\/jpeg","filesize":793,"source_url":"https:\/\/www.dzwchafingdish.com\/wp-content\/uploads\/2024\/07\/Marble-Heart-Ball-Chafing-Dish-wholesale-2-12x12.jpg"}}},"alt_text":"wholesale Black Chafing Dish","url":"","target":""},{"id":4555,"title":"Marble Heart Ball Chafing Dish wholesale (3)","caption":"Chafing Dish wholesale","full_image_url":"https:\/\/www.dzwchafingdish.com\/wp-content\/uploads\/2024\/07\/Marble-Heart-Ball-Chafing-Dish-wholesale-3.jpg","thumbnail_image_url":"https:\/\/www.dzwchafingdish.com\/wp-content\/uploads\/2024\/07\/Marble-Heart-Ball-Chafing-Dish-wholesale-3-150x150.jpg","large_srcset":"https:\/\/www.dzwchafingdish.com\/wp-content\/uploads\/2024\/07\/Marble-Heart-Ball-Chafing-Dish-wholesale-3.jpg 800w, https:\/\/www.dzwchafingdish.com\/wp-content\/uploads\/2024\/07\/Marble-Heart-Ball-Chafing-Dish-wholesale-3-300x300.jpg 300w, https:\/\/www.dzwchafingdish.com\/wp-content\/uploads\/2024\/07\/Marble-Heart-Ball-Chafing-Dish-wholesale-3-150x150.jpg 150w, https:\/\/www.dzwchafingdish.com\/wp-content\/uploads\/2024\/07\/Marble-Heart-Ball-Chafing-Dish-wholesale-3-768x768.jpg 768w, https:\/\/www.dzwchafingdish.com\/wp-content\/uploads\/2024\/07\/Marble-Heart-Ball-Chafing-Dish-wholesale-3-12x12.jpg 12w","medium_srcset":"https:\/\/www.dzwchafingdish.com\/wp-content\/uploads\/2024\/07\/Marble-Heart-Ball-Chafing-Dish-wholesale-3-300x300.jpg 300w, https:\/\/www.dzwchafingdish.com\/wp-content\/uploads\/2024\/07\/Marble-Heart-Ball-Chafing-Dish-wholesale-3-150x150.jpg 150w, https:\/\/www.dzwchafingdish.com\/wp-content\/uploads\/2024\/07\/Marble-Heart-Ball-Chafing-Dish-wholesale-3-768x768.jpg 768w, https:\/\/www.dzwchafingdish.com\/wp-content\/uploads\/2024\/07\/Marble-Heart-Ball-Chafing-Dish-wholesale-3-12x12.jpg 12w, https:\/\/www.dzwchafingdish.com\/wp-content\/uploads\/2024\/07\/Marble-Heart-Ball-Chafing-Dish-wholesale-3.jpg 800w","media_details":{"width":800,"height":800,"sizes":{"medium":{"file":"Marble-Heart-Ball-Chafing-Dish-wholesale-3-300x300.jpg","width":300,"height":300,"mime-type":"image\/jpeg","filesize":12296,"source_url":"https:\/\/www.dzwchafingdish.com\/wp-content\/uploads\/2024\/07\/Marble-Heart-Ball-Chafing-Dish-wholesale-3-300x300.jpg"},"thumbnail":{"file":"Marble-Heart-Ball-Chafing-Dish-wholesale-3-150x150.jpg","width":150,"height":150,"mime-type":"image\/jpeg","filesize":4352,"source_url":"https:\/\/www.dzwchafingdish.com\/wp-content\/uploads\/2024\/07\/Marble-Heart-Ball-Chafing-Dish-wholesale-3-150x150.jpg"},"medium_large":{"file":"Marble-Heart-Ball-Chafing-Dish-wholesale-3-768x768.jpg","width":768,"height":768,"mime-type":"image\/jpeg","filesize":58303,"source_url":"https:\/\/www.dzwchafingdish.com\/wp-content\/uploads\/2024\/07\/Marble-Heart-Ball-Chafing-Dish-wholesale-3-768x768.jpg"},"trp-custom-language-flag":{"file":"Marble-Heart-Ball-Chafing-Dish-wholesale-3-12x12.jpg","width":12,"height":12,"mime-type":"image\/jpeg","filesize":792,"source_url":"https:\/\/www.dzwchafingdish.com\/wp-content\/uploads\/2024\/07\/Marble-Heart-Ball-Chafing-Dish-wholesale-3-12x12.jpg"}}},"alt_text":"Chafing Dish wholesale","url":"","target":""}]]}},"_links":{"self":[{"href":"https:\/\/www.dzwchafingdish.com\/es\/wp-json\/wp\/v2\/product\/4563","targetHints":{"allow":["GET"]}}],"collection":[{"href":"https:\/\/www.dzwchafingdish.com\/es\/wp-json\/wp\/v2\/product"}],"about":[{"href":"https:\/\/www.dzwchafingdish.com\/es\/wp-json\/wp\/v2\/types\/product"}],"author":[{"embeddable":true,"href":"https:\/\/www.dzwchafingdish.com\/es\/wp-json\/wp\/v2\/users\/2"}],"version-history":[{"count":0,"href":"https:\/\/www.dzwchafingdish.com\/es\/wp-json\/wp\/v2\/product\/4563\/revisions"}],"wp:featuredmedia":[{"embeddable":true,"href":"https:\/\/www.dzwchafingdish.com\/es\/wp-json\/wp\/v2\/media\/4553"}],"wp:attachment":[{"href":"https:\/\/www.dzwchafingdish.com\/es\/wp-json\/wp\/v2\/media?parent=4563"}],"wp:term":[{"taxonomy":"product-categories","embeddable":true,"href":"https:\/\/www.dzwchafingdish.com\/es\/wp-json\/wp\/v2\/product-categories?post=4563"},{"taxonomy":"product-tag","embeddable":true,"href":"https:\/\/www.dzwchafingdish.com\/es\/wp-json\/wp\/v2\/product-tag?post=4563"}],"curies":[{"name":"wp","href":"https:\/\/api.w.org\/{rel}","templated":true}]}}