{"id":4978,"date":"2025-01-18T02:14:59","date_gmt":"2025-01-18T02:14:59","guid":{"rendered":"https:\/\/www.dzwchafingdish.com\/?post_type=product&#038;p=4978"},"modified":"2025-01-18T02:15:01","modified_gmt":"2025-01-18T02:15:01","slug":"wholesale-rose-gold-chafing-dish","status":"publish","type":"product","link":"https:\/\/www.dzwchafingdish.com\/es\/product\/wholesale-rose-gold-chafing-dish\/","title":{"rendered":"Venta al Mayor Plato Chafing de Oro Rosa con Tapa de Cristal Acero Inoxidable"},"content":{"rendered":"<div class=\"wp-block-columns is-layout-flex wp-container-core-columns-is-layout-28f84493 wp-block-columns-is-layout-flex\">\n<div class=\"wp-block-column is-vertically-aligned-top is-layout-flow wp-block-column-is-layout-flow\">\n<h2 class=\"wp-block-heading\" style=\"font-size:18px\"><strong><span style=\"box-sizing: border-box; margin: 0px; padding: 0px;\">Dimensiones<\/span> de Rose Gold Chafing Dish:<\/strong><\/h2>\n\n\n\n<figure class=\"wp-block-table\"><table class=\"has-fixed-layout\"><tbody><tr><td>PUNTO NO.<\/td><td>Color<\/td><td>TALLA<\/td><td>LONGITUD<\/td><td>AMPLIO<\/td><td>ALTO<\/td><td>N.W \/SET<\/td><\/tr><tr><td>DZW-R321<\/td><td>Oro rosa<\/td><td>6L<\/td><td>47 cm<\/td><td>43 cm<\/td><td>27 cm<\/td><td>5400 g<\/td><\/tr><tr><td>DZW-S321<\/td><td>Plata<\/td><td>6L<\/td><td>47 cm<\/td><td>43 cm<\/td><td>27 cm<\/td><td>5400 g<\/td><\/tr><tr><td>DZW-H321<\/td><td>Semidorado<\/td><td>6L<\/td><td>47 cm<\/td><td>43 cm<\/td><td>27 cm<\/td><td>5400 g<\/td><\/tr><tr><td>DZW-G321<\/td><td>Oro<\/td><td>6L<\/td><td>47 cm<\/td><td>43 cm<\/td><td>27 cm<\/td><td>5400 g<\/td><\/tr><\/tbody><\/table><\/figure>\n<\/div>\n\n\n\n<div class=\"wp-block-column is-layout-flow wp-block-column-is-layout-flow\">\n<figure class=\"wp-block-image aligncenter size-full is-resized\"><img fetchpriority=\"high\" decoding=\"async\" width=\"800\" height=\"800\" src=\"https:\/\/www.dzwchafingdish.com\/wp-content\/uploads\/2025\/01\/rose-gold-chafing-dish-wholesale-2.webp\" alt=\"calientaplatos de oro rosa al por mayor\" class=\"wp-image-4961\" style=\"object-fit:cover;width:440px;height:auto\" srcset=\"https:\/\/www.dzwchafingdish.com\/wp-content\/uploads\/2025\/01\/rose-gold-chafing-dish-wholesale-2.webp 800w, https:\/\/www.dzwchafingdish.com\/wp-content\/uploads\/2025\/01\/rose-gold-chafing-dish-wholesale-2-300x300.webp 300w, https:\/\/www.dzwchafingdish.com\/wp-content\/uploads\/2025\/01\/rose-gold-chafing-dish-wholesale-2-150x150.webp 150w, https:\/\/www.dzwchafingdish.com\/wp-content\/uploads\/2025\/01\/rose-gold-chafing-dish-wholesale-2-768x768.webp 768w, https:\/\/www.dzwchafingdish.com\/wp-content\/uploads\/2025\/01\/rose-gold-chafing-dish-wholesale-2-12x12.webp 12w\" sizes=\"(max-width: 800px) 100vw, 800px\" \/><\/figure>\n<\/div>\n<\/div>\n\n\n\n<div class=\"wp-block-columns is-layout-flex wp-container-core-columns-is-layout-28f84493 wp-block-columns-is-layout-flex\" style=\"font-size:18px\">\n<div class=\"wp-block-column is-layout-flow wp-container-core-column-is-layout-8a368f38 wp-block-column-is-layout-flow\" style=\"border-style:none;border-width:0px\">\n<div class=\"wp-block-columns is-layout-flex wp-container-core-columns-is-layout-28f84493 wp-block-columns-is-layout-flex\">\n<div class=\"wp-block-column is-layout-flow wp-block-column-is-layout-flow\">\n<figure class=\"wp-block-image aligncenter size-full is-resized\"><img decoding=\"async\" width=\"800\" height=\"800\" src=\"https:\/\/www.dzwchafingdish.com\/wp-content\/uploads\/2025\/01\/rose-gold-chafing-dish-wholesale-3.webp\" alt=\"calientaplatos de oro rosa al por mayor\" class=\"wp-image-4962\" style=\"object-fit:cover;width:443px;height:auto\" srcset=\"https:\/\/www.dzwchafingdish.com\/wp-content\/uploads\/2025\/01\/rose-gold-chafing-dish-wholesale-3.webp 800w, https:\/\/www.dzwchafingdish.com\/wp-content\/uploads\/2025\/01\/rose-gold-chafing-dish-wholesale-3-300x300.webp 300w, https:\/\/www.dzwchafingdish.com\/wp-content\/uploads\/2025\/01\/rose-gold-chafing-dish-wholesale-3-150x150.webp 150w, https:\/\/www.dzwchafingdish.com\/wp-content\/uploads\/2025\/01\/rose-gold-chafing-dish-wholesale-3-768x768.webp 768w, https:\/\/www.dzwchafingdish.com\/wp-content\/uploads\/2025\/01\/rose-gold-chafing-dish-wholesale-3-12x12.webp 12w\" sizes=\"(max-width: 800px) 100vw, 800px\" \/><\/figure>\n<\/div>\n<\/div>\n<\/div>\n\n\n\n<div class=\"wp-block-column is-vertically-aligned-center is-layout-flow wp-container-core-column-is-layout-ba6f69a4 wp-block-column-is-layout-flow\" style=\"border-style:none;border-width:0px;padding-top:0;padding-right:0;padding-bottom:0;padding-left:0;font-size:18px;flex-basis:45%\">\n<h2 class=\"wp-block-heading\" style=\"font-size:18px\"><strong><strong>Chafing Dish Oro Rosa<\/strong><\/strong> <strong>Caracter\u00edstica:<\/strong><\/h2>\n\n\n\n<p><strong>Material de acero inoxidable de alta calidad: <\/strong>Este Chafing Dish est\u00e1 hecho de acero inoxidable de alta calidad resistente a altas temperaturas y no corrosivo, con una superficie lisa y f\u00e1cil de limpiar.<\/p>\n\n\n\n<p><strong>Aspecto redondo de oro rosa: <\/strong>El exquisito dise\u00f1o en oro rosa se integra perfectamente con la apariencia redonda, con un efecto visual lujoso y moderno, muy adecuado para banquetes de alto nivel, bodas, hoteles y otras ocasiones.<\/p>\n\n\n\n<p><strong>Gran cubierta hidr\u00e1ulica de cristal: <\/strong>El dise\u00f1o del dispositivo hidr\u00e1ulico permite que la gran tapa de cristal se abra y cierre suavemente y sin fuerza, reduciendo el ruido. La tapa de cristal transparente permite ver claramente los alimentos, lo que resulta c\u00f3modo de usar y mejora la experiencia del usuario.<\/p>\n\n\n\n<p><strong>Opciones de calefacci\u00f3n personalizadas:<\/strong> Proporcionan opciones de calentamiento flexibles, la base no s\u00f3lo admite el calentamiento tradicional con l\u00e1mpara de alcohol, sino que tambi\u00e9n puede sustituirse por un dispositivo de calentamiento el\u00e9ctrico. Proporcionar calor uniforme y estable para asegurar que la comida siempre mantiene la temperatura \u00f3ptima.<\/p>\n\n\n\n<p><strong>Eficaz funci\u00f3n aislante:<\/strong> La combinaci\u00f3n de la cubierta hidr\u00e1ulica y la excelente conductividad t\u00e9rmica del acero inoxidable puede mantener eficazmente la temperatura de los alimentos y conservarlos frescos y calientes durante mucho tiempo.<\/p>\n<\/div>\n<\/div>\n\n\n\n<p><\/p>","protected":false},"excerpt":{"rendered":"<p>Dimensiones de Rose Gold Chafing Dish: ART\u00cdCULO N\u00ba. Color TALLA LARGO ANCHO ALTO N.W \/SET DZW-R321 Oro Rosa 6L 47 cm 43 cm 27 cm 5400 g DZW-S321 Plata 6L 47 cm 43 cm 27 cm 5400 g DZW-H321 Semi-dorado 6L 47 cm 43 cm 27 cm 5400 g DZW-G321 Oro 6L 47 cm 43 [...]<\/p>","protected":false},"author":1,"featured_media":4960,"parent":0,"menu_order":0,"template":"","format":"standard","meta":{"_acf_changed":false,"site-sidebar-layout":"default","site-content-layout":"","ast-site-content-layout":"","site-content-style":"default","site-sidebar-style":"default","ast-global-header-display":"","ast-banner-title-visibility":"","ast-main-header-display":"","ast-hfb-above-header-display":"","ast-hfb-below-header-display":"","ast-hfb-mobile-header-display":"","site-post-title":"","ast-breadcrumbs-content":"","ast-featured-img":"","footer-sml-layout":"","theme-transparent-header-meta":"","adv-header-id-meta":"","stick-header-meta":"","header-above-stick-meta":"","header-main-stick-meta":"","header-below-stick-meta":"","astra-migrate-meta-layouts":"default","ast-page-background-enabled":"default","ast-page-background-meta":{"desktop":{"background-color":"var(--ast-global-color-4)","background-image":"","background-repeat":"repeat","background-position":"center center","background-size":"auto","background-attachment":"scroll","background-type":"","background-media":"","overlay-type":"","overlay-color":"","overlay-opacity":"","overlay-gradient":""},"tablet":{"background-color":"","background-image":"","background-repeat":"repeat","background-position":"center center","background-size":"auto","background-attachment":"scroll","background-type":"","background-media":"","overlay-type":"","overlay-color":"","overlay-opacity":"","overlay-gradient":""},"mobile":{"background-color":"","background-image":"","background-repeat":"repeat","background-position":"center center","background-size":"auto","background-attachment":"scroll","background-type":"","background-media":"","overlay-type":"","overlay-color":"","overlay-opacity":"","overlay-gradient":""}},"ast-content-background-meta":{"desktop":{"background-color":"var(--ast-global-color-5)","background-image":"","background-repeat":"repeat","background-position":"center center","background-size":"auto","background-attachment":"scroll","background-type":"","background-media":"","overlay-type":"","overlay-color":"","overlay-opacity":"","overlay-gradient":""},"tablet":{"background-color":"var(--ast-global-color-5)","background-image":"","background-repeat":"repeat","background-position":"center center","background-size":"auto","background-attachment":"scroll","background-type":"","background-media":"","overlay-type":"","overlay-color":"","overlay-opacity":"","overlay-gradient":""},"mobile":{"background-color":"var(--ast-global-color-5)","background-image":"","background-repeat":"repeat","background-position":"center center","background-size":"auto","background-attachment":"scroll","background-type":"","background-media":"","overlay-type":"","overlay-color":"","overlay-opacity":"","overlay-gradient":""}},"footnotes":""},"product-categories":[63],"product-tag":[95,96,90,93,91],"class_list":["post-4978","product","type-product","status-publish","format-standard","has-post-thumbnail","hentry","product-categories-chafing-dish","product-tag-chafing-dish-with-glass-lid","product-tag-chafing-dish-with-hinged-lid","product-tag-fuel-chafing-dish","product-tag-rectangular-chafing-dish","product-tag-round-chafing-dish"],"acf":{"title":"Venta al Mayor Plato Chafing de Oro Rosa con Tapa de Cristal Acero Inoxidable","title_source":{"label":"Title","type":"text","formatted_value":"Wholesale Rose Gold Chafing Dish with Glass Lid Stainless Steel"},"short_description":"Designed for luxury events, this rose gold chafing dish with a large glass lid and premium stainless steel heats evenly to keep food warm. We offer factory price wholesale and custom chafing dish solutions to create unique product brands for global customers, welcome to contact us now!","short_description_source":{"label":"Short description","type":"textarea","formatted_value":"Designed for luxury events, this rose gold chafing dish with a large glass lid and premium stainless steel heats evenly to keep food warm. We offer factory price wholesale and custom chafing dish solutions to create unique product brands for global customers, welcome to contact us now!"},"parameters":"<table border=\"0\" width=\"275\" cellspacing=\"0\" cellpadding=\"0\">\r\n<tbody>\r\n<tr>\r\n<td width=\"108\" height=\"17\">Manufacturer<\/td>\r\n<td width=\"167\">DONGZHAOWEI<\/td>\r\n<\/tr>\r\n<tr>\r\n<td height=\"17\">Material<\/td>\r\n<td>Stainless Steel 201<\/td>\r\n<\/tr>\r\n<tr>\r\n<td height=\"17\">Capacity<\/td>\r\n<td>6 L<\/td>\r\n<\/tr>\r\n<tr>\r\n<td height=\"17\">Color<\/td>\r\n<td>Rose Gold<\/td>\r\n<\/tr>\r\n<tr>\r\n<td height=\"17\">Design<\/td>\r\n<td>Round<\/td>\r\n<\/tr>\r\n<tr>\r\n<td height=\"17\">Tray<\/td>\r\n<td>No divided \/ Divided tray<\/td>\r\n<\/tr>\r\n<tr>\r\n<td height=\"17\">Lid type<\/td>\r\n<td>Glass Hydraulic Lid<\/td>\r\n<\/tr>\r\n<tr>\r\n<td height=\"17\">Heat<\/td>\r\n<td>Fuel or Electric<\/td>\r\n<\/tr>\r\n<tr>\r\n<td height=\"17\">Custom<\/td>\r\n<td>Color\/Logo\/Package<\/td>\r\n<\/tr>\r\n<\/tbody>\r\n<\/table>","parameters_source":{"label":"Parameters","type":"wysiwyg","formatted_value":"<table border=\"0\" width=\"275\" cellspacing=\"0\" cellpadding=\"0\">\n<tbody>\n<tr>\n<td width=\"108\" height=\"17\">Manufacturer<\/td>\n<td width=\"167\">DONGZHAOWEI<\/td>\n<\/tr>\n<tr>\n<td height=\"17\">Material<\/td>\n<td>Stainless Steel 201<\/td>\n<\/tr>\n<tr>\n<td height=\"17\">Capacity<\/td>\n<td>6 L<\/td>\n<\/tr>\n<tr>\n<td height=\"17\">Color<\/td>\n<td>Rose Gold<\/td>\n<\/tr>\n<tr>\n<td height=\"17\">Design<\/td>\n<td>Round<\/td>\n<\/tr>\n<tr>\n<td height=\"17\">Tray<\/td>\n<td>No divided \/ Divided tray<\/td>\n<\/tr>\n<tr>\n<td height=\"17\">Lid type<\/td>\n<td>Glass Hydraulic Lid<\/td>\n<\/tr>\n<tr>\n<td height=\"17\">Heat<\/td>\n<td>Fuel or Electric<\/td>\n<\/tr>\n<tr>\n<td height=\"17\">Custom<\/td>\n<td>Color\/Logo\/Package<\/td>\n<\/tr>\n<\/tbody>\n<\/table>\n"},"photo_gallery":{"product_gallery":[[{"id":4962,"title":"rose gold chafing dish wholesale (3)","caption":"rose gold chafing dish wholesale","full_image_url":"https:\/\/www.dzwchafingdish.com\/wp-content\/uploads\/2025\/01\/rose-gold-chafing-dish-wholesale-3.webp","thumbnail_image_url":"https:\/\/www.dzwchafingdish.com\/wp-content\/uploads\/2025\/01\/rose-gold-chafing-dish-wholesale-3-150x150.webp","large_srcset":"https:\/\/www.dzwchafingdish.com\/wp-content\/uploads\/2025\/01\/rose-gold-chafing-dish-wholesale-3.webp 800w, https:\/\/www.dzwchafingdish.com\/wp-content\/uploads\/2025\/01\/rose-gold-chafing-dish-wholesale-3-300x300.webp 300w, https:\/\/www.dzwchafingdish.com\/wp-content\/uploads\/2025\/01\/rose-gold-chafing-dish-wholesale-3-150x150.webp 150w, https:\/\/www.dzwchafingdish.com\/wp-content\/uploads\/2025\/01\/rose-gold-chafing-dish-wholesale-3-768x768.webp 768w, https:\/\/www.dzwchafingdish.com\/wp-content\/uploads\/2025\/01\/rose-gold-chafing-dish-wholesale-3-12x12.webp 12w","medium_srcset":"https:\/\/www.dzwchafingdish.com\/wp-content\/uploads\/2025\/01\/rose-gold-chafing-dish-wholesale-3-300x300.webp 300w, https:\/\/www.dzwchafingdish.com\/wp-content\/uploads\/2025\/01\/rose-gold-chafing-dish-wholesale-3-150x150.webp 150w, https:\/\/www.dzwchafingdish.com\/wp-content\/uploads\/2025\/01\/rose-gold-chafing-dish-wholesale-3-768x768.webp 768w, https:\/\/www.dzwchafingdish.com\/wp-content\/uploads\/2025\/01\/rose-gold-chafing-dish-wholesale-3-12x12.webp 12w, https:\/\/www.dzwchafingdish.com\/wp-content\/uploads\/2025\/01\/rose-gold-chafing-dish-wholesale-3.webp 800w","media_details":{"width":800,"height":800,"sizes":{"medium":{"file":"rose-gold-chafing-dish-wholesale-3-300x300.webp","width":300,"height":300,"mime-type":"image\/webp","filesize":5842,"source_url":"https:\/\/www.dzwchafingdish.com\/wp-content\/uploads\/2025\/01\/rose-gold-chafing-dish-wholesale-3-300x300.webp"},"thumbnail":{"file":"rose-gold-chafing-dish-wholesale-3-150x150.webp","width":150,"height":150,"mime-type":"image\/webp","filesize":2300,"source_url":"https:\/\/www.dzwchafingdish.com\/wp-content\/uploads\/2025\/01\/rose-gold-chafing-dish-wholesale-3-150x150.webp"},"medium_large":{"file":"rose-gold-chafing-dish-wholesale-3-768x768.webp","width":768,"height":768,"mime-type":"image\/webp","filesize":20328,"source_url":"https:\/\/www.dzwchafingdish.com\/wp-content\/uploads\/2025\/01\/rose-gold-chafing-dish-wholesale-3-768x768.webp"},"trp-custom-language-flag":{"file":"rose-gold-chafing-dish-wholesale-3-12x12.webp","width":12,"height":12,"mime-type":"image\/webp","filesize":142,"source_url":"https:\/\/www.dzwchafingdish.com\/wp-content\/uploads\/2025\/01\/rose-gold-chafing-dish-wholesale-3-12x12.webp"}}},"alt_text":"rose gold chafing dish wholesale","url":"","target":""},{"id":4961,"title":"rose gold chafing dish wholesale (2)","caption":"rose gold chafing dish wholesale","full_image_url":"https:\/\/www.dzwchafingdish.com\/wp-content\/uploads\/2025\/01\/rose-gold-chafing-dish-wholesale-2.webp","thumbnail_image_url":"https:\/\/www.dzwchafingdish.com\/wp-content\/uploads\/2025\/01\/rose-gold-chafing-dish-wholesale-2-150x150.webp","large_srcset":"https:\/\/www.dzwchafingdish.com\/wp-content\/uploads\/2025\/01\/rose-gold-chafing-dish-wholesale-2.webp 800w, https:\/\/www.dzwchafingdish.com\/wp-content\/uploads\/2025\/01\/rose-gold-chafing-dish-wholesale-2-300x300.webp 300w, https:\/\/www.dzwchafingdish.com\/wp-content\/uploads\/2025\/01\/rose-gold-chafing-dish-wholesale-2-150x150.webp 150w, https:\/\/www.dzwchafingdish.com\/wp-content\/uploads\/2025\/01\/rose-gold-chafing-dish-wholesale-2-768x768.webp 768w, https:\/\/www.dzwchafingdish.com\/wp-content\/uploads\/2025\/01\/rose-gold-chafing-dish-wholesale-2-12x12.webp 12w","medium_srcset":"https:\/\/www.dzwchafingdish.com\/wp-content\/uploads\/2025\/01\/rose-gold-chafing-dish-wholesale-2-300x300.webp 300w, https:\/\/www.dzwchafingdish.com\/wp-content\/uploads\/2025\/01\/rose-gold-chafing-dish-wholesale-2-150x150.webp 150w, https:\/\/www.dzwchafingdish.com\/wp-content\/uploads\/2025\/01\/rose-gold-chafing-dish-wholesale-2-768x768.webp 768w, https:\/\/www.dzwchafingdish.com\/wp-content\/uploads\/2025\/01\/rose-gold-chafing-dish-wholesale-2-12x12.webp 12w, https:\/\/www.dzwchafingdish.com\/wp-content\/uploads\/2025\/01\/rose-gold-chafing-dish-wholesale-2.webp 800w","media_details":{"width":800,"height":800,"sizes":{"medium":{"file":"rose-gold-chafing-dish-wholesale-2-300x300.webp","width":300,"height":300,"mime-type":"image\/webp","filesize":6554,"source_url":"https:\/\/www.dzwchafingdish.com\/wp-content\/uploads\/2025\/01\/rose-gold-chafing-dish-wholesale-2-300x300.webp"},"thumbnail":{"file":"rose-gold-chafing-dish-wholesale-2-150x150.webp","width":150,"height":150,"mime-type":"image\/webp","filesize":2686,"source_url":"https:\/\/www.dzwchafingdish.com\/wp-content\/uploads\/2025\/01\/rose-gold-chafing-dish-wholesale-2-150x150.webp"},"medium_large":{"file":"rose-gold-chafing-dish-wholesale-2-768x768.webp","width":768,"height":768,"mime-type":"image\/webp","filesize":22684,"source_url":"https:\/\/www.dzwchafingdish.com\/wp-content\/uploads\/2025\/01\/rose-gold-chafing-dish-wholesale-2-768x768.webp"},"trp-custom-language-flag":{"file":"rose-gold-chafing-dish-wholesale-2-12x12.webp","width":12,"height":12,"mime-type":"image\/webp","filesize":150,"source_url":"https:\/\/www.dzwchafingdish.com\/wp-content\/uploads\/2025\/01\/rose-gold-chafing-dish-wholesale-2-12x12.webp"}}},"alt_text":"rose gold chafing dish wholesale","url":"","target":""}]]}},"_links":{"self":[{"href":"https:\/\/www.dzwchafingdish.com\/es\/wp-json\/wp\/v2\/product\/4978","targetHints":{"allow":["GET"]}}],"collection":[{"href":"https:\/\/www.dzwchafingdish.com\/es\/wp-json\/wp\/v2\/product"}],"about":[{"href":"https:\/\/www.dzwchafingdish.com\/es\/wp-json\/wp\/v2\/types\/product"}],"author":[{"embeddable":true,"href":"https:\/\/www.dzwchafingdish.com\/es\/wp-json\/wp\/v2\/users\/1"}],"version-history":[{"count":0,"href":"https:\/\/www.dzwchafingdish.com\/es\/wp-json\/wp\/v2\/product\/4978\/revisions"}],"wp:featuredmedia":[{"embeddable":true,"href":"https:\/\/www.dzwchafingdish.com\/es\/wp-json\/wp\/v2\/media\/4960"}],"wp:attachment":[{"href":"https:\/\/www.dzwchafingdish.com\/es\/wp-json\/wp\/v2\/media?parent=4978"}],"wp:term":[{"taxonomy":"product-categories","embeddable":true,"href":"https:\/\/www.dzwchafingdish.com\/es\/wp-json\/wp\/v2\/product-categories?post=4978"},{"taxonomy":"product-tag","embeddable":true,"href":"https:\/\/www.dzwchafingdish.com\/es\/wp-json\/wp\/v2\/product-tag?post=4978"}],"curies":[{"name":"wp","href":"https:\/\/api.w.org\/{rel}","templated":true}]}}