{"id":6987,"date":"2026-01-05T10:13:55","date_gmt":"2026-01-05T10:13:55","guid":{"rendered":"https:\/\/www.dzwchafingdish.com\/?post_type=product&#038;p=6987"},"modified":"2026-01-29T01:40:41","modified_gmt":"2026-01-29T01:40:41","slug":"custom-chafing-dishes-round","status":"publish","type":"product","link":"https:\/\/www.dzwchafingdish.com\/es\/product\/custom-chafing-dishes-round\/","title":{"rendered":"Custom Chafing Dishes Ronda de acero inoxidable Buffet Set Plata Oro al por mayor"},"content":{"rendered":"<div class=\"wp-block-columns is-layout-flex wp-container-core-columns-is-layout-28f84493 wp-block-columns-is-layout-flex\">\n<div class=\"wp-block-column is-vertically-aligned-center is-layout-flow wp-block-column-is-layout-flow\">\n<h2 class=\"wp-block-heading\">Chafing Dishes Redondo Dimensi\u00f3n:<\/h2>\n\n\n\n<figure class=\"wp-block-table\"><table><tbody><tr><td>PUNTO NO.<\/td><td>Color<\/td><td>Capacidad<\/td><td>LONGITUD<\/td><td>AMPLIO<\/td><td>ALTO<\/td><td>N.W \/SET<\/td><\/tr><tr><td>DZW-A1006<\/td><td>Plata<\/td><td>0.6L<\/td><td>20 cm<\/td><td>20 cm<\/td><td>4 cm<\/td><td>1000 g<\/td><\/tr><\/tbody><\/table><\/figure>\n<\/div>\n\n\n\n<div class=\"wp-block-column is-layout-flow wp-block-column-is-layout-flow\">\n<div class=\"wp-block-columns is-layout-flex wp-container-core-columns-is-layout-28f84493 wp-block-columns-is-layout-flex\">\n<div class=\"wp-block-column is-layout-flow wp-block-column-is-layout-flow\">\n<div class=\"wp-block-columns is-layout-flex wp-container-core-columns-is-layout-28f84493 wp-block-columns-is-layout-flex\">\n<div class=\"wp-block-column is-layout-flow wp-block-column-is-layout-flow\">\n<figure class=\"wp-block-image size-full\"><img fetchpriority=\"high\" decoding=\"async\" width=\"3024\" height=\"3024\" src=\"https:\/\/www.dzwchafingdish.com\/wp-content\/uploads\/2026\/01\/custom-chafing-dish-round-2.webp\" alt=\"chafing dish redondo personalizado (2)\" class=\"wp-image-6990\" srcset=\"https:\/\/www.dzwchafingdish.com\/wp-content\/uploads\/2026\/01\/custom-chafing-dish-round-2.webp 3024w, https:\/\/www.dzwchafingdish.com\/wp-content\/uploads\/2026\/01\/custom-chafing-dish-round-2-300x300.webp 300w, https:\/\/www.dzwchafingdish.com\/wp-content\/uploads\/2026\/01\/custom-chafing-dish-round-2-150x150.webp 150w, https:\/\/www.dzwchafingdish.com\/wp-content\/uploads\/2026\/01\/custom-chafing-dish-round-2-768x768.webp 768w, https:\/\/www.dzwchafingdish.com\/wp-content\/uploads\/2026\/01\/custom-chafing-dish-round-2-12x12.webp 12w\" sizes=\"(max-width: 3024px) 100vw, 3024px\" \/><\/figure>\n<\/div>\n\n\n\n<div class=\"wp-block-column is-layout-flow wp-block-column-is-layout-flow\">\n<figure class=\"wp-block-image size-full\"><img decoding=\"async\" width=\"2964\" height=\"2964\" src=\"https:\/\/www.dzwchafingdish.com\/wp-content\/uploads\/2026\/01\/custom-chafing-dish-round-5.webp\" alt=\"chafing dish redondo personalizado (5)\" class=\"wp-image-6993\" srcset=\"https:\/\/www.dzwchafingdish.com\/wp-content\/uploads\/2026\/01\/custom-chafing-dish-round-5.webp 2964w, https:\/\/www.dzwchafingdish.com\/wp-content\/uploads\/2026\/01\/custom-chafing-dish-round-5-300x300.webp 300w, https:\/\/www.dzwchafingdish.com\/wp-content\/uploads\/2026\/01\/custom-chafing-dish-round-5-150x150.webp 150w, https:\/\/www.dzwchafingdish.com\/wp-content\/uploads\/2026\/01\/custom-chafing-dish-round-5-768x768.webp 768w, https:\/\/www.dzwchafingdish.com\/wp-content\/uploads\/2026\/01\/custom-chafing-dish-round-5-12x12.webp 12w\" sizes=\"(max-width: 2964px) 100vw, 2964px\" \/><\/figure>\n<\/div>\n<\/div>\n<\/div>\n<\/div>\n<\/div>\n<\/div>\n\n\n\n<div class=\"wp-block-columns is-layout-flex wp-container-core-columns-is-layout-28f84493 wp-block-columns-is-layout-flex\">\n<div class=\"wp-block-column is-layout-flow wp-block-column-is-layout-flow\">\n<figure class=\"wp-block-image size-full\"><img decoding=\"async\" width=\"1000\" height=\"1000\" src=\"https:\/\/www.dzwchafingdish.com\/wp-content\/uploads\/2026\/01\/custom-chafing-dish-round.webp\" alt=\"chafing dish redondo personalizado\" class=\"wp-image-6996\" srcset=\"https:\/\/www.dzwchafingdish.com\/wp-content\/uploads\/2026\/01\/custom-chafing-dish-round.webp 1000w, https:\/\/www.dzwchafingdish.com\/wp-content\/uploads\/2026\/01\/custom-chafing-dish-round-300x300.webp 300w, https:\/\/www.dzwchafingdish.com\/wp-content\/uploads\/2026\/01\/custom-chafing-dish-round-150x150.webp 150w, https:\/\/www.dzwchafingdish.com\/wp-content\/uploads\/2026\/01\/custom-chafing-dish-round-768x768.webp 768w, https:\/\/www.dzwchafingdish.com\/wp-content\/uploads\/2026\/01\/custom-chafing-dish-round-12x12.webp 12w\" sizes=\"(max-width: 1000px) 100vw, 1000px\" \/><\/figure>\n<\/div>\n\n\n\n<div class=\"wp-block-column is-layout-flow wp-block-column-is-layout-flow\">\n<h2 class=\"wp-block-heading\">Chafing Dishes Round Caracter\u00edsticas:<\/h2>\n\n\n\n<p><strong>Material de acero inoxidable de primera calidad:<\/strong> El cuerpo de la olla redonda de acero inoxidable de alto brillo es resistente a la corrosi\u00f3n, f\u00e1cil de limpiar y mantiene su aspecto brillante incluso tras un uso prolongado, por lo que resulta adecuada para el uso frecuente en restauraci\u00f3n y al por mayor.<\/p>\n\n\n\n<p><strong>Equipado con tapa de cristal transparente<\/strong>: Permite comprobar f\u00e1cilmente el estado de los alimentos en su interior, al tiempo que retiene eficazmente el calor para mantener la temperatura y la textura de los alimentos.<\/p>\n\n\n\n<p><strong>Dise\u00f1o de doble asa: <\/strong>Las asas met\u00e1licas sim\u00e9tricas est\u00e1n situadas a ambos lados del cuerpo de la olla, y la tapa de cristal cuenta con un pomo dorado o asa de bola en la parte superior, lo que garantiza un agarre estable y resistente al calor y mejora la experiencia del usuario.<\/p>\n\n\n\n<p><strong>Robusto soporte met\u00e1lico<\/strong>: El soporte dorado o plateado presenta una estructura sencilla y robusta, con una base que incluye un contenedor de combustible y peque\u00f1as herramientas, lo que lo hace adecuado para las necesidades de conservaci\u00f3n del calor y calefacci\u00f3n de hoteles, restaurantes, banquetes y otros establecimientos.<\/p>\n\n\n\n<p><strong>Elegante y con estilo:<\/strong> La combinaci\u00f3n de acero inoxidable plateado y dorado a\u00f1ade un toque de calidad de alta gama al entorno del catering.<\/p>\n\n\n\n<p><strong>Suministro directo del fabricante:<\/strong> Dongzhaowei<strong> s<\/strong>upone pedidos de gran volumen, ofrece importantes ventajas de precio y es adecuado para la adquisici\u00f3n centralizada por parte de empresas de catering.<\/p>\n<\/div>\n<\/div>","protected":false},"excerpt":{"rendered":"<p>Chafing Dishes Round Dimension: ITEM NO. Color Capacity LENGTH WIDE HIGHT N.W \/SET DZW-A1006 Silver 0.6L 20 cm 20 cm 4 cm 1000 g Chafing Dishes Round Features: Premium Stainless Steel Material: The high-gloss stainless steel round pot body is corrosion-resistant, easy to clean, and maintains its bright appearance even after long-term use, making it [&hellip;]<\/p>","protected":false},"author":3,"featured_media":6990,"parent":0,"menu_order":0,"template":"","format":"standard","meta":{"_acf_changed":false,"site-sidebar-layout":"default","site-content-layout":"","ast-site-content-layout":"default","site-content-style":"default","site-sidebar-style":"default","ast-global-header-display":"","ast-banner-title-visibility":"","ast-main-header-display":"","ast-hfb-above-header-display":"","ast-hfb-below-header-display":"","ast-hfb-mobile-header-display":"","site-post-title":"","ast-breadcrumbs-content":"","ast-featured-img":"","footer-sml-layout":"","theme-transparent-header-meta":"","adv-header-id-meta":"","stick-header-meta":"","header-above-stick-meta":"","header-main-stick-meta":"","header-below-stick-meta":"","astra-migrate-meta-layouts":"default","ast-page-background-enabled":"default","ast-page-background-meta":{"desktop":{"background-color":"var(--ast-global-color-4)","background-image":"","background-repeat":"repeat","background-position":"center center","background-size":"auto","background-attachment":"scroll","background-type":"","background-media":"","overlay-type":"","overlay-color":"","overlay-opacity":"","overlay-gradient":""},"tablet":{"background-color":"","background-image":"","background-repeat":"repeat","background-position":"center center","background-size":"auto","background-attachment":"scroll","background-type":"","background-media":"","overlay-type":"","overlay-color":"","overlay-opacity":"","overlay-gradient":""},"mobile":{"background-color":"","background-image":"","background-repeat":"repeat","background-position":"center center","background-size":"auto","background-attachment":"scroll","background-type":"","background-media":"","overlay-type":"","overlay-color":"","overlay-opacity":"","overlay-gradient":""}},"ast-content-background-meta":{"desktop":{"background-color":"var(--ast-global-color-5)","background-image":"","background-repeat":"repeat","background-position":"center center","background-size":"auto","background-attachment":"scroll","background-type":"","background-media":"","overlay-type":"","overlay-color":"","overlay-opacity":"","overlay-gradient":""},"tablet":{"background-color":"var(--ast-global-color-5)","background-image":"","background-repeat":"repeat","background-position":"center center","background-size":"auto","background-attachment":"scroll","background-type":"","background-media":"","overlay-type":"","overlay-color":"","overlay-opacity":"","overlay-gradient":""},"mobile":{"background-color":"var(--ast-global-color-5)","background-image":"","background-repeat":"repeat","background-position":"center center","background-size":"auto","background-attachment":"scroll","background-type":"","background-media":"","overlay-type":"","overlay-color":"","overlay-opacity":"","overlay-gradient":""}},"footnotes":""},"product-categories":[63],"product-tag":[95,90,91],"class_list":["post-6987","product","type-product","status-publish","format-standard","has-post-thumbnail","hentry","product-categories-chafing-dish","product-tag-chafing-dish-with-glass-lid","product-tag-fuel-chafing-dish","product-tag-round-chafing-dish"],"acf":{"title":"Custom Chafing Dishes Ronda de acero inoxidable Buffet Set Plata Oro al por mayor","title_source":{"label":"Title","type":"text","formatted_value":"Custom Chafing Dishes Round Stainless Steel Buffet Set Silver Gold Wholesale"},"short_description":"Dongzhaowei custom chafing dishes round, made of high-quality stainless steel, equipped with glass lids, available in silver and gold. Buffet equipment supplier direct supply, wholesale and customization supported. Inquire for a quote!","short_description_source":{"label":"Short description","type":"textarea","formatted_value":"Dongzhaowei custom chafing dishes round, made of high-quality stainless steel, equipped with glass lids, available in silver and gold. Buffet equipment supplier direct supply, wholesale and customization supported. Inquire for a quote!"},"parameters":"<table border=\"0\" width=\"275\" cellspacing=\"0\" cellpadding=\"0\">\r\n<tbody>\r\n<tr>\r\n<td width=\"108\" height=\"17\">Manufacturer<\/td>\r\n<td width=\"167\">DONGZHAOWEI<\/td>\r\n<\/tr>\r\n<tr>\r\n<td height=\"17\">Material<\/td>\r\n<td>Stainless Steel 201<\/td>\r\n<\/tr>\r\n<tr>\r\n<td height=\"17\">Capacity<\/td>\r\n<td>6L<\/td>\r\n<\/tr>\r\n<tr>\r\n<td height=\"17\">Color<\/td>\r\n<td>Silver<\/td>\r\n<\/tr>\r\n<tr>\r\n<td height=\"17\">Design<\/td>\r\n<td>Simple Design with Glass Lid<\/td>\r\n<\/tr>\r\n<tr>\r\n<td height=\"17\">Tray<\/td>\r\n<td>No divided \/ Divided tray<\/td>\r\n<\/tr>\r\n<tr>\r\n<td height=\"17\">Lid type<\/td>\r\n<td>Glass Lid<\/td>\r\n<\/tr>\r\n<tr>\r\n<td height=\"17\">Heat<\/td>\r\n<td>Fuel<\/td>\r\n<\/tr>\r\n<tr>\r\n<td height=\"17\">Custom<\/td>\r\n<td>Color\/Logo\/Package<\/td>\r\n<\/tr>\r\n<\/tbody>\r\n<\/table>","parameters_source":{"label":"Parameters","type":"wysiwyg","formatted_value":"<table border=\"0\" width=\"275\" cellspacing=\"0\" cellpadding=\"0\">\n<tbody>\n<tr>\n<td width=\"108\" height=\"17\">Manufacturer<\/td>\n<td width=\"167\">DONGZHAOWEI<\/td>\n<\/tr>\n<tr>\n<td height=\"17\">Material<\/td>\n<td>Stainless Steel 201<\/td>\n<\/tr>\n<tr>\n<td height=\"17\">Capacity<\/td>\n<td>6L<\/td>\n<\/tr>\n<tr>\n<td height=\"17\">Color<\/td>\n<td>Silver<\/td>\n<\/tr>\n<tr>\n<td height=\"17\">Design<\/td>\n<td>Simple Design with Glass Lid<\/td>\n<\/tr>\n<tr>\n<td height=\"17\">Tray<\/td>\n<td>No divided \/ Divided tray<\/td>\n<\/tr>\n<tr>\n<td height=\"17\">Lid type<\/td>\n<td>Glass Lid<\/td>\n<\/tr>\n<tr>\n<td height=\"17\">Heat<\/td>\n<td>Fuel<\/td>\n<\/tr>\n<tr>\n<td height=\"17\">Custom<\/td>\n<td>Color\/Logo\/Package<\/td>\n<\/tr>\n<\/tbody>\n<\/table>\n"},"photo_gallery":{"product_gallery":[[{"id":6991,"title":"custom chafing dish round (3)","caption":"","full_image_url":"https:\/\/www.dzwchafingdish.com\/wp-content\/uploads\/2026\/01\/custom-chafing-dish-round-3.webp","thumbnail_image_url":"https:\/\/www.dzwchafingdish.com\/wp-content\/uploads\/2026\/01\/custom-chafing-dish-round-3-150x150.webp","large_srcset":"https:\/\/www.dzwchafingdish.com\/wp-content\/uploads\/2026\/01\/custom-chafing-dish-round-3.webp 3024w, https:\/\/www.dzwchafingdish.com\/wp-content\/uploads\/2026\/01\/custom-chafing-dish-round-3-300x300.webp 300w, https:\/\/www.dzwchafingdish.com\/wp-content\/uploads\/2026\/01\/custom-chafing-dish-round-3-150x150.webp 150w, https:\/\/www.dzwchafingdish.com\/wp-content\/uploads\/2026\/01\/custom-chafing-dish-round-3-768x768.webp 768w, https:\/\/www.dzwchafingdish.com\/wp-content\/uploads\/2026\/01\/custom-chafing-dish-round-3-12x12.webp 12w","medium_srcset":"https:\/\/www.dzwchafingdish.com\/wp-content\/uploads\/2026\/01\/custom-chafing-dish-round-3-300x300.webp 300w, https:\/\/www.dzwchafingdish.com\/wp-content\/uploads\/2026\/01\/custom-chafing-dish-round-3-150x150.webp 150w, https:\/\/www.dzwchafingdish.com\/wp-content\/uploads\/2026\/01\/custom-chafing-dish-round-3-768x768.webp 768w, https:\/\/www.dzwchafingdish.com\/wp-content\/uploads\/2026\/01\/custom-chafing-dish-round-3-12x12.webp 12w","media_details":{"width":3024,"height":3024,"sizes":{"medium":{"file":"custom-chafing-dish-round-3-300x300.webp","width":300,"height":300,"mime-type":"image\/webp","filesize":12302,"source_url":"https:\/\/www.dzwchafingdish.com\/wp-content\/uploads\/2026\/01\/custom-chafing-dish-round-3-300x300.webp"},"thumbnail":{"file":"custom-chafing-dish-round-3-150x150.webp","width":150,"height":150,"mime-type":"image\/webp","filesize":4358,"source_url":"https:\/\/www.dzwchafingdish.com\/wp-content\/uploads\/2026\/01\/custom-chafing-dish-round-3-150x150.webp"},"medium_large":{"file":"custom-chafing-dish-round-3-768x768.webp","width":768,"height":768,"mime-type":"image\/webp","filesize":56814,"source_url":"https:\/\/www.dzwchafingdish.com\/wp-content\/uploads\/2026\/01\/custom-chafing-dish-round-3-768x768.webp"},"trp-custom-language-flag":{"file":"custom-chafing-dish-round-3-12x12.webp","width":12,"height":12,"mime-type":"image\/webp","filesize":128,"source_url":"https:\/\/www.dzwchafingdish.com\/wp-content\/uploads\/2026\/01\/custom-chafing-dish-round-3-12x12.webp"},"htliser_size_396x360":{"file":"custom-chafing-dish-round-3-396x360.webp","width":396,"height":360,"mime-type":"image\/webp","filesize":18184,"source_url":"https:\/\/www.dzwchafingdish.com\/wp-content\/uploads\/2026\/01\/custom-chafing-dish-round-3-396x360.webp"},"htslider_size_1170x536":{"file":"custom-chafing-dish-round-3-1170x536.webp","width":1170,"height":536,"mime-type":"image\/webp","filesize":57866,"source_url":"https:\/\/www.dzwchafingdish.com\/wp-content\/uploads\/2026\/01\/custom-chafing-dish-round-3-1170x536.webp"}}},"alt_text":"custom chafing dish round (3)","url":"","target":""},{"id":6992,"title":"custom chafing dish round (4)","caption":"","full_image_url":"https:\/\/www.dzwchafingdish.com\/wp-content\/uploads\/2026\/01\/custom-chafing-dish-round-4.webp","thumbnail_image_url":"https:\/\/www.dzwchafingdish.com\/wp-content\/uploads\/2026\/01\/custom-chafing-dish-round-4-150x150.webp","large_srcset":"https:\/\/www.dzwchafingdish.com\/wp-content\/uploads\/2026\/01\/custom-chafing-dish-round-4.webp 3024w, https:\/\/www.dzwchafingdish.com\/wp-content\/uploads\/2026\/01\/custom-chafing-dish-round-4-300x300.webp 300w, https:\/\/www.dzwchafingdish.com\/wp-content\/uploads\/2026\/01\/custom-chafing-dish-round-4-150x150.webp 150w, https:\/\/www.dzwchafingdish.com\/wp-content\/uploads\/2026\/01\/custom-chafing-dish-round-4-768x768.webp 768w, https:\/\/www.dzwchafingdish.com\/wp-content\/uploads\/2026\/01\/custom-chafing-dish-round-4-12x12.webp 12w","medium_srcset":"https:\/\/www.dzwchafingdish.com\/wp-content\/uploads\/2026\/01\/custom-chafing-dish-round-4-300x300.webp 300w, https:\/\/www.dzwchafingdish.com\/wp-content\/uploads\/2026\/01\/custom-chafing-dish-round-4-150x150.webp 150w, https:\/\/www.dzwchafingdish.com\/wp-content\/uploads\/2026\/01\/custom-chafing-dish-round-4-768x768.webp 768w, https:\/\/www.dzwchafingdish.com\/wp-content\/uploads\/2026\/01\/custom-chafing-dish-round-4-12x12.webp 12w","media_details":{"width":3024,"height":3024,"sizes":{"medium":{"file":"custom-chafing-dish-round-4-300x300.webp","width":300,"height":300,"mime-type":"image\/webp","filesize":13270,"source_url":"https:\/\/www.dzwchafingdish.com\/wp-content\/uploads\/2026\/01\/custom-chafing-dish-round-4-300x300.webp"},"thumbnail":{"file":"custom-chafing-dish-round-4-150x150.webp","width":150,"height":150,"mime-type":"image\/webp","filesize":4608,"source_url":"https:\/\/www.dzwchafingdish.com\/wp-content\/uploads\/2026\/01\/custom-chafing-dish-round-4-150x150.webp"},"medium_large":{"file":"custom-chafing-dish-round-4-768x768.webp","width":768,"height":768,"mime-type":"image\/webp","filesize":59872,"source_url":"https:\/\/www.dzwchafingdish.com\/wp-content\/uploads\/2026\/01\/custom-chafing-dish-round-4-768x768.webp"},"trp-custom-language-flag":{"file":"custom-chafing-dish-round-4-12x12.webp","width":12,"height":12,"mime-type":"image\/webp","filesize":130,"source_url":"https:\/\/www.dzwchafingdish.com\/wp-content\/uploads\/2026\/01\/custom-chafing-dish-round-4-12x12.webp"},"htliser_size_396x360":{"file":"custom-chafing-dish-round-4-396x360.webp","width":396,"height":360,"mime-type":"image\/webp","filesize":19488,"source_url":"https:\/\/www.dzwchafingdish.com\/wp-content\/uploads\/2026\/01\/custom-chafing-dish-round-4-396x360.webp"},"htslider_size_1170x536":{"file":"custom-chafing-dish-round-4-1170x536.webp","width":1170,"height":536,"mime-type":"image\/webp","filesize":69678,"source_url":"https:\/\/www.dzwchafingdish.com\/wp-content\/uploads\/2026\/01\/custom-chafing-dish-round-4-1170x536.webp"}}},"alt_text":"custom chafing dish round (4)","url":"","target":""},{"id":6993,"title":"custom chafing dish round (5)","caption":"","full_image_url":"https:\/\/www.dzwchafingdish.com\/wp-content\/uploads\/2026\/01\/custom-chafing-dish-round-5.webp","thumbnail_image_url":"https:\/\/www.dzwchafingdish.com\/wp-content\/uploads\/2026\/01\/custom-chafing-dish-round-5-150x150.webp","large_srcset":"https:\/\/www.dzwchafingdish.com\/wp-content\/uploads\/2026\/01\/custom-chafing-dish-round-5.webp 2964w, https:\/\/www.dzwchafingdish.com\/wp-content\/uploads\/2026\/01\/custom-chafing-dish-round-5-300x300.webp 300w, https:\/\/www.dzwchafingdish.com\/wp-content\/uploads\/2026\/01\/custom-chafing-dish-round-5-150x150.webp 150w, https:\/\/www.dzwchafingdish.com\/wp-content\/uploads\/2026\/01\/custom-chafing-dish-round-5-768x768.webp 768w, https:\/\/www.dzwchafingdish.com\/wp-content\/uploads\/2026\/01\/custom-chafing-dish-round-5-12x12.webp 12w","medium_srcset":"https:\/\/www.dzwchafingdish.com\/wp-content\/uploads\/2026\/01\/custom-chafing-dish-round-5-300x300.webp 300w, https:\/\/www.dzwchafingdish.com\/wp-content\/uploads\/2026\/01\/custom-chafing-dish-round-5-150x150.webp 150w, https:\/\/www.dzwchafingdish.com\/wp-content\/uploads\/2026\/01\/custom-chafing-dish-round-5-768x768.webp 768w, https:\/\/www.dzwchafingdish.com\/wp-content\/uploads\/2026\/01\/custom-chafing-dish-round-5-12x12.webp 12w","media_details":{"width":2964,"height":2964,"sizes":{"medium":{"file":"custom-chafing-dish-round-5-300x300.webp","width":300,"height":300,"mime-type":"image\/webp","filesize":10458,"source_url":"https:\/\/www.dzwchafingdish.com\/wp-content\/uploads\/2026\/01\/custom-chafing-dish-round-5-300x300.webp"},"thumbnail":{"file":"custom-chafing-dish-round-5-150x150.webp","width":150,"height":150,"mime-type":"image\/webp","filesize":3962,"source_url":"https:\/\/www.dzwchafingdish.com\/wp-content\/uploads\/2026\/01\/custom-chafing-dish-round-5-150x150.webp"},"medium_large":{"file":"custom-chafing-dish-round-5-768x768.webp","width":768,"height":768,"mime-type":"image\/webp","filesize":40778,"source_url":"https:\/\/www.dzwchafingdish.com\/wp-content\/uploads\/2026\/01\/custom-chafing-dish-round-5-768x768.webp"},"trp-custom-language-flag":{"file":"custom-chafing-dish-round-5-12x12.webp","width":12,"height":12,"mime-type":"image\/webp","filesize":128,"source_url":"https:\/\/www.dzwchafingdish.com\/wp-content\/uploads\/2026\/01\/custom-chafing-dish-round-5-12x12.webp"},"htliser_size_396x360":{"file":"custom-chafing-dish-round-5-396x360.webp","width":396,"height":360,"mime-type":"image\/webp","filesize":15436,"source_url":"https:\/\/www.dzwchafingdish.com\/wp-content\/uploads\/2026\/01\/custom-chafing-dish-round-5-396x360.webp"},"htslider_size_1170x536":{"file":"custom-chafing-dish-round-5-1170x536.webp","width":1170,"height":536,"mime-type":"image\/webp","filesize":41684,"source_url":"https:\/\/www.dzwchafingdish.com\/wp-content\/uploads\/2026\/01\/custom-chafing-dish-round-5-1170x536.webp"}}},"alt_text":"custom chafing dish round (5)","url":"","target":""},{"id":6994,"title":"custom chafing dish round (6)","caption":"","full_image_url":"https:\/\/www.dzwchafingdish.com\/wp-content\/uploads\/2026\/01\/custom-chafing-dish-round-6.webp","thumbnail_image_url":"https:\/\/www.dzwchafingdish.com\/wp-content\/uploads\/2026\/01\/custom-chafing-dish-round-6-150x150.webp","large_srcset":"https:\/\/www.dzwchafingdish.com\/wp-content\/uploads\/2026\/01\/custom-chafing-dish-round-6.webp 3024w, https:\/\/www.dzwchafingdish.com\/wp-content\/uploads\/2026\/01\/custom-chafing-dish-round-6-300x300.webp 300w, https:\/\/www.dzwchafingdish.com\/wp-content\/uploads\/2026\/01\/custom-chafing-dish-round-6-150x150.webp 150w, https:\/\/www.dzwchafingdish.com\/wp-content\/uploads\/2026\/01\/custom-chafing-dish-round-6-768x768.webp 768w, https:\/\/www.dzwchafingdish.com\/wp-content\/uploads\/2026\/01\/custom-chafing-dish-round-6-12x12.webp 12w","medium_srcset":"https:\/\/www.dzwchafingdish.com\/wp-content\/uploads\/2026\/01\/custom-chafing-dish-round-6-300x300.webp 300w, https:\/\/www.dzwchafingdish.com\/wp-content\/uploads\/2026\/01\/custom-chafing-dish-round-6-150x150.webp 150w, https:\/\/www.dzwchafingdish.com\/wp-content\/uploads\/2026\/01\/custom-chafing-dish-round-6-768x768.webp 768w, https:\/\/www.dzwchafingdish.com\/wp-content\/uploads\/2026\/01\/custom-chafing-dish-round-6-12x12.webp 12w","media_details":{"width":3024,"height":3024,"sizes":{"medium":{"file":"custom-chafing-dish-round-6-300x300.webp","width":300,"height":300,"mime-type":"image\/webp","filesize":11968,"source_url":"https:\/\/www.dzwchafingdish.com\/wp-content\/uploads\/2026\/01\/custom-chafing-dish-round-6-300x300.webp"},"thumbnail":{"file":"custom-chafing-dish-round-6-150x150.webp","width":150,"height":150,"mime-type":"image\/webp","filesize":4368,"source_url":"https:\/\/www.dzwchafingdish.com\/wp-content\/uploads\/2026\/01\/custom-chafing-dish-round-6-150x150.webp"},"medium_large":{"file":"custom-chafing-dish-round-6-768x768.webp","width":768,"height":768,"mime-type":"image\/webp","filesize":51432,"source_url":"https:\/\/www.dzwchafingdish.com\/wp-content\/uploads\/2026\/01\/custom-chafing-dish-round-6-768x768.webp"},"trp-custom-language-flag":{"file":"custom-chafing-dish-round-6-12x12.webp","width":12,"height":12,"mime-type":"image\/webp","filesize":126,"source_url":"https:\/\/www.dzwchafingdish.com\/wp-content\/uploads\/2026\/01\/custom-chafing-dish-round-6-12x12.webp"},"htliser_size_396x360":{"file":"custom-chafing-dish-round-6-396x360.webp","width":396,"height":360,"mime-type":"image\/webp","filesize":18164,"source_url":"https:\/\/www.dzwchafingdish.com\/wp-content\/uploads\/2026\/01\/custom-chafing-dish-round-6-396x360.webp"},"htslider_size_1170x536":{"file":"custom-chafing-dish-round-6-1170x536.webp","width":1170,"height":536,"mime-type":"image\/webp","filesize":58868,"source_url":"https:\/\/www.dzwchafingdish.com\/wp-content\/uploads\/2026\/01\/custom-chafing-dish-round-6-1170x536.webp"}}},"alt_text":"custom chafing dish round (6)","url":"","target":""}]]}},"_links":{"self":[{"href":"https:\/\/www.dzwchafingdish.com\/es\/wp-json\/wp\/v2\/product\/6987","targetHints":{"allow":["GET"]}}],"collection":[{"href":"https:\/\/www.dzwchafingdish.com\/es\/wp-json\/wp\/v2\/product"}],"about":[{"href":"https:\/\/www.dzwchafingdish.com\/es\/wp-json\/wp\/v2\/types\/product"}],"author":[{"embeddable":true,"href":"https:\/\/www.dzwchafingdish.com\/es\/wp-json\/wp\/v2\/users\/3"}],"version-history":[{"count":0,"href":"https:\/\/www.dzwchafingdish.com\/es\/wp-json\/wp\/v2\/product\/6987\/revisions"}],"wp:featuredmedia":[{"embeddable":true,"href":"https:\/\/www.dzwchafingdish.com\/es\/wp-json\/wp\/v2\/media\/6990"}],"wp:attachment":[{"href":"https:\/\/www.dzwchafingdish.com\/es\/wp-json\/wp\/v2\/media?parent=6987"}],"wp:term":[{"taxonomy":"product-categories","embeddable":true,"href":"https:\/\/www.dzwchafingdish.com\/es\/wp-json\/wp\/v2\/product-categories?post=6987"},{"taxonomy":"product-tag","embeddable":true,"href":"https:\/\/www.dzwchafingdish.com\/es\/wp-json\/wp\/v2\/product-tag?post=6987"}],"curies":[{"name":"wp","href":"https:\/\/api.w.org\/{rel}","templated":true}]}}