{"id":1713,"date":"2024-01-13T13:07:59","date_gmt":"2024-01-13T13:07:59","guid":{"rendered":"https:\/\/www.dzwchafingdish.com\/?post_type=product&#038;p=1713"},"modified":"2024-06-12T08:09:45","modified_gmt":"2024-06-12T08:09:45","slug":"drink-dispenser-with-ice-core-and-stand-wholesale","status":"publish","type":"product","link":"https:\/\/www.dzwchafingdish.com\/fr\/product\/drink-dispenser-with-ice-core-and-stand-wholesale\/","title":{"rendered":"Distributeur de boissons en gros avec support 8-16L"},"content":{"rendered":"<p><\/p>\n\n\n\n<p style=\"font-size:18px\">Le distributeur de boissons avec support et noyau de glace peut \u00eatre isol\u00e9 \u00e0 long terme. Equip\u00e9 d'un robinet et d'une base, il est facile d'utiliser les boissons. Seau en PC clair et base solide, combinaison \u00e9l\u00e9gante et pratique. Il existe des mod\u00e8les \u00e0 t\u00eate simple ou double, et de grandes quantit\u00e9s peuvent \u00eatre command\u00e9es sur stock.<\/p>\n\n\n\n<div class=\"wp-block-columns is-layout-flex wp-container-core-columns-is-layout-28f84493 wp-block-columns-is-layout-flex\">\n<div class=\"wp-block-column is-layout-flow wp-block-column-is-layout-flow\">\n<h2 class=\"wp-block-heading\" style=\"font-size:18px\"><strong>Distributeur de boissons avec support Dimension<\/strong><\/h2>\n\n\n\n<figure class=\"wp-block-table\"><table><tbody><tr><td>ITEM NO.<\/td><td>Quantit\u00e9<\/td><td>TAILLE<\/td><td>LONGUEUR<\/td><td>LARGE<\/td><td>HAUTEUR<\/td><td>N.W \/SET<\/td><\/tr><tr><td>DZW-JG080<\/td><td>t\u00eate unique<\/td><td>8L<\/td><td>35cm<\/td><td>23cm<\/td><td>52cm<\/td><td>2600g<\/td><\/tr><tr><td>DZW-JG080<\/td><td>double t\u00eate<\/td><td>16L<\/td><td>35cm<\/td><td>47cm<\/td><td>52cm<\/td><td>5200g<\/td><\/tr><\/tbody><\/table><\/figure>\n\n\n\n<p style=\"font-size:18px\"><strong>Options personnalis\u00e9es - T\u00eates simples et doubles :<\/strong><br>Distributeur de boissons personnalis\u00e9 en fonction de vos besoins sp\u00e9cifiques, avec un choix de distributeur de boissons \u00e0 une ou deux t\u00eates, offrant une flexibilit\u00e9 pour une vari\u00e9t\u00e9 de boissons.<\/p>\n<\/div>\n\n\n\n<div class=\"wp-block-column is-layout-flow wp-block-column-is-layout-flow\" style=\"flex-basis:40%\">\n<figure class=\"wp-block-image size-full\"><img fetchpriority=\"high\" decoding=\"async\" width=\"791\" height=\"710\" src=\"https:\/\/www.dzwchafingdish.com\/wp-content\/uploads\/2024\/01\/custom-drink-dispenser.webp\" alt=\"distributeur de boissons personnalis\u00e9\" class=\"wp-image-1716\" srcset=\"https:\/\/www.dzwchafingdish.com\/wp-content\/uploads\/2024\/01\/custom-drink-dispenser.webp 791w, https:\/\/www.dzwchafingdish.com\/wp-content\/uploads\/2024\/01\/custom-drink-dispenser-300x269.webp 300w, https:\/\/www.dzwchafingdish.com\/wp-content\/uploads\/2024\/01\/custom-drink-dispenser-768x689.webp 768w\" sizes=\"(max-width: 791px) 100vw, 791px\" \/><\/figure>\n<\/div>\n<\/div>\n\n\n\n<div class=\"wp-block-columns is-layout-flex wp-container-core-columns-is-layout-28f84493 wp-block-columns-is-layout-flex\">\n<div class=\"wp-block-column is-layout-flow wp-block-column-is-layout-flow\" style=\"flex-basis:40%\">\n<figure class=\"wp-block-image size-full\"><img decoding=\"async\" width=\"800\" height=\"829\" src=\"https:\/\/www.dzwchafingdish.com\/wp-content\/uploads\/2024\/01\/drink-dispenser-part.webp\" alt=\"partie distributeur de boissons\" class=\"wp-image-1719\" srcset=\"https:\/\/www.dzwchafingdish.com\/wp-content\/uploads\/2024\/01\/drink-dispenser-part.webp 800w, https:\/\/www.dzwchafingdish.com\/wp-content\/uploads\/2024\/01\/drink-dispenser-part-290x300.webp 290w, https:\/\/www.dzwchafingdish.com\/wp-content\/uploads\/2024\/01\/drink-dispenser-part-768x796.webp 768w\" sizes=\"(max-width: 800px) 100vw, 800px\" \/><\/figure>\n<\/div>\n\n\n\n<div class=\"wp-block-column is-vertically-aligned-center is-layout-flow wp-block-column-is-layout-flow\">\n<h2 class=\"wp-block-heading\" style=\"font-size:18px\"><strong>Distributeur de boissons de qualit\u00e9 sup\u00e9rieure :<\/strong><\/h2>\n\n\n\n<ul class=\"wp-block-list\" style=\"font-size:18px\">\n<li>Couvercle en acier inoxydable - R\u00e9sistant \u00e0 la poussi\u00e8re et durable <\/li>\n\n\n\n<li>Anneau de fixation - Solide et amovible, facile \u00e0 nettoyer<\/li>\n\n\n\n<li>Colonne de r\u00e9gulation de la temp\u00e9rature - Garde la boisson froide ou chaude. <\/li>\n\n\n\n<li>Seau \u00e0 boissons en PC - R\u00e9sistance \u00e0 la chaleur et au froid, facile \u00e0 pr\u00e9lever<\/li>\n\n\n\n<li>Robinet d'eau - Acc\u00e8s rapide aux boissons<\/li>\n\n\n\n<li>Une base solide - assure la stabilit\u00e9<\/li>\n\n\n\n<li>Sous-verre \u00e9tanche - \u00c9vite de salir le bureau\uff0cfacile \u00e0 nettoyer<\/li>\n<\/ul>\n<\/div>\n<\/div>\n\n\n\n<div class=\"wp-block-columns is-layout-flex wp-container-core-columns-is-layout-28f84493 wp-block-columns-is-layout-flex\">\n<div class=\"wp-block-column is-layout-flow wp-block-column-is-layout-flow\">\n<p style=\"font-size:18px\"><strong>L'isolation du froid et de la chaleur :<\/strong><\/p>\n\n\n\n<p style=\"font-size:18px\"> Versez de l'eau chaude ou des gla\u00e7ons pour obtenir la temp\u00e9rature de service id\u00e9ale, gr\u00e2ce \u00e0 notre tige de r\u00e9glage de la temp\u00e9rature int\u00e9gr\u00e9e. Des boissons glac\u00e9es rafra\u00eechissantes aux boissons chaudes apaisantes, ce distributeur r\u00e9pond aux diverses pr\u00e9f\u00e9rences en mati\u00e8re de boissons.<\/p>\n<\/div>\n\n\n\n<div class=\"wp-block-column is-layout-flow wp-block-column-is-layout-flow\" style=\"flex-basis:50%\">\n<figure class=\"wp-block-gallery has-nested-images columns-default is-cropped wp-block-gallery-1 is-layout-flex wp-block-gallery-is-layout-flex\">\n<figure class=\"wp-block-image size-large\"><img decoding=\"async\" width=\"476\" height=\"384\" data-id=\"1729\" src=\"https:\/\/www.dzwchafingdish.com\/wp-content\/uploads\/2024\/01\/The-Key-Features-of-Drink-Dispenser-1.webp\" alt=\"Les principales caract\u00e9ristiques du distributeur de boissons-1\" class=\"wp-image-1729\" srcset=\"https:\/\/www.dzwchafingdish.com\/wp-content\/uploads\/2024\/01\/The-Key-Features-of-Drink-Dispenser-1.webp 476w, https:\/\/www.dzwchafingdish.com\/wp-content\/uploads\/2024\/01\/The-Key-Features-of-Drink-Dispenser-1-300x242.webp 300w\" sizes=\"(max-width: 476px) 100vw, 476px\" \/><\/figure>\n\n\n\n<figure class=\"wp-block-image size-large\"><img loading=\"lazy\" decoding=\"async\" width=\"474\" height=\"378\" data-id=\"1730\" src=\"https:\/\/www.dzwchafingdish.com\/wp-content\/uploads\/2024\/01\/The-Key-Features-of-Drink-Dispenser-2.webp\" alt=\"Les principales caract\u00e9ristiques du distributeur de boissons-2\" class=\"wp-image-1730\" srcset=\"https:\/\/www.dzwchafingdish.com\/wp-content\/uploads\/2024\/01\/The-Key-Features-of-Drink-Dispenser-2.webp 474w, https:\/\/www.dzwchafingdish.com\/wp-content\/uploads\/2024\/01\/The-Key-Features-of-Drink-Dispenser-2-300x239.webp 300w\" sizes=\"(max-width: 474px) 100vw, 474px\" \/><\/figure>\n<\/figure>\n<\/div>\n<\/div>\n\n\n\n<div class=\"wp-block-columns is-layout-flex wp-container-core-columns-is-layout-28f84493 wp-block-columns-is-layout-flex\">\n<div class=\"wp-block-column is-layout-flow wp-block-column-is-layout-flow\" style=\"flex-basis:30%\">\n<figure class=\"wp-block-image size-full\"><img loading=\"lazy\" decoding=\"async\" width=\"774\" height=\"725\" src=\"https:\/\/www.dzwchafingdish.com\/wp-content\/uploads\/2024\/01\/beverage-tub-stands-wholesale.webp\" alt=\"Supports pour bacs \u00e0 boissons en gros\" class=\"wp-image-1714\" srcset=\"https:\/\/www.dzwchafingdish.com\/wp-content\/uploads\/2024\/01\/beverage-tub-stands-wholesale.webp 774w, https:\/\/www.dzwchafingdish.com\/wp-content\/uploads\/2024\/01\/beverage-tub-stands-wholesale-300x281.webp 300w, https:\/\/www.dzwchafingdish.com\/wp-content\/uploads\/2024\/01\/beverage-tub-stands-wholesale-768x719.webp 768w\" sizes=\"(max-width: 774px) 100vw, 774px\" \/><\/figure>\n<\/div>\n\n\n\n<div class=\"wp-block-column is-vertically-aligned-center is-layout-flow wp-block-column-is-layout-flow\">\n<p style=\"font-size:18px\">Que vous serviez des jus de fruits froids, des th\u00e9s glac\u00e9s ou des caf\u00e9s chauds, notre distributeur de boissons avec noyau isol\u00e9 est la solution id\u00e9ale pour am\u00e9liorer votre service de boissons.<\/p>\n<\/div>\n<\/div>","protected":false},"excerpt":{"rendered":"<p>Le distributeur de boissons avec support et noyau de glace peut \u00eatre isol\u00e9 \u00e0 long terme. Equip\u00e9 d'un robinet et d'une base, il est facile d'utiliser les boissons. Seau en PC clair et base solide, combinaison \u00e9l\u00e9gante et pratique. Il existe des mod\u00e8les \u00e0 t\u00eate simple ou double, et de grandes quantit\u00e9s peuvent \u00eatre command\u00e9es sur stock. Distributeur de boissons avec support Dimension ITEM [...]<\/p>","protected":false},"author":1,"featured_media":2081,"parent":0,"menu_order":0,"template":"","format":"standard","meta":{"_acf_changed":false,"site-sidebar-layout":"default","site-content-layout":"","ast-site-content-layout":"default","site-content-style":"default","site-sidebar-style":"default","ast-global-header-display":"","ast-banner-title-visibility":"","ast-main-header-display":"","ast-hfb-above-header-display":"","ast-hfb-below-header-display":"","ast-hfb-mobile-header-display":"","site-post-title":"","ast-breadcrumbs-content":"","ast-featured-img":"","footer-sml-layout":"","theme-transparent-header-meta":"","adv-header-id-meta":"","stick-header-meta":"","header-above-stick-meta":"","header-main-stick-meta":"","header-below-stick-meta":"","astra-migrate-meta-layouts":"default","ast-page-background-enabled":"default","ast-page-background-meta":{"desktop":{"background-color":"var(--ast-global-color-4)","background-image":"","background-repeat":"repeat","background-position":"center center","background-size":"auto","background-attachment":"scroll","background-type":"","background-media":"","overlay-type":"","overlay-color":"","overlay-opacity":"","overlay-gradient":""},"tablet":{"background-color":"","background-image":"","background-repeat":"repeat","background-position":"center center","background-size":"auto","background-attachment":"scroll","background-type":"","background-media":"","overlay-type":"","overlay-color":"","overlay-opacity":"","overlay-gradient":""},"mobile":{"background-color":"","background-image":"","background-repeat":"repeat","background-position":"center center","background-size":"auto","background-attachment":"scroll","background-type":"","background-media":"","overlay-type":"","overlay-color":"","overlay-opacity":"","overlay-gradient":""}},"ast-content-background-meta":{"desktop":{"background-color":"var(--ast-global-color-5)","background-image":"","background-repeat":"repeat","background-position":"center center","background-size":"auto","background-attachment":"scroll","background-type":"","background-media":"","overlay-type":"","overlay-color":"","overlay-opacity":"","overlay-gradient":""},"tablet":{"background-color":"var(--ast-global-color-5)","background-image":"","background-repeat":"repeat","background-position":"center center","background-size":"auto","background-attachment":"scroll","background-type":"","background-media":"","overlay-type":"","overlay-color":"","overlay-opacity":"","overlay-gradient":""},"mobile":{"background-color":"var(--ast-global-color-5)","background-image":"","background-repeat":"repeat","background-position":"center center","background-size":"auto","background-attachment":"scroll","background-type":"","background-media":"","overlay-type":"","overlay-color":"","overlay-opacity":"","overlay-gradient":""}},"footnotes":""},"product-categories":[64],"product-tag":[],"class_list":["post-1713","product","type-product","status-publish","format-standard","has-post-thumbnail","hentry","product-categories-drink-dispenser"],"acf":{"title":"Distributeur de boissons en gros avec support 8-16L","title_source":{"label":"Title","type":"text","formatted_value":"Wholesale Drink Dispenser with Stand 8-16L"},"short_description":"Drink Dispenser with Stand and insulated core for making perfect cold or hot beverages. This versatile dispenser is designed to meet the demands of any setting, whether it's a lively party, corporate event, or a bustling office space.","short_description_source":{"label":"Short description","type":"textarea","formatted_value":"Drink Dispenser with Stand and insulated core for making perfect cold or hot beverages. This versatile dispenser is designed to meet the demands of any setting, whether it's a lively party, corporate event, or a bustling office space."},"parameters":"<table width=\"424\">\r\n<tbody>\r\n<tr>\r\n<td width=\"167\">Manufacturer<\/td>\r\n<td width=\"257\">DONGZHAOWEI<\/td>\r\n<\/tr>\r\n<tr>\r\n<td>Material<\/td>\r\n<td>Stainless Steel 201 and Plastic<\/td>\r\n<\/tr>\r\n<tr>\r\n<td>Capacity<\/td>\r\n<td>8L;16L;24L<\/td>\r\n<\/tr>\r\n<tr>\r\n<td>Color<\/td>\r\n<td>Golden \/ Silver<\/td>\r\n<\/tr>\r\n<tr>\r\n<td>Design<\/td>\r\n<td>With stand, ice core and spigot<\/td>\r\n<\/tr>\r\n<tr>\r\n<td>Shape<\/td>\r\n<td>Barrel shape<\/td>\r\n<\/tr>\r\n<tr>\r\n<td>Custom<\/td>\r\n<td>Color\/Logo\/Package<\/td>\r\n<\/tr>\r\n<tr>\r\n<td>MOQ<\/td>\r\n<td>20 sets<\/td>\r\n<\/tr>\r\n<\/tbody>\r\n<\/table>","parameters_source":{"label":"Parameters","type":"wysiwyg","formatted_value":"<table width=\"424\">\n<tbody>\n<tr>\n<td width=\"167\">Manufacturer<\/td>\n<td width=\"257\">DONGZHAOWEI<\/td>\n<\/tr>\n<tr>\n<td>Material<\/td>\n<td>Stainless Steel 201 and Plastic<\/td>\n<\/tr>\n<tr>\n<td>Capacity<\/td>\n<td>8L;16L;24L<\/td>\n<\/tr>\n<tr>\n<td>Color<\/td>\n<td>Golden \/ Silver<\/td>\n<\/tr>\n<tr>\n<td>Design<\/td>\n<td>With stand, ice core and spigot<\/td>\n<\/tr>\n<tr>\n<td>Shape<\/td>\n<td>Barrel shape<\/td>\n<\/tr>\n<tr>\n<td>Custom<\/td>\n<td>Color\/Logo\/Package<\/td>\n<\/tr>\n<tr>\n<td>MOQ<\/td>\n<td>20 sets<\/td>\n<\/tr>\n<\/tbody>\n<\/table>\n"},"photo_gallery":{"product_gallery":[[{"id":2081,"title":"1705573378-drink dispenser wholesale","caption":"drink dispenser wholesale","full_image_url":"https:\/\/www.dzwchafingdish.com\/wp-content\/uploads\/2024\/01\/1705573378-drink-dispenser-wholesale.webp","thumbnail_image_url":"https:\/\/www.dzwchafingdish.com\/wp-content\/uploads\/2024\/01\/1705573378-drink-dispenser-wholesale-150x150.webp","large_srcset":"https:\/\/www.dzwchafingdish.com\/wp-content\/uploads\/2024\/01\/1705573378-drink-dispenser-wholesale.webp 800w, https:\/\/www.dzwchafingdish.com\/wp-content\/uploads\/2024\/01\/1705573378-drink-dispenser-wholesale-300x300.webp 300w, https:\/\/www.dzwchafingdish.com\/wp-content\/uploads\/2024\/01\/1705573378-drink-dispenser-wholesale-150x150.webp 150w, https:\/\/www.dzwchafingdish.com\/wp-content\/uploads\/2024\/01\/1705573378-drink-dispenser-wholesale-768x768.webp 768w","medium_srcset":"https:\/\/www.dzwchafingdish.com\/wp-content\/uploads\/2024\/01\/1705573378-drink-dispenser-wholesale-300x300.webp 300w, https:\/\/www.dzwchafingdish.com\/wp-content\/uploads\/2024\/01\/1705573378-drink-dispenser-wholesale-150x150.webp 150w, https:\/\/www.dzwchafingdish.com\/wp-content\/uploads\/2024\/01\/1705573378-drink-dispenser-wholesale-768x768.webp 768w, https:\/\/www.dzwchafingdish.com\/wp-content\/uploads\/2024\/01\/1705573378-drink-dispenser-wholesale.webp 800w","media_details":{"width":800,"height":800,"sizes":{"medium":{"file":"1705573378-drink-dispenser-wholesale-300x300.webp","width":300,"height":300,"mime-type":"image\/webp","filesize":8068,"source_url":"https:\/\/www.dzwchafingdish.com\/wp-content\/uploads\/2024\/01\/1705573378-drink-dispenser-wholesale-300x300.webp"},"thumbnail":{"file":"1705573378-drink-dispenser-wholesale-150x150.webp","width":150,"height":150,"mime-type":"image\/webp","filesize":2998,"source_url":"https:\/\/www.dzwchafingdish.com\/wp-content\/uploads\/2024\/01\/1705573378-drink-dispenser-wholesale-150x150.webp"},"medium_large":{"file":"1705573378-drink-dispenser-wholesale-768x768.webp","width":768,"height":768,"mime-type":"image\/webp","filesize":27176,"source_url":"https:\/\/www.dzwchafingdish.com\/wp-content\/uploads\/2024\/01\/1705573378-drink-dispenser-wholesale-768x768.webp"}}},"alt_text":"drink dispenser wholesale","url":"","target":""},{"id":2082,"title":"1705573379-sliver drink dispenser wholesale","caption":"","full_image_url":"https:\/\/www.dzwchafingdish.com\/wp-content\/uploads\/2024\/01\/1705573379-sliver-drink-dispenser-wholesale.webp","thumbnail_image_url":"https:\/\/www.dzwchafingdish.com\/wp-content\/uploads\/2024\/01\/1705573379-sliver-drink-dispenser-wholesale-150x150.webp","large_srcset":"https:\/\/www.dzwchafingdish.com\/wp-content\/uploads\/2024\/01\/1705573379-sliver-drink-dispenser-wholesale.webp 800w, https:\/\/www.dzwchafingdish.com\/wp-content\/uploads\/2024\/01\/1705573379-sliver-drink-dispenser-wholesale-300x300.webp 300w, https:\/\/www.dzwchafingdish.com\/wp-content\/uploads\/2024\/01\/1705573379-sliver-drink-dispenser-wholesale-150x150.webp 150w, https:\/\/www.dzwchafingdish.com\/wp-content\/uploads\/2024\/01\/1705573379-sliver-drink-dispenser-wholesale-768x768.webp 768w","medium_srcset":"https:\/\/www.dzwchafingdish.com\/wp-content\/uploads\/2024\/01\/1705573379-sliver-drink-dispenser-wholesale-300x300.webp 300w, https:\/\/www.dzwchafingdish.com\/wp-content\/uploads\/2024\/01\/1705573379-sliver-drink-dispenser-wholesale-150x150.webp 150w, https:\/\/www.dzwchafingdish.com\/wp-content\/uploads\/2024\/01\/1705573379-sliver-drink-dispenser-wholesale-768x768.webp 768w, https:\/\/www.dzwchafingdish.com\/wp-content\/uploads\/2024\/01\/1705573379-sliver-drink-dispenser-wholesale.webp 800w","media_details":{"width":800,"height":800,"sizes":{"medium":{"file":"1705573379-sliver-drink-dispenser-wholesale-300x300.webp","width":300,"height":300,"mime-type":"image\/webp","filesize":8134,"source_url":"https:\/\/www.dzwchafingdish.com\/wp-content\/uploads\/2024\/01\/1705573379-sliver-drink-dispenser-wholesale-300x300.webp"},"thumbnail":{"file":"1705573379-sliver-drink-dispenser-wholesale-150x150.webp","width":150,"height":150,"mime-type":"image\/webp","filesize":3106,"source_url":"https:\/\/www.dzwchafingdish.com\/wp-content\/uploads\/2024\/01\/1705573379-sliver-drink-dispenser-wholesale-150x150.webp"},"medium_large":{"file":"1705573379-sliver-drink-dispenser-wholesale-768x768.webp","width":768,"height":768,"mime-type":"image\/webp","filesize":27444,"source_url":"https:\/\/www.dzwchafingdish.com\/wp-content\/uploads\/2024\/01\/1705573379-sliver-drink-dispenser-wholesale-768x768.webp"}}},"alt_text":"","url":"","target":""},{"id":1718,"title":"Double drink dispenser wholesale","caption":"","full_image_url":"https:\/\/www.dzwchafingdish.com\/wp-content\/uploads\/2024\/01\/Double-drink-dispenser-wholesale.webp","thumbnail_image_url":"https:\/\/www.dzwchafingdish.com\/wp-content\/uploads\/2024\/01\/Double-drink-dispenser-wholesale-150x150.webp","large_srcset":"https:\/\/www.dzwchafingdish.com\/wp-content\/uploads\/2024\/01\/Double-drink-dispenser-wholesale.webp 800w, https:\/\/www.dzwchafingdish.com\/wp-content\/uploads\/2024\/01\/Double-drink-dispenser-wholesale-300x300.webp 300w, https:\/\/www.dzwchafingdish.com\/wp-content\/uploads\/2024\/01\/Double-drink-dispenser-wholesale-150x150.webp 150w, https:\/\/www.dzwchafingdish.com\/wp-content\/uploads\/2024\/01\/Double-drink-dispenser-wholesale-768x768.webp 768w","medium_srcset":"https:\/\/www.dzwchafingdish.com\/wp-content\/uploads\/2024\/01\/Double-drink-dispenser-wholesale-300x300.webp 300w, https:\/\/www.dzwchafingdish.com\/wp-content\/uploads\/2024\/01\/Double-drink-dispenser-wholesale-150x150.webp 150w, https:\/\/www.dzwchafingdish.com\/wp-content\/uploads\/2024\/01\/Double-drink-dispenser-wholesale-768x768.webp 768w, https:\/\/www.dzwchafingdish.com\/wp-content\/uploads\/2024\/01\/Double-drink-dispenser-wholesale.webp 800w","media_details":{"width":800,"height":800,"sizes":{"medium":{"file":"Double-drink-dispenser-wholesale-300x300.webp","width":300,"height":300,"mime-type":"image\/webp","filesize":13474,"source_url":"https:\/\/www.dzwchafingdish.com\/wp-content\/uploads\/2024\/01\/Double-drink-dispenser-wholesale-300x300.webp"},"thumbnail":{"file":"Double-drink-dispenser-wholesale-150x150.webp","width":150,"height":150,"mime-type":"image\/webp","filesize":4956,"source_url":"https:\/\/www.dzwchafingdish.com\/wp-content\/uploads\/2024\/01\/Double-drink-dispenser-wholesale-150x150.webp"},"medium_large":{"file":"Double-drink-dispenser-wholesale-768x768.webp","width":768,"height":768,"mime-type":"image\/webp","filesize":48598,"source_url":"https:\/\/www.dzwchafingdish.com\/wp-content\/uploads\/2024\/01\/Double-drink-dispenser-wholesale-768x768.webp"}}},"alt_text":"Double drink dispenser wholesale","url":"","target":""},{"id":2083,"title":"1705573584-drink dispenser 2head wholesale","caption":"double drink dispenser wholesale","full_image_url":"https:\/\/www.dzwchafingdish.com\/wp-content\/uploads\/2024\/01\/1705573584-drink-dispenser-2head-wholesale.webp","thumbnail_image_url":"https:\/\/www.dzwchafingdish.com\/wp-content\/uploads\/2024\/01\/1705573584-drink-dispenser-2head-wholesale-150x150.webp","large_srcset":"https:\/\/www.dzwchafingdish.com\/wp-content\/uploads\/2024\/01\/1705573584-drink-dispenser-2head-wholesale.webp 800w, https:\/\/www.dzwchafingdish.com\/wp-content\/uploads\/2024\/01\/1705573584-drink-dispenser-2head-wholesale-300x300.webp 300w, https:\/\/www.dzwchafingdish.com\/wp-content\/uploads\/2024\/01\/1705573584-drink-dispenser-2head-wholesale-150x150.webp 150w, https:\/\/www.dzwchafingdish.com\/wp-content\/uploads\/2024\/01\/1705573584-drink-dispenser-2head-wholesale-768x768.webp 768w","medium_srcset":"https:\/\/www.dzwchafingdish.com\/wp-content\/uploads\/2024\/01\/1705573584-drink-dispenser-2head-wholesale-300x300.webp 300w, https:\/\/www.dzwchafingdish.com\/wp-content\/uploads\/2024\/01\/1705573584-drink-dispenser-2head-wholesale-150x150.webp 150w, https:\/\/www.dzwchafingdish.com\/wp-content\/uploads\/2024\/01\/1705573584-drink-dispenser-2head-wholesale-768x768.webp 768w, https:\/\/www.dzwchafingdish.com\/wp-content\/uploads\/2024\/01\/1705573584-drink-dispenser-2head-wholesale.webp 800w","media_details":{"width":800,"height":800,"sizes":{"medium":{"file":"1705573584-drink-dispenser-2head-wholesale-300x300.webp","width":300,"height":300,"mime-type":"image\/webp","filesize":11138,"source_url":"https:\/\/www.dzwchafingdish.com\/wp-content\/uploads\/2024\/01\/1705573584-drink-dispenser-2head-wholesale-300x300.webp"},"thumbnail":{"file":"1705573584-drink-dispenser-2head-wholesale-150x150.webp","width":150,"height":150,"mime-type":"image\/webp","filesize":4014,"source_url":"https:\/\/www.dzwchafingdish.com\/wp-content\/uploads\/2024\/01\/1705573584-drink-dispenser-2head-wholesale-150x150.webp"},"medium_large":{"file":"1705573584-drink-dispenser-2head-wholesale-768x768.webp","width":768,"height":768,"mime-type":"image\/webp","filesize":40540,"source_url":"https:\/\/www.dzwchafingdish.com\/wp-content\/uploads\/2024\/01\/1705573584-drink-dispenser-2head-wholesale-768x768.webp"}}},"alt_text":"double drink dispenser wholesale","url":"","target":""}]]}},"_links":{"self":[{"href":"https:\/\/www.dzwchafingdish.com\/fr\/wp-json\/wp\/v2\/product\/1713","targetHints":{"allow":["GET"]}}],"collection":[{"href":"https:\/\/www.dzwchafingdish.com\/fr\/wp-json\/wp\/v2\/product"}],"about":[{"href":"https:\/\/www.dzwchafingdish.com\/fr\/wp-json\/wp\/v2\/types\/product"}],"author":[{"embeddable":true,"href":"https:\/\/www.dzwchafingdish.com\/fr\/wp-json\/wp\/v2\/users\/1"}],"version-history":[{"count":0,"href":"https:\/\/www.dzwchafingdish.com\/fr\/wp-json\/wp\/v2\/product\/1713\/revisions"}],"wp:featuredmedia":[{"embeddable":true,"href":"https:\/\/www.dzwchafingdish.com\/fr\/wp-json\/wp\/v2\/media\/2081"}],"wp:attachment":[{"href":"https:\/\/www.dzwchafingdish.com\/fr\/wp-json\/wp\/v2\/media?parent=1713"}],"wp:term":[{"taxonomy":"product-categories","embeddable":true,"href":"https:\/\/www.dzwchafingdish.com\/fr\/wp-json\/wp\/v2\/product-categories?post=1713"},{"taxonomy":"product-tag","embeddable":true,"href":"https:\/\/www.dzwchafingdish.com\/fr\/wp-json\/wp\/v2\/product-tag?post=1713"}],"curies":[{"name":"wp","href":"https:\/\/api.w.org\/{rel}","templated":true}]}}