{"id":1859,"date":"2024-01-15T06:38:26","date_gmt":"2024-01-15T06:38:26","guid":{"rendered":"https:\/\/www.dzwchafingdish.com\/?post_type=product&#038;p=1859"},"modified":"2024-06-13T03:42:35","modified_gmt":"2024-06-13T03:42:35","slug":"cutlery-set-golden","status":"publish","type":"product","link":"https:\/\/www.dzwchafingdish.com\/fr\/product\/cutlery-set-golden\/","title":{"rendered":"Set de couverts personnalis\u00e9 en acier inoxydable dor\u00e9"},"content":{"rendered":"<p style=\"font-size:18px\">Choisissez des couverts en acier inoxydable en gros et en vrac pour am\u00e9liorer l'exp\u00e9rience culinaire de vos clients. Chaque ensemble est con\u00e7u pour \u00eatre durable, \u00e9l\u00e9gant et fonctionnel, ce qui en fait le choix id\u00e9al pour les occasions d\u00e9contract\u00e9es et formelles.<\/p>\n\n\n\n<div class=\"wp-block-columns is-layout-flex wp-container-core-columns-is-layout-28f84493 wp-block-columns-is-layout-flex\">\n<div class=\"wp-block-column is-vertically-aligned-center is-layout-flow wp-block-column-is-layout-flow\">\n<h2 class=\"wp-block-heading\" style=\"font-size:18px\"><strong>Set de couverts Golden Dimension<\/strong><\/h2>\n\n\n\n<figure class=\"wp-block-table\"><table><tbody><tr><td>ITEM<\/td><td>LARGE<\/td><td>HAUTEUR<\/td><td>Poids<\/td><\/tr><tr><td>Fourchette<\/td><td>2,5 cm<\/td><td>21cm<\/td><td>37.3g<\/td><\/tr><tr><td>Couteau<\/td><td>2cm<\/td><td>23.2cm<\/td><td>76.1g<\/td><\/tr><tr><td>Cuill\u00e8re<\/td><td>4,5 cm<\/td><td>20.5cm<\/td><td>48.4g<\/td><\/tr><tr><td>Cuill\u00e8re(s)<\/td><td>3,2 cm<\/td><td>14cm<\/td><td>22.4g<\/td><\/tr><\/tbody><\/table><\/figure>\n<\/div>\n\n\n\n<div class=\"wp-block-column is-layout-flow wp-block-column-is-layout-flow\">\n<figure class=\"wp-block-image size-full is-resized is-style-default\"><img fetchpriority=\"high\" decoding=\"async\" width=\"750\" height=\"753\" src=\"https:\/\/www.dzwchafingdish.com\/wp-content\/uploads\/2024\/01\/custom-cutlery-sets.webp\" alt=\"sets de couverts personnalis\u00e9s\" class=\"wp-image-1833\" style=\"width:463px;height:auto\" srcset=\"https:\/\/www.dzwchafingdish.com\/wp-content\/uploads\/2024\/01\/custom-cutlery-sets.webp 750w, https:\/\/www.dzwchafingdish.com\/wp-content\/uploads\/2024\/01\/custom-cutlery-sets-300x300.webp 300w, https:\/\/www.dzwchafingdish.com\/wp-content\/uploads\/2024\/01\/custom-cutlery-sets-150x150.webp 150w\" sizes=\"(max-width: 750px) 100vw, 750px\" \/><\/figure>\n<\/div>\n<\/div>\n\n\n\n<div class=\"wp-block-columns are-vertically-aligned-center is-layout-flex wp-container-core-columns-is-layout-28f84493 wp-block-columns-is-layout-flex\">\n<div class=\"wp-block-column is-vertically-aligned-center is-layout-flow wp-block-column-is-layout-flow\">\n<figure class=\"wp-block-image aligncenter size-full is-resized\"><img decoding=\"async\" width=\"800\" height=\"800\" src=\"https:\/\/www.dzwchafingdish.com\/wp-content\/uploads\/2024\/01\/stainless-steel-cutlery-set-wholesale.webp\" alt=\"Set de couverts en acier inoxydable wholesale\" class=\"wp-image-1837\" style=\"width:424px;height:auto\" srcset=\"https:\/\/www.dzwchafingdish.com\/wp-content\/uploads\/2024\/01\/stainless-steel-cutlery-set-wholesale.webp 800w, https:\/\/www.dzwchafingdish.com\/wp-content\/uploads\/2024\/01\/stainless-steel-cutlery-set-wholesale-300x300.webp 300w, https:\/\/www.dzwchafingdish.com\/wp-content\/uploads\/2024\/01\/stainless-steel-cutlery-set-wholesale-150x150.webp 150w, https:\/\/www.dzwchafingdish.com\/wp-content\/uploads\/2024\/01\/stainless-steel-cutlery-set-wholesale-768x768.webp 768w\" sizes=\"(max-width: 800px) 100vw, 800px\" \/><\/figure>\n<\/div>\n\n\n\n<div class=\"wp-block-column is-vertically-aligned-center is-layout-flow wp-block-column-is-layout-flow\">\n<h2 class=\"wp-block-heading\" style=\"font-size:18px\"><strong>Ensemble de couverts de qualit\u00e9 sup\u00e9rieure Caract\u00e9ristiques :<\/strong><\/h2>\n\n\n\n<ul class=\"wp-block-list\" style=\"font-size:18px\">\n<li>Mat\u00e9riau en acier inoxydable de qualit\u00e9 alimentaire, garantissant long\u00e9vit\u00e9 et r\u00e9sistance au ternissement.<\/li>\n\n\n\n<li>Les \u00e9l\u00e9gantes finitions dor\u00e9es ou argent\u00e9es compl\u00e8tent le d\u00e9cor de votre table.<\/li>\n\n\n\n<li>Exp\u00e9rience culinaire polyvalente, comprenant des couteaux, des fourchettes, des cuill\u00e8res et des cuill\u00e8res \u00e0 caf\u00e9, vous assurant d'avoir le bon ustensile pour chaque repas.<\/li>\n<\/ul>\n<\/div>\n<\/div>","protected":false},"excerpt":{"rendered":"<p>Choisissez des couverts en acier inoxydable en gros et en vrac pour am\u00e9liorer l'exp\u00e9rience gastronomique de vos clients. Chaque ensemble est con\u00e7u pour \u00eatre durable, \u00e9l\u00e9gant et fonctionnel, ce qui en fait le choix id\u00e9al pour les occasions formelles et d\u00e9contract\u00e9es. Set de couverts Golden Dimension ITEM LARGE HAUTEUR Poids Fourchette 2.5cm 21cm 37.3g Couteau 2cm 23.2cm 76.1g Cuill\u00e8re 4.5cm 20.5cm [...]<\/p>","protected":false},"author":1,"featured_media":1834,"parent":0,"menu_order":0,"template":"","format":"standard","meta":{"_acf_changed":false,"site-sidebar-layout":"default","site-content-layout":"","ast-site-content-layout":"default","site-content-style":"default","site-sidebar-style":"default","ast-global-header-display":"","ast-banner-title-visibility":"","ast-main-header-display":"","ast-hfb-above-header-display":"","ast-hfb-below-header-display":"","ast-hfb-mobile-header-display":"","site-post-title":"","ast-breadcrumbs-content":"","ast-featured-img":"","footer-sml-layout":"","theme-transparent-header-meta":"","adv-header-id-meta":"","stick-header-meta":"","header-above-stick-meta":"","header-main-stick-meta":"","header-below-stick-meta":"","astra-migrate-meta-layouts":"default","ast-page-background-enabled":"default","ast-page-background-meta":{"desktop":{"background-color":"var(--ast-global-color-4)","background-image":"","background-repeat":"repeat","background-position":"center center","background-size":"auto","background-attachment":"scroll","background-type":"","background-media":"","overlay-type":"","overlay-color":"","overlay-opacity":"","overlay-gradient":""},"tablet":{"background-color":"","background-image":"","background-repeat":"repeat","background-position":"center center","background-size":"auto","background-attachment":"scroll","background-type":"","background-media":"","overlay-type":"","overlay-color":"","overlay-opacity":"","overlay-gradient":""},"mobile":{"background-color":"","background-image":"","background-repeat":"repeat","background-position":"center center","background-size":"auto","background-attachment":"scroll","background-type":"","background-media":"","overlay-type":"","overlay-color":"","overlay-opacity":"","overlay-gradient":""}},"ast-content-background-meta":{"desktop":{"background-color":"var(--ast-global-color-5)","background-image":"","background-repeat":"repeat","background-position":"center center","background-size":"auto","background-attachment":"scroll","background-type":"","background-media":"","overlay-type":"","overlay-color":"","overlay-opacity":"","overlay-gradient":""},"tablet":{"background-color":"var(--ast-global-color-5)","background-image":"","background-repeat":"repeat","background-position":"center center","background-size":"auto","background-attachment":"scroll","background-type":"","background-media":"","overlay-type":"","overlay-color":"","overlay-opacity":"","overlay-gradient":""},"mobile":{"background-color":"var(--ast-global-color-5)","background-image":"","background-repeat":"repeat","background-position":"center center","background-size":"auto","background-attachment":"scroll","background-type":"","background-media":"","overlay-type":"","overlay-color":"","overlay-opacity":"","overlay-gradient":""}},"footnotes":""},"product-categories":[68],"product-tag":[],"class_list":["post-1859","product","type-product","status-publish","format-standard","has-post-thumbnail","hentry","product-categories-cutlery-sets-and-tongs"],"acf":{"title":"Set de couverts personnalis\u00e9 en acier inoxydable dor\u00e9","title_source":{"label":"Title","type":"text","formatted_value":"Custom Cutlery Set Golden Stainless Steel"},"short_description":"Our Cutlery Set Golden and Sliver are made of high quality stainless steel and are available in custom colors. Each durable cutlery set includes knives, forks and spoons that are classic cutlery suitable for any setting.","short_description_source":{"label":"Short description","type":"textarea","formatted_value":"Our Cutlery Set Golden and Sliver are made of high quality stainless steel and are available in custom colors. Each durable cutlery set includes knives, forks and spoons that are classic cutlery suitable for any setting."},"parameters":"<table border=\"0\" width=\"423\" cellspacing=\"0\" cellpadding=\"0\">\r\n<tbody>\r\n<tr>\r\n<td width=\"166\" height=\"23\">Manufacturer<\/td>\r\n<td width=\"257\">DONGZHAOWEI<\/td>\r\n<\/tr>\r\n<tr>\r\n<td height=\"23\">Material<\/td>\r\n<td>Stainless Steel 304<\/td>\r\n<\/tr>\r\n<tr>\r\n<td height=\"23\">Set<\/td>\r\n<td>4 piece-spoon, fork, knife<\/td>\r\n<\/tr>\r\n<tr>\r\n<td height=\"24\">Color<\/td>\r\n<td>Golden\/Sliver<\/td>\r\n<\/tr>\r\n<tr>\r\n<td height=\"24\">Custom<\/td>\r\n<td>Color\/Logo\/Package<\/td>\r\n<\/tr>\r\n<tr>\r\n<td height=\"24\">MOQ<\/td>\r\n<td>200 sets<\/td>\r\n<\/tr>\r\n<\/tbody>\r\n<\/table>","parameters_source":{"label":"Parameters","type":"wysiwyg","formatted_value":"<table border=\"0\" width=\"423\" cellspacing=\"0\" cellpadding=\"0\">\n<tbody>\n<tr>\n<td width=\"166\" height=\"23\">Manufacturer<\/td>\n<td width=\"257\">DONGZHAOWEI<\/td>\n<\/tr>\n<tr>\n<td height=\"23\">Material<\/td>\n<td>Stainless Steel 304<\/td>\n<\/tr>\n<tr>\n<td height=\"23\">Set<\/td>\n<td>4 piece-spoon, fork, knife<\/td>\n<\/tr>\n<tr>\n<td height=\"24\">Color<\/td>\n<td>Golden\/Sliver<\/td>\n<\/tr>\n<tr>\n<td height=\"24\">Custom<\/td>\n<td>Color\/Logo\/Package<\/td>\n<\/tr>\n<tr>\n<td height=\"24\">MOQ<\/td>\n<td>200 sets<\/td>\n<\/tr>\n<\/tbody>\n<\/table>\n"},"photo_gallery":{"product_gallery":[[{"id":1834,"title":"gold cutlery sets bulk","caption":"gold cutlery sets bulk","full_image_url":"https:\/\/www.dzwchafingdish.com\/wp-content\/uploads\/2024\/01\/gold-cutlery-sets-bulk.webp","thumbnail_image_url":"https:\/\/www.dzwchafingdish.com\/wp-content\/uploads\/2024\/01\/gold-cutlery-sets-bulk-150x150.webp","large_srcset":"https:\/\/www.dzwchafingdish.com\/wp-content\/uploads\/2024\/01\/gold-cutlery-sets-bulk.webp 800w, https:\/\/www.dzwchafingdish.com\/wp-content\/uploads\/2024\/01\/gold-cutlery-sets-bulk-300x300.webp 300w, https:\/\/www.dzwchafingdish.com\/wp-content\/uploads\/2024\/01\/gold-cutlery-sets-bulk-150x150.webp 150w, https:\/\/www.dzwchafingdish.com\/wp-content\/uploads\/2024\/01\/gold-cutlery-sets-bulk-768x768.webp 768w","medium_srcset":"https:\/\/www.dzwchafingdish.com\/wp-content\/uploads\/2024\/01\/gold-cutlery-sets-bulk-300x300.webp 300w, https:\/\/www.dzwchafingdish.com\/wp-content\/uploads\/2024\/01\/gold-cutlery-sets-bulk-150x150.webp 150w, https:\/\/www.dzwchafingdish.com\/wp-content\/uploads\/2024\/01\/gold-cutlery-sets-bulk-768x768.webp 768w, https:\/\/www.dzwchafingdish.com\/wp-content\/uploads\/2024\/01\/gold-cutlery-sets-bulk.webp 800w","media_details":{"width":800,"height":800,"sizes":{"medium":{"file":"gold-cutlery-sets-bulk-300x300.webp","width":300,"height":300,"mime-type":"image\/webp","filesize":11026,"source_url":"https:\/\/www.dzwchafingdish.com\/wp-content\/uploads\/2024\/01\/gold-cutlery-sets-bulk-300x300.webp"},"thumbnail":{"file":"gold-cutlery-sets-bulk-150x150.webp","width":150,"height":150,"mime-type":"image\/webp","filesize":4538,"source_url":"https:\/\/www.dzwchafingdish.com\/wp-content\/uploads\/2024\/01\/gold-cutlery-sets-bulk-150x150.webp"},"medium_large":{"file":"gold-cutlery-sets-bulk-768x768.webp","width":768,"height":768,"mime-type":"image\/webp","filesize":36092,"source_url":"https:\/\/www.dzwchafingdish.com\/wp-content\/uploads\/2024\/01\/gold-cutlery-sets-bulk-768x768.webp"}}},"alt_text":"gold cutlery sets bulk","url":"","target":""},{"id":1835,"title":"sliver cutlery sets bulk","caption":"sliver cutlery sets bulk","full_image_url":"https:\/\/www.dzwchafingdish.com\/wp-content\/uploads\/2024\/01\/sliver-cutlery-sets-bulk.webp","thumbnail_image_url":"https:\/\/www.dzwchafingdish.com\/wp-content\/uploads\/2024\/01\/sliver-cutlery-sets-bulk-150x150.webp","large_srcset":"https:\/\/www.dzwchafingdish.com\/wp-content\/uploads\/2024\/01\/sliver-cutlery-sets-bulk.webp 800w, https:\/\/www.dzwchafingdish.com\/wp-content\/uploads\/2024\/01\/sliver-cutlery-sets-bulk-300x300.webp 300w, https:\/\/www.dzwchafingdish.com\/wp-content\/uploads\/2024\/01\/sliver-cutlery-sets-bulk-150x150.webp 150w, https:\/\/www.dzwchafingdish.com\/wp-content\/uploads\/2024\/01\/sliver-cutlery-sets-bulk-768x768.webp 768w","medium_srcset":"https:\/\/www.dzwchafingdish.com\/wp-content\/uploads\/2024\/01\/sliver-cutlery-sets-bulk-300x300.webp 300w, https:\/\/www.dzwchafingdish.com\/wp-content\/uploads\/2024\/01\/sliver-cutlery-sets-bulk-150x150.webp 150w, https:\/\/www.dzwchafingdish.com\/wp-content\/uploads\/2024\/01\/sliver-cutlery-sets-bulk-768x768.webp 768w, https:\/\/www.dzwchafingdish.com\/wp-content\/uploads\/2024\/01\/sliver-cutlery-sets-bulk.webp 800w","media_details":{"width":800,"height":800,"sizes":{"medium":{"file":"sliver-cutlery-sets-bulk-300x300.webp","width":300,"height":300,"mime-type":"image\/webp","filesize":9234,"source_url":"https:\/\/www.dzwchafingdish.com\/wp-content\/uploads\/2024\/01\/sliver-cutlery-sets-bulk-300x300.webp"},"thumbnail":{"file":"sliver-cutlery-sets-bulk-150x150.webp","width":150,"height":150,"mime-type":"image\/webp","filesize":3824,"source_url":"https:\/\/www.dzwchafingdish.com\/wp-content\/uploads\/2024\/01\/sliver-cutlery-sets-bulk-150x150.webp"},"medium_large":{"file":"sliver-cutlery-sets-bulk-768x768.webp","width":768,"height":768,"mime-type":"image\/webp","filesize":31044,"source_url":"https:\/\/www.dzwchafingdish.com\/wp-content\/uploads\/2024\/01\/sliver-cutlery-sets-bulk-768x768.webp"}}},"alt_text":"sliver cutlery sets bulk","url":"","target":""},{"id":1836,"title":"stainless steel cutlery set bulk","caption":"stainless steel cutlery set bulk","full_image_url":"https:\/\/www.dzwchafingdish.com\/wp-content\/uploads\/2024\/01\/stainless-steel-cutlery-set-bulk.webp","thumbnail_image_url":"https:\/\/www.dzwchafingdish.com\/wp-content\/uploads\/2024\/01\/stainless-steel-cutlery-set-bulk-150x150.webp","large_srcset":"https:\/\/www.dzwchafingdish.com\/wp-content\/uploads\/2024\/01\/stainless-steel-cutlery-set-bulk.webp 800w, https:\/\/www.dzwchafingdish.com\/wp-content\/uploads\/2024\/01\/stainless-steel-cutlery-set-bulk-300x300.webp 300w, https:\/\/www.dzwchafingdish.com\/wp-content\/uploads\/2024\/01\/stainless-steel-cutlery-set-bulk-150x150.webp 150w, https:\/\/www.dzwchafingdish.com\/wp-content\/uploads\/2024\/01\/stainless-steel-cutlery-set-bulk-768x768.webp 768w","medium_srcset":"https:\/\/www.dzwchafingdish.com\/wp-content\/uploads\/2024\/01\/stainless-steel-cutlery-set-bulk-300x300.webp 300w, https:\/\/www.dzwchafingdish.com\/wp-content\/uploads\/2024\/01\/stainless-steel-cutlery-set-bulk-150x150.webp 150w, https:\/\/www.dzwchafingdish.com\/wp-content\/uploads\/2024\/01\/stainless-steel-cutlery-set-bulk-768x768.webp 768w, https:\/\/www.dzwchafingdish.com\/wp-content\/uploads\/2024\/01\/stainless-steel-cutlery-set-bulk.webp 800w","media_details":{"width":800,"height":800,"sizes":{"medium":{"file":"stainless-steel-cutlery-set-bulk-300x300.webp","width":300,"height":300,"mime-type":"image\/webp","filesize":13944,"source_url":"https:\/\/www.dzwchafingdish.com\/wp-content\/uploads\/2024\/01\/stainless-steel-cutlery-set-bulk-300x300.webp"},"thumbnail":{"file":"stainless-steel-cutlery-set-bulk-150x150.webp","width":150,"height":150,"mime-type":"image\/webp","filesize":5188,"source_url":"https:\/\/www.dzwchafingdish.com\/wp-content\/uploads\/2024\/01\/stainless-steel-cutlery-set-bulk-150x150.webp"},"medium_large":{"file":"stainless-steel-cutlery-set-bulk-768x768.webp","width":768,"height":768,"mime-type":"image\/webp","filesize":57692,"source_url":"https:\/\/www.dzwchafingdish.com\/wp-content\/uploads\/2024\/01\/stainless-steel-cutlery-set-bulk-768x768.webp"}}},"alt_text":"stainless steel cutlery set bulk","url":"","target":""},{"id":1837,"title":"stainless steel cutlery set wholesale","caption":"stainless steel cutlery set wholesale","full_image_url":"https:\/\/www.dzwchafingdish.com\/wp-content\/uploads\/2024\/01\/stainless-steel-cutlery-set-wholesale.webp","thumbnail_image_url":"https:\/\/www.dzwchafingdish.com\/wp-content\/uploads\/2024\/01\/stainless-steel-cutlery-set-wholesale-150x150.webp","large_srcset":"https:\/\/www.dzwchafingdish.com\/wp-content\/uploads\/2024\/01\/stainless-steel-cutlery-set-wholesale.webp 800w, https:\/\/www.dzwchafingdish.com\/wp-content\/uploads\/2024\/01\/stainless-steel-cutlery-set-wholesale-300x300.webp 300w, https:\/\/www.dzwchafingdish.com\/wp-content\/uploads\/2024\/01\/stainless-steel-cutlery-set-wholesale-150x150.webp 150w, https:\/\/www.dzwchafingdish.com\/wp-content\/uploads\/2024\/01\/stainless-steel-cutlery-set-wholesale-768x768.webp 768w","medium_srcset":"https:\/\/www.dzwchafingdish.com\/wp-content\/uploads\/2024\/01\/stainless-steel-cutlery-set-wholesale-300x300.webp 300w, https:\/\/www.dzwchafingdish.com\/wp-content\/uploads\/2024\/01\/stainless-steel-cutlery-set-wholesale-150x150.webp 150w, https:\/\/www.dzwchafingdish.com\/wp-content\/uploads\/2024\/01\/stainless-steel-cutlery-set-wholesale-768x768.webp 768w, https:\/\/www.dzwchafingdish.com\/wp-content\/uploads\/2024\/01\/stainless-steel-cutlery-set-wholesale.webp 800w","media_details":{"width":800,"height":800,"sizes":{"medium":{"file":"stainless-steel-cutlery-set-wholesale-300x300.webp","width":300,"height":300,"mime-type":"image\/webp","filesize":13818,"source_url":"https:\/\/www.dzwchafingdish.com\/wp-content\/uploads\/2024\/01\/stainless-steel-cutlery-set-wholesale-300x300.webp"},"thumbnail":{"file":"stainless-steel-cutlery-set-wholesale-150x150.webp","width":150,"height":150,"mime-type":"image\/webp","filesize":5720,"source_url":"https:\/\/www.dzwchafingdish.com\/wp-content\/uploads\/2024\/01\/stainless-steel-cutlery-set-wholesale-150x150.webp"},"medium_large":{"file":"stainless-steel-cutlery-set-wholesale-768x768.webp","width":768,"height":768,"mime-type":"image\/webp","filesize":43886,"source_url":"https:\/\/www.dzwchafingdish.com\/wp-content\/uploads\/2024\/01\/stainless-steel-cutlery-set-wholesale-768x768.webp"}}},"alt_text":"stainless steel cutlery set wholesale","url":"","target":""},{"id":1832,"title":"buffet serving utensils bulk","caption":"buffet serving utensils bulk","full_image_url":"https:\/\/www.dzwchafingdish.com\/wp-content\/uploads\/2024\/01\/buffet-serving-utensils-bulk.webp","thumbnail_image_url":"https:\/\/www.dzwchafingdish.com\/wp-content\/uploads\/2024\/01\/buffet-serving-utensils-bulk-150x150.webp","large_srcset":"https:\/\/www.dzwchafingdish.com\/wp-content\/uploads\/2024\/01\/buffet-serving-utensils-bulk.webp 800w, https:\/\/www.dzwchafingdish.com\/wp-content\/uploads\/2024\/01\/buffet-serving-utensils-bulk-300x300.webp 300w, https:\/\/www.dzwchafingdish.com\/wp-content\/uploads\/2024\/01\/buffet-serving-utensils-bulk-150x150.webp 150w, https:\/\/www.dzwchafingdish.com\/wp-content\/uploads\/2024\/01\/buffet-serving-utensils-bulk-768x768.webp 768w","medium_srcset":"https:\/\/www.dzwchafingdish.com\/wp-content\/uploads\/2024\/01\/buffet-serving-utensils-bulk-300x300.webp 300w, https:\/\/www.dzwchafingdish.com\/wp-content\/uploads\/2024\/01\/buffet-serving-utensils-bulk-150x150.webp 150w, https:\/\/www.dzwchafingdish.com\/wp-content\/uploads\/2024\/01\/buffet-serving-utensils-bulk-768x768.webp 768w, https:\/\/www.dzwchafingdish.com\/wp-content\/uploads\/2024\/01\/buffet-serving-utensils-bulk.webp 800w","media_details":{"width":800,"height":800,"sizes":{"medium":{"file":"buffet-serving-utensils-bulk-300x300.webp","width":300,"height":300,"mime-type":"image\/webp","filesize":5006,"source_url":"https:\/\/www.dzwchafingdish.com\/wp-content\/uploads\/2024\/01\/buffet-serving-utensils-bulk-300x300.webp"},"thumbnail":{"file":"buffet-serving-utensils-bulk-150x150.webp","width":150,"height":150,"mime-type":"image\/webp","filesize":2218,"source_url":"https:\/\/www.dzwchafingdish.com\/wp-content\/uploads\/2024\/01\/buffet-serving-utensils-bulk-150x150.webp"},"medium_large":{"file":"buffet-serving-utensils-bulk-768x768.webp","width":768,"height":768,"mime-type":"image\/webp","filesize":13844,"source_url":"https:\/\/www.dzwchafingdish.com\/wp-content\/uploads\/2024\/01\/buffet-serving-utensils-bulk-768x768.webp"}}},"alt_text":"buffet serving utensils bulk","url":"","target":""},{"id":1833,"title":"custom cutlery sets","caption":"custom cutlery sets","full_image_url":"https:\/\/www.dzwchafingdish.com\/wp-content\/uploads\/2024\/01\/custom-cutlery-sets.webp","thumbnail_image_url":"https:\/\/www.dzwchafingdish.com\/wp-content\/uploads\/2024\/01\/custom-cutlery-sets-150x150.webp","large_srcset":"https:\/\/www.dzwchafingdish.com\/wp-content\/uploads\/2024\/01\/custom-cutlery-sets.webp 750w, https:\/\/www.dzwchafingdish.com\/wp-content\/uploads\/2024\/01\/custom-cutlery-sets-300x300.webp 300w, https:\/\/www.dzwchafingdish.com\/wp-content\/uploads\/2024\/01\/custom-cutlery-sets-150x150.webp 150w","medium_srcset":"https:\/\/www.dzwchafingdish.com\/wp-content\/uploads\/2024\/01\/custom-cutlery-sets-300x300.webp 300w, https:\/\/www.dzwchafingdish.com\/wp-content\/uploads\/2024\/01\/custom-cutlery-sets-150x150.webp 150w, https:\/\/www.dzwchafingdish.com\/wp-content\/uploads\/2024\/01\/custom-cutlery-sets.webp 750w","media_details":{"width":750,"height":753,"sizes":{"medium":{"file":"custom-cutlery-sets-300x300.webp","width":300,"height":300,"mime-type":"image\/webp","filesize":4464,"source_url":"https:\/\/www.dzwchafingdish.com\/wp-content\/uploads\/2024\/01\/custom-cutlery-sets-300x300.webp"},"thumbnail":{"file":"custom-cutlery-sets-150x150.webp","width":150,"height":150,"mime-type":"image\/webp","filesize":1906,"source_url":"https:\/\/www.dzwchafingdish.com\/wp-content\/uploads\/2024\/01\/custom-cutlery-sets-150x150.webp"}}},"alt_text":"custom cutlery sets","url":"","target":""}]]}},"_links":{"self":[{"href":"https:\/\/www.dzwchafingdish.com\/fr\/wp-json\/wp\/v2\/product\/1859","targetHints":{"allow":["GET"]}}],"collection":[{"href":"https:\/\/www.dzwchafingdish.com\/fr\/wp-json\/wp\/v2\/product"}],"about":[{"href":"https:\/\/www.dzwchafingdish.com\/fr\/wp-json\/wp\/v2\/types\/product"}],"author":[{"embeddable":true,"href":"https:\/\/www.dzwchafingdish.com\/fr\/wp-json\/wp\/v2\/users\/1"}],"version-history":[{"count":0,"href":"https:\/\/www.dzwchafingdish.com\/fr\/wp-json\/wp\/v2\/product\/1859\/revisions"}],"wp:featuredmedia":[{"embeddable":true,"href":"https:\/\/www.dzwchafingdish.com\/fr\/wp-json\/wp\/v2\/media\/1834"}],"wp:attachment":[{"href":"https:\/\/www.dzwchafingdish.com\/fr\/wp-json\/wp\/v2\/media?parent=1859"}],"wp:term":[{"taxonomy":"product-categories","embeddable":true,"href":"https:\/\/www.dzwchafingdish.com\/fr\/wp-json\/wp\/v2\/product-categories?post=1859"},{"taxonomy":"product-tag","embeddable":true,"href":"https:\/\/www.dzwchafingdish.com\/fr\/wp-json\/wp\/v2\/product-tag?post=1859"}],"curies":[{"name":"wp","href":"https:\/\/api.w.org\/{rel}","templated":true}]}}