{"id":1933,"date":"2024-01-15T15:59:14","date_gmt":"2024-01-15T15:59:14","guid":{"rendered":"https:\/\/www.dzwchafingdish.com\/?post_type=product&#038;p=1933"},"modified":"2024-06-15T03:51:12","modified_gmt":"2024-06-15T03:51:12","slug":"chafing-dish-with-hinged-lid-wholesale","status":"publish","type":"product","link":"https:\/\/www.dzwchafingdish.com\/fr\/product\/chafing-dish-with-hinged-lid-wholesale\/","title":{"rendered":"Wholesale Chafing Dish with Hinged Lid 9L (plat \u00e0 r\u00f4tir avec couvercle \u00e0 charni\u00e8re)"},"content":{"rendered":"<p style=\"font-size:18px\">Le plat \u00e0 chafing en acier inoxydable en gros et sur mesure, rectangulaire avec un couvercle \u00e0 charni\u00e8re, convient pour les h\u00f4tels, les restaurants, les f\u00eates et autres services de restauration. DONGZHAOWEI propose des solutions d'\u00e9quipement de buffet personnalis\u00e9es dans diff\u00e9rentes tailles et couleurs pour ajouter un style moderne et orn\u00e9.<\/p>\n\n\n\n<div class=\"wp-block-columns are-vertically-aligned-center is-layout-flex wp-container-core-columns-is-layout-28f84493 wp-block-columns-is-layout-flex\">\n<div class=\"wp-block-column is-vertically-aligned-center is-layout-flow wp-block-column-is-layout-flow\">\n<h2 class=\"wp-block-heading\" style=\"font-size:18px\"><strong>Chafing Dish with Hinged Lid Dimension<\/strong><\/h2>\n\n\n\n<figure class=\"wp-block-table is-style-regular\"><table><tbody><tr><td>ITEM NO.<\/td><td>TAILLE<\/td><td>LONGUEUR<\/td><td>LARGE<\/td><td>HAUTEUR<\/td><td>N.W \/SET<\/td><\/tr><tr><td>DZW-S528<br>DZW-G528<\/td><td>9 L<\/td><td>57 cm<\/td><td>43 cm<\/td><td>27 cm<\/td><td>6900 g<\/td><\/tr><\/tbody><\/table><\/figure>\n<\/div>\n\n\n\n<div class=\"wp-block-column is-vertically-aligned-center is-layout-flow wp-block-column-is-layout-flow\">\n<figure class=\"wp-block-image size-full\"><img fetchpriority=\"high\" decoding=\"async\" width=\"800\" height=\"800\" src=\"https:\/\/www.dzwchafingdish.com\/wp-content\/uploads\/2024\/01\/chafing-dish-with-hinged-lid-bulk.webp\" alt=\"chafing dish avec couvercle \u00e0 charni\u00e8re bulk\" class=\"wp-image-1896\" srcset=\"https:\/\/www.dzwchafingdish.com\/wp-content\/uploads\/2024\/01\/chafing-dish-with-hinged-lid-bulk.webp 800w, https:\/\/www.dzwchafingdish.com\/wp-content\/uploads\/2024\/01\/chafing-dish-with-hinged-lid-bulk-300x300.webp 300w, https:\/\/www.dzwchafingdish.com\/wp-content\/uploads\/2024\/01\/chafing-dish-with-hinged-lid-bulk-150x150.webp 150w, https:\/\/www.dzwchafingdish.com\/wp-content\/uploads\/2024\/01\/chafing-dish-with-hinged-lid-bulk-768x768.webp 768w\" sizes=\"(max-width: 800px) 100vw, 800px\" \/><\/figure>\n<\/div>\n<\/div>\n\n\n\n<div class=\"wp-block-columns are-vertically-aligned-center is-layout-flex wp-container-core-columns-is-layout-28f84493 wp-block-columns-is-layout-flex\">\n<div class=\"wp-block-column is-vertically-aligned-center is-layout-flow wp-block-column-is-layout-flow\">\n<figure class=\"wp-block-image size-full\"><img decoding=\"async\" width=\"800\" height=\"800\" src=\"https:\/\/www.dzwchafingdish.com\/wp-content\/uploads\/2024\/01\/gold-chafing-dish-wholesale.webp\" alt=\"chafing dish or wholesale\" class=\"wp-image-1898\" srcset=\"https:\/\/www.dzwchafingdish.com\/wp-content\/uploads\/2024\/01\/gold-chafing-dish-wholesale.webp 800w, https:\/\/www.dzwchafingdish.com\/wp-content\/uploads\/2024\/01\/gold-chafing-dish-wholesale-300x300.webp 300w, https:\/\/www.dzwchafingdish.com\/wp-content\/uploads\/2024\/01\/gold-chafing-dish-wholesale-150x150.webp 150w, https:\/\/www.dzwchafingdish.com\/wp-content\/uploads\/2024\/01\/gold-chafing-dish-wholesale-768x768.webp 768w\" sizes=\"(max-width: 800px) 100vw, 800px\" \/><\/figure>\n<\/div>\n\n\n\n<div class=\"wp-block-column is-vertically-aligned-center is-layout-flow wp-block-column-is-layout-flow\" style=\"padding-top:0;padding-bottom:0;font-size:18px\">\n<h2 class=\"wp-block-heading\" style=\"font-size:18px\"><strong>Construction d'un plat \u00e0 gaufrer de qualit\u00e9 sup\u00e9rieure :<\/strong><\/h2>\n\n\n\n<p>Ext\u00e9rieur en acier inoxydable poli miroir : Fabriqu\u00e9 en acier inoxydable avec une finition polie miroir, il pr\u00e9sente un aspect impressionnant et brillant.<\/p>\n\n\n\n<p>Design rectangulaire de grande capacit\u00e9 : Le design rectangulaire unique permet d'accueillir plus de nourriture, ce qui convient aux grands \u00e9v\u00e9nements et aux banquets.<\/p>\n\n\n\n<p>Couvercle \u00e0 charni\u00e8re : \u00c9quip\u00e9 d'un couvercle \u00e0 charni\u00e8re pour un acc\u00e8s facile, am\u00e9liorant l'efficacit\u00e9 de la r\u00e9cup\u00e9ration des aliments.<\/p>\n\n\n\n<p>Isolation exceptionnelle : Qu'il s'agisse de servir des soupes, des rago\u00fbts, des p\u00e2tes ou d'autres mets d\u00e9licats, il garantit que les aliments restent d\u00e9licieusement chauds et pr\u00eats \u00e0 \u00eatre d\u00e9gust\u00e9s par les convives, ce qui en fait un choix id\u00e9al pour les restaurants en libre-service et les \u00e9v\u00e9nements sous forme de buffet.<\/p>\n\n\n\n<p>Large \u00e9ventail d'applications : Ce chauffe-plats excelle \u00e0 chauffer et \u00e0 maintenir les plats au chaud, ce qui en fait un choix id\u00e9al pour les buffets, la restauration h\u00f4teli\u00e8re, les f\u00eates, les banquets de mariage et bien plus encore.<\/p>\n<\/div>\n<\/div>","protected":false},"excerpt":{"rendered":"<p>Le plat \u00e0 chafing en acier inoxydable en gros et sur mesure, rectangulaire avec un couvercle \u00e0 charni\u00e8re, convient pour les h\u00f4tels, les restaurants, les f\u00eates et autres services de restauration. DONGZHAOWEI propose des solutions d'\u00e9quipement de buffet personnalis\u00e9es dans diff\u00e9rentes tailles et couleurs pour ajouter un style moderne et orn\u00e9. Chafing Dish avec couvercle \u00e0 charni\u00e8re Dimension ITEM NO. TAILLE LONGUEUR LARGE HAUTEUR N.B. \/SET DZW-S528DZW-G528 9 L 57 cm [...]<\/p>","protected":false},"author":1,"featured_media":1896,"parent":0,"menu_order":0,"template":"","format":"standard","meta":{"_acf_changed":false,"site-sidebar-layout":"default","site-content-layout":"","ast-site-content-layout":"default","site-content-style":"default","site-sidebar-style":"default","ast-global-header-display":"","ast-banner-title-visibility":"","ast-main-header-display":"","ast-hfb-above-header-display":"","ast-hfb-below-header-display":"","ast-hfb-mobile-header-display":"","site-post-title":"","ast-breadcrumbs-content":"","ast-featured-img":"","footer-sml-layout":"","theme-transparent-header-meta":"","adv-header-id-meta":"","stick-header-meta":"","header-above-stick-meta":"","header-main-stick-meta":"","header-below-stick-meta":"","astra-migrate-meta-layouts":"default","ast-page-background-enabled":"default","ast-page-background-meta":{"desktop":{"background-color":"var(--ast-global-color-4)","background-image":"","background-repeat":"repeat","background-position":"center center","background-size":"auto","background-attachment":"scroll","background-type":"","background-media":"","overlay-type":"","overlay-color":"","overlay-opacity":"","overlay-gradient":""},"tablet":{"background-color":"","background-image":"","background-repeat":"repeat","background-position":"center center","background-size":"auto","background-attachment":"scroll","background-type":"","background-media":"","overlay-type":"","overlay-color":"","overlay-opacity":"","overlay-gradient":""},"mobile":{"background-color":"","background-image":"","background-repeat":"repeat","background-position":"center center","background-size":"auto","background-attachment":"scroll","background-type":"","background-media":"","overlay-type":"","overlay-color":"","overlay-opacity":"","overlay-gradient":""}},"ast-content-background-meta":{"desktop":{"background-color":"var(--ast-global-color-5)","background-image":"","background-repeat":"repeat","background-position":"center center","background-size":"auto","background-attachment":"scroll","background-type":"","background-media":"","overlay-type":"","overlay-color":"","overlay-opacity":"","overlay-gradient":""},"tablet":{"background-color":"var(--ast-global-color-5)","background-image":"","background-repeat":"repeat","background-position":"center center","background-size":"auto","background-attachment":"scroll","background-type":"","background-media":"","overlay-type":"","overlay-color":"","overlay-opacity":"","overlay-gradient":""},"mobile":{"background-color":"var(--ast-global-color-5)","background-image":"","background-repeat":"repeat","background-position":"center center","background-size":"auto","background-attachment":"scroll","background-type":"","background-media":"","overlay-type":"","overlay-color":"","overlay-opacity":"","overlay-gradient":""}},"footnotes":""},"product-categories":[63],"product-tag":[95,96,89,90,93],"class_list":["post-1933","product","type-product","status-publish","format-standard","has-post-thumbnail","hentry","product-categories-chafing-dish","product-tag-chafing-dish-with-glass-lid","product-tag-chafing-dish-with-hinged-lid","product-tag-electric-chafing-dish","product-tag-fuel-chafing-dish","product-tag-rectangular-chafing-dish"],"acf":{"title":"Wholesale Chafing Dish with Hinged Lid 9L (plat \u00e0 r\u00f4tir avec couvercle \u00e0 charni\u00e8re)","title_source":{"label":"Title","type":"text","formatted_value":"Wholesale Chafing Dish with Hinged Lid 9L "},"short_description":"Wholesale Rectangular Chafing Dish with Hinged Lid. It designed for both electric and fuel heating options, this meeting your unique requirements.","short_description_source":{"label":"Short description","type":"textarea","formatted_value":"Wholesale Rectangular Chafing Dish with Hinged Lid. It designed for both electric and fuel heating options, this meeting your unique requirements."},"parameters":"<table width=\"275\">\r\n<tbody>\r\n<tr>\r\n<td style=\"font-weight: 400;\" width=\"108\">Manufacturer<\/td>\r\n<td style=\"font-weight: 400;\" width=\"167\">DONGZHAOWEI<\/td>\r\n<\/tr>\r\n<tr>\r\n<td style=\"font-weight: 400;\" width=\"108\">Material<\/td>\r\n<td style=\"font-weight: 400;\" width=\"167\">Stainless Steel 201 and\u00a0Glass<\/td>\r\n<\/tr>\r\n<tr>\r\n<td style=\"font-weight: 400;\" width=\"108\">Capacity<\/td>\r\n<td style=\"font-weight: 400;\" width=\"167\">9 L<\/td>\r\n<\/tr>\r\n<tr>\r\n<td style=\"font-weight: 400;\" width=\"108\">Color<\/td>\r\n<td style=\"font-weight: 400;\" width=\"167\">Golden\u00a0\/\u00a0Silver<\/td>\r\n<\/tr>\r\n<tr>\r\n<td style=\"font-weight: 400;\" width=\"108\">Design<\/td>\r\n<td style=\"font-weight: 400;\" width=\"167\">Rectangular Shape<\/td>\r\n<\/tr>\r\n<tr>\r\n<td style=\"font-weight: 400;\" width=\"108\">Lid\u00a0Type<\/td>\r\n<td style=\"font-weight: 400;\" width=\"167\">Hinged Lid<\/td>\r\n<\/tr>\r\n<tr>\r\n<td style=\"font-weight: 400;\" width=\"108\">Heat<\/td>\r\n<td style=\"font-weight: 400;\" width=\"167\">Fuel and Electric<\/td>\r\n<\/tr>\r\n<tr>\r\n<td style=\"font-weight: 400;\" width=\"108\">Custom<\/td>\r\n<td style=\"font-weight: 400;\" width=\"167\">Color\/Logo\/Package<\/td>\r\n<\/tr>\r\n<tr>\r\n<td style=\"font-weight: 400;\" width=\"108\">MOQ<\/td>\r\n<td style=\"font-weight: 400;\" width=\"167\">20 sets<\/td>\r\n<\/tr>\r\n<\/tbody>\r\n<\/table>","parameters_source":{"label":"Parameters","type":"wysiwyg","formatted_value":"<table width=\"275\">\n<tbody>\n<tr>\n<td style=\"font-weight: 400;\" width=\"108\">Manufacturer<\/td>\n<td style=\"font-weight: 400;\" width=\"167\">DONGZHAOWEI<\/td>\n<\/tr>\n<tr>\n<td style=\"font-weight: 400;\" width=\"108\">Material<\/td>\n<td style=\"font-weight: 400;\" width=\"167\">Stainless Steel 201 and\u00a0Glass<\/td>\n<\/tr>\n<tr>\n<td style=\"font-weight: 400;\" width=\"108\">Capacity<\/td>\n<td style=\"font-weight: 400;\" width=\"167\">9 L<\/td>\n<\/tr>\n<tr>\n<td style=\"font-weight: 400;\" width=\"108\">Color<\/td>\n<td style=\"font-weight: 400;\" width=\"167\">Golden\u00a0\/\u00a0Silver<\/td>\n<\/tr>\n<tr>\n<td style=\"font-weight: 400;\" width=\"108\">Design<\/td>\n<td style=\"font-weight: 400;\" width=\"167\">Rectangular Shape<\/td>\n<\/tr>\n<tr>\n<td style=\"font-weight: 400;\" width=\"108\">Lid\u00a0Type<\/td>\n<td style=\"font-weight: 400;\" width=\"167\">Hinged Lid<\/td>\n<\/tr>\n<tr>\n<td style=\"font-weight: 400;\" width=\"108\">Heat<\/td>\n<td style=\"font-weight: 400;\" width=\"167\">Fuel and Electric<\/td>\n<\/tr>\n<tr>\n<td style=\"font-weight: 400;\" width=\"108\">Custom<\/td>\n<td style=\"font-weight: 400;\" width=\"167\">Color\/Logo\/Package<\/td>\n<\/tr>\n<tr>\n<td style=\"font-weight: 400;\" width=\"108\">MOQ<\/td>\n<td style=\"font-weight: 400;\" width=\"167\">20 sets<\/td>\n<\/tr>\n<\/tbody>\n<\/table>\n"},"photo_gallery":{"product_gallery":[[{"id":1896,"title":"chafing dish with hinged lid bulk","caption":"chafing dish with hinged lid bulk","full_image_url":"https:\/\/www.dzwchafingdish.com\/wp-content\/uploads\/2024\/01\/chafing-dish-with-hinged-lid-bulk.webp","thumbnail_image_url":"https:\/\/www.dzwchafingdish.com\/wp-content\/uploads\/2024\/01\/chafing-dish-with-hinged-lid-bulk-150x150.webp","large_srcset":"https:\/\/www.dzwchafingdish.com\/wp-content\/uploads\/2024\/01\/chafing-dish-with-hinged-lid-bulk.webp 800w, https:\/\/www.dzwchafingdish.com\/wp-content\/uploads\/2024\/01\/chafing-dish-with-hinged-lid-bulk-300x300.webp 300w, https:\/\/www.dzwchafingdish.com\/wp-content\/uploads\/2024\/01\/chafing-dish-with-hinged-lid-bulk-150x150.webp 150w, https:\/\/www.dzwchafingdish.com\/wp-content\/uploads\/2024\/01\/chafing-dish-with-hinged-lid-bulk-768x768.webp 768w","medium_srcset":"https:\/\/www.dzwchafingdish.com\/wp-content\/uploads\/2024\/01\/chafing-dish-with-hinged-lid-bulk-300x300.webp 300w, https:\/\/www.dzwchafingdish.com\/wp-content\/uploads\/2024\/01\/chafing-dish-with-hinged-lid-bulk-150x150.webp 150w, https:\/\/www.dzwchafingdish.com\/wp-content\/uploads\/2024\/01\/chafing-dish-with-hinged-lid-bulk-768x768.webp 768w, https:\/\/www.dzwchafingdish.com\/wp-content\/uploads\/2024\/01\/chafing-dish-with-hinged-lid-bulk.webp 800w","media_details":{"width":800,"height":800,"sizes":{"medium":{"file":"chafing-dish-with-hinged-lid-bulk-300x300.webp","width":300,"height":300,"mime-type":"image\/webp","filesize":6602,"source_url":"https:\/\/www.dzwchafingdish.com\/wp-content\/uploads\/2024\/01\/chafing-dish-with-hinged-lid-bulk-300x300.webp"},"thumbnail":{"file":"chafing-dish-with-hinged-lid-bulk-150x150.webp","width":150,"height":150,"mime-type":"image\/webp","filesize":2682,"source_url":"https:\/\/www.dzwchafingdish.com\/wp-content\/uploads\/2024\/01\/chafing-dish-with-hinged-lid-bulk-150x150.webp"},"medium_large":{"file":"chafing-dish-with-hinged-lid-bulk-768x768.webp","width":768,"height":768,"mime-type":"image\/webp","filesize":21174,"source_url":"https:\/\/www.dzwchafingdish.com\/wp-content\/uploads\/2024\/01\/chafing-dish-with-hinged-lid-bulk-768x768.webp"}}},"alt_text":"chafing dish with hinged lid bulk","url":"","target":""},{"id":1899,"title":"morden chafing dish wholesale","caption":"modern chafing dish wholesale","full_image_url":"https:\/\/www.dzwchafingdish.com\/wp-content\/uploads\/2024\/01\/morden-chafing-dish-wholesale.webp","thumbnail_image_url":"https:\/\/www.dzwchafingdish.com\/wp-content\/uploads\/2024\/01\/morden-chafing-dish-wholesale-150x150.webp","large_srcset":"https:\/\/www.dzwchafingdish.com\/wp-content\/uploads\/2024\/01\/morden-chafing-dish-wholesale.webp 800w, https:\/\/www.dzwchafingdish.com\/wp-content\/uploads\/2024\/01\/morden-chafing-dish-wholesale-300x300.webp 300w, https:\/\/www.dzwchafingdish.com\/wp-content\/uploads\/2024\/01\/morden-chafing-dish-wholesale-150x150.webp 150w, https:\/\/www.dzwchafingdish.com\/wp-content\/uploads\/2024\/01\/morden-chafing-dish-wholesale-768x768.webp 768w","medium_srcset":"https:\/\/www.dzwchafingdish.com\/wp-content\/uploads\/2024\/01\/morden-chafing-dish-wholesale-300x300.webp 300w, https:\/\/www.dzwchafingdish.com\/wp-content\/uploads\/2024\/01\/morden-chafing-dish-wholesale-150x150.webp 150w, https:\/\/www.dzwchafingdish.com\/wp-content\/uploads\/2024\/01\/morden-chafing-dish-wholesale-768x768.webp 768w, https:\/\/www.dzwchafingdish.com\/wp-content\/uploads\/2024\/01\/morden-chafing-dish-wholesale.webp 800w","media_details":{"width":800,"height":800,"sizes":{"medium":{"file":"morden-chafing-dish-wholesale-300x300.webp","width":300,"height":300,"mime-type":"image\/webp","filesize":8266,"source_url":"https:\/\/www.dzwchafingdish.com\/wp-content\/uploads\/2024\/01\/morden-chafing-dish-wholesale-300x300.webp"},"thumbnail":{"file":"morden-chafing-dish-wholesale-150x150.webp","width":150,"height":150,"mime-type":"image\/webp","filesize":3022,"source_url":"https:\/\/www.dzwchafingdish.com\/wp-content\/uploads\/2024\/01\/morden-chafing-dish-wholesale-150x150.webp"},"medium_large":{"file":"morden-chafing-dish-wholesale-768x768.webp","width":768,"height":768,"mime-type":"image\/webp","filesize":28554,"source_url":"https:\/\/www.dzwchafingdish.com\/wp-content\/uploads\/2024\/01\/morden-chafing-dish-wholesale-768x768.webp"}}},"alt_text":"modern chafing dish wholesale","url":"","target":""},{"id":1898,"title":"gold chafing dish wholesale","caption":"gold chafing dish wholesale","full_image_url":"https:\/\/www.dzwchafingdish.com\/wp-content\/uploads\/2024\/01\/gold-chafing-dish-wholesale.webp","thumbnail_image_url":"https:\/\/www.dzwchafingdish.com\/wp-content\/uploads\/2024\/01\/gold-chafing-dish-wholesale-150x150.webp","large_srcset":"https:\/\/www.dzwchafingdish.com\/wp-content\/uploads\/2024\/01\/gold-chafing-dish-wholesale.webp 800w, https:\/\/www.dzwchafingdish.com\/wp-content\/uploads\/2024\/01\/gold-chafing-dish-wholesale-300x300.webp 300w, https:\/\/www.dzwchafingdish.com\/wp-content\/uploads\/2024\/01\/gold-chafing-dish-wholesale-150x150.webp 150w, https:\/\/www.dzwchafingdish.com\/wp-content\/uploads\/2024\/01\/gold-chafing-dish-wholesale-768x768.webp 768w","medium_srcset":"https:\/\/www.dzwchafingdish.com\/wp-content\/uploads\/2024\/01\/gold-chafing-dish-wholesale-300x300.webp 300w, https:\/\/www.dzwchafingdish.com\/wp-content\/uploads\/2024\/01\/gold-chafing-dish-wholesale-150x150.webp 150w, https:\/\/www.dzwchafingdish.com\/wp-content\/uploads\/2024\/01\/gold-chafing-dish-wholesale-768x768.webp 768w, https:\/\/www.dzwchafingdish.com\/wp-content\/uploads\/2024\/01\/gold-chafing-dish-wholesale.webp 800w","media_details":{"width":800,"height":800,"sizes":{"medium":{"file":"gold-chafing-dish-wholesale-300x300.webp","width":300,"height":300,"mime-type":"image\/webp","filesize":9434,"source_url":"https:\/\/www.dzwchafingdish.com\/wp-content\/uploads\/2024\/01\/gold-chafing-dish-wholesale-300x300.webp"},"thumbnail":{"file":"gold-chafing-dish-wholesale-150x150.webp","width":150,"height":150,"mime-type":"image\/webp","filesize":3506,"source_url":"https:\/\/www.dzwchafingdish.com\/wp-content\/uploads\/2024\/01\/gold-chafing-dish-wholesale-150x150.webp"},"medium_large":{"file":"gold-chafing-dish-wholesale-768x768.webp","width":768,"height":768,"mime-type":"image\/webp","filesize":32596,"source_url":"https:\/\/www.dzwchafingdish.com\/wp-content\/uploads\/2024\/01\/gold-chafing-dish-wholesale-768x768.webp"}}},"alt_text":"gold chafing dish wholesale","url":"","target":""},{"id":1900,"title":"wholesale modern chafing dish","caption":"wholesale modern chafing dish","full_image_url":"https:\/\/www.dzwchafingdish.com\/wp-content\/uploads\/2024\/01\/wholesale-morden-chafing-dish.webp","thumbnail_image_url":"https:\/\/www.dzwchafingdish.com\/wp-content\/uploads\/2024\/01\/wholesale-morden-chafing-dish-150x150.webp","large_srcset":"https:\/\/www.dzwchafingdish.com\/wp-content\/uploads\/2024\/01\/wholesale-morden-chafing-dish.webp 800w, https:\/\/www.dzwchafingdish.com\/wp-content\/uploads\/2024\/01\/wholesale-morden-chafing-dish-300x300.webp 300w, https:\/\/www.dzwchafingdish.com\/wp-content\/uploads\/2024\/01\/wholesale-morden-chafing-dish-150x150.webp 150w, https:\/\/www.dzwchafingdish.com\/wp-content\/uploads\/2024\/01\/wholesale-morden-chafing-dish-768x768.webp 768w","medium_srcset":"https:\/\/www.dzwchafingdish.com\/wp-content\/uploads\/2024\/01\/wholesale-morden-chafing-dish-300x300.webp 300w, https:\/\/www.dzwchafingdish.com\/wp-content\/uploads\/2024\/01\/wholesale-morden-chafing-dish-150x150.webp 150w, https:\/\/www.dzwchafingdish.com\/wp-content\/uploads\/2024\/01\/wholesale-morden-chafing-dish-768x768.webp 768w, https:\/\/www.dzwchafingdish.com\/wp-content\/uploads\/2024\/01\/wholesale-morden-chafing-dish.webp 800w","media_details":{"width":800,"height":800,"sizes":{"medium":{"file":"wholesale-morden-chafing-dish-300x300.webp","width":300,"height":300,"mime-type":"image\/webp","filesize":6754,"source_url":"https:\/\/www.dzwchafingdish.com\/wp-content\/uploads\/2024\/01\/wholesale-morden-chafing-dish-300x300.webp"},"thumbnail":{"file":"wholesale-morden-chafing-dish-150x150.webp","width":150,"height":150,"mime-type":"image\/webp","filesize":2732,"source_url":"https:\/\/www.dzwchafingdish.com\/wp-content\/uploads\/2024\/01\/wholesale-morden-chafing-dish-150x150.webp"},"medium_large":{"file":"wholesale-morden-chafing-dish-768x768.webp","width":768,"height":768,"mime-type":"image\/webp","filesize":21442,"source_url":"https:\/\/www.dzwchafingdish.com\/wp-content\/uploads\/2024\/01\/wholesale-morden-chafing-dish-768x768.webp"}}},"alt_text":"wholesale modern chafing dish","url":"","target":""},{"id":1901,"title":"wholesale sliver chafing dish","caption":"wholesale sliver chafing dish","full_image_url":"https:\/\/www.dzwchafingdish.com\/wp-content\/uploads\/2024\/01\/wholesale-sliver-chafing-dish.webp","thumbnail_image_url":"https:\/\/www.dzwchafingdish.com\/wp-content\/uploads\/2024\/01\/wholesale-sliver-chafing-dish-150x150.webp","large_srcset":"https:\/\/www.dzwchafingdish.com\/wp-content\/uploads\/2024\/01\/wholesale-sliver-chafing-dish.webp 800w, https:\/\/www.dzwchafingdish.com\/wp-content\/uploads\/2024\/01\/wholesale-sliver-chafing-dish-300x300.webp 300w, https:\/\/www.dzwchafingdish.com\/wp-content\/uploads\/2024\/01\/wholesale-sliver-chafing-dish-150x150.webp 150w, https:\/\/www.dzwchafingdish.com\/wp-content\/uploads\/2024\/01\/wholesale-sliver-chafing-dish-768x768.webp 768w","medium_srcset":"https:\/\/www.dzwchafingdish.com\/wp-content\/uploads\/2024\/01\/wholesale-sliver-chafing-dish-300x300.webp 300w, https:\/\/www.dzwchafingdish.com\/wp-content\/uploads\/2024\/01\/wholesale-sliver-chafing-dish-150x150.webp 150w, https:\/\/www.dzwchafingdish.com\/wp-content\/uploads\/2024\/01\/wholesale-sliver-chafing-dish-768x768.webp 768w, https:\/\/www.dzwchafingdish.com\/wp-content\/uploads\/2024\/01\/wholesale-sliver-chafing-dish.webp 800w","media_details":{"width":800,"height":800,"sizes":{"medium":{"file":"wholesale-sliver-chafing-dish-300x300.webp","width":300,"height":300,"mime-type":"image\/webp","filesize":6678,"source_url":"https:\/\/www.dzwchafingdish.com\/wp-content\/uploads\/2024\/01\/wholesale-sliver-chafing-dish-300x300.webp"},"thumbnail":{"file":"wholesale-sliver-chafing-dish-150x150.webp","width":150,"height":150,"mime-type":"image\/webp","filesize":2438,"source_url":"https:\/\/www.dzwchafingdish.com\/wp-content\/uploads\/2024\/01\/wholesale-sliver-chafing-dish-150x150.webp"},"medium_large":{"file":"wholesale-sliver-chafing-dish-768x768.webp","width":768,"height":768,"mime-type":"image\/webp","filesize":23650,"source_url":"https:\/\/www.dzwchafingdish.com\/wp-content\/uploads\/2024\/01\/wholesale-sliver-chafing-dish-768x768.webp"}}},"alt_text":"wholesale sliver chafing dish","url":"","target":""},{"id":1897,"title":"chafing dish with hinged lid wholesale","caption":"chafing dish with hinged lid wholesale","full_image_url":"https:\/\/www.dzwchafingdish.com\/wp-content\/uploads\/2024\/01\/chafing-dish-with-hinged-lid-wholesale.webp","thumbnail_image_url":"https:\/\/www.dzwchafingdish.com\/wp-content\/uploads\/2024\/01\/chafing-dish-with-hinged-lid-wholesale-150x150.webp","large_srcset":"https:\/\/www.dzwchafingdish.com\/wp-content\/uploads\/2024\/01\/chafing-dish-with-hinged-lid-wholesale.webp 800w, https:\/\/www.dzwchafingdish.com\/wp-content\/uploads\/2024\/01\/chafing-dish-with-hinged-lid-wholesale-300x300.webp 300w, https:\/\/www.dzwchafingdish.com\/wp-content\/uploads\/2024\/01\/chafing-dish-with-hinged-lid-wholesale-150x150.webp 150w, https:\/\/www.dzwchafingdish.com\/wp-content\/uploads\/2024\/01\/chafing-dish-with-hinged-lid-wholesale-768x768.webp 768w","medium_srcset":"https:\/\/www.dzwchafingdish.com\/wp-content\/uploads\/2024\/01\/chafing-dish-with-hinged-lid-wholesale-300x300.webp 300w, https:\/\/www.dzwchafingdish.com\/wp-content\/uploads\/2024\/01\/chafing-dish-with-hinged-lid-wholesale-150x150.webp 150w, https:\/\/www.dzwchafingdish.com\/wp-content\/uploads\/2024\/01\/chafing-dish-with-hinged-lid-wholesale-768x768.webp 768w, https:\/\/www.dzwchafingdish.com\/wp-content\/uploads\/2024\/01\/chafing-dish-with-hinged-lid-wholesale.webp 800w","media_details":{"width":800,"height":800,"sizes":{"medium":{"file":"chafing-dish-with-hinged-lid-wholesale-300x300.webp","width":300,"height":300,"mime-type":"image\/webp","filesize":8290,"source_url":"https:\/\/www.dzwchafingdish.com\/wp-content\/uploads\/2024\/01\/chafing-dish-with-hinged-lid-wholesale-300x300.webp"},"thumbnail":{"file":"chafing-dish-with-hinged-lid-wholesale-150x150.webp","width":150,"height":150,"mime-type":"image\/webp","filesize":3044,"source_url":"https:\/\/www.dzwchafingdish.com\/wp-content\/uploads\/2024\/01\/chafing-dish-with-hinged-lid-wholesale-150x150.webp"},"medium_large":{"file":"chafing-dish-with-hinged-lid-wholesale-768x768.webp","width":768,"height":768,"mime-type":"image\/webp","filesize":29846,"source_url":"https:\/\/www.dzwchafingdish.com\/wp-content\/uploads\/2024\/01\/chafing-dish-with-hinged-lid-wholesale-768x768.webp"}}},"alt_text":"chafing dish with hinged lid wholesale","url":"","target":""}]]}},"_links":{"self":[{"href":"https:\/\/www.dzwchafingdish.com\/fr\/wp-json\/wp\/v2\/product\/1933","targetHints":{"allow":["GET"]}}],"collection":[{"href":"https:\/\/www.dzwchafingdish.com\/fr\/wp-json\/wp\/v2\/product"}],"about":[{"href":"https:\/\/www.dzwchafingdish.com\/fr\/wp-json\/wp\/v2\/types\/product"}],"author":[{"embeddable":true,"href":"https:\/\/www.dzwchafingdish.com\/fr\/wp-json\/wp\/v2\/users\/1"}],"version-history":[{"count":0,"href":"https:\/\/www.dzwchafingdish.com\/fr\/wp-json\/wp\/v2\/product\/1933\/revisions"}],"wp:featuredmedia":[{"embeddable":true,"href":"https:\/\/www.dzwchafingdish.com\/fr\/wp-json\/wp\/v2\/media\/1896"}],"wp:attachment":[{"href":"https:\/\/www.dzwchafingdish.com\/fr\/wp-json\/wp\/v2\/media?parent=1933"}],"wp:term":[{"taxonomy":"product-categories","embeddable":true,"href":"https:\/\/www.dzwchafingdish.com\/fr\/wp-json\/wp\/v2\/product-categories?post=1933"},{"taxonomy":"product-tag","embeddable":true,"href":"https:\/\/www.dzwchafingdish.com\/fr\/wp-json\/wp\/v2\/product-tag?post=1933"}],"curies":[{"name":"wp","href":"https:\/\/api.w.org\/{rel}","templated":true}]}}