{"id":2165,"date":"2024-01-22T03:43:06","date_gmt":"2024-01-22T03:43:06","guid":{"rendered":"https:\/\/www.dzwchafingdish.com\/?post_type=product&#038;p=2165"},"modified":"2024-06-15T05:02:39","modified_gmt":"2024-06-15T05:02:39","slug":"round-chafing-dish-2-pan-with-glass-lid-holder","status":"publish","type":"product","link":"https:\/\/www.dzwchafingdish.com\/fr\/product\/round-chafing-dish-2-pan-with-glass-lid-holder\/","title":{"rendered":"Chafing Dish rond personnalis\u00e9 2 po\u00eales avec couvercle en verre"},"content":{"rendered":"<p style=\"font-size:18px\">Ce plat \u00e0 chafing rond pour la restauration, dot\u00e9 d'un porte-couvercle en verre, est fabriqu\u00e9 en acier inoxydable, durable et pratique, et peut simplifier votre activit\u00e9 de restauration en libre-service.<\/p>\n\n\n\n<div class=\"wp-block-columns is-layout-flex wp-container-core-columns-is-layout-28f84493 wp-block-columns-is-layout-flex\">\n<div class=\"wp-block-column is-layout-flow wp-block-column-is-layout-flow\">\n<h2 class=\"wp-block-heading\" style=\"font-size:18px\"><strong>Plat \u00e0 r\u00f4tir rond Dimension<\/strong><\/h2>\n\n\n\n<figure class=\"wp-block-table\"><table><tbody><tr><td>ITEM NO.<\/td><td>TAILLE<\/td><td>LONGUEUR<\/td><td>LARGE<\/td><td>HAUTEUR<\/td><td>N.W \/SET<\/td><\/tr><tr><td>DZW-A5035<\/td><td>3.5 L<\/td><td>32,5 cm<\/td><td>23,5 cm<\/td><td>28 cm<\/td><td>1950 g<\/td><\/tr><tr><td>DZW-A5040<\/td><td>4.5 L<\/td><td>36 cm<\/td><td>25 cm<\/td><td>32 cm<\/td><td>2600 g<\/td><\/tr><tr><td>DZW-A5045<\/td><td>6.0 L<\/td><td>38,5 cm<\/td><td>25,5 cm<\/td><td>36,5 cm<\/td><td>3250 g<\/td><\/tr><tr><td>DZW-A5050<\/td><td>8.0 L<\/td><td>39,5 cm<\/td><td>26,5 cm<\/td><td>38,5 cm<\/td><td>3600 g<\/td><\/tr><\/tbody><\/table><\/figure>\n<\/div>\n\n\n\n<div class=\"wp-block-column is-layout-flow wp-block-column-is-layout-flow\">\n<figure class=\"wp-block-image aligncenter size-full is-resized\"><img fetchpriority=\"high\" decoding=\"async\" width=\"947\" height=\"866\" src=\"https:\/\/www.dzwchafingdish.com\/wp-content\/uploads\/2024\/01\/Round-chafing-dish-wholesale-1.webp\" alt=\"Plat rond pour chafing dish wholesale\" class=\"wp-image-2170\" style=\"width:386px;height:auto\" srcset=\"https:\/\/www.dzwchafingdish.com\/wp-content\/uploads\/2024\/01\/Round-chafing-dish-wholesale-1.webp 947w, https:\/\/www.dzwchafingdish.com\/wp-content\/uploads\/2024\/01\/Round-chafing-dish-wholesale-1-300x274.webp 300w, https:\/\/www.dzwchafingdish.com\/wp-content\/uploads\/2024\/01\/Round-chafing-dish-wholesale-1-768x702.webp 768w\" sizes=\"(max-width: 947px) 100vw, 947px\" \/><\/figure>\n<\/div>\n<\/div>\n\n\n\n<div class=\"wp-block-columns is-layout-flex wp-container-core-columns-is-layout-28f84493 wp-block-columns-is-layout-flex\">\n<div class=\"wp-block-column is-layout-flow wp-block-column-is-layout-flow\">\n<figure class=\"wp-block-image size-full\"><img decoding=\"async\" width=\"1199\" height=\"1225\" src=\"https:\/\/www.dzwchafingdish.com\/wp-content\/uploads\/2024\/01\/round-chafing-dish-supplier-1.webp\" alt=\"fournisseur de chafing dish ronds\" class=\"wp-image-2169\" srcset=\"https:\/\/www.dzwchafingdish.com\/wp-content\/uploads\/2024\/01\/round-chafing-dish-supplier-1.webp 1199w, https:\/\/www.dzwchafingdish.com\/wp-content\/uploads\/2024\/01\/round-chafing-dish-supplier-1-294x300.webp 294w, https:\/\/www.dzwchafingdish.com\/wp-content\/uploads\/2024\/01\/round-chafing-dish-supplier-1-768x785.webp 768w\" sizes=\"(max-width: 1199px) 100vw, 1199px\" \/><\/figure>\n<\/div>\n\n\n\n<div class=\"wp-block-column is-layout-flow wp-block-column-is-layout-flow\">\n<p style=\"font-size:18px\"><strong>Premium Round Chafing Dish Features<\/strong>:<\/p>\n\n\n\n<p style=\"font-size:18px\">Acier inoxydable Durabilit\u00e9 :<br>Fabriqu\u00e9 en acier inoxydable de haute qualit\u00e9, la durabilit\u00e9 et les agents de conservation sont garantis. La conception du fil de support en acier inoxydable et la facilit\u00e9 de transport en font un choix id\u00e9al pour une utilisation r\u00e9p\u00e9t\u00e9e dans un cadre professionnel.<\/p>\n\n\n\n<p style=\"font-size:18px\">Couvercle en verre avec trou d'a\u00e9ration<br>Tous les aliments gastronomiques peuvent \u00eatre vus \u00e0 travers la vitre et avec une vision claire. Le trou d'a\u00e9ration permet d'\u00e9viter l'accumulation d'humidit\u00e9 et de garantir la qualit\u00e9 des nouveaux aliments.<\/p>\n\n\n\n<p style=\"font-size:18px\">Porte-couvercle en acier inoxydable<br>Sp\u00e9cialement con\u00e7u pour accueillir les couvercles en verre, le support int\u00e9gr\u00e9 permet de ranger les couvercles en verre de mani\u00e8re s\u00fbre et pratique. Cette fonction ajoute un niveau d'organisation et d'efficacit\u00e9 \u00e0 votre service de restauration, en permettant un acc\u00e8s transparent aux couvercles.<\/p>\n<\/div>\n<\/div>","protected":false},"excerpt":{"rendered":"<p>Ce plat \u00e0 r\u00f4tir rond pour la restauration, dot\u00e9 d'un porte-couvercle en verre, est fabriqu\u00e9 en acier inoxydable, durable et pratique, et peut simplifier votre activit\u00e9 de restauration en libre-service. Dimensions du chafing dish rond ITEM NO. TAILLE LONGUEUR LARGE HAUTEUR N.B. \/SET DZW-A5035 3.5 L 32.5 cm 23.5 cm 28 cm 1950 g DZW-A5040 4.5 L 36 cm [...]<\/p>","protected":false},"author":1,"featured_media":2170,"parent":0,"menu_order":0,"template":"","format":"standard","meta":{"_acf_changed":false,"site-sidebar-layout":"default","site-content-layout":"","ast-site-content-layout":"default","site-content-style":"default","site-sidebar-style":"default","ast-global-header-display":"","ast-banner-title-visibility":"","ast-main-header-display":"","ast-hfb-above-header-display":"","ast-hfb-below-header-display":"","ast-hfb-mobile-header-display":"","site-post-title":"","ast-breadcrumbs-content":"","ast-featured-img":"","footer-sml-layout":"","theme-transparent-header-meta":"","adv-header-id-meta":"","stick-header-meta":"","header-above-stick-meta":"","header-main-stick-meta":"","header-below-stick-meta":"","astra-migrate-meta-layouts":"default","ast-page-background-enabled":"default","ast-page-background-meta":{"desktop":{"background-color":"var(--ast-global-color-4)","background-image":"","background-repeat":"repeat","background-position":"center center","background-size":"auto","background-attachment":"scroll","background-type":"","background-media":"","overlay-type":"","overlay-color":"","overlay-opacity":"","overlay-gradient":""},"tablet":{"background-color":"","background-image":"","background-repeat":"repeat","background-position":"center center","background-size":"auto","background-attachment":"scroll","background-type":"","background-media":"","overlay-type":"","overlay-color":"","overlay-opacity":"","overlay-gradient":""},"mobile":{"background-color":"","background-image":"","background-repeat":"repeat","background-position":"center center","background-size":"auto","background-attachment":"scroll","background-type":"","background-media":"","overlay-type":"","overlay-color":"","overlay-opacity":"","overlay-gradient":""}},"ast-content-background-meta":{"desktop":{"background-color":"var(--ast-global-color-5)","background-image":"","background-repeat":"repeat","background-position":"center center","background-size":"auto","background-attachment":"scroll","background-type":"","background-media":"","overlay-type":"","overlay-color":"","overlay-opacity":"","overlay-gradient":""},"tablet":{"background-color":"var(--ast-global-color-5)","background-image":"","background-repeat":"repeat","background-position":"center center","background-size":"auto","background-attachment":"scroll","background-type":"","background-media":"","overlay-type":"","overlay-color":"","overlay-opacity":"","overlay-gradient":""},"mobile":{"background-color":"var(--ast-global-color-5)","background-image":"","background-repeat":"repeat","background-position":"center center","background-size":"auto","background-attachment":"scroll","background-type":"","background-media":"","overlay-type":"","overlay-color":"","overlay-opacity":"","overlay-gradient":""}},"footnotes":""},"product-categories":[63],"product-tag":[97,90,91],"class_list":["post-2165","product","type-product","status-publish","format-standard","has-post-thumbnail","hentry","product-categories-chafing-dish","product-tag-chafing-dish-with-hanging-lid","product-tag-fuel-chafing-dish","product-tag-round-chafing-dish"],"acf":{"title":"Plat \u00e0 r\u00f4tir rond 2 po\u00eales avec couvercle en verre","title_source":{"label":"Title","type":"text","formatted_value":"Round Chafing Dish 2 Pan with Glass Lid Holder"},"short_description":"Our wholesale round chafing dish with glass lid allow a clear view of the food inside. The lid holder makes it easy to place the lid, which is more hygienic and saves space. Elevate your catering service with this round chafing dish.","short_description_source":{"label":"Short description","type":"textarea","formatted_value":"Our wholesale round chafing dish with glass lid allow a clear view of the food inside. The lid holder makes it easy to place the lid, which is more hygienic and saves space. Elevate your catering service with this round chafing dish."},"parameters":"<table border=\"0\" width=\"423\" cellspacing=\"0\" cellpadding=\"0\">\r\n<tbody>\r\n<tr>\r\n<td width=\"166\" height=\"23\">Manufacturer<\/td>\r\n<td width=\"257\">DONGZHAOWEI<\/td>\r\n<\/tr>\r\n<tr>\r\n<td height=\"23\">Material<\/td>\r\n<td>Stainless Steel 201 and Glass<\/td>\r\n<\/tr>\r\n<tr>\r\n<td height=\"23\">Capacity<\/td>\r\n<td>3.5 L\uff1b4.5 L\uff1b6.0 L\uff1b8.0 L<\/td>\r\n<\/tr>\r\n<tr>\r\n<td height=\"24\">Color<\/td>\r\n<td>Silver<\/td>\r\n<\/tr>\r\n<tr>\r\n<td height=\"24\">Design<\/td>\r\n<td>Round Shape<\/td>\r\n<\/tr>\r\n<tr>\r\n<td height=\"24\">Lid Type<\/td>\r\n<td>Glass Removable Lid<\/td>\r\n<\/tr>\r\n<tr>\r\n<td height=\"24\">Heat<\/td>\r\n<td>Fuel<\/td>\r\n<\/tr>\r\n<tr>\r\n<td height=\"24\">Custom<\/td>\r\n<td>Color\/Logo\/Package<\/td>\r\n<\/tr>\r\n<tr>\r\n<td height=\"23\">MOQ<\/td>\r\n<td>200 sets<\/td>\r\n<\/tr>\r\n<\/tbody>\r\n<\/table>","parameters_source":{"label":"Parameters","type":"wysiwyg","formatted_value":"<table border=\"0\" width=\"423\" cellspacing=\"0\" cellpadding=\"0\">\n<tbody>\n<tr>\n<td width=\"166\" height=\"23\">Manufacturer<\/td>\n<td width=\"257\">DONGZHAOWEI<\/td>\n<\/tr>\n<tr>\n<td height=\"23\">Material<\/td>\n<td>Stainless Steel 201 and Glass<\/td>\n<\/tr>\n<tr>\n<td height=\"23\">Capacity<\/td>\n<td>3.5 L\uff1b4.5 L\uff1b6.0 L\uff1b8.0 L<\/td>\n<\/tr>\n<tr>\n<td height=\"24\">Color<\/td>\n<td>Silver<\/td>\n<\/tr>\n<tr>\n<td height=\"24\">Design<\/td>\n<td>Round Shape<\/td>\n<\/tr>\n<tr>\n<td height=\"24\">Lid Type<\/td>\n<td>Glass Removable Lid<\/td>\n<\/tr>\n<tr>\n<td height=\"24\">Heat<\/td>\n<td>Fuel<\/td>\n<\/tr>\n<tr>\n<td height=\"24\">Custom<\/td>\n<td>Color\/Logo\/Package<\/td>\n<\/tr>\n<tr>\n<td height=\"23\">MOQ<\/td>\n<td>200 sets<\/td>\n<\/tr>\n<\/tbody>\n<\/table>\n"},"photo_gallery":{"product_gallery":[[{"id":2170,"title":"Round chafing dish wholesale","caption":"Round chafing dish wholesale","full_image_url":"https:\/\/www.dzwchafingdish.com\/wp-content\/uploads\/2024\/01\/Round-chafing-dish-wholesale-1.webp","thumbnail_image_url":"https:\/\/www.dzwchafingdish.com\/wp-content\/uploads\/2024\/01\/Round-chafing-dish-wholesale-1-150x150.webp","large_srcset":"https:\/\/www.dzwchafingdish.com\/wp-content\/uploads\/2024\/01\/Round-chafing-dish-wholesale-1.webp 947w, https:\/\/www.dzwchafingdish.com\/wp-content\/uploads\/2024\/01\/Round-chafing-dish-wholesale-1-300x274.webp 300w, https:\/\/www.dzwchafingdish.com\/wp-content\/uploads\/2024\/01\/Round-chafing-dish-wholesale-1-768x702.webp 768w","medium_srcset":"https:\/\/www.dzwchafingdish.com\/wp-content\/uploads\/2024\/01\/Round-chafing-dish-wholesale-1-300x274.webp 300w, https:\/\/www.dzwchafingdish.com\/wp-content\/uploads\/2024\/01\/Round-chafing-dish-wholesale-1-768x702.webp 768w, https:\/\/www.dzwchafingdish.com\/wp-content\/uploads\/2024\/01\/Round-chafing-dish-wholesale-1.webp 947w","media_details":{"width":947,"height":866,"sizes":{"medium":{"file":"Round-chafing-dish-wholesale-1-300x274.webp","width":300,"height":274,"mime-type":"image\/webp","filesize":9140,"source_url":"https:\/\/www.dzwchafingdish.com\/wp-content\/uploads\/2024\/01\/Round-chafing-dish-wholesale-1-300x274.webp"},"thumbnail":{"file":"Round-chafing-dish-wholesale-1-150x150.webp","width":150,"height":150,"mime-type":"image\/webp","filesize":3508,"source_url":"https:\/\/www.dzwchafingdish.com\/wp-content\/uploads\/2024\/01\/Round-chafing-dish-wholesale-1-150x150.webp"},"medium_large":{"file":"Round-chafing-dish-wholesale-1-768x702.webp","width":768,"height":702,"mime-type":"image\/webp","filesize":37412,"source_url":"https:\/\/www.dzwchafingdish.com\/wp-content\/uploads\/2024\/01\/Round-chafing-dish-wholesale-1-768x702.webp"}}},"alt_text":"Round chafing dish wholesale","url":"","target":""},{"id":2171,"title":"stainless steel chafing dish wholesale","caption":"stainless steel chafing dish wholesale","full_image_url":"https:\/\/www.dzwchafingdish.com\/wp-content\/uploads\/2024\/01\/stainless-steel-chafing-dish-wholesale.webp","thumbnail_image_url":"https:\/\/www.dzwchafingdish.com\/wp-content\/uploads\/2024\/01\/stainless-steel-chafing-dish-wholesale-150x150.webp","large_srcset":"https:\/\/www.dzwchafingdish.com\/wp-content\/uploads\/2024\/01\/stainless-steel-chafing-dish-wholesale.webp 1082w, https:\/\/www.dzwchafingdish.com\/wp-content\/uploads\/2024\/01\/stainless-steel-chafing-dish-wholesale-296x300.webp 296w, https:\/\/www.dzwchafingdish.com\/wp-content\/uploads\/2024\/01\/stainless-steel-chafing-dish-wholesale-768x779.webp 768w","medium_srcset":"https:\/\/www.dzwchafingdish.com\/wp-content\/uploads\/2024\/01\/stainless-steel-chafing-dish-wholesale-296x300.webp 296w, https:\/\/www.dzwchafingdish.com\/wp-content\/uploads\/2024\/01\/stainless-steel-chafing-dish-wholesale-768x779.webp 768w, https:\/\/www.dzwchafingdish.com\/wp-content\/uploads\/2024\/01\/stainless-steel-chafing-dish-wholesale.webp 1082w","media_details":{"width":1082,"height":1097,"sizes":{"medium":{"file":"stainless-steel-chafing-dish-wholesale-296x300.webp","width":296,"height":300,"mime-type":"image\/webp","filesize":19736,"source_url":"https:\/\/www.dzwchafingdish.com\/wp-content\/uploads\/2024\/01\/stainless-steel-chafing-dish-wholesale-296x300.webp"},"thumbnail":{"file":"stainless-steel-chafing-dish-wholesale-150x150.webp","width":150,"height":150,"mime-type":"image\/webp","filesize":6702,"source_url":"https:\/\/www.dzwchafingdish.com\/wp-content\/uploads\/2024\/01\/stainless-steel-chafing-dish-wholesale-150x150.webp"},"medium_large":{"file":"stainless-steel-chafing-dish-wholesale-768x779.webp","width":768,"height":779,"mime-type":"image\/webp","filesize":78756,"source_url":"https:\/\/www.dzwchafingdish.com\/wp-content\/uploads\/2024\/01\/stainless-steel-chafing-dish-wholesale-768x779.webp"}}},"alt_text":"stainless steel chafing dish wholesale","url":"","target":""},{"id":2169,"title":"round chafing dish supplier","caption":"round chafing dish supplier","full_image_url":"https:\/\/www.dzwchafingdish.com\/wp-content\/uploads\/2024\/01\/round-chafing-dish-supplier-1.webp","thumbnail_image_url":"https:\/\/www.dzwchafingdish.com\/wp-content\/uploads\/2024\/01\/round-chafing-dish-supplier-1-150x150.webp","large_srcset":"https:\/\/www.dzwchafingdish.com\/wp-content\/uploads\/2024\/01\/round-chafing-dish-supplier-1.webp 1199w, https:\/\/www.dzwchafingdish.com\/wp-content\/uploads\/2024\/01\/round-chafing-dish-supplier-1-294x300.webp 294w, https:\/\/www.dzwchafingdish.com\/wp-content\/uploads\/2024\/01\/round-chafing-dish-supplier-1-768x785.webp 768w","medium_srcset":"https:\/\/www.dzwchafingdish.com\/wp-content\/uploads\/2024\/01\/round-chafing-dish-supplier-1-294x300.webp 294w, https:\/\/www.dzwchafingdish.com\/wp-content\/uploads\/2024\/01\/round-chafing-dish-supplier-1-768x785.webp 768w, https:\/\/www.dzwchafingdish.com\/wp-content\/uploads\/2024\/01\/round-chafing-dish-supplier-1.webp 1199w","media_details":{"width":1199,"height":1225,"sizes":{"medium":{"file":"round-chafing-dish-supplier-1-294x300.webp","width":294,"height":300,"mime-type":"image\/webp","filesize":28778,"source_url":"https:\/\/www.dzwchafingdish.com\/wp-content\/uploads\/2024\/01\/round-chafing-dish-supplier-1-294x300.webp"},"thumbnail":{"file":"round-chafing-dish-supplier-1-150x150.webp","width":150,"height":150,"mime-type":"image\/webp","filesize":8862,"source_url":"https:\/\/www.dzwchafingdish.com\/wp-content\/uploads\/2024\/01\/round-chafing-dish-supplier-1-150x150.webp"},"medium_large":{"file":"round-chafing-dish-supplier-1-768x785.webp","width":768,"height":785,"mime-type":"image\/webp","filesize":152322,"source_url":"https:\/\/www.dzwchafingdish.com\/wp-content\/uploads\/2024\/01\/round-chafing-dish-supplier-1-768x785.webp"}}},"alt_text":"round chafing dish supplier","url":"","target":""},{"id":2166,"title":"chafing dish 2 pan wholesale","caption":"chafing dish 2 pan wholesale","full_image_url":"https:\/\/www.dzwchafingdish.com\/wp-content\/uploads\/2024\/01\/chafing-dish-2-pan-wholesale.webp","thumbnail_image_url":"https:\/\/www.dzwchafingdish.com\/wp-content\/uploads\/2024\/01\/chafing-dish-2-pan-wholesale-150x150.webp","large_srcset":"https:\/\/www.dzwchafingdish.com\/wp-content\/uploads\/2024\/01\/chafing-dish-2-pan-wholesale.webp 1050w, https:\/\/www.dzwchafingdish.com\/wp-content\/uploads\/2024\/01\/chafing-dish-2-pan-wholesale-280x300.webp 280w, https:\/\/www.dzwchafingdish.com\/wp-content\/uploads\/2024\/01\/chafing-dish-2-pan-wholesale-768x824.webp 768w","medium_srcset":"https:\/\/www.dzwchafingdish.com\/wp-content\/uploads\/2024\/01\/chafing-dish-2-pan-wholesale-280x300.webp 280w, https:\/\/www.dzwchafingdish.com\/wp-content\/uploads\/2024\/01\/chafing-dish-2-pan-wholesale-768x824.webp 768w, https:\/\/www.dzwchafingdish.com\/wp-content\/uploads\/2024\/01\/chafing-dish-2-pan-wholesale.webp 1050w","media_details":{"width":1050,"height":1127,"sizes":{"medium":{"file":"chafing-dish-2-pan-wholesale-280x300.webp","width":280,"height":300,"mime-type":"image\/webp","filesize":19454,"source_url":"https:\/\/www.dzwchafingdish.com\/wp-content\/uploads\/2024\/01\/chafing-dish-2-pan-wholesale-280x300.webp"},"thumbnail":{"file":"chafing-dish-2-pan-wholesale-150x150.webp","width":150,"height":150,"mime-type":"image\/webp","filesize":7140,"source_url":"https:\/\/www.dzwchafingdish.com\/wp-content\/uploads\/2024\/01\/chafing-dish-2-pan-wholesale-150x150.webp"},"medium_large":{"file":"chafing-dish-2-pan-wholesale-768x824.webp","width":768,"height":824,"mime-type":"image\/webp","filesize":83736,"source_url":"https:\/\/www.dzwchafingdish.com\/wp-content\/uploads\/2024\/01\/chafing-dish-2-pan-wholesale-768x824.webp"}}},"alt_text":"chafing dish 2 pan wholesale","url":"","target":""},{"id":2167,"title":"chafing dish with glass lid wholesale","caption":"chafing dish with glass lid wholesale","full_image_url":"https:\/\/www.dzwchafingdish.com\/wp-content\/uploads\/2024\/01\/chafing-dish-with-glass-lid-wholesale-1.webp","thumbnail_image_url":"https:\/\/www.dzwchafingdish.com\/wp-content\/uploads\/2024\/01\/chafing-dish-with-glass-lid-wholesale-1-150x150.webp","large_srcset":"https:\/\/www.dzwchafingdish.com\/wp-content\/uploads\/2024\/01\/chafing-dish-with-glass-lid-wholesale-1.webp 1087w, https:\/\/www.dzwchafingdish.com\/wp-content\/uploads\/2024\/01\/chafing-dish-with-glass-lid-wholesale-1-291x300.webp 291w, https:\/\/www.dzwchafingdish.com\/wp-content\/uploads\/2024\/01\/chafing-dish-with-glass-lid-wholesale-1-768x793.webp 768w","medium_srcset":"https:\/\/www.dzwchafingdish.com\/wp-content\/uploads\/2024\/01\/chafing-dish-with-glass-lid-wholesale-1-291x300.webp 291w, https:\/\/www.dzwchafingdish.com\/wp-content\/uploads\/2024\/01\/chafing-dish-with-glass-lid-wholesale-1-768x793.webp 768w, https:\/\/www.dzwchafingdish.com\/wp-content\/uploads\/2024\/01\/chafing-dish-with-glass-lid-wholesale-1.webp 1087w","media_details":{"width":1087,"height":1122,"sizes":{"medium":{"file":"chafing-dish-with-glass-lid-wholesale-1-291x300.webp","width":291,"height":300,"mime-type":"image\/webp","filesize":18038,"source_url":"https:\/\/www.dzwchafingdish.com\/wp-content\/uploads\/2024\/01\/chafing-dish-with-glass-lid-wholesale-1-291x300.webp"},"thumbnail":{"file":"chafing-dish-with-glass-lid-wholesale-1-150x150.webp","width":150,"height":150,"mime-type":"image\/webp","filesize":6460,"source_url":"https:\/\/www.dzwchafingdish.com\/wp-content\/uploads\/2024\/01\/chafing-dish-with-glass-lid-wholesale-1-150x150.webp"},"medium_large":{"file":"chafing-dish-with-glass-lid-wholesale-1-768x793.webp","width":768,"height":793,"mime-type":"image\/webp","filesize":73522,"source_url":"https:\/\/www.dzwchafingdish.com\/wp-content\/uploads\/2024\/01\/chafing-dish-with-glass-lid-wholesale-1-768x793.webp"}}},"alt_text":"chafing dish with glass lid wholesale","url":"","target":""},{"id":2168,"title":"round chafer with glass lid in bluk","caption":"round chafer with glass lid in bulk","full_image_url":"https:\/\/www.dzwchafingdish.com\/wp-content\/uploads\/2024\/01\/round-chafer-with-glass-lid-in-bluk.webp","thumbnail_image_url":"https:\/\/www.dzwchafingdish.com\/wp-content\/uploads\/2024\/01\/round-chafer-with-glass-lid-in-bluk-150x150.webp","large_srcset":"https:\/\/www.dzwchafingdish.com\/wp-content\/uploads\/2024\/01\/round-chafer-with-glass-lid-in-bluk.webp 1120w, https:\/\/www.dzwchafingdish.com\/wp-content\/uploads\/2024\/01\/round-chafer-with-glass-lid-in-bluk-300x300.webp 300w, https:\/\/www.dzwchafingdish.com\/wp-content\/uploads\/2024\/01\/round-chafer-with-glass-lid-in-bluk-150x150.webp 150w, https:\/\/www.dzwchafingdish.com\/wp-content\/uploads\/2024\/01\/round-chafer-with-glass-lid-in-bluk-768x767.webp 768w","medium_srcset":"https:\/\/www.dzwchafingdish.com\/wp-content\/uploads\/2024\/01\/round-chafer-with-glass-lid-in-bluk-300x300.webp 300w, https:\/\/www.dzwchafingdish.com\/wp-content\/uploads\/2024\/01\/round-chafer-with-glass-lid-in-bluk-150x150.webp 150w, https:\/\/www.dzwchafingdish.com\/wp-content\/uploads\/2024\/01\/round-chafer-with-glass-lid-in-bluk-768x767.webp 768w, https:\/\/www.dzwchafingdish.com\/wp-content\/uploads\/2024\/01\/round-chafer-with-glass-lid-in-bluk.webp 1120w","media_details":{"width":1120,"height":1119,"sizes":{"medium":{"file":"round-chafer-with-glass-lid-in-bluk-300x300.webp","width":300,"height":300,"mime-type":"image\/webp","filesize":19904,"source_url":"https:\/\/www.dzwchafingdish.com\/wp-content\/uploads\/2024\/01\/round-chafer-with-glass-lid-in-bluk-300x300.webp"},"thumbnail":{"file":"round-chafer-with-glass-lid-in-bluk-150x150.webp","width":150,"height":150,"mime-type":"image\/webp","filesize":7012,"source_url":"https:\/\/www.dzwchafingdish.com\/wp-content\/uploads\/2024\/01\/round-chafer-with-glass-lid-in-bluk-150x150.webp"},"medium_large":{"file":"round-chafer-with-glass-lid-in-bluk-768x767.webp","width":768,"height":767,"mime-type":"image\/webp","filesize":70734,"source_url":"https:\/\/www.dzwchafingdish.com\/wp-content\/uploads\/2024\/01\/round-chafer-with-glass-lid-in-bluk-768x767.webp"}}},"alt_text":"round chafer with glass lid in bulk","url":"","target":""}]]}},"_links":{"self":[{"href":"https:\/\/www.dzwchafingdish.com\/fr\/wp-json\/wp\/v2\/product\/2165","targetHints":{"allow":["GET"]}}],"collection":[{"href":"https:\/\/www.dzwchafingdish.com\/fr\/wp-json\/wp\/v2\/product"}],"about":[{"href":"https:\/\/www.dzwchafingdish.com\/fr\/wp-json\/wp\/v2\/types\/product"}],"author":[{"embeddable":true,"href":"https:\/\/www.dzwchafingdish.com\/fr\/wp-json\/wp\/v2\/users\/1"}],"version-history":[{"count":0,"href":"https:\/\/www.dzwchafingdish.com\/fr\/wp-json\/wp\/v2\/product\/2165\/revisions"}],"wp:featuredmedia":[{"embeddable":true,"href":"https:\/\/www.dzwchafingdish.com\/fr\/wp-json\/wp\/v2\/media\/2170"}],"wp:attachment":[{"href":"https:\/\/www.dzwchafingdish.com\/fr\/wp-json\/wp\/v2\/media?parent=2165"}],"wp:term":[{"taxonomy":"product-categories","embeddable":true,"href":"https:\/\/www.dzwchafingdish.com\/fr\/wp-json\/wp\/v2\/product-categories?post=2165"},{"taxonomy":"product-tag","embeddable":true,"href":"https:\/\/www.dzwchafingdish.com\/fr\/wp-json\/wp\/v2\/product-tag?post=2165"}],"curies":[{"name":"wp","href":"https:\/\/api.w.org\/{rel}","templated":true}]}}